{"id":7596,"date":"2026-04-01T15:53:31","date_gmt":"2026-04-01T20:53:31","guid":{"rendered":"https:\/\/bakemark.com\/?page_id=7596"},"modified":"2026-04-01T16:23:03","modified_gmt":"2026-04-01T21:23:03","slug":"recettes-fraiches-et-inspiration-pour-chaque-saison-2-2-2-2","status":"publish","type":"page","link":"https:\/\/bakemark.com\/fr\/recettes-fraiches-et-inspiration-pour-chaque-saison-2-2-2-2\/","title":{"rendered":"Des journ\u00e9es d\u00e9licieuses en attendant le printemps 2026"},"content":{"rendered":"<div class=\"wpb-content-wrapper\">[vc_section css=\u00a0\u00bb.vc_custom_1722446760808{margin-bottom: 60px !important;}\u00a0\u00bb][vc_row full_width=\u00a0\u00bbstretch_row\u00a0\u00bb content_placement=\u00a0\u00bbbottom\u00a0\u00bb remove_bottom_col_margin=\u00a0\u00bbtrue\u00a0\u00bb typography_style=\u00a0\u00bbwhite\u00a0\u00bb css=\u00a0\u00bb.vc_custom_1721321913296{padding-top: 35px !important;padding-bottom: 20px !important;background-color: #982126 !important;}\u00a0\u00bb el_class=\u00a0\u00bbbanner-headline\u00a0\u00bb][vc_column width=\u00a0\u00bb1\/2&Prime; offset=\u00a0\u00bbvc_col-lg-5&Prime;][vc_column_text css=\u00a0\u00bb\u00a0\u00bb]\n<h1>Transformer les moments de printemps en succ\u00e8s sucr\u00e9s<\/h1>\n[\/vc_column_text][vc_column_text css=\u00a0\u00bb\u00a0\u00bb]\n<h3>Printemps 2026<\/h3>\n[\/vc_column_text][\/vc_column][\/vc_row][vc_row remove_bottom_col_margin=\u00a0\u00bbtrue\u00a0\u00bb css=\u00a0\u00bb.vc_custom_1721319595505{margin-top: 20px !important;}\u00a0\u00bb][vc_column width=\u00a0\u00bb1\/2&Prime;][vc_column_text css=\u00a0\u00bb\u00a0\u00bb el_class=\u00a0\u00bbbanner-subtext\u00a0\u00bb]Les mois d&rsquo;avril, de mai et de juin offrent de nouvelles occasions de ravir les consommateurs. Qu&rsquo;il s&rsquo;agisse de favoris inspir\u00e9s du printemps, de c\u00e9l\u00e9brations de la f\u00eate des m\u00e8res ou de g\u00e2teries intemporelles comme la Journ\u00e9e nationale des beignets, BakeMark a les produits, l&rsquo;inspiration et les solutions pour vous aider \u00e0 transformer chaque p\u00e2tisserie en un moment m\u00e9morable.[\/vc_column_text]<div class=\"vcex-spacing wpex-w-100 wpex-clear hidden-phone\" style=\"height:15px;\"><\/div><a href=\"https:\/\/bakemark.com\/wp-content\/uploads\/2026\/04\/Q2Brochure.pdf\" class=\"vcex-button theme-button inline\" target=\"_blank\" rel=\"noopener noreferrer\"><span class=\"vcex-button-inner theme-button-inner wpex-flex wpex-flex-wrap wpex-items-center wpex-justify-center\">T\u00e9l\u00e9chargez le guide des vacances aux \u00c9tats-Unis<\/span><\/a> <div class=\"vcex-spacing wpex-w-100 wpex-clear hidden-phone\" style=\"height:5px;\"><\/div><a href=\"https:\/\/bakemark.com\/wp-content\/uploads\/2026\/04\/Q2Brochure2026_BIL_V8_HiRes_No-Bleed.pdf\" class=\"vcex-button theme-button inline\" target=\"_blank\" rel=\"noopener noreferrer\"><span class=\"vcex-button-inner theme-button-inner wpex-flex wpex-flex-wrap wpex-items-center wpex-justify-center\">T\u00e9l\u00e9chargez le Guide des vacances au Canada<\/span><\/a> [\/vc_column][\/vc_row][vc_row full_width=\u00a0\u00bbstretch_row_content_no_spaces\u00a0\u00bb remove_bottom_col_margin=\u00a0\u00bbtrue\u00a0\u00bb el_class=\u00a0\u00bbbanner-image\u00a0\u00bb][vc_column width=\u00a0\u00bb1\/2&Prime; offset=\u00a0\u00bbvc_col-sm-offset-6&Prime;]<div class=\"vcex-spacing wpex-w-100 wpex-clear visible-phone\" style=\"height:30px;\"><\/div><figure class=\"vcex-image vcex-module\"><div class=\"vcex-image-inner wpex-relative wpex-inline-block\"><img width=\"5311\" height=\"7962\" src=\"https:\/\/bakemark.com\/wp-content\/uploads\/2026\/03\/LifestyleSpringCupcakes_BrochureCover21-e1773851466625.jpg\" class=\"vcex-image-img wpex-align-middle\" alt=\"\" loading=\"lazy\" decoding=\"async\" \/><\/div><\/figure>[\/vc_column][\/vc_row][\/vc_section][vc_section el_class=\u00a0\u00bboverlapping-columns\u00a0\u00bb css=\u00a0\u00bb.vc_custom_1722450880955{margin-bottom: 40px !important;}\u00a0\u00bb][vc_row remove_bottom_col_margin=\u00a0\u00bbtrue\u00a0\u00bb el_class=\u00a0\u00bbimage-row\u00a0\u00bb][vc_column width=\u00a0\u00bb1\/2&Prime;]<figure class=\"vcex-image vcex-module\"><div class=\"vcex-image-inner wpex-relative wpex-w-100\"><img width=\"7951\" height=\"5304\" src=\"https:\/\/bakemark.com\/wp-content\/uploads\/2026\/04\/LifestyleSpringCupcake_Topping34-1.jpg\" class=\"vcex-image-img wpex-align-middle wpex-w-100\" alt=\"\" loading=\"lazy\" decoding=\"async\" srcset=\"https:\/\/bakemark.com\/wp-content\/uploads\/2026\/04\/LifestyleSpringCupcake_Topping34-1.jpg 7951w, https:\/\/bakemark.com\/wp-content\/uploads\/2026\/04\/LifestyleSpringCupcake_Topping34-1-300x200.jpg 300w, https:\/\/bakemark.com\/wp-content\/uploads\/2026\/04\/LifestyleSpringCupcake_Topping34-1-1024x683.jpg 1024w, https:\/\/bakemark.com\/wp-content\/uploads\/2026\/04\/LifestyleSpringCupcake_Topping34-1-768x512.jpg 768w, https:\/\/bakemark.com\/wp-content\/uploads\/2026\/04\/LifestyleSpringCupcake_Topping34-1-1536x1025.jpg 1536w, https:\/\/bakemark.com\/wp-content\/uploads\/2026\/04\/LifestyleSpringCupcake_Topping34-1-2048x1366.jpg 2048w\" sizes=\"auto, (max-width: 7951px) 100vw, 7951px\" \/><\/div><\/figure>[\/vc_column][\/vc_row][vc_row full_width=\u00a0\u00bbstretch_row\u00a0\u00bb remove_bottom_col_margin=\u00a0\u00bbtrue\u00a0\u00bb el_class=\u00a0\u00bbcontent-row\u00a0\u00bb][vc_column width=\u00a0\u00bb2\/3&Prime; offset=\u00a0\u00bbvc_col-sm-offset-4&Prime; css=\u00a0\u00bb.vc_custom_1767139734478{padding-top: 25px !important;padding-bottom: 25px !important;background-color: #f5f0e4 !important;background-position: 0 0 !important;background-repeat: repeat-x !important;}\u00a0\u00bb wpex_bg_position=\u00a0\u00bbleft bottom\u00a0\u00bb wpex_bg_size=\u00a0\u00bbauto 50px\u00a0\u00bb]<div class=\"vcex-spacing wpex-w-100 wpex-clear hidden-phone\" style=\"height:20px;\"><\/div>[vc_column_text css=\u00a0\u00bb.vc_custom_1775066051768{margin-bottom: 20px !important;}\u00a0\u00bb color=\u00a0\u00bbpalette-86&Prime; bottom_margin=\u00a0\u00bb10px\u00a0\u00bb]\n<h2>Avril &#8211; C\u00e9l\u00e9bration du printemps sucr\u00e9<\/h2>\n[\/vc_column_text][vc_column_text css=\u00a0\u00bb.vc_custom_1775066332719{margin-bottom: 15px !important;}\u00a0\u00bb bottom_margin=\u00a0\u00bb5px\u00a0\u00bb]<strong>1er avril <\/strong> Journ\u00e9e nationale du pain au levain[\/vc_column_text][vc_column_text css=\u00a0\u00bb.vc_custom_1775066413487{margin-bottom: 15px !important;}\u00a0\u00bb bottom_margin=\u00a0\u00bb5px\u00a0\u00bb color=\u00a0\u00bb#da207a\u00a0\u00bb]<strong>5 avril<\/strong> P\u00e2ques[\/vc_column_text][vc_column_text css=\u00a0\u00bb.vc_custom_1775066455071{margin-bottom: 15px !important;}\u00a0\u00bb bottom_margin=\u00a0\u00bb5px\u00a0\u00bb]<strong>7 avril<\/strong> Journ\u00e9e nationale du g\u00e2teau au caf\u00e9[\/vc_column_text][vc_column_text css=\u00a0\u00bb.vc_custom_1775066476521{margin-bottom: 15px !important;}\u00a0\u00bb bottom_margin=\u00a0\u00bb5px\u00a0\u00bb]<strong>28 avril<\/strong> Journ\u00e9e nationale de la tarte aux myrtilles[\/vc_column_text][vc_column_text css=\u00a0\u00bb.vc_custom_1775066494367{margin-bottom: 15px !important;}\u00a0\u00bb bottom_margin=\u00a0\u00bb5px\u00a0\u00bb]<strong>30 avril<\/strong> Journ\u00e9e nationale du biscuit \u00e0 l&rsquo;avoine[\/vc_column_text][\/vc_column][\/vc_row][\/vc_section][vc_section el_class=\u00a0\u00bboverlapping-columns\u00a0\u00bb css=\u00a0\u00bb.vc_custom_1760047234337{margin-bottom: 40px !important;}\u00a0\u00bb][vc_row remove_bottom_col_margin=\u00a0\u00bbtrue\u00a0\u00bb el_class=\u00a0\u00bbimage-row\u00a0\u00bb][vc_column width=\u00a0\u00bb1\/2&Prime; offset=\u00a0\u00bbvc_col-sm-offset-6&Prime;]<figure class=\"vcex-image vcex-module\"><div class=\"vcex-image-inner wpex-relative wpex-w-100\"><img width=\"7951\" height=\"5304\" src=\"https:\/\/bakemark.com\/wp-content\/uploads\/2026\/04\/CoconutCremeDonut_Open1.jpg\" class=\"vcex-image-img wpex-align-middle wpex-w-100\" alt=\"\" loading=\"lazy\" decoding=\"async\" srcset=\"https:\/\/bakemark.com\/wp-content\/uploads\/2026\/04\/CoconutCremeDonut_Open1.jpg 7951w, https:\/\/bakemark.com\/wp-content\/uploads\/2026\/04\/CoconutCremeDonut_Open1-300x200.jpg 300w, https:\/\/bakemark.com\/wp-content\/uploads\/2026\/04\/CoconutCremeDonut_Open1-1024x683.jpg 1024w, https:\/\/bakemark.com\/wp-content\/uploads\/2026\/04\/CoconutCremeDonut_Open1-768x512.jpg 768w, https:\/\/bakemark.com\/wp-content\/uploads\/2026\/04\/CoconutCremeDonut_Open1-1536x1025.jpg 1536w, https:\/\/bakemark.com\/wp-content\/uploads\/2026\/04\/CoconutCremeDonut_Open1-2048x1366.jpg 2048w\" sizes=\"auto, (max-width: 7951px) 100vw, 7951px\" \/><\/div><\/figure>[\/vc_column][\/vc_row][vc_row full_width=\u00a0\u00bbstretch_row\u00a0\u00bb remove_bottom_col_margin=\u00a0\u00bbtrue\u00a0\u00bb el_class=\u00a0\u00bbcontent-row\u00a0\u00bb][vc_column width=\u00a0\u00bb2\/3&Prime; css=\u00a0\u00bb.vc_custom_1767139785622{padding-top: 25px !important;padding-bottom: 25px !important;background-color: #f5f0e4 !important;background-position: 0 0 !important;background-repeat: repeat-x !important;}\u00a0\u00bb wpex_bg_position=\u00a0\u00bbleft bottom\u00a0\u00bb wpex_bg_size=\u00a0\u00bbauto 50px\u00a0\u00bb]<div class=\"vcex-spacing wpex-w-100 wpex-clear hidden-phone\" style=\"height:20px;\"><\/div>[vc_column_text css=\u00a0\u00bb.vc_custom_1775066575395{margin-bottom: 20px !important;}\u00a0\u00bb color=\u00a0\u00bbpalette-86&Prime; bottom_margin=\u00a0\u00bb10px\u00a0\u00bb]\n<h2>Mai &#8211; C\u00e9l\u00e9brer maman dans chaque bouch\u00e9e<\/h2>\n[\/vc_column_text][vc_column_text css=\u00a0\u00bb.vc_custom_1775066597359{margin-bottom: 15px !important;}\u00a0\u00bb bottom_margin=\u00a0\u00bb5px\u00a0\u00bb]<b>5 mai <\/b>Cinco de Mayo[\/vc_column_text][vc_column_text css=\u00a0\u00bb.vc_custom_1775066652179{margin-bottom: 15px !important;}\u00a0\u00bb bottom_margin=\u00a0\u00bb5px\u00a0\u00bb color=\u00a0\u00bb#da207a\u00a0\u00bb]<strong>8 mai<\/strong> Journ\u00e9e nationale de la tarte \u00e0 la cr\u00e8me de coco[\/vc_column_text][vc_column_text css=\u00a0\u00bb.vc_custom_1775066681883{margin-bottom: 15px !important;}\u00a0\u00bb bottom_margin=\u00a0\u00bb5px\u00a0\u00bb color=\u00a0\u00bb#da207a\u00a0\u00bb]<strong>10 mai<\/strong> F\u00eate des m\u00e8res[\/vc_column_text][vc_column_text css=\u00a0\u00bb.vc_custom_1775066706738{margin-bottom: 15px !important;}\u00a0\u00bb bottom_margin=\u00a0\u00bb5px\u00a0\u00bb]<strong>13 mai<\/strong> Journ\u00e9e nationale de la tarte aux pommes[\/vc_column_text][vc_column_text css=\u00a0\u00bb.vc_custom_1775066725159{margin-bottom: 15px !important;}\u00a0\u00bb bottom_margin=\u00a0\u00bb5px\u00a0\u00bb]<strong>19 mai<\/strong> Journ\u00e9e nationale du g\u00e2teau \u00e0 la farine du diable[\/vc_column_text]<div class=\"vcex-spacing wpex-w-100 wpex-clear hidden-phone\" style=\"height:20px;\"><\/div>[\/vc_column][\/vc_row][\/vc_section][vc_section el_class=\u00a0\u00bboverlapping-columns\u00a0\u00bb css=\u00a0\u00bb.vc_custom_1760047019229{margin-bottom: 40px !important;}\u00a0\u00bb][vc_row remove_bottom_col_margin=\u00a0\u00bbtrue\u00a0\u00bb el_class=\u00a0\u00bbimage-row\u00a0\u00bb][vc_column width=\u00a0\u00bb1\/2&Prime;]<figure class=\"vcex-image vcex-module\"><div class=\"vcex-image-inner wpex-relative wpex-w-100\"><img width=\"1536\" height=\"1024\" src=\"https:\/\/bakemark.com\/wp-content\/uploads\/2026\/04\/ChatGPT-Image-Apr-1-2026-02_21_32-PM.png\" class=\"vcex-image-img wpex-align-middle wpex-w-100\" alt=\"\" loading=\"lazy\" decoding=\"async\" srcset=\"https:\/\/bakemark.com\/wp-content\/uploads\/2026\/04\/ChatGPT-Image-Apr-1-2026-02_21_32-PM.png 1536w, https:\/\/bakemark.com\/wp-content\/uploads\/2026\/04\/ChatGPT-Image-Apr-1-2026-02_21_32-PM-300x200.png 300w, https:\/\/bakemark.com\/wp-content\/uploads\/2026\/04\/ChatGPT-Image-Apr-1-2026-02_21_32-PM-1024x683.png 1024w, https:\/\/bakemark.com\/wp-content\/uploads\/2026\/04\/ChatGPT-Image-Apr-1-2026-02_21_32-PM-768x512.png 768w\" sizes=\"auto, (max-width: 1536px) 100vw, 1536px\" \/><\/div><\/figure>[\/vc_column][\/vc_row][vc_row full_width=\u00a0\u00bbstretch_row\u00a0\u00bb remove_bottom_col_margin=\u00a0\u00bbtrue\u00a0\u00bb el_class=\u00a0\u00bbcontent-row\u00a0\u00bb][vc_column width=\u00a0\u00bb2\/3&Prime; offset=\u00a0\u00bbvc_col-sm-offset-4&Prime; css=\u00a0\u00bb.vc_custom_1767139972169{padding-top: 25px !important;padding-bottom: 25px !important;background-color: #f5f0e4 !important;background-position: 0 0 !important;background-repeat: repeat-x !important;}\u00a0\u00bb wpex_bg_position=\u00a0\u00bbleft bottom\u00a0\u00bb wpex_bg_size=\u00a0\u00bbauto 50px\u00a0\u00bb]<div class=\"vcex-spacing wpex-w-100 wpex-clear hidden-phone\" style=\"height:20px;\"><\/div>[vc_column_text css=\u00a0\u00bb.vc_custom_1775067498475{margin-bottom: 20px !important;}\u00a0\u00bb color=\u00a0\u00bbpalette-86&Prime; bottom_margin=\u00a0\u00bb10px\u00a0\u00bb]\n<h2>Juin &#8211; Un lot entier de friandises intemporelles<\/h2>\n[\/vc_column_text][vc_column_text css=\u00a0\u00bb.vc_custom_1775076731435{margin-bottom: 15px !important;}\u00a0\u00bb bottom_margin=\u00a0\u00bb5px\u00a0\u00bb color=\u00a0\u00bb#da207a\u00a0\u00bb]<strong>5 juin<\/strong> Journ\u00e9e nationale du beignet[\/vc_column_text][vc_column_text css=\u00a0\u00bb.vc_custom_1775076755839{margin-bottom: 15px !important;}\u00a0\u00bb bottom_margin=\u00a0\u00bb5px\u00a0\u00bb]<strong>12 juin<\/strong> Journ\u00e9e nationale du biscuit au beurre de cacahu\u00e8te[\/vc_column_text][vc_column_text css=\u00a0\u00bb.vc_custom_1775076781542{margin-bottom: 15px !important;}\u00a0\u00bb bottom_margin=\u00a0\u00bb5px\u00a0\u00bb]<strong>13 juin <\/strong> Journ\u00e9e nationale des amateurs de cupcakes[\/vc_column_text][vc_column_text css=\u00a0\u00bb.vc_custom_1775076795146{margin-bottom: 15px !important;}\u00a0\u00bb bottom_margin=\u00a0\u00bb5px\u00a0\u00bb color=\u00a0\u00bb#e23b3f\u00a0\u00bb]<strong>21 juin<\/strong> F\u00eate des p\u00e8res[\/vc_column_text][\/vc_column][\/vc_row][\/vc_section][vc_row][vc_column]<style>.vcex-heading.vcex_69e949c7730f1{color:#982126;}<\/style><div class=\"vcex-heading vcex-heading-plain vcex-module wpex-h3 wpex-text-center vcex_69e949c7730f1\"><span class=\"vcex-heading-inner wpex-inline-block\">Explorez les innovations de la nouvelle ann\u00e9e<\/span><\/div>[vc_column_text css=\u00a0\u00bb\u00a0\u00bb]\n<p style=\"text-align: center;\">D\u00e9couvrez des recettes aux saveurs fra\u00eeches, aux couleurs \u00e9clatantes et aux go\u00fbts \u00e9tonnants qui \u00e9gayent la saison \u00e0 chaque bouch\u00e9e.<\/p>\n[\/vc_column_text][\/vc_column][\/vc_row][vc_row][vc_column][vc_column_text css=\u00a0\u00bb\u00a0\u00bb]\n<p style=\"text-align: center;\">D\u00e9couvrez toutes les recettes qui peuvent aider votre boulangerie \u00e0 se d\u00e9velopper et \u00e0 prosp\u00e9rer !<\/p>\n[\/vc_column_text][\/vc_column][\/vc_row][vc_row][vc_column]<div class=\"theme-button-wrap textcenter wpex-clr\"><a href=\"https:\/\/bakemark.com\/recipes\/\" class=\"vcex-button theme-button align-center inline\"><span class=\"vcex-button-inner theme-button-inner wpex-flex wpex-flex-wrap wpex-items-center wpex-justify-center\">D\u00c9COUVRIR PLUS<\/span><\/a><\/div> [\/vc_column][\/vc_row][vc_row][vc_column][\/vc_column][\/vc_row][vc_row][vc_column]<div class=\"wpex-template-shortcode\"><style type=\"text\/css\" data-type=\"vc_shortcodes-custom-css\">.vc_custom_1721317701030{background: #982126 url(https:\/\/bakemark.com\/wp-content\/uploads\/2024\/07\/bakemark-border.svg?id=340) !important;background-position: 0 0 !important;background-repeat: repeat-x !important;}.vc_custom_1720105893517{margin-bottom: 0px !important;}<\/style><div class=\"vc_section bigbrow vc_custom_1721317701030 wpex-vc-full-width-section wpex-vc-full-width-section--centered wpex-relative wpex-vc_section-has-fill wpex-vc_section-mx-0\" style=\"background-position:bottom left!important;background-size:auto 50px!important;\"><div class=\"vc_row wpb_row vc_row-fluid vc_row-o-content-middle vc_row-flex wpex-relative wpex-vc_row-col-mb-0 typography-white\"><div class=\"wpb_column vc_column_container vc_col-sm-2\"><div class=\"vc_column-inner vc_custom_1720105893517\"><div class=\"wpb_wrapper\"><\/div><\/div><\/div><div class=\"wpb_column vc_column_container vc_col-sm-8\"><div class=\"vc_column-inner\"><div class=\"wpb_wrapper\"><div class=\"vcex-spacing wpex-w-100 wpex-clear\"><\/div>\n\t<div class=\"wpb_text_column wpb_content_element\" >\n\t\t<div class=\"wpb_wrapper\">\n\t\t\t<h2 style=\"text-align: center\">Vous avez des questions ? Nous sommes \u00e0 votre disposition <\/h2>\n<p style=\"text-align: center\">Vous avez besoin de plus d&rsquo;informations sur les produits ou les solutions ? Vous \u00eates pr\u00eat \u00e0 entamer une conversation ? Un repr\u00e9sentant de BakeMark r\u00e9pondra rapidement \u00e0 votre message.  <\/p>\n\n\t\t<\/div>\n\t<\/div>\n<div class=\"vcex-spacing wpex-w-100 wpex-clear\"><\/div><div class=\"theme-button-wrap textcenter wpex-clr\"><a href=\"https:\/\/bakemark.com\/fr\/contactez-nous\/\" class=\"vcex-button theme-button align-center inline btnoncolor\"><span class=\"vcex-button-inner theme-button-inner wpex-flex wpex-flex-wrap wpex-items-center wpex-justify-center\">Contactez nous<\/span><\/a><\/div> \t<style>.vcex_69e949c778c9d{height:70px;}@media (max-width:767px){.vcex_69e949c778c9d{height:80px;}}<\/style>\n<div class=\"vcex-spacing wpex-w-100 wpex-clear vcex_69e949c778c9d\"><\/div><\/div><\/div><\/div><div class=\"wpb_column vc_column_container vc_col-sm-2\"><div class=\"vc_column-inner\"><div class=\"wpb_wrapper\"><\/div><\/div><\/div><\/div><\/div>\n<\/div>[\/vc_column][\/vc_row]\n<\/div>","protected":false},"excerpt":{"rendered":"Transformer les moments de printemps en succ\u00e8s sucr\u00e9s Printemps 2026 Les mois d'avril, de mai et de juin offrent de nouvelles occasions de ravir les consommateurs. Qu'il s'agisse de favoris inspir\u00e9s du printemps, de c\u00e9l\u00e9brations de la f\u00eate des m\u00e8res ou de g\u00e2teries intemporelles comme la Journ\u00e9e nationale des beignets, BakeMark a les produits, l'inspiration&hellip;","protected":false},"author":11,"featured_media":0,"parent":0,"menu_order":0,"comment_status":"closed","ping_status":"closed","template":"","meta":{"_acf_changed":false,"content-type":"","footnotes":""},"class_list":["post-7596","page","type-page","status-publish","hentry","entry","no-media"],"acf":[],"yoast_head":"<!-- This site is optimized with the Yoast SEO plugin v27.4 - https:\/\/yoast.com\/product\/yoast-seo-wordpress\/ -->\n<title>Des journ\u00e9es d\u00e9licieuses en attendant le printemps 2026 - BakeMark<\/title>\n<meta name=\"description\" content=\"Alimentez votre succ\u00e8s au Q1 avec des produits de boulangerie qui font envie. D\u00e9couvrez comment BakeMark soutient votre entreprise avec des produits innovants et de l&#039;inspiration.\" \/>\n<meta name=\"robots\" content=\"index, follow, max-snippet:-1, max-image-preview:large, max-video-preview:-1\" \/>\n<link rel=\"canonical\" href=\"https:\/\/bakemark.com\/fr\/recettes-fraiches-et-inspiration-pour-chaque-saison-2-2-2-2\/\" \/>\n<meta property=\"og:locale\" content=\"fr_FR\" \/>\n<meta property=\"og:type\" content=\"article\" \/>\n<meta property=\"og:title\" content=\"Des journ\u00e9es d\u00e9licieuses en attendant le printemps 2026 - BakeMark\" \/>\n<meta property=\"og:description\" content=\"Alimentez votre succ\u00e8s au Q1 avec des produits de boulangerie qui font envie. D\u00e9couvrez comment BakeMark soutient votre entreprise avec des produits innovants et de l&#039;inspiration.\" \/>\n<meta property=\"og:url\" content=\"https:\/\/bakemark.com\/fr\/recettes-fraiches-et-inspiration-pour-chaque-saison-2-2-2-2\/\" \/>\n<meta property=\"og:site_name\" content=\"BakeMark\" \/>\n<meta property=\"article:modified_time\" content=\"2026-04-01T21:23:03+00:00\" \/>\n<meta name=\"twitter:card\" content=\"summary_large_image\" \/>\n<meta name=\"twitter:label1\" content=\"Est. reading time\" \/>\n\t<meta name=\"twitter:data1\" content=\"6 minutes\" \/>\n<script type=\"application\/ld+json\" class=\"yoast-schema-graph\">{\"@context\":\"https:\\\/\\\/schema.org\",\"@graph\":[{\"@type\":\"WebPage\",\"@id\":\"https:\\\/\\\/bakemark.com\\\/fr\\\/recettes-fraiches-et-inspiration-pour-chaque-saison-2-2-2-2\\\/\",\"url\":\"https:\\\/\\\/bakemark.com\\\/fr\\\/recettes-fraiches-et-inspiration-pour-chaque-saison-2-2-2-2\\\/\",\"name\":\"Des journ\u00e9es d\u00e9licieuses en attendant le printemps 2026 - BakeMark\",\"isPartOf\":{\"@id\":\"https:\\\/\\\/bakemark.com\\\/fr\\\/#website\"},\"datePublished\":\"2026-04-01T20:53:31+00:00\",\"dateModified\":\"2026-04-01T21:23:03+00:00\",\"description\":\"Alimentez votre succ\u00e8s au Q1 avec des produits de boulangerie qui font envie. D\u00e9couvrez comment BakeMark soutient votre entreprise avec des produits innovants et de l'inspiration.\",\"breadcrumb\":{\"@id\":\"https:\\\/\\\/bakemark.com\\\/fr\\\/recettes-fraiches-et-inspiration-pour-chaque-saison-2-2-2-2\\\/#breadcrumb\"},\"inLanguage\":\"fr-FR\",\"potentialAction\":[{\"@type\":\"ReadAction\",\"target\":[\"https:\\\/\\\/bakemark.com\\\/fr\\\/recettes-fraiches-et-inspiration-pour-chaque-saison-2-2-2-2\\\/\"]}]},{\"@type\":\"BreadcrumbList\",\"@id\":\"https:\\\/\\\/bakemark.com\\\/fr\\\/recettes-fraiches-et-inspiration-pour-chaque-saison-2-2-2-2\\\/#breadcrumb\",\"itemListElement\":[{\"@type\":\"ListItem\",\"position\":1,\"name\":\"Home\",\"item\":\"https:\\\/\\\/bakemark.com\\\/fr\\\/\"},{\"@type\":\"ListItem\",\"position\":2,\"name\":\"Des journ\u00e9es d\u00e9licieuses en attendant le printemps 2026\"}]},{\"@type\":\"WebSite\",\"@id\":\"https:\\\/\\\/bakemark.com\\\/fr\\\/#website\",\"url\":\"https:\\\/\\\/bakemark.com\\\/fr\\\/\",\"name\":\"BakeMark\",\"description\":\"\",\"publisher\":{\"@id\":\"https:\\\/\\\/bakemark.com\\\/fr\\\/#organization\"},\"potentialAction\":[{\"@type\":\"SearchAction\",\"target\":{\"@type\":\"EntryPoint\",\"urlTemplate\":\"https:\\\/\\\/bakemark.com\\\/fr\\\/?s={search_term_string}\"},\"query-input\":{\"@type\":\"PropertyValueSpecification\",\"valueRequired\":true,\"valueName\":\"search_term_string\"}}],\"inLanguage\":\"fr-FR\"},{\"@type\":\"Organization\",\"@id\":\"https:\\\/\\\/bakemark.com\\\/fr\\\/#organization\",\"name\":\"BakeMark\",\"url\":\"https:\\\/\\\/bakemark.com\\\/fr\\\/\",\"logo\":{\"@type\":\"ImageObject\",\"inLanguage\":\"fr-FR\",\"@id\":\"https:\\\/\\\/bakemark.com\\\/fr\\\/#\\\/schema\\\/logo\\\/image\\\/\",\"url\":\"https:\\\/\\\/bakemark.com\\\/wp-content\\\/uploads\\\/2024\\\/07\\\/bakemark-logo-wht.svg\",\"contentUrl\":\"https:\\\/\\\/bakemark.com\\\/wp-content\\\/uploads\\\/2024\\\/07\\\/bakemark-logo-wht.svg\",\"width\":233,\"height\":58,\"caption\":\"BakeMark\"},\"image\":{\"@id\":\"https:\\\/\\\/bakemark.com\\\/fr\\\/#\\\/schema\\\/logo\\\/image\\\/\"}}]}<\/script>\n<!-- \/ Yoast SEO plugin. -->","yoast_head_json":{"title":"Des journ\u00e9es d\u00e9licieuses en attendant le printemps 2026 - BakeMark","description":"Alimentez votre succ\u00e8s au Q1 avec des produits de boulangerie qui font envie. D\u00e9couvrez comment BakeMark soutient votre entreprise avec des produits innovants et de l'inspiration.","robots":{"index":"index","follow":"follow","max-snippet":"max-snippet:-1","max-image-preview":"max-image-preview:large","max-video-preview":"max-video-preview:-1"},"canonical":"https:\/\/bakemark.com\/fr\/recettes-fraiches-et-inspiration-pour-chaque-saison-2-2-2-2\/","og_locale":"fr_FR","og_type":"article","og_title":"Des journ\u00e9es d\u00e9licieuses en attendant le printemps 2026 - BakeMark","og_description":"Alimentez votre succ\u00e8s au Q1 avec des produits de boulangerie qui font envie. D\u00e9couvrez comment BakeMark soutient votre entreprise avec des produits innovants et de l'inspiration.","og_url":"https:\/\/bakemark.com\/fr\/recettes-fraiches-et-inspiration-pour-chaque-saison-2-2-2-2\/","og_site_name":"BakeMark","article_modified_time":"2026-04-01T21:23:03+00:00","twitter_card":"summary_large_image","twitter_misc":{"Est. reading time":"6 minutes"},"schema":{"@context":"https:\/\/schema.org","@graph":[{"@type":"WebPage","@id":"https:\/\/bakemark.com\/fr\/recettes-fraiches-et-inspiration-pour-chaque-saison-2-2-2-2\/","url":"https:\/\/bakemark.com\/fr\/recettes-fraiches-et-inspiration-pour-chaque-saison-2-2-2-2\/","name":"Des journ\u00e9es d\u00e9licieuses en attendant le printemps 2026 - BakeMark","isPartOf":{"@id":"https:\/\/bakemark.com\/fr\/#website"},"datePublished":"2026-04-01T20:53:31+00:00","dateModified":"2026-04-01T21:23:03+00:00","description":"Alimentez votre succ\u00e8s au Q1 avec des produits de boulangerie qui font envie. D\u00e9couvrez comment BakeMark soutient votre entreprise avec des produits innovants et de l'inspiration.","breadcrumb":{"@id":"https:\/\/bakemark.com\/fr\/recettes-fraiches-et-inspiration-pour-chaque-saison-2-2-2-2\/#breadcrumb"},"inLanguage":"fr-FR","potentialAction":[{"@type":"ReadAction","target":["https:\/\/bakemark.com\/fr\/recettes-fraiches-et-inspiration-pour-chaque-saison-2-2-2-2\/"]}]},{"@type":"BreadcrumbList","@id":"https:\/\/bakemark.com\/fr\/recettes-fraiches-et-inspiration-pour-chaque-saison-2-2-2-2\/#breadcrumb","itemListElement":[{"@type":"ListItem","position":1,"name":"Home","item":"https:\/\/bakemark.com\/fr\/"},{"@type":"ListItem","position":2,"name":"Des journ\u00e9es d\u00e9licieuses en attendant le printemps 2026"}]},{"@type":"WebSite","@id":"https:\/\/bakemark.com\/fr\/#website","url":"https:\/\/bakemark.com\/fr\/","name":"BakeMark","description":"","publisher":{"@id":"https:\/\/bakemark.com\/fr\/#organization"},"potentialAction":[{"@type":"SearchAction","target":{"@type":"EntryPoint","urlTemplate":"https:\/\/bakemark.com\/fr\/?s={search_term_string}"},"query-input":{"@type":"PropertyValueSpecification","valueRequired":true,"valueName":"search_term_string"}}],"inLanguage":"fr-FR"},{"@type":"Organization","@id":"https:\/\/bakemark.com\/fr\/#organization","name":"BakeMark","url":"https:\/\/bakemark.com\/fr\/","logo":{"@type":"ImageObject","inLanguage":"fr-FR","@id":"https:\/\/bakemark.com\/fr\/#\/schema\/logo\/image\/","url":"https:\/\/bakemark.com\/wp-content\/uploads\/2024\/07\/bakemark-logo-wht.svg","contentUrl":"https:\/\/bakemark.com\/wp-content\/uploads\/2024\/07\/bakemark-logo-wht.svg","width":233,"height":58,"caption":"BakeMark"},"image":{"@id":"https:\/\/bakemark.com\/fr\/#\/schema\/logo\/image\/"}}]}},"_links":{"self":[{"href":"https:\/\/bakemark.com\/fr\/wp-json\/wp\/v2\/pages\/7596","targetHints":{"allow":["GET"]}}],"collection":[{"href":"https:\/\/bakemark.com\/fr\/wp-json\/wp\/v2\/pages"}],"about":[{"href":"https:\/\/bakemark.com\/fr\/wp-json\/wp\/v2\/types\/page"}],"author":[{"embeddable":true,"href":"https:\/\/bakemark.com\/fr\/wp-json\/wp\/v2\/users\/11"}],"replies":[{"embeddable":true,"href":"https:\/\/bakemark.com\/fr\/wp-json\/wp\/v2\/comments?post=7596"}],"version-history":[{"count":0,"href":"https:\/\/bakemark.com\/fr\/wp-json\/wp\/v2\/pages\/7596\/revisions"}],"wp:attachment":[{"href":"https:\/\/bakemark.com\/fr\/wp-json\/wp\/v2\/media?parent=7596"}],"curies":[{"name":"wp","href":"https:\/\/api.w.org\/{rel}","templated":true}]}}