{"id":7501,"date":"2026-03-31T14:29:58","date_gmt":"2026-03-31T19:29:58","guid":{"rendered":"https:\/\/bakemark.com\/?page_id=7501"},"modified":"2026-04-22T14:12:47","modified_gmt":"2026-04-22T19:12:47","slug":"journee-nationale-des-beignets-2025-2","status":"publish","type":"page","link":"https:\/\/bakemark.com\/fr\/journee-nationale-des-beignets-2025-2\/","title":{"rendered":"Journ\u00e9e nationale du beignet 2026"},"content":{"rendered":"<div class=\"wpb-content-wrapper\">[vc_row full_width=\u00a0\u00bbstretch_row\u00a0\u00bb content_placement=\u00a0\u00bbmiddle\u00a0\u00bb css=\u00a0\u00bb.vc_custom_1775589661821{background-image: url(https:\/\/bakemark.com\/wp-content\/uploads\/2026\/04\/MarbleSurface_LightenedMORE-scaled.jpg?id=7680) !important;}\u00a0\u00bb][vc_column]<figure class=\"vcex-image vcex-module\"><div class=\"vcex-image-inner wpex-relative wpex-inline-block\"><img width=\"2560\" height=\"902\" src=\"https:\/\/bakemark.com\/wp-content\/uploads\/2026\/04\/Header-Lockup-scaled.png\" class=\"vcex-image-img wpex-align-middle\" alt=\"\" loading=\"lazy\" decoding=\"async\" srcset=\"https:\/\/bakemark.com\/wp-content\/uploads\/2026\/04\/Header-Lockup-scaled.png 2560w, https:\/\/bakemark.com\/wp-content\/uploads\/2026\/04\/Header-Lockup-300x106.png 300w, https:\/\/bakemark.com\/wp-content\/uploads\/2026\/04\/Header-Lockup-1024x361.png 1024w, https:\/\/bakemark.com\/wp-content\/uploads\/2026\/04\/Header-Lockup-768x271.png 768w, https:\/\/bakemark.com\/wp-content\/uploads\/2026\/04\/Header-Lockup-1536x541.png 1536w, https:\/\/bakemark.com\/wp-content\/uploads\/2026\/04\/Header-Lockup-2048x722.png 2048w\" sizes=\"auto, (max-width: 2560px) 100vw, 2560px\" \/><\/div><\/figure>[\/vc_column][\/vc_row][vc_row css=\u00a0\u00bb.vc_custom_1770762270324{padding-top: 45px !important;}\u00a0\u00bb][vc_column width=\u00a0\u00bb1\/2&Prime;]<figure class=\"vcex-image vcex-module\"><div class=\"vcex-image-inner wpex-relative wpex-inline-block\"><img width=\"976\" height=\"256\" src=\"https:\/\/bakemark.com\/wp-content\/uploads\/2026\/02\/SpreadJoyWithWordsOfKindness.png\" class=\"vcex-image-img wpex-align-middle\" alt=\"Spread Joy With Words of Kindness\" loading=\"lazy\" decoding=\"async\" srcset=\"https:\/\/bakemark.com\/wp-content\/uploads\/2026\/02\/SpreadJoyWithWordsOfKindness.png 976w, https:\/\/bakemark.com\/wp-content\/uploads\/2026\/02\/SpreadJoyWithWordsOfKindness-300x79.png 300w, https:\/\/bakemark.com\/wp-content\/uploads\/2026\/02\/SpreadJoyWithWordsOfKindness-768x201.png 768w\" sizes=\"auto, (max-width: 976px) 100vw, 976px\" \/><\/div><\/figure>[vc_column_text css=\u00a0\u00bb\u00a0\u00bb]La Journ\u00e9e nationale des beignets rend hommage aux membres de l&rsquo;Arm\u00e9e du salut qui servaient des beignets aux soldats pendant la Premi\u00e8re Guerre mondiale. Cet h\u00e9ritage de compassion se perp\u00e9tue aujourd&rsquo;hui, alors que nous c\u00e9l\u00e9brons la g\u00e9n\u00e9rosit\u00e9 et invitons tout le monde \u00e0 partager des messages significatifs.[\/vc_column_text]<div class=\"vcex-spacing wpex-w-100 wpex-clear\" style=\"height:30px;\"><\/div><a href=\"https:\/\/www.salvationarmyusa.org\/usn\/national-donut-day\/\" class=\"vcex-button theme-button inline\" target=\"_blank\" rel=\"noopener noreferrer\"><span class=\"vcex-button-inner theme-button-inner wpex-flex wpex-flex-wrap wpex-items-center wpex-justify-center\">voir plus de d\u00e9tails et l&rsquo;historique<\/span><\/a> [\/vc_column][vc_column width=\u00a0\u00bb1\/2&Prime;]<figure class=\"vcex-image vcex-module\"><div class=\"vcex-image-inner wpex-relative wpex-inline-block\"><img width=\"1156\" height=\"990\" src=\"https:\/\/bakemark.com\/wp-content\/uploads\/2026\/04\/SayItWithDonuts_SalvationArmyLogo-1.png\" class=\"vcex-image-img wpex-align-middle\" alt=\"Say it with donuts\" loading=\"lazy\" decoding=\"async\" srcset=\"https:\/\/bakemark.com\/wp-content\/uploads\/2026\/04\/SayItWithDonuts_SalvationArmyLogo-1.png 1156w, https:\/\/bakemark.com\/wp-content\/uploads\/2026\/04\/SayItWithDonuts_SalvationArmyLogo-1-300x257.png 300w, https:\/\/bakemark.com\/wp-content\/uploads\/2026\/04\/SayItWithDonuts_SalvationArmyLogo-1-1024x877.png 1024w, https:\/\/bakemark.com\/wp-content\/uploads\/2026\/04\/SayItWithDonuts_SalvationArmyLogo-1-768x658.png 768w\" sizes=\"auto, (max-width: 1156px) 100vw, 1156px\" \/><\/div><\/figure>[\/vc_column][\/vc_row][vc_row full_width=\u00a0\u00bbstretch_row\u00a0\u00bb css=\u00a0\u00bb.vc_custom_1774984819106{margin-bottom: 25px !important;background-color: #E5F4FB !important;}\u00a0\u00bb wpex_bg_color=\u00a0\u00bb#e5f4fb\u00a0\u00bb][vc_column width=\u00a0\u00bb1\/2&Prime;]<figure class=\"vcex-image vcex-module\"><div class=\"vcex-image-inner wpex-relative wpex-inline-block\"><img width=\"1104\" height=\"1024\" src=\"https:\/\/bakemark.com\/wp-content\/uploads\/2026\/02\/FreePostersStickers.png\" class=\"vcex-image-img wpex-align-middle\" alt=\"National Donut Day 2026 poster and stickers\" loading=\"lazy\" decoding=\"async\" srcset=\"https:\/\/bakemark.com\/wp-content\/uploads\/2026\/02\/FreePostersStickers.png 1104w, https:\/\/bakemark.com\/wp-content\/uploads\/2026\/02\/FreePostersStickers-300x278.png 300w, https:\/\/bakemark.com\/wp-content\/uploads\/2026\/02\/FreePostersStickers-1024x950.png 1024w, https:\/\/bakemark.com\/wp-content\/uploads\/2026\/02\/FreePostersStickers-768x712.png 768w\" sizes=\"auto, (max-width: 1104px) 100vw, 1104px\" \/><\/div><\/figure>[\/vc_column][vc_column width=\u00a0\u00bb1\/2&Prime;]<div class=\"vcex-spacing wpex-w-100 wpex-clear\" style=\"height:100px;\"><\/div><style>.vcex-heading.vcex_69f263c3bd008{color:#982126;}<\/style><div class=\"vcex-heading vcex-heading-plain vcex-module wpex-h2 vcex_69f263c3bd008\"><span class=\"vcex-heading-inner wpex-inline-block\">Affiches et autocollants GRATUITS<\/span><\/div>[vc_column_text css=\u00a0\u00bb\u00a0\u00bb]Demandez une signalisation accrocheuse. Votre repr\u00e9sentant se fera un plaisir de vous aider.[\/vc_column_text]<div class=\"vcex-spacing wpex-w-100 wpex-clear\" style=\"height:30px;\"><\/div><a href=\"https:\/\/bakemark.com\/contact-us\/\" class=\"vcex-button theme-button inline\" target=\"_blank\" rel=\"noopener noreferrer\"><span class=\"vcex-button-inner theme-button-inner wpex-flex wpex-flex-wrap wpex-items-center wpex-justify-center\">Contactez un repr\u00e9sentant<\/span><\/a> [\/vc_column][\/vc_row][vc_row][vc_column width=\u00a0\u00bb1\/2&Prime;]<div class=\"vcex-spacing wpex-w-100 wpex-clear\" style=\"height:100px;\"><\/div><style>.vcex-heading.vcex_69f263c3bd648{color:#982126;}<\/style><div class=\"vcex-heading vcex-heading-plain vcex-module wpex-h2 vcex_69f263c3bd648\"><span class=\"vcex-heading-inner wpex-inline-block\">Postes de m\u00e9dias sociaux personnalisables<\/span><\/div>[vc_column_text css=\u00a0\u00bb\u00a0\u00bb]Ces messages pr\u00eats \u00e0 l&#8217;emploi informent vos followers de votre \u00e9v\u00e9nement sp\u00e9cial.[\/vc_column_text]<div class=\"vcex-spacing wpex-w-100 wpex-clear\" style=\"height:30px;\"><\/div><a href=\"\/wp-content\/uploads\/2026\/03\/NDD2026_SocialAssetPacket.zip\" class=\"vcex-button theme-button inline\"><span class=\"vcex-button-inner theme-button-inner wpex-flex wpex-flex-wrap wpex-items-center wpex-justify-center\">T\u00e9l\u00e9charger maintenant<\/span><\/a> [\/vc_column][vc_column width=\u00a0\u00bb1\/2&Prime;]<figure class=\"vcex-image vcex-module\"><div class=\"vcex-image-inner wpex-relative wpex-inline-block\"><img width=\"2560\" height=\"1961\" src=\"https:\/\/bakemark.com\/wp-content\/uploads\/2026\/04\/CustomizableSocialMedia_Option1_Full-1-scaled.png\" class=\"vcex-image-img wpex-align-middle\" alt=\"\" loading=\"lazy\" decoding=\"async\" srcset=\"https:\/\/bakemark.com\/wp-content\/uploads\/2026\/04\/CustomizableSocialMedia_Option1_Full-1-scaled.png 2560w, https:\/\/bakemark.com\/wp-content\/uploads\/2026\/04\/CustomizableSocialMedia_Option1_Full-1-300x230.png 300w, https:\/\/bakemark.com\/wp-content\/uploads\/2026\/04\/CustomizableSocialMedia_Option1_Full-1-1024x785.png 1024w, https:\/\/bakemark.com\/wp-content\/uploads\/2026\/04\/CustomizableSocialMedia_Option1_Full-1-768x588.png 768w, https:\/\/bakemark.com\/wp-content\/uploads\/2026\/04\/CustomizableSocialMedia_Option1_Full-1-1536x1177.png 1536w, https:\/\/bakemark.com\/wp-content\/uploads\/2026\/04\/CustomizableSocialMedia_Option1_Full-1-2048x1569.png 2048w\" sizes=\"auto, (max-width: 2560px) 100vw, 2560px\" \/><\/div><\/figure>[\/vc_column][\/vc_row][vc_row full_width=\u00a0\u00bbstretch_row\u00a0\u00bb css=\u00a0\u00bb.vc_custom_1774984794083{margin-bottom: 25px !important;background-color: #E5F4FB !important;}\u00a0\u00bb wpex_bg_color=\u00a0\u00bb#e5f4fb\u00a0\u00bb][vc_column width=\u00a0\u00bb1\/2&Prime;]<div class=\"vcex-spacing wpex-w-100 wpex-clear\" style=\"height:100px;\"><\/div><figure class=\"vcex-image vcex-module\"><div class=\"vcex-image-inner wpex-relative wpex-inline-block vc_custom_1770753045701\"><img width=\"2559\" height=\"2024\" src=\"https:\/\/bakemark.com\/wp-content\/uploads\/2026\/02\/InPersonCelebrations.png\" class=\"vcex-image-img wpex-align-middle wpex-aspect-4-3 wpex-object-cover\" alt=\"Collage of images from last year&#039;s NDD events\" loading=\"lazy\" decoding=\"async\" srcset=\"https:\/\/bakemark.com\/wp-content\/uploads\/2026\/02\/InPersonCelebrations.png 2559w, https:\/\/bakemark.com\/wp-content\/uploads\/2026\/02\/InPersonCelebrations-300x237.png 300w, https:\/\/bakemark.com\/wp-content\/uploads\/2026\/02\/InPersonCelebrations-1024x810.png 1024w, https:\/\/bakemark.com\/wp-content\/uploads\/2026\/02\/InPersonCelebrations-768x607.png 768w, https:\/\/bakemark.com\/wp-content\/uploads\/2026\/02\/InPersonCelebrations-1536x1215.png 1536w, https:\/\/bakemark.com\/wp-content\/uploads\/2026\/02\/InPersonCelebrations-2048x1620.png 2048w\" sizes=\"auto, (max-width: 2559px) 100vw, 2559px\" \/><\/div><\/figure>[\/vc_column][vc_column width=\u00a0\u00bb1\/2&Prime;]<div class=\"vcex-spacing wpex-w-100 wpex-clear\" style=\"height:100px;\"><\/div><style>.vcex-heading.vcex_69f263c3beaf2{color:#982126;}<\/style><div class=\"vcex-heading vcex-heading-plain vcex-module wpex-h2 vcex_69f263c3beaf2\"><span class=\"vcex-heading-inner wpex-inline-block\">C\u00e9l\u00e9brations en personne<\/span><\/div>[vc_column_text css=\u00a0\u00bb\u00a0\u00bb]D\u00e9couvrez ce qui se passe lors de nos prochains \u00e9v\u00e9nements de la Journ\u00e9e nationale du beignet \u00e0 San Diego, Los Angeles et Washington.[\/vc_column_text]<div class=\"vcex-spacing wpex-w-100 wpex-clear\" style=\"height:30px;\"><\/div><a href=\"https:\/\/bakemark.com\/national-donut-day-2026-events\/\" class=\"vcex-button theme-button inline\" target=\"_blank\" rel=\"noopener noreferrer\"><span class=\"vcex-button-inner theme-button-inner wpex-flex wpex-flex-wrap wpex-items-center wpex-justify-center\">D\u00e9tails et plus<\/span><\/a> [\/vc_column][\/vc_row][vc_row css=\u00a0\u00bb.vc_custom_1774984682336{padding-bottom: 15px !important;}\u00a0\u00bb][vc_column width=\u00a0\u00bb1\/2&Prime;]<div class=\"vcex-spacing wpex-w-100 wpex-clear\" style=\"height:100px;\"><\/div><style>.vcex-heading.vcex_69f263c3bf1ed{color:#982126;}<\/style><div class=\"vcex-heading vcex-heading-plain vcex-module wpex-h2 vcex_69f263c3bf1ed\"><span class=\"vcex-heading-inner wpex-inline-block\">D\u00e9couvrez une d\u00e9licieuse inspiration<\/span><\/div>[vc_column_text css=\u00a0\u00bb\u00a0\u00bb]Laissez vos beignets faire parler d&rsquo;eux en servant quelque chose de nouveau et d&rsquo;excitant le jour J.[\/vc_column_text]<div class=\"vcex-spacing wpex-w-100 wpex-clear\" style=\"height:30px;\"><\/div><a href=\"https:\/\/bakemark.com\/recipes\/?_sft_recipe_category=donuts\" class=\"vcex-button theme-button inline\"><span class=\"vcex-button-inner theme-button-inner wpex-flex wpex-flex-wrap wpex-items-center wpex-justify-center\">Explorer les recettes<\/span><\/a> [\/vc_column][vc_column width=\u00a0\u00bb1\/2&Prime;]<figure class=\"vcex-image vcex-module\"><div class=\"vcex-image-inner wpex-relative wpex-inline-block\"><img width=\"840\" height=\"630\" src=\"https:\/\/bakemark.com\/wp-content\/uploads\/2026\/02\/DiscoverDeliciousInspo.png\" class=\"vcex-image-img wpex-align-middle\" alt=\"Donuts drizzled with frosting on a cooling rack\" loading=\"lazy\" decoding=\"async\" srcset=\"https:\/\/bakemark.com\/wp-content\/uploads\/2026\/02\/DiscoverDeliciousInspo.png 840w, https:\/\/bakemark.com\/wp-content\/uploads\/2026\/02\/DiscoverDeliciousInspo-300x225.png 300w, https:\/\/bakemark.com\/wp-content\/uploads\/2026\/02\/DiscoverDeliciousInspo-768x576.png 768w\" sizes=\"auto, (max-width: 840px) 100vw, 840px\" \/><\/div><\/figure>[\/vc_column][\/vc_row][vc_row][vc_column][\/vc_column][\/vc_row][vc_row full_width=\u00a0\u00bbstretch_row\u00a0\u00bb css=\u00a0\u00bb.vc_custom_1775591512690{background-color: #E5F4FB !important;}\u00a0\u00bb wpex_bg_color=\u00a0\u00bb#e5f4fb\u00a0\u00bb][vc_column offset=\u00a0\u00bbvc_col-md-offset-2 vc_col-md-8&Prime;]<style>.vcex-heading.vcex_69f263c3c0cdc{color:#982126;}<\/style><div class=\"vcex-heading vcex-heading-plain vcex-module wpex-h3 wpex-text-center vcex_69f263c3c0cdc\"><span class=\"vcex-heading-inner wpex-inline-block\">Trucs et astuces<\/span><\/div>[vc_column_text css=\u00a0\u00bb\u00a0\u00bb text_align=\u00a0\u00bbcenter\u00a0\u00bb]\n<p style=\"text-align: center;\">Les moyens de rendre cette f\u00eate sp\u00e9ciale ne manquent pas.<br \/>\nConsid\u00e9rez quelques-unes de ces id\u00e9es pour une occasion encore plus m\u00e9morable.<\/p>\n[\/vc_column_text]<style>.vcex-heading.vcex_69f263c3c0f2c{color:#e03a3e;}<\/style><div class=\"vcex-heading vcex-heading-plain vcex-module wpex-h4 vcex_69f263c3c0f2c\"><span class=\"vcex-heading-inner wpex-inline-block\">Station de d\u00e9coration Donut Expressions<\/span><\/div>[vc_column_text css=\u00a0\u00bb\u00a0\u00bb]R\u00e9servez une zone o\u00f9 les invit\u00e9s peuvent utiliser le gla\u00e7age et les nappages pour \u00e9crire des messages et cr\u00e9er leurs propres g\u00e2teries.[\/vc_column_text]<style>.vcex-heading.vcex_69f263c3c1141{color:#e03a3e;}<\/style><div class=\"vcex-heading vcex-heading-plain vcex-module wpex-h4 vcex_69f263c3c1141\"><span class=\"vcex-heading-inner wpex-inline-block\">\u00c9crire quelque chose de doux<\/span><\/div>[vc_column_text css=\u00a0\u00bb\u00a0\u00bb]Distribuez des marqueurs et des autocollants pour que les invit\u00e9s puissent d\u00e9corer leurs bo\u00eetes de beignets avec des messages personnalis\u00e9s.[\/vc_column_text]<style>.vcex-heading.vcex_69f263c3c1360{color:#e03a3e;}<\/style><div class=\"vcex-heading vcex-heading-plain vcex-module wpex-h4 vcex_69f263c3c1360\"><span class=\"vcex-heading-inner wpex-inline-block\">Une d\u00e9monstration de gentillesse<\/span><\/div>[vc_column_text css=\u00a0\u00bb\u00a0\u00bb]Cr\u00e9ez une banni\u00e8re et fournissez des marqueurs color\u00e9s pour que les consommateurs puissent ajouter des notes de bonne volont\u00e9 pendant qu&rsquo;ils c\u00e9l\u00e8brent la Journ\u00e9e nationale du beignet.[\/vc_column_text][\/vc_column][\/vc_row][vc_row][vc_column]<div class=\"wpex-template-shortcode\"><style type=\"text\/css\" data-type=\"vc_shortcodes-custom-css\">.vc_custom_1721317701030{background: #982126 url(https:\/\/bakemark.com\/wp-content\/uploads\/2024\/07\/bakemark-border.svg?id=340) !important;background-position: 0 0 !important;background-repeat: repeat-x !important;}.vc_custom_1720105893517{margin-bottom: 0px !important;}<\/style><div class=\"vc_section bigbrow vc_custom_1721317701030 wpex-vc-full-width-section wpex-vc-full-width-section--centered wpex-relative wpex-vc_section-has-fill wpex-vc_section-mx-0\" style=\"background-position:bottom left!important;background-size:auto 50px!important;\"><div class=\"vc_row wpb_row vc_row-fluid vc_row-o-content-middle vc_row-flex wpex-relative wpex-vc_row-col-mb-0 typography-white\"><div class=\"wpb_column vc_column_container vc_col-sm-2\"><div class=\"vc_column-inner vc_custom_1720105893517\"><div class=\"wpb_wrapper\"><\/div><\/div><\/div><div class=\"wpb_column vc_column_container vc_col-sm-8\"><div class=\"vc_column-inner\"><div class=\"wpb_wrapper\"><div class=\"vcex-spacing wpex-w-100 wpex-clear\"><\/div>\n\t<div class=\"wpb_text_column wpb_content_element\" >\n\t\t<div class=\"wpb_wrapper\">\n\t\t\t<h2 style=\"text-align: center\">Vous avez des questions ? Nous sommes \u00e0 votre disposition <\/h2>\n<p style=\"text-align: center\">Vous avez besoin de plus d&rsquo;informations sur les produits ou les solutions ? Vous \u00eates pr\u00eat \u00e0 entamer une conversation ? Un repr\u00e9sentant de BakeMark r\u00e9pondra rapidement \u00e0 votre message.  <\/p>\n\n\t\t<\/div>\n\t<\/div>\n<div class=\"vcex-spacing wpex-w-100 wpex-clear\"><\/div><div class=\"theme-button-wrap textcenter wpex-clr\"><a href=\"https:\/\/bakemark.com\/fr\/contactez-nous\/\" class=\"vcex-button theme-button align-center inline btnoncolor\"><span class=\"vcex-button-inner theme-button-inner wpex-flex wpex-flex-wrap wpex-items-center wpex-justify-center\">Contactez nous<\/span><\/a><\/div> \t<style>.vcex_69f263c3c30d1{height:70px;}@media (max-width:767px){.vcex_69f263c3c30d1{height:80px;}}<\/style>\n<div class=\"vcex-spacing wpex-w-100 wpex-clear vcex_69f263c3c30d1\"><\/div><\/div><\/div><\/div><div class=\"wpb_column vc_column_container vc_col-sm-2\"><div class=\"vc_column-inner\"><div class=\"wpb_wrapper\"><\/div><\/div><\/div><\/div><\/div>\n<\/div>[\/vc_column][\/vc_row]\n<\/div>","protected":false},"excerpt":{"rendered":"La Journ\u00e9e nationale des beignets rend hommage aux membres de l'Arm\u00e9e du salut qui servaient des beignets aux soldats pendant la Premi\u00e8re Guerre mondiale. Cet h\u00e9ritage de compassion se perp\u00e9tue aujourd'hui, alors que nous c\u00e9l\u00e9brons la g\u00e9n\u00e9rosit\u00e9 et invitons tout le monde \u00e0 partager des messages significatifs. voir plus de d\u00e9tails et l'historique Affiches et&hellip;","protected":false},"author":9,"featured_media":0,"parent":0,"menu_order":0,"comment_status":"closed","ping_status":"closed","template":"","meta":{"_acf_changed":false,"content-type":"","footnotes":""},"class_list":["post-7501","page","type-page","status-publish","hentry","entry","no-media"],"acf":[],"yoast_head":"<!-- This site is optimized with the Yoast SEO plugin v27.4 - https:\/\/yoast.com\/product\/yoast-seo-wordpress\/ -->\n<title>Journ\u00e9e nationale du beignet 2026 - BakeMark<\/title>\n<meta name=\"robots\" content=\"index, follow, max-snippet:-1, max-image-preview:large, max-video-preview:-1\" \/>\n<link rel=\"canonical\" href=\"https:\/\/bakemark.com\/fr\/journee-nationale-des-beignets-2025-2\/\" \/>\n<meta property=\"og:locale\" content=\"fr_FR\" \/>\n<meta property=\"og:type\" content=\"article\" \/>\n<meta property=\"og:title\" content=\"Journ\u00e9e nationale du beignet 2026 - BakeMark\" \/>\n<meta property=\"og:url\" content=\"https:\/\/bakemark.com\/fr\/journee-nationale-des-beignets-2025-2\/\" \/>\n<meta property=\"og:site_name\" content=\"BakeMark\" \/>\n<meta property=\"article:modified_time\" content=\"2026-04-22T19:12:47+00:00\" \/>\n<meta name=\"twitter:card\" content=\"summary_large_image\" \/>\n<meta name=\"twitter:label1\" content=\"Est. reading time\" \/>\n\t<meta name=\"twitter:data1\" content=\"4 minutes\" \/>\n<script type=\"application\/ld+json\" class=\"yoast-schema-graph\">{\"@context\":\"https:\\\/\\\/schema.org\",\"@graph\":[{\"@type\":\"WebPage\",\"@id\":\"https:\\\/\\\/bakemark.com\\\/fr\\\/journee-nationale-des-beignets-2025-2\\\/\",\"url\":\"https:\\\/\\\/bakemark.com\\\/fr\\\/journee-nationale-des-beignets-2025-2\\\/\",\"name\":\"Journ\u00e9e nationale du beignet 2026 - BakeMark\",\"isPartOf\":{\"@id\":\"https:\\\/\\\/bakemark.com\\\/fr\\\/#website\"},\"datePublished\":\"2026-03-31T19:29:58+00:00\",\"dateModified\":\"2026-04-22T19:12:47+00:00\",\"breadcrumb\":{\"@id\":\"https:\\\/\\\/bakemark.com\\\/fr\\\/journee-nationale-des-beignets-2025-2\\\/#breadcrumb\"},\"inLanguage\":\"fr-FR\",\"potentialAction\":[{\"@type\":\"ReadAction\",\"target\":[\"https:\\\/\\\/bakemark.com\\\/fr\\\/journee-nationale-des-beignets-2025-2\\\/\"]}]},{\"@type\":\"BreadcrumbList\",\"@id\":\"https:\\\/\\\/bakemark.com\\\/fr\\\/journee-nationale-des-beignets-2025-2\\\/#breadcrumb\",\"itemListElement\":[{\"@type\":\"ListItem\",\"position\":1,\"name\":\"Home\",\"item\":\"https:\\\/\\\/bakemark.com\\\/fr\\\/\"},{\"@type\":\"ListItem\",\"position\":2,\"name\":\"Journ\u00e9e nationale du beignet 2026\"}]},{\"@type\":\"WebSite\",\"@id\":\"https:\\\/\\\/bakemark.com\\\/fr\\\/#website\",\"url\":\"https:\\\/\\\/bakemark.com\\\/fr\\\/\",\"name\":\"BakeMark\",\"description\":\"\",\"publisher\":{\"@id\":\"https:\\\/\\\/bakemark.com\\\/fr\\\/#organization\"},\"potentialAction\":[{\"@type\":\"SearchAction\",\"target\":{\"@type\":\"EntryPoint\",\"urlTemplate\":\"https:\\\/\\\/bakemark.com\\\/fr\\\/?s={search_term_string}\"},\"query-input\":{\"@type\":\"PropertyValueSpecification\",\"valueRequired\":true,\"valueName\":\"search_term_string\"}}],\"inLanguage\":\"fr-FR\"},{\"@type\":\"Organization\",\"@id\":\"https:\\\/\\\/bakemark.com\\\/fr\\\/#organization\",\"name\":\"BakeMark\",\"url\":\"https:\\\/\\\/bakemark.com\\\/fr\\\/\",\"logo\":{\"@type\":\"ImageObject\",\"inLanguage\":\"fr-FR\",\"@id\":\"https:\\\/\\\/bakemark.com\\\/fr\\\/#\\\/schema\\\/logo\\\/image\\\/\",\"url\":\"https:\\\/\\\/bakemark.com\\\/wp-content\\\/uploads\\\/2024\\\/07\\\/bakemark-logo-wht.svg\",\"contentUrl\":\"https:\\\/\\\/bakemark.com\\\/wp-content\\\/uploads\\\/2024\\\/07\\\/bakemark-logo-wht.svg\",\"width\":233,\"height\":58,\"caption\":\"BakeMark\"},\"image\":{\"@id\":\"https:\\\/\\\/bakemark.com\\\/fr\\\/#\\\/schema\\\/logo\\\/image\\\/\"}}]}<\/script>\n<!-- \/ Yoast SEO plugin. -->","yoast_head_json":{"title":"Journ\u00e9e nationale du beignet 2026 - BakeMark","robots":{"index":"index","follow":"follow","max-snippet":"max-snippet:-1","max-image-preview":"max-image-preview:large","max-video-preview":"max-video-preview:-1"},"canonical":"https:\/\/bakemark.com\/fr\/journee-nationale-des-beignets-2025-2\/","og_locale":"fr_FR","og_type":"article","og_title":"Journ\u00e9e nationale du beignet 2026 - BakeMark","og_url":"https:\/\/bakemark.com\/fr\/journee-nationale-des-beignets-2025-2\/","og_site_name":"BakeMark","article_modified_time":"2026-04-22T19:12:47+00:00","twitter_card":"summary_large_image","twitter_misc":{"Est. reading time":"4 minutes"},"schema":{"@context":"https:\/\/schema.org","@graph":[{"@type":"WebPage","@id":"https:\/\/bakemark.com\/fr\/journee-nationale-des-beignets-2025-2\/","url":"https:\/\/bakemark.com\/fr\/journee-nationale-des-beignets-2025-2\/","name":"Journ\u00e9e nationale du beignet 2026 - BakeMark","isPartOf":{"@id":"https:\/\/bakemark.com\/fr\/#website"},"datePublished":"2026-03-31T19:29:58+00:00","dateModified":"2026-04-22T19:12:47+00:00","breadcrumb":{"@id":"https:\/\/bakemark.com\/fr\/journee-nationale-des-beignets-2025-2\/#breadcrumb"},"inLanguage":"fr-FR","potentialAction":[{"@type":"ReadAction","target":["https:\/\/bakemark.com\/fr\/journee-nationale-des-beignets-2025-2\/"]}]},{"@type":"BreadcrumbList","@id":"https:\/\/bakemark.com\/fr\/journee-nationale-des-beignets-2025-2\/#breadcrumb","itemListElement":[{"@type":"ListItem","position":1,"name":"Home","item":"https:\/\/bakemark.com\/fr\/"},{"@type":"ListItem","position":2,"name":"Journ\u00e9e nationale du beignet 2026"}]},{"@type":"WebSite","@id":"https:\/\/bakemark.com\/fr\/#website","url":"https:\/\/bakemark.com\/fr\/","name":"BakeMark","description":"","publisher":{"@id":"https:\/\/bakemark.com\/fr\/#organization"},"potentialAction":[{"@type":"SearchAction","target":{"@type":"EntryPoint","urlTemplate":"https:\/\/bakemark.com\/fr\/?s={search_term_string}"},"query-input":{"@type":"PropertyValueSpecification","valueRequired":true,"valueName":"search_term_string"}}],"inLanguage":"fr-FR"},{"@type":"Organization","@id":"https:\/\/bakemark.com\/fr\/#organization","name":"BakeMark","url":"https:\/\/bakemark.com\/fr\/","logo":{"@type":"ImageObject","inLanguage":"fr-FR","@id":"https:\/\/bakemark.com\/fr\/#\/schema\/logo\/image\/","url":"https:\/\/bakemark.com\/wp-content\/uploads\/2024\/07\/bakemark-logo-wht.svg","contentUrl":"https:\/\/bakemark.com\/wp-content\/uploads\/2024\/07\/bakemark-logo-wht.svg","width":233,"height":58,"caption":"BakeMark"},"image":{"@id":"https:\/\/bakemark.com\/fr\/#\/schema\/logo\/image\/"}}]}},"_links":{"self":[{"href":"https:\/\/bakemark.com\/fr\/wp-json\/wp\/v2\/pages\/7501","targetHints":{"allow":["GET"]}}],"collection":[{"href":"https:\/\/bakemark.com\/fr\/wp-json\/wp\/v2\/pages"}],"about":[{"href":"https:\/\/bakemark.com\/fr\/wp-json\/wp\/v2\/types\/page"}],"author":[{"embeddable":true,"href":"https:\/\/bakemark.com\/fr\/wp-json\/wp\/v2\/users\/9"}],"replies":[{"embeddable":true,"href":"https:\/\/bakemark.com\/fr\/wp-json\/wp\/v2\/comments?post=7501"}],"version-history":[{"count":0,"href":"https:\/\/bakemark.com\/fr\/wp-json\/wp\/v2\/pages\/7501\/revisions"}],"wp:attachment":[{"href":"https:\/\/bakemark.com\/fr\/wp-json\/wp\/v2\/media?parent=7501"}],"curies":[{"name":"wp","href":"https:\/\/api.w.org\/{rel}","templated":true}]}}