{"id":7292,"date":"2025-10-09T16:50:16","date_gmt":"2025-10-09T21:50:16","guid":{"rendered":"https:\/\/bakemark.com\/?page_id=7292"},"modified":"2025-11-21T10:47:06","modified_gmt":"2025-11-21T16:47:06","slug":"recettes-fraiches-et-inspiration-pour-chaque-saison-2-2","status":"publish","type":"page","link":"https:\/\/bakemark.com\/fr\/recettes-fraiches-et-inspiration-pour-chaque-saison-2-2\/","title":{"rendered":"Recettes fra\u00eeches et inspiration pour chaque saison Q4 2025"},"content":{"rendered":"<div class=\"wpb-content-wrapper\">[vc_section css=\u00a0\u00bb.vc_custom_1722446760808{margin-bottom: 60px !important;}\u00a0\u00bb][vc_row full_width=\u00a0\u00bbstretch_row\u00a0\u00bb content_placement=\u00a0\u00bbbottom\u00a0\u00bb remove_bottom_col_margin=\u00a0\u00bbtrue\u00a0\u00bb typography_style=\u00a0\u00bbwhite\u00a0\u00bb css=\u00a0\u00bb.vc_custom_1721321913296{padding-top: 35px !important;padding-bottom: 20px !important;background-color: #982126 !important;}\u00a0\u00bb el_class=\u00a0\u00bbbanner-headline\u00a0\u00bb][vc_column width=\u00a0\u00bb1\/2&Prime; offset=\u00a0\u00bbvc_col-lg-5&Prime;][vc_column_text css=\u00a0\u00bb\u00a0\u00bb]\n<h1>Recettes fra\u00eeches et inspiration pour chaque saison<\/h1>\n[\/vc_column_text][vc_column_text css=\u00a0\u00bb\u00a0\u00bb]\n<h3>4\u00e8me trimestre 2025<\/h3>\n[\/vc_column_text][\/vc_column][\/vc_row][vc_row remove_bottom_col_margin=\u00a0\u00bbtrue\u00a0\u00bb css=\u00a0\u00bb.vc_custom_1721319595505{margin-top: 20px !important;}\u00a0\u00bb][vc_column width=\u00a0\u00bb1\/2&Prime;][vc_column_text css=\u00a0\u00bb\u00a0\u00bb el_class=\u00a0\u00bbbanner-subtext\u00a0\u00bb]Alors que les jours sont de plus en plus courts et froids, les occasions de se faire plaisir avec des produits de boulangerie qui font envie r\u00e9chauffent nos c\u0153urs. D\u00e9couvrez toutes les fa\u00e7ons dont BakeMark peut soutenir votre entreprise avec des produits, de l&rsquo;inspiration et des solutions pour cr\u00e9er des moments m\u00e9morables pour vos clients.[\/vc_column_text]<div class=\"vcex-spacing wpex-w-100 wpex-clear hidden-phone\" style=\"height:15px;\"><\/div><a href=\"https:\/\/bakemark.com\/wp-content\/uploads\/2025\/11\/Q4SeasonalBrochure2025-1.pdf\" class=\"vcex-button theme-button inline\" target=\"_blank\" rel=\"noopener noreferrer\"><span class=\"vcex-button-inner theme-button-inner wpex-flex wpex-flex-wrap wpex-items-center wpex-justify-center\">T\u00e9l\u00e9chargez le guide des vacances aux \u00c9tats-Unis<\/span><\/a> <div class=\"vcex-spacing wpex-w-100 wpex-clear hidden-phone\" style=\"height:5px;\"><\/div><a href=\"https:\/\/bakemark.com\/wp-content\/uploads\/2025\/10\/Q4SeasonalBrochure2026_Canada_DIGITAL_v6_FINAL.pdf\" class=\"vcex-button theme-button inline\" target=\"_blank\" rel=\"noopener noreferrer\"><span class=\"vcex-button-inner theme-button-inner wpex-flex wpex-flex-wrap wpex-items-center wpex-justify-center\">T\u00e9l\u00e9chargez le Guide des vacances au Canada<\/span><\/a> [\/vc_column][\/vc_row][vc_row full_width=\u00a0\u00bbstretch_row_content_no_spaces\u00a0\u00bb remove_bottom_col_margin=\u00a0\u00bbtrue\u00a0\u00bb el_class=\u00a0\u00bbbanner-image\u00a0\u00bb][vc_column width=\u00a0\u00bb1\/2&Prime; offset=\u00a0\u00bbvc_col-sm-offset-6&Prime;]<div class=\"vcex-spacing wpex-w-100 wpex-clear visible-phone\" style=\"height:30px;\"><\/div><figure class=\"vcex-image vcex-module\"><div class=\"vcex-image-inner wpex-relative wpex-inline-block\"><img width=\"5304\" height=\"7951\" src=\"https:\/\/bakemark.com\/wp-content\/uploads\/2025\/10\/INFood-Marketing_4.16.25_4100.jpg\" class=\"vcex-image-img wpex-align-middle\" alt=\"\" loading=\"lazy\" decoding=\"async\" srcset=\"https:\/\/bakemark.com\/wp-content\/uploads\/2025\/10\/INFood-Marketing_4.16.25_4100.jpg 5304w, https:\/\/bakemark.com\/wp-content\/uploads\/2025\/10\/INFood-Marketing_4.16.25_4100-200x300.jpg 200w, https:\/\/bakemark.com\/wp-content\/uploads\/2025\/10\/INFood-Marketing_4.16.25_4100-683x1024.jpg 683w, https:\/\/bakemark.com\/wp-content\/uploads\/2025\/10\/INFood-Marketing_4.16.25_4100-768x1151.jpg 768w\" sizes=\"auto, (max-width: 5304px) 100vw, 5304px\" \/><\/div><\/figure>[\/vc_column][\/vc_row][\/vc_section][vc_section el_class=\u00a0\u00bboverlapping-columns\u00a0\u00bb css=\u00a0\u00bb.vc_custom_1722450880955{margin-bottom: 40px !important;}\u00a0\u00bb][vc_row remove_bottom_col_margin=\u00a0\u00bbtrue\u00a0\u00bb el_class=\u00a0\u00bbimage-row\u00a0\u00bb][vc_column width=\u00a0\u00bb1\/2&Prime;]<figure class=\"vcex-image vcex-module\"><div class=\"vcex-image-inner wpex-relative wpex-w-100\"><img width=\"7950\" height=\"5302\" src=\"https:\/\/bakemark.com\/wp-content\/uploads\/2025\/10\/INFood-Marketing_4.16.25_3562-1.jpg\" class=\"vcex-image-img wpex-align-middle wpex-w-100\" alt=\"\" loading=\"lazy\" decoding=\"async\" srcset=\"https:\/\/bakemark.com\/wp-content\/uploads\/2025\/10\/INFood-Marketing_4.16.25_3562-1.jpg 7950w, https:\/\/bakemark.com\/wp-content\/uploads\/2025\/10\/INFood-Marketing_4.16.25_3562-1-300x200.jpg 300w, https:\/\/bakemark.com\/wp-content\/uploads\/2025\/10\/INFood-Marketing_4.16.25_3562-1-1024x683.jpg 1024w, https:\/\/bakemark.com\/wp-content\/uploads\/2025\/10\/INFood-Marketing_4.16.25_3562-1-768x512.jpg 768w\" sizes=\"auto, (max-width: 7950px) 100vw, 7950px\" \/><\/div><\/figure>[\/vc_column][\/vc_row][vc_row full_width=\u00a0\u00bbstretch_row\u00a0\u00bb remove_bottom_col_margin=\u00a0\u00bbtrue\u00a0\u00bb el_class=\u00a0\u00bbcontent-row\u00a0\u00bb][vc_column width=\u00a0\u00bb2\/3&Prime; offset=\u00a0\u00bbvc_col-sm-offset-4&Prime; css=\u00a0\u00bb.vc_custom_1722450091943{padding-top: 80px !important;padding-bottom: 80px !important;background-color: #f5f0e4 !important;background-position: 0 0 !important;background-repeat: repeat-x !important;}\u00a0\u00bb wpex_bg_position=\u00a0\u00bbleft bottom\u00a0\u00bb wpex_bg_size=\u00a0\u00bbauto 50px\u00a0\u00bb]<div class=\"vcex-spacing wpex-w-100 wpex-clear hidden-phone\" style=\"height:20px;\"><\/div>[vc_column_text css=\u00a0\u00bb.vc_custom_1760046111802{margin-bottom: 20px !important;}\u00a0\u00bb color=\u00a0\u00bbpalette-86&Prime; bottom_margin=\u00a0\u00bb10px\u00a0\u00bb]\n<h2>Octobre &#8211; Des bonbons qui font peur<\/h2>\n[\/vc_column_text][vc_column_text css=\u00a0\u00bb.vc_custom_1760046132518{margin-bottom: 30px !important;}\u00a0\u00bb bottom_margin=\u00a0\u00bb5px\u00a0\u00bb]<strong>1er octobre <\/strong> Journ\u00e9e nationale de la citrouille \u00e9pic\u00e9e[\/vc_column_text][vc_column_text css=\u00a0\u00bb.vc_custom_1760046148219{margin-bottom: 30px !important;}\u00a0\u00bb bottom_margin=\u00a0\u00bb5px\u00a0\u00bb]<strong>14 octobre<\/strong> Journ\u00e9e nationale des desserts[\/vc_column_text][vc_column_text css=\u00a0\u00bb.vc_custom_1760116091028{margin-bottom: 30px !important;}\u00a0\u00bb bottom_margin=\u00a0\u00bb5px\u00a0\u00bb]<strong>18 octobre<\/strong> Journ\u00e9e nationale du g\u00e2teau au chocolat[\/vc_column_text][vc_column_text css=\u00a0\u00bb.vc_custom_1760046185128{margin-bottom: 30px !important;}\u00a0\u00bb bottom_margin=\u00a0\u00bb5px\u00a0\u00bb]<strong>31 octobre<\/strong> Halloween[\/vc_column_text][\/vc_column][\/vc_row][\/vc_section][vc_section el_class=\u00a0\u00bboverlapping-columns\u00a0\u00bb css=\u00a0\u00bb.vc_custom_1760047234337{margin-bottom: 40px !important;}\u00a0\u00bb][vc_row remove_bottom_col_margin=\u00a0\u00bbtrue\u00a0\u00bb el_class=\u00a0\u00bbimage-row\u00a0\u00bb][vc_column width=\u00a0\u00bb1\/2&Prime; offset=\u00a0\u00bbvc_col-sm-offset-6&Prime;]<figure class=\"vcex-image vcex-module\"><div class=\"vcex-image-inner wpex-relative wpex-w-100\"><img width=\"7962\" height=\"5311\" src=\"https:\/\/bakemark.com\/wp-content\/uploads\/2025\/10\/INFood-Marketing_4.16.25_3735.jpg\" class=\"vcex-image-img wpex-align-middle wpex-w-100\" alt=\"\" loading=\"lazy\" decoding=\"async\" srcset=\"https:\/\/bakemark.com\/wp-content\/uploads\/2025\/10\/INFood-Marketing_4.16.25_3735.jpg 7962w, https:\/\/bakemark.com\/wp-content\/uploads\/2025\/10\/INFood-Marketing_4.16.25_3735-300x200.jpg 300w, https:\/\/bakemark.com\/wp-content\/uploads\/2025\/10\/INFood-Marketing_4.16.25_3735-1024x683.jpg 1024w, https:\/\/bakemark.com\/wp-content\/uploads\/2025\/10\/INFood-Marketing_4.16.25_3735-768x512.jpg 768w\" sizes=\"auto, (max-width: 7962px) 100vw, 7962px\" \/><\/div><\/figure>[\/vc_column][\/vc_row][vc_row full_width=\u00a0\u00bbstretch_row\u00a0\u00bb remove_bottom_col_margin=\u00a0\u00bbtrue\u00a0\u00bb el_class=\u00a0\u00bbcontent-row\u00a0\u00bb][vc_column width=\u00a0\u00bb2\/3&Prime; css=\u00a0\u00bb.vc_custom_1760047457633{padding-top: 50px !important;padding-bottom: 50px !important;background-color: #f5f0e4 !important;background-position: 0 0 !important;background-repeat: repeat-x !important;}\u00a0\u00bb wpex_bg_position=\u00a0\u00bbleft bottom\u00a0\u00bb wpex_bg_size=\u00a0\u00bbauto 50px\u00a0\u00bb]<div class=\"vcex-spacing wpex-w-100 wpex-clear hidden-phone\" style=\"height:20px;\"><\/div>[vc_column_text css=\u00a0\u00bb.vc_custom_1760046231436{margin-bottom: 20px !important;}\u00a0\u00bb color=\u00a0\u00bbpalette-86&Prime; bottom_margin=\u00a0\u00bb10px\u00a0\u00bb]\n<h2>Novembre &#8211; Apportez des cr\u00e9ations r\u00e9confortantes<\/h2>\n[\/vc_column_text][vc_column_text css=\u00a0\u00bb.vc_custom_1760046252046{margin-bottom: 30px !important;}\u00a0\u00bb bottom_margin=\u00a0\u00bb5px\u00a0\u00bb]<strong>1er novembre<\/strong> D\u00eda de los Muertos[\/vc_column_text][vc_column_text css=\u00a0\u00bb.vc_custom_1760046273813{margin-bottom: 30px !important;}\u00a0\u00bb bottom_margin=\u00a0\u00bb5px\u00a0\u00bb]<strong>11 novembre<\/strong> Journ\u00e9e des anciens combattants[\/vc_column_text][vc_column_text css=\u00a0\u00bb.vc_custom_1760046289679{margin-bottom: 30px !important;}\u00a0\u00bb bottom_margin=\u00a0\u00bb5px\u00a0\u00bb]<strong>26 novembre<\/strong> Journ\u00e9e nationale du g\u00e2teau[\/vc_column_text][vc_column_text css=\u00a0\u00bb.vc_custom_1760046305619{margin-bottom: 30px !important;}\u00a0\u00bb bottom_margin=\u00a0\u00bb5px\u00a0\u00bb]<strong>27 novembre<\/strong> Action de gr\u00e2ce[\/vc_column_text]<div class=\"vcex-spacing wpex-w-100 wpex-clear hidden-phone\" style=\"height:20px;\"><\/div>[\/vc_column][\/vc_row][\/vc_section][vc_section el_class=\u00a0\u00bboverlapping-columns\u00a0\u00bb css=\u00a0\u00bb.vc_custom_1760047019229{margin-bottom: 40px !important;}\u00a0\u00bb][vc_row remove_bottom_col_margin=\u00a0\u00bbtrue\u00a0\u00bb el_class=\u00a0\u00bbimage-row\u00a0\u00bb][vc_column width=\u00a0\u00bb1\/2&Prime;]<figure class=\"vcex-image vcex-module\"><div class=\"vcex-image-inner wpex-relative wpex-w-100\"><img width=\"7957\" height=\"5307\" src=\"https:\/\/bakemark.com\/wp-content\/uploads\/2025\/10\/INFood-Marketing_4.16.25_4049.jpg\" class=\"vcex-image-img wpex-align-middle wpex-w-100\" alt=\"\" loading=\"lazy\" decoding=\"async\" srcset=\"https:\/\/bakemark.com\/wp-content\/uploads\/2025\/10\/INFood-Marketing_4.16.25_4049.jpg 7957w, https:\/\/bakemark.com\/wp-content\/uploads\/2025\/10\/INFood-Marketing_4.16.25_4049-300x200.jpg 300w, https:\/\/bakemark.com\/wp-content\/uploads\/2025\/10\/INFood-Marketing_4.16.25_4049-1024x683.jpg 1024w, https:\/\/bakemark.com\/wp-content\/uploads\/2025\/10\/INFood-Marketing_4.16.25_4049-768x512.jpg 768w\" sizes=\"auto, (max-width: 7957px) 100vw, 7957px\" \/><\/div><\/figure>[\/vc_column][\/vc_row][vc_row full_width=\u00a0\u00bbstretch_row\u00a0\u00bb remove_bottom_col_margin=\u00a0\u00bbtrue\u00a0\u00bb el_class=\u00a0\u00bbcontent-row\u00a0\u00bb][vc_column width=\u00a0\u00bb2\/3&Prime; offset=\u00a0\u00bbvc_col-sm-offset-4&Prime; css=\u00a0\u00bb.vc_custom_1760047577605{padding-top: 30px !important;padding-bottom: 30px !important;background-color: #f5f0e4 !important;background-position: 0 0 !important;background-repeat: repeat-x !important;}\u00a0\u00bb wpex_bg_position=\u00a0\u00bbleft bottom\u00a0\u00bb wpex_bg_size=\u00a0\u00bbauto 50px\u00a0\u00bb]<div class=\"vcex-spacing wpex-w-100 wpex-clear hidden-phone\" style=\"height:20px;\"><\/div>[vc_column_text css=\u00a0\u00bb.vc_custom_1760046345528{margin-bottom: 20px !important;}\u00a0\u00bb color=\u00a0\u00bbpalette-86&Prime; bottom_margin=\u00a0\u00bb10px\u00a0\u00bb]\n<h2>D\u00e9cembre &#8211; De d\u00e9licieuses nouvelles de la joie<\/h2>\n[\/vc_column_text][vc_column_text css=\u00a0\u00bb.vc_custom_1760046366544{margin-bottom: 30px !important;}\u00a0\u00bb bottom_margin=\u00a0\u00bb5px\u00a0\u00bb]<strong>8 d\u00e9cembre<\/strong> Journ\u00e9e nationale des Brownies[\/vc_column_text][vc_column_text css=\u00a0\u00bb.vc_custom_1760046396407{margin-bottom: 30px !important;}\u00a0\u00bb bottom_margin=\u00a0\u00bb5px\u00a0\u00bb]<strong>14 d\u00e9cembre<\/strong> D\u00e9but de Hanoukka[\/vc_column_text][vc_column_text css=\u00a0\u00bb.vc_custom_1760046418652{margin-bottom: 30px !important;}\u00a0\u00bb bottom_margin=\u00a0\u00bb5px\u00a0\u00bb]<strong>15 d\u00e9cembre <\/strong> Journ\u00e9e nationale du cupcake[\/vc_column_text][vc_column_text css=\u00a0\u00bb.vc_custom_1760046476682{margin-bottom: 30px !important;}\u00a0\u00bb bottom_margin=\u00a0\u00bb5px\u00a0\u00bb]<strong>25 d\u00e9cembre<\/strong> Jour de No\u00ebl[\/vc_column_text][vc_column_text css=\u00a0\u00bb.vc_custom_1760046493347{margin-bottom: 30px !important;}\u00a0\u00bb]<strong>31 d\u00e9cembre<\/strong> R\u00e9veillon du Nouvel An[\/vc_column_text][\/vc_column][\/vc_row][\/vc_section][vc_row][vc_column]<style>.vcex-heading.vcex_69e036735d22d{color:#982126;}<\/style><div class=\"vcex-heading vcex-heading-plain vcex-module wpex-h3 wpex-text-center vcex_69e036735d22d\"><span class=\"vcex-heading-inner wpex-inline-block\">D\u00e9couvrez des cr\u00e9ations pr\u00eates pour l&apos;\u00e9t\u00e9<\/span><\/div>[vc_column_text css=\u00a0\u00bb\u00a0\u00bb]\n<p style=\"text-align: center;\">D\u00e9couvrez des recettes aux saveurs fra\u00eeches, aux couleurs \u00e9clatantes et aux go\u00fbts \u00e9tonnants qui \u00e9gayent la saison \u00e0 chaque bouch\u00e9e.<\/p>\n[\/vc_column_text][\/vc_column][\/vc_row][vc_row][vc_column][vc_column_text css=\u00a0\u00bb\u00a0\u00bb]\n<p style=\"text-align: center;\">D\u00e9couvrez toutes les recettes qui peuvent aider votre boulangerie \u00e0 se d\u00e9velopper et \u00e0 prosp\u00e9rer !<\/p>\n[\/vc_column_text][\/vc_column][\/vc_row][vc_row][vc_column]<div class=\"theme-button-wrap textcenter wpex-clr\"><a href=\"https:\/\/bakemark.com\/recipes\/\" class=\"vcex-button theme-button align-center inline\"><span class=\"vcex-button-inner theme-button-inner wpex-flex wpex-flex-wrap wpex-items-center wpex-justify-center\">D\u00c9COUVRIR PLUS<\/span><\/a><\/div> [\/vc_column][\/vc_row][vc_row][vc_column][\/vc_column][\/vc_row][vc_row][vc_column]<div class=\"wpex-template-shortcode\"><style type=\"text\/css\" data-type=\"vc_shortcodes-custom-css\">.vc_custom_1721317701030{background: #982126 url(https:\/\/bakemark.com\/wp-content\/uploads\/2024\/07\/bakemark-border.svg?id=340) !important;background-position: 0 0 !important;background-repeat: repeat-x !important;}.vc_custom_1720105893517{margin-bottom: 0px !important;}<\/style><div class=\"vc_section bigbrow vc_custom_1721317701030 wpex-vc-full-width-section wpex-vc-full-width-section--centered wpex-relative wpex-vc_section-has-fill wpex-vc_section-mx-0\" style=\"background-position:bottom left!important;background-size:auto 50px!important;\"><div class=\"vc_row wpb_row vc_row-fluid vc_row-o-content-middle vc_row-flex wpex-relative wpex-vc_row-col-mb-0 typography-white\"><div class=\"wpb_column vc_column_container vc_col-sm-2\"><div class=\"vc_column-inner vc_custom_1720105893517\"><div class=\"wpb_wrapper\"><\/div><\/div><\/div><div class=\"wpb_column vc_column_container vc_col-sm-8\"><div class=\"vc_column-inner\"><div class=\"wpb_wrapper\"><div class=\"vcex-spacing wpex-w-100 wpex-clear\"><\/div>\n\t<div class=\"wpb_text_column wpb_content_element\" >\n\t\t<div class=\"wpb_wrapper\">\n\t\t\t<h2 style=\"text-align: center\">Vous avez des questions ? Nous sommes \u00e0 votre disposition <\/h2>\n<p style=\"text-align: center\">Vous avez besoin de plus d&rsquo;informations sur les produits ou les solutions ? Vous \u00eates pr\u00eat \u00e0 entamer une conversation ? Un repr\u00e9sentant de BakeMark r\u00e9pondra rapidement \u00e0 votre message.  <\/p>\n\n\t\t<\/div>\n\t<\/div>\n<div class=\"vcex-spacing wpex-w-100 wpex-clear\"><\/div><div class=\"theme-button-wrap textcenter wpex-clr\"><a href=\"https:\/\/bakemark.com\/fr\/contactez-nous\/\" class=\"vcex-button theme-button align-center inline btnoncolor\"><span class=\"vcex-button-inner theme-button-inner wpex-flex wpex-flex-wrap wpex-items-center wpex-justify-center\">Contactez nous<\/span><\/a><\/div> \t<style>.vcex_69e036736230a{height:70px;}@media (max-width:767px){.vcex_69e036736230a{height:80px;}}<\/style>\n<div class=\"vcex-spacing wpex-w-100 wpex-clear vcex_69e036736230a\"><\/div><\/div><\/div><\/div><div class=\"wpb_column vc_column_container vc_col-sm-2\"><div class=\"vc_column-inner\"><div class=\"wpb_wrapper\"><\/div><\/div><\/div><\/div><\/div>\n<\/div>[\/vc_column][\/vc_row][vc_row][vc_column width=\u00a0\u00bb1\/4&Prime;][\/vc_column][vc_column width=\u00a0\u00bb1\/2&Prime;]<figure class=\"vcex-image vcex-module wpex-text-center\"><div class=\"vcex-image-inner wpex-relative wpex-inline-block\"><img width=\"300\" height=\"300\" src=\"https:\/\/bakemark.com\/wp-content\/uploads\/2025\/11\/Untitled-design-81.png\" class=\"vcex-image-img wpex-align-middle wpex-aspect-1-1 wpex-object-fill\" alt=\"\" loading=\"lazy\" decoding=\"async\" srcset=\"https:\/\/bakemark.com\/wp-content\/uploads\/2025\/11\/Untitled-design-81.png 300w, https:\/\/bakemark.com\/wp-content\/uploads\/2025\/11\/Untitled-design-81-150x150.png 150w\" sizes=\"auto, (max-width: 300px) 100vw, 300px\" \/><\/div><\/figure>[\/vc_column][\/vc_row]\n<\/div>","protected":false},"excerpt":{"rendered":"Recettes fra\u00eeches et inspiration pour chaque saison 4\u00e8me trimestre 2025 Alors que les jours sont de plus en plus courts et froids, les occasions de se faire plaisir avec des produits de boulangerie qui font envie r\u00e9chauffent nos c\u0153urs. D\u00e9couvrez toutes les fa\u00e7ons dont BakeMark peut soutenir votre entreprise avec des produits, de l'inspiration et&hellip;","protected":false},"author":11,"featured_media":0,"parent":0,"menu_order":0,"comment_status":"closed","ping_status":"closed","template":"","meta":{"_acf_changed":false,"content-type":"","footnotes":""},"class_list":["post-7292","page","type-page","status-publish","hentry","entry","no-media"],"acf":[],"yoast_head":"<!-- This site is optimized with the Yoast SEO plugin v27.3 - https:\/\/yoast.com\/product\/yoast-seo-wordpress\/ -->\n<title>Recettes fra\u00eeches et inspiration pour chaque saison Q4 2025 - BakeMark<\/title>\n<meta name=\"robots\" content=\"index, follow, max-snippet:-1, max-image-preview:large, max-video-preview:-1\" \/>\n<link rel=\"canonical\" href=\"https:\/\/bakemark.com\/fr\/recettes-fraiches-et-inspiration-pour-chaque-saison-2-2\/\" \/>\n<meta property=\"og:locale\" content=\"fr_FR\" \/>\n<meta property=\"og:type\" content=\"article\" \/>\n<meta property=\"og:title\" content=\"Recettes fra\u00eeches et inspiration pour chaque saison Q4 2025 - BakeMark\" \/>\n<meta property=\"og:url\" content=\"https:\/\/bakemark.com\/fr\/recettes-fraiches-et-inspiration-pour-chaque-saison-2-2\/\" \/>\n<meta property=\"og:site_name\" content=\"BakeMark\" \/>\n<meta property=\"article:modified_time\" content=\"2025-11-21T16:47:06+00:00\" \/>\n<meta name=\"twitter:card\" content=\"summary_large_image\" \/>\n<meta name=\"twitter:label1\" content=\"Est. reading time\" \/>\n\t<meta name=\"twitter:data1\" content=\"5 minutes\" \/>\n<script type=\"application\/ld+json\" class=\"yoast-schema-graph\">{\"@context\":\"https:\\\/\\\/schema.org\",\"@graph\":[{\"@type\":\"WebPage\",\"@id\":\"https:\\\/\\\/bakemark.com\\\/fr\\\/recettes-fraiches-et-inspiration-pour-chaque-saison-2-2\\\/\",\"url\":\"https:\\\/\\\/bakemark.com\\\/fr\\\/recettes-fraiches-et-inspiration-pour-chaque-saison-2-2\\\/\",\"name\":\"Recettes fra\u00eeches et inspiration pour chaque saison Q4 2025 - BakeMark\",\"isPartOf\":{\"@id\":\"https:\\\/\\\/bakemark.com\\\/fr\\\/#website\"},\"datePublished\":\"2025-10-09T21:50:16+00:00\",\"dateModified\":\"2025-11-21T16:47:06+00:00\",\"breadcrumb\":{\"@id\":\"https:\\\/\\\/bakemark.com\\\/fr\\\/recettes-fraiches-et-inspiration-pour-chaque-saison-2-2\\\/#breadcrumb\"},\"inLanguage\":\"fr-FR\",\"potentialAction\":[{\"@type\":\"ReadAction\",\"target\":[\"https:\\\/\\\/bakemark.com\\\/fr\\\/recettes-fraiches-et-inspiration-pour-chaque-saison-2-2\\\/\"]}]},{\"@type\":\"BreadcrumbList\",\"@id\":\"https:\\\/\\\/bakemark.com\\\/fr\\\/recettes-fraiches-et-inspiration-pour-chaque-saison-2-2\\\/#breadcrumb\",\"itemListElement\":[{\"@type\":\"ListItem\",\"position\":1,\"name\":\"Home\",\"item\":\"https:\\\/\\\/bakemark.com\\\/fr\\\/\"},{\"@type\":\"ListItem\",\"position\":2,\"name\":\"Recettes fra\u00eeches et inspiration pour chaque saison Q4 2025\"}]},{\"@type\":\"WebSite\",\"@id\":\"https:\\\/\\\/bakemark.com\\\/fr\\\/#website\",\"url\":\"https:\\\/\\\/bakemark.com\\\/fr\\\/\",\"name\":\"BakeMark\",\"description\":\"\",\"publisher\":{\"@id\":\"https:\\\/\\\/bakemark.com\\\/fr\\\/#organization\"},\"potentialAction\":[{\"@type\":\"SearchAction\",\"target\":{\"@type\":\"EntryPoint\",\"urlTemplate\":\"https:\\\/\\\/bakemark.com\\\/fr\\\/?s={search_term_string}\"},\"query-input\":{\"@type\":\"PropertyValueSpecification\",\"valueRequired\":true,\"valueName\":\"search_term_string\"}}],\"inLanguage\":\"fr-FR\"},{\"@type\":\"Organization\",\"@id\":\"https:\\\/\\\/bakemark.com\\\/fr\\\/#organization\",\"name\":\"BakeMark\",\"url\":\"https:\\\/\\\/bakemark.com\\\/fr\\\/\",\"logo\":{\"@type\":\"ImageObject\",\"inLanguage\":\"fr-FR\",\"@id\":\"https:\\\/\\\/bakemark.com\\\/fr\\\/#\\\/schema\\\/logo\\\/image\\\/\",\"url\":\"https:\\\/\\\/bakemark.com\\\/wp-content\\\/uploads\\\/2024\\\/07\\\/bakemark-logo-wht.svg\",\"contentUrl\":\"https:\\\/\\\/bakemark.com\\\/wp-content\\\/uploads\\\/2024\\\/07\\\/bakemark-logo-wht.svg\",\"width\":233,\"height\":58,\"caption\":\"BakeMark\"},\"image\":{\"@id\":\"https:\\\/\\\/bakemark.com\\\/fr\\\/#\\\/schema\\\/logo\\\/image\\\/\"}}]}<\/script>\n<!-- \/ Yoast SEO plugin. -->","yoast_head_json":{"title":"Recettes fra\u00eeches et inspiration pour chaque saison Q4 2025 - BakeMark","robots":{"index":"index","follow":"follow","max-snippet":"max-snippet:-1","max-image-preview":"max-image-preview:large","max-video-preview":"max-video-preview:-1"},"canonical":"https:\/\/bakemark.com\/fr\/recettes-fraiches-et-inspiration-pour-chaque-saison-2-2\/","og_locale":"fr_FR","og_type":"article","og_title":"Recettes fra\u00eeches et inspiration pour chaque saison Q4 2025 - BakeMark","og_url":"https:\/\/bakemark.com\/fr\/recettes-fraiches-et-inspiration-pour-chaque-saison-2-2\/","og_site_name":"BakeMark","article_modified_time":"2025-11-21T16:47:06+00:00","twitter_card":"summary_large_image","twitter_misc":{"Est. reading time":"5 minutes"},"schema":{"@context":"https:\/\/schema.org","@graph":[{"@type":"WebPage","@id":"https:\/\/bakemark.com\/fr\/recettes-fraiches-et-inspiration-pour-chaque-saison-2-2\/","url":"https:\/\/bakemark.com\/fr\/recettes-fraiches-et-inspiration-pour-chaque-saison-2-2\/","name":"Recettes fra\u00eeches et inspiration pour chaque saison Q4 2025 - BakeMark","isPartOf":{"@id":"https:\/\/bakemark.com\/fr\/#website"},"datePublished":"2025-10-09T21:50:16+00:00","dateModified":"2025-11-21T16:47:06+00:00","breadcrumb":{"@id":"https:\/\/bakemark.com\/fr\/recettes-fraiches-et-inspiration-pour-chaque-saison-2-2\/#breadcrumb"},"inLanguage":"fr-FR","potentialAction":[{"@type":"ReadAction","target":["https:\/\/bakemark.com\/fr\/recettes-fraiches-et-inspiration-pour-chaque-saison-2-2\/"]}]},{"@type":"BreadcrumbList","@id":"https:\/\/bakemark.com\/fr\/recettes-fraiches-et-inspiration-pour-chaque-saison-2-2\/#breadcrumb","itemListElement":[{"@type":"ListItem","position":1,"name":"Home","item":"https:\/\/bakemark.com\/fr\/"},{"@type":"ListItem","position":2,"name":"Recettes fra\u00eeches et inspiration pour chaque saison Q4 2025"}]},{"@type":"WebSite","@id":"https:\/\/bakemark.com\/fr\/#website","url":"https:\/\/bakemark.com\/fr\/","name":"BakeMark","description":"","publisher":{"@id":"https:\/\/bakemark.com\/fr\/#organization"},"potentialAction":[{"@type":"SearchAction","target":{"@type":"EntryPoint","urlTemplate":"https:\/\/bakemark.com\/fr\/?s={search_term_string}"},"query-input":{"@type":"PropertyValueSpecification","valueRequired":true,"valueName":"search_term_string"}}],"inLanguage":"fr-FR"},{"@type":"Organization","@id":"https:\/\/bakemark.com\/fr\/#organization","name":"BakeMark","url":"https:\/\/bakemark.com\/fr\/","logo":{"@type":"ImageObject","inLanguage":"fr-FR","@id":"https:\/\/bakemark.com\/fr\/#\/schema\/logo\/image\/","url":"https:\/\/bakemark.com\/wp-content\/uploads\/2024\/07\/bakemark-logo-wht.svg","contentUrl":"https:\/\/bakemark.com\/wp-content\/uploads\/2024\/07\/bakemark-logo-wht.svg","width":233,"height":58,"caption":"BakeMark"},"image":{"@id":"https:\/\/bakemark.com\/fr\/#\/schema\/logo\/image\/"}}]}},"_links":{"self":[{"href":"https:\/\/bakemark.com\/fr\/wp-json\/wp\/v2\/pages\/7292","targetHints":{"allow":["GET"]}}],"collection":[{"href":"https:\/\/bakemark.com\/fr\/wp-json\/wp\/v2\/pages"}],"about":[{"href":"https:\/\/bakemark.com\/fr\/wp-json\/wp\/v2\/types\/page"}],"author":[{"embeddable":true,"href":"https:\/\/bakemark.com\/fr\/wp-json\/wp\/v2\/users\/11"}],"replies":[{"embeddable":true,"href":"https:\/\/bakemark.com\/fr\/wp-json\/wp\/v2\/comments?post=7292"}],"version-history":[{"count":0,"href":"https:\/\/bakemark.com\/fr\/wp-json\/wp\/v2\/pages\/7292\/revisions"}],"wp:attachment":[{"href":"https:\/\/bakemark.com\/fr\/wp-json\/wp\/v2\/media?parent=7292"}],"curies":[{"name":"wp","href":"https:\/\/api.w.org\/{rel}","templated":true}]}}