{"id":7237,"date":"2025-07-22T10:22:48","date_gmt":"2025-07-22T15:22:48","guid":{"rendered":"https:\/\/bakemark.com\/bakemark-ibie-2025\/"},"modified":"2025-07-24T11:02:47","modified_gmt":"2025-07-24T16:02:47","slug":"bakemark-ibie-2025","status":"publish","type":"page","link":"https:\/\/bakemark.com\/fr\/bakemark-ibie-2025\/","title":{"rendered":"BakeMark IBIE 2025"},"content":{"rendered":"<div class=\"wpb-content-wrapper\">[vc_section css=\u00a0\u00bb.vc_custom_1721405355210{margin-bottom: 70px !important;}\u00a0\u00bb][vc_row full_width=\u00a0\u00bbstretch_row\u00a0\u00bb content_placement=\u00a0\u00bbbottom\u00a0\u00bb remove_bottom_col_margin=\u00a0\u00bbtrue\u00a0\u00bb typography_style=\u00a0\u00bbwhite\u00a0\u00bb css=\u00a0\u00bb.vc_custom_1721321913296{padding-top: 35px !important;padding-bottom: 20px !important;background-color: #982126 !important;}\u00a0\u00bb el_class=\u00a0\u00bbbanner-headline\u00a0\u00bb][vc_column width=\u00a0\u00bb1\/2&Prime; offset=\u00a0\u00bbvc_col-lg-5&Prime;][vc_column_text css=\u00a0\u00bb\u00a0\u00bb]\n<h1>D\u00e9couvrez des solutions innovantes et rencontrez l&rsquo;\u00e9quipe<\/h1>\n[\/vc_column_text][\/vc_column][\/vc_row][vc_row remove_bottom_col_margin=\u00a0\u00bbtrue\u00a0\u00bb css=\u00a0\u00bb.vc_custom_1721319595505{margin-top: 20px !important;}\u00a0\u00bb][vc_column width=\u00a0\u00bb1\/2&Prime;][vc_column_text css=\u00a0\u00bb\u00a0\u00bb el_class=\u00a0\u00bbbanner-subtext\u00a0\u00bb]Rejoignez-nous \u00e0 IBIE 2025 <strong>Booth #833<\/strong>, du 14 au 17 septembre au Las Vegas Convention Center, o\u00f9 nous pr\u00e9senterons des solutions de boulangerie con\u00e7ues pour aider votre entreprise \u00e0 prosp\u00e9rer. Les membres de l&rsquo;\u00e9quipe seront sur place pour discuter des approches \u00e0 adopter pour r\u00e9pondre \u00e0 vos besoins sp\u00e9cifiques.[\/vc_column_text][\/vc_column][\/vc_row][vc_row full_width=\u00a0\u00bbstretch_row_content_no_spaces\u00a0\u00bb remove_bottom_col_margin=\u00a0\u00bbtrue\u00a0\u00bb el_class=\u00a0\u00bbbanner-image\u00a0\u00bb][vc_column width=\u00a0\u00bb1\/2&Prime; offset=\u00a0\u00bbvc_col-sm-offset-6&Prime;]<div class=\"vcex-spacing wpex-w-100 wpex-clear visible-phone\" style=\"height:30px;\"><\/div><figure class=\"vcex-image vcex-module\"><div class=\"vcex-image-inner wpex-relative wpex-inline-block\"><img width=\"2560\" height=\"1920\" src=\"https:\/\/bakemark.com\/wp-content\/uploads\/2025\/07\/Image_20250724_085833-scaled.jpeg\" class=\"vcex-image-img wpex-align-middle\" alt=\"\" loading=\"lazy\" decoding=\"async\" srcset=\"https:\/\/bakemark.com\/wp-content\/uploads\/2025\/07\/Image_20250724_085833-scaled.jpeg 2560w, https:\/\/bakemark.com\/wp-content\/uploads\/2025\/07\/Image_20250724_085833-300x225.jpeg 300w, https:\/\/bakemark.com\/wp-content\/uploads\/2025\/07\/Image_20250724_085833-1024x768.jpeg 1024w, https:\/\/bakemark.com\/wp-content\/uploads\/2025\/07\/Image_20250724_085833-768x576.jpeg 768w, https:\/\/bakemark.com\/wp-content\/uploads\/2025\/07\/Image_20250724_085833-1536x1152.jpeg 1536w, https:\/\/bakemark.com\/wp-content\/uploads\/2025\/07\/Image_20250724_085833-2048x1536.jpeg 2048w\" sizes=\"auto, (max-width: 2560px) 100vw, 2560px\" \/><\/div><\/figure>[\/vc_column][\/vc_row][\/vc_section][vc_section el_class=\u00a0\u00bboverlapping-columns red-on-print\u00a0\u00bb css=\u00a0\u00bb.vc_custom_1723563407956{margin-bottom: 55px !important;}\u00a0\u00bb][vc_row][vc_column][vc_column_text css=\u00a0\u00bb\u00a0\u00bb]\n<h1 class=\"vcex-heading vcex-heading-plain vcex-module wpex-heading wpex-text-2xl wpex-mb-20 wpex-text-center wpex-max-w-100 wpex-mx-auto vcex_68815939a24bd\" style=\"text-align: center;\"><span class=\"vcex-heading-inner wpex-inline-block\">Pr\u00eat \u00e0 d\u00e9velopper votre entreprise ?<\/span><\/h1>\n<p style=\"text-align: center;\">D\u00e9couvrez des strat\u00e9gies r\u00e9elles, des id\u00e9es nouvelles et un soutien pratique de la part de l&rsquo;\u00e9quipe BakeMark \u00e0 l&rsquo;IBIE 2025. Nous sommes l\u00e0 pour vous aider ! <\/p>\n<p style=\"text-align: center;\">Remplissez le formulaire pour nous informer de votre venue et recevez un code de r\u00e9duction de 20% sur l&rsquo;inscription \u00e0 l&rsquo;IBIE !<\/p>\n[\/vc_column_text][\/vc_column][\/vc_row][vc_row][vc_column]<div class=\"vcex-form-shortcode vcex-module wpex-form wpex-m-auto wpex-max-w-100\"><script src=\"https:\/\/js.hsforms.net\/forms\/embed\/5292477.js\" defer><\/script><\/p>\n<div class=\"hs-form-frame\" data-region=\"na1\" data-form-id=\"883fe5c7-f9e5-4be8-af9d-4dac263193e6\" data-portal-id=\"5292477\"><\/div>\n<\/div>[vc_column_text css=\u00a0\u00bb.vc_custom_1753198068966{margin-bottom: 0px !important;}\u00a0\u00bb]<span class=\"wpex-text-sm\"><em>*Champs obligatoires<\/em><\/span>[\/vc_column_text][\/vc_column][\/vc_row][\/vc_section][vc_section el_class=\u00a0\u00bboverlapping-columns red-on-print\u00a0\u00bb css=\u00a0\u00bb.vc_custom_1723563407956{margin-bottom: 55px !important;}\u00a0\u00bb][vc_row remove_bottom_col_margin=\u00a0\u00bbtrue\u00a0\u00bb el_class=\u00a0\u00bbimage-row align-bottom\u00a0\u00bb][vc_column width=\u00a0\u00bb7\/12&Prime; el_class=\u00a0\u00bbhide-on-print\u00a0\u00bb css=\u00a0\u00bb.vc_custom_1753210812550{padding-bottom: 0px !important;}\u00a0\u00bb]<style>.vcex-image.vcex_69df07063c6ca .vcex-image-inner{max-width:90%;}<\/style><figure class=\"vcex-image vcex-module vcex_69df07063c6ca\"><div class=\"vcex-image-inner wpex-relative wpex-inline-block\"><img width=\"962\" height=\"709\" src=\"https:\/\/bakemark.com\/wp-content\/uploads\/2025\/07\/Westco2880YeastRaisedDonutMix.png\" class=\"vcex-image-img wpex-align-middle\" alt=\"Westo 2880 Yeast Raised Donut cut in half\" loading=\"lazy\" decoding=\"async\" srcset=\"https:\/\/bakemark.com\/wp-content\/uploads\/2025\/07\/Westco2880YeastRaisedDonutMix.png 962w, https:\/\/bakemark.com\/wp-content\/uploads\/2025\/07\/Westco2880YeastRaisedDonutMix-300x221.png 300w, https:\/\/bakemark.com\/wp-content\/uploads\/2025\/07\/Westco2880YeastRaisedDonutMix-768x566.png 768w\" sizes=\"auto, (max-width: 962px) 100vw, 962px\" \/><\/div><\/figure>\t<style>.vcex_69df07063cb9f{height:30px;}<\/style>\n<div class=\"vcex-spacing wpex-w-100 wpex-clear hidden-phone vcex_69df07063cb9f\"><\/div>[\/vc_column][\/vc_row][vc_row full_width=\u00a0\u00bbstretch_row\u00a0\u00bb remove_bottom_col_margin=\u00a0\u00bbtrue\u00a0\u00bb typography_style=\u00a0\u00bbwhite\u00a0\u00bb el_class=\u00a0\u00bbcontent-row\u00a0\u00bb][vc_column width=\u00a0\u00bb7\/12&Prime; offset=\u00a0\u00bbvc_col-sm-offset-5&Prime; css=\u00a0\u00bb.vc_custom_1753210029078{padding-top: 100px !important;padding-bottom: 100px !important;background-color: #F5F0E4 !important;background-position: 0 0 !important;background-repeat: repeat-x !important;}\u00a0\u00bb wpex_bg_position=\u00a0\u00bbleft bottom\u00a0\u00bb wpex_bg_size=\u00a0\u00bbauto 50px\u00a0\u00bb el_class=\u00a0\u00bbfull-width-print\u00a0\u00bb]\t<style>.vcex_69df07063cc58{height:30px;}<\/style>\n<div class=\"vcex-spacing wpex-w-100 wpex-clear hidden-phone vcex_69df07063cc58\"><\/div>[vc_column_text css=\u00a0\u00bb.vc_custom_1753195618612{margin-bottom: 15px !important;}\u00a0\u00bb color=\u00a0\u00bb#872b2b\u00a0\u00bb]\n<h4>D\u00e9couvrez une avanc\u00e9e en mati\u00e8re de fra\u00eecheur<\/h4>\n[\/vc_column_text][vc_column_text css=\u00a0\u00bb\u00a0\u00bb color=\u00a0\u00bb#2a2727&Prime;]Le <sup>Westco\u00ae<\/sup> <sup>2880\u00ae<\/sup> Yeast Raised Donut Mix &amp; Base peut vous aider \u00e0 prolonger la dur\u00e9e de conservation, \u00e0 minimiser la main d&rsquo;\u0153uvre et \u00e0 r\u00e9duire les d\u00e9chets.[\/vc_column_text]<div class=\"vcex-spacing wpex-w-100 wpex-clear\" style=\"height:15px;\"><\/div><a href=\"https:\/\/bakemark.com\/fr\/bmk-subcategories\/westco-2880-melange-et-base-pour-beignets-a-base-de-levure-et-a-duree-de-conservation-prolongee\/\" class=\"vcex-button theme-button inline btnoncolor hide-on-print\"><span class=\"vcex-button-inner theme-button-inner wpex-flex wpex-flex-wrap wpex-items-center wpex-justify-center\">Voir plus<\/span><\/a> \t<style>.vcex_69df07063ea07{height:30px;}<\/style>\n<div class=\"vcex-spacing wpex-w-100 wpex-clear hidden-phone vcex_69df07063ea07\"><\/div>[\/vc_column][\/vc_row][\/vc_section][vc_section el_class=\u00a0\u00bboverlapping-columns\u00a0\u00bb css=\u00a0\u00bb.vc_custom_1753209098760{padding-top: 40px !important;padding-bottom: 40px !important;}\u00a0\u00bb][vc_row remove_bottom_col_margin=\u00a0\u00bbtrue\u00a0\u00bb el_class=\u00a0\u00bbimage-row\u00a0\u00bb][vc_column width=\u00a0\u00bb7\/12&Prime; offset=\u00a0\u00bbvc_col-sm-offset-6&Prime;]<figure class=\"vcex-image vcex-module\"><div class=\"vcex-image-inner wpex-relative wpex-w-100\"><img width=\"962\" height=\"709\" src=\"https:\/\/bakemark.com\/wp-content\/uploads\/2025\/07\/WestcoCremeFillings.png\" class=\"vcex-image-img wpex-align-middle wpex-w-100\" alt=\"Westco Creme filling mocha filled bismarck with a bite taken out to show filling\" loading=\"lazy\" decoding=\"async\" srcset=\"https:\/\/bakemark.com\/wp-content\/uploads\/2025\/07\/WestcoCremeFillings.png 962w, https:\/\/bakemark.com\/wp-content\/uploads\/2025\/07\/WestcoCremeFillings-300x221.png 300w, https:\/\/bakemark.com\/wp-content\/uploads\/2025\/07\/WestcoCremeFillings-768x566.png 768w\" sizes=\"auto, (max-width: 962px) 100vw, 962px\" \/><\/div><\/figure>\t<style>.vcex_69df07063f2c0{height:30px;}<\/style>\n<div class=\"vcex-spacing wpex-w-100 wpex-clear hidden-phone vcex_69df07063f2c0\"><\/div>[\/vc_column][\/vc_row][vc_row full_width=\u00a0\u00bbstretch_row\u00a0\u00bb remove_bottom_col_margin=\u00a0\u00bbtrue\u00a0\u00bb el_class=\u00a0\u00bbcontent-row\u00a0\u00bb][vc_column width=\u00a0\u00bb2\/3&Prime; css=\u00a0\u00bb.vc_custom_1753210040490{padding-top: 100px !important;padding-bottom: 100px !important;background-color: #f5f0e4 !important;background-position: 0 0 !important;background-repeat: repeat-x !important;}\u00a0\u00bb wpex_bg_position=\u00a0\u00bbleft bottom\u00a0\u00bb wpex_bg_size=\u00a0\u00bbauto 50px\u00a0\u00bb]\t<style>.vcex_69df07063f362{height:30px;}<\/style>\n<div class=\"vcex-spacing wpex-w-100 wpex-clear hidden-phone vcex_69df07063f362\"><\/div>[vc_column_text css=\u00a0\u00bb.vc_custom_1753198518468{margin-bottom: 15px !important;}\u00a0\u00bb color=\u00a0\u00bb#872b2b\u00a0\u00bb]\n<h4>Offrir l&rsquo;excellence en toute simplicit\u00e9<\/h4>\n[\/vc_column_text][vc_column_text css=\u00a0\u00bb\u00a0\u00bb color=\u00a0\u00bb#2a2727&Prime;]Disponibles en trois saveurs populaires, les garnitures \u00e0 la cr\u00e8me <sup>Westco\u00ae<\/sup> pr\u00eates \u00e0 l&#8217;emploi offrent un go\u00fbt d\u00e9cadent et une texture cr\u00e9meuse sans ingr\u00e9dients ni \u00e9tapes suppl\u00e9mentaires.[\/vc_column_text]<div class=\"vcex-spacing wpex-w-100 wpex-clear\" style=\"height:15px;\"><\/div><a href=\"https:\/\/bakemark.com\/fr\/bmk-subcategories\/garniture-a-la-creme-aromatisee-westco\/\" class=\"vcex-button theme-button inline btnoncolor hide-on-print\"><span class=\"vcex-button-inner theme-button-inner wpex-flex wpex-flex-wrap wpex-items-center wpex-justify-center\">Voir plus<\/span><\/a> \t<style>.vcex_69df070640752{height:30px;}<\/style>\n<div class=\"vcex-spacing wpex-w-100 wpex-clear hidden-phone vcex_69df070640752\"><\/div>[\/vc_column][\/vc_row][\/vc_section][vc_section el_class=\u00a0\u00bboverlapping-columns red-on-print\u00a0\u00bb css=\u00a0\u00bb.vc_custom_1723563407956{margin-bottom: 55px !important;}\u00a0\u00bb][vc_row remove_bottom_col_margin=\u00a0\u00bbtrue\u00a0\u00bb el_class=\u00a0\u00bbimage-row align-bottom\u00a0\u00bb][vc_column width=\u00a0\u00bb7\/12&Prime; el_class=\u00a0\u00bbhide-on-print\u00a0\u00bb]<style>.vcex-image.vcex_69df070640965 .vcex-image-img{border-radius:15px;}.vcex-image.vcex_69df070640965 .vcex-image-inner{max-width:90%;}<\/style><figure class=\"vcex-image vcex-module vcex_69df070640965\"><div class=\"vcex-image-inner wpex-relative wpex-inline-block\"><img width=\"962\" height=\"759\" src=\"https:\/\/bakemark.com\/wp-content\/uploads\/2025\/07\/WestcoPumpkin-WescoSpiceCakMix.png\" class=\"vcex-image-img wpex-align-middle\" alt=\"Westo Pumpkin Spice Creme Cake Mix used to make a caramel apple cupcake\" loading=\"lazy\" decoding=\"async\" srcset=\"https:\/\/bakemark.com\/wp-content\/uploads\/2025\/07\/WestcoPumpkin-WescoSpiceCakMix.png 962w, https:\/\/bakemark.com\/wp-content\/uploads\/2025\/07\/WestcoPumpkin-WescoSpiceCakMix-300x237.png 300w, https:\/\/bakemark.com\/wp-content\/uploads\/2025\/07\/WestcoPumpkin-WescoSpiceCakMix-768x606.png 768w\" sizes=\"auto, (max-width: 962px) 100vw, 962px\" \/><\/div><\/figure>\t<style>.vcex_69df070640f5c{height:30px;}<\/style>\n<div class=\"vcex-spacing wpex-w-100 wpex-clear hidden-phone vcex_69df070640f5c\"><\/div>[\/vc_column][\/vc_row][vc_row full_width=\u00a0\u00bbstretch_row\u00a0\u00bb remove_bottom_col_margin=\u00a0\u00bbtrue\u00a0\u00bb typography_style=\u00a0\u00bbwhite\u00a0\u00bb el_class=\u00a0\u00bbcontent-row\u00a0\u00bb][vc_column width=\u00a0\u00bb7\/12&Prime; offset=\u00a0\u00bbvc_col-sm-offset-5&Prime; css=\u00a0\u00bb.vc_custom_1753210123900{padding-top: 100px !important;padding-bottom: 100px !important;background-color: #F5F0E4 !important;background-position: 0 0 !important;background-repeat: repeat-x !important;}\u00a0\u00bb wpex_bg_position=\u00a0\u00bbleft bottom\u00a0\u00bb wpex_bg_size=\u00a0\u00bbauto 50px\u00a0\u00bb el_class=\u00a0\u00bbfull-width-print\u00a0\u00bb]\t<style>.vcex_69df070640ff7{height:30px;}<\/style>\n<div class=\"vcex-spacing wpex-w-100 wpex-clear hidden-phone vcex_69df070640ff7\"><\/div>[vc_column_text css=\u00a0\u00bb.vc_custom_1753197790098{margin-bottom: 15px !important;}\u00a0\u00bb color=\u00a0\u00bb#872b2b\u00a0\u00bb]\n<h4>Echantillon <sup>westco\u00ae<\/sup> pumpkin spice cake donut et Cr\u00e8me cake mix<\/h4>\n[\/vc_column_text][vc_column_text css=\u00a0\u00bb\u00a0\u00bb color=\u00a0\u00bb#2a2727&Prime;]Parfait pour cr\u00e9er des friandises chaleureuses et invitantes qui r\u00e9sonnent avec le charme douillet de l&rsquo;automne, ce m\u00e9lange offre une solution pratique et de qualit\u00e9 pour captiver vos consommateurs.[\/vc_column_text]<div class=\"vcex-spacing wpex-w-100 wpex-clear\" style=\"height:15px;\"><\/div><a href=\"https:\/\/bakemark.com\/fr\/bmk-subcategories\/westco-melanges-pour-beignets-et-gateaux-a-la-citrouille-et-a-la-creme\/\" class=\"vcex-button theme-button inline btnoncolor hide-on-print\"><span class=\"vcex-button-inner theme-button-inner wpex-flex wpex-flex-wrap wpex-items-center wpex-justify-center\">Voir plus<\/span><\/a> \t<style>.vcex_69df07064251d{height:30px;}<\/style>\n<div class=\"vcex-spacing wpex-w-100 wpex-clear hidden-phone vcex_69df07064251d\"><\/div>[\/vc_column][\/vc_row][\/vc_section][vc_row remove_bottom_col_margin=\u00a0\u00bbtrue\u00a0\u00bb css=\u00a0\u00bb.vc_custom_1753209033364{margin-top: 35px !important;margin-bottom: 35px !important;}\u00a0\u00bb][vc_column]<div class=\"vcex-spacing wpex-w-100 wpex-clear\" style=\"height:30px;\"><\/div>[\/vc_column][vc_column]<div class=\"wpex-template-shortcode\"><style type=\"text\/css\" data-type=\"vc_shortcodes-custom-css\">.vc_custom_1721317701030{background: #982126 url(https:\/\/bakemark.com\/wp-content\/uploads\/2024\/07\/bakemark-border.svg?id=340) !important;background-position: 0 0 !important;background-repeat: repeat-x !important;}.vc_custom_1720105893517{margin-bottom: 0px !important;}<\/style><div class=\"vc_section bigbrow vc_custom_1721317701030 wpex-vc-full-width-section wpex-vc-full-width-section--centered wpex-relative wpex-vc_section-has-fill wpex-vc_section-mx-0\" style=\"background-position:bottom left!important;background-size:auto 50px!important;\"><div class=\"vc_row wpb_row vc_row-fluid vc_row-o-content-middle vc_row-flex wpex-relative wpex-vc_row-col-mb-0 typography-white\"><div class=\"wpb_column vc_column_container vc_col-sm-2\"><div class=\"vc_column-inner vc_custom_1720105893517\"><div class=\"wpb_wrapper\"><\/div><\/div><\/div><div class=\"wpb_column vc_column_container vc_col-sm-8\"><div class=\"vc_column-inner\"><div class=\"wpb_wrapper\"><div class=\"vcex-spacing wpex-w-100 wpex-clear\"><\/div>\n\t<div class=\"wpb_text_column wpb_content_element\" >\n\t\t<div class=\"wpb_wrapper\">\n\t\t\t<h2 style=\"text-align: center\">Vous avez des questions ? Nous sommes \u00e0 votre disposition <\/h2>\n<p style=\"text-align: center\">Vous avez besoin de plus d&rsquo;informations sur les produits ou les solutions ? Vous \u00eates pr\u00eat \u00e0 entamer une conversation ? Un repr\u00e9sentant de BakeMark r\u00e9pondra rapidement \u00e0 votre message.  <\/p>\n\n\t\t<\/div>\n\t<\/div>\n<div class=\"vcex-spacing wpex-w-100 wpex-clear\"><\/div><div class=\"theme-button-wrap textcenter wpex-clr\"><a href=\"https:\/\/bakemark.com\/fr\/contactez-nous\/\" class=\"vcex-button theme-button align-center inline btnoncolor\"><span class=\"vcex-button-inner theme-button-inner wpex-flex wpex-flex-wrap wpex-items-center wpex-justify-center\">Contactez nous<\/span><\/a><\/div> \t<style>.vcex_69df07064639e{height:70px;}@media (max-width:767px){.vcex_69df07064639e{height:80px;}}<\/style>\n<div class=\"vcex-spacing wpex-w-100 wpex-clear vcex_69df07064639e\"><\/div><\/div><\/div><\/div><div class=\"wpb_column vc_column_container vc_col-sm-2\"><div class=\"vc_column-inner\"><div class=\"wpb_wrapper\"><\/div><\/div><\/div><\/div><\/div>\n<\/div>[\/vc_column][\/vc_row]\n<\/div>","protected":false},"excerpt":{"rendered":"D\u00e9couvrez des solutions innovantes et rencontrez l'\u00e9quipe Rejoignez-nous \u00e0 IBIE 2025 Booth #833, du 14 au 17 septembre au Las Vegas Convention Center, o\u00f9 nous pr\u00e9senterons des solutions de boulangerie con\u00e7ues pour aider votre entreprise \u00e0 prosp\u00e9rer. Les membres de l'\u00e9quipe seront sur place pour discuter des approches \u00e0 adopter pour r\u00e9pondre \u00e0 vos besoins&hellip;","protected":false},"author":9,"featured_media":0,"parent":0,"menu_order":0,"comment_status":"closed","ping_status":"closed","template":"","meta":{"_acf_changed":false,"content-type":"","footnotes":""},"class_list":["post-7237","page","type-page","status-publish","hentry","entry","no-media"],"acf":[],"yoast_head":"<!-- This site is optimized with the Yoast SEO plugin v27.3 - https:\/\/yoast.com\/product\/yoast-seo-wordpress\/ -->\n<title>BakeMark IBIE 2025 - BakeMark<\/title>\n<meta name=\"robots\" content=\"index, follow, max-snippet:-1, max-image-preview:large, max-video-preview:-1\" \/>\n<link rel=\"canonical\" href=\"https:\/\/bakemark.com\/fr\/bakemark-ibie-2025\/\" \/>\n<meta property=\"og:locale\" content=\"fr_FR\" \/>\n<meta property=\"og:type\" content=\"article\" \/>\n<meta property=\"og:title\" content=\"BakeMark IBIE 2025 - BakeMark\" \/>\n<meta property=\"og:url\" content=\"https:\/\/bakemark.com\/fr\/bakemark-ibie-2025\/\" \/>\n<meta property=\"og:site_name\" content=\"BakeMark\" \/>\n<meta property=\"article:modified_time\" content=\"2025-07-24T16:02:47+00:00\" \/>\n<meta name=\"twitter:card\" content=\"summary_large_image\" \/>\n<meta name=\"twitter:label1\" content=\"Est. reading time\" \/>\n\t<meta name=\"twitter:data1\" content=\"5 minutes\" \/>\n<script type=\"application\/ld+json\" class=\"yoast-schema-graph\">{\"@context\":\"https:\\\/\\\/schema.org\",\"@graph\":[{\"@type\":\"WebPage\",\"@id\":\"https:\\\/\\\/bakemark.com\\\/fr\\\/bakemark-ibie-2025\\\/\",\"url\":\"https:\\\/\\\/bakemark.com\\\/fr\\\/bakemark-ibie-2025\\\/\",\"name\":\"BakeMark IBIE 2025 - BakeMark\",\"isPartOf\":{\"@id\":\"https:\\\/\\\/bakemark.com\\\/fr\\\/#website\"},\"datePublished\":\"2025-07-22T15:22:48+00:00\",\"dateModified\":\"2025-07-24T16:02:47+00:00\",\"breadcrumb\":{\"@id\":\"https:\\\/\\\/bakemark.com\\\/fr\\\/bakemark-ibie-2025\\\/#breadcrumb\"},\"inLanguage\":\"fr-FR\",\"potentialAction\":[{\"@type\":\"ReadAction\",\"target\":[\"https:\\\/\\\/bakemark.com\\\/fr\\\/bakemark-ibie-2025\\\/\"]}]},{\"@type\":\"BreadcrumbList\",\"@id\":\"https:\\\/\\\/bakemark.com\\\/fr\\\/bakemark-ibie-2025\\\/#breadcrumb\",\"itemListElement\":[{\"@type\":\"ListItem\",\"position\":1,\"name\":\"Home\",\"item\":\"https:\\\/\\\/bakemark.com\\\/fr\\\/\"},{\"@type\":\"ListItem\",\"position\":2,\"name\":\"BakeMark IBIE 2025\"}]},{\"@type\":\"WebSite\",\"@id\":\"https:\\\/\\\/bakemark.com\\\/fr\\\/#website\",\"url\":\"https:\\\/\\\/bakemark.com\\\/fr\\\/\",\"name\":\"BakeMark\",\"description\":\"\",\"publisher\":{\"@id\":\"https:\\\/\\\/bakemark.com\\\/fr\\\/#organization\"},\"potentialAction\":[{\"@type\":\"SearchAction\",\"target\":{\"@type\":\"EntryPoint\",\"urlTemplate\":\"https:\\\/\\\/bakemark.com\\\/fr\\\/?s={search_term_string}\"},\"query-input\":{\"@type\":\"PropertyValueSpecification\",\"valueRequired\":true,\"valueName\":\"search_term_string\"}}],\"inLanguage\":\"fr-FR\"},{\"@type\":\"Organization\",\"@id\":\"https:\\\/\\\/bakemark.com\\\/fr\\\/#organization\",\"name\":\"BakeMark\",\"url\":\"https:\\\/\\\/bakemark.com\\\/fr\\\/\",\"logo\":{\"@type\":\"ImageObject\",\"inLanguage\":\"fr-FR\",\"@id\":\"https:\\\/\\\/bakemark.com\\\/fr\\\/#\\\/schema\\\/logo\\\/image\\\/\",\"url\":\"https:\\\/\\\/bakemark.com\\\/wp-content\\\/uploads\\\/2024\\\/07\\\/bakemark-logo-wht.svg\",\"contentUrl\":\"https:\\\/\\\/bakemark.com\\\/wp-content\\\/uploads\\\/2024\\\/07\\\/bakemark-logo-wht.svg\",\"width\":233,\"height\":58,\"caption\":\"BakeMark\"},\"image\":{\"@id\":\"https:\\\/\\\/bakemark.com\\\/fr\\\/#\\\/schema\\\/logo\\\/image\\\/\"}}]}<\/script>\n<!-- \/ Yoast SEO plugin. -->","yoast_head_json":{"title":"BakeMark IBIE 2025 - BakeMark","robots":{"index":"index","follow":"follow","max-snippet":"max-snippet:-1","max-image-preview":"max-image-preview:large","max-video-preview":"max-video-preview:-1"},"canonical":"https:\/\/bakemark.com\/fr\/bakemark-ibie-2025\/","og_locale":"fr_FR","og_type":"article","og_title":"BakeMark IBIE 2025 - BakeMark","og_url":"https:\/\/bakemark.com\/fr\/bakemark-ibie-2025\/","og_site_name":"BakeMark","article_modified_time":"2025-07-24T16:02:47+00:00","twitter_card":"summary_large_image","twitter_misc":{"Est. reading time":"5 minutes"},"schema":{"@context":"https:\/\/schema.org","@graph":[{"@type":"WebPage","@id":"https:\/\/bakemark.com\/fr\/bakemark-ibie-2025\/","url":"https:\/\/bakemark.com\/fr\/bakemark-ibie-2025\/","name":"BakeMark IBIE 2025 - BakeMark","isPartOf":{"@id":"https:\/\/bakemark.com\/fr\/#website"},"datePublished":"2025-07-22T15:22:48+00:00","dateModified":"2025-07-24T16:02:47+00:00","breadcrumb":{"@id":"https:\/\/bakemark.com\/fr\/bakemark-ibie-2025\/#breadcrumb"},"inLanguage":"fr-FR","potentialAction":[{"@type":"ReadAction","target":["https:\/\/bakemark.com\/fr\/bakemark-ibie-2025\/"]}]},{"@type":"BreadcrumbList","@id":"https:\/\/bakemark.com\/fr\/bakemark-ibie-2025\/#breadcrumb","itemListElement":[{"@type":"ListItem","position":1,"name":"Home","item":"https:\/\/bakemark.com\/fr\/"},{"@type":"ListItem","position":2,"name":"BakeMark IBIE 2025"}]},{"@type":"WebSite","@id":"https:\/\/bakemark.com\/fr\/#website","url":"https:\/\/bakemark.com\/fr\/","name":"BakeMark","description":"","publisher":{"@id":"https:\/\/bakemark.com\/fr\/#organization"},"potentialAction":[{"@type":"SearchAction","target":{"@type":"EntryPoint","urlTemplate":"https:\/\/bakemark.com\/fr\/?s={search_term_string}"},"query-input":{"@type":"PropertyValueSpecification","valueRequired":true,"valueName":"search_term_string"}}],"inLanguage":"fr-FR"},{"@type":"Organization","@id":"https:\/\/bakemark.com\/fr\/#organization","name":"BakeMark","url":"https:\/\/bakemark.com\/fr\/","logo":{"@type":"ImageObject","inLanguage":"fr-FR","@id":"https:\/\/bakemark.com\/fr\/#\/schema\/logo\/image\/","url":"https:\/\/bakemark.com\/wp-content\/uploads\/2024\/07\/bakemark-logo-wht.svg","contentUrl":"https:\/\/bakemark.com\/wp-content\/uploads\/2024\/07\/bakemark-logo-wht.svg","width":233,"height":58,"caption":"BakeMark"},"image":{"@id":"https:\/\/bakemark.com\/fr\/#\/schema\/logo\/image\/"}}]}},"_links":{"self":[{"href":"https:\/\/bakemark.com\/fr\/wp-json\/wp\/v2\/pages\/7237","targetHints":{"allow":["GET"]}}],"collection":[{"href":"https:\/\/bakemark.com\/fr\/wp-json\/wp\/v2\/pages"}],"about":[{"href":"https:\/\/bakemark.com\/fr\/wp-json\/wp\/v2\/types\/page"}],"author":[{"embeddable":true,"href":"https:\/\/bakemark.com\/fr\/wp-json\/wp\/v2\/users\/9"}],"replies":[{"embeddable":true,"href":"https:\/\/bakemark.com\/fr\/wp-json\/wp\/v2\/comments?post=7237"}],"version-history":[{"count":0,"href":"https:\/\/bakemark.com\/fr\/wp-json\/wp\/v2\/pages\/7237\/revisions"}],"wp:attachment":[{"href":"https:\/\/bakemark.com\/fr\/wp-json\/wp\/v2\/media?parent=7237"}],"curies":[{"name":"wp","href":"https:\/\/api.w.org\/{rel}","templated":true}]}}