{"id":7200,"date":"2025-06-16T09:58:18","date_gmt":"2025-06-16T14:58:18","guid":{"rendered":"https:\/\/bakemark.com\/bakemark-a-ibie-2025\/"},"modified":"2025-07-01T17:47:29","modified_gmt":"2025-07-01T22:47:29","slug":"bakemark-a-ibie-2025","status":"publish","type":"page","link":"https:\/\/bakemark.com\/fr\/bakemark-a-ibie-2025\/","title":{"rendered":"BakeMark \u00e0 IBIE 2025"},"content":{"rendered":"<div class=\"wpb-content-wrapper\">[vc_row][vc_column][vc_column_text css=\u00a0\u00bb\u00a0\u00bb text_align=\u00a0\u00bbcenter\u00a0\u00bb]Compte \u00e0 rebours pour IBIE 2025[\/vc_column_text]<style>.vcex-countdown-wrap.vcex_69e35ce9bdb73{text-align:center;}<\/style><div class=\"vcex-countdown-wrap vcex-module wpex-text-center BakeMark at IBIE \u2013 Countdown Begins! vcex_69e35ce9bdb73\"><div class=\"vcex-countdown vcex-countdown--inline\" data-countdown=\"2025-09-14 00:00\" data-days=\"Days\" data-hours=\"Hours\" data-minutes=\"Minutes\" data-seconds=\"Seconds\"><\/div><\/div>[\/vc_column][\/vc_row][vc_row content_placement=\u00a0\u00bbmiddle\u00a0\u00bb equal_height=\u00a0\u00bbyes\u00a0\u00bb el_class=\u00a0\u00bbwpex-mt-50&Prime;][vc_column width=\u00a0\u00bb1\/2&Prime;]<style>.vcex-heading.vcex_69e35ce9be11f{font-size:var(--wpex-text-5xl);font-weight:bolder;}<\/style><h2 class=\"vcex-heading vcex-heading-plain vcex-module wpex-heading wpex-text-2xl wpex-mb-20 vcex_69e35ce9be11f\"><span class=\"vcex-heading-inner wpex-inline-block\">BakeMark at IBIE 2025 \u2013 <span style=\"color: #e23b3f\">Booth #833<\/span><\/span><\/h2>[vc_column_text css=\u00a0\u00bb\u00a0\u00bb bottom_margin=\u00a0\u00bb30px\u00a0\u00bb]\n<p data-start=\"261\" data-end=\"518\">\ud83c\udf89 <strong data-start=\"264\" data-end=\"298\">Nous exposons \u00e0 IBIE 2025 !<\/strong><\/p>\n<p data-start=\"261\" data-end=\"518\">BakeMark est heureux d&rsquo;annoncer son retour \u00e0 l&rsquo;<strong data-start=\"351\" data-end=\"402\">International Baking Industry Exposition (IBIE)<\/strong> &#8211; le plus grand \u00e9v\u00e9nement de l&rsquo;ann\u00e9e dans l&rsquo;industrie de la boulangerie ! Rejoignez-nous au <strong data-start=\"463\" data-end=\"477\">stand 833<\/strong> \u00e0 <strong data-start=\"481\" data-end=\"494\">Las Vegas<\/strong>, du 14 au 17 septembre 2025. <\/p>\n[\/vc_column_text][\/vc_column][vc_column width=\u00a0\u00bb1\/2&Prime;]<figure class=\"vcex-image vcex-module wpex-md-text-right\"><div class=\"vcex-image-inner wpex-relative wpex-inline-block\"><img width=\"800\" height=\"613\" src=\"https:\/\/bakemark.com\/wp-content\/uploads\/2025\/06\/ibie-vertical-save-the-date-dark.jpg\" class=\"vcex-image-img wpex-align-middle\" alt=\"\" loading=\"lazy\" decoding=\"async\" srcset=\"https:\/\/bakemark.com\/wp-content\/uploads\/2025\/06\/ibie-vertical-save-the-date-dark.jpg 800w, https:\/\/bakemark.com\/wp-content\/uploads\/2025\/06\/ibie-vertical-save-the-date-dark-300x230.jpg 300w, https:\/\/bakemark.com\/wp-content\/uploads\/2025\/06\/ibie-vertical-save-the-date-dark-768x588.jpg 768w\" sizes=\"auto, (max-width: 800px) 100vw, 800px\" \/><\/div><\/figure>[\/vc_column][\/vc_row][vc_row remove_bottom_col_margin=\u00a0\u00bbtrue\u00a0\u00bb el_class=\u00a0\u00bbwpex-py-60&Prime;][vc_column]<style>.vcex-heading.vcex_69e35ce9bf1f3{width:700px;font-size:45px;font-weight:300;}@media (max-width:767px){.vcex-heading.vcex_69e35ce9bf1f3{font-size:30px;}}<\/style><h3 class=\"vcex-heading vcex-heading-plain vcex-module wpex-heading wpex-text-2xl wpex-mb-60 wpex-max-w-100 wpex-mx-auto vcex_69e35ce9bf1f3\"><span class=\"vcex-heading-inner wpex-inline-block\">Why Stop by the BakeMark <span class=\"wpex-font-semibold\" style=\"color:#e23b3f\">Booth<\/span>?<\/span><\/h3><div class=\"vcex-grid-container vcex-module wpex-grid wpex-gap-20 wpex-grid-cols-1 wpex-md-grid-cols-2 wpex-lg-grid-cols-2\" style=\"gap:50px;\"><style>.vcex-list_item.vcex_69e35ce9bfba2{font-size:16px;}.vcex-list_item.vcex_69e35ce9bfba2 .vcex-list-item-icon-inner{color:#e23b3f;background:#3B65ED1A;font-size:20px;border-radius:20px;width:40px;height:40px;}<\/style><div class=\"vcex-list_item vcex-module wpex-m-0 wpex-max-w-100 wpex-mb-5 vcex_69e35ce9bfba2\"><div class=\"vcex-list-item-inner wpex-inline-flex wpex-flex-no-wrap\"><div class=\"vcex-list-item-icon wpex-mr-15\"><div class=\"vcex-list-item-icon-inner vcex-icon-wrap wpex-inline-flex wpex-justify-center wpex-items-center wpex-leading-none wpex-child-inherit-color\"><span class=\"wpex-icon\" aria-hidden=\"true\"><svg xmlns=\"http:\/\/www.w3.org\/2000\/svg\" viewBox=\"0 0 448 512\"><path d=\"M438.6 105.4c12.5 12.5 12.5 32.8 0 45.3l-256 256c-12.5 12.5-32.8 12.5-45.3 0l-128-128c-12.5-12.5-12.5-32.8 0-45.3s32.8-12.5 45.3 0L160 338.7 393.4 105.4c12.5-12.5 32.8-12.5 45.3 0z\"\/><\/svg><\/span><\/div><\/div><div class=\"vcex-list-item-text vcex-content wpex-flex-grow\">Explorez de nouvelles gammes de produits &#8211; Des beignets et g\u00e2teaux aux m\u00e9langes et inclusions innovants.<\/div><\/div><\/div><style>.vcex-list_item.vcex_69e35ce9bfff8{font-size:16px;}.vcex-list_item.vcex_69e35ce9bfff8 .vcex-list-item-icon-inner{color:#e23b3f;background:#3B65ED1A;font-size:20px;border-radius:20px;width:40px;height:40px;}<\/style><div class=\"vcex-list_item vcex-module wpex-m-0 wpex-max-w-100 wpex-mb-5 vcex_69e35ce9bfff8\"><div class=\"vcex-list-item-inner wpex-inline-flex wpex-flex-no-wrap\"><div class=\"vcex-list-item-icon wpex-mr-15\"><div class=\"vcex-list-item-icon-inner vcex-icon-wrap wpex-inline-flex wpex-justify-center wpex-items-center wpex-leading-none wpex-child-inherit-color\"><span class=\"wpex-icon\" aria-hidden=\"true\"><svg xmlns=\"http:\/\/www.w3.org\/2000\/svg\" viewBox=\"0 0 448 512\"><path d=\"M438.6 105.4c12.5 12.5 12.5 32.8 0 45.3l-256 256c-12.5 12.5-32.8 12.5-45.3 0l-128-128c-12.5-12.5-12.5-32.8 0-45.3s32.8-12.5 45.3 0L160 338.7 393.4 105.4c12.5-12.5 32.8-12.5 45.3 0z\"\/><\/svg><\/span><\/div><\/div><div class=\"vcex-list-item-text vcex-content wpex-flex-grow\">Rencontrez les experts &#8211; Discutez avec notre \u00e9quipe de la mani\u00e8re dont nous aidons les boulangeries \u00e0 se d\u00e9velopper.<\/div><\/div><\/div><style>.vcex-list_item.vcex_69e35ce9c03e7{font-size:16px;}.vcex-list_item.vcex_69e35ce9c03e7 .vcex-list-item-icon-inner{color:#e23b3f;background:#3B65ED1A;font-size:20px;border-radius:20px;width:40px;height:40px;}<\/style><div class=\"vcex-list_item vcex-module wpex-m-0 wpex-max-w-100 wpex-mb-5 vcex_69e35ce9c03e7\"><div class=\"vcex-list-item-inner wpex-inline-flex wpex-flex-no-wrap\"><div class=\"vcex-list-item-icon wpex-mr-15\"><div class=\"vcex-list-item-icon-inner vcex-icon-wrap wpex-inline-flex wpex-justify-center wpex-items-center wpex-leading-none wpex-child-inherit-color\"><span class=\"wpex-icon\" aria-hidden=\"true\"><svg xmlns=\"http:\/\/www.w3.org\/2000\/svg\" viewBox=\"0 0 448 512\"><path d=\"M438.6 105.4c12.5 12.5 12.5 32.8 0 45.3l-256 256c-12.5 12.5-32.8 12.5-45.3 0l-128-128c-12.5-12.5-12.5-32.8 0-45.3s32.8-12.5 45.3 0L160 338.7 393.4 105.4c12.5-12.5 32.8-12.5 45.3 0z\"\/><\/svg><\/span><\/div><\/div><div class=\"vcex-list-item-text vcex-content wpex-flex-grow\">Recevez des cadeaux gratuits &#8211; Des cadeaux exclusifs pour les visiteurs du stand !<\/div><\/div><\/div><style>.vcex-list_item.vcex_69e35ce9c07be{font-size:16px;}.vcex-list_item.vcex_69e35ce9c07be .vcex-list-item-icon-inner{color:#e23b3f;background:#3B65ED1A;font-size:20px;border-radius:20px;width:40px;height:40px;}<\/style><div class=\"vcex-list_item vcex-module wpex-m-0 wpex-max-w-100 wpex-mb-5 vcex_69e35ce9c07be\"><div class=\"vcex-list-item-inner wpex-inline-flex wpex-flex-no-wrap\"><div class=\"vcex-list-item-icon wpex-mr-15\"><div class=\"vcex-list-item-icon-inner vcex-icon-wrap wpex-inline-flex wpex-justify-center wpex-items-center wpex-leading-none wpex-child-inherit-color\"><span class=\"wpex-icon\" aria-hidden=\"true\"><svg xmlns=\"http:\/\/www.w3.org\/2000\/svg\" viewBox=\"0 0 448 512\"><path d=\"M438.6 105.4c12.5 12.5 12.5 32.8 0 45.3l-256 256c-12.5 12.5-32.8 12.5-45.3 0l-128-128c-12.5-12.5-12.5-32.8 0-45.3s32.8-12.5 45.3 0L160 338.7 393.4 105.4c12.5-12.5 32.8-12.5 45.3 0z\"\/><\/svg><\/span><\/div><\/div><div class=\"vcex-list-item-text vcex-content wpex-flex-grow\">D\u00e9monstrations interactives &#8211; Voyez nos ingr\u00e9dients en action et laissez-vous inspirer.<\/div><\/div><\/div><\/div>[\/vc_column][\/vc_row][vc_row full_width=\u00a0\u00bbstretch_row\u00a0\u00bb content_placement=\u00a0\u00bbmiddle\u00a0\u00bb remove_bottom_col_margin=\u00a0\u00bbtrue\u00a0\u00bb el_class=\u00a0\u00bbwpex-py-60 wpex-surface-2&Prime;][vc_column]<style>.vcex-heading.vcex_69e35ce9c0bdb{width:600px;font-size:var(--wpex-text-5xl);font-weight:700;}<\/style><h2 class=\"vcex-heading vcex-heading-plain vcex-module wpex-heading wpex-text-2xl wpex-mb-20 wpex-text-center wpex-max-w-100 wpex-mx-auto vcex_69e35ce9c0bdb\"><span class=\"vcex-heading-inner wpex-inline-block\">Faites-nous savoir que vous venez !<\/span><\/h2>[vc_column_text css=\u00a0\u00bb\u00a0\u00bb width=\u00a0\u00bb600px\u00a0\u00bb text_align=\u00a0\u00bbcenter\u00a0\u00bb bottom_margin=\u00a0\u00bb30px\u00a0\u00bb]\n<p style=\"text-align: center;\"><strong>Pr\u00eat \u00e0 d\u00e9velopper votre activit\u00e9 de boulangerie ?<\/strong><br data-start=\"486\" data-end=\"489\">Faites-nous savoir que vous viendrez et d\u00e9couvrez des strat\u00e9gies r\u00e9elles, des id\u00e9es fra\u00eeches et un soutien pratique de la part de l&rsquo;\u00e9quipe BakeMark \u00e0 l&rsquo;IBIE 2025 !<\/p>\n<p style=\"text-align: center;\">Veuillez remplir le formulaire et nous vous contacterons pour vous donner plus d&rsquo;informations sur IBIE et sur ce qui vous attend au <strong>stand 833<\/strong>.<\/p>\n[\/vc_column_text][\/vc_column][\/vc_row][vc_row][vc_column][vc_raw_html css=\u00a0\u00bb\u00a0\u00bb]PHNjcmlwdCBzcmM9Imh0dHBzOi8vanMuaHNmb3Jtcy5uZXQvZm9ybXMvZW1iZWQvNTI5MjQ3Ny5qcyIgZGVmZXI+PC9zY3JpcHQ+DQo8ZGl2IGNsYXNzPSJocy1mb3JtLWZyYW1lIiBkYXRhLXJlZ2lvbj0ibmExIiBkYXRhLWZvcm0taWQ9ImM5MWU0ZTM3LTllMjMtNDA1Zi1iMDZkLWViODM5ZGVhYmUwOSIgZGF0YS1wb3J0YWwtaWQ9IjUyOTI0NzciPjwvZGl2Pg==[\/vc_raw_html][\/vc_column][\/vc_row]\n<\/div>","protected":false},"excerpt":{"rendered":"<p>[vc_row][vc_column][vc_column_text css=\u00a0\u00bb\u00a0\u00bb text_align=\u00a0\u00bbcenter\u00a0\u00bb]Compte \u00e0 rebours pour IBIE 2025[\/vc_column_text][\/vc_column][\/vc_row][vc_row content_placement=\u00a0\u00bbmiddle\u00a0\u00bb equal_height=\u00a0\u00bbyes\u00a0\u00bb el_class=\u00a0\u00bbwpex-mt-50&Prime;][vc_column width=\u00a0\u00bb1\/2&Prime;][vc_column_text css=\u00a0\u00bb\u00a0\u00bb bottom_margin=\u00a0\u00bb30px\u00a0\u00bb] \ud83c\udf89 Nous exposons \u00e0 IBIE 2025 ! BakeMark est heureux d&rsquo;annoncer son retour \u00e0 l&rsquo;International Baking Industry Exposition (IBIE) &#8211; le plus grand \u00e9v\u00e9nement de l&rsquo;ann\u00e9e dans l&rsquo;industrie de la boulangerie ! Rejoignez-nous au stand 833 \u00e0 Las Vegas, du 14&hellip;<\/p>\n","protected":false},"author":12,"featured_media":0,"parent":0,"menu_order":0,"comment_status":"closed","ping_status":"closed","template":"","meta":{"_acf_changed":false,"content-type":"","footnotes":""},"class_list":["post-7200","page","type-page","status-publish","hentry","entry","no-media"],"acf":[],"yoast_head":"<!-- This site is optimized with the Yoast SEO plugin v27.4 - https:\/\/yoast.com\/product\/yoast-seo-wordpress\/ -->\n<title>BakeMark \u00e0 IBIE 2025 - BakeMark<\/title>\n<meta name=\"description\" content=\"BakeMark est de retour \u00e0 IBIE 2025 ! Arr\u00eatez-vous au stand 833 pour obtenir des \u00e9chantillons, des informations et des offres exclusives. \u00c9conomisez 20 % sur l&#039;inscription avec le code EXH833.\" \/>\n<meta name=\"robots\" content=\"index, follow, max-snippet:-1, max-image-preview:large, max-video-preview:-1\" \/>\n<link rel=\"canonical\" href=\"https:\/\/bakemark.com\/fr\/bakemark-a-ibie-2025\/\" \/>\n<meta property=\"og:locale\" content=\"fr_FR\" \/>\n<meta property=\"og:type\" content=\"article\" \/>\n<meta property=\"og:title\" content=\"BakeMark \u00e0 IBIE 2025 - BakeMark\" \/>\n<meta property=\"og:description\" content=\"BakeMark est de retour \u00e0 IBIE 2025 ! Arr\u00eatez-vous au stand 833 pour obtenir des \u00e9chantillons, des informations et des offres exclusives. \u00c9conomisez 20 % sur l&#039;inscription avec le code EXH833.\" \/>\n<meta property=\"og:url\" content=\"https:\/\/bakemark.com\/fr\/bakemark-a-ibie-2025\/\" \/>\n<meta property=\"og:site_name\" content=\"BakeMark\" \/>\n<meta property=\"article:modified_time\" content=\"2025-07-01T22:47:29+00:00\" \/>\n<meta name=\"twitter:card\" content=\"summary_large_image\" \/>\n<meta name=\"twitter:label1\" content=\"Est. reading time\" \/>\n\t<meta name=\"twitter:data1\" content=\"3 minutes\" \/>\n<script type=\"application\/ld+json\" class=\"yoast-schema-graph\">{\"@context\":\"https:\\\/\\\/schema.org\",\"@graph\":[{\"@type\":\"WebPage\",\"@id\":\"https:\\\/\\\/bakemark.com\\\/fr\\\/bakemark-a-ibie-2025\\\/\",\"url\":\"https:\\\/\\\/bakemark.com\\\/fr\\\/bakemark-a-ibie-2025\\\/\",\"name\":\"BakeMark \u00e0 IBIE 2025 - BakeMark\",\"isPartOf\":{\"@id\":\"https:\\\/\\\/bakemark.com\\\/fr\\\/#website\"},\"datePublished\":\"2025-06-16T14:58:18+00:00\",\"dateModified\":\"2025-07-01T22:47:29+00:00\",\"description\":\"BakeMark est de retour \u00e0 IBIE 2025 ! Arr\u00eatez-vous au stand 833 pour obtenir des \u00e9chantillons, des informations et des offres exclusives. \u00c9conomisez 20 % sur l'inscription avec le code EXH833.\",\"breadcrumb\":{\"@id\":\"https:\\\/\\\/bakemark.com\\\/fr\\\/bakemark-a-ibie-2025\\\/#breadcrumb\"},\"inLanguage\":\"fr-FR\",\"potentialAction\":[{\"@type\":\"ReadAction\",\"target\":[\"https:\\\/\\\/bakemark.com\\\/fr\\\/bakemark-a-ibie-2025\\\/\"]}]},{\"@type\":\"BreadcrumbList\",\"@id\":\"https:\\\/\\\/bakemark.com\\\/fr\\\/bakemark-a-ibie-2025\\\/#breadcrumb\",\"itemListElement\":[{\"@type\":\"ListItem\",\"position\":1,\"name\":\"Home\",\"item\":\"https:\\\/\\\/bakemark.com\\\/fr\\\/\"},{\"@type\":\"ListItem\",\"position\":2,\"name\":\"BakeMark \u00e0 IBIE 2025\"}]},{\"@type\":\"WebSite\",\"@id\":\"https:\\\/\\\/bakemark.com\\\/fr\\\/#website\",\"url\":\"https:\\\/\\\/bakemark.com\\\/fr\\\/\",\"name\":\"BakeMark\",\"description\":\"\",\"publisher\":{\"@id\":\"https:\\\/\\\/bakemark.com\\\/fr\\\/#organization\"},\"potentialAction\":[{\"@type\":\"SearchAction\",\"target\":{\"@type\":\"EntryPoint\",\"urlTemplate\":\"https:\\\/\\\/bakemark.com\\\/fr\\\/?s={search_term_string}\"},\"query-input\":{\"@type\":\"PropertyValueSpecification\",\"valueRequired\":true,\"valueName\":\"search_term_string\"}}],\"inLanguage\":\"fr-FR\"},{\"@type\":\"Organization\",\"@id\":\"https:\\\/\\\/bakemark.com\\\/fr\\\/#organization\",\"name\":\"BakeMark\",\"url\":\"https:\\\/\\\/bakemark.com\\\/fr\\\/\",\"logo\":{\"@type\":\"ImageObject\",\"inLanguage\":\"fr-FR\",\"@id\":\"https:\\\/\\\/bakemark.com\\\/fr\\\/#\\\/schema\\\/logo\\\/image\\\/\",\"url\":\"https:\\\/\\\/bakemark.com\\\/wp-content\\\/uploads\\\/2024\\\/07\\\/bakemark-logo-wht.svg\",\"contentUrl\":\"https:\\\/\\\/bakemark.com\\\/wp-content\\\/uploads\\\/2024\\\/07\\\/bakemark-logo-wht.svg\",\"width\":233,\"height\":58,\"caption\":\"BakeMark\"},\"image\":{\"@id\":\"https:\\\/\\\/bakemark.com\\\/fr\\\/#\\\/schema\\\/logo\\\/image\\\/\"}}]}<\/script>\n<!-- \/ Yoast SEO plugin. -->","yoast_head_json":{"title":"BakeMark \u00e0 IBIE 2025 - BakeMark","description":"BakeMark est de retour \u00e0 IBIE 2025 ! Arr\u00eatez-vous au stand 833 pour obtenir des \u00e9chantillons, des informations et des offres exclusives. \u00c9conomisez 20 % sur l'inscription avec le code EXH833.","robots":{"index":"index","follow":"follow","max-snippet":"max-snippet:-1","max-image-preview":"max-image-preview:large","max-video-preview":"max-video-preview:-1"},"canonical":"https:\/\/bakemark.com\/fr\/bakemark-a-ibie-2025\/","og_locale":"fr_FR","og_type":"article","og_title":"BakeMark \u00e0 IBIE 2025 - BakeMark","og_description":"BakeMark est de retour \u00e0 IBIE 2025 ! Arr\u00eatez-vous au stand 833 pour obtenir des \u00e9chantillons, des informations et des offres exclusives. \u00c9conomisez 20 % sur l'inscription avec le code EXH833.","og_url":"https:\/\/bakemark.com\/fr\/bakemark-a-ibie-2025\/","og_site_name":"BakeMark","article_modified_time":"2025-07-01T22:47:29+00:00","twitter_card":"summary_large_image","twitter_misc":{"Est. reading time":"3 minutes"},"schema":{"@context":"https:\/\/schema.org","@graph":[{"@type":"WebPage","@id":"https:\/\/bakemark.com\/fr\/bakemark-a-ibie-2025\/","url":"https:\/\/bakemark.com\/fr\/bakemark-a-ibie-2025\/","name":"BakeMark \u00e0 IBIE 2025 - BakeMark","isPartOf":{"@id":"https:\/\/bakemark.com\/fr\/#website"},"datePublished":"2025-06-16T14:58:18+00:00","dateModified":"2025-07-01T22:47:29+00:00","description":"BakeMark est de retour \u00e0 IBIE 2025 ! Arr\u00eatez-vous au stand 833 pour obtenir des \u00e9chantillons, des informations et des offres exclusives. \u00c9conomisez 20 % sur l'inscription avec le code EXH833.","breadcrumb":{"@id":"https:\/\/bakemark.com\/fr\/bakemark-a-ibie-2025\/#breadcrumb"},"inLanguage":"fr-FR","potentialAction":[{"@type":"ReadAction","target":["https:\/\/bakemark.com\/fr\/bakemark-a-ibie-2025\/"]}]},{"@type":"BreadcrumbList","@id":"https:\/\/bakemark.com\/fr\/bakemark-a-ibie-2025\/#breadcrumb","itemListElement":[{"@type":"ListItem","position":1,"name":"Home","item":"https:\/\/bakemark.com\/fr\/"},{"@type":"ListItem","position":2,"name":"BakeMark \u00e0 IBIE 2025"}]},{"@type":"WebSite","@id":"https:\/\/bakemark.com\/fr\/#website","url":"https:\/\/bakemark.com\/fr\/","name":"BakeMark","description":"","publisher":{"@id":"https:\/\/bakemark.com\/fr\/#organization"},"potentialAction":[{"@type":"SearchAction","target":{"@type":"EntryPoint","urlTemplate":"https:\/\/bakemark.com\/fr\/?s={search_term_string}"},"query-input":{"@type":"PropertyValueSpecification","valueRequired":true,"valueName":"search_term_string"}}],"inLanguage":"fr-FR"},{"@type":"Organization","@id":"https:\/\/bakemark.com\/fr\/#organization","name":"BakeMark","url":"https:\/\/bakemark.com\/fr\/","logo":{"@type":"ImageObject","inLanguage":"fr-FR","@id":"https:\/\/bakemark.com\/fr\/#\/schema\/logo\/image\/","url":"https:\/\/bakemark.com\/wp-content\/uploads\/2024\/07\/bakemark-logo-wht.svg","contentUrl":"https:\/\/bakemark.com\/wp-content\/uploads\/2024\/07\/bakemark-logo-wht.svg","width":233,"height":58,"caption":"BakeMark"},"image":{"@id":"https:\/\/bakemark.com\/fr\/#\/schema\/logo\/image\/"}}]}},"_links":{"self":[{"href":"https:\/\/bakemark.com\/fr\/wp-json\/wp\/v2\/pages\/7200","targetHints":{"allow":["GET"]}}],"collection":[{"href":"https:\/\/bakemark.com\/fr\/wp-json\/wp\/v2\/pages"}],"about":[{"href":"https:\/\/bakemark.com\/fr\/wp-json\/wp\/v2\/types\/page"}],"author":[{"embeddable":true,"href":"https:\/\/bakemark.com\/fr\/wp-json\/wp\/v2\/users\/12"}],"replies":[{"embeddable":true,"href":"https:\/\/bakemark.com\/fr\/wp-json\/wp\/v2\/comments?post=7200"}],"version-history":[{"count":0,"href":"https:\/\/bakemark.com\/fr\/wp-json\/wp\/v2\/pages\/7200\/revisions"}],"wp:attachment":[{"href":"https:\/\/bakemark.com\/fr\/wp-json\/wp\/v2\/media?parent=7200"}],"curies":[{"name":"wp","href":"https:\/\/api.w.org\/{rel}","templated":true}]}}