{"id":7155,"date":"2025-03-28T11:12:45","date_gmt":"2025-03-28T16:12:45","guid":{"rendered":"https:\/\/bakemark.com\/ndd-biens-numeriques\/"},"modified":"2025-03-28T11:12:52","modified_gmt":"2025-03-28T16:12:52","slug":"ndd-biens-numeriques","status":"publish","type":"page","link":"https:\/\/bakemark.com\/fr\/ndd-biens-numeriques\/","title":{"rendered":"NDD &#8211; Biens num\u00e9riques"},"content":{"rendered":"<div class=\"wpb-content-wrapper\">[vc_row full_width=\u00a0\u00bbstretch_row\u00a0\u00bb content_placement=\u00a0\u00bbmiddle\u00a0\u00bb css=\u00a0\u00bb.vc_custom_1743177720391{margin-bottom: 80px !important;background-image: url(https:\/\/bakemark.com\/wp-content\/uploads\/2025\/03\/VanIcingSwirl4.png?id=7031) !important;}\u00a0\u00bb][vc_column]<figure class=\"vcex-image vcex-module\"><div class=\"vcex-image-inner wpex-relative wpex-inline-block\"><img width=\"850\" height=\"196\" src=\"https:\/\/bakemark.com\/wp-content\/uploads\/2025\/03\/June-6th.png\" class=\"vcex-image-img wpex-align-middle\" alt=\"\" loading=\"lazy\" decoding=\"async\" srcset=\"https:\/\/bakemark.com\/wp-content\/uploads\/2025\/03\/June-6th.png 850w, https:\/\/bakemark.com\/wp-content\/uploads\/2025\/03\/June-6th-300x69.png 300w, https:\/\/bakemark.com\/wp-content\/uploads\/2025\/03\/June-6th-768x177.png 768w\" sizes=\"auto, (max-width: 850px) 100vw, 850px\" \/><\/div><\/figure><figure class=\"vcex-image vcex-module\"><div class=\"vcex-image-inner wpex-relative wpex-inline-block\"><img width=\"1780\" height=\"570\" src=\"https:\/\/bakemark.com\/wp-content\/uploads\/2025\/03\/Group-252.png\" class=\"vcex-image-img wpex-align-middle\" alt=\"\" loading=\"lazy\" decoding=\"async\" srcset=\"https:\/\/bakemark.com\/wp-content\/uploads\/2025\/03\/Group-252.png 1780w, https:\/\/bakemark.com\/wp-content\/uploads\/2025\/03\/Group-252-300x96.png 300w, https:\/\/bakemark.com\/wp-content\/uploads\/2025\/03\/Group-252-1024x328.png 1024w, https:\/\/bakemark.com\/wp-content\/uploads\/2025\/03\/Group-252-768x246.png 768w, https:\/\/bakemark.com\/wp-content\/uploads\/2025\/03\/Group-252-1536x492.png 1536w\" sizes=\"auto, (max-width: 1780px) 100vw, 1780px\" \/><\/div><\/figure>[\/vc_column][\/vc_row][vc_row][vc_column][vc_column_text css=\u00a0\u00bb.vc_custom_1743178210520{padding-bottom: 20px !important;}\u00a0\u00bb]\n<h2 style=\"text-align: center;\">Social Media Instructions<\/h2>\n[\/vc_column_text][vc_column_text css=\u00a0\u00bb\u00a0\u00bb]\n<ol>\n<li>Choose an image\/video from the selection provided.<\/li>\n<li>Pair the chosen image\/video with any of the captions provided below.<\/li>\n<li>For caption #3, describe the National Donut Day discount you\u2019re offering.<\/li>\n<li>Feel free to adjust any of the captions to best fit your shop\u2019s feel and tone!<\/li>\n<\/ol>\n[\/vc_column_text][\/vc_column][\/vc_row][vc_row][vc_column][vc_column_text css=\u00a0\u00bb\u00a0\u00bb]\n<h1 style=\"text-align: center;\">Social Media Image Downloads<\/h1>\n[\/vc_column_text][\/vc_column][\/vc_row][vc_row][vc_column width=\u00a0\u00bb1\/3&Prime;][vc_single_image image=\u00a0\u00bb7147&Prime; css=\u00a0\u00bb\u00a0\u00bb]<div class=\"vc_custom_1743177652506 wpex-clr\"><div class=\"theme-button-wrap textcenter wpex-clr\"><a href=\"https:\/\/bakemark.com\/wp-content\/uploads\/2025\/03\/NDD2025_Social_Image2.png\" class=\"vcex-button theme-button align-center inline\" download><span class=\"vcex-button-inner theme-button-inner wpex-flex wpex-flex-wrap wpex-items-center wpex-justify-center\">T\u00e9l\u00e9chargez ici<\/span><\/a><\/div><\/div> [\/vc_column][vc_column width=\u00a0\u00bb1\/3&Prime;]<figure class=\"vcex-image vcex-module\"><div class=\"vcex-image-inner wpex-relative wpex-inline-block\"><img width=\"1080\" height=\"1080\" src=\"https:\/\/bakemark.com\/wp-content\/uploads\/2025\/03\/NDD2025_Social_Image3.png\" class=\"vcex-image-img wpex-align-middle\" alt=\"\" loading=\"lazy\" decoding=\"async\" srcset=\"https:\/\/bakemark.com\/wp-content\/uploads\/2025\/03\/NDD2025_Social_Image3.png 1080w, https:\/\/bakemark.com\/wp-content\/uploads\/2025\/03\/NDD2025_Social_Image3-300x300.png 300w, https:\/\/bakemark.com\/wp-content\/uploads\/2025\/03\/NDD2025_Social_Image3-1024x1024.png 1024w, https:\/\/bakemark.com\/wp-content\/uploads\/2025\/03\/NDD2025_Social_Image3-150x150.png 150w, https:\/\/bakemark.com\/wp-content\/uploads\/2025\/03\/NDD2025_Social_Image3-768x768.png 768w\" sizes=\"auto, (max-width: 1080px) 100vw, 1080px\" \/><\/div><\/figure><div class=\"vc_custom_1743177666458 wpex-clr\"><div class=\"theme-button-wrap textcenter wpex-clr\"><a href=\"https:\/\/bakemark.com\/wp-content\/uploads\/2025\/03\/NDD2025_Social_Image3.png\" class=\"vcex-button theme-button align-center inline\" download><span class=\"vcex-button-inner theme-button-inner wpex-flex wpex-flex-wrap wpex-items-center wpex-justify-center\">T\u00e9l\u00e9chargez ici<\/span><\/a><\/div><\/div> [\/vc_column][vc_column width=\u00a0\u00bb1\/3&Prime;]<style>.vcex-video.vcex_69f2a19fdd4e5 :is(video,iframe){aspect-ratio:9\/16;}<\/style><div class=\"vcex-video wpex-bg-black vcex_69f2a19fdd4e5\" data-vcex-video-type=\"video_tag\"><div class=\"vcex-video-inner wpex-relative\"><video src=\"https:\/\/bakemark.com\/wp-content\/uploads\/2025\/03\/NDD2025_Social_Reel1.mp4\" class=\"wpex-w-100 wpex-aspect-16-9 wpex-align-middle wpex-object-cover wpex-w-100\" controls autoplay=\"true\" loop=\"true\"><\/video><\/div><\/div><div class=\"vc_custom_1743177674945 wpex-clr\"><div class=\"theme-button-wrap textcenter wpex-clr\"><a href=\"https:\/\/bakemark.com\/wp-content\/uploads\/2025\/03\/NDD2025_Social_Reel1.mp4\" class=\"vcex-button theme-button align-center inline\" download><span class=\"vcex-button-inner theme-button-inner wpex-flex wpex-flex-wrap wpex-items-center wpex-justify-center\">T\u00e9l\u00e9chargez ici<\/span><\/a><\/div><\/div> [\/vc_column][\/vc_row][vc_row][vc_column][vc_column_text css=\u00a0\u00bb\u00a0\u00bb text_align=\u00a0\u00bbcenter\u00a0\u00bb]\n<h1 style=\"text-align: center;\">Copy Text for Social Media<\/h1>\n[\/vc_column_text][\/vc_column][\/vc_row][vc_row][vc_column width=\u00a0\u00bb1\/3&Prime;][vc_column_text css=\u00a0\u00bb\u00a0\u00bb]\n<h4 style=\"text-align: center;\">Option 1<\/h4>\n[\/vc_column_text][vc_column_text css=\u00a0\u00bb\u00a0\u00bb]La Journ\u00e9e nationale des beignets est arriv\u00e9e ! \ud83c\udf69 Aujourd&rsquo;hui, nous rendons hommage aux volontaires de l&rsquo;Arm\u00e9e du Salut qui ont \u00e9t\u00e9 les premiers \u00e0 servir des beignets aux soldats pendant la Premi\u00e8re Guerre mondiale. Rejoignez-nous pour perp\u00e9tuer cet esprit de joie et de gentillesse en vous procurant une bo\u00eete de beignets fra\u00eechement cuits. Passez nous voir et partagez la douceur ! #NationalDonutDay #Donuts #DonutShop[\/vc_column_text][\/vc_column][vc_column width=\u00a0\u00bb1\/3&Prime;][vc_column_text css=\u00a0\u00bb\u00a0\u00bb]\n<h4 style=\"text-align: center;\">Option 2<\/h4>\n[\/vc_column_text][vc_column_text css=\u00a0\u00bb\u00a0\u00bb]This National Donut Day, let\u2019s carry on the tradition of sharing something sweet with the people we love. Come by and spread the happiness! \ud83c\udf69<br \/>\n#NationalDonutDay #Donuts #DonutShop[\/vc_column_text][\/vc_column][vc_column width=\u00a0\u00bb1\/3&Prime;][vc_column_text css=\u00a0\u00bb\u00a0\u00bb]\n<h4 style=\"text-align: center;\">option 3<\/h4>\n[\/vc_column_text][vc_column_text css=\u00a0\u00bb\u00a0\u00bb]National Donut Day is Friday, June 6! Stop by for<br \/>\n<em>&lt;promotional information&gt;<\/em> and carry on the tradition of sharing sweet treats \ud83c\udf69 with those we care about. #NationalDonutDay #Donuts #DonutShop[\/vc_column_text][\/vc_column][\/vc_row][vc_row][vc_column]<div class=\"wpex-template-shortcode\"><style type=\"text\/css\" data-type=\"vc_shortcodes-custom-css\">.vc_custom_1721317701030{background: #982126 url(https:\/\/bakemark.com\/wp-content\/uploads\/2024\/07\/bakemark-border.svg?id=340) !important;background-position: 0 0 !important;background-repeat: repeat-x !important;}.vc_custom_1720105893517{margin-bottom: 0px !important;}<\/style><div class=\"vc_section bigbrow vc_custom_1721317701030 wpex-vc-full-width-section wpex-vc-full-width-section--centered wpex-relative wpex-vc_section-has-fill wpex-vc_section-mx-0\" style=\"background-position:bottom left!important;background-size:auto 50px!important;\"><div class=\"vc_row wpb_row vc_row-fluid vc_row-o-content-middle vc_row-flex wpex-relative wpex-vc_row-col-mb-0 typography-white\"><div class=\"wpb_column vc_column_container vc_col-sm-2\"><div class=\"vc_column-inner vc_custom_1720105893517\"><div class=\"wpb_wrapper\"><\/div><\/div><\/div><div class=\"wpb_column vc_column_container vc_col-sm-8\"><div class=\"vc_column-inner\"><div class=\"wpb_wrapper\"><div class=\"vcex-spacing wpex-w-100 wpex-clear\"><\/div>\n\t<div class=\"wpb_text_column wpb_content_element\" >\n\t\t<div class=\"wpb_wrapper\">\n\t\t\t<h2 style=\"text-align: center\">Vous avez des questions ? Nous sommes \u00e0 votre disposition <\/h2>\n<p style=\"text-align: center\">Vous avez besoin de plus d&rsquo;informations sur les produits ou les solutions ? Vous \u00eates pr\u00eat \u00e0 entamer une conversation ? Un repr\u00e9sentant de BakeMark r\u00e9pondra rapidement \u00e0 votre message.  <\/p>\n\n\t\t<\/div>\n\t<\/div>\n<div class=\"vcex-spacing wpex-w-100 wpex-clear\"><\/div><div class=\"theme-button-wrap textcenter wpex-clr\"><a href=\"https:\/\/bakemark.com\/fr\/contactez-nous\/\" class=\"vcex-button theme-button align-center inline btnoncolor\"><span class=\"vcex-button-inner theme-button-inner wpex-flex wpex-flex-wrap wpex-items-center wpex-justify-center\">Contactez nous<\/span><\/a><\/div> \t<style>.vcex_69f2a19fe0c2d{height:70px;}@media (max-width:767px){.vcex_69f2a19fe0c2d{height:80px;}}<\/style>\n<div class=\"vcex-spacing wpex-w-100 wpex-clear vcex_69f2a19fe0c2d\"><\/div><\/div><\/div><\/div><div class=\"wpb_column vc_column_container vc_col-sm-2\"><div class=\"vc_column-inner\"><div class=\"wpb_wrapper\"><\/div><\/div><\/div><\/div><\/div>\n<\/div>[\/vc_column][\/vc_row]\n<\/div>","protected":false},"excerpt":{"rendered":"Social Media Instructions Choose an image\/video from the selection provided. Pair the chosen image\/video with any of the captions provided below. For caption #3, describe the National Donut Day discount you\u2019re offering. Feel free to adjust any of the captions to best fit your shop\u2019s feel and tone! Social Media Image Downloads T\u00e9l\u00e9chargez ici T\u00e9l\u00e9chargez&hellip;","protected":false},"author":11,"featured_media":0,"parent":0,"menu_order":0,"comment_status":"closed","ping_status":"closed","template":"","meta":{"_acf_changed":false,"content-type":"","footnotes":""},"class_list":["post-7155","page","type-page","status-publish","hentry","entry","no-media"],"acf":[],"yoast_head":"<!-- This site is optimized with the Yoast SEO plugin v27.4 - https:\/\/yoast.com\/product\/yoast-seo-wordpress\/ -->\n<title>NDD - Biens num\u00e9riques - BakeMark<\/title>\n<meta name=\"robots\" content=\"index, follow, max-snippet:-1, max-image-preview:large, max-video-preview:-1\" \/>\n<link rel=\"canonical\" href=\"https:\/\/bakemark.com\/fr\/ndd-biens-numeriques\/\" \/>\n<meta property=\"og:locale\" content=\"fr_FR\" \/>\n<meta property=\"og:type\" content=\"article\" \/>\n<meta property=\"og:title\" content=\"NDD - Biens num\u00e9riques - BakeMark\" \/>\n<meta property=\"og:url\" content=\"https:\/\/bakemark.com\/fr\/ndd-biens-numeriques\/\" \/>\n<meta property=\"og:site_name\" content=\"BakeMark\" \/>\n<meta property=\"article:modified_time\" content=\"2025-03-28T16:12:52+00:00\" \/>\n<meta name=\"twitter:card\" content=\"summary_large_image\" \/>\n<meta name=\"twitter:label1\" content=\"Est. reading time\" \/>\n\t<meta name=\"twitter:data1\" content=\"3 minutes\" \/>\n<script type=\"application\/ld+json\" class=\"yoast-schema-graph\">{\"@context\":\"https:\\\/\\\/schema.org\",\"@graph\":[{\"@type\":\"WebPage\",\"@id\":\"https:\\\/\\\/bakemark.com\\\/fr\\\/ndd-biens-numeriques\\\/\",\"url\":\"https:\\\/\\\/bakemark.com\\\/fr\\\/ndd-biens-numeriques\\\/\",\"name\":\"NDD - Biens num\u00e9riques - BakeMark\",\"isPartOf\":{\"@id\":\"https:\\\/\\\/bakemark.com\\\/fr\\\/#website\"},\"datePublished\":\"2025-03-28T16:12:45+00:00\",\"dateModified\":\"2025-03-28T16:12:52+00:00\",\"breadcrumb\":{\"@id\":\"https:\\\/\\\/bakemark.com\\\/fr\\\/ndd-biens-numeriques\\\/#breadcrumb\"},\"inLanguage\":\"fr-FR\",\"potentialAction\":[{\"@type\":\"ReadAction\",\"target\":[\"https:\\\/\\\/bakemark.com\\\/fr\\\/ndd-biens-numeriques\\\/\"]}]},{\"@type\":\"BreadcrumbList\",\"@id\":\"https:\\\/\\\/bakemark.com\\\/fr\\\/ndd-biens-numeriques\\\/#breadcrumb\",\"itemListElement\":[{\"@type\":\"ListItem\",\"position\":1,\"name\":\"Home\",\"item\":\"https:\\\/\\\/bakemark.com\\\/fr\\\/\"},{\"@type\":\"ListItem\",\"position\":2,\"name\":\"NDD &#8211; Biens num\u00e9riques\"}]},{\"@type\":\"WebSite\",\"@id\":\"https:\\\/\\\/bakemark.com\\\/fr\\\/#website\",\"url\":\"https:\\\/\\\/bakemark.com\\\/fr\\\/\",\"name\":\"BakeMark\",\"description\":\"\",\"publisher\":{\"@id\":\"https:\\\/\\\/bakemark.com\\\/fr\\\/#organization\"},\"potentialAction\":[{\"@type\":\"SearchAction\",\"target\":{\"@type\":\"EntryPoint\",\"urlTemplate\":\"https:\\\/\\\/bakemark.com\\\/fr\\\/?s={search_term_string}\"},\"query-input\":{\"@type\":\"PropertyValueSpecification\",\"valueRequired\":true,\"valueName\":\"search_term_string\"}}],\"inLanguage\":\"fr-FR\"},{\"@type\":\"Organization\",\"@id\":\"https:\\\/\\\/bakemark.com\\\/fr\\\/#organization\",\"name\":\"BakeMark\",\"url\":\"https:\\\/\\\/bakemark.com\\\/fr\\\/\",\"logo\":{\"@type\":\"ImageObject\",\"inLanguage\":\"fr-FR\",\"@id\":\"https:\\\/\\\/bakemark.com\\\/fr\\\/#\\\/schema\\\/logo\\\/image\\\/\",\"url\":\"https:\\\/\\\/bakemark.com\\\/wp-content\\\/uploads\\\/2024\\\/07\\\/bakemark-logo-wht.svg\",\"contentUrl\":\"https:\\\/\\\/bakemark.com\\\/wp-content\\\/uploads\\\/2024\\\/07\\\/bakemark-logo-wht.svg\",\"width\":233,\"height\":58,\"caption\":\"BakeMark\"},\"image\":{\"@id\":\"https:\\\/\\\/bakemark.com\\\/fr\\\/#\\\/schema\\\/logo\\\/image\\\/\"}}]}<\/script>\n<!-- \/ Yoast SEO plugin. -->","yoast_head_json":{"title":"NDD - Biens num\u00e9riques - BakeMark","robots":{"index":"index","follow":"follow","max-snippet":"max-snippet:-1","max-image-preview":"max-image-preview:large","max-video-preview":"max-video-preview:-1"},"canonical":"https:\/\/bakemark.com\/fr\/ndd-biens-numeriques\/","og_locale":"fr_FR","og_type":"article","og_title":"NDD - Biens num\u00e9riques - BakeMark","og_url":"https:\/\/bakemark.com\/fr\/ndd-biens-numeriques\/","og_site_name":"BakeMark","article_modified_time":"2025-03-28T16:12:52+00:00","twitter_card":"summary_large_image","twitter_misc":{"Est. reading time":"3 minutes"},"schema":{"@context":"https:\/\/schema.org","@graph":[{"@type":"WebPage","@id":"https:\/\/bakemark.com\/fr\/ndd-biens-numeriques\/","url":"https:\/\/bakemark.com\/fr\/ndd-biens-numeriques\/","name":"NDD - Biens num\u00e9riques - BakeMark","isPartOf":{"@id":"https:\/\/bakemark.com\/fr\/#website"},"datePublished":"2025-03-28T16:12:45+00:00","dateModified":"2025-03-28T16:12:52+00:00","breadcrumb":{"@id":"https:\/\/bakemark.com\/fr\/ndd-biens-numeriques\/#breadcrumb"},"inLanguage":"fr-FR","potentialAction":[{"@type":"ReadAction","target":["https:\/\/bakemark.com\/fr\/ndd-biens-numeriques\/"]}]},{"@type":"BreadcrumbList","@id":"https:\/\/bakemark.com\/fr\/ndd-biens-numeriques\/#breadcrumb","itemListElement":[{"@type":"ListItem","position":1,"name":"Home","item":"https:\/\/bakemark.com\/fr\/"},{"@type":"ListItem","position":2,"name":"NDD &#8211; Biens num\u00e9riques"}]},{"@type":"WebSite","@id":"https:\/\/bakemark.com\/fr\/#website","url":"https:\/\/bakemark.com\/fr\/","name":"BakeMark","description":"","publisher":{"@id":"https:\/\/bakemark.com\/fr\/#organization"},"potentialAction":[{"@type":"SearchAction","target":{"@type":"EntryPoint","urlTemplate":"https:\/\/bakemark.com\/fr\/?s={search_term_string}"},"query-input":{"@type":"PropertyValueSpecification","valueRequired":true,"valueName":"search_term_string"}}],"inLanguage":"fr-FR"},{"@type":"Organization","@id":"https:\/\/bakemark.com\/fr\/#organization","name":"BakeMark","url":"https:\/\/bakemark.com\/fr\/","logo":{"@type":"ImageObject","inLanguage":"fr-FR","@id":"https:\/\/bakemark.com\/fr\/#\/schema\/logo\/image\/","url":"https:\/\/bakemark.com\/wp-content\/uploads\/2024\/07\/bakemark-logo-wht.svg","contentUrl":"https:\/\/bakemark.com\/wp-content\/uploads\/2024\/07\/bakemark-logo-wht.svg","width":233,"height":58,"caption":"BakeMark"},"image":{"@id":"https:\/\/bakemark.com\/fr\/#\/schema\/logo\/image\/"}}]}},"_links":{"self":[{"href":"https:\/\/bakemark.com\/fr\/wp-json\/wp\/v2\/pages\/7155","targetHints":{"allow":["GET"]}}],"collection":[{"href":"https:\/\/bakemark.com\/fr\/wp-json\/wp\/v2\/pages"}],"about":[{"href":"https:\/\/bakemark.com\/fr\/wp-json\/wp\/v2\/types\/page"}],"author":[{"embeddable":true,"href":"https:\/\/bakemark.com\/fr\/wp-json\/wp\/v2\/users\/11"}],"replies":[{"embeddable":true,"href":"https:\/\/bakemark.com\/fr\/wp-json\/wp\/v2\/comments?post=7155"}],"version-history":[{"count":0,"href":"https:\/\/bakemark.com\/fr\/wp-json\/wp\/v2\/pages\/7155\/revisions"}],"wp:attachment":[{"href":"https:\/\/bakemark.com\/fr\/wp-json\/wp\/v2\/media?parent=7155"}],"curies":[{"name":"wp","href":"https:\/\/api.w.org\/{rel}","templated":true}]}}