{"id":7051,"date":"2025-03-11T16:37:18","date_gmt":"2025-03-11T21:37:18","guid":{"rendered":"https:\/\/bakemark.com\/journee-nationale-des-beignets-2025\/"},"modified":"2026-01-14T11:22:09","modified_gmt":"2026-01-14T17:22:09","slug":"journee-nationale-des-beignets-2025","status":"publish","type":"page","link":"https:\/\/bakemark.com\/fr\/journee-nationale-des-beignets-2025\/","title":{"rendered":"Journ\u00e9e nationale des beignets 2025"},"content":{"rendered":"<div class=\"wpb-content-wrapper\">[vc_row full_width=\u00a0\u00bbstretch_row\u00a0\u00bb content_placement=\u00a0\u00bbmiddle\u00a0\u00bb css=\u00a0\u00bb.vc_custom_1741728953911{background-image: url(https:\/\/bakemark.com\/wp-content\/uploads\/2025\/03\/VanIcingSwirl4.png?id=7031) !important;}\u00a0\u00bb][vc_column]<figure class=\"vcex-image vcex-module\"><div class=\"vcex-image-inner wpex-relative wpex-inline-block\"><img width=\"850\" height=\"196\" src=\"https:\/\/bakemark.com\/wp-content\/uploads\/2025\/03\/June-6th.png\" class=\"vcex-image-img wpex-align-middle\" alt=\"\" loading=\"lazy\" decoding=\"async\" srcset=\"https:\/\/bakemark.com\/wp-content\/uploads\/2025\/03\/June-6th.png 850w, https:\/\/bakemark.com\/wp-content\/uploads\/2025\/03\/June-6th-300x69.png 300w, https:\/\/bakemark.com\/wp-content\/uploads\/2025\/03\/June-6th-768x177.png 768w\" sizes=\"auto, (max-width: 850px) 100vw, 850px\" \/><\/div><\/figure><figure class=\"vcex-image vcex-module\"><div class=\"vcex-image-inner wpex-relative wpex-inline-block\"><img width=\"1780\" height=\"570\" src=\"https:\/\/bakemark.com\/wp-content\/uploads\/2025\/03\/Group-252.png\" class=\"vcex-image-img wpex-align-middle\" alt=\"\" loading=\"lazy\" decoding=\"async\" srcset=\"https:\/\/bakemark.com\/wp-content\/uploads\/2025\/03\/Group-252.png 1780w, https:\/\/bakemark.com\/wp-content\/uploads\/2025\/03\/Group-252-300x96.png 300w, https:\/\/bakemark.com\/wp-content\/uploads\/2025\/03\/Group-252-1024x328.png 1024w, https:\/\/bakemark.com\/wp-content\/uploads\/2025\/03\/Group-252-768x246.png 768w, https:\/\/bakemark.com\/wp-content\/uploads\/2025\/03\/Group-252-1536x492.png 1536w\" sizes=\"auto, (max-width: 1780px) 100vw, 1780px\" \/><\/div><\/figure>[\/vc_column][\/vc_row][vc_row][vc_column width=\u00a0\u00bb1\/2&Prime;]<figure class=\"vcex-image vcex-module\"><div class=\"vcex-image-inner wpex-relative wpex-inline-block\"><img width=\"1018\" height=\"366\" src=\"https:\/\/bakemark.com\/wp-content\/uploads\/2025\/03\/Carry-onthe-tradition.png\" class=\"vcex-image-img wpex-align-middle\" alt=\"\" loading=\"lazy\" decoding=\"async\" srcset=\"https:\/\/bakemark.com\/wp-content\/uploads\/2025\/03\/Carry-onthe-tradition.png 1018w, https:\/\/bakemark.com\/wp-content\/uploads\/2025\/03\/Carry-onthe-tradition-300x108.png 300w, https:\/\/bakemark.com\/wp-content\/uploads\/2025\/03\/Carry-onthe-tradition-768x276.png 768w\" sizes=\"auto, (max-width: 1018px) 100vw, 1018px\" \/><\/div><\/figure>[vc_column_text css=\u00a0\u00bb\u00a0\u00bb]Cette f\u00eate comm\u00e9more les volontaires de l&rsquo;Arm\u00e9e du Salut qui ont servi des beignets aux soldats pendant la Premi\u00e8re Guerre mondiale, leur apportant ainsi du r\u00e9confort en p\u00e9riode de conflit. Vous pouvez perp\u00e9tuer cet h\u00e9ritage de bienveillance en b\u00e9n\u00e9ficiant du soutien et des ressources n\u00e9cessaires \u00e0 la r\u00e9ussite de votre propre f\u00eate.  La campagne <strong>\u00ab\u00a0Make Your Mark\u00a0\u00bb <\/strong>de BakeMark refl\u00e8te notre engagement \u00e0 rendre service non seulement \u00e0 notre industrie, mais aussi \u00e0 nos communaut\u00e9s.[\/vc_column_text]<div class=\"vcex-spacing wpex-w-100 wpex-clear\" style=\"height:30px;\"><\/div><a href=\"https:\/\/www.salvationarmyusa.org\/usn\/national-donut-day\/\" class=\"vcex-button theme-button inline\"><span class=\"vcex-button-inner theme-button-inner wpex-flex wpex-flex-wrap wpex-items-center wpex-justify-center\">voir plus de d\u00e9tails et l&rsquo;historique<\/span><\/a> [\/vc_column][vc_column width=\u00a0\u00bb1\/2&Prime;]<figure class=\"vcex-image vcex-module\"><div class=\"vcex-image-inner wpex-relative wpex-inline-block\"><img width=\"1080\" height=\"1080\" src=\"https:\/\/bakemark.com\/wp-content\/uploads\/2025\/03\/Untitled-design-57.png\" class=\"vcex-image-img wpex-align-middle\" alt=\"\" loading=\"lazy\" decoding=\"async\" srcset=\"https:\/\/bakemark.com\/wp-content\/uploads\/2025\/03\/Untitled-design-57.png 1080w, https:\/\/bakemark.com\/wp-content\/uploads\/2025\/03\/Untitled-design-57-300x300.png 300w, https:\/\/bakemark.com\/wp-content\/uploads\/2025\/03\/Untitled-design-57-1024x1024.png 1024w, https:\/\/bakemark.com\/wp-content\/uploads\/2025\/03\/Untitled-design-57-150x150.png 150w, https:\/\/bakemark.com\/wp-content\/uploads\/2025\/03\/Untitled-design-57-768x768.png 768w\" sizes=\"auto, (max-width: 1080px) 100vw, 1080px\" \/><\/div><\/figure>[\/vc_column][\/vc_row][vc_row full_width=\u00a0\u00bbstretch_row\u00a0\u00bb css=\u00a0\u00bb.vc_custom_1741797836891{background-color: #E5F4FB !important;}\u00a0\u00bb wpex_bg_color=\u00a0\u00bb#e5f4fb\u00a0\u00bb][vc_column width=\u00a0\u00bb1\/2&Prime;]<figure class=\"vcex-image vcex-module\"><div class=\"vcex-image-inner wpex-relative wpex-inline-block\"><img width=\"1742\" height=\"1689\" src=\"https:\/\/bakemark.com\/wp-content\/uploads\/2025\/03\/POSBundle_REV.png\" class=\"vcex-image-img wpex-align-middle\" alt=\"\" loading=\"lazy\" decoding=\"async\" srcset=\"https:\/\/bakemark.com\/wp-content\/uploads\/2025\/03\/POSBundle_REV.png 1742w, https:\/\/bakemark.com\/wp-content\/uploads\/2025\/03\/POSBundle_REV-300x291.png 300w, https:\/\/bakemark.com\/wp-content\/uploads\/2025\/03\/POSBundle_REV-1024x993.png 1024w, https:\/\/bakemark.com\/wp-content\/uploads\/2025\/03\/POSBundle_REV-768x745.png 768w, https:\/\/bakemark.com\/wp-content\/uploads\/2025\/03\/POSBundle_REV-1536x1489.png 1536w\" sizes=\"auto, (max-width: 1742px) 100vw, 1742px\" \/><\/div><\/figure>[\/vc_column][vc_column width=\u00a0\u00bb1\/2&Prime;]<div class=\"vcex-spacing wpex-w-100 wpex-clear\" style=\"height:100px;\"><\/div><style>.vcex-heading.vcex_69f28ce0eabcb{color:#982126;}<\/style><div class=\"vcex-heading vcex-heading-plain vcex-module wpex-h2 vcex_69f28ce0eabcb\"><span class=\"vcex-heading-inner wpex-inline-block\">Affiches et autocollants gratuits<\/span><\/div>[vc_column_text css=\u00a0\u00bb\u00a0\u00bb]Vous avez besoin de plus d&rsquo;affiches pour faire passer le message ? Votre repr\u00e9sentant commercial se fera un plaisir de vous aider.[\/vc_column_text]<div class=\"vcex-spacing wpex-w-100 wpex-clear\" style=\"height:30px;\"><\/div><a href=\"https:\/\/bakemark.com\/contact-us\/\" class=\"vcex-button theme-button inline\"><span class=\"vcex-button-inner theme-button-inner wpex-flex wpex-flex-wrap wpex-items-center wpex-justify-center\">Contactez nous<\/span><\/a> [\/vc_column][\/vc_row][vc_row][vc_column width=\u00a0\u00bb1\/2&Prime;]<div class=\"vcex-spacing wpex-w-100 wpex-clear\" style=\"height:100px;\"><\/div><style>.vcex-heading.vcex_69f28ce0eb660{color:#982126;}<\/style><div class=\"vcex-heading vcex-heading-plain vcex-module wpex-h2 vcex_69f28ce0eb660\"><span class=\"vcex-heading-inner wpex-inline-block\">Faites passer le message sur les m\u00e9dias sociaux<\/span><\/div>[vc_column_text css=\u00a0\u00bb\u00a0\u00bb]Ces posts pr\u00eats \u00e0 l&#8217;emploi permettent \u00e0 vos followers d&rsquo;\u00eatre inform\u00e9s de cette douce f\u00eate.[\/vc_column_text]<div class=\"vcex-spacing wpex-w-100 wpex-clear\" style=\"height:30px;\"><\/div><a href=\"https:\/\/bakemark.com\/ndd-digital-assets\/\" class=\"vcex-button theme-button inline\"><span class=\"vcex-button-inner theme-button-inner wpex-flex wpex-flex-wrap wpex-items-center wpex-justify-center\">T\u00e9l\u00e9charger les messages sociaux<\/span><\/a> [\/vc_column][vc_column width=\u00a0\u00bb1\/2&Prime;]<figure class=\"vcex-image vcex-module\"><div class=\"vcex-image-inner wpex-relative wpex-inline-block\"><img width=\"1000\" height=\"854\" src=\"https:\/\/bakemark.com\/wp-content\/uploads\/2025\/03\/LandingPageImages_SocialImages.png\" class=\"vcex-image-img wpex-align-middle\" alt=\"\" loading=\"lazy\" decoding=\"async\" srcset=\"https:\/\/bakemark.com\/wp-content\/uploads\/2025\/03\/LandingPageImages_SocialImages.png 1000w, https:\/\/bakemark.com\/wp-content\/uploads\/2025\/03\/LandingPageImages_SocialImages-300x256.png 300w, https:\/\/bakemark.com\/wp-content\/uploads\/2025\/03\/LandingPageImages_SocialImages-768x656.png 768w\" sizes=\"auto, (max-width: 1000px) 100vw, 1000px\" \/><\/div><\/figure>[\/vc_column][\/vc_row][vc_row full_width=\u00a0\u00bbstretch_row\u00a0\u00bb css=\u00a0\u00bb.vc_custom_1741799853242{background-color: #E5F4FB !important;}\u00a0\u00bb wpex_bg_color=\u00a0\u00bb#e5f4fb\u00a0\u00bb][vc_column width=\u00a0\u00bb1\/2&Prime;]<div class=\"vcex-spacing wpex-w-100 wpex-clear\" style=\"height:100px;\"><\/div><figure class=\"vcex-image vcex-module\"><div class=\"vcex-image-inner wpex-relative wpex-inline-block vc_custom_1741798615248\"><img width=\"840\" height=\"630\" src=\"https:\/\/bakemark.com\/wp-content\/uploads\/2025\/03\/BirthdayCakeDonuts-1.png\" class=\"vcex-image-img wpex-align-middle wpex-aspect-4-3 wpex-object-cover\" alt=\"\" loading=\"lazy\" decoding=\"async\" srcset=\"https:\/\/bakemark.com\/wp-content\/uploads\/2025\/03\/BirthdayCakeDonuts-1.png 840w, https:\/\/bakemark.com\/wp-content\/uploads\/2025\/03\/BirthdayCakeDonuts-1-300x225.png 300w, https:\/\/bakemark.com\/wp-content\/uploads\/2025\/03\/BirthdayCakeDonuts-1-768x576.png 768w\" sizes=\"auto, (max-width: 840px) 100vw, 840px\" \/><\/div><\/figure>[\/vc_column][vc_column width=\u00a0\u00bb1\/2&Prime;]<div class=\"vcex-spacing wpex-w-100 wpex-clear\" style=\"height:100px;\"><\/div><style>.vcex-heading.vcex_69f28ce0ed260{color:#982126;}<\/style><div class=\"vcex-heading vcex-heading-plain vcex-module wpex-h2 vcex_69f28ce0ed260\"><span class=\"vcex-heading-inner wpex-inline-block\">D\u00e9couvrez une d\u00e9licieuse inspiration<\/span><\/div>[vc_column_text css=\u00a0\u00bb\u00a0\u00bb]Servez quelque chose de nouveau et d&rsquo;excitant le jour J gr\u00e2ce \u00e0 des id\u00e9es savoureuses.[\/vc_column_text]<div class=\"vcex-spacing wpex-w-100 wpex-clear\" style=\"height:30px;\"><\/div><a href=\"https:\/\/bakemark.com\/recipes\/?_sft_recipe_category=donuts\" class=\"vcex-button theme-button inline\"><span class=\"vcex-button-inner theme-button-inner wpex-flex wpex-flex-wrap wpex-items-center wpex-justify-center\">Explorer les recettes<\/span><\/a> [\/vc_column][\/vc_row][vc_row][vc_column][\/vc_column][vc_column]<style>.vcex-heading.vcex_69f28ce0ef3f2{color:#982126;}<\/style><div class=\"vcex-heading vcex-heading-plain vcex-module wpex-h3 wpex-text-center vcex_69f28ce0ef3f2\"><span class=\"vcex-heading-inner wpex-inline-block\">Trucs et astuces<\/span><\/div>[vc_column_text css=\u00a0\u00bb\u00a0\u00bb text_align=\u00a0\u00bbcenter\u00a0\u00bb]Les moyens de rendre cette f\u00eate sp\u00e9ciale ne manquent pas.<br \/>\nConsid\u00e9rez quelques-unes de ces id\u00e9es pour une occasion encore plus m\u00e9morable.[\/vc_column_text]<style>.vcex-heading.vcex_69f28ce0ef7be{color:#e03a3e;}<\/style><div class=\"vcex-heading vcex-heading-plain vcex-module wpex-h4 vcex_69f28ce0ef7be\"><span class=\"vcex-heading-inner wpex-inline-block\">R\u00e9ductions pour les groupes qui font le bien<\/span><\/div>[vc_column_text css=\u00a0\u00bb\u00a0\u00bb]Envisagez d&rsquo;offrir des promotions aux personnes qui livrent des beignets \u00e0 des associations \u00e0 but non lucratif et \u00e0 des organisations qui contribuent \u00e0 l&rsquo;am\u00e9lioration des communaut\u00e9s locales. Vous pouvez \u00e9galement reverser un pourcentage des ventes de la journ\u00e9e \u00e0 une association caritative sp\u00e9cifique.[\/vc_column_text]<style>.vcex-heading.vcex_69f28ce0efb56{color:#e03a3e;}<\/style><div class=\"vcex-heading vcex-heading-plain vcex-module wpex-h4 vcex_69f28ce0efb56\"><span class=\"vcex-heading-inner wpex-inline-block\">Spin to Win et autres activit\u00e9s<\/span><\/div>[vc_column_text css=\u00a0\u00bb\u00a0\u00bb]Les jeux faciles \u00e0 mettre en place et les r\u00e9compenses amusantes peuvent contribuer \u00e0 rendre la journ\u00e9e encore plus sp\u00e9ciale. Une simple roue de prix ou un \u00ab\u00a0donut hole toss\u00a0\u00bb (jeu de trous de ma\u00efs modifi\u00e9) peut r\u00e9compenser les consommateurs par un donut gratuit, une offre BOGO lors de leur prochaine visite, ou d&rsquo;autres cadeaux amusants.[\/vc_column_text]<style>.vcex-heading.vcex_69f28ce0efec7{color:#e03a3e;}<\/style><div class=\"vcex-heading vcex-heading-plain vcex-module wpex-h4 vcex_69f28ce0efec7\"><span class=\"vcex-heading-inner wpex-inline-block\">Station de d\u00e9coration pour les beignets et les bo\u00eetes<\/span><\/div>[vc_column_text css=\u00a0\u00bb\u00a0\u00bb]Pensez \u00e0 am\u00e9nager un espace o\u00f9 les clients peuvent personnaliser leurs propres beignets avec diff\u00e9rentes garnitures, gla\u00e7ages et saupoudrages. Vous pouvez \u00e9galement mettre \u00e0 disposition des crayons et des marqueurs pour que les plus petits puissent d\u00e9corer leurs bo\u00eetes.[\/vc_column_text]<style>.vcex-heading.vcex_69f28ce0f0261{color:#e03a3e;}<\/style><div class=\"vcex-heading vcex-heading-plain vcex-module wpex-h4 vcex_69f28ce0f0261\"><span class=\"vcex-heading-inner wpex-inline-block\">\u00c9chantillon de beignets<\/span><\/div>[vc_column_text css=\u00a0\u00bb\u00a0\u00bb]Cr\u00e9ez des bo\u00eetes sp\u00e9ciales sur le th\u00e8me de la Journ\u00e9e nationale du beignet, contenant une vari\u00e9t\u00e9 de vos beignets les plus vendus, et offrez-les \u00e0 un prix r\u00e9duit ou comme cadeau avec l&rsquo;achat pour encourager les commandes plus importantes. En offrant \u00e0 vos clients une option rapide, \u00e0 prendre sur le pouce, vous assurez le bon d\u00e9roulement d&rsquo;une journ\u00e9e tr\u00e8s charg\u00e9e.[\/vc_column_text][\/vc_column][\/vc_row][vc_row][vc_column]<div class=\"wpex-template-shortcode\"><style type=\"text\/css\" data-type=\"vc_shortcodes-custom-css\">.vc_custom_1721317701030{background: #982126 url(https:\/\/bakemark.com\/wp-content\/uploads\/2024\/07\/bakemark-border.svg?id=340) !important;background-position: 0 0 !important;background-repeat: repeat-x !important;}.vc_custom_1720105893517{margin-bottom: 0px !important;}<\/style><div class=\"vc_section bigbrow vc_custom_1721317701030 wpex-vc-full-width-section wpex-vc-full-width-section--centered wpex-relative wpex-vc_section-has-fill wpex-vc_section-mx-0\" style=\"background-position:bottom left!important;background-size:auto 50px!important;\"><div class=\"vc_row wpb_row vc_row-fluid vc_row-o-content-middle vc_row-flex wpex-relative wpex-vc_row-col-mb-0 typography-white\"><div class=\"wpb_column vc_column_container vc_col-sm-2\"><div class=\"vc_column-inner vc_custom_1720105893517\"><div class=\"wpb_wrapper\"><\/div><\/div><\/div><div class=\"wpb_column vc_column_container vc_col-sm-8\"><div class=\"vc_column-inner\"><div class=\"wpb_wrapper\"><div class=\"vcex-spacing wpex-w-100 wpex-clear\"><\/div>\n\t<div class=\"wpb_text_column wpb_content_element\" >\n\t\t<div class=\"wpb_wrapper\">\n\t\t\t<h2 style=\"text-align: center\">Vous avez des questions ? Nous sommes \u00e0 votre disposition <\/h2>\n<p style=\"text-align: center\">Vous avez besoin de plus d&rsquo;informations sur les produits ou les solutions ? Vous \u00eates pr\u00eat \u00e0 entamer une conversation ? Un repr\u00e9sentant de BakeMark r\u00e9pondra rapidement \u00e0 votre message.  <\/p>\n\n\t\t<\/div>\n\t<\/div>\n<div class=\"vcex-spacing wpex-w-100 wpex-clear\"><\/div><div class=\"theme-button-wrap textcenter wpex-clr\"><a href=\"https:\/\/bakemark.com\/fr\/contactez-nous\/\" class=\"vcex-button theme-button align-center inline btnoncolor\"><span class=\"vcex-button-inner theme-button-inner wpex-flex wpex-flex-wrap wpex-items-center wpex-justify-center\">Contactez nous<\/span><\/a><\/div> \t<style>.vcex_69f28ce0f2f9a{height:70px;}@media (max-width:767px){.vcex_69f28ce0f2f9a{height:80px;}}<\/style>\n<div class=\"vcex-spacing wpex-w-100 wpex-clear vcex_69f28ce0f2f9a\"><\/div><\/div><\/div><\/div><div class=\"wpb_column vc_column_container vc_col-sm-2\"><div class=\"vc_column-inner\"><div class=\"wpb_wrapper\"><\/div><\/div><\/div><\/div><\/div>\n<\/div>[\/vc_column][\/vc_row]\n<\/div>","protected":false},"excerpt":{"rendered":"Cette f\u00eate comm\u00e9more les volontaires de l'Arm\u00e9e du Salut qui ont servi des beignets aux soldats pendant la Premi\u00e8re Guerre mondiale, leur apportant ainsi du r\u00e9confort en p\u00e9riode de conflit. Vous pouvez perp\u00e9tuer cet h\u00e9ritage de bienveillance en b\u00e9n\u00e9ficiant du soutien et des ressources n\u00e9cessaires \u00e0 la r\u00e9ussite de votre propre f\u00eate. La campagne \"Make&hellip;","protected":false},"author":3,"featured_media":0,"parent":0,"menu_order":0,"comment_status":"closed","ping_status":"closed","template":"","meta":{"_acf_changed":false,"content-type":"","footnotes":""},"class_list":["post-7051","page","type-page","status-publish","hentry","entry","no-media"],"acf":[],"yoast_head":"<!-- This site is optimized with the Yoast SEO plugin v27.4 - https:\/\/yoast.com\/product\/yoast-seo-wordpress\/ -->\n<title>Journ\u00e9e nationale des beignets 2025 - BakeMark<\/title>\n<meta name=\"robots\" content=\"index, follow, max-snippet:-1, max-image-preview:large, max-video-preview:-1\" \/>\n<link rel=\"canonical\" href=\"https:\/\/bakemark.com\/fr\/journee-nationale-des-beignets-2025\/\" \/>\n<meta property=\"og:locale\" content=\"fr_FR\" \/>\n<meta property=\"og:type\" content=\"article\" \/>\n<meta property=\"og:title\" content=\"Journ\u00e9e nationale des beignets 2025 - BakeMark\" \/>\n<meta property=\"og:url\" content=\"https:\/\/bakemark.com\/fr\/journee-nationale-des-beignets-2025\/\" \/>\n<meta property=\"og:site_name\" content=\"BakeMark\" \/>\n<meta property=\"article:modified_time\" content=\"2026-01-14T17:22:09+00:00\" \/>\n<meta name=\"twitter:card\" content=\"summary_large_image\" \/>\n<meta name=\"twitter:label1\" content=\"Est. reading time\" \/>\n\t<meta name=\"twitter:data1\" content=\"4 minutes\" \/>\n<script type=\"application\/ld+json\" class=\"yoast-schema-graph\">{\"@context\":\"https:\\\/\\\/schema.org\",\"@graph\":[{\"@type\":\"WebPage\",\"@id\":\"https:\\\/\\\/bakemark.com\\\/fr\\\/journee-nationale-des-beignets-2025\\\/\",\"url\":\"https:\\\/\\\/bakemark.com\\\/fr\\\/journee-nationale-des-beignets-2025\\\/\",\"name\":\"Journ\u00e9e nationale des beignets 2025 - BakeMark\",\"isPartOf\":{\"@id\":\"https:\\\/\\\/bakemark.com\\\/fr\\\/#website\"},\"datePublished\":\"2025-03-11T21:37:18+00:00\",\"dateModified\":\"2026-01-14T17:22:09+00:00\",\"breadcrumb\":{\"@id\":\"https:\\\/\\\/bakemark.com\\\/fr\\\/journee-nationale-des-beignets-2025\\\/#breadcrumb\"},\"inLanguage\":\"fr-FR\",\"potentialAction\":[{\"@type\":\"ReadAction\",\"target\":[\"https:\\\/\\\/bakemark.com\\\/fr\\\/journee-nationale-des-beignets-2025\\\/\"]}]},{\"@type\":\"BreadcrumbList\",\"@id\":\"https:\\\/\\\/bakemark.com\\\/fr\\\/journee-nationale-des-beignets-2025\\\/#breadcrumb\",\"itemListElement\":[{\"@type\":\"ListItem\",\"position\":1,\"name\":\"Home\",\"item\":\"https:\\\/\\\/bakemark.com\\\/fr\\\/\"},{\"@type\":\"ListItem\",\"position\":2,\"name\":\"Journ\u00e9e nationale des beignets 2025\"}]},{\"@type\":\"WebSite\",\"@id\":\"https:\\\/\\\/bakemark.com\\\/fr\\\/#website\",\"url\":\"https:\\\/\\\/bakemark.com\\\/fr\\\/\",\"name\":\"BakeMark\",\"description\":\"\",\"publisher\":{\"@id\":\"https:\\\/\\\/bakemark.com\\\/fr\\\/#organization\"},\"potentialAction\":[{\"@type\":\"SearchAction\",\"target\":{\"@type\":\"EntryPoint\",\"urlTemplate\":\"https:\\\/\\\/bakemark.com\\\/fr\\\/?s={search_term_string}\"},\"query-input\":{\"@type\":\"PropertyValueSpecification\",\"valueRequired\":true,\"valueName\":\"search_term_string\"}}],\"inLanguage\":\"fr-FR\"},{\"@type\":\"Organization\",\"@id\":\"https:\\\/\\\/bakemark.com\\\/fr\\\/#organization\",\"name\":\"BakeMark\",\"url\":\"https:\\\/\\\/bakemark.com\\\/fr\\\/\",\"logo\":{\"@type\":\"ImageObject\",\"inLanguage\":\"fr-FR\",\"@id\":\"https:\\\/\\\/bakemark.com\\\/fr\\\/#\\\/schema\\\/logo\\\/image\\\/\",\"url\":\"https:\\\/\\\/bakemark.com\\\/wp-content\\\/uploads\\\/2024\\\/07\\\/bakemark-logo-wht.svg\",\"contentUrl\":\"https:\\\/\\\/bakemark.com\\\/wp-content\\\/uploads\\\/2024\\\/07\\\/bakemark-logo-wht.svg\",\"width\":233,\"height\":58,\"caption\":\"BakeMark\"},\"image\":{\"@id\":\"https:\\\/\\\/bakemark.com\\\/fr\\\/#\\\/schema\\\/logo\\\/image\\\/\"}}]}<\/script>\n<!-- \/ Yoast SEO plugin. -->","yoast_head_json":{"title":"Journ\u00e9e nationale des beignets 2025 - BakeMark","robots":{"index":"index","follow":"follow","max-snippet":"max-snippet:-1","max-image-preview":"max-image-preview:large","max-video-preview":"max-video-preview:-1"},"canonical":"https:\/\/bakemark.com\/fr\/journee-nationale-des-beignets-2025\/","og_locale":"fr_FR","og_type":"article","og_title":"Journ\u00e9e nationale des beignets 2025 - BakeMark","og_url":"https:\/\/bakemark.com\/fr\/journee-nationale-des-beignets-2025\/","og_site_name":"BakeMark","article_modified_time":"2026-01-14T17:22:09+00:00","twitter_card":"summary_large_image","twitter_misc":{"Est. reading time":"4 minutes"},"schema":{"@context":"https:\/\/schema.org","@graph":[{"@type":"WebPage","@id":"https:\/\/bakemark.com\/fr\/journee-nationale-des-beignets-2025\/","url":"https:\/\/bakemark.com\/fr\/journee-nationale-des-beignets-2025\/","name":"Journ\u00e9e nationale des beignets 2025 - BakeMark","isPartOf":{"@id":"https:\/\/bakemark.com\/fr\/#website"},"datePublished":"2025-03-11T21:37:18+00:00","dateModified":"2026-01-14T17:22:09+00:00","breadcrumb":{"@id":"https:\/\/bakemark.com\/fr\/journee-nationale-des-beignets-2025\/#breadcrumb"},"inLanguage":"fr-FR","potentialAction":[{"@type":"ReadAction","target":["https:\/\/bakemark.com\/fr\/journee-nationale-des-beignets-2025\/"]}]},{"@type":"BreadcrumbList","@id":"https:\/\/bakemark.com\/fr\/journee-nationale-des-beignets-2025\/#breadcrumb","itemListElement":[{"@type":"ListItem","position":1,"name":"Home","item":"https:\/\/bakemark.com\/fr\/"},{"@type":"ListItem","position":2,"name":"Journ\u00e9e nationale des beignets 2025"}]},{"@type":"WebSite","@id":"https:\/\/bakemark.com\/fr\/#website","url":"https:\/\/bakemark.com\/fr\/","name":"BakeMark","description":"","publisher":{"@id":"https:\/\/bakemark.com\/fr\/#organization"},"potentialAction":[{"@type":"SearchAction","target":{"@type":"EntryPoint","urlTemplate":"https:\/\/bakemark.com\/fr\/?s={search_term_string}"},"query-input":{"@type":"PropertyValueSpecification","valueRequired":true,"valueName":"search_term_string"}}],"inLanguage":"fr-FR"},{"@type":"Organization","@id":"https:\/\/bakemark.com\/fr\/#organization","name":"BakeMark","url":"https:\/\/bakemark.com\/fr\/","logo":{"@type":"ImageObject","inLanguage":"fr-FR","@id":"https:\/\/bakemark.com\/fr\/#\/schema\/logo\/image\/","url":"https:\/\/bakemark.com\/wp-content\/uploads\/2024\/07\/bakemark-logo-wht.svg","contentUrl":"https:\/\/bakemark.com\/wp-content\/uploads\/2024\/07\/bakemark-logo-wht.svg","width":233,"height":58,"caption":"BakeMark"},"image":{"@id":"https:\/\/bakemark.com\/fr\/#\/schema\/logo\/image\/"}}]}},"_links":{"self":[{"href":"https:\/\/bakemark.com\/fr\/wp-json\/wp\/v2\/pages\/7051","targetHints":{"allow":["GET"]}}],"collection":[{"href":"https:\/\/bakemark.com\/fr\/wp-json\/wp\/v2\/pages"}],"about":[{"href":"https:\/\/bakemark.com\/fr\/wp-json\/wp\/v2\/types\/page"}],"author":[{"embeddable":true,"href":"https:\/\/bakemark.com\/fr\/wp-json\/wp\/v2\/users\/3"}],"replies":[{"embeddable":true,"href":"https:\/\/bakemark.com\/fr\/wp-json\/wp\/v2\/comments?post=7051"}],"version-history":[{"count":0,"href":"https:\/\/bakemark.com\/fr\/wp-json\/wp\/v2\/pages\/7051\/revisions"}],"wp:attachment":[{"href":"https:\/\/bakemark.com\/fr\/wp-json\/wp\/v2\/media?parent=7051"}],"curies":[{"name":"wp","href":"https:\/\/api.w.org\/{rel}","templated":true}]}}