{"id":5352,"date":"2024-07-17T13:42:36","date_gmt":"2024-07-17T18:42:36","guid":{"rendered":"https:\/\/bakemark.com\/capacites\/"},"modified":"2025-07-22T10:39:28","modified_gmt":"2025-07-22T15:39:28","slug":"capacites","status":"publish","type":"page","link":"https:\/\/bakemark.com\/fr\/capacites\/","title":{"rendered":"Capacit\u00e9s"},"content":{"rendered":"<div class=\"wpb-content-wrapper\">[vc_row remove_bottom_col_margin=\u00a0\u00bbtrue\u00a0\u00bb css=\u00a0\u00bb.vc_custom_1722450345418{margin-top: 70px !important;margin-bottom: 20px !important;}\u00a0\u00bb][vc_column offset=\u00a0\u00bbvc_col-lg-offset-2 vc_col-lg-8 vc_col-md-offset-1 vc_col-md-10&Prime;]<div class=\"vcex-spacing wpex-w-100 wpex-clear hidden-phone\" style=\"height:10px;\"><\/div>[vc_column_text css=\u00a0\u00bb\u00a0\u00bb text_align=\u00a0\u00bbcenter\u00a0\u00bb]\n<h1>Nos comp\u00e9tences : Fournisseur d&rsquo;ingr\u00e9dients de boulangerie et au-del\u00e0<\/h1>\n[\/vc_column_text][\/vc_column][\/vc_row][vc_row css=\u00a0\u00bb.vc_custom_1722450353871{margin-bottom: 20px !important;}\u00a0\u00bb][vc_column offset=\u00a0\u00bbvc_col-lg-offset-1 vc_col-lg-10&Prime;][vc_column_text css=\u00a0\u00bb\u00a0\u00bb text_align=\u00a0\u00bbcenter\u00a0\u00bb width=\u00a0\u00bb712px\u00a0\u00bb]Chez BakeMark, nous existons pour cr\u00e9er de la valeur pour vous et votre boulangerie. Nous offrons des ressources et des capacit\u00e9s allant de notre portefeuille complet d&rsquo;ingr\u00e9dients de qualit\u00e9 \u00e0 une assistance technique partageant notre expertise en mati\u00e8re de boulangerie, en passant par un partenariat pour la cr\u00e9ation de solutions personnalis\u00e9es.[\/vc_column_text][\/vc_column][\/vc_row][vc_section el_class=\u00a0\u00bboverlapping-columns\u00a0\u00bb css=\u00a0\u00bb.vc_custom_1722450880955{margin-bottom: 40px !important;}\u00a0\u00bb][vc_row remove_bottom_col_margin=\u00a0\u00bbtrue\u00a0\u00bb el_class=\u00a0\u00bbimage-row\u00a0\u00bb][vc_column width=\u00a0\u00bb1\/2&Prime;]<figure class=\"vcex-image vcex-module\"><div class=\"vcex-image-inner wpex-relative wpex-w-100\"><img width=\"962\" height=\"962\" src=\"https:\/\/bakemark.com\/wp-content\/uploads\/2024\/07\/Manufacturing.jpg\" class=\"vcex-image-img wpex-align-middle wpex-w-100\" alt=\"\" loading=\"lazy\" decoding=\"async\" srcset=\"https:\/\/bakemark.com\/wp-content\/uploads\/2024\/07\/Manufacturing.jpg 962w, https:\/\/bakemark.com\/wp-content\/uploads\/2024\/07\/Manufacturing-300x300.jpg 300w, https:\/\/bakemark.com\/wp-content\/uploads\/2024\/07\/Manufacturing-150x150.jpg 150w, https:\/\/bakemark.com\/wp-content\/uploads\/2024\/07\/Manufacturing-768x768.jpg 768w\" sizes=\"auto, (max-width: 962px) 100vw, 962px\" \/><\/div><\/figure>[\/vc_column][\/vc_row][vc_row full_width=\u00a0\u00bbstretch_row\u00a0\u00bb remove_bottom_col_margin=\u00a0\u00bbtrue\u00a0\u00bb el_class=\u00a0\u00bbcontent-row\u00a0\u00bb][vc_column width=\u00a0\u00bb2\/3&Prime; offset=\u00a0\u00bbvc_col-sm-offset-4&Prime; css=\u00a0\u00bb.vc_custom_1722450091943{padding-top: 80px !important;padding-bottom: 80px !important;background-color: #f5f0e4 !important;background-position: 0 0 !important;background-repeat: repeat-x !important;}\u00a0\u00bb wpex_bg_position=\u00a0\u00bbleft bottom\u00a0\u00bb wpex_bg_size=\u00a0\u00bbauto 50px\u00a0\u00bb]<div class=\"vcex-spacing wpex-w-100 wpex-clear hidden-phone\" style=\"height:20px;\"><\/div>[vc_column_text css=\u00a0\u00bb.vc_custom_1722450799929{margin-bottom: 20px !important;}\u00a0\u00bb color=\u00a0\u00bbpalette-86&Prime;]\n<h2>La r\u00e9ussite d&rsquo;une boulangerie commence par une fabrication de classe mondiale<\/h2>\n[\/vc_column_text][vc_column_text css=\u00a0\u00bb.vc_custom_1739386577790{margin-bottom: 30px !important;}\u00a0\u00bb]Des ingr\u00e9dients de boulangerie de qualit\u00e9 : C&rsquo;est ce que nous faisons. Gr\u00e2ce \u00e0 nos 7 usines de fabrication situ\u00e9es en Am\u00e9rique du Nord, nous produisons une gamme compl\u00e8te de m\u00e9langes pour boulangerie, de garnitures, de gla\u00e7ages et de gla\u00e7ages. Nos usines sont certifi\u00e9es BRCGS et AIB. Que vous soyez \u00e0 la t\u00eate d&rsquo;une boulangerie locale ou d&rsquo;une multinationale, nous sommes votre source de confiance pour des ingr\u00e9dients de boulangerie de qualit\u00e9 qui r\u00e9pondent \u00e0 vos besoins.[\/vc_column_text]<style>.vcex-button.vcex_69e9881897ad5{width:331px;padding-inline:24px;}<\/style><a href=\"https:\/\/bakemark.com\/fr\/nos-marques\/\" class=\"vcex-button theme-button inline wpex-flex-shrink-0 vcex_69e9881897ad5\"><span class=\"vcex-button-inner theme-button-inner wpex-flex wpex-flex-wrap wpex-items-center wpex-justify-center\">D\u00e9couvrez toutes les marques de haute qualit\u00e9 que nous fabriquons<\/span><\/a> <div class=\"vcex-spacing wpex-w-100 wpex-clear hidden-phone\" style=\"height:20px;\"><\/div>[\/vc_column][\/vc_row][\/vc_section][vc_section el_class=\u00a0\u00bboverlapping-columns\u00a0\u00bb css=\u00a0\u00bb.vc_custom_1722964140072{margin-bottom: 40px !important;}\u00a0\u00bb][vc_row remove_bottom_col_margin=\u00a0\u00bbtrue\u00a0\u00bb el_class=\u00a0\u00bbimage-row\u00a0\u00bb][vc_column width=\u00a0\u00bb1\/2&Prime; offset=\u00a0\u00bbvc_col-sm-offset-6&Prime;]<figure class=\"vcex-image vcex-module\"><div class=\"vcex-image-inner wpex-relative wpex-w-100\"><img width=\"991\" height=\"991\" src=\"https:\/\/bakemark.com\/wp-content\/uploads\/2024\/08\/BakeMarkTruck_FromFootage.jpg\" class=\"vcex-image-img wpex-align-middle wpex-w-100\" alt=\"\" loading=\"lazy\" decoding=\"async\" srcset=\"https:\/\/bakemark.com\/wp-content\/uploads\/2024\/08\/BakeMarkTruck_FromFootage.jpg 991w, https:\/\/bakemark.com\/wp-content\/uploads\/2024\/08\/BakeMarkTruck_FromFootage-300x300.jpg 300w, https:\/\/bakemark.com\/wp-content\/uploads\/2024\/08\/BakeMarkTruck_FromFootage-150x150.jpg 150w, https:\/\/bakemark.com\/wp-content\/uploads\/2024\/08\/BakeMarkTruck_FromFootage-768x768.jpg 768w\" sizes=\"auto, (max-width: 991px) 100vw, 991px\" \/><\/div><\/figure>[\/vc_column][\/vc_row][vc_row full_width=\u00a0\u00bbstretch_row\u00a0\u00bb remove_bottom_col_margin=\u00a0\u00bbtrue\u00a0\u00bb el_class=\u00a0\u00bbcontent-row\u00a0\u00bb][vc_column width=\u00a0\u00bb2\/3&Prime; css=\u00a0\u00bb.vc_custom_1722450905948{padding-top: 80px !important;padding-bottom: 80px !important;background-color: #f5f0e4 !important;background-position: 0 0 !important;background-repeat: repeat-x !important;}\u00a0\u00bb wpex_bg_position=\u00a0\u00bbleft bottom\u00a0\u00bb wpex_bg_size=\u00a0\u00bbauto 50px\u00a0\u00bb]<div class=\"vcex-spacing wpex-w-100 wpex-clear hidden-phone\" style=\"height:20px;\"><\/div>[vc_column_text css=\u00a0\u00bb.vc_custom_1722450926673{margin-bottom: 20px !important;}\u00a0\u00bb color=\u00a0\u00bbpalette-86&Prime;]\n<h2>Distribuer vos solutions en toute fiabilit\u00e9<\/h2>\n[\/vc_column_text][vc_column_text css=\u00a0\u00bb.vc_custom_1724364811085{margin-bottom: 30px !important;}\u00a0\u00bb]En tant que plus grand distributeur de produits de boulangerie en Am\u00e9rique du Nord, nous sommes votre partenaire et fournisseur de confiance pour tous vos besoins en boulangerie. Notre vaste service de distribution est l\u00e0 pour soutenir vos activit\u00e9s en expansion. Gr\u00e2ce \u00e0 nos 38 centres de distribution, nous sommes fiers de servir des milliers de boulangeries \u00e0 travers les \u00c9tats-Unis et le Canada. Le r\u00e9seau de fournisseurs de BakeMark comprend les meilleurs fabricants et les plus grandes marques afin de garantir que ce que nous offrons est le meilleur pour votre boulangerie.[\/vc_column_text]<a href=\"https:\/\/bakemark.com\/fr\/bureaux-regionaux\/\" class=\"vcex-button theme-button inline\"><span class=\"vcex-button-inner theme-button-inner wpex-flex wpex-flex-wrap wpex-items-center wpex-justify-center\">Trouvez le bureau r\u00e9gional le plus proche<\/span><\/a> <div class=\"vcex-spacing wpex-w-100 wpex-clear hidden-phone\" style=\"height:20px;\"><\/div>[\/vc_column][\/vc_row][\/vc_section][vc_section el_class=\u00a0\u00bboverlapping-columns\u00a0\u00bb css=\u00a0\u00bb.vc_custom_1722964147718{margin-bottom: 80px !important;}\u00a0\u00bb][vc_row remove_bottom_col_margin=\u00a0\u00bbtrue\u00a0\u00bb el_class=\u00a0\u00bbimage-row\u00a0\u00bb][vc_column width=\u00a0\u00bb1\/2&Prime;]<style>.vcex-image.vcex_69e988189bad9 .vcex-image-img{border-radius:15px;}<\/style><figure class=\"vcex-image vcex-module vcex_69e988189bad9\"><div class=\"vcex-image-inner wpex-relative wpex-w-100\"><img width=\"1700\" height=\"1133\" src=\"https:\/\/bakemark.com\/wp-content\/uploads\/2024\/08\/LemonMeringueTart_Petals_Web.jpg\" class=\"vcex-image-img wpex-align-middle wpex-w-100\" alt=\"\" loading=\"lazy\" decoding=\"async\" srcset=\"https:\/\/bakemark.com\/wp-content\/uploads\/2024\/08\/LemonMeringueTart_Petals_Web.jpg 1700w, https:\/\/bakemark.com\/wp-content\/uploads\/2024\/08\/LemonMeringueTart_Petals_Web-300x200.jpg 300w, https:\/\/bakemark.com\/wp-content\/uploads\/2024\/08\/LemonMeringueTart_Petals_Web-1024x682.jpg 1024w, https:\/\/bakemark.com\/wp-content\/uploads\/2024\/08\/LemonMeringueTart_Petals_Web-768x512.jpg 768w, https:\/\/bakemark.com\/wp-content\/uploads\/2024\/08\/LemonMeringueTart_Petals_Web-1536x1024.jpg 1536w\" sizes=\"auto, (max-width: 1700px) 100vw, 1700px\" \/><\/div><\/figure>[\/vc_column][\/vc_row][vc_row full_width=\u00a0\u00bbstretch_row\u00a0\u00bb remove_bottom_col_margin=\u00a0\u00bbtrue\u00a0\u00bb el_class=\u00a0\u00bbcontent-row\u00a0\u00bb][vc_column width=\u00a0\u00bb2\/3&Prime; offset=\u00a0\u00bbvc_col-sm-offset-4&Prime; css=\u00a0\u00bb.vc_custom_1722450091943{padding-top: 80px !important;padding-bottom: 80px !important;background-color: #f5f0e4 !important;background-position: 0 0 !important;background-repeat: repeat-x !important;}\u00a0\u00bb wpex_bg_position=\u00a0\u00bbleft bottom\u00a0\u00bb wpex_bg_size=\u00a0\u00bbauto 50px\u00a0\u00bb]<div class=\"vcex-spacing wpex-w-100 wpex-clear hidden-phone\" style=\"height:20px;\"><\/div>[vc_column_text css=\u00a0\u00bb.vc_custom_1728665452191{margin-bottom: 20px !important;}\u00a0\u00bb color=\u00a0\u00bbpalette-86&Prime;]\n<h2>La boulangerie est un art et une science<\/h2>\n[\/vc_column_text][vc_column_text css=\u00a0\u00bb\u00a0\u00bb]Nos experts techniques en boulangerie et notre \u00e9quipe de recherche et d\u00e9veloppement ont plus de 130 ans d&rsquo;exp\u00e9rience combin\u00e9e en sciences et technologies alimentaires, ainsi qu&rsquo;en cr\u00e9ation de recettes, techniques de d\u00e9coration, d\u00e9pannage et formation du personnel. Nous innovons en permanence pour vous proposer des solutions sur \u00e9tag\u00e8re et sur mesure qui vous aideront \u00e0 fournir le produit exact que vous recherchez. Que vous soyez \u00e0 la recherche d&rsquo;innovations en mati\u00e8re d&rsquo;\u00e9tiquetage propre, de produits sans sucre ajout\u00e9, de prolongation de la dur\u00e9e de conservation, d&rsquo;options v\u00e9g\u00e9taliennes ou de formulations personnalis\u00e9es pour soutenir vos op\u00e9rations de boulangerie, nous sommes pr\u00eats \u00e0 travailler en partenariat avec vous.[\/vc_column_text]<div class=\"vcex-spacing wpex-w-100 wpex-clear hidden-phone\" style=\"height:20px;\"><\/div>[\/vc_column][\/vc_row][\/vc_section][vc_row remove_bottom_col_margin=\u00a0\u00bbtrue\u00a0\u00bb][vc_column]<div class=\"wpex-template-shortcode\"><style type=\"text\/css\" data-type=\"vc_shortcodes-custom-css\">.vc_custom_1721317701030{background: #982126 url(https:\/\/bakemark.com\/wp-content\/uploads\/2024\/07\/bakemark-border.svg?id=340) !important;background-position: 0 0 !important;background-repeat: repeat-x !important;}.vc_custom_1720105893517{margin-bottom: 0px !important;}<\/style><div class=\"vc_section bigbrow vc_custom_1721317701030 wpex-vc-full-width-section wpex-vc-full-width-section--centered wpex-relative wpex-vc_section-has-fill wpex-vc_section-mx-0\" style=\"background-position:bottom left!important;background-size:auto 50px!important;\"><div class=\"vc_row wpb_row vc_row-fluid vc_row-o-content-middle vc_row-flex wpex-relative wpex-vc_row-col-mb-0 typography-white\"><div class=\"wpb_column vc_column_container vc_col-sm-2\"><div class=\"vc_column-inner vc_custom_1720105893517\"><div class=\"wpb_wrapper\"><\/div><\/div><\/div><div class=\"wpb_column vc_column_container vc_col-sm-8\"><div class=\"vc_column-inner\"><div class=\"wpb_wrapper\"><div class=\"vcex-spacing wpex-w-100 wpex-clear\"><\/div>\n\t<div class=\"wpb_text_column wpb_content_element\" >\n\t\t<div class=\"wpb_wrapper\">\n\t\t\t<h2 style=\"text-align: center\">Vous avez des questions ? Nous sommes \u00e0 votre disposition <\/h2>\n<p style=\"text-align: center\">Vous avez besoin de plus d&rsquo;informations sur les produits ou les solutions ? Vous \u00eates pr\u00eat \u00e0 entamer une conversation ? Un repr\u00e9sentant de BakeMark r\u00e9pondra rapidement \u00e0 votre message.  <\/p>\n\n\t\t<\/div>\n\t<\/div>\n<div class=\"vcex-spacing wpex-w-100 wpex-clear\"><\/div><div class=\"theme-button-wrap textcenter wpex-clr\"><a href=\"https:\/\/bakemark.com\/fr\/contactez-nous\/\" class=\"vcex-button theme-button align-center inline btnoncolor\"><span class=\"vcex-button-inner theme-button-inner wpex-flex wpex-flex-wrap wpex-items-center wpex-justify-center\">Contactez nous<\/span><\/a><\/div> \t<style>.vcex_69e988189f242{height:70px;}@media (max-width:767px){.vcex_69e988189f242{height:80px;}}<\/style>\n<div class=\"vcex-spacing wpex-w-100 wpex-clear vcex_69e988189f242\"><\/div><\/div><\/div><\/div><div class=\"wpb_column vc_column_container vc_col-sm-2\"><div class=\"vc_column-inner\"><div class=\"wpb_wrapper\"><\/div><\/div><\/div><\/div><\/div>\n<\/div>[\/vc_column][\/vc_row]\n<\/div>","protected":false},"excerpt":{"rendered":"Nos comp\u00e9tences : Fournisseur d'ingr\u00e9dients de boulangerie et au-del\u00e0 Chez BakeMark, nous existons pour cr\u00e9er de la valeur pour vous et votre boulangerie. Nous offrons des ressources et des capacit\u00e9s allant de notre portefeuille complet d'ingr\u00e9dients de qualit\u00e9 \u00e0 une assistance technique partageant notre expertise en mati\u00e8re de boulangerie, en passant par un partenariat pour&hellip;","protected":false},"author":5,"featured_media":0,"parent":0,"menu_order":0,"comment_status":"closed","ping_status":"closed","template":"","meta":{"_acf_changed":false,"content-type":"","footnotes":""},"class_list":["post-5352","page","type-page","status-publish","hentry","entry","no-media"],"acf":[],"yoast_head":"<!-- This site is optimized with the Yoast SEO plugin v27.4 - https:\/\/yoast.com\/product\/yoast-seo-wordpress\/ -->\n<title>Capacit\u00e9s des fournisseurs de produits de boulangerie en gros BakeMark<\/title>\n<meta name=\"description\" content=\"En tant que fournisseurs d&#039;ingr\u00e9dients de boulangerie en gros, d\u00e9couvrez comment nous nous effor\u00e7ons constamment de trouver de nouvelles fa\u00e7ons de cr\u00e9er de la valeur pour vous et votre entreprise.\" \/>\n<meta name=\"robots\" content=\"index, follow, max-snippet:-1, max-image-preview:large, max-video-preview:-1\" \/>\n<link rel=\"canonical\" href=\"https:\/\/bakemark.com\/fr\/capacites\/\" \/>\n<meta property=\"og:locale\" content=\"fr_FR\" \/>\n<meta property=\"og:type\" content=\"article\" \/>\n<meta property=\"og:title\" content=\"Capacit\u00e9s des fournisseurs de produits de boulangerie en gros BakeMark\" \/>\n<meta property=\"og:description\" content=\"En tant que fournisseurs d&#039;ingr\u00e9dients de boulangerie en gros, d\u00e9couvrez comment nous nous effor\u00e7ons constamment de trouver de nouvelles fa\u00e7ons de cr\u00e9er de la valeur pour vous et votre entreprise.\" \/>\n<meta property=\"og:url\" content=\"https:\/\/bakemark.com\/fr\/capacites\/\" \/>\n<meta property=\"og:site_name\" content=\"BakeMark\" \/>\n<meta property=\"article:modified_time\" content=\"2025-07-22T15:39:28+00:00\" \/>\n<meta name=\"twitter:card\" content=\"summary_large_image\" \/>\n<meta name=\"twitter:label1\" content=\"Est. reading time\" \/>\n\t<meta name=\"twitter:data1\" content=\"5 minutes\" \/>\n<script type=\"application\/ld+json\" class=\"yoast-schema-graph\">{\"@context\":\"https:\\\/\\\/schema.org\",\"@graph\":[{\"@type\":\"WebPage\",\"@id\":\"https:\\\/\\\/bakemark.com\\\/fr\\\/capacites\\\/\",\"url\":\"https:\\\/\\\/bakemark.com\\\/fr\\\/capacites\\\/\",\"name\":\"Capacit\u00e9s des fournisseurs de produits de boulangerie en gros BakeMark\",\"isPartOf\":{\"@id\":\"https:\\\/\\\/bakemark.com\\\/fr\\\/#website\"},\"datePublished\":\"2024-07-17T18:42:36+00:00\",\"dateModified\":\"2025-07-22T15:39:28+00:00\",\"description\":\"En tant que fournisseurs d'ingr\u00e9dients de boulangerie en gros, d\u00e9couvrez comment nous nous effor\u00e7ons constamment de trouver de nouvelles fa\u00e7ons de cr\u00e9er de la valeur pour vous et votre entreprise.\",\"breadcrumb\":{\"@id\":\"https:\\\/\\\/bakemark.com\\\/fr\\\/capacites\\\/#breadcrumb\"},\"inLanguage\":\"fr-FR\",\"potentialAction\":[{\"@type\":\"ReadAction\",\"target\":[\"https:\\\/\\\/bakemark.com\\\/fr\\\/capacites\\\/\"]}]},{\"@type\":\"BreadcrumbList\",\"@id\":\"https:\\\/\\\/bakemark.com\\\/fr\\\/capacites\\\/#breadcrumb\",\"itemListElement\":[{\"@type\":\"ListItem\",\"position\":1,\"name\":\"Home\",\"item\":\"https:\\\/\\\/bakemark.com\\\/fr\\\/\"},{\"@type\":\"ListItem\",\"position\":2,\"name\":\"Capacit\u00e9s\"}]},{\"@type\":\"WebSite\",\"@id\":\"https:\\\/\\\/bakemark.com\\\/fr\\\/#website\",\"url\":\"https:\\\/\\\/bakemark.com\\\/fr\\\/\",\"name\":\"BakeMark\",\"description\":\"\",\"publisher\":{\"@id\":\"https:\\\/\\\/bakemark.com\\\/fr\\\/#organization\"},\"potentialAction\":[{\"@type\":\"SearchAction\",\"target\":{\"@type\":\"EntryPoint\",\"urlTemplate\":\"https:\\\/\\\/bakemark.com\\\/fr\\\/?s={search_term_string}\"},\"query-input\":{\"@type\":\"PropertyValueSpecification\",\"valueRequired\":true,\"valueName\":\"search_term_string\"}}],\"inLanguage\":\"fr-FR\"},{\"@type\":\"Organization\",\"@id\":\"https:\\\/\\\/bakemark.com\\\/fr\\\/#organization\",\"name\":\"BakeMark\",\"url\":\"https:\\\/\\\/bakemark.com\\\/fr\\\/\",\"logo\":{\"@type\":\"ImageObject\",\"inLanguage\":\"fr-FR\",\"@id\":\"https:\\\/\\\/bakemark.com\\\/fr\\\/#\\\/schema\\\/logo\\\/image\\\/\",\"url\":\"https:\\\/\\\/bakemark.com\\\/wp-content\\\/uploads\\\/2024\\\/07\\\/bakemark-logo-wht.svg\",\"contentUrl\":\"https:\\\/\\\/bakemark.com\\\/wp-content\\\/uploads\\\/2024\\\/07\\\/bakemark-logo-wht.svg\",\"width\":233,\"height\":58,\"caption\":\"BakeMark\"},\"image\":{\"@id\":\"https:\\\/\\\/bakemark.com\\\/fr\\\/#\\\/schema\\\/logo\\\/image\\\/\"}}]}<\/script>\n<!-- \/ Yoast SEO plugin. -->","yoast_head_json":{"title":"Capacit\u00e9s des fournisseurs de produits de boulangerie en gros BakeMark","description":"En tant que fournisseurs d'ingr\u00e9dients de boulangerie en gros, d\u00e9couvrez comment nous nous effor\u00e7ons constamment de trouver de nouvelles fa\u00e7ons de cr\u00e9er de la valeur pour vous et votre entreprise.","robots":{"index":"index","follow":"follow","max-snippet":"max-snippet:-1","max-image-preview":"max-image-preview:large","max-video-preview":"max-video-preview:-1"},"canonical":"https:\/\/bakemark.com\/fr\/capacites\/","og_locale":"fr_FR","og_type":"article","og_title":"Capacit\u00e9s des fournisseurs de produits de boulangerie en gros BakeMark","og_description":"En tant que fournisseurs d'ingr\u00e9dients de boulangerie en gros, d\u00e9couvrez comment nous nous effor\u00e7ons constamment de trouver de nouvelles fa\u00e7ons de cr\u00e9er de la valeur pour vous et votre entreprise.","og_url":"https:\/\/bakemark.com\/fr\/capacites\/","og_site_name":"BakeMark","article_modified_time":"2025-07-22T15:39:28+00:00","twitter_card":"summary_large_image","twitter_misc":{"Est. reading time":"5 minutes"},"schema":{"@context":"https:\/\/schema.org","@graph":[{"@type":"WebPage","@id":"https:\/\/bakemark.com\/fr\/capacites\/","url":"https:\/\/bakemark.com\/fr\/capacites\/","name":"Capacit\u00e9s des fournisseurs de produits de boulangerie en gros BakeMark","isPartOf":{"@id":"https:\/\/bakemark.com\/fr\/#website"},"datePublished":"2024-07-17T18:42:36+00:00","dateModified":"2025-07-22T15:39:28+00:00","description":"En tant que fournisseurs d'ingr\u00e9dients de boulangerie en gros, d\u00e9couvrez comment nous nous effor\u00e7ons constamment de trouver de nouvelles fa\u00e7ons de cr\u00e9er de la valeur pour vous et votre entreprise.","breadcrumb":{"@id":"https:\/\/bakemark.com\/fr\/capacites\/#breadcrumb"},"inLanguage":"fr-FR","potentialAction":[{"@type":"ReadAction","target":["https:\/\/bakemark.com\/fr\/capacites\/"]}]},{"@type":"BreadcrumbList","@id":"https:\/\/bakemark.com\/fr\/capacites\/#breadcrumb","itemListElement":[{"@type":"ListItem","position":1,"name":"Home","item":"https:\/\/bakemark.com\/fr\/"},{"@type":"ListItem","position":2,"name":"Capacit\u00e9s"}]},{"@type":"WebSite","@id":"https:\/\/bakemark.com\/fr\/#website","url":"https:\/\/bakemark.com\/fr\/","name":"BakeMark","description":"","publisher":{"@id":"https:\/\/bakemark.com\/fr\/#organization"},"potentialAction":[{"@type":"SearchAction","target":{"@type":"EntryPoint","urlTemplate":"https:\/\/bakemark.com\/fr\/?s={search_term_string}"},"query-input":{"@type":"PropertyValueSpecification","valueRequired":true,"valueName":"search_term_string"}}],"inLanguage":"fr-FR"},{"@type":"Organization","@id":"https:\/\/bakemark.com\/fr\/#organization","name":"BakeMark","url":"https:\/\/bakemark.com\/fr\/","logo":{"@type":"ImageObject","inLanguage":"fr-FR","@id":"https:\/\/bakemark.com\/fr\/#\/schema\/logo\/image\/","url":"https:\/\/bakemark.com\/wp-content\/uploads\/2024\/07\/bakemark-logo-wht.svg","contentUrl":"https:\/\/bakemark.com\/wp-content\/uploads\/2024\/07\/bakemark-logo-wht.svg","width":233,"height":58,"caption":"BakeMark"},"image":{"@id":"https:\/\/bakemark.com\/fr\/#\/schema\/logo\/image\/"}}]}},"_links":{"self":[{"href":"https:\/\/bakemark.com\/fr\/wp-json\/wp\/v2\/pages\/5352","targetHints":{"allow":["GET"]}}],"collection":[{"href":"https:\/\/bakemark.com\/fr\/wp-json\/wp\/v2\/pages"}],"about":[{"href":"https:\/\/bakemark.com\/fr\/wp-json\/wp\/v2\/types\/page"}],"author":[{"embeddable":true,"href":"https:\/\/bakemark.com\/fr\/wp-json\/wp\/v2\/users\/5"}],"replies":[{"embeddable":true,"href":"https:\/\/bakemark.com\/fr\/wp-json\/wp\/v2\/comments?post=5352"}],"version-history":[{"count":0,"href":"https:\/\/bakemark.com\/fr\/wp-json\/wp\/v2\/pages\/5352\/revisions"}],"wp:attachment":[{"href":"https:\/\/bakemark.com\/fr\/wp-json\/wp\/v2\/media?parent=5352"}],"curies":[{"name":"wp","href":"https:\/\/api.w.org\/{rel}","templated":true}]}}