{"id":5346,"date":"2024-08-06T13:28:28","date_gmt":"2024-08-06T18:28:28","guid":{"rendered":"https:\/\/bakemark.com\/alliance-internationale-pour-la-commercialisation-des-produits-de-boulangerie\/"},"modified":"2025-02-04T14:55:15","modified_gmt":"2025-02-04T20:55:15","slug":"alliance-internationale-pour-la-commercialisation-des-produits-de-boulangerie","status":"publish","type":"page","link":"https:\/\/bakemark.com\/fr\/alliance-internationale-pour-la-commercialisation-des-produits-de-boulangerie\/","title":{"rendered":"Alliance internationale pour la commercialisation des produits de boulangerie"},"content":{"rendered":"<div class=\"wpb-content-wrapper\">[vc_row remove_bottom_col_margin=\u00a0\u00bbtrue\u00a0\u00bb css=\u00a0\u00bb.vc_custom_1722450345418{margin-top: 70px !important;margin-bottom: 20px !important;}\u00a0\u00bb][vc_column offset=\u00a0\u00bbvc_col-lg-offset-1 vc_col-lg-10&Prime;]<div class=\"vcex-spacing wpex-w-100 wpex-clear hidden-phone\" style=\"height:10px;\"><\/div>[vc_column_text css=\u00a0\u00bb\u00a0\u00bb text_align=\u00a0\u00bbcenter\u00a0\u00bb]\n<h1>Le succ\u00e8s de la boulangerie dans le monde entier<\/h1>\n[\/vc_column_text][\/vc_column][\/vc_row][vc_row css=\u00a0\u00bb.vc_custom_1722968978104{margin-bottom: 25px !important;}\u00a0\u00bb][vc_column offset=\u00a0\u00bbvc_col-lg-offset-2 vc_col-lg-8 vc_col-md-offset-1 vc_col-md-10&Prime;][vc_column_text css=\u00a0\u00bb\u00a0\u00bb text_align=\u00a0\u00bbcenter\u00a0\u00bb width=\u00a0\u00bb712px\u00a0\u00bb]\u00c0 une \u00e9poque o\u00f9 les exploitants de boulangeries sont \u00e0 la recherche de partenaires solides pour les aider \u00e0 se d\u00e9velopper, BakeMark se d\u00e9veloppe \u00e0 l&rsquo;\u00e9chelle mondiale afin d&rsquo;offrir davantage de possibilit\u00e9s de r\u00e9ussite dans le monde entier. Gr\u00e2ce \u00e0 l&rsquo;International Bakery Marketing Alliance (IBMA), chaque march\u00e9 a d\u00e9sormais la possibilit\u00e9 de tirer parti de l&rsquo;\u00e9chelle mondiale.[\/vc_column_text][\/vc_column][\/vc_row][vc_section el_class=\u00a0\u00bboverlapping-columns\u00a0\u00bb css=\u00a0\u00bb.vc_custom_1722969738273{margin-bottom: 65px !important;}\u00a0\u00bb][vc_row remove_bottom_col_margin=\u00a0\u00bbtrue\u00a0\u00bb el_class=\u00a0\u00bbimage-row align-top\u00a0\u00bb][vc_column width=\u00a0\u00bb7\/12&Prime;]<div class=\"vcex-spacing wpex-w-100 wpex-clear hidden-phone\" style=\"height:60px;\"><\/div><figure class=\"vcex-image vcex-module\"><div class=\"vcex-image-inner wpex-relative wpex-inline-block\"><img width=\"962\" height=\"640\" src=\"https:\/\/bakemark.com\/wp-content\/uploads\/2024\/08\/ibma.jpg\" class=\"vcex-image-img wpex-align-middle\" alt=\"\" loading=\"lazy\" decoding=\"async\" srcset=\"https:\/\/bakemark.com\/wp-content\/uploads\/2024\/08\/ibma.jpg 962w, https:\/\/bakemark.com\/wp-content\/uploads\/2024\/08\/ibma-300x200.jpg 300w, https:\/\/bakemark.com\/wp-content\/uploads\/2024\/08\/ibma-768x511.jpg 768w\" sizes=\"auto, (max-width: 962px) 100vw, 962px\" \/><\/div><\/figure>[\/vc_column][\/vc_row][vc_row full_width=\u00a0\u00bbstretch_row\u00a0\u00bb remove_bottom_col_margin=\u00a0\u00bbtrue\u00a0\u00bb typography_style=\u00a0\u00bbwhite\u00a0\u00bb el_class=\u00a0\u00bbcontent-row\u00a0\u00bb][vc_column width=\u00a0\u00bb7\/12&Prime; offset=\u00a0\u00bbvc_col-sm-offset-5&Prime; css=\u00a0\u00bb.vc_custom_1722969459873{padding-top: 70px !important;padding-bottom: 70px !important;background-color: #982126 !important;background-position: 0 0 !important;background-repeat: repeat-x !important;}\u00a0\u00bb wpex_bg_position=\u00a0\u00bbleft bottom\u00a0\u00bb wpex_bg_size=\u00a0\u00bbauto 50px\u00a0\u00bb][vc_column_text css=\u00a0\u00bb\u00a0\u00bb el_class=\u00a0\u00bbspaced-list\u00a0\u00bb]\n<h2>Comment l&rsquo;IBMA apporte de la valeur \u00e0 votre entreprise<\/h2>\n<p>L&rsquo;IBMA est le plus grand r\u00e9seau de leaders de la boulangerie, partageant l&rsquo;expertise et utilisant les forces de chaque membre pour assurer le succ\u00e8s de la boulangerie dans le monde entier.<\/p>\n<ul>\n<li>Connecter des milliers d&rsquo;op\u00e9rations de boulangerie gr\u00e2ce \u00e0 un syst\u00e8me global<\/li>\n<li>Le plus grand r\u00e9seau de distributeurs de premier plan<\/li>\n<li>S&rsquo;approvisionner aupr\u00e8s des principaux fabricants de chaque march\u00e9<\/li>\n<li>Tirer parti de l&rsquo;envergure internationale pour fournir des solutions de qualit\u00e9 avec un approvisionnement r\u00e9gulier<\/li>\n<li>Repr\u00e9senter les marques et les portefeuilles les plus importants dans le monde entier<\/li>\n<li>Une expertise mondiale au service de la r\u00e9ussite des boulangeries locales<\/li>\n<\/ul>\n[\/vc_column_text][\/vc_column][\/vc_row][\/vc_section][vc_row remove_bottom_col_margin=\u00a0\u00bbtrue\u00a0\u00bb][vc_column width=\u00a0\u00bb1\/2&Prime;]<div class=\"vcex-spacing wpex-w-100 wpex-clear hidden-phone\" style=\"height:10px;\"><\/div>[vc_column_text css=\u00a0\u00bb\u00a0\u00bb text_align=\u00a0\u00bbcenter\u00a0\u00bb]\n<h3>Pr\u00eat \u00e0 grandir ?<\/h3>\n[\/vc_column_text][vc_column_text css=\u00a0\u00bb.vc_custom_1722970142333{margin-bottom: 25px !important;}\u00a0\u00bb text_align=\u00a0\u00bbcenter\u00a0\u00bb width=\u00a0\u00bb419px\u00a0\u00bb]N&rsquo;h\u00e9sitez pas \u00e0 nous contacter d\u00e8s aujourd&rsquo;hui pour d\u00e9couvrir les opportunit\u00e9s de croissance qui s&rsquo;offrent \u00e0 vous.[\/vc_column_text]<div class=\"theme-button-wrap textcenter wpex-clr\"><a href=\"mailto:&#103;&#114;ow&#116;&#104;&#064;gbma.com\" class=\"vcex-button theme-button align-center inline\"><span class=\"vcex-button-inner theme-button-inner wpex-flex wpex-flex-wrap wpex-items-center wpex-justify-center\">Contactez l&rsquo;IBMA<\/span><\/a><\/div> <div class=\"vcex-column-side-border vcex-column-side-border--right wpex-hidden wpex-md-block wpex-absolute wpex-top-50 wpex-right-0 wpex-max-h-100 wpex-h-100 wpex-w-1px wpex-surface-4 wpex-translate-x-y-50 vcex-right hidden-phone\" style=\"height:100%;width:1px;background:#cbb677;\"><\/div><div class=\"vcex-module vcex-divider vcex-divider-solid vcex-divider-center wpex-mx-auto wpex-max-w-100 visible-phone wpex-block wpex-h-0 wpex-border-b wpex-border-solid wpex-border-main\" style=\"width:100%;margin-block-start:60px;margin-block-end:20px;border-bottom-width:1px;border-color:#cbb677;\"><\/div>\t<style>.vcex_69e8fe191dcb9{height:40px;}@media (max-width:767px){.vcex_69e8fe191dcb9{height:20px;}}<\/style>\n<div class=\"vcex-spacing wpex-w-100 wpex-clear vcex_69e8fe191dcb9\"><\/div>[\/vc_column][vc_column width=\u00a0\u00bb1\/2&Prime;]<div class=\"vcex-spacing wpex-w-100 wpex-clear hidden-phone\" style=\"height:10px;\"><\/div>[vc_column_text css=\u00a0\u00bb\u00a0\u00bb text_align=\u00a0\u00bbcenter\u00a0\u00bb]\n<h3>Pr\u00eat \u00e0 devenir<br \/>\nun membre de l&rsquo;IBMA ?<\/h3>\n[\/vc_column_text][vc_column_text css=\u00a0\u00bb.vc_custom_1722970006941{margin-bottom: 15px !important;}\u00a0\u00bb text_align=\u00a0\u00bbcenter\u00a0\u00bb]Vous pouvez entamer le processus d\u00e8s aujourd&rsquo;hui.[\/vc_column_text]<div class=\"theme-button-wrap textcenter wpex-clr\"><a href=\"mailto:gmem&#098;&#101;r&#115;&#064;g&#098;&#109;a.co&#109;\" class=\"vcex-button theme-button align-center inline\"><span class=\"vcex-button-inner theme-button-inner wpex-flex wpex-flex-wrap wpex-items-center wpex-justify-center\">Commencez<\/span><\/a><\/div> \t<style>.vcex_69e8fe191e244{height:40px;}@media (max-width:767px){.vcex_69e8fe191e244{height:20px;}}<\/style>\n<div class=\"vcex-spacing wpex-w-100 wpex-clear vcex_69e8fe191e244\"><\/div>[\/vc_column][\/vc_row][vc_row remove_bottom_col_margin=\u00a0\u00bbtrue\u00a0\u00bb][vc_column]<div class=\"vcex-spacing wpex-w-100 wpex-clear hidden-phone\" style=\"height:20px;\"><\/div>[\/vc_column][\/vc_row]\n<\/div>","protected":false},"excerpt":{"rendered":"<p>[vc_row remove_bottom_col_margin=\u00a0\u00bbtrue\u00a0\u00bb css=\u00a0\u00bb.vc_custom_1722450345418{margin-top: 70px !important;margin-bottom: 20px !important;}\u00a0\u00bb][vc_column offset=\u00a0\u00bbvc_col-lg-offset-1 vc_col-lg-10&Prime;][vc_column_text css=\u00a0\u00bb\u00a0\u00bb text_align=\u00a0\u00bbcenter\u00a0\u00bb] Le succ\u00e8s de la boulangerie dans le monde entier [\/vc_column_text][\/vc_column][\/vc_row][vc_row css=\u00a0\u00bb.vc_custom_1722968978104{margin-bottom: 25px !important;}\u00a0\u00bb][vc_column offset=\u00a0\u00bbvc_col-lg-offset-2 vc_col-lg-8 vc_col-md-offset-1 vc_col-md-10&Prime;][vc_column_text css=\u00a0\u00bb\u00a0\u00bb text_align=\u00a0\u00bbcenter\u00a0\u00bb width=\u00a0\u00bb712px\u00a0\u00bb]\u00c0 une \u00e9poque o\u00f9 les exploitants de boulangeries sont \u00e0 la recherche de partenaires solides pour les aider \u00e0 se d\u00e9velopper, BakeMark se d\u00e9veloppe \u00e0&hellip;<\/p>\n","protected":false},"author":5,"featured_media":0,"parent":0,"menu_order":0,"comment_status":"closed","ping_status":"closed","template":"","meta":{"_acf_changed":false,"content-type":"","footnotes":""},"class_list":["post-5346","page","type-page","status-publish","hentry","entry","no-media"],"acf":[],"yoast_head":"<!-- This site is optimized with the Yoast SEO plugin v27.4 - https:\/\/yoast.com\/product\/yoast-seo-wordpress\/ -->\n<title>Alliance internationale pour la commercialisation des produits de boulangerie | BakeMark<\/title>\n<meta name=\"robots\" content=\"index, follow, max-snippet:-1, max-image-preview:large, max-video-preview:-1\" \/>\n<link rel=\"canonical\" href=\"https:\/\/bakemark.com\/fr\/alliance-internationale-pour-la-commercialisation-des-produits-de-boulangerie\/\" \/>\n<meta property=\"og:locale\" content=\"fr_FR\" \/>\n<meta property=\"og:type\" content=\"article\" \/>\n<meta property=\"og:title\" content=\"Alliance internationale pour la commercialisation des produits de boulangerie | BakeMark\" \/>\n<meta property=\"og:description\" content=\"[vc_row remove_bottom_col_margin=\u00a0\u00bbtrue\u00a0\u00bb css=\u00a0\u00bb.vc_custom_1722450345418{margin-top: 70px !important;margin-bottom: 20px !important;}\u00a0\u00bb][vc_column offset=\u00a0\u00bbvc_col-lg-offset-1 vc_col-lg-10&Prime;][vc_column_text css=\u00a0\u00bb\u00a0\u00bb text_align=\u00a0\u00bbcenter\u00a0\u00bb] Le succ\u00e8s de la boulangerie dans le monde entier [\/vc_column_text][\/vc_column][\/vc_row][vc_row css=\u00a0\u00bb.vc_custom_1722968978104{margin-bottom: 25px !important;}\u00a0\u00bb][vc_column offset=\u00a0\u00bbvc_col-lg-offset-2 vc_col-lg-8 vc_col-md-offset-1 vc_col-md-10&Prime;][vc_column_text css=\u00a0\u00bb\u00a0\u00bb text_align=\u00a0\u00bbcenter\u00a0\u00bb width=\u00a0\u00bb712px\u00a0\u00bb]\u00c0 une \u00e9poque o\u00f9 les exploitants de boulangeries sont \u00e0 la recherche de partenaires solides pour les aider \u00e0 se d\u00e9velopper, BakeMark se d\u00e9veloppe \u00e0&hellip;\" \/>\n<meta property=\"og:url\" content=\"https:\/\/bakemark.com\/fr\/alliance-internationale-pour-la-commercialisation-des-produits-de-boulangerie\/\" \/>\n<meta property=\"og:site_name\" content=\"BakeMark\" \/>\n<meta property=\"article:modified_time\" content=\"2025-02-04T20:55:15+00:00\" \/>\n<meta name=\"twitter:card\" content=\"summary_large_image\" \/>\n<meta name=\"twitter:label1\" content=\"Est. reading time\" \/>\n\t<meta name=\"twitter:data1\" content=\"3 minutes\" \/>\n<script type=\"application\/ld+json\" class=\"yoast-schema-graph\">{\"@context\":\"https:\\\/\\\/schema.org\",\"@graph\":[{\"@type\":\"WebPage\",\"@id\":\"https:\\\/\\\/bakemark.com\\\/fr\\\/alliance-internationale-pour-la-commercialisation-des-produits-de-boulangerie\\\/\",\"url\":\"https:\\\/\\\/bakemark.com\\\/fr\\\/alliance-internationale-pour-la-commercialisation-des-produits-de-boulangerie\\\/\",\"name\":\"Alliance internationale pour la commercialisation des produits de boulangerie | BakeMark\",\"isPartOf\":{\"@id\":\"https:\\\/\\\/bakemark.com\\\/fr\\\/#website\"},\"datePublished\":\"2024-08-06T18:28:28+00:00\",\"dateModified\":\"2025-02-04T20:55:15+00:00\",\"breadcrumb\":{\"@id\":\"https:\\\/\\\/bakemark.com\\\/fr\\\/alliance-internationale-pour-la-commercialisation-des-produits-de-boulangerie\\\/#breadcrumb\"},\"inLanguage\":\"fr-FR\",\"potentialAction\":[{\"@type\":\"ReadAction\",\"target\":[\"https:\\\/\\\/bakemark.com\\\/fr\\\/alliance-internationale-pour-la-commercialisation-des-produits-de-boulangerie\\\/\"]}]},{\"@type\":\"BreadcrumbList\",\"@id\":\"https:\\\/\\\/bakemark.com\\\/fr\\\/alliance-internationale-pour-la-commercialisation-des-produits-de-boulangerie\\\/#breadcrumb\",\"itemListElement\":[{\"@type\":\"ListItem\",\"position\":1,\"name\":\"Home\",\"item\":\"https:\\\/\\\/bakemark.com\\\/fr\\\/\"},{\"@type\":\"ListItem\",\"position\":2,\"name\":\"Alliance internationale pour la commercialisation des produits de boulangerie\"}]},{\"@type\":\"WebSite\",\"@id\":\"https:\\\/\\\/bakemark.com\\\/fr\\\/#website\",\"url\":\"https:\\\/\\\/bakemark.com\\\/fr\\\/\",\"name\":\"BakeMark\",\"description\":\"\",\"publisher\":{\"@id\":\"https:\\\/\\\/bakemark.com\\\/fr\\\/#organization\"},\"potentialAction\":[{\"@type\":\"SearchAction\",\"target\":{\"@type\":\"EntryPoint\",\"urlTemplate\":\"https:\\\/\\\/bakemark.com\\\/fr\\\/?s={search_term_string}\"},\"query-input\":{\"@type\":\"PropertyValueSpecification\",\"valueRequired\":true,\"valueName\":\"search_term_string\"}}],\"inLanguage\":\"fr-FR\"},{\"@type\":\"Organization\",\"@id\":\"https:\\\/\\\/bakemark.com\\\/fr\\\/#organization\",\"name\":\"BakeMark\",\"url\":\"https:\\\/\\\/bakemark.com\\\/fr\\\/\",\"logo\":{\"@type\":\"ImageObject\",\"inLanguage\":\"fr-FR\",\"@id\":\"https:\\\/\\\/bakemark.com\\\/fr\\\/#\\\/schema\\\/logo\\\/image\\\/\",\"url\":\"https:\\\/\\\/bakemark.com\\\/wp-content\\\/uploads\\\/2024\\\/07\\\/bakemark-logo-wht.svg\",\"contentUrl\":\"https:\\\/\\\/bakemark.com\\\/wp-content\\\/uploads\\\/2024\\\/07\\\/bakemark-logo-wht.svg\",\"width\":233,\"height\":58,\"caption\":\"BakeMark\"},\"image\":{\"@id\":\"https:\\\/\\\/bakemark.com\\\/fr\\\/#\\\/schema\\\/logo\\\/image\\\/\"}}]}<\/script>\n<!-- \/ Yoast SEO plugin. -->","yoast_head_json":{"title":"Alliance internationale pour la commercialisation des produits de boulangerie | BakeMark","robots":{"index":"index","follow":"follow","max-snippet":"max-snippet:-1","max-image-preview":"max-image-preview:large","max-video-preview":"max-video-preview:-1"},"canonical":"https:\/\/bakemark.com\/fr\/alliance-internationale-pour-la-commercialisation-des-produits-de-boulangerie\/","og_locale":"fr_FR","og_type":"article","og_title":"Alliance internationale pour la commercialisation des produits de boulangerie | BakeMark","og_description":"[vc_row remove_bottom_col_margin=\u00a0\u00bbtrue\u00a0\u00bb css=\u00a0\u00bb.vc_custom_1722450345418{margin-top: 70px !important;margin-bottom: 20px !important;}\u00a0\u00bb][vc_column offset=\u00a0\u00bbvc_col-lg-offset-1 vc_col-lg-10&Prime;][vc_column_text css=\u00a0\u00bb\u00a0\u00bb text_align=\u00a0\u00bbcenter\u00a0\u00bb] Le succ\u00e8s de la boulangerie dans le monde entier [\/vc_column_text][\/vc_column][\/vc_row][vc_row css=\u00a0\u00bb.vc_custom_1722968978104{margin-bottom: 25px !important;}\u00a0\u00bb][vc_column offset=\u00a0\u00bbvc_col-lg-offset-2 vc_col-lg-8 vc_col-md-offset-1 vc_col-md-10&Prime;][vc_column_text css=\u00a0\u00bb\u00a0\u00bb text_align=\u00a0\u00bbcenter\u00a0\u00bb width=\u00a0\u00bb712px\u00a0\u00bb]\u00c0 une \u00e9poque o\u00f9 les exploitants de boulangeries sont \u00e0 la recherche de partenaires solides pour les aider \u00e0 se d\u00e9velopper, BakeMark se d\u00e9veloppe \u00e0&hellip;","og_url":"https:\/\/bakemark.com\/fr\/alliance-internationale-pour-la-commercialisation-des-produits-de-boulangerie\/","og_site_name":"BakeMark","article_modified_time":"2025-02-04T20:55:15+00:00","twitter_card":"summary_large_image","twitter_misc":{"Est. reading time":"3 minutes"},"schema":{"@context":"https:\/\/schema.org","@graph":[{"@type":"WebPage","@id":"https:\/\/bakemark.com\/fr\/alliance-internationale-pour-la-commercialisation-des-produits-de-boulangerie\/","url":"https:\/\/bakemark.com\/fr\/alliance-internationale-pour-la-commercialisation-des-produits-de-boulangerie\/","name":"Alliance internationale pour la commercialisation des produits de boulangerie | BakeMark","isPartOf":{"@id":"https:\/\/bakemark.com\/fr\/#website"},"datePublished":"2024-08-06T18:28:28+00:00","dateModified":"2025-02-04T20:55:15+00:00","breadcrumb":{"@id":"https:\/\/bakemark.com\/fr\/alliance-internationale-pour-la-commercialisation-des-produits-de-boulangerie\/#breadcrumb"},"inLanguage":"fr-FR","potentialAction":[{"@type":"ReadAction","target":["https:\/\/bakemark.com\/fr\/alliance-internationale-pour-la-commercialisation-des-produits-de-boulangerie\/"]}]},{"@type":"BreadcrumbList","@id":"https:\/\/bakemark.com\/fr\/alliance-internationale-pour-la-commercialisation-des-produits-de-boulangerie\/#breadcrumb","itemListElement":[{"@type":"ListItem","position":1,"name":"Home","item":"https:\/\/bakemark.com\/fr\/"},{"@type":"ListItem","position":2,"name":"Alliance internationale pour la commercialisation des produits de boulangerie"}]},{"@type":"WebSite","@id":"https:\/\/bakemark.com\/fr\/#website","url":"https:\/\/bakemark.com\/fr\/","name":"BakeMark","description":"","publisher":{"@id":"https:\/\/bakemark.com\/fr\/#organization"},"potentialAction":[{"@type":"SearchAction","target":{"@type":"EntryPoint","urlTemplate":"https:\/\/bakemark.com\/fr\/?s={search_term_string}"},"query-input":{"@type":"PropertyValueSpecification","valueRequired":true,"valueName":"search_term_string"}}],"inLanguage":"fr-FR"},{"@type":"Organization","@id":"https:\/\/bakemark.com\/fr\/#organization","name":"BakeMark","url":"https:\/\/bakemark.com\/fr\/","logo":{"@type":"ImageObject","inLanguage":"fr-FR","@id":"https:\/\/bakemark.com\/fr\/#\/schema\/logo\/image\/","url":"https:\/\/bakemark.com\/wp-content\/uploads\/2024\/07\/bakemark-logo-wht.svg","contentUrl":"https:\/\/bakemark.com\/wp-content\/uploads\/2024\/07\/bakemark-logo-wht.svg","width":233,"height":58,"caption":"BakeMark"},"image":{"@id":"https:\/\/bakemark.com\/fr\/#\/schema\/logo\/image\/"}}]}},"_links":{"self":[{"href":"https:\/\/bakemark.com\/fr\/wp-json\/wp\/v2\/pages\/5346","targetHints":{"allow":["GET"]}}],"collection":[{"href":"https:\/\/bakemark.com\/fr\/wp-json\/wp\/v2\/pages"}],"about":[{"href":"https:\/\/bakemark.com\/fr\/wp-json\/wp\/v2\/types\/page"}],"author":[{"embeddable":true,"href":"https:\/\/bakemark.com\/fr\/wp-json\/wp\/v2\/users\/5"}],"replies":[{"embeddable":true,"href":"https:\/\/bakemark.com\/fr\/wp-json\/wp\/v2\/comments?post=5346"}],"version-history":[{"count":0,"href":"https:\/\/bakemark.com\/fr\/wp-json\/wp\/v2\/pages\/5346\/revisions"}],"wp:attachment":[{"href":"https:\/\/bakemark.com\/fr\/wp-json\/wp\/v2\/media?parent=5346"}],"curies":[{"name":"wp","href":"https:\/\/api.w.org\/{rel}","templated":true}]}}