{"id":5342,"date":"2024-08-06T14:10:38","date_gmt":"2024-08-06T19:10:38","guid":{"rendered":"https:\/\/bakemark.com\/documents-reglementaires\/"},"modified":"2025-12-26T13:26:36","modified_gmt":"2025-12-26T19:26:36","slug":"documents-reglementaires","status":"publish","type":"page","link":"https:\/\/bakemark.com\/fr\/documents-reglementaires\/","title":{"rendered":"Documents r\u00e9glementaires"},"content":{"rendered":"<div class=\"wpb-content-wrapper\">[vc_row remove_bottom_col_margin=\u00a0\u00bbtrue\u00a0\u00bb css=\u00a0\u00bb.vc_custom_1722450345418{margin-top: 70px !important;margin-bottom: 20px !important;}\u00a0\u00bb][vc_column offset=\u00a0\u00bbvc_col-lg-offset-1 vc_col-lg-10&Prime;]<div class=\"vcex-spacing wpex-w-100 wpex-clear hidden-phone\" style=\"height:10px;\"><\/div>[vc_column_text css=\u00a0\u00bb\u00a0\u00bb text_align=\u00a0\u00bbcenter\u00a0\u00bb]\n<h1>Documents r\u00e9glementaires :<br \/>\nLa s\u00e9curit\u00e9 des clients est notre premi\u00e8re priorit\u00e9<\/h1>\n[\/vc_column_text][\/vc_column][\/vc_row][vc_row css=\u00a0\u00bb.vc_custom_1722971096602{margin-bottom: 10px !important;}\u00a0\u00bb][vc_column offset=\u00a0\u00bbvc_col-lg-offset-1 vc_col-lg-10&Prime;][vc_column_text css=\u00a0\u00bb\u00a0\u00bb text_align=\u00a0\u00bbcenter\u00a0\u00bb]Retrouvez les documents les plus couramment demand\u00e9s par nos partenaires boulangers.[\/vc_column_text][\/vc_column][\/vc_row][vc_row remove_bottom_col_margin=\u00a0\u00bbtrue\u00a0\u00bb][vc_column][vc_tta_accordion title_tag=\u00a0\u00bbp\u00a0\u00bb section_title_tag=\u00a0\u00bbp\u00a0\u00bb c_position=\u00a0\u00bbright\u00a0\u00bb active_section=\u00a0\u00bb\u00a0\u00bb collapsible_all=\u00a0\u00bbtrue\u00a0\u00bb][vc_tta_section title=\u00a0\u00bbPolitique de contr\u00f4le des allerg\u00e8nes\u00a0\u00bb tab_id=\u00a0\u00bb1722971177842-b3fcaafe-8cec\u00a0\u00bb][vc_row_inner remove_bottom_col_margin=\u00a0\u00bbtrue\u00a0\u00bb][vc_column_inner width=\u00a0\u00bb5\/6&Prime; offset=\u00a0\u00bbvc_col-sm-offset-1&Prime;][vc_column_text css=\u00a0\u00bb.vc_custom_1722971254050{margin-bottom: 20px !important;}\u00a0\u00bb]La loi sur l&rsquo;\u00e9tiquetage des allerg\u00e8nes alimentaires et la protection des consommateurs (FALCPA) am\u00e9liorera l&rsquo;information sur l&rsquo;\u00e9tiquetage des aliments pour les millions de consommateurs qui souffrent d&rsquo;allergies alimentaires. Cette loi sera particuli\u00e8rement utile aux enfants qui doivent apprendre \u00e0 reconna\u00eetre les allerg\u00e8nes qu&rsquo;ils doivent \u00e9viter.[\/vc_column_text]<a href=\"https:\/\/bakemark.com\/wp-content\/uploads\/2025\/12\/BakeMark-Allergen-Control-Policy-2025.pdf\" class=\"vcex-button theme-button inline\" target=\"_blank\" rel=\"noopener noreferrer\"><span class=\"vcex-button-inner theme-button-inner wpex-flex wpex-flex-wrap wpex-items-center wpex-justify-center\">T\u00e9l\u00e9charger<\/span><\/a> [\/vc_column_inner][\/vc_row_inner][\/vc_tta_section][vc_tta_section title=\u00a0\u00bbD\u00e9claration sur le bioterrorisme\u00a0\u00bb tab_id=\u00a0\u00bb1722971177864-ae540673-48ca\u00a0\u00bb][vc_row_inner remove_bottom_col_margin=\u00a0\u00bbtrue\u00a0\u00bb][vc_column_inner width=\u00a0\u00bb5\/6&Prime; offset=\u00a0\u00bbvc_col-sm-offset-1&Prime;]<a href=\"https:\/\/bakemark.com\/wp-content\/uploads\/2025\/12\/Bioterrorism-Statement-2025.pdf\" class=\"vcex-button theme-button inline\" target=\"_blank\" rel=\"noopener noreferrer\"><span class=\"vcex-button-inner theme-button-inner wpex-flex wpex-flex-wrap wpex-items-center wpex-justify-center\">T\u00e9l\u00e9charger<\/span><\/a> [\/vc_column_inner][\/vc_row_inner][\/vc_tta_section][vc_tta_section title=\u00a0\u00bbInformations sur la s\u00e9curit\u00e9 et la qualit\u00e9 des aliments BakeMark\u00a0\u00bb tab_id=\u00a0\u00bb1722979748033-34372908-cec4&Prime;][vc_row_inner remove_bottom_col_margin=\u00a0\u00bbtrue\u00a0\u00bb][vc_column_inner width=\u00a0\u00bb5\/6&Prime; offset=\u00a0\u00bbvc_col-sm-offset-1&Prime;]<a href=\"https:\/\/bakemark.com\/wp-content\/uploads\/2025\/12\/BakeMark-FSVP-Compliance-Statement-2025.pdf\" class=\"vcex-button theme-button inline\" target=\"_blank\" rel=\"noopener noreferrer\"><span class=\"vcex-button-inner theme-button-inner wpex-flex wpex-flex-wrap wpex-items-center wpex-justify-center\">T\u00e9l\u00e9charger<\/span><\/a> [\/vc_column_inner][\/vc_row_inner][\/vc_tta_section][vc_tta_section title=\u00a0\u00bbCertificats BRCGS\u00a0\u00bb tab_id=\u00a0\u00bb1722979759168-d03869e1-4553&Prime;][vc_row_inner remove_bottom_col_margin=\u00a0\u00bbtrue\u00a0\u00bb][vc_column_inner width=\u00a0\u00bb5\/6&Prime; offset=\u00a0\u00bbvc_col-sm-offset-1&Prime;][vc_column_text css=\u00a0\u00bb.vc_custom_1739306412617{margin-bottom: 20px !important;}\u00a0\u00bb]La norme mondiale <strong>BRCGS<\/strong> pour la s\u00e9curit\u00e9 alimentaire est une norme de <strong>certification des<\/strong> produits et des processus reconnue pour sa conformit\u00e9 aux meilleures pratiques de l&rsquo;industrie. La <strong>certification BRCGS<\/strong> est une marque de s\u00e9curit\u00e9 alimentaire et de qualit\u00e9 reconnue au niveau international.[\/vc_column_text]<style>.vcex-multi-buttons.vcex_69e18bbf962a7{gap:20px;}<\/style><div class=\"vcex-multi-buttons wpex-flex wpex-flex-wrap wpex-items-center wpex-gap-10 wpex-justify-center vcex_69e18bbf962a7\"><a href=\"https:\/\/bakemark.com\/wp-content\/uploads\/2025\/12\/Bakemark-Elyria-OH-BRCGS-Certificate-4.9.25.pdf\" title=\"Elyria, OH\" class=\"theme-button flat outline-transparent wpex-text-center vcex-count-1\" target=\"_blank\" rel=\"noopener noreferrer\">Elyria, OH<\/a><a href=\"https:\/\/bakemark.com\/wp-content\/uploads\/2025\/12\/BakeMark-Spartanburg-BRC-Certificate-2025-RC263227-2018-ABRC-USA-ACCREDIA-BRC.pdf\" title=\"Spartanburg, SC\" class=\"theme-button flat outline-transparent wpex-text-center vcex-count-2\" target=\"_blank\" rel=\"noopener noreferrer\">Spartanburg, SC<\/a><a href=\"https:\/\/bakemark.com\/wp-content\/uploads\/2025\/12\/BRC-Certificate-2025.pdf\" title=\"Pico Rivera, CA\" class=\"theme-button flat outline-transparent wpex-text-center vcex-count-3\" target=\"_blank\" rel=\"noopener noreferrer\">Pico Rivera, CA<\/a><\/div>[\/vc_column_inner][\/vc_row_inner][\/vc_tta_section][vc_tta_section title=\u00a0\u00bbLoi californienne sur la transparence\u00a0\u00bb tab_id=\u00a0\u00bb1722979773125-e67e8c12-eafd\u00a0\u00bb][vc_row_inner remove_bottom_col_margin=\u00a0\u00bbtrue\u00a0\u00bb][vc_column_inner width=\u00a0\u00bb5\/6&Prime; offset=\u00a0\u00bbvc_col-sm-offset-1&Prime;][vc_column_text css=\u00a0\u00bb.vc_custom_1723047119320{margin-bottom: 20px !important;}\u00a0\u00bb]La <strong>loi<\/strong> <strong>californienne<\/strong> <strong>sur<\/strong> <strong>la transparence des<\/strong> cha\u00eenes d&rsquo;approvisionnement, entr\u00e9e en vigueur le 1er janvier 2012, permet aux consommateurs <strong>californiens<\/strong> de participer \u00e0 la lutte contre la traite des \u00eatres humains en leur donnant acc\u00e8s \u00e0 des informations sur les efforts d\u00e9ploy\u00e9s par les d\u00e9taillants et les fabricants pour \u00e9radiquer ces pratiques de travail de leurs cha\u00eenes d&rsquo;approvisionnement.[\/vc_column_text]<a href=\"https:\/\/bakemark.com\/wp-content\/uploads\/2024\/08\/SB-657-CA-Transparency-in-Supply-Chains-Act-2020.pdf\" class=\"vcex-button theme-button inline\" target=\"_blank\" rel=\"noopener noreferrer\"><span class=\"vcex-button-inner theme-button-inner wpex-flex wpex-flex-wrap wpex-items-center wpex-justify-center\">T\u00e9l\u00e9charger<\/span><\/a> [\/vc_column_inner][\/vc_row_inner][\/vc_tta_section][vc_tta_section title=\u00a0\u00bbMaintien de la garantie\u00a0\u00bb tab_id=\u00a0\u00bb1722979785837-e45d77fc-352b\u00a0\u00bb][vc_row_inner remove_bottom_col_margin=\u00a0\u00bbtrue\u00a0\u00bb][vc_column_inner width=\u00a0\u00bb5\/6&Prime; offset=\u00a0\u00bbvc_col-sm-offset-1&Prime;]<a href=\"https:\/\/bakemark.com\/wp-content\/uploads\/2025\/12\/BakeMark-Continuing-Letter-of-Guarantee_2025.pdf\" class=\"vcex-button theme-button inline\" target=\"_blank\" rel=\"noopener noreferrer\"><span class=\"vcex-button-inner theme-button-inner wpex-flex wpex-flex-wrap wpex-items-center wpex-justify-center\">T\u00e9l\u00e9charger<\/span><\/a> [\/vc_column_inner][\/vc_row_inner][\/vc_tta_section][vc_tta_section title=\u00a0\u00bbD\u00e9claration de qualit\u00e9 sur la s\u00e9curit\u00e9 alimentaire\u00a0\u00bb tab_id=\u00a0\u00bb1722979793563-7e3b8ce0-da54&Prime;][vc_row_inner remove_bottom_col_margin=\u00a0\u00bbtrue\u00a0\u00bb][vc_column_inner width=\u00a0\u00bb5\/6&Prime; offset=\u00a0\u00bbvc_col-sm-offset-1&Prime;]<a href=\"https:\/\/bakemark.com\/wp-content\/uploads\/2025\/12\/Food-Safety-and-Quality-Statement-2025.pdf\" class=\"vcex-button theme-button inline\" target=\"_blank\" rel=\"noopener noreferrer\"><span class=\"vcex-button-inner theme-button-inner wpex-flex wpex-flex-wrap wpex-items-center wpex-justify-center\">T\u00e9l\u00e9charger<\/span><\/a> [\/vc_column_inner][\/vc_row_inner][\/vc_tta_section][vc_tta_section title=\u00a0\u00bbD\u00e9claration relative au programme de v\u00e9rification des fournisseurs \u00e9trangers (FSVP)\u00a0\u00bb tab_id=\u00a0\u00bb1722979814229-fb02cfd9-946c\u00a0\u00bb][vc_row_inner remove_bottom_col_margin=\u00a0\u00bbtrue\u00a0\u00bb][vc_column_inner width=\u00a0\u00bb5\/6&Prime; offset=\u00a0\u00bbvc_col-sm-offset-1&Prime;]<a href=\"https:\/\/bakemark.com\/wp-content\/uploads\/2025\/12\/BakeMark-FSVP-Compliance-Statement-2025.pdf\" class=\"vcex-button theme-button inline\" target=\"_blank\" rel=\"noopener noreferrer\"><span class=\"vcex-button-inner theme-button-inner wpex-flex wpex-flex-wrap wpex-items-center wpex-justify-center\">T\u00e9l\u00e9charger<\/span><\/a> [\/vc_column_inner][\/vc_row_inner][\/vc_tta_section][vc_tta_section title=\u00a0\u00bbD\u00e9claration de conformit\u00e9 \u00e0 la FSMA\u00a0\u00bb tab_id=\u00a0\u00bb1722979815166-0c2638d5-383b\u00a0\u00bb][vc_row_inner remove_bottom_col_margin=\u00a0\u00bbtrue\u00a0\u00bb][vc_column_inner width=\u00a0\u00bb5\/6&Prime; offset=\u00a0\u00bbvc_col-sm-offset-1&Prime;]<a href=\"https:\/\/bakemark.com\/wp-content\/uploads\/2025\/12\/BakeMark-FSMA-statement-2025.pdf\" class=\"vcex-button theme-button inline\" target=\"_blank\" rel=\"noopener noreferrer\"><span class=\"vcex-button-inner theme-button-inner wpex-flex wpex-flex-wrap wpex-items-center wpex-justify-center\">T\u00e9l\u00e9charger<\/span><\/a> [\/vc_column_inner][\/vc_row_inner][\/vc_tta_section][vc_tta_section title=\u00a0\u00bbD\u00e9claration sur les OGM\u00a0\u00bb tab_id=\u00a0\u00bb1722979816052-fd7eda9e-d675&Prime;][vc_row_inner remove_bottom_col_margin=\u00a0\u00bbtrue\u00a0\u00bb][vc_column_inner width=\u00a0\u00bb5\/6&Prime; offset=\u00a0\u00bbvc_col-sm-offset-1&Prime;][vc_column_text css=\u00a0\u00bb.vc_custom_1723047408043{margin-bottom: 20px !important;}\u00a0\u00bb]Chez BakeMark, nos produits et ingr\u00e9dients peuvent contenir des ingr\u00e9dients d\u00e9riv\u00e9s de sources qui ne sont pas consid\u00e9r\u00e9es comme \u00e9tant sans OGM. Ces produits comprennent, entre autres, du ma\u00efs, des pommes de terre, du soja et des ingr\u00e9dients\/sous-produits laitiers.[\/vc_column_text]<a href=\"https:\/\/bakemark.com\/wp-content\/uploads\/2025\/12\/BakeMark-GMO-Statement_01.16.25.pdf\" class=\"vcex-button theme-button inline\" target=\"_blank\" rel=\"noopener noreferrer\"><span class=\"vcex-button-inner theme-button-inner wpex-flex wpex-flex-wrap wpex-items-center wpex-justify-center\">T\u00e9l\u00e9charger<\/span><\/a> [\/vc_column_inner][\/vc_row_inner][\/vc_tta_section][vc_tta_section title=\u00a0\u00bbCertification Halal\u00a0\u00bb tab_id=\u00a0\u00bb1722979817142-0dba43a6-7c94&Prime;][vc_row_inner remove_bottom_col_margin=\u00a0\u00bbtrue\u00a0\u00bb][vc_column_inner width=\u00a0\u00bb5\/6&Prime; offset=\u00a0\u00bbvc_col-sm-offset-1&Prime;][vc_column_text css=\u00a0\u00bb.vc_custom_1723047652843{margin-bottom: 20px !important;}\u00a0\u00bb]Nous certifions que le(s) produit(s) suivant(s) a\/ont \u00e9t\u00e9 fabriqu\u00e9(s) sous la supervision du Conseil islamique pour l&rsquo;alimentation et la nutrition d&rsquo;Am\u00e9rique (IFANCA). L&rsquo;installation de production ainsi que les ingr\u00e9dients qui la composent ont \u00e9t\u00e9 examin\u00e9s et approuv\u00e9s. Le(s) produit(s) est (sont) conforme(s) aux exigences halal des lois islamiques.[\/vc_column_text]<style>.vcex-multi-buttons.vcex_69e18bbf97932{gap:20px;}<\/style><div class=\"vcex-multi-buttons wpex-flex wpex-flex-wrap wpex-items-center wpex-gap-10 wpex-justify-center vcex_69e18bbf97932\"><a href=\"https:\/\/bakemark.com\/wp-content\/uploads\/2025\/12\/Bakemark-Elyria-OH-BRCGS-Certificate-4.9.25.pdf\" title=\"Elyria, OH\" class=\"theme-button flat outline-transparent wpex-text-center vcex-count-1\" target=\"_blank\" rel=\"noopener noreferrer\">Elyria, OH<\/a><a href=\"https:\/\/bakemark.com\/wp-content\/uploads\/2025\/12\/BakeMark-Spartanburg-BRC-Certificate-2025-RC263227-2018-ABRC-USA-ACCREDIA-BRC.pdf\" title=\"Spartanburg, SC\" class=\"theme-button flat outline-transparent wpex-text-center vcex-count-2\" target=\"_blank\" rel=\"noopener noreferrer\">Spartanburg, SC<\/a><a href=\"https:\/\/bakemark.com\/wp-content\/uploads\/2025\/12\/BakeMark-Westco_Halal-Certificate-Exp_04.30.26.pdf\" title=\"Pico Rivera, CA\" class=\"theme-button flat outline-transparent wpex-text-center vcex-count-3\" target=\"_blank\" rel=\"noopener noreferrer\">Pico Rivera, CA - Westco<\/a><a href=\"https:\/\/bakemark.com\/wp-content\/uploads\/2025\/12\/BakeMark-Halal-Certificate_Halal-Certificate_Exp_04.30.26.pdf\" title=\"Pico Rivera, CA\" class=\"theme-button flat outline-transparent wpex-text-center vcex-count-4\" target=\"_blank\" rel=\"noopener noreferrer\">Pico Rivera, CA - Manufactured <\/a><\/div>[\/vc_column_inner][\/vc_row_inner][\/vc_tta_section][vc_tta_section title=\u00a0\u00bbLettre de certification kasher\u00a0\u00bb tab_id=\u00a0\u00bb1722979818054-257596a1-7841&Prime;][vc_row_inner remove_bottom_col_margin=\u00a0\u00bbtrue\u00a0\u00bb][vc_column_inner width=\u00a0\u00bb5\/6&Prime; offset=\u00a0\u00bbvc_col-sm-offset-1&Prime;]<style>.vcex-multi-buttons.vcex_69e18bbf97b36{gap:20px;}<\/style><div class=\"vcex-multi-buttons wpex-flex wpex-flex-wrap wpex-items-center wpex-gap-10 wpex-justify-center vcex_69e18bbf97b36\"><a href=\"https:\/\/bakemark.com\/wp-content\/uploads\/2025\/12\/Elyria_Kosher-Exp-12.31.25-1.pdf\" title=\"Elyria, OH\" class=\"theme-button flat outline-transparent wpex-text-center vcex-count-1\" target=\"_blank\" rel=\"noopener noreferrer\">Elyria, OH<\/a><a href=\"https:\/\/bakemark.com\/wp-content\/uploads\/2025\/12\/Spartanburg-Kosher-EXP-12.31.25-1.pdf\" title=\"Spartanburg, SC\" class=\"theme-button flat outline-transparent wpex-text-center vcex-count-2\" target=\"_blank\" rel=\"noopener noreferrer\">Spartanburg, SC<\/a><a href=\"https:\/\/bakemark.com\/wp-content\/uploads\/2025\/12\/BakeMark-Pico-Kosher-Exp_12.31.25.pdf\" title=\"Pico Rivera, CA\" class=\"theme-button flat outline-transparent wpex-text-center vcex-count-3\" target=\"_blank\" rel=\"noopener noreferrer\">Pico Rivera, CA<\/a><\/div>[\/vc_column_inner][\/vc_row_inner][\/vc_tta_section][vc_tta_section title=\u00a0\u00bbD\u00e9claration sur le programme de d\u00e9fense et de rappel des denr\u00e9es alimentaires\u00a0\u00bb tab_id=\u00a0\u00bb1722979819225-4a008da8-b11c\u00a0\u00bb][vc_row_inner remove_bottom_col_margin=\u00a0\u00bbtrue\u00a0\u00bb][vc_column_inner width=\u00a0\u00bb5\/6&Prime; offset=\u00a0\u00bbvc_col-sm-offset-1&Prime;]<a href=\"https:\/\/bakemark.com\/wp-content\/uploads\/2025\/12\/BakeMark-Food-Defense-Recalls-Food-Fraud-Statement-2025.pdf\" class=\"vcex-button theme-button inline\" target=\"_blank\" rel=\"noopener noreferrer\"><span class=\"vcex-button-inner theme-button-inner wpex-flex wpex-flex-wrap wpex-items-center wpex-justify-center\">T\u00e9l\u00e9charger<\/span><\/a> [\/vc_column_inner][\/vc_row_inner][\/vc_tta_section][\/vc_tta_accordion][\/vc_column][\/vc_row]\n<\/div>","protected":false},"excerpt":{"rendered":"<p>[vc_row remove_bottom_col_margin=\u00a0\u00bbtrue\u00a0\u00bb css=\u00a0\u00bb.vc_custom_1722450345418{margin-top: 70px !important;margin-bottom: 20px !important;}\u00a0\u00bb][vc_column offset=\u00a0\u00bbvc_col-lg-offset-1 vc_col-lg-10&Prime;][vc_column_text css=\u00a0\u00bb\u00a0\u00bb text_align=\u00a0\u00bbcenter\u00a0\u00bb] Documents r\u00e9glementaires : La s\u00e9curit\u00e9 des clients est notre premi\u00e8re priorit\u00e9 [\/vc_column_text][\/vc_column][\/vc_row][vc_row css=\u00a0\u00bb.vc_custom_1722971096602{margin-bottom: 10px !important;}\u00a0\u00bb][vc_column offset=\u00a0\u00bbvc_col-lg-offset-1 vc_col-lg-10&Prime;][vc_column_text css=\u00a0\u00bb\u00a0\u00bb text_align=\u00a0\u00bbcenter\u00a0\u00bb]Retrouvez les documents les plus couramment demand\u00e9s par nos partenaires boulangers.[\/vc_column_text][\/vc_column][\/vc_row][vc_row remove_bottom_col_margin=\u00a0\u00bbtrue\u00a0\u00bb][vc_column][vc_tta_accordion title_tag=\u00a0\u00bbp\u00a0\u00bb section_title_tag=\u00a0\u00bbp\u00a0\u00bb c_position=\u00a0\u00bbright\u00a0\u00bb active_section=\u00a0\u00bb\u00a0\u00bb collapsible_all=\u00a0\u00bbtrue\u00a0\u00bb][vc_tta_section title=\u00a0\u00bbPolitique de contr\u00f4le des allerg\u00e8nes\u00a0\u00bb tab_id=\u00a0\u00bb1722971177842-b3fcaafe-8cec\u00a0\u00bb][vc_row_inner remove_bottom_col_margin=\u00a0\u00bbtrue\u00a0\u00bb][vc_column_inner width=\u00a0\u00bb5\/6&Prime; offset=\u00a0\u00bbvc_col-sm-offset-1&Prime;][vc_column_text&hellip;<\/p>\n","protected":false},"author":5,"featured_media":0,"parent":0,"menu_order":0,"comment_status":"closed","ping_status":"closed","template":"","meta":{"_acf_changed":false,"content-type":"","footnotes":""},"class_list":["post-5342","page","type-page","status-publish","hentry","entry","no-media"],"acf":[],"yoast_head":"<!-- This site is optimized with the Yoast SEO plugin v27.3 - https:\/\/yoast.com\/product\/yoast-seo-wordpress\/ -->\n<title>Documents r\u00e9glementaires | BakeMark<\/title>\n<meta name=\"robots\" content=\"index, follow, max-snippet:-1, max-image-preview:large, max-video-preview:-1\" \/>\n<link rel=\"canonical\" href=\"https:\/\/bakemark.com\/fr\/documents-reglementaires\/\" \/>\n<meta property=\"og:locale\" content=\"fr_FR\" \/>\n<meta property=\"og:type\" content=\"article\" \/>\n<meta property=\"og:title\" content=\"Documents r\u00e9glementaires | BakeMark\" \/>\n<meta property=\"og:description\" content=\"[vc_row remove_bottom_col_margin=\u00a0\u00bbtrue\u00a0\u00bb css=\u00a0\u00bb.vc_custom_1722450345418{margin-top: 70px !important;margin-bottom: 20px !important;}\u00a0\u00bb][vc_column offset=\u00a0\u00bbvc_col-lg-offset-1 vc_col-lg-10&Prime;][vc_column_text css=\u00a0\u00bb\u00a0\u00bb text_align=\u00a0\u00bbcenter\u00a0\u00bb] Documents r\u00e9glementaires : La s\u00e9curit\u00e9 des clients est notre premi\u00e8re priorit\u00e9 [\/vc_column_text][\/vc_column][\/vc_row][vc_row css=\u00a0\u00bb.vc_custom_1722971096602{margin-bottom: 10px !important;}\u00a0\u00bb][vc_column offset=\u00a0\u00bbvc_col-lg-offset-1 vc_col-lg-10&Prime;][vc_column_text css=\u00a0\u00bb\u00a0\u00bb text_align=\u00a0\u00bbcenter\u00a0\u00bb]Retrouvez les documents les plus couramment demand\u00e9s par nos partenaires boulangers.[\/vc_column_text][\/vc_column][\/vc_row][vc_row remove_bottom_col_margin=\u00a0\u00bbtrue\u00a0\u00bb][vc_column][vc_tta_accordion title_tag=\u00a0\u00bbp\u00a0\u00bb section_title_tag=\u00a0\u00bbp\u00a0\u00bb c_position=\u00a0\u00bbright\u00a0\u00bb active_section=\u00a0\u00bb\u00a0\u00bb collapsible_all=\u00a0\u00bbtrue\u00a0\u00bb][vc_tta_section title=\u00a0\u00bbPolitique de contr\u00f4le des allerg\u00e8nes\u00a0\u00bb tab_id=\u00a0\u00bb1722971177842-b3fcaafe-8cec\u00a0\u00bb][vc_row_inner remove_bottom_col_margin=\u00a0\u00bbtrue\u00a0\u00bb][vc_column_inner width=\u00a0\u00bb5\/6&Prime; offset=\u00a0\u00bbvc_col-sm-offset-1&Prime;][vc_column_text&hellip;\" \/>\n<meta property=\"og:url\" content=\"https:\/\/bakemark.com\/fr\/documents-reglementaires\/\" \/>\n<meta property=\"og:site_name\" content=\"BakeMark\" \/>\n<meta property=\"article:modified_time\" content=\"2025-12-26T19:26:36+00:00\" \/>\n<meta name=\"twitter:card\" content=\"summary_large_image\" \/>\n<meta name=\"twitter:label1\" content=\"Est. reading time\" \/>\n\t<meta name=\"twitter:data1\" content=\"9 minutes\" \/>\n<script type=\"application\/ld+json\" class=\"yoast-schema-graph\">{\"@context\":\"https:\\\/\\\/schema.org\",\"@graph\":[{\"@type\":\"WebPage\",\"@id\":\"https:\\\/\\\/bakemark.com\\\/fr\\\/documents-reglementaires\\\/\",\"url\":\"https:\\\/\\\/bakemark.com\\\/fr\\\/documents-reglementaires\\\/\",\"name\":\"Documents r\u00e9glementaires | BakeMark\",\"isPartOf\":{\"@id\":\"https:\\\/\\\/bakemark.com\\\/fr\\\/#website\"},\"datePublished\":\"2024-08-06T19:10:38+00:00\",\"dateModified\":\"2025-12-26T19:26:36+00:00\",\"breadcrumb\":{\"@id\":\"https:\\\/\\\/bakemark.com\\\/fr\\\/documents-reglementaires\\\/#breadcrumb\"},\"inLanguage\":\"fr-FR\",\"potentialAction\":[{\"@type\":\"ReadAction\",\"target\":[\"https:\\\/\\\/bakemark.com\\\/fr\\\/documents-reglementaires\\\/\"]}]},{\"@type\":\"BreadcrumbList\",\"@id\":\"https:\\\/\\\/bakemark.com\\\/fr\\\/documents-reglementaires\\\/#breadcrumb\",\"itemListElement\":[{\"@type\":\"ListItem\",\"position\":1,\"name\":\"Home\",\"item\":\"https:\\\/\\\/bakemark.com\\\/fr\\\/\"},{\"@type\":\"ListItem\",\"position\":2,\"name\":\"Documents r\u00e9glementaires\"}]},{\"@type\":\"WebSite\",\"@id\":\"https:\\\/\\\/bakemark.com\\\/fr\\\/#website\",\"url\":\"https:\\\/\\\/bakemark.com\\\/fr\\\/\",\"name\":\"BakeMark\",\"description\":\"\",\"publisher\":{\"@id\":\"https:\\\/\\\/bakemark.com\\\/fr\\\/#organization\"},\"potentialAction\":[{\"@type\":\"SearchAction\",\"target\":{\"@type\":\"EntryPoint\",\"urlTemplate\":\"https:\\\/\\\/bakemark.com\\\/fr\\\/?s={search_term_string}\"},\"query-input\":{\"@type\":\"PropertyValueSpecification\",\"valueRequired\":true,\"valueName\":\"search_term_string\"}}],\"inLanguage\":\"fr-FR\"},{\"@type\":\"Organization\",\"@id\":\"https:\\\/\\\/bakemark.com\\\/fr\\\/#organization\",\"name\":\"BakeMark\",\"url\":\"https:\\\/\\\/bakemark.com\\\/fr\\\/\",\"logo\":{\"@type\":\"ImageObject\",\"inLanguage\":\"fr-FR\",\"@id\":\"https:\\\/\\\/bakemark.com\\\/fr\\\/#\\\/schema\\\/logo\\\/image\\\/\",\"url\":\"https:\\\/\\\/bakemark.com\\\/wp-content\\\/uploads\\\/2024\\\/07\\\/bakemark-logo-wht.svg\",\"contentUrl\":\"https:\\\/\\\/bakemark.com\\\/wp-content\\\/uploads\\\/2024\\\/07\\\/bakemark-logo-wht.svg\",\"width\":233,\"height\":58,\"caption\":\"BakeMark\"},\"image\":{\"@id\":\"https:\\\/\\\/bakemark.com\\\/fr\\\/#\\\/schema\\\/logo\\\/image\\\/\"}}]}<\/script>\n<!-- \/ Yoast SEO plugin. -->","yoast_head_json":{"title":"Documents r\u00e9glementaires | BakeMark","robots":{"index":"index","follow":"follow","max-snippet":"max-snippet:-1","max-image-preview":"max-image-preview:large","max-video-preview":"max-video-preview:-1"},"canonical":"https:\/\/bakemark.com\/fr\/documents-reglementaires\/","og_locale":"fr_FR","og_type":"article","og_title":"Documents r\u00e9glementaires | BakeMark","og_description":"[vc_row remove_bottom_col_margin=\u00a0\u00bbtrue\u00a0\u00bb css=\u00a0\u00bb.vc_custom_1722450345418{margin-top: 70px !important;margin-bottom: 20px !important;}\u00a0\u00bb][vc_column offset=\u00a0\u00bbvc_col-lg-offset-1 vc_col-lg-10&Prime;][vc_column_text css=\u00a0\u00bb\u00a0\u00bb text_align=\u00a0\u00bbcenter\u00a0\u00bb] Documents r\u00e9glementaires : La s\u00e9curit\u00e9 des clients est notre premi\u00e8re priorit\u00e9 [\/vc_column_text][\/vc_column][\/vc_row][vc_row css=\u00a0\u00bb.vc_custom_1722971096602{margin-bottom: 10px !important;}\u00a0\u00bb][vc_column offset=\u00a0\u00bbvc_col-lg-offset-1 vc_col-lg-10&Prime;][vc_column_text css=\u00a0\u00bb\u00a0\u00bb text_align=\u00a0\u00bbcenter\u00a0\u00bb]Retrouvez les documents les plus couramment demand\u00e9s par nos partenaires boulangers.[\/vc_column_text][\/vc_column][\/vc_row][vc_row remove_bottom_col_margin=\u00a0\u00bbtrue\u00a0\u00bb][vc_column][vc_tta_accordion title_tag=\u00a0\u00bbp\u00a0\u00bb section_title_tag=\u00a0\u00bbp\u00a0\u00bb c_position=\u00a0\u00bbright\u00a0\u00bb active_section=\u00a0\u00bb\u00a0\u00bb collapsible_all=\u00a0\u00bbtrue\u00a0\u00bb][vc_tta_section title=\u00a0\u00bbPolitique de contr\u00f4le des allerg\u00e8nes\u00a0\u00bb tab_id=\u00a0\u00bb1722971177842-b3fcaafe-8cec\u00a0\u00bb][vc_row_inner remove_bottom_col_margin=\u00a0\u00bbtrue\u00a0\u00bb][vc_column_inner width=\u00a0\u00bb5\/6&Prime; offset=\u00a0\u00bbvc_col-sm-offset-1&Prime;][vc_column_text&hellip;","og_url":"https:\/\/bakemark.com\/fr\/documents-reglementaires\/","og_site_name":"BakeMark","article_modified_time":"2025-12-26T19:26:36+00:00","twitter_card":"summary_large_image","twitter_misc":{"Est. reading time":"9 minutes"},"schema":{"@context":"https:\/\/schema.org","@graph":[{"@type":"WebPage","@id":"https:\/\/bakemark.com\/fr\/documents-reglementaires\/","url":"https:\/\/bakemark.com\/fr\/documents-reglementaires\/","name":"Documents r\u00e9glementaires | BakeMark","isPartOf":{"@id":"https:\/\/bakemark.com\/fr\/#website"},"datePublished":"2024-08-06T19:10:38+00:00","dateModified":"2025-12-26T19:26:36+00:00","breadcrumb":{"@id":"https:\/\/bakemark.com\/fr\/documents-reglementaires\/#breadcrumb"},"inLanguage":"fr-FR","potentialAction":[{"@type":"ReadAction","target":["https:\/\/bakemark.com\/fr\/documents-reglementaires\/"]}]},{"@type":"BreadcrumbList","@id":"https:\/\/bakemark.com\/fr\/documents-reglementaires\/#breadcrumb","itemListElement":[{"@type":"ListItem","position":1,"name":"Home","item":"https:\/\/bakemark.com\/fr\/"},{"@type":"ListItem","position":2,"name":"Documents r\u00e9glementaires"}]},{"@type":"WebSite","@id":"https:\/\/bakemark.com\/fr\/#website","url":"https:\/\/bakemark.com\/fr\/","name":"BakeMark","description":"","publisher":{"@id":"https:\/\/bakemark.com\/fr\/#organization"},"potentialAction":[{"@type":"SearchAction","target":{"@type":"EntryPoint","urlTemplate":"https:\/\/bakemark.com\/fr\/?s={search_term_string}"},"query-input":{"@type":"PropertyValueSpecification","valueRequired":true,"valueName":"search_term_string"}}],"inLanguage":"fr-FR"},{"@type":"Organization","@id":"https:\/\/bakemark.com\/fr\/#organization","name":"BakeMark","url":"https:\/\/bakemark.com\/fr\/","logo":{"@type":"ImageObject","inLanguage":"fr-FR","@id":"https:\/\/bakemark.com\/fr\/#\/schema\/logo\/image\/","url":"https:\/\/bakemark.com\/wp-content\/uploads\/2024\/07\/bakemark-logo-wht.svg","contentUrl":"https:\/\/bakemark.com\/wp-content\/uploads\/2024\/07\/bakemark-logo-wht.svg","width":233,"height":58,"caption":"BakeMark"},"image":{"@id":"https:\/\/bakemark.com\/fr\/#\/schema\/logo\/image\/"}}]}},"_links":{"self":[{"href":"https:\/\/bakemark.com\/fr\/wp-json\/wp\/v2\/pages\/5342","targetHints":{"allow":["GET"]}}],"collection":[{"href":"https:\/\/bakemark.com\/fr\/wp-json\/wp\/v2\/pages"}],"about":[{"href":"https:\/\/bakemark.com\/fr\/wp-json\/wp\/v2\/types\/page"}],"author":[{"embeddable":true,"href":"https:\/\/bakemark.com\/fr\/wp-json\/wp\/v2\/users\/5"}],"replies":[{"embeddable":true,"href":"https:\/\/bakemark.com\/fr\/wp-json\/wp\/v2\/comments?post=5342"}],"version-history":[{"count":0,"href":"https:\/\/bakemark.com\/fr\/wp-json\/wp\/v2\/pages\/5342\/revisions"}],"wp:attachment":[{"href":"https:\/\/bakemark.com\/fr\/wp-json\/wp\/v2\/media?parent=5342"}],"curies":[{"name":"wp","href":"https:\/\/api.w.org\/{rel}","templated":true}]}}