{"id":5339,"date":"2024-08-06T13:49:57","date_gmt":"2024-08-06T18:49:57","guid":{"rendered":"https:\/\/bakemark.com\/conditions-dutilisation\/"},"modified":"2025-02-04T14:55:00","modified_gmt":"2025-02-04T20:55:00","slug":"conditions-dutilisation","status":"publish","type":"page","link":"https:\/\/bakemark.com\/fr\/conditions-dutilisation\/","title":{"rendered":"Conditions d&rsquo;utilisation"},"content":{"rendered":"<div class=\"wpb-content-wrapper\">[vc_row css=\u00a0\u00bb.vc_custom_1724778485927{margin-bottom: 40px !important;}\u00a0\u00bb][vc_column]\t<style>.vcex_69ee28b5ce1cf{height:60px;}@media (max-width:767px){.vcex_69ee28b5ce1cf{height:40px;}}<\/style>\n<div class=\"vcex-spacing wpex-w-100 wpex-clear vcex_69ee28b5ce1cf\"><\/div>[vc_column_text css=\u00a0\u00bb\u00a0\u00bb]\n<h1 class=\"has-text-align-center wp-block-heading\" style=\"text-align: center;\">Conditions d&rsquo;utilisation<\/h1>\n<p>Conditions d&rsquo;utilisation pour  <a href=\"https:\/\/bakemark.com\/fr\/\">https:\/\/bakemark.com\/<\/a><\/p>\n<p>Derni\u00e8re mise \u00e0 jour et date d&rsquo;entr\u00e9e en vigueur : 01.20.2009 En utilisant ce site web, vous signifiez votre accord avec tous les termes, conditions et avis contenus ou r\u00e9f\u00e9renc\u00e9s dans le pr\u00e9sent document (les \u00ab\u00a0conditions d&rsquo;utilisation\u00a0\u00bb). Si vous n&rsquo;acceptez pas ces conditions d&rsquo;utilisation, veuillez ne pas utiliser ce site web. BakeMark USA LLC. (BakeMark) se r\u00e9serve le droit, \u00e0 sa discr\u00e9tion, de mettre \u00e0 jour ou de r\u00e9viser les pr\u00e9sentes conditions d&rsquo;utilisation de temps \u00e0 autre. BakeMark USA LLC vous en informera en publiant ces modifications sur cette page et en mettant \u00e0 jour la date de \u00ab\u00a0derni\u00e8re mise \u00e0 jour\u00a0\u00bb indiqu\u00e9e ci-dessus.<\/p>\n<h6><strong>Droits de propri\u00e9t\u00e9<\/strong><\/h6>\n<p>Vous reconnaissez et acceptez que l&rsquo;ensemble du contenu et des \u00e9l\u00e9ments disponibles sur ce site Web sont prot\u00e9g\u00e9s par des droits d&rsquo;auteur, des marques commerciales, des marques de service, des brevets, des secrets commerciaux ou d&rsquo;autres droits de propri\u00e9t\u00e9 et lois. Sauf autorisation expresse de BakeMark USA LLC, vous acceptez de ne pas vendre, conc\u00e9der sous licence, louer, modifier, distribuer, copier, reproduire, transmettre, afficher publiquement, ex\u00e9cuter publiquement, publier, adapter, \u00e9diter ou cr\u00e9er des \u0153uvres d\u00e9riv\u00e9es de ce mat\u00e9riel ou de ce contenu. Nonobstant ce qui pr\u00e9c\u00e8de, vous pouvez imprimer ou t\u00e9l\u00e9charger une copie du mat\u00e9riel ou du contenu de ce site web sur un seul ordinateur pour votre usage personnel et non commercial, \u00e0 condition de conserver intacts tous les droits d&rsquo;auteur et autres avis de propri\u00e9t\u00e9. L&rsquo;extraction syst\u00e9matique de donn\u00e9es ou d&rsquo;autres contenus de ce site Web en vue de cr\u00e9er ou de compiler, directement ou indirectement, une collection, une compilation, une base de donn\u00e9es ou un r\u00e9pertoire sans l&rsquo;autorisation \u00e9crite de BakeMark USA LLC est interdite. En outre, l&rsquo;utilisation du contenu ou du mat\u00e9riel \u00e0 des fins non express\u00e9ment autoris\u00e9es par les pr\u00e9sentes conditions d&rsquo;utilisation est interdite. Comme indiqu\u00e9 ci-dessus, la reproduction, la copie ou la redistribution \u00e0 des fins commerciales de tout mat\u00e9riel ou \u00e9l\u00e9ment de conception de ce site Web est strictement interdite sans l&rsquo;autorisation \u00e9crite expresse de BakeMark USA LLC. Cette autorisation n&rsquo;est accord\u00e9e que si certains crit\u00e8res limit\u00e9s sont remplis. Pour obtenir des informations sur la demande d&rsquo;autorisation, veuillez envoyer votre courrier \u00e0 l&rsquo;adresse \u00e9lectronique ou postale indiqu\u00e9e \u00e0 la fin des pr\u00e9sentes conditions d&rsquo;utilisation.    <\/p>\n<h6><strong>Contributions des utilisateurs au site web<\/strong><\/h6>\n<p>Il se peut que vous ayez la possibilit\u00e9 de contribuer \u00e0 ce site web et de communiquer avec d&rsquo;autres utilisateurs de ce site web. Le contenu de ce site web comprend, entre autres, le t\u00e9l\u00e9chargement de commentaires, d&rsquo;articles, de liens, de logiciels ou d&rsquo;autres mat\u00e9riels. BakeMark USA LLC n&rsquo;est pas responsable du contenu fourni par les utilisateurs ou d&rsquo;autres tiers sur ce site Web ou en relation avec celui-ci, ni du contenu envoy\u00e9 par courrier \u00e9lectronique \u00e0 d&rsquo;autres utilisateurs de ce site Web (\u00ab\u00a0contenu utilisateur\u00a0\u00bb). Les contributions de tiers ne repr\u00e9sentent pas n\u00e9cessairement le point de vue ou l&rsquo;opinion de BakeMark USA LLC. BakeMark USA LLC n&rsquo;est pas en mesure de pr\u00e9visualiser le contenu utilisateur avant qu&rsquo;il n&rsquo;apparaisse ou ne soit envoy\u00e9 \u00e0 un autre utilisateur. Les utilisateurs peuvent \u00eatre tenus pour responsables de tout contenu utilisateur ill\u00e9gal ou interdit qu&rsquo;ils fournissent \u00e0 ce site web ou \u00e0 d&rsquo;autres utilisateurs, y compris, entre autres, du mat\u00e9riel contrefait, diffamatoire ou offensant. Toutefois, si vous d\u00e9couvrez ce type de mat\u00e9riel sur le site web, veuillez en informer BakeMark USA LLC \u00e0 l&rsquo;adresse suivante : . BakeMark USA LLC examinera votre demande et prendra les mesures qu&rsquo;elle jugera appropri\u00e9es.       <\/p>\n<h6><strong>Contenu interdit<\/strong><\/h6>\n<p>Voici une liste partielle du type de contenu ou de comportement qui est ill\u00e9gal ou interdit sur ce site web. Vous vous engagez \u00e0 ne pas fournir ou transmettre sur ou par l&rsquo;interm\u00e9diaire de ce site web un contenu qui : est manifestement offensant pour la communaut\u00e9 en ligne, tel qu&rsquo;un contenu qui encourage le racisme, le sectarisme, la haine ou des dommages physiques de quelque nature que ce soit \u00e0 l&rsquo;encontre d&rsquo;un groupe ou d&rsquo;un individu ; est ou pourrait \u00eatre pr\u00e9judiciable aux mineurs ; harc\u00e8le ou pr\u00e9conise le harc\u00e8lement d&rsquo;une autre personne ; implique la transmission de \u00ab\u00a0courrier ind\u00e9sirable\u00a0\u00bb, de \u00ab\u00a0cha\u00eenes de lettres\u00a0\u00bb, ou d&rsquo;envois massifs non sollicit\u00e9s ou \u00ab\u00a0spamming\u00a0\u00bb ; promeut des informations que vous savez \u00eatre fausses, trompeuses, ou qui promeuvent des activit\u00e9s ou des comportements ill\u00e9gaux ; interf\u00e8re avec ou perturbe le service ou les serveurs ou r\u00e9seaux connect\u00e9s au service, ou d\u00e9sob\u00e9it \u00e0 toute exigence, proc\u00e9dure, politique ou r\u00e9glementation des r\u00e9seaux connect\u00e9s au service ; est abusif, mena\u00e7ant, obsc\u00e8ne, diffamatoire ou calomnieux ; est ou promeut une copie ill\u00e9gale ou non autoris\u00e9e du travail d&rsquo;une autre personne, telle que la fourniture de programmes informatiques pirat\u00e9s ou de liens vers ceux-ci, ou fournit des informations pour contourner les dispositifs de protection contre la copie install\u00e9s par la fabrication ; contient des pages dont l&rsquo;acc\u00e8s est restreint ou limit\u00e9 \u00e0 un mot de passe, ou des pages ou images cach\u00e9es (qui ne sont pas li\u00e9es \u00e0 une autre page accessible) ; affiche du mat\u00e9riel pornographique de quelque nature que ce soit ; fournit du mat\u00e9riel qui exploite des personnes de moins de 18 ans de mani\u00e8re sexuelle ou violente, ou sollicite des informations personnelles aupr\u00e8s de personnes de moins de 18 ans ; fournit des informations p\u00e9dagogiques sur des activit\u00e9s ill\u00e9gales telles que la fabrication ou l&rsquo;achat d&rsquo;armes ill\u00e9gales ;<br \/>\nviole la vie priv\u00e9e de quelqu&rsquo;un ;<br \/>\nfournit ou cr\u00e9e des virus informatiques ;<br \/>\nsollicite des mots de passe ou d&rsquo;autres informations d&rsquo;identification personnelle \u00e0 des fins commerciales ou ill\u00e9gales aupr\u00e8s d&rsquo;autres utilisateurs ;<br \/>\nse livre \u00e0 des activit\u00e9s commerciales et\/ou \u00e0 des ventes sans notre consentement \u00e9crit pr\u00e9alable, telles que des concours, des loteries, du troc, de la publicit\u00e9, des syst\u00e8mes pyramidaux, etc.et implique l&rsquo;envoi de courriers \u00e9lectroniques non sollicit\u00e9s et\/ou non autoris\u00e9s \u00e0 des tiers. <\/p>\n<h6><strong>Octroi d&rsquo;une licence limit\u00e9e par l&rsquo;utilisateur<\/strong><\/h6>\n<p>En publiant ou en soumettant du contenu sur ce site web, vous accordez \u00e0 BakeMark USA LLC et \u00e0 ses filiales, dirigeants, employ\u00e9s, agents, repr\u00e9sentants, propri\u00e9taires, administrateurs et licenci\u00e9s le droit d&rsquo;utiliser, de reproduire, d&rsquo;afficher, d&rsquo;ex\u00e9cuter, d&rsquo;adapter, de modifier, de distribuer, de faire distribuer et de promouvoir le contenu sous quelque forme que ce soit, en quelque lieu que ce soit et \u00e0 quelque fin que ce soit. En outre, vous garantissez et d\u00e9clarez que vous poss\u00e9dez ou contr\u00f4lez tous les droits relatifs au contenu et que l&rsquo;affichage public et l&rsquo;utilisation de votre contenu par la soci\u00e9t\u00e9 BakeMark USA LLC n&rsquo;enfreindront ni ne violeront les droits d&rsquo;un tiers. Nonobstant ce qui pr\u00e9c\u00e8de, BakeMark USA LLC accepte d&rsquo;utiliser, de reproduire, d&rsquo;afficher, d&rsquo;ex\u00e9cuter, d&rsquo;adapter, de modifier, de distribuer, de faire distribuer et de promouvoir toute information personnelle identifiable soumise par vous uniquement en conformit\u00e9 avec notre politique de confidentialit\u00e9 ou avec toute autre autorisation de votre part.  <\/p>\n<h6><strong>Exclusion de garantie<\/strong><\/h6>\n<p>TOUS LES MAT\u00c9RIAUX, INFORMATIONS, PRODUITS ET SERVICES INCLUS OU DISPONIBLES SUR CE SITE WEB (LE \u00ab\u00a0CONTENU\u00a0\u00bb) SONT FOURNIS \u00ab\u00a0EN L&rsquo;\u00c9TAT\u00a0\u00bb ET \u00ab\u00a0SELON LA DISPONIBILIT\u00c9\u00a0\u00bb. LE CONTENU EST FOURNI SANS GARANTIE D&rsquo;AUCUNE SORTE, EXPRESSE OU IMPLICITE, Y COMPRIS, MAIS SANS S&rsquo;Y LIMITER, LES GARANTIES IMPLICITES DE QUALIT\u00c9 MARCHANDE, D&rsquo;AD\u00c9QUATION \u00c0 UN USAGE PARTICULIER, DE TITRE OU D&rsquo;ABSENCE DE CONTREFA\u00c7ON. BakeMark USA LLC NE GARANTIT PAS QUE LE CONTENU EST PR\u00c9CIS, FIABLE OU CORRECT ; QUE CE SITE WEB SERA DISPONIBLE \u00c0 TOUT MOMENT OU EN TOUT LIEU ; QUE TOUT D\u00c9FAUT OU ERREUR SERA CORRIG\u00c9 ; OU QUE LE CONTENU EST EXEMPTE DE VIRUS OU D&rsquo;AUTRES COMPOSANTES DANGEREUSES. Aucun conseil ni aucune information obtenus par vous aupr\u00e8s du personnel de BakeMark USA LLC ou par le biais de ce site Web ou des services ou produits de BakeMark USA LLC ne sauraient cr\u00e9er une quelconque garantie non express\u00e9ment pr\u00e9vue dans les pr\u00e9sentes conditions d&rsquo;utilisation. VOUS UTILISEZ CE SITE WEB \u00c0 VOS RISQUES ET P\u00c9RILS. CERTAINES JURIDICTIONS N&rsquo;AUTORISENT PAS L&rsquo;EXCLUSION DE CERTAINES GARANTIES ET, PAR CONS\u00c9QUENT, CES EXCLUSIONS PEUVENT NE PAS S&rsquo;APPLIQUER \u00c0 VOUS.<\/p>\n<h6><strong>Limitation de la responsabilit\u00e9<\/strong><\/h6>\n<p>Vous comprenez et acceptez express\u00e9ment que BakeMark USA LLC NE SERA PAS RESPONSABLE DES DOMMAGES INDIRECTS, INCIDENTAUX, SP\u00c9CIAUX, CONS\u00c9QUENTIELS OU EXEMPLAIRES, Y COMPRIS, MAIS SANS S&rsquo;Y LIMITER, LES DOMMAGES POUR PERTE DE PROFITS, DE VOLONT\u00c9, D&rsquo;UTILISATION, DE DONN\u00c9ES OU D&rsquo;AUTRES PERTES INTANGIBLES, DOMMAGES POUR PERTES DE PROFITS, DE VOLONT\u00c9, D&rsquo;UTILISATION, DE DONN\u00c9ES OU AUTRES PERTES INTANGIBLES (M\u00caME SI BakeMark USA LLC A \u00c9T\u00c9 AVIS\u00c9E DE LA POSSIBILIT\u00c9 DE TELS DOMMAGES), QUELLE QUE SOIT LA CAUSE DE CES DOMMAGES OU QU&rsquo;ILS SOIENT SURVENUS. En aucun cas, la responsabilit\u00e9 totale de BakeMark USA LLC \u00e0 votre \u00e9gard pour tous les dommages, pertes et causes d&rsquo;action, que ce soit dans le cadre d&rsquo;un contrat, d&rsquo;une responsabilit\u00e9 d\u00e9lictuelle (y compris, mais sans s&rsquo;y limiter, la n\u00e9gligence) ou autre, ne d\u00e9passera le montant que vous avez pay\u00e9, le cas \u00e9ch\u00e9ant, pour acc\u00e9der \u00e0 ce site Web. TOUT MAT\u00c9RIEL T\u00c9L\u00c9CHARG\u00c9 OU OBTENU DE TOUTE AUTRE MANI\u00c8RE PAR L&rsquo;INTERM\u00c9DIAIRE DE CE SITE WEB EST T\u00c9L\u00c9CHARG\u00c9 OU OBTENU \u00c0 VOS RISQUES ET P\u00c9RILS ET VOUS SEREZ SEUL RESPONSABLE DE TOUT DOMMAGE SUBI PAR VOTRE SYST\u00c8ME INFORMATIQUE OU DE TOUTE PERTE DE DONN\u00c9ES R\u00c9SULTANT DU T\u00c9L\u00c9CHARGEMENT D&rsquo;UN TEL MAT\u00c9RIEL. CERTAINES JURIDICTIONS N&rsquo;AUTORISENT PAS L&rsquo;EXCLUSION DE CERTAINES GARANTIES OU LA LIMITATION OU L&rsquo;EXCLUSION DE LA RESPONSABILIT\u00c9 POUR LES DOMMAGES ACCESSOIRES OU INDIRECTS. PAR CONS\u00c9QUENT, CERTAINES DES LIMITATIONS CI-DESSUS PEUVENT NE PAS S&rsquo;APPLIQUER \u00c0 VOUS.<\/p>\n<h6><strong>Indemnisation<\/strong><\/h6>\n<p>\u00c0 la demande de BakeMark USA LLC, vous acceptez de d\u00e9fendre, d&rsquo;indemniser et de d\u00e9gager de toute responsabilit\u00e9 BakeMark USA LLC et ses soci\u00e9t\u00e9s affili\u00e9es, ainsi que leurs actionnaires, employ\u00e9s, contractants, dirigeants, agents, repr\u00e9sentants, d\u00e9tenteurs de licences et administrateurs, \u00e0 l&rsquo;\u00e9gard de toutes les responsabilit\u00e9s, r\u00e9clamations et d\u00e9penses, y compris les honoraires d&rsquo;avocat, qui d\u00e9coulent de votre utilisation ou de votre mauvaise utilisation de ce site Web. BakeMark USA LLC se r\u00e9serve le droit d&rsquo;assumer la d\u00e9fense et le contr\u00f4le exclusifs de toute question faisant l&rsquo;objet d&rsquo;une indemnisation de votre part, auquel cas vous devrez coop\u00e9rer avec BakeMark USA LLC pour faire valoir toute d\u00e9fense disponible.<\/p>\n<h6><strong>Utilisation internationale<\/strong><\/h6>\n<p>BakeMark USA LLC n&rsquo;affirme pas que le contenu de ce site Web est appropri\u00e9 ou disponible pour une utilisation en dehors des \u00c9tats-Unis, et il est interdit d&rsquo;y acc\u00e9der \u00e0 partir de territoires o\u00f9 leur contenu est ill\u00e9gal. Les personnes qui choisissent d&rsquo;acc\u00e9der \u00e0 ce site web \u00e0 partir d&rsquo;autres endroits le font de leur propre initiative et sont responsables du respect des lois locales.<\/p>\n<h6><strong>Choix de la loi et du for<\/strong><\/h6>\n<p>Les pr\u00e9sentes conditions d&rsquo;utilisation sont r\u00e9gies et interpr\u00e9t\u00e9es conform\u00e9ment aux lois de l&rsquo;\u00c9tat du Missouri, sans tenir compte des principes de conflit de lois. Vous acceptez express\u00e9ment que la juridiction exclusive pour toute r\u00e9clamation ou action d\u00e9coulant de ou li\u00e9e aux pr\u00e9sentes conditions d&rsquo;utilisation ou \u00e0 votre utilisation de ce site web soit d\u00e9pos\u00e9e uniquement dans les tribunaux d&rsquo;\u00c9tat ou f\u00e9d\u00e9raux situ\u00e9s \u00e0 Los Angeles, en Californie, et vous acceptez \u00e9galement et vous soumettez \u00e0 l&rsquo;exercice de la juridiction personnelle de ces tribunaux dans le but de plaider une telle r\u00e9clamation ou action.<\/p>\n<h6><strong>Divisibilit\u00e9 et int\u00e9gration<\/strong><\/h6>\n<p>Sauf indication contraire, le pr\u00e9sent accord, ainsi que notre politique de confidentialit\u00e9, constituent l&rsquo;int\u00e9gralit\u00e9 de l&rsquo;accord entre vous et BakeMark USA LLC en ce qui concerne ce site Web et remplacent toutes les communications et propositions ant\u00e9rieures ou contemporaines (qu&rsquo;elles soient orales, \u00e9crites ou \u00e9lectroniques) entre vous et BakeMark USA LLC en ce qui concerne ce site Web. Si une partie des pr\u00e9sentes conditions d&rsquo;utilisation est jug\u00e9e invalide ou inapplicable, cette partie sera interpr\u00e9t\u00e9e d&rsquo;une mani\u00e8re conforme au droit applicable afin de refl\u00e9ter, autant que possible, les intentions initiales des parties, et les autres parties resteront pleinement en vigueur.<\/p>\n<h6><strong>Cessation d&rsquo;activit\u00e9<\/strong><\/h6>\n<p>BakeMark USA LLC se r\u00e9serve le droit, \u00e0 sa seule discr\u00e9tion, de mettre fin \u00e0 votre acc\u00e8s \u00e0 tout ou partie de ce site Web \u00e0 tout moment, avec ou sans pr\u00e9avis.<\/p>\n<h6><strong>Modifications des conditions d&rsquo;utilisation<\/strong><\/h6>\n<p>BakeMark USA LLC peut modifier les pr\u00e9sentes conditions d&rsquo;utilisation de temps \u00e0 autre. La poursuite de l&rsquo;utilisation de ce site web apr\u00e8s la publication de toute modification des conditions d&rsquo;utilisation constitue l&rsquo;acceptation de ces modifications. BakeMark USA LLC vous informera en publiant toute modification sur cette page et en mettant \u00e0 jour la date de \u00ab\u00a0derni\u00e8re mise \u00e0 jour\u00a0\u00bb sp\u00e9cifi\u00e9e ci-dessus. Vous pouvez consulter la version la plus r\u00e9cente sur le site <a href=\"https:\/\/bakemark.com\/fr\/conditions-dutilisation\/\">https:\/\/bakemark.com\/terms-of-use\/<\/a>.<\/p>\n<h6><strong>Contacter le site web<\/strong><\/h6>\n<p>Si vous avez des questions concernant les pr\u00e9sentes conditions d&rsquo;utilisation, les pratiques de ce site web ou vos relations avec ce site web, vous pouvez contacter :<\/p>\n<p>BakeMark USA LLC<br \/>\nAttn : Web Master\/Marketing<br \/>\n7351 Crider Avenue<br \/>\nPico Rivera, CA 90660<br \/>\ninformation@bakemark.com<br \/>\n\u00a9 2005-2017 BakeMark USA LLC. Tous droits r\u00e9serv\u00e9s.[\/vc_column_text][\/vc_column][\/vc_row]\n<\/div>","protected":false},"excerpt":{"rendered":"<p>[vc_row css=\u00a0\u00bb.vc_custom_1724778485927{margin-bottom: 40px !important;}\u00a0\u00bb][vc_column][vc_column_text css=\u00a0\u00bb\u00a0\u00bb] Conditions d&rsquo;utilisation Conditions d&rsquo;utilisation pour https:\/\/bakemark.com\/ Derni\u00e8re mise \u00e0 jour et date d&rsquo;entr\u00e9e en vigueur : 01.20.2009 En utilisant ce site web, vous signifiez votre accord avec tous les termes, conditions et avis contenus ou r\u00e9f\u00e9renc\u00e9s dans le pr\u00e9sent document (les \u00ab\u00a0conditions d&rsquo;utilisation\u00a0\u00bb). Si vous n&rsquo;acceptez pas ces conditions d&rsquo;utilisation,&hellip;<\/p>\n","protected":false},"author":7,"featured_media":0,"parent":0,"menu_order":0,"comment_status":"closed","ping_status":"closed","template":"","meta":{"_acf_changed":false,"content-type":"","footnotes":""},"class_list":["post-5339","page","type-page","status-publish","hentry","entry","no-media"],"acf":[],"yoast_head":"<!-- This site is optimized with the Yoast SEO plugin v27.4 - https:\/\/yoast.com\/product\/yoast-seo-wordpress\/ -->\n<title>Conditions d&#039;utilisation - BakeMark<\/title>\n<meta name=\"robots\" content=\"index, follow, max-snippet:-1, max-image-preview:large, max-video-preview:-1\" \/>\n<link rel=\"canonical\" href=\"https:\/\/bakemark.com\/fr\/conditions-dutilisation\/\" \/>\n<meta property=\"og:locale\" content=\"fr_FR\" \/>\n<meta property=\"og:type\" content=\"article\" \/>\n<meta property=\"og:title\" content=\"Conditions d&#039;utilisation - BakeMark\" \/>\n<meta property=\"og:description\" content=\"[vc_row css=\u00a0\u00bb.vc_custom_1724778485927{margin-bottom: 40px !important;}\u00a0\u00bb][vc_column][vc_column_text css=\u00a0\u00bb\u00a0\u00bb] Conditions d&rsquo;utilisation Conditions d&rsquo;utilisation pour https:\/\/bakemark.com\/ Derni\u00e8re mise \u00e0 jour et date d&rsquo;entr\u00e9e en vigueur : 01.20.2009 En utilisant ce site web, vous signifiez votre accord avec tous les termes, conditions et avis contenus ou r\u00e9f\u00e9renc\u00e9s dans le pr\u00e9sent document (les \u00ab\u00a0conditions d&rsquo;utilisation\u00a0\u00bb). Si vous n&rsquo;acceptez pas ces conditions d&rsquo;utilisation,&hellip;\" \/>\n<meta property=\"og:url\" content=\"https:\/\/bakemark.com\/fr\/conditions-dutilisation\/\" \/>\n<meta property=\"og:site_name\" content=\"BakeMark\" \/>\n<meta property=\"article:modified_time\" content=\"2025-02-04T20:55:00+00:00\" \/>\n<meta name=\"twitter:card\" content=\"summary_large_image\" \/>\n<meta name=\"twitter:label1\" content=\"Est. reading time\" \/>\n\t<meta name=\"twitter:data1\" content=\"11 minutes\" \/>\n<script type=\"application\/ld+json\" class=\"yoast-schema-graph\">{\"@context\":\"https:\\\/\\\/schema.org\",\"@graph\":[{\"@type\":\"WebPage\",\"@id\":\"https:\\\/\\\/bakemark.com\\\/fr\\\/conditions-dutilisation\\\/\",\"url\":\"https:\\\/\\\/bakemark.com\\\/fr\\\/conditions-dutilisation\\\/\",\"name\":\"Conditions d'utilisation - BakeMark\",\"isPartOf\":{\"@id\":\"https:\\\/\\\/bakemark.com\\\/fr\\\/#website\"},\"datePublished\":\"2024-08-06T18:49:57+00:00\",\"dateModified\":\"2025-02-04T20:55:00+00:00\",\"breadcrumb\":{\"@id\":\"https:\\\/\\\/bakemark.com\\\/fr\\\/conditions-dutilisation\\\/#breadcrumb\"},\"inLanguage\":\"fr-FR\",\"potentialAction\":[{\"@type\":\"ReadAction\",\"target\":[\"https:\\\/\\\/bakemark.com\\\/fr\\\/conditions-dutilisation\\\/\"]}]},{\"@type\":\"BreadcrumbList\",\"@id\":\"https:\\\/\\\/bakemark.com\\\/fr\\\/conditions-dutilisation\\\/#breadcrumb\",\"itemListElement\":[{\"@type\":\"ListItem\",\"position\":1,\"name\":\"Home\",\"item\":\"https:\\\/\\\/bakemark.com\\\/fr\\\/\"},{\"@type\":\"ListItem\",\"position\":2,\"name\":\"Conditions d&#8217;utilisation\"}]},{\"@type\":\"WebSite\",\"@id\":\"https:\\\/\\\/bakemark.com\\\/fr\\\/#website\",\"url\":\"https:\\\/\\\/bakemark.com\\\/fr\\\/\",\"name\":\"BakeMark\",\"description\":\"\",\"publisher\":{\"@id\":\"https:\\\/\\\/bakemark.com\\\/fr\\\/#organization\"},\"potentialAction\":[{\"@type\":\"SearchAction\",\"target\":{\"@type\":\"EntryPoint\",\"urlTemplate\":\"https:\\\/\\\/bakemark.com\\\/fr\\\/?s={search_term_string}\"},\"query-input\":{\"@type\":\"PropertyValueSpecification\",\"valueRequired\":true,\"valueName\":\"search_term_string\"}}],\"inLanguage\":\"fr-FR\"},{\"@type\":\"Organization\",\"@id\":\"https:\\\/\\\/bakemark.com\\\/fr\\\/#organization\",\"name\":\"BakeMark\",\"url\":\"https:\\\/\\\/bakemark.com\\\/fr\\\/\",\"logo\":{\"@type\":\"ImageObject\",\"inLanguage\":\"fr-FR\",\"@id\":\"https:\\\/\\\/bakemark.com\\\/fr\\\/#\\\/schema\\\/logo\\\/image\\\/\",\"url\":\"https:\\\/\\\/bakemark.com\\\/wp-content\\\/uploads\\\/2024\\\/07\\\/bakemark-logo-wht.svg\",\"contentUrl\":\"https:\\\/\\\/bakemark.com\\\/wp-content\\\/uploads\\\/2024\\\/07\\\/bakemark-logo-wht.svg\",\"width\":233,\"height\":58,\"caption\":\"BakeMark\"},\"image\":{\"@id\":\"https:\\\/\\\/bakemark.com\\\/fr\\\/#\\\/schema\\\/logo\\\/image\\\/\"}}]}<\/script>\n<!-- \/ Yoast SEO plugin. -->","yoast_head_json":{"title":"Conditions d'utilisation - BakeMark","robots":{"index":"index","follow":"follow","max-snippet":"max-snippet:-1","max-image-preview":"max-image-preview:large","max-video-preview":"max-video-preview:-1"},"canonical":"https:\/\/bakemark.com\/fr\/conditions-dutilisation\/","og_locale":"fr_FR","og_type":"article","og_title":"Conditions d'utilisation - BakeMark","og_description":"[vc_row css=\u00a0\u00bb.vc_custom_1724778485927{margin-bottom: 40px !important;}\u00a0\u00bb][vc_column][vc_column_text css=\u00a0\u00bb\u00a0\u00bb] Conditions d&rsquo;utilisation Conditions d&rsquo;utilisation pour https:\/\/bakemark.com\/ Derni\u00e8re mise \u00e0 jour et date d&rsquo;entr\u00e9e en vigueur : 01.20.2009 En utilisant ce site web, vous signifiez votre accord avec tous les termes, conditions et avis contenus ou r\u00e9f\u00e9renc\u00e9s dans le pr\u00e9sent document (les \u00ab\u00a0conditions d&rsquo;utilisation\u00a0\u00bb). Si vous n&rsquo;acceptez pas ces conditions d&rsquo;utilisation,&hellip;","og_url":"https:\/\/bakemark.com\/fr\/conditions-dutilisation\/","og_site_name":"BakeMark","article_modified_time":"2025-02-04T20:55:00+00:00","twitter_card":"summary_large_image","twitter_misc":{"Est. reading time":"11 minutes"},"schema":{"@context":"https:\/\/schema.org","@graph":[{"@type":"WebPage","@id":"https:\/\/bakemark.com\/fr\/conditions-dutilisation\/","url":"https:\/\/bakemark.com\/fr\/conditions-dutilisation\/","name":"Conditions d'utilisation - BakeMark","isPartOf":{"@id":"https:\/\/bakemark.com\/fr\/#website"},"datePublished":"2024-08-06T18:49:57+00:00","dateModified":"2025-02-04T20:55:00+00:00","breadcrumb":{"@id":"https:\/\/bakemark.com\/fr\/conditions-dutilisation\/#breadcrumb"},"inLanguage":"fr-FR","potentialAction":[{"@type":"ReadAction","target":["https:\/\/bakemark.com\/fr\/conditions-dutilisation\/"]}]},{"@type":"BreadcrumbList","@id":"https:\/\/bakemark.com\/fr\/conditions-dutilisation\/#breadcrumb","itemListElement":[{"@type":"ListItem","position":1,"name":"Home","item":"https:\/\/bakemark.com\/fr\/"},{"@type":"ListItem","position":2,"name":"Conditions d&#8217;utilisation"}]},{"@type":"WebSite","@id":"https:\/\/bakemark.com\/fr\/#website","url":"https:\/\/bakemark.com\/fr\/","name":"BakeMark","description":"","publisher":{"@id":"https:\/\/bakemark.com\/fr\/#organization"},"potentialAction":[{"@type":"SearchAction","target":{"@type":"EntryPoint","urlTemplate":"https:\/\/bakemark.com\/fr\/?s={search_term_string}"},"query-input":{"@type":"PropertyValueSpecification","valueRequired":true,"valueName":"search_term_string"}}],"inLanguage":"fr-FR"},{"@type":"Organization","@id":"https:\/\/bakemark.com\/fr\/#organization","name":"BakeMark","url":"https:\/\/bakemark.com\/fr\/","logo":{"@type":"ImageObject","inLanguage":"fr-FR","@id":"https:\/\/bakemark.com\/fr\/#\/schema\/logo\/image\/","url":"https:\/\/bakemark.com\/wp-content\/uploads\/2024\/07\/bakemark-logo-wht.svg","contentUrl":"https:\/\/bakemark.com\/wp-content\/uploads\/2024\/07\/bakemark-logo-wht.svg","width":233,"height":58,"caption":"BakeMark"},"image":{"@id":"https:\/\/bakemark.com\/fr\/#\/schema\/logo\/image\/"}}]}},"_links":{"self":[{"href":"https:\/\/bakemark.com\/fr\/wp-json\/wp\/v2\/pages\/5339","targetHints":{"allow":["GET"]}}],"collection":[{"href":"https:\/\/bakemark.com\/fr\/wp-json\/wp\/v2\/pages"}],"about":[{"href":"https:\/\/bakemark.com\/fr\/wp-json\/wp\/v2\/types\/page"}],"author":[{"embeddable":true,"href":"https:\/\/bakemark.com\/fr\/wp-json\/wp\/v2\/users\/7"}],"replies":[{"embeddable":true,"href":"https:\/\/bakemark.com\/fr\/wp-json\/wp\/v2\/comments?post=5339"}],"version-history":[{"count":0,"href":"https:\/\/bakemark.com\/fr\/wp-json\/wp\/v2\/pages\/5339\/revisions"}],"wp:attachment":[{"href":"https:\/\/bakemark.com\/fr\/wp-json\/wp\/v2\/media?parent=5339"}],"curies":[{"name":"wp","href":"https:\/\/api.w.org\/{rel}","templated":true}]}}