{"id":5337,"date":"2024-08-06T13:54:53","date_gmt":"2024-08-06T18:54:53","guid":{"rendered":"https:\/\/bakemark.com\/loi-sur-la-chaine-dapprovisionnement\/"},"modified":"2025-02-04T14:55:00","modified_gmt":"2025-02-04T20:55:00","slug":"loi-sur-la-chaine-dapprovisionnement","status":"publish","type":"page","link":"https:\/\/bakemark.com\/fr\/loi-sur-la-chaine-dapprovisionnement\/","title":{"rendered":"Loi sur la cha\u00eene d&rsquo;approvisionnement"},"content":{"rendered":"<div class=\"wpb-content-wrapper\">[vc_row][vc_column]\t<style>.vcex_6a00c9e1a3b7f{height:60px;}@media (max-width:767px){.vcex_6a00c9e1a3b7f{height:40px;}}<\/style>\n<div class=\"vcex-spacing wpex-w-100 wpex-clear vcex_6a00c9e1a3b7f\"><\/div>[vc_column_text css=\u00a0\u00bb\u00a0\u00bb]\n<h1 class=\"wp-block-heading\" style=\"text-align: center;\">S.B. 657 Loi sur les cha\u00eenes d&rsquo;approvisionnement<\/h1>\n<p>BakeMark se conforme \u00e0 la loi californienne sur la transparence des cha\u00eenes d&rsquo;approvisionnement (S.B. 657). Le texte suivant repr\u00e9sente la d\u00e9claration d&rsquo;information obligatoire de BakeMark<\/p>\n<p>En tant que philosophie d&rsquo;entreprise, BakeMark s&rsquo;oppose fermement \u00e0 tout traitement ill\u00e9gal et contraire \u00e0 l&rsquo;\u00e9thique des personnes, y compris tout acte d&rsquo;esclavage ou de traite des \u00eatres humains.<\/p>\n<p>Nous informons tous les fournisseurs de BakeMark concern\u00e9s de la loi californienne sur la transparence des cha\u00eenes d&rsquo;approvisionnement (S.B. 657).<br \/>\nNous ne proc\u00e9dons pas \u00e0 la v\u00e9rification des cha\u00eenes d&rsquo;approvisionnement des produits pour \u00e9valuer et traiter les risques de traite des \u00eatres humains et d&rsquo;esclavage, ni \u00e0 des audits des fournisseurs pour \u00e9valuer leur conformit\u00e9 aux normes de l&rsquo;entreprise contre la traite des \u00eatres humains et l&rsquo;esclavage dans les cha\u00eenes d&rsquo;approvisionnement. Nous n&rsquo;exigeons pas de nos fournisseurs directs qu&rsquo;ils certifient que les mat\u00e9riaux incorpor\u00e9s dans le produit sont conformes aux lois relatives \u00e0 l&rsquo;esclavage et \u00e0 la traite des \u00eatres humains du ou des pays dans lesquels ils exercent leurs activit\u00e9s.<br \/>\nNous ne disposons pas de normes et de proc\u00e9dures internes de responsabilisation pour les employ\u00e9s ou les sous-traitants qui ne respectent pas les normes de l&rsquo;entreprise en mati\u00e8re d&rsquo;esclavage et de traite des \u00eatres humains. Nous ne proposons pas non plus aux employ\u00e9s et aux cadres de l&rsquo;entreprise, qui sont directement responsables de la gestion de la cha\u00eene d&rsquo;approvisionnement, de formation sur la traite des \u00eatres humains et l&rsquo;esclavage, en particulier en ce qui concerne l&rsquo;att\u00e9nuation des risques au sein des cha\u00eenes d&rsquo;approvisionnement des produits.<br \/>\nNous communiquons \u00e0 nos employ\u00e9s notre politique concernant le projet de loi 657.[\/vc_column_text][\/vc_column][\/vc_row]\n<\/div>","protected":false},"excerpt":{"rendered":"<p>[vc_row][vc_column][vc_column_text css=\u00a0\u00bb\u00a0\u00bb] S.B. 657 Loi sur les cha\u00eenes d&rsquo;approvisionnement BakeMark se conforme \u00e0 la loi californienne sur la transparence des cha\u00eenes d&rsquo;approvisionnement (S.B. 657). Le texte suivant repr\u00e9sente la d\u00e9claration d&rsquo;information obligatoire de BakeMark En tant que philosophie d&rsquo;entreprise, BakeMark s&rsquo;oppose fermement \u00e0 tout traitement ill\u00e9gal et contraire \u00e0 l&rsquo;\u00e9thique des personnes, y compris tout&hellip;<\/p>\n","protected":false},"author":7,"featured_media":0,"parent":0,"menu_order":0,"comment_status":"closed","ping_status":"closed","template":"","meta":{"_acf_changed":false,"content-type":"","footnotes":""},"class_list":["post-5337","page","type-page","status-publish","hentry","entry","no-media"],"acf":[],"yoast_head":"<!-- This site is optimized with the Yoast SEO plugin v27.5 - https:\/\/yoast.com\/product\/yoast-seo-wordpress\/ -->\n<title>Loi sur la cha\u00eene d&#039;approvisionnement - BakeMark<\/title>\n<meta name=\"robots\" content=\"index, follow, max-snippet:-1, max-image-preview:large, max-video-preview:-1\" \/>\n<link rel=\"canonical\" href=\"https:\/\/bakemark.com\/fr\/loi-sur-la-chaine-dapprovisionnement\/\" \/>\n<meta property=\"og:locale\" content=\"fr_FR\" \/>\n<meta property=\"og:type\" content=\"article\" \/>\n<meta property=\"og:title\" content=\"Loi sur la cha\u00eene d&#039;approvisionnement - BakeMark\" \/>\n<meta property=\"og:description\" content=\"[vc_row][vc_column][vc_column_text css=\u00a0\u00bb\u00a0\u00bb] S.B. 657 Loi sur les cha\u00eenes d&rsquo;approvisionnement BakeMark se conforme \u00e0 la loi californienne sur la transparence des cha\u00eenes d&rsquo;approvisionnement (S.B. 657). Le texte suivant repr\u00e9sente la d\u00e9claration d&rsquo;information obligatoire de BakeMark En tant que philosophie d&rsquo;entreprise, BakeMark s&rsquo;oppose fermement \u00e0 tout traitement ill\u00e9gal et contraire \u00e0 l&rsquo;\u00e9thique des personnes, y compris tout&hellip;\" \/>\n<meta property=\"og:url\" content=\"https:\/\/bakemark.com\/fr\/loi-sur-la-chaine-dapprovisionnement\/\" \/>\n<meta property=\"og:site_name\" content=\"BakeMark\" \/>\n<meta property=\"article:modified_time\" content=\"2025-02-04T20:55:00+00:00\" \/>\n<meta name=\"twitter:card\" content=\"summary_large_image\" \/>\n<meta name=\"twitter:label1\" content=\"Est. reading time\" \/>\n\t<meta name=\"twitter:data1\" content=\"2 minutes\" \/>\n<script type=\"application\/ld+json\" class=\"yoast-schema-graph\">{\"@context\":\"https:\\\/\\\/schema.org\",\"@graph\":[{\"@type\":\"WebPage\",\"@id\":\"https:\\\/\\\/bakemark.com\\\/fr\\\/loi-sur-la-chaine-dapprovisionnement\\\/\",\"url\":\"https:\\\/\\\/bakemark.com\\\/fr\\\/loi-sur-la-chaine-dapprovisionnement\\\/\",\"name\":\"Loi sur la cha\u00eene d'approvisionnement - BakeMark\",\"isPartOf\":{\"@id\":\"https:\\\/\\\/bakemark.com\\\/fr\\\/#website\"},\"datePublished\":\"2024-08-06T18:54:53+00:00\",\"dateModified\":\"2025-02-04T20:55:00+00:00\",\"breadcrumb\":{\"@id\":\"https:\\\/\\\/bakemark.com\\\/fr\\\/loi-sur-la-chaine-dapprovisionnement\\\/#breadcrumb\"},\"inLanguage\":\"fr-FR\",\"potentialAction\":[{\"@type\":\"ReadAction\",\"target\":[\"https:\\\/\\\/bakemark.com\\\/fr\\\/loi-sur-la-chaine-dapprovisionnement\\\/\"]}]},{\"@type\":\"BreadcrumbList\",\"@id\":\"https:\\\/\\\/bakemark.com\\\/fr\\\/loi-sur-la-chaine-dapprovisionnement\\\/#breadcrumb\",\"itemListElement\":[{\"@type\":\"ListItem\",\"position\":1,\"name\":\"Home\",\"item\":\"https:\\\/\\\/bakemark.com\\\/fr\\\/\"},{\"@type\":\"ListItem\",\"position\":2,\"name\":\"Loi sur la cha\u00eene d&#8217;approvisionnement\"}]},{\"@type\":\"WebSite\",\"@id\":\"https:\\\/\\\/bakemark.com\\\/fr\\\/#website\",\"url\":\"https:\\\/\\\/bakemark.com\\\/fr\\\/\",\"name\":\"BakeMark\",\"description\":\"\",\"publisher\":{\"@id\":\"https:\\\/\\\/bakemark.com\\\/fr\\\/#organization\"},\"potentialAction\":[{\"@type\":\"SearchAction\",\"target\":{\"@type\":\"EntryPoint\",\"urlTemplate\":\"https:\\\/\\\/bakemark.com\\\/fr\\\/?s={search_term_string}\"},\"query-input\":{\"@type\":\"PropertyValueSpecification\",\"valueRequired\":true,\"valueName\":\"search_term_string\"}}],\"inLanguage\":\"fr-FR\"},{\"@type\":\"Organization\",\"@id\":\"https:\\\/\\\/bakemark.com\\\/fr\\\/#organization\",\"name\":\"BakeMark\",\"url\":\"https:\\\/\\\/bakemark.com\\\/fr\\\/\",\"logo\":{\"@type\":\"ImageObject\",\"inLanguage\":\"fr-FR\",\"@id\":\"https:\\\/\\\/bakemark.com\\\/fr\\\/#\\\/schema\\\/logo\\\/image\\\/\",\"url\":\"https:\\\/\\\/bakemark.com\\\/wp-content\\\/uploads\\\/2024\\\/07\\\/bakemark-logo-wht.svg\",\"contentUrl\":\"https:\\\/\\\/bakemark.com\\\/wp-content\\\/uploads\\\/2024\\\/07\\\/bakemark-logo-wht.svg\",\"width\":233,\"height\":58,\"caption\":\"BakeMark\"},\"image\":{\"@id\":\"https:\\\/\\\/bakemark.com\\\/fr\\\/#\\\/schema\\\/logo\\\/image\\\/\"}}]}<\/script>\n<!-- \/ Yoast SEO plugin. -->","yoast_head_json":{"title":"Loi sur la cha\u00eene d'approvisionnement - BakeMark","robots":{"index":"index","follow":"follow","max-snippet":"max-snippet:-1","max-image-preview":"max-image-preview:large","max-video-preview":"max-video-preview:-1"},"canonical":"https:\/\/bakemark.com\/fr\/loi-sur-la-chaine-dapprovisionnement\/","og_locale":"fr_FR","og_type":"article","og_title":"Loi sur la cha\u00eene d'approvisionnement - BakeMark","og_description":"[vc_row][vc_column][vc_column_text css=\u00a0\u00bb\u00a0\u00bb] S.B. 657 Loi sur les cha\u00eenes d&rsquo;approvisionnement BakeMark se conforme \u00e0 la loi californienne sur la transparence des cha\u00eenes d&rsquo;approvisionnement (S.B. 657). Le texte suivant repr\u00e9sente la d\u00e9claration d&rsquo;information obligatoire de BakeMark En tant que philosophie d&rsquo;entreprise, BakeMark s&rsquo;oppose fermement \u00e0 tout traitement ill\u00e9gal et contraire \u00e0 l&rsquo;\u00e9thique des personnes, y compris tout&hellip;","og_url":"https:\/\/bakemark.com\/fr\/loi-sur-la-chaine-dapprovisionnement\/","og_site_name":"BakeMark","article_modified_time":"2025-02-04T20:55:00+00:00","twitter_card":"summary_large_image","twitter_misc":{"Est. reading time":"2 minutes"},"schema":{"@context":"https:\/\/schema.org","@graph":[{"@type":"WebPage","@id":"https:\/\/bakemark.com\/fr\/loi-sur-la-chaine-dapprovisionnement\/","url":"https:\/\/bakemark.com\/fr\/loi-sur-la-chaine-dapprovisionnement\/","name":"Loi sur la cha\u00eene d'approvisionnement - BakeMark","isPartOf":{"@id":"https:\/\/bakemark.com\/fr\/#website"},"datePublished":"2024-08-06T18:54:53+00:00","dateModified":"2025-02-04T20:55:00+00:00","breadcrumb":{"@id":"https:\/\/bakemark.com\/fr\/loi-sur-la-chaine-dapprovisionnement\/#breadcrumb"},"inLanguage":"fr-FR","potentialAction":[{"@type":"ReadAction","target":["https:\/\/bakemark.com\/fr\/loi-sur-la-chaine-dapprovisionnement\/"]}]},{"@type":"BreadcrumbList","@id":"https:\/\/bakemark.com\/fr\/loi-sur-la-chaine-dapprovisionnement\/#breadcrumb","itemListElement":[{"@type":"ListItem","position":1,"name":"Home","item":"https:\/\/bakemark.com\/fr\/"},{"@type":"ListItem","position":2,"name":"Loi sur la cha\u00eene d&#8217;approvisionnement"}]},{"@type":"WebSite","@id":"https:\/\/bakemark.com\/fr\/#website","url":"https:\/\/bakemark.com\/fr\/","name":"BakeMark","description":"","publisher":{"@id":"https:\/\/bakemark.com\/fr\/#organization"},"potentialAction":[{"@type":"SearchAction","target":{"@type":"EntryPoint","urlTemplate":"https:\/\/bakemark.com\/fr\/?s={search_term_string}"},"query-input":{"@type":"PropertyValueSpecification","valueRequired":true,"valueName":"search_term_string"}}],"inLanguage":"fr-FR"},{"@type":"Organization","@id":"https:\/\/bakemark.com\/fr\/#organization","name":"BakeMark","url":"https:\/\/bakemark.com\/fr\/","logo":{"@type":"ImageObject","inLanguage":"fr-FR","@id":"https:\/\/bakemark.com\/fr\/#\/schema\/logo\/image\/","url":"https:\/\/bakemark.com\/wp-content\/uploads\/2024\/07\/bakemark-logo-wht.svg","contentUrl":"https:\/\/bakemark.com\/wp-content\/uploads\/2024\/07\/bakemark-logo-wht.svg","width":233,"height":58,"caption":"BakeMark"},"image":{"@id":"https:\/\/bakemark.com\/fr\/#\/schema\/logo\/image\/"}}]}},"_links":{"self":[{"href":"https:\/\/bakemark.com\/fr\/wp-json\/wp\/v2\/pages\/5337","targetHints":{"allow":["GET"]}}],"collection":[{"href":"https:\/\/bakemark.com\/fr\/wp-json\/wp\/v2\/pages"}],"about":[{"href":"https:\/\/bakemark.com\/fr\/wp-json\/wp\/v2\/types\/page"}],"author":[{"embeddable":true,"href":"https:\/\/bakemark.com\/fr\/wp-json\/wp\/v2\/users\/7"}],"replies":[{"embeddable":true,"href":"https:\/\/bakemark.com\/fr\/wp-json\/wp\/v2\/comments?post=5337"}],"version-history":[{"count":0,"href":"https:\/\/bakemark.com\/fr\/wp-json\/wp\/v2\/pages\/5337\/revisions"}],"wp:attachment":[{"href":"https:\/\/bakemark.com\/fr\/wp-json\/wp\/v2\/media?parent=5337"}],"curies":[{"name":"wp","href":"https:\/\/api.w.org\/{rel}","templated":true}]}}