{"id":5333,"date":"2024-09-03T16:21:09","date_gmt":"2024-09-03T21:21:09","guid":{"rendered":"https:\/\/bakemark.com\/donuts\/"},"modified":"2025-02-11T10:33:32","modified_gmt":"2025-02-11T16:33:32","slug":"donuts","status":"publish","type":"page","link":"https:\/\/bakemark.com\/fr\/donuts\/","title":{"rendered":"Donuts"},"content":{"rendered":"<div class=\"wpb-content-wrapper\">[vc_row remove_bottom_col_margin=\u00a0\u00bbtrue\u00a0\u00bb css=\u00a0\u00bb.vc_custom_1725397387670{margin-top: 70px !important;margin-bottom: 20px !important;}\u00a0\u00bb][vc_column offset=\u00a0\u00bbvc_col-lg-offset-2 vc_col-lg-8 vc_col-md-offset-1 vc_col-md-10&Prime;]<div class=\"vcex-spacing wpex-w-100 wpex-clear hidden-phone\" style=\"height:10px;\"><\/div>[vc_column_text css=\u00a0\u00bb\u00a0\u00bb text_align=\u00a0\u00bbcenter\u00a0\u00bb]\n<h1>M\u00e9langes pour beignets et autres<\/h1>\n[\/vc_column_text][\/vc_column][\/vc_row][vc_row css=\u00a0\u00bb.vc_custom_1722450353871{margin-bottom: 20px !important;}\u00a0\u00bb][vc_column offset=\u00a0\u00bbvc_col-lg-offset-2 vc_col-lg-8 vc_col-md-offset-1 vc_col-md-10&Prime;][vc_column_text css=\u00a0\u00bb\u00a0\u00bb text_align=\u00a0\u00bbcenter\u00a0\u00bb width=\u00a0\u00bb712px\u00a0\u00bb]Cr\u00e9er le beignet parfait ne se r\u00e9sume pas \u00e0 choisir un m\u00e9lange de beignets, un gla\u00e7age et des garnitures. Cela demande de la pr\u00e9cision et de l&rsquo;exp\u00e9rience. Chaque \u00e9tape compte, du moment de la fermentation de la p\u00e2te \u00e0 l&rsquo;arrosage d\u00e9licat ou au saupoudrage de saveurs. BakeMark est l\u00e0 pour vous apporter les solutions, l&rsquo;expertise et l&rsquo;assistance dont vous avez besoin pour toutes les cr\u00e9ations dont vous r\u00eavez.[\/vc_column_text][\/vc_column][\/vc_row][vc_row el_class=\u00a0\u00bbzoomimages widebuttons\u00a0\u00bb][vc_column width=\u00a0\u00bb1\/2&Prime;]<figure class=\"vcex-image vcex-module\"><div class=\"vcex-image-inner wpex-relative wpex-inline-block\"><a href=\"https:\/\/bakemark.com\/bmk-subcategories\/yeast-raised-donut-mixes-bases\/\"><img width=\"1018\" height=\"588\" src=\"https:\/\/bakemark.com\/wp-content\/uploads\/2024\/09\/yeastraiseddonut.jpg\" class=\"vcex-image-img wpex-align-middle\" alt=\"\" loading=\"lazy\" decoding=\"async\" srcset=\"https:\/\/bakemark.com\/wp-content\/uploads\/2024\/09\/yeastraiseddonut.jpg 1018w, https:\/\/bakemark.com\/wp-content\/uploads\/2024\/09\/yeastraiseddonut-300x173.jpg 300w, https:\/\/bakemark.com\/wp-content\/uploads\/2024\/09\/yeastraiseddonut-768x444.jpg 768w\" sizes=\"auto, (max-width: 1018px) 100vw, 1018px\" \/><\/a><\/div><\/figure><a href=\"https:\/\/bakemark.com\/bmk-subcategories\/yeast-raised-donut-mixes-bases\/\" class=\"vcex-button theme-button inline purple\"><span class=\"vcex-button-inner theme-button-inner wpex-flex wpex-flex-wrap wpex-items-center wpex-justify-center\">Voir tous les m\u00e9langes et bases pour beignets \u00e0 base de levure<\/span><\/a> <div class=\"vcex-spacing wpex-w-100 wpex-clear\" style=\"height:10px;\"><\/div>[\/vc_column][vc_column width=\u00a0\u00bb1\/2&Prime;]<figure class=\"vcex-image vcex-module\"><div class=\"vcex-image-inner wpex-relative wpex-inline-block\"><a href=\"https:\/\/bakemark.com\/bmk-subcategories\/cake-donut-mixes-bases\/\"><img width=\"1016\" height=\"588\" src=\"https:\/\/bakemark.com\/wp-content\/uploads\/2024\/09\/Group-240-1.jpg\" class=\"vcex-image-img wpex-align-middle\" alt=\"\" loading=\"lazy\" decoding=\"async\" srcset=\"https:\/\/bakemark.com\/wp-content\/uploads\/2024\/09\/Group-240-1.jpg 1016w, https:\/\/bakemark.com\/wp-content\/uploads\/2024\/09\/Group-240-1-300x174.jpg 300w, https:\/\/bakemark.com\/wp-content\/uploads\/2024\/09\/Group-240-1-768x444.jpg 768w\" sizes=\"auto, (max-width: 1016px) 100vw, 1016px\" \/><\/a><\/div><\/figure><a href=\"https:\/\/bakemark.com\/bmk-subcategories\/cake-donut-mixes-bases\/\" class=\"vcex-button theme-button inline aqua\"><span class=\"vcex-button-inner theme-button-inner wpex-flex wpex-flex-wrap wpex-items-center wpex-justify-center\">Voir tous les m\u00e9langes et bases pour beignets<\/span><\/a> <div class=\"vcex-spacing wpex-w-100 wpex-clear\" style=\"height:10px;\"><\/div>[\/vc_column][\/vc_row][vc_row el_class=\u00a0\u00bbzoomimages widebuttons\u00a0\u00bb][vc_column width=\u00a0\u00bb1\/2&Prime;]<figure class=\"vcex-image vcex-module\"><div class=\"vcex-image-inner wpex-relative wpex-inline-block\"><a href=\"https:\/\/bakemark.com\/products\/?_sft_end_product=donut&#038;_sft_product_category=icings-glazes\"><img width=\"1018\" height=\"588\" src=\"https:\/\/bakemark.com\/wp-content\/uploads\/2024\/09\/Group-237-1.jpg\" class=\"vcex-image-img wpex-align-middle\" alt=\"\" loading=\"lazy\" decoding=\"async\" srcset=\"https:\/\/bakemark.com\/wp-content\/uploads\/2024\/09\/Group-237-1.jpg 1018w, https:\/\/bakemark.com\/wp-content\/uploads\/2024\/09\/Group-237-1-300x173.jpg 300w, https:\/\/bakemark.com\/wp-content\/uploads\/2024\/09\/Group-237-1-768x444.jpg 768w\" sizes=\"auto, (max-width: 1018px) 100vw, 1018px\" \/><\/a><\/div><\/figure><a href=\"https:\/\/bakemark.com\/products\/?_sft_end_product=donut&#038;_sft_product_category=icings-glazes\" class=\"vcex-button theme-button inline blue\"><span class=\"vcex-button-inner theme-button-inner wpex-flex wpex-flex-wrap wpex-items-center wpex-justify-center\">Voir tous les gla\u00e7ages<\/span><\/a> <div class=\"vcex-spacing wpex-w-100 wpex-clear\" style=\"height:10px;\"><\/div>[\/vc_column][vc_column width=\u00a0\u00bb1\/2&Prime;]<figure class=\"vcex-image vcex-module\"><div class=\"vcex-image-inner wpex-relative wpex-inline-block\"><a href=\"https:\/\/bakemark.com\/bmk-subcategories\/sprinkles\/\"><img width=\"1016\" height=\"588\" src=\"https:\/\/bakemark.com\/wp-content\/uploads\/2024\/09\/Group-242-1.jpg\" class=\"vcex-image-img wpex-align-middle\" alt=\"\" loading=\"lazy\" decoding=\"async\" srcset=\"https:\/\/bakemark.com\/wp-content\/uploads\/2024\/09\/Group-242-1.jpg 1016w, https:\/\/bakemark.com\/wp-content\/uploads\/2024\/09\/Group-242-1-300x174.jpg 300w, https:\/\/bakemark.com\/wp-content\/uploads\/2024\/09\/Group-242-1-768x444.jpg 768w\" sizes=\"auto, (max-width: 1016px) 100vw, 1016px\" \/><\/a><\/div><\/figure><a href=\"https:\/\/bakemark.com\/bmk-subcategories\/sprinkles\/\" class=\"vcex-button theme-button inline orange\"><span class=\"vcex-button-inner theme-button-inner wpex-flex wpex-flex-wrap wpex-items-center wpex-justify-center\">Voir tous les Sprinkles<\/span><\/a> <div class=\"vcex-spacing wpex-w-100 wpex-clear\" style=\"height:10px;\"><\/div>[\/vc_column][\/vc_row][vc_row el_class=\u00a0\u00bbzoomimages widebuttons\u00a0\u00bb][vc_column width=\u00a0\u00bb1\/2&Prime; offset=\u00a0\u00bbvc_col-sm-offset-3&Prime;]<figure class=\"vcex-image vcex-module\"><div class=\"vcex-image-inner wpex-relative wpex-inline-block\"><a href=\"https:\/\/bakemark.com\/products\/?_sft_end_product=donut\"><img width=\"1018\" height=\"588\" src=\"https:\/\/bakemark.com\/wp-content\/uploads\/2024\/09\/allproducts.jpg\" class=\"vcex-image-img wpex-align-middle\" alt=\"\" loading=\"lazy\" decoding=\"async\" srcset=\"https:\/\/bakemark.com\/wp-content\/uploads\/2024\/09\/allproducts.jpg 1018w, https:\/\/bakemark.com\/wp-content\/uploads\/2024\/09\/allproducts-300x173.jpg 300w, https:\/\/bakemark.com\/wp-content\/uploads\/2024\/09\/allproducts-768x444.jpg 768w\" sizes=\"auto, (max-width: 1018px) 100vw, 1018px\" \/><\/a><\/div><\/figure><a href=\"https:\/\/bakemark.com\/products\/?_sft_end_product=donut\" class=\"vcex-button theme-button inline\"><span class=\"vcex-button-inner theme-button-inner wpex-flex wpex-flex-wrap wpex-items-center wpex-justify-center\">Voir tous les produits donuts<\/span><\/a> <div class=\"vcex-spacing wpex-w-100 wpex-clear\" style=\"height:40px;\"><\/div>[\/vc_column][\/vc_row][vc_section el_class=\u00a0\u00bboverlapping-columns\u00a0\u00bb css=\u00a0\u00bb.vc_custom_1722450880955{margin-bottom: 40px !important;}\u00a0\u00bb][vc_row remove_bottom_col_margin=\u00a0\u00bbtrue\u00a0\u00bb el_class=\u00a0\u00bbimage-row\u00a0\u00bb][vc_column width=\u00a0\u00bb1\/2&Prime;]<figure class=\"vcex-image vcex-module\"><div class=\"vcex-image-inner wpex-relative wpex-w-100\"><img width=\"963\" height=\"708\" src=\"https:\/\/bakemark.com\/wp-content\/uploads\/2024\/09\/Group-233.jpg\" class=\"vcex-image-img wpex-align-middle wpex-w-100\" alt=\"\" loading=\"lazy\" decoding=\"async\" srcset=\"https:\/\/bakemark.com\/wp-content\/uploads\/2024\/09\/Group-233.jpg 963w, https:\/\/bakemark.com\/wp-content\/uploads\/2024\/09\/Group-233-300x221.jpg 300w, https:\/\/bakemark.com\/wp-content\/uploads\/2024\/09\/Group-233-768x565.jpg 768w\" sizes=\"auto, (max-width: 963px) 100vw, 963px\" \/><\/div><\/figure>[\/vc_column][\/vc_row][vc_row full_width=\u00a0\u00bbstretch_row\u00a0\u00bb remove_bottom_col_margin=\u00a0\u00bbtrue\u00a0\u00bb el_class=\u00a0\u00bbcontent-row\u00a0\u00bb][vc_column width=\u00a0\u00bb2\/3&Prime; offset=\u00a0\u00bbvc_col-sm-offset-4&Prime; css=\u00a0\u00bb.vc_custom_1722450091943{padding-top: 80px !important;padding-bottom: 80px !important;background-color: #f5f0e4 !important;background-position: 0 0 !important;background-repeat: repeat-x !important;}\u00a0\u00bb wpex_bg_position=\u00a0\u00bbleft bottom\u00a0\u00bb wpex_bg_size=\u00a0\u00bbauto 50px\u00a0\u00bb]<div class=\"vcex-spacing wpex-w-100 wpex-clear hidden-phone\" style=\"height:20px;\"><\/div>[vc_column_text css=\u00a0\u00bb.vc_custom_1739291485589{margin-bottom: 20px !important;}\u00a0\u00bb color=\u00a0\u00bbpalette-86&Prime;]\n<h2>NOUVEAU Westco<sup>\u00ae<\/sup> 2880\u2122 Yeast Raised Donut Mix &amp; Base<\/h2>\n[\/vc_column_text][vc_column_text css=\u00a0\u00bb.vc_custom_1739291607969{margin-bottom: 30px !important;}\u00a0\u00bb]D\u00e9couvrez comment notre derni\u00e8re innovation en mati\u00e8re de boulangerie vous aide \u00e0 prolonger la dur\u00e9e de conservation, \u00e0 minimiser la main d&rsquo;\u0153uvre et \u00e0 r\u00e9duire les d\u00e9chets &#8211; tout en offrant le go\u00fbt et le rendement exceptionnels auxquels vous pouvez faire confiance chez Westco<sup>\u00ae<\/sup>.[\/vc_column_text]<style>.vcex-button.vcex_69e63ab7bb140{width:331px;padding-inline:24px;}<\/style><a href=\"https:\/\/bakemark.com\/fr\/bmk-subcategories\/westco-2880-melange-et-base-pour-beignets-a-base-de-levure-et-a-duree-de-conservation-prolongee\/\" class=\"vcex-button theme-button inline wpex-flex-shrink-0 vcex_69e63ab7bb140\"><span class=\"vcex-button-inner theme-button-inner wpex-flex wpex-flex-wrap wpex-items-center wpex-justify-center\">D\u00e9tails et plus<\/span><\/a> <div class=\"vcex-spacing wpex-w-100 wpex-clear hidden-phone\" style=\"height:20px;\"><\/div>[\/vc_column][\/vc_row][\/vc_section][vc_row remove_bottom_col_margin=\u00a0\u00bbtrue\u00a0\u00bb][vc_column]\t<style>.vcex_69e63ab7bc82d{height:40px;}@media (max-width:767px){.vcex_69e63ab7bc82d{height:20px;}}<\/style>\n<div class=\"vcex-spacing wpex-w-100 wpex-clear vcex_69e63ab7bc82d\"><\/div>[\/vc_column][\/vc_row][vc_section el_class=\u00a0\u00bboverlapping-columns\u00a0\u00bb css=\u00a0\u00bb.vc_custom_1722964140072{margin-bottom: 40px !important;}\u00a0\u00bb][vc_row remove_bottom_col_margin=\u00a0\u00bbtrue\u00a0\u00bb el_class=\u00a0\u00bbimage-row\u00a0\u00bb][vc_column width=\u00a0\u00bb1\/2&Prime; offset=\u00a0\u00bbvc_col-sm-offset-6&Prime;]<figure class=\"vcex-image vcex-module\"><div class=\"vcex-image-inner wpex-relative wpex-w-100\"><img width=\"963\" height=\"711\" src=\"https:\/\/bakemark.com\/wp-content\/uploads\/2024\/09\/Group-234.jpg\" class=\"vcex-image-img wpex-align-middle wpex-w-100\" alt=\"\" loading=\"lazy\" decoding=\"async\" srcset=\"https:\/\/bakemark.com\/wp-content\/uploads\/2024\/09\/Group-234.jpg 963w, https:\/\/bakemark.com\/wp-content\/uploads\/2024\/09\/Group-234-300x221.jpg 300w, https:\/\/bakemark.com\/wp-content\/uploads\/2024\/09\/Group-234-768x567.jpg 768w\" sizes=\"auto, (max-width: 963px) 100vw, 963px\" \/><\/div><\/figure>[\/vc_column][\/vc_row][vc_row full_width=\u00a0\u00bbstretch_row\u00a0\u00bb remove_bottom_col_margin=\u00a0\u00bbtrue\u00a0\u00bb el_class=\u00a0\u00bbcontent-row\u00a0\u00bb][vc_column width=\u00a0\u00bb2\/3&Prime; css=\u00a0\u00bb.vc_custom_1722450905948{padding-top: 80px !important;padding-bottom: 80px !important;background-color: #f5f0e4 !important;background-position: 0 0 !important;background-repeat: repeat-x !important;}\u00a0\u00bb wpex_bg_position=\u00a0\u00bbleft bottom\u00a0\u00bb wpex_bg_size=\u00a0\u00bbauto 50px\u00a0\u00bb]<div class=\"vcex-spacing wpex-w-100 wpex-clear hidden-phone\" style=\"height:20px;\"><\/div>[vc_column_text css=\u00a0\u00bb.vc_custom_1739291508090{margin-bottom: 20px !important;}\u00a0\u00bb color=\u00a0\u00bbpalette-86&Prime;]\n<h2>Westco<sup>\u00ae<\/sup> Master Mix M\u00e9lange pour beignets \u00e0 base de levure<\/h2>\n[\/vc_column_text][vc_column_text css=\u00a0\u00bb.vc_custom_1725979648639{margin-bottom: 30px !important;}\u00a0\u00bb]Si vous cherchez \u00e0 cr\u00e9er des beignets exceptionnellement riches avec un volume \u00e9lev\u00e9, une tendret\u00e9 sup\u00e9rieure et une dur\u00e9e de conservation prolong\u00e9e, d\u00e9couvrez pourquoi ce m\u00e9lange est le v\u00f4tre.[\/vc_column_text]<style>.vcex-button.vcex_69e63ab7bd785{width:330px;padding-inline:24px;}<\/style><a href=\"https:\/\/bakemark.com\/fr\/bmk-subcategories\/melanges-et-bases-pour-beignets-leves-a-la-levure\/\" class=\"vcex-button theme-button inline wpex-flex-shrink-0 vcex_69e63ab7bd785\"><span class=\"vcex-button-inner theme-button-inner wpex-flex wpex-flex-wrap wpex-items-center wpex-justify-center\">D\u00e9tails et plus<\/span><\/a> <div class=\"vcex-spacing wpex-w-100 wpex-clear hidden-phone\" style=\"height:20px;\"><\/div>[\/vc_column][\/vc_row][\/vc_section][vc_row][vc_column]<div class=\"vcex-spacing wpex-w-100 wpex-clear\" style=\"height:50px;\"><\/div><style>.vcex-button.vcex_69e63ab7c071a{width:331px;}<\/style><div class=\"theme-button-wrap textcenter wpex-clr\"><a href=\"https:\/\/bakemark.com\/recipes\/?_sft_recipe_category=donuts\" class=\"vcex-button theme-button align-center inline wpex-flex-shrink-0 vcex_69e63ab7c071a\"><span class=\"vcex-button-inner theme-button-inner wpex-flex wpex-flex-wrap wpex-items-center wpex-justify-center\">Voir toutes les recettes de beignets<\/span><\/a><\/div> \t<style>.vcex_69e63ab7c08ad{height:50px;}@media (max-width:767px){.vcex_69e63ab7c08ad{height:20px;}}<\/style>\n<div class=\"vcex-spacing wpex-w-100 wpex-clear vcex_69e63ab7c08ad\"><\/div>[\/vc_column][\/vc_row][vc_row remove_bottom_col_margin=\u00a0\u00bbtrue\u00a0\u00bb][vc_column]<div class=\"wpex-template-shortcode\"><style type=\"text\/css\" data-type=\"vc_shortcodes-custom-css\">.vc_custom_1721317701030{background: #982126 url(https:\/\/bakemark.com\/wp-content\/uploads\/2024\/07\/bakemark-border.svg?id=340) !important;background-position: 0 0 !important;background-repeat: repeat-x !important;}.vc_custom_1720105893517{margin-bottom: 0px !important;}<\/style><div class=\"vc_section bigbrow vc_custom_1721317701030 wpex-vc-full-width-section wpex-vc-full-width-section--centered wpex-relative wpex-vc_section-has-fill wpex-vc_section-mx-0\" style=\"background-position:bottom left!important;background-size:auto 50px!important;\"><div class=\"vc_row wpb_row vc_row-fluid vc_row-o-content-middle vc_row-flex wpex-relative wpex-vc_row-col-mb-0 typography-white\"><div class=\"wpb_column vc_column_container vc_col-sm-2\"><div class=\"vc_column-inner vc_custom_1720105893517\"><div class=\"wpb_wrapper\"><\/div><\/div><\/div><div class=\"wpb_column vc_column_container vc_col-sm-8\"><div class=\"vc_column-inner\"><div class=\"wpb_wrapper\"><div class=\"vcex-spacing wpex-w-100 wpex-clear\"><\/div>\n\t<div class=\"wpb_text_column wpb_content_element\" >\n\t\t<div class=\"wpb_wrapper\">\n\t\t\t<h2 style=\"text-align: center\">Vous avez des questions ? Nous sommes \u00e0 votre disposition <\/h2>\n<p style=\"text-align: center\">Vous avez besoin de plus d&rsquo;informations sur les produits ou les solutions ? Vous \u00eates pr\u00eat \u00e0 entamer une conversation ? Un repr\u00e9sentant de BakeMark r\u00e9pondra rapidement \u00e0 votre message.  <\/p>\n\n\t\t<\/div>\n\t<\/div>\n<div class=\"vcex-spacing wpex-w-100 wpex-clear\"><\/div><div class=\"theme-button-wrap textcenter wpex-clr\"><a href=\"https:\/\/bakemark.com\/fr\/contactez-nous\/\" class=\"vcex-button theme-button align-center inline btnoncolor\"><span class=\"vcex-button-inner theme-button-inner wpex-flex wpex-flex-wrap wpex-items-center wpex-justify-center\">Contactez nous<\/span><\/a><\/div> \t<style>.vcex_69e63ab7c3856{height:70px;}@media (max-width:767px){.vcex_69e63ab7c3856{height:80px;}}<\/style>\n<div class=\"vcex-spacing wpex-w-100 wpex-clear vcex_69e63ab7c3856\"><\/div><\/div><\/div><\/div><div class=\"wpb_column vc_column_container vc_col-sm-2\"><div class=\"vc_column-inner\"><div class=\"wpb_wrapper\"><\/div><\/div><\/div><\/div><\/div>\n<\/div>[\/vc_column][\/vc_row]\n<\/div>","protected":false},"excerpt":{"rendered":"M\u00e9langes pour beignets et autres Cr\u00e9er le beignet parfait ne se r\u00e9sume pas \u00e0 choisir un m\u00e9lange de beignets, un gla\u00e7age et des garnitures. Cela demande de la pr\u00e9cision et de l'exp\u00e9rience. Chaque \u00e9tape compte, du moment de la fermentation de la p\u00e2te \u00e0 l'arrosage d\u00e9licat ou au saupoudrage de saveurs. BakeMark est l\u00e0 pour&hellip;","protected":false},"author":5,"featured_media":7082,"parent":0,"menu_order":0,"comment_status":"closed","ping_status":"closed","template":"","meta":{"_acf_changed":false,"content-type":"","footnotes":""},"class_list":["post-5333","page","type-page","status-publish","has-post-thumbnail","hentry","entry","has-media"],"acf":[],"yoast_head":"<!-- This site is optimized with the Yoast SEO plugin v27.4 - https:\/\/yoast.com\/product\/yoast-seo-wordpress\/ -->\n<title>Donuts et m\u00e9langes pour donuts | BakeMark<\/title>\n<meta name=\"description\" content=\"Trouvez votre m\u00e9lange de beignets id\u00e9al et des solutions qui vous aideront \u00e0 cr\u00e9er des choix app\u00e9tissants qui inciteront les consommateurs \u00e0 revenir.\" \/>\n<meta name=\"robots\" content=\"index, follow, max-snippet:-1, max-image-preview:large, max-video-preview:-1\" \/>\n<link rel=\"canonical\" href=\"https:\/\/bakemark.com\/fr\/donuts\/\" \/>\n<meta property=\"og:locale\" content=\"fr_FR\" \/>\n<meta property=\"og:type\" content=\"article\" \/>\n<meta property=\"og:title\" content=\"Donuts et m\u00e9langes pour donuts | BakeMark\" \/>\n<meta property=\"og:description\" content=\"Trouvez votre m\u00e9lange de beignets id\u00e9al et des solutions qui vous aideront \u00e0 cr\u00e9er des choix app\u00e9tissants qui inciteront les consommateurs \u00e0 revenir.\" \/>\n<meta property=\"og:url\" content=\"https:\/\/bakemark.com\/fr\/donuts\/\" \/>\n<meta property=\"og:site_name\" content=\"BakeMark\" \/>\n<meta property=\"article:modified_time\" content=\"2025-02-11T16:33:32+00:00\" \/>\n<meta name=\"twitter:card\" content=\"summary_large_image\" \/>\n<meta name=\"twitter:label1\" content=\"Est. reading time\" \/>\n\t<meta name=\"twitter:data1\" content=\"4 minutes\" \/>\n<script type=\"application\/ld+json\" class=\"yoast-schema-graph\">{\"@context\":\"https:\\\/\\\/schema.org\",\"@graph\":[{\"@type\":\"WebPage\",\"@id\":\"https:\\\/\\\/bakemark.com\\\/fr\\\/donuts\\\/\",\"url\":\"https:\\\/\\\/bakemark.com\\\/fr\\\/donuts\\\/\",\"name\":\"Donuts et m\u00e9langes pour donuts | BakeMark\",\"isPartOf\":{\"@id\":\"https:\\\/\\\/bakemark.com\\\/fr\\\/#website\"},\"primaryImageOfPage\":{\"@id\":\"https:\\\/\\\/bakemark.com\\\/fr\\\/donuts\\\/#primaryimage\"},\"image\":{\"@id\":\"https:\\\/\\\/bakemark.com\\\/fr\\\/donuts\\\/#primaryimage\"},\"thumbnailUrl\":\"https:\\\/\\\/bakemark.com\\\/wp-content\\\/uploads\\\/2025\\\/03\\\/June_Donut.png\",\"datePublished\":\"2024-09-03T21:21:09+00:00\",\"dateModified\":\"2025-02-11T16:33:32+00:00\",\"description\":\"Trouvez votre m\u00e9lange de beignets id\u00e9al et des solutions qui vous aideront \u00e0 cr\u00e9er des choix app\u00e9tissants qui inciteront les consommateurs \u00e0 revenir.\",\"breadcrumb\":{\"@id\":\"https:\\\/\\\/bakemark.com\\\/fr\\\/donuts\\\/#breadcrumb\"},\"inLanguage\":\"fr-FR\",\"potentialAction\":[{\"@type\":\"ReadAction\",\"target\":[\"https:\\\/\\\/bakemark.com\\\/fr\\\/donuts\\\/\"]}]},{\"@type\":\"ImageObject\",\"inLanguage\":\"fr-FR\",\"@id\":\"https:\\\/\\\/bakemark.com\\\/fr\\\/donuts\\\/#primaryimage\",\"url\":\"https:\\\/\\\/bakemark.com\\\/wp-content\\\/uploads\\\/2025\\\/03\\\/June_Donut.png\",\"contentUrl\":\"https:\\\/\\\/bakemark.com\\\/wp-content\\\/uploads\\\/2025\\\/03\\\/June_Donut.png\",\"width\":722,\"height\":503},{\"@type\":\"BreadcrumbList\",\"@id\":\"https:\\\/\\\/bakemark.com\\\/fr\\\/donuts\\\/#breadcrumb\",\"itemListElement\":[{\"@type\":\"ListItem\",\"position\":1,\"name\":\"Home\",\"item\":\"https:\\\/\\\/bakemark.com\\\/fr\\\/\"},{\"@type\":\"ListItem\",\"position\":2,\"name\":\"Donuts\"}]},{\"@type\":\"WebSite\",\"@id\":\"https:\\\/\\\/bakemark.com\\\/fr\\\/#website\",\"url\":\"https:\\\/\\\/bakemark.com\\\/fr\\\/\",\"name\":\"BakeMark\",\"description\":\"\",\"publisher\":{\"@id\":\"https:\\\/\\\/bakemark.com\\\/fr\\\/#organization\"},\"potentialAction\":[{\"@type\":\"SearchAction\",\"target\":{\"@type\":\"EntryPoint\",\"urlTemplate\":\"https:\\\/\\\/bakemark.com\\\/fr\\\/?s={search_term_string}\"},\"query-input\":{\"@type\":\"PropertyValueSpecification\",\"valueRequired\":true,\"valueName\":\"search_term_string\"}}],\"inLanguage\":\"fr-FR\"},{\"@type\":\"Organization\",\"@id\":\"https:\\\/\\\/bakemark.com\\\/fr\\\/#organization\",\"name\":\"BakeMark\",\"url\":\"https:\\\/\\\/bakemark.com\\\/fr\\\/\",\"logo\":{\"@type\":\"ImageObject\",\"inLanguage\":\"fr-FR\",\"@id\":\"https:\\\/\\\/bakemark.com\\\/fr\\\/#\\\/schema\\\/logo\\\/image\\\/\",\"url\":\"https:\\\/\\\/bakemark.com\\\/wp-content\\\/uploads\\\/2024\\\/07\\\/bakemark-logo-wht.svg\",\"contentUrl\":\"https:\\\/\\\/bakemark.com\\\/wp-content\\\/uploads\\\/2024\\\/07\\\/bakemark-logo-wht.svg\",\"width\":233,\"height\":58,\"caption\":\"BakeMark\"},\"image\":{\"@id\":\"https:\\\/\\\/bakemark.com\\\/fr\\\/#\\\/schema\\\/logo\\\/image\\\/\"}}]}<\/script>\n<!-- \/ Yoast SEO plugin. -->","yoast_head_json":{"title":"Donuts et m\u00e9langes pour donuts | BakeMark","description":"Trouvez votre m\u00e9lange de beignets id\u00e9al et des solutions qui vous aideront \u00e0 cr\u00e9er des choix app\u00e9tissants qui inciteront les consommateurs \u00e0 revenir.","robots":{"index":"index","follow":"follow","max-snippet":"max-snippet:-1","max-image-preview":"max-image-preview:large","max-video-preview":"max-video-preview:-1"},"canonical":"https:\/\/bakemark.com\/fr\/donuts\/","og_locale":"fr_FR","og_type":"article","og_title":"Donuts et m\u00e9langes pour donuts | BakeMark","og_description":"Trouvez votre m\u00e9lange de beignets id\u00e9al et des solutions qui vous aideront \u00e0 cr\u00e9er des choix app\u00e9tissants qui inciteront les consommateurs \u00e0 revenir.","og_url":"https:\/\/bakemark.com\/fr\/donuts\/","og_site_name":"BakeMark","article_modified_time":"2025-02-11T16:33:32+00:00","twitter_card":"summary_large_image","twitter_misc":{"Est. reading time":"4 minutes"},"schema":{"@context":"https:\/\/schema.org","@graph":[{"@type":"WebPage","@id":"https:\/\/bakemark.com\/fr\/donuts\/","url":"https:\/\/bakemark.com\/fr\/donuts\/","name":"Donuts et m\u00e9langes pour donuts | BakeMark","isPartOf":{"@id":"https:\/\/bakemark.com\/fr\/#website"},"primaryImageOfPage":{"@id":"https:\/\/bakemark.com\/fr\/donuts\/#primaryimage"},"image":{"@id":"https:\/\/bakemark.com\/fr\/donuts\/#primaryimage"},"thumbnailUrl":"https:\/\/bakemark.com\/wp-content\/uploads\/2025\/03\/June_Donut.png","datePublished":"2024-09-03T21:21:09+00:00","dateModified":"2025-02-11T16:33:32+00:00","description":"Trouvez votre m\u00e9lange de beignets id\u00e9al et des solutions qui vous aideront \u00e0 cr\u00e9er des choix app\u00e9tissants qui inciteront les consommateurs \u00e0 revenir.","breadcrumb":{"@id":"https:\/\/bakemark.com\/fr\/donuts\/#breadcrumb"},"inLanguage":"fr-FR","potentialAction":[{"@type":"ReadAction","target":["https:\/\/bakemark.com\/fr\/donuts\/"]}]},{"@type":"ImageObject","inLanguage":"fr-FR","@id":"https:\/\/bakemark.com\/fr\/donuts\/#primaryimage","url":"https:\/\/bakemark.com\/wp-content\/uploads\/2025\/03\/June_Donut.png","contentUrl":"https:\/\/bakemark.com\/wp-content\/uploads\/2025\/03\/June_Donut.png","width":722,"height":503},{"@type":"BreadcrumbList","@id":"https:\/\/bakemark.com\/fr\/donuts\/#breadcrumb","itemListElement":[{"@type":"ListItem","position":1,"name":"Home","item":"https:\/\/bakemark.com\/fr\/"},{"@type":"ListItem","position":2,"name":"Donuts"}]},{"@type":"WebSite","@id":"https:\/\/bakemark.com\/fr\/#website","url":"https:\/\/bakemark.com\/fr\/","name":"BakeMark","description":"","publisher":{"@id":"https:\/\/bakemark.com\/fr\/#organization"},"potentialAction":[{"@type":"SearchAction","target":{"@type":"EntryPoint","urlTemplate":"https:\/\/bakemark.com\/fr\/?s={search_term_string}"},"query-input":{"@type":"PropertyValueSpecification","valueRequired":true,"valueName":"search_term_string"}}],"inLanguage":"fr-FR"},{"@type":"Organization","@id":"https:\/\/bakemark.com\/fr\/#organization","name":"BakeMark","url":"https:\/\/bakemark.com\/fr\/","logo":{"@type":"ImageObject","inLanguage":"fr-FR","@id":"https:\/\/bakemark.com\/fr\/#\/schema\/logo\/image\/","url":"https:\/\/bakemark.com\/wp-content\/uploads\/2024\/07\/bakemark-logo-wht.svg","contentUrl":"https:\/\/bakemark.com\/wp-content\/uploads\/2024\/07\/bakemark-logo-wht.svg","width":233,"height":58,"caption":"BakeMark"},"image":{"@id":"https:\/\/bakemark.com\/fr\/#\/schema\/logo\/image\/"}}]}},"_links":{"self":[{"href":"https:\/\/bakemark.com\/fr\/wp-json\/wp\/v2\/pages\/5333","targetHints":{"allow":["GET"]}}],"collection":[{"href":"https:\/\/bakemark.com\/fr\/wp-json\/wp\/v2\/pages"}],"about":[{"href":"https:\/\/bakemark.com\/fr\/wp-json\/wp\/v2\/types\/page"}],"author":[{"embeddable":true,"href":"https:\/\/bakemark.com\/fr\/wp-json\/wp\/v2\/users\/5"}],"replies":[{"embeddable":true,"href":"https:\/\/bakemark.com\/fr\/wp-json\/wp\/v2\/comments?post=5333"}],"version-history":[{"count":0,"href":"https:\/\/bakemark.com\/fr\/wp-json\/wp\/v2\/pages\/5333\/revisions"}],"wp:featuredmedia":[{"embeddable":true,"href":"https:\/\/bakemark.com\/fr\/wp-json\/wp\/v2\/media\/7082"}],"wp:attachment":[{"href":"https:\/\/bakemark.com\/fr\/wp-json\/wp\/v2\/media?parent=5333"}],"curies":[{"name":"wp","href":"https:\/\/api.w.org\/{rel}","templated":true}]}}