{"id":5323,"date":"2024-09-03T20:08:47","date_gmt":"2024-09-04T01:08:47","guid":{"rendered":"https:\/\/bakemark.com\/gateaux\/"},"modified":"2025-02-04T14:54:54","modified_gmt":"2025-02-04T20:54:54","slug":"gateaux","status":"publish","type":"page","link":"https:\/\/bakemark.com\/fr\/gateaux\/","title":{"rendered":"G\u00e2teaux"},"content":{"rendered":"<div class=\"wpb-content-wrapper\">[vc_row remove_bottom_col_margin=\u00a0\u00bbtrue\u00a0\u00bb css=\u00a0\u00bb.vc_custom_1725397387670{margin-top: 70px !important;margin-bottom: 20px !important;}\u00a0\u00bb][vc_column offset=\u00a0\u00bbvc_col-lg-offset-2 vc_col-lg-8 vc_col-md-offset-1 vc_col-md-10&Prime;]<div class=\"vcex-spacing wpex-w-100 wpex-clear hidden-phone\" style=\"height:10px;\"><\/div>[vc_column_text css=\u00a0\u00bb\u00a0\u00bb text_align=\u00a0\u00bbcenter\u00a0\u00bb]\n<h1>Fournir les meilleurs m\u00e9langes pour g\u00e2teaux et au-del\u00e0<\/h1>\n[\/vc_column_text][\/vc_column][\/vc_row][vc_row css=\u00a0\u00bb.vc_custom_1722450353871{margin-bottom: 20px !important;}\u00a0\u00bb][vc_column offset=\u00a0\u00bbvc_col-lg-offset-2 vc_col-lg-8 vc_col-md-offset-1 vc_col-md-10&Prime;][vc_column_text css=\u00a0\u00bb\u00a0\u00bb text_align=\u00a0\u00bbcenter\u00a0\u00bb width=\u00a0\u00bb712px\u00a0\u00bb]Vos g\u00e2teaux sont vos \u0153uvres d&rsquo;art et, de la base aux touches finales, ils m\u00e9ritent d&rsquo;\u00eatre r\u00e9alis\u00e9s avec des \u00e9l\u00e9ments de la plus haute qualit\u00e9 possible. Explorez toutes les solutions de g\u00e2teaux soutenues par l&rsquo;expertise, l&rsquo;assistance et l&rsquo;h\u00e9ritage de BakeMark.[\/vc_column_text][\/vc_column][\/vc_row][vc_row el_class=\u00a0\u00bbzoomimages widebuttons\u00a0\u00bb][vc_column width=\u00a0\u00bb1\/2&Prime;]<figure class=\"vcex-image vcex-module\"><div class=\"vcex-image-inner wpex-relative wpex-inline-block\"><a href=\"https:\/\/bakemark.com\/fr\/bmk-subcategories\/melanges-a-gateaux-hi-ratio\/\"><img width=\"1018\" height=\"588\" src=\"https:\/\/bakemark.com\/wp-content\/uploads\/2024\/09\/Group-240.jpg\" class=\"vcex-image-img wpex-align-middle\" alt=\"\" loading=\"lazy\" decoding=\"async\" srcset=\"https:\/\/bakemark.com\/wp-content\/uploads\/2024\/09\/Group-240.jpg 1018w, https:\/\/bakemark.com\/wp-content\/uploads\/2024\/09\/Group-240-300x173.jpg 300w, https:\/\/bakemark.com\/wp-content\/uploads\/2024\/09\/Group-240-768x444.jpg 768w\" sizes=\"auto, (max-width: 1018px) 100vw, 1018px\" \/><\/a><\/div><\/figure><a href=\"https:\/\/bakemark.com\/fr\/bmk-subcategories\/melanges-a-gateaux-hi-ratio\/\" class=\"vcex-button theme-button inline purple\"><span class=\"vcex-button-inner theme-button-inner wpex-flex wpex-flex-wrap wpex-items-center wpex-justify-center\">Voir toutes les pr\u00e9parations pour g\u00e2teaux Hi-ratio <\/span><\/a> <div class=\"vcex-spacing wpex-w-100 wpex-clear\" style=\"height:10px;\"><\/div>[\/vc_column][vc_column width=\u00a0\u00bb1\/2&Prime;]<figure class=\"vcex-image vcex-module\"><div class=\"vcex-image-inner wpex-relative wpex-inline-block\"><a href=\"https:\/\/bakemark.com\/fr\/bmk-subcategories\/melanges-pour-gateaux-a-la-creme\/\"><img width=\"1016\" height=\"588\" src=\"https:\/\/bakemark.com\/wp-content\/uploads\/2024\/09\/Group-232-3.jpg\" class=\"vcex-image-img wpex-align-middle\" alt=\"\" loading=\"lazy\" decoding=\"async\" srcset=\"https:\/\/bakemark.com\/wp-content\/uploads\/2024\/09\/Group-232-3.jpg 1016w, https:\/\/bakemark.com\/wp-content\/uploads\/2024\/09\/Group-232-3-300x174.jpg 300w, https:\/\/bakemark.com\/wp-content\/uploads\/2024\/09\/Group-232-3-768x444.jpg 768w\" sizes=\"auto, (max-width: 1016px) 100vw, 1016px\" \/><\/a><\/div><\/figure><a href=\"https:\/\/bakemark.com\/fr\/bmk-subcategories\/melanges-pour-gateaux-a-la-creme\/\" class=\"vcex-button theme-button inline aqua\"><span class=\"vcex-button-inner theme-button-inner wpex-flex wpex-flex-wrap wpex-items-center wpex-justify-center\">Voir toutes les pr\u00e9parations pour g\u00e2teaux Cr\u00e8me<\/span><\/a> <div class=\"vcex-spacing wpex-w-100 wpex-clear\" style=\"height:10px;\"><\/div>[\/vc_column][\/vc_row][vc_row el_class=\u00a0\u00bbzoomimages widebuttons\u00a0\u00bb][vc_column width=\u00a0\u00bb1\/2&Prime;]<figure class=\"vcex-image vcex-module\"><div class=\"vcex-image-inner wpex-relative wpex-inline-block\"><a href=\"https:\/\/bakemark.com\/fr\/bmk-subcategories\/icones-pretes-a-lemploi\/\"><img width=\"1018\" height=\"588\" src=\"https:\/\/bakemark.com\/wp-content\/uploads\/2024\/09\/Group-233-1.jpg\" class=\"vcex-image-img wpex-align-middle\" alt=\"\" loading=\"lazy\" decoding=\"async\" srcset=\"https:\/\/bakemark.com\/wp-content\/uploads\/2024\/09\/Group-233-1.jpg 1018w, https:\/\/bakemark.com\/wp-content\/uploads\/2024\/09\/Group-233-1-300x173.jpg 300w, https:\/\/bakemark.com\/wp-content\/uploads\/2024\/09\/Group-233-1-768x444.jpg 768w\" sizes=\"auto, (max-width: 1018px) 100vw, 1018px\" \/><\/a><\/div><\/figure><a href=\"https:\/\/bakemark.com\/fr\/bmk-subcategories\/icones-pretes-a-lemploi\/\" class=\"vcex-button theme-button inline orange\"><span class=\"vcex-button-inner theme-button-inner wpex-flex wpex-flex-wrap wpex-items-center wpex-justify-center\">Voir tous les Icings pr\u00eats \u00e0 l&#8217;emploi<\/span><\/a> <div class=\"vcex-spacing wpex-w-100 wpex-clear\" style=\"height:10px;\"><\/div>[\/vc_column][vc_column width=\u00a0\u00bb1\/2&Prime;]<figure class=\"vcex-image vcex-module\"><div class=\"vcex-image-inner wpex-relative wpex-inline-block\"><a href=\"https:\/\/bakemark.com\/fr\/bmk-subcategories\/saupoudrage\/\"><img width=\"1016\" height=\"588\" src=\"https:\/\/bakemark.com\/wp-content\/uploads\/2024\/09\/Group-235-1.jpg\" class=\"vcex-image-img wpex-align-middle\" alt=\"\" loading=\"lazy\" decoding=\"async\" srcset=\"https:\/\/bakemark.com\/wp-content\/uploads\/2024\/09\/Group-235-1.jpg 1016w, https:\/\/bakemark.com\/wp-content\/uploads\/2024\/09\/Group-235-1-300x174.jpg 300w, https:\/\/bakemark.com\/wp-content\/uploads\/2024\/09\/Group-235-1-768x444.jpg 768w\" sizes=\"auto, (max-width: 1016px) 100vw, 1016px\" \/><\/a><\/div><\/figure><a href=\"https:\/\/bakemark.com\/fr\/bmk-subcategories\/saupoudrage\/\" class=\"vcex-button theme-button inline blue\"><span class=\"vcex-button-inner theme-button-inner wpex-flex wpex-flex-wrap wpex-items-center wpex-justify-center\">Voir tous les Sprinkles<\/span><\/a> <div class=\"vcex-spacing wpex-w-100 wpex-clear\" style=\"height:10px;\"><\/div>[\/vc_column][\/vc_row][vc_row el_class=\u00a0\u00bbzoomimages widebuttons\u00a0\u00bb][vc_column width=\u00a0\u00bb1\/2&Prime;]<figure class=\"vcex-image vcex-module\"><div class=\"vcex-image-inner wpex-relative wpex-inline-block\"><a href=\"https:\/\/bakemark.com\/fr\/bmk-subcategories\/coussinets-pour-gateaux\/\"><img width=\"1018\" height=\"588\" src=\"https:\/\/bakemark.com\/wp-content\/uploads\/2024\/09\/Group-240-2.jpg\" class=\"vcex-image-img wpex-align-middle\" alt=\"\" loading=\"lazy\" decoding=\"async\" srcset=\"https:\/\/bakemark.com\/wp-content\/uploads\/2024\/09\/Group-240-2.jpg 1018w, https:\/\/bakemark.com\/wp-content\/uploads\/2024\/09\/Group-240-2-300x173.jpg 300w, https:\/\/bakemark.com\/wp-content\/uploads\/2024\/09\/Group-240-2-768x444.jpg 768w\" sizes=\"auto, (max-width: 1018px) 100vw, 1018px\" \/><\/a><\/div><\/figure><a href=\"https:\/\/bakemark.com\/fr\/bmk-subcategories\/coussinets-pour-gateaux\/\" class=\"vcex-button theme-button inline aqua\"><span class=\"vcex-button-inner theme-button-inner wpex-flex wpex-flex-wrap wpex-items-center wpex-justify-center\">Voir tous les Cake Pads<\/span><\/a> <div class=\"vcex-spacing wpex-w-100 wpex-clear\" style=\"height:10px;\"><\/div>[\/vc_column][vc_column width=\u00a0\u00bb1\/2&Prime;]<figure class=\"vcex-image vcex-module\"><div class=\"vcex-image-inner wpex-relative wpex-inline-block\"><a href=\"https:\/\/bakemark.com\/fr\/bmk-subcategories\/sacs-a-patisserie\/\"><img width=\"1016\" height=\"588\" src=\"https:\/\/bakemark.com\/wp-content\/uploads\/2024\/09\/Group-244.jpg\" class=\"vcex-image-img wpex-align-middle\" alt=\"\" loading=\"lazy\" decoding=\"async\" srcset=\"https:\/\/bakemark.com\/wp-content\/uploads\/2024\/09\/Group-244.jpg 1016w, https:\/\/bakemark.com\/wp-content\/uploads\/2024\/09\/Group-244-300x174.jpg 300w, https:\/\/bakemark.com\/wp-content\/uploads\/2024\/09\/Group-244-768x444.jpg 768w\" sizes=\"auto, (max-width: 1016px) 100vw, 1016px\" \/><\/a><\/div><\/figure><a href=\"https:\/\/bakemark.com\/fr\/bmk-subcategories\/sacs-a-patisserie\/\" class=\"vcex-button theme-button inline purple\"><span class=\"vcex-button-inner theme-button-inner wpex-flex wpex-flex-wrap wpex-items-center wpex-justify-center\">Voir tous les sacs \u00e0 p\u00e2tisserie<\/span><\/a> <div class=\"vcex-spacing wpex-w-100 wpex-clear\" style=\"height:10px;\"><\/div>[\/vc_column][\/vc_row][vc_row el_class=\u00a0\u00bbzoomimages widebuttons\u00a0\u00bb][vc_column width=\u00a0\u00bb1\/2&Prime;]<figure class=\"vcex-image vcex-module\"><div class=\"vcex-image-inner wpex-relative wpex-inline-block\"><a href=\"https:\/\/bakemark.com\/fr\/bmk-subcategories\/fondant-roule\/\"><img width=\"1018\" height=\"588\" src=\"https:\/\/bakemark.com\/wp-content\/uploads\/2024\/09\/Group-246.jpg\" class=\"vcex-image-img wpex-align-middle\" alt=\"\" loading=\"lazy\" decoding=\"async\" srcset=\"https:\/\/bakemark.com\/wp-content\/uploads\/2024\/09\/Group-246.jpg 1018w, https:\/\/bakemark.com\/wp-content\/uploads\/2024\/09\/Group-246-300x173.jpg 300w, https:\/\/bakemark.com\/wp-content\/uploads\/2024\/09\/Group-246-768x444.jpg 768w\" sizes=\"auto, (max-width: 1018px) 100vw, 1018px\" \/><\/a><\/div><\/figure><a href=\"https:\/\/bakemark.com\/fr\/bmk-subcategories\/fondant-roule\/\" class=\"vcex-button theme-button inline blue\"><span class=\"vcex-button-inner theme-button-inner wpex-flex wpex-flex-wrap wpex-items-center wpex-justify-center\">Voir tous les Fondants roul\u00e9s<\/span><\/a> <div class=\"vcex-spacing wpex-w-100 wpex-clear\" style=\"height:10px;\"><\/div>[\/vc_column][vc_column width=\u00a0\u00bb1\/2&Prime;]<figure class=\"vcex-image vcex-module\"><div class=\"vcex-image-inner wpex-relative wpex-inline-block\"><a href=\"https:\/\/bakemark.com\/products\/?_sft_end_product=cake\"><img width=\"1018\" height=\"588\" src=\"https:\/\/bakemark.com\/wp-content\/uploads\/2024\/09\/Group-245.jpg\" class=\"vcex-image-img wpex-align-middle\" alt=\"\" loading=\"lazy\" decoding=\"async\" srcset=\"https:\/\/bakemark.com\/wp-content\/uploads\/2024\/09\/Group-245.jpg 1018w, https:\/\/bakemark.com\/wp-content\/uploads\/2024\/09\/Group-245-300x173.jpg 300w, https:\/\/bakemark.com\/wp-content\/uploads\/2024\/09\/Group-245-768x444.jpg 768w\" sizes=\"auto, (max-width: 1018px) 100vw, 1018px\" \/><\/a><\/div><\/figure><a href=\"https:\/\/bakemark.com\/products\/?_sft_end_product=cake\" class=\"vcex-button theme-button inline\"><span class=\"vcex-button-inner theme-button-inner wpex-flex wpex-flex-wrap wpex-items-center wpex-justify-center\">Voir tous les produits Cake<\/span><\/a> <div class=\"vcex-spacing wpex-w-100 wpex-clear\" style=\"height:10px;\"><\/div>[\/vc_column][\/vc_row][vc_row][vc_column]\t<style>.vcex_69ff653c506d9{height:75px;}@media (max-width:767px){.vcex_69ff653c506d9{height:50px;}}<\/style>\n<div class=\"vcex-spacing wpex-w-100 wpex-clear vcex_69ff653c506d9\"><\/div><style>.vcex-button.vcex_69ff653c522c0{width:331px;}<\/style><div class=\"theme-button-wrap textcenter wpex-clr\"><a href=\"https:\/\/bakemark.com\/recipes\/?_sft_recipe_category=cakes\" class=\"vcex-button theme-button align-center inline wpex-flex-shrink-0 vcex_69ff653c522c0\"><span class=\"vcex-button-inner theme-button-inner wpex-flex wpex-flex-wrap wpex-items-center wpex-justify-center\">Voir toutes les recettes de g\u00e2teaux<\/span><\/a><\/div> \t<style>.vcex_69ff653c67131{height:50px;}@media (max-width:767px){.vcex_69ff653c67131{height:20px;}}<\/style>\n<div class=\"vcex-spacing wpex-w-100 wpex-clear vcex_69ff653c67131\"><\/div>[\/vc_column][\/vc_row][vc_row remove_bottom_col_margin=\u00a0\u00bbtrue\u00a0\u00bb][vc_column]<div class=\"wpex-template-shortcode\"><style type=\"text\/css\" data-type=\"vc_shortcodes-custom-css\">.vc_custom_1721317701030{background: #982126 url(https:\/\/bakemark.com\/wp-content\/uploads\/2024\/07\/bakemark-border.svg?id=340) !important;background-position: 0 0 !important;background-repeat: repeat-x !important;}.vc_custom_1720105893517{margin-bottom: 0px !important;}<\/style><div class=\"vc_section bigbrow vc_custom_1721317701030 wpex-vc-full-width-section wpex-vc-full-width-section--centered wpex-relative wpex-vc_section-has-fill wpex-vc_section-mx-0\" style=\"background-position:bottom left!important;background-size:auto 50px!important;\"><div class=\"vc_row wpb_row vc_row-fluid vc_row-o-content-middle vc_row-flex wpex-relative wpex-vc_row-col-mb-0 typography-white\"><div class=\"wpb_column vc_column_container vc_col-sm-2\"><div class=\"vc_column-inner vc_custom_1720105893517\"><div class=\"wpb_wrapper\"><\/div><\/div><\/div><div class=\"wpb_column vc_column_container vc_col-sm-8\"><div class=\"vc_column-inner\"><div class=\"wpb_wrapper\"><div class=\"vcex-spacing wpex-w-100 wpex-clear\"><\/div>\n\t<div class=\"wpb_text_column wpb_content_element\" >\n\t\t<div class=\"wpb_wrapper\">\n\t\t\t<h2 style=\"text-align: center\">Vous avez des questions ? Nous sommes \u00e0 votre disposition <\/h2>\n<p style=\"text-align: center\">Vous avez besoin de plus d&rsquo;informations sur les produits ou les solutions ? Vous \u00eates pr\u00eat \u00e0 entamer une conversation ? Un repr\u00e9sentant de BakeMark r\u00e9pondra rapidement \u00e0 votre message.  <\/p>\n\n\t\t<\/div>\n\t<\/div>\n<div class=\"vcex-spacing wpex-w-100 wpex-clear\"><\/div><div class=\"theme-button-wrap textcenter wpex-clr\"><a href=\"https:\/\/bakemark.com\/fr\/contactez-nous\/\" class=\"vcex-button theme-button align-center inline btnoncolor\"><span class=\"vcex-button-inner theme-button-inner wpex-flex wpex-flex-wrap wpex-items-center wpex-justify-center\">Contactez nous<\/span><\/a><\/div> \t<style>.vcex_69ff653c69c11{height:70px;}@media (max-width:767px){.vcex_69ff653c69c11{height:80px;}}<\/style>\n<div class=\"vcex-spacing wpex-w-100 wpex-clear vcex_69ff653c69c11\"><\/div><\/div><\/div><\/div><div class=\"wpb_column vc_column_container vc_col-sm-2\"><div class=\"vc_column-inner\"><div class=\"wpb_wrapper\"><\/div><\/div><\/div><\/div><\/div>\n<\/div>[\/vc_column][\/vc_row]\n<\/div>","protected":false},"excerpt":{"rendered":"Fournir les meilleurs m\u00e9langes pour g\u00e2teaux et au-del\u00e0 Vos g\u00e2teaux sont vos \u0153uvres d'art et, de la base aux touches finales, ils m\u00e9ritent d'\u00eatre r\u00e9alis\u00e9s avec des \u00e9l\u00e9ments de la plus haute qualit\u00e9 possible. Explorez toutes les solutions de g\u00e2teaux soutenues par l'expertise, l'assistance et l'h\u00e9ritage de BakeMark. Voir toutes les pr\u00e9parations pour g\u00e2teaux Hi-ratio&hellip;","protected":false},"author":5,"featured_media":0,"parent":0,"menu_order":0,"comment_status":"closed","ping_status":"closed","template":"","meta":{"_acf_changed":false,"content-type":"","footnotes":""},"class_list":["post-5323","page","type-page","status-publish","hentry","entry","no-media"],"acf":[],"yoast_head":"<!-- This site is optimized with the Yoast SEO plugin v27.5 - https:\/\/yoast.com\/product\/yoast-seo-wordpress\/ -->\n<title>M\u00e9langes \u00e0 g\u00e2teaux et autres | BakeMark<\/title>\n<meta name=\"description\" content=\"D\u00e9couvrez tout ce dont vous avez besoin pour fabriquer, cuisiner et distribuer des cr\u00e9ations de g\u00e2teaux \u00e9tonnantes.\" \/>\n<meta name=\"robots\" content=\"index, follow, max-snippet:-1, max-image-preview:large, max-video-preview:-1\" \/>\n<link rel=\"canonical\" href=\"https:\/\/bakemark.com\/fr\/gateaux\/\" \/>\n<meta property=\"og:locale\" content=\"fr_FR\" \/>\n<meta property=\"og:type\" content=\"article\" \/>\n<meta property=\"og:title\" content=\"M\u00e9langes \u00e0 g\u00e2teaux et autres | BakeMark\" \/>\n<meta property=\"og:description\" content=\"D\u00e9couvrez tout ce dont vous avez besoin pour fabriquer, cuisiner et distribuer des cr\u00e9ations de g\u00e2teaux \u00e9tonnantes.\" \/>\n<meta property=\"og:url\" content=\"https:\/\/bakemark.com\/fr\/gateaux\/\" \/>\n<meta property=\"og:site_name\" content=\"BakeMark\" \/>\n<meta property=\"article:modified_time\" content=\"2025-02-04T20:54:54+00:00\" \/>\n<meta name=\"twitter:card\" content=\"summary_large_image\" \/>\n<meta name=\"twitter:label1\" content=\"Est. reading time\" \/>\n\t<meta name=\"twitter:data1\" content=\"4 minutes\" \/>\n<script type=\"application\/ld+json\" class=\"yoast-schema-graph\">{\"@context\":\"https:\\\/\\\/schema.org\",\"@graph\":[{\"@type\":\"WebPage\",\"@id\":\"https:\\\/\\\/bakemark.com\\\/fr\\\/gateaux\\\/\",\"url\":\"https:\\\/\\\/bakemark.com\\\/fr\\\/gateaux\\\/\",\"name\":\"M\u00e9langes \u00e0 g\u00e2teaux et autres | BakeMark\",\"isPartOf\":{\"@id\":\"https:\\\/\\\/bakemark.com\\\/fr\\\/#website\"},\"datePublished\":\"2024-09-04T01:08:47+00:00\",\"dateModified\":\"2025-02-04T20:54:54+00:00\",\"description\":\"D\u00e9couvrez tout ce dont vous avez besoin pour fabriquer, cuisiner et distribuer des cr\u00e9ations de g\u00e2teaux \u00e9tonnantes.\",\"breadcrumb\":{\"@id\":\"https:\\\/\\\/bakemark.com\\\/fr\\\/gateaux\\\/#breadcrumb\"},\"inLanguage\":\"fr-FR\",\"potentialAction\":[{\"@type\":\"ReadAction\",\"target\":[\"https:\\\/\\\/bakemark.com\\\/fr\\\/gateaux\\\/\"]}]},{\"@type\":\"BreadcrumbList\",\"@id\":\"https:\\\/\\\/bakemark.com\\\/fr\\\/gateaux\\\/#breadcrumb\",\"itemListElement\":[{\"@type\":\"ListItem\",\"position\":1,\"name\":\"Home\",\"item\":\"https:\\\/\\\/bakemark.com\\\/fr\\\/\"},{\"@type\":\"ListItem\",\"position\":2,\"name\":\"G\u00e2teaux\"}]},{\"@type\":\"WebSite\",\"@id\":\"https:\\\/\\\/bakemark.com\\\/fr\\\/#website\",\"url\":\"https:\\\/\\\/bakemark.com\\\/fr\\\/\",\"name\":\"BakeMark\",\"description\":\"\",\"publisher\":{\"@id\":\"https:\\\/\\\/bakemark.com\\\/fr\\\/#organization\"},\"potentialAction\":[{\"@type\":\"SearchAction\",\"target\":{\"@type\":\"EntryPoint\",\"urlTemplate\":\"https:\\\/\\\/bakemark.com\\\/fr\\\/?s={search_term_string}\"},\"query-input\":{\"@type\":\"PropertyValueSpecification\",\"valueRequired\":true,\"valueName\":\"search_term_string\"}}],\"inLanguage\":\"fr-FR\"},{\"@type\":\"Organization\",\"@id\":\"https:\\\/\\\/bakemark.com\\\/fr\\\/#organization\",\"name\":\"BakeMark\",\"url\":\"https:\\\/\\\/bakemark.com\\\/fr\\\/\",\"logo\":{\"@type\":\"ImageObject\",\"inLanguage\":\"fr-FR\",\"@id\":\"https:\\\/\\\/bakemark.com\\\/fr\\\/#\\\/schema\\\/logo\\\/image\\\/\",\"url\":\"https:\\\/\\\/bakemark.com\\\/wp-content\\\/uploads\\\/2024\\\/07\\\/bakemark-logo-wht.svg\",\"contentUrl\":\"https:\\\/\\\/bakemark.com\\\/wp-content\\\/uploads\\\/2024\\\/07\\\/bakemark-logo-wht.svg\",\"width\":233,\"height\":58,\"caption\":\"BakeMark\"},\"image\":{\"@id\":\"https:\\\/\\\/bakemark.com\\\/fr\\\/#\\\/schema\\\/logo\\\/image\\\/\"}}]}<\/script>\n<!-- \/ Yoast SEO plugin. -->","yoast_head_json":{"title":"M\u00e9langes \u00e0 g\u00e2teaux et autres | BakeMark","description":"D\u00e9couvrez tout ce dont vous avez besoin pour fabriquer, cuisiner et distribuer des cr\u00e9ations de g\u00e2teaux \u00e9tonnantes.","robots":{"index":"index","follow":"follow","max-snippet":"max-snippet:-1","max-image-preview":"max-image-preview:large","max-video-preview":"max-video-preview:-1"},"canonical":"https:\/\/bakemark.com\/fr\/gateaux\/","og_locale":"fr_FR","og_type":"article","og_title":"M\u00e9langes \u00e0 g\u00e2teaux et autres | BakeMark","og_description":"D\u00e9couvrez tout ce dont vous avez besoin pour fabriquer, cuisiner et distribuer des cr\u00e9ations de g\u00e2teaux \u00e9tonnantes.","og_url":"https:\/\/bakemark.com\/fr\/gateaux\/","og_site_name":"BakeMark","article_modified_time":"2025-02-04T20:54:54+00:00","twitter_card":"summary_large_image","twitter_misc":{"Est. reading time":"4 minutes"},"schema":{"@context":"https:\/\/schema.org","@graph":[{"@type":"WebPage","@id":"https:\/\/bakemark.com\/fr\/gateaux\/","url":"https:\/\/bakemark.com\/fr\/gateaux\/","name":"M\u00e9langes \u00e0 g\u00e2teaux et autres | BakeMark","isPartOf":{"@id":"https:\/\/bakemark.com\/fr\/#website"},"datePublished":"2024-09-04T01:08:47+00:00","dateModified":"2025-02-04T20:54:54+00:00","description":"D\u00e9couvrez tout ce dont vous avez besoin pour fabriquer, cuisiner et distribuer des cr\u00e9ations de g\u00e2teaux \u00e9tonnantes.","breadcrumb":{"@id":"https:\/\/bakemark.com\/fr\/gateaux\/#breadcrumb"},"inLanguage":"fr-FR","potentialAction":[{"@type":"ReadAction","target":["https:\/\/bakemark.com\/fr\/gateaux\/"]}]},{"@type":"BreadcrumbList","@id":"https:\/\/bakemark.com\/fr\/gateaux\/#breadcrumb","itemListElement":[{"@type":"ListItem","position":1,"name":"Home","item":"https:\/\/bakemark.com\/fr\/"},{"@type":"ListItem","position":2,"name":"G\u00e2teaux"}]},{"@type":"WebSite","@id":"https:\/\/bakemark.com\/fr\/#website","url":"https:\/\/bakemark.com\/fr\/","name":"BakeMark","description":"","publisher":{"@id":"https:\/\/bakemark.com\/fr\/#organization"},"potentialAction":[{"@type":"SearchAction","target":{"@type":"EntryPoint","urlTemplate":"https:\/\/bakemark.com\/fr\/?s={search_term_string}"},"query-input":{"@type":"PropertyValueSpecification","valueRequired":true,"valueName":"search_term_string"}}],"inLanguage":"fr-FR"},{"@type":"Organization","@id":"https:\/\/bakemark.com\/fr\/#organization","name":"BakeMark","url":"https:\/\/bakemark.com\/fr\/","logo":{"@type":"ImageObject","inLanguage":"fr-FR","@id":"https:\/\/bakemark.com\/fr\/#\/schema\/logo\/image\/","url":"https:\/\/bakemark.com\/wp-content\/uploads\/2024\/07\/bakemark-logo-wht.svg","contentUrl":"https:\/\/bakemark.com\/wp-content\/uploads\/2024\/07\/bakemark-logo-wht.svg","width":233,"height":58,"caption":"BakeMark"},"image":{"@id":"https:\/\/bakemark.com\/fr\/#\/schema\/logo\/image\/"}}]}},"_links":{"self":[{"href":"https:\/\/bakemark.com\/fr\/wp-json\/wp\/v2\/pages\/5323","targetHints":{"allow":["GET"]}}],"collection":[{"href":"https:\/\/bakemark.com\/fr\/wp-json\/wp\/v2\/pages"}],"about":[{"href":"https:\/\/bakemark.com\/fr\/wp-json\/wp\/v2\/types\/page"}],"author":[{"embeddable":true,"href":"https:\/\/bakemark.com\/fr\/wp-json\/wp\/v2\/users\/5"}],"replies":[{"embeddable":true,"href":"https:\/\/bakemark.com\/fr\/wp-json\/wp\/v2\/comments?post=5323"}],"version-history":[{"count":0,"href":"https:\/\/bakemark.com\/fr\/wp-json\/wp\/v2\/pages\/5323\/revisions"}],"wp:attachment":[{"href":"https:\/\/bakemark.com\/fr\/wp-json\/wp\/v2\/media?parent=5323"}],"curies":[{"name":"wp","href":"https:\/\/api.w.org\/{rel}","templated":true}]}}