{"id":5315,"date":"2024-09-03T20:27:48","date_gmt":"2024-09-04T01:27:48","guid":{"rendered":"https:\/\/bakemark.com\/panaderia\/"},"modified":"2025-02-04T14:54:40","modified_gmt":"2025-02-04T20:54:40","slug":"panaderia","status":"publish","type":"page","link":"https:\/\/bakemark.com\/fr\/panaderia\/","title":{"rendered":"Panader\u00eda"},"content":{"rendered":"<div class=\"wpb-content-wrapper\">[vc_row remove_bottom_col_margin=\u00a0\u00bbtrue\u00a0\u00bb css=\u00a0\u00bb.vc_custom_1725397387670{margin-top: 70px !important;margin-bottom: 20px !important;}\u00a0\u00bb][vc_column offset=\u00a0\u00bbvc_col-lg-offset-2 vc_col-lg-8 vc_col-md-offset-1 vc_col-md-10&Prime;]<div class=\"vcex-spacing wpex-w-100 wpex-clear hidden-phone\" style=\"height:10px;\"><\/div>[vc_column_text css=\u00a0\u00bb\u00a0\u00bb text_align=\u00a0\u00bbcenter\u00a0\u00bb]\n<h1>Des solutions d\u00e9licieuses et authentiques pour les panader\u00edas<\/h1>\n[\/vc_column_text][\/vc_column][\/vc_row][vc_row css=\u00a0\u00bb.vc_custom_1722450353871{margin-bottom: 20px !important;}\u00a0\u00bb][vc_column offset=\u00a0\u00bbvc_col-lg-offset-2 vc_col-lg-8 vc_col-md-offset-1 vc_col-md-10&Prime;][vc_column_text css=\u00a0\u00bb\u00a0\u00bb text_align=\u00a0\u00bbcenter\u00a0\u00bb width=\u00a0\u00bb712px\u00a0\u00bb]Rien n&rsquo;est comparable aux produits de boulangerie traditionnels et hispaniques pr\u00e9par\u00e9s avec fiert\u00e9. Vous pouvez toujours faire confiance \u00e0 BakeMark pour vous fournir les ingr\u00e9dients polyvalents et peu co\u00fbteux en main-d&rsquo;\u0153uvre dont vous avez besoin pour offrir \u00e0 vos clients les choix authentiques qu&rsquo;ils connaissent \u00e0 la maison.[\/vc_column_text][\/vc_column][\/vc_row][vc_row el_class=\u00a0\u00bbzoomimages widebuttons\u00a0\u00bb][vc_column width=\u00a0\u00bb1\/2&Prime;]<figure class=\"vcex-image vcex-module\"><div class=\"vcex-image-inner wpex-relative wpex-inline-block\"><a href=\"https:\/\/bakemark.com\/bmk-subcategories\/hispanic-mixes\/\"><img width=\"1018\" height=\"588\" src=\"https:\/\/bakemark.com\/wp-content\/uploads\/2024\/09\/Group-236.jpg\" class=\"vcex-image-img wpex-align-middle\" alt=\"\" loading=\"lazy\" decoding=\"async\" srcset=\"https:\/\/bakemark.com\/wp-content\/uploads\/2024\/09\/Group-236.jpg 1018w, https:\/\/bakemark.com\/wp-content\/uploads\/2024\/09\/Group-236-300x173.jpg 300w, https:\/\/bakemark.com\/wp-content\/uploads\/2024\/09\/Group-236-768x444.jpg 768w\" sizes=\"auto, (max-width: 1018px) 100vw, 1018px\" \/><\/a><\/div><\/figure><a href=\"https:\/\/bakemark.com\/bmk-subcategories\/hispanic-mixes\/\" class=\"vcex-button theme-button inline purple\"><span class=\"vcex-button-inner theme-button-inner wpex-flex wpex-flex-wrap wpex-items-center wpex-justify-center\">Voir tous les m\u00e9langes hispaniques<\/span><\/a> <div class=\"vcex-spacing wpex-w-100 wpex-clear\" style=\"height:10px;\"><\/div>[\/vc_column][vc_column width=\u00a0\u00bb1\/2&Prime;]<figure class=\"vcex-image vcex-module\"><div class=\"vcex-image-inner wpex-relative wpex-inline-block\"><a href=\"https:\/\/bakemark.com\/bmk-subcategories\/tropical-fruit-fillings\/\"><img width=\"1014\" height=\"588\" src=\"https:\/\/bakemark.com\/wp-content\/uploads\/2024\/09\/Group-236-1.jpg\" class=\"vcex-image-img wpex-align-middle\" alt=\"\" loading=\"lazy\" decoding=\"async\" srcset=\"https:\/\/bakemark.com\/wp-content\/uploads\/2024\/09\/Group-236-1.jpg 1014w, https:\/\/bakemark.com\/wp-content\/uploads\/2024\/09\/Group-236-1-300x174.jpg 300w, https:\/\/bakemark.com\/wp-content\/uploads\/2024\/09\/Group-236-1-768x445.jpg 768w\" sizes=\"auto, (max-width: 1014px) 100vw, 1014px\" \/><\/a><\/div><\/figure><a href=\"https:\/\/bakemark.com\/bmk-subcategories\/tropical-fruit-fillings\/\" class=\"vcex-button theme-button inline blue\"><span class=\"vcex-button-inner theme-button-inner wpex-flex wpex-flex-wrap wpex-items-center wpex-justify-center\">Voir tous les fourrages aux fruits tropicaux<\/span><\/a> <div class=\"vcex-spacing wpex-w-100 wpex-clear\" style=\"height:10px;\"><\/div>[\/vc_column][\/vc_row][vc_row el_class=\u00a0\u00bbzoomimages widebuttons\u00a0\u00bb][vc_column width=\u00a0\u00bb1\/2&Prime;]<figure class=\"vcex-image vcex-module\"><div class=\"vcex-image-inner wpex-relative wpex-inline-block\"><a href=\"https:\/\/bakemark.com\/bmk-subcategories\/whipped-toppings\/\"><img width=\"1018\" height=\"588\" src=\"https:\/\/bakemark.com\/wp-content\/uploads\/2024\/09\/Group-238-1.jpg\" class=\"vcex-image-img wpex-align-middle\" alt=\"\" loading=\"lazy\" decoding=\"async\" srcset=\"https:\/\/bakemark.com\/wp-content\/uploads\/2024\/09\/Group-238-1.jpg 1018w, https:\/\/bakemark.com\/wp-content\/uploads\/2024\/09\/Group-238-1-300x173.jpg 300w, https:\/\/bakemark.com\/wp-content\/uploads\/2024\/09\/Group-238-1-768x444.jpg 768w\" sizes=\"auto, (max-width: 1018px) 100vw, 1018px\" \/><\/a><\/div><\/figure><a href=\"https:\/\/bakemark.com\/bmk-subcategories\/whipped-toppings\/\" class=\"vcex-button theme-button inline aqua\"><span class=\"vcex-button-inner theme-button-inner wpex-flex wpex-flex-wrap wpex-items-center wpex-justify-center\">Voir toutes les garnitures fouett\u00e9es<\/span><\/a> <div class=\"vcex-spacing wpex-w-100 wpex-clear\" style=\"height:10px;\"><\/div>[\/vc_column][vc_column width=\u00a0\u00bb1\/2&Prime;]<figure class=\"vcex-image vcex-module\"><div class=\"vcex-image-inner wpex-relative wpex-inline-block\"><a href=\"https:\/\/bakemark.com\/products\/?_sft_end_product=hispanic-panaderia\"><img width=\"1018\" height=\"588\" src=\"https:\/\/bakemark.com\/wp-content\/uploads\/2024\/09\/Group-238.jpg\" class=\"vcex-image-img wpex-align-middle\" alt=\"\" loading=\"lazy\" decoding=\"async\" srcset=\"https:\/\/bakemark.com\/wp-content\/uploads\/2024\/09\/Group-238.jpg 1018w, https:\/\/bakemark.com\/wp-content\/uploads\/2024\/09\/Group-238-300x173.jpg 300w, https:\/\/bakemark.com\/wp-content\/uploads\/2024\/09\/Group-238-768x444.jpg 768w\" sizes=\"auto, (max-width: 1018px) 100vw, 1018px\" \/><\/a><\/div><\/figure><a href=\"https:\/\/bakemark.com\/products\/?_sft_end_product=hispanic-panaderia\" class=\"vcex-button theme-button inline\"><span class=\"vcex-button-inner theme-button-inner wpex-flex wpex-flex-wrap wpex-items-center wpex-justify-center\">Voir tous les produits Hispanic Panader\u00eda<\/span><\/a> <div class=\"vcex-spacing wpex-w-100 wpex-clear\" style=\"height:10px;\"><\/div>[\/vc_column][\/vc_row][vc_row remove_bottom_col_margin=\u00a0\u00bbtrue\u00a0\u00bb][vc_column]\t<style>.vcex_69d397f3d1fd2{height:30px;}@media (max-width:767px){.vcex_69d397f3d1fd2{height:10px;}}<\/style>\n<div class=\"vcex-spacing wpex-w-100 wpex-clear vcex_69d397f3d1fd2\"><\/div>[\/vc_column][\/vc_row][vc_section el_class=\u00a0\u00bboverlapping-columns\u00a0\u00bb css=\u00a0\u00bb.vc_custom_1722964140072{margin-bottom: 40px !important;}\u00a0\u00bb][vc_row remove_bottom_col_margin=\u00a0\u00bbtrue\u00a0\u00bb el_class=\u00a0\u00bbimage-row\u00a0\u00bb][vc_column width=\u00a0\u00bb1\/2&Prime; offset=\u00a0\u00bbvc_col-sm-offset-6&Prime;]<figure class=\"vcex-image vcex-module\"><div class=\"vcex-image-inner wpex-relative wpex-w-100\"><img width=\"963\" height=\"637\" src=\"https:\/\/bakemark.com\/wp-content\/uploads\/2024\/09\/YRD-2880_OL_Brick.jpg\" class=\"vcex-image-img wpex-align-middle wpex-w-100\" alt=\"\" loading=\"lazy\" decoding=\"async\" srcset=\"https:\/\/bakemark.com\/wp-content\/uploads\/2024\/09\/YRD-2880_OL_Brick.jpg 963w, https:\/\/bakemark.com\/wp-content\/uploads\/2024\/09\/YRD-2880_OL_Brick-300x198.jpg 300w, https:\/\/bakemark.com\/wp-content\/uploads\/2024\/09\/YRD-2880_OL_Brick-768x508.jpg 768w\" sizes=\"auto, (max-width: 963px) 100vw, 963px\" \/><\/div><\/figure>[\/vc_column][\/vc_row][vc_row full_width=\u00a0\u00bbstretch_row\u00a0\u00bb remove_bottom_col_margin=\u00a0\u00bbtrue\u00a0\u00bb el_class=\u00a0\u00bbcontent-row\u00a0\u00bb][vc_column width=\u00a0\u00bb2\/3&Prime; css=\u00a0\u00bb.vc_custom_1722450905948{padding-top: 80px !important;padding-bottom: 80px !important;background-color: #f5f0e4 !important;background-position: 0 0 !important;background-repeat: repeat-x !important;}\u00a0\u00bb wpex_bg_position=\u00a0\u00bbleft bottom\u00a0\u00bb wpex_bg_size=\u00a0\u00bbauto 50px\u00a0\u00bb]<div class=\"vcex-spacing wpex-w-100 wpex-clear hidden-phone\" style=\"height:20px;\"><\/div>[vc_column_text css=\u00a0\u00bb.vc_custom_1725413081707{margin-bottom: 20px !important;}\u00a0\u00bb color=\u00a0\u00bbpalette-86&Prime;]\n<h2>D\u00e9couvrez le magazine Panader\u00eda<\/h2>\n[\/vc_column_text][vc_column_text css=\u00a0\u00bb.vc_custom_1725413113481{margin-bottom: 30px !important;}\u00a0\u00bb]Consultez la derni\u00e8re \u00e9dition et les anciens num\u00e9ros de la premi\u00e8re et unique publication commerciale bilingue du secteur de la boulangerie aux \u00c9tats-Unis. Vous y trouverez des informations, des tendances, des recettes, des profils et bien plus encore, en anglais et en espagnol.[\/vc_column_text]<style>.vcex-button.vcex_69d397f3d31c7{width:330px;padding-inline:24px;}<\/style><a href=\"https:\/\/bakemark.com\/fr\/magazine-panaderia\/\" class=\"vcex-button theme-button inline wpex-flex-shrink-0 vcex_69d397f3d31c7\"><span class=\"vcex-button-inner theme-button-inner wpex-flex wpex-flex-wrap wpex-items-center wpex-justify-center\">Plongez<\/span><\/a> <div class=\"vcex-spacing wpex-w-100 wpex-clear hidden-phone\" style=\"height:20px;\"><\/div>[\/vc_column][\/vc_row][\/vc_section][vc_row][vc_column]<div class=\"vcex-spacing wpex-w-100 wpex-clear\" style=\"height:50px;\"><\/div><style>.vcex-button.vcex_69d397f3d70be{width:331px;}<\/style><div class=\"theme-button-wrap textcenter wpex-clr\"><a href=\"https:\/\/bakemark.com\/recipes\/?_sft_recipe_category=hispanic\" class=\"vcex-button theme-button align-center inline wpex-flex-shrink-0 vcex_69d397f3d70be\"><span class=\"vcex-button-inner theme-button-inner wpex-flex wpex-flex-wrap wpex-items-center wpex-justify-center\">Voir toutes les recettes hispaniques<\/span><\/a><\/div> \t<style>.vcex_69d397f3d732b{height:50px;}@media (max-width:767px){.vcex_69d397f3d732b{height:20px;}}<\/style>\n<div class=\"vcex-spacing wpex-w-100 wpex-clear vcex_69d397f3d732b\"><\/div>[\/vc_column][\/vc_row][vc_row remove_bottom_col_margin=\u00a0\u00bbtrue\u00a0\u00bb][vc_column]<div class=\"wpex-template-shortcode\"><style type=\"text\/css\" data-type=\"vc_shortcodes-custom-css\">.vc_custom_1721317701030{background: #982126 url(https:\/\/bakemark.com\/wp-content\/uploads\/2024\/07\/bakemark-border.svg?id=340) !important;background-position: 0 0 !important;background-repeat: repeat-x !important;}.vc_custom_1720105893517{margin-bottom: 0px !important;}<\/style><div class=\"vc_section bigbrow vc_custom_1721317701030 wpex-vc-full-width-section wpex-vc-full-width-section--centered wpex-relative wpex-vc_section-has-fill wpex-vc_section-mx-0\" style=\"background-position:bottom left!important;background-size:auto 50px!important;\"><div class=\"vc_row wpb_row vc_row-fluid vc_row-o-content-middle vc_row-flex wpex-relative wpex-vc_row-col-mb-0 typography-white\"><div class=\"wpb_column vc_column_container vc_col-sm-2\"><div class=\"vc_column-inner vc_custom_1720105893517\"><div class=\"wpb_wrapper\"><\/div><\/div><\/div><div class=\"wpb_column vc_column_container vc_col-sm-8\"><div class=\"vc_column-inner\"><div class=\"wpb_wrapper\"><div class=\"vcex-spacing wpex-w-100 wpex-clear\"><\/div>\n\t<div class=\"wpb_text_column wpb_content_element\" >\n\t\t<div class=\"wpb_wrapper\">\n\t\t\t<h2 style=\"text-align: center\">Vous avez des questions ? Nous sommes \u00e0 votre disposition <\/h2>\n<p style=\"text-align: center\">Vous avez besoin de plus d&rsquo;informations sur les produits ou les solutions ? Vous \u00eates pr\u00eat \u00e0 entamer une conversation ? Un repr\u00e9sentant de BakeMark r\u00e9pondra rapidement \u00e0 votre message.  <\/p>\n\n\t\t<\/div>\n\t<\/div>\n<div class=\"vcex-spacing wpex-w-100 wpex-clear\"><\/div><div class=\"theme-button-wrap textcenter wpex-clr\"><a href=\"https:\/\/bakemark.com\/fr\/contactez-nous\/\" class=\"vcex-button theme-button align-center inline btnoncolor\"><span class=\"vcex-button-inner theme-button-inner wpex-flex wpex-flex-wrap wpex-items-center wpex-justify-center\">Contactez nous<\/span><\/a><\/div> \t<style>.vcex_69d397f3da2bb{height:70px;}@media (max-width:767px){.vcex_69d397f3da2bb{height:80px;}}<\/style>\n<div class=\"vcex-spacing wpex-w-100 wpex-clear vcex_69d397f3da2bb\"><\/div><\/div><\/div><\/div><div class=\"wpb_column vc_column_container vc_col-sm-2\"><div class=\"vc_column-inner\"><div class=\"wpb_wrapper\"><\/div><\/div><\/div><\/div><\/div>\n<\/div>[\/vc_column][\/vc_row]\n<\/div>","protected":false},"excerpt":{"rendered":"Des solutions d\u00e9licieuses et authentiques pour les panader\u00edas Rien n'est comparable aux produits de boulangerie traditionnels et hispaniques pr\u00e9par\u00e9s avec fiert\u00e9. Vous pouvez toujours faire confiance \u00e0 BakeMark pour vous fournir les ingr\u00e9dients polyvalents et peu co\u00fbteux en main-d'\u0153uvre dont vous avez besoin pour offrir \u00e0 vos clients les choix authentiques qu'ils connaissent \u00e0 la&hellip;","protected":false},"author":5,"featured_media":0,"parent":0,"menu_order":0,"comment_status":"closed","ping_status":"closed","template":"","meta":{"_acf_changed":false,"content-type":"","footnotes":""},"class_list":["post-5315","page","type-page","status-publish","hentry","entry","no-media"],"acf":[],"yoast_head":"<!-- This site is optimized with the Yoast SEO plugin v27.3 - https:\/\/yoast.com\/product\/yoast-seo-wordpress\/ -->\n<title>Solutions pour Panader\u00edas | BakeMark<\/title>\n<meta name=\"description\" content=\"D\u00e9couvrez des formules, des ar\u00f4mes et des solutions authentiques qui aident les panader\u00edas \u00e0 fournir les produits de boulangerie hispaniques que les consommateurs recherchent.\" \/>\n<meta name=\"robots\" content=\"index, follow, max-snippet:-1, max-image-preview:large, max-video-preview:-1\" \/>\n<link rel=\"canonical\" href=\"https:\/\/bakemark.com\/fr\/panaderia\/\" \/>\n<meta property=\"og:locale\" content=\"fr_FR\" \/>\n<meta property=\"og:type\" content=\"article\" \/>\n<meta property=\"og:title\" content=\"Solutions pour Panader\u00edas | BakeMark\" \/>\n<meta property=\"og:description\" content=\"D\u00e9couvrez des formules, des ar\u00f4mes et des solutions authentiques qui aident les panader\u00edas \u00e0 fournir les produits de boulangerie hispaniques que les consommateurs recherchent.\" \/>\n<meta property=\"og:url\" content=\"https:\/\/bakemark.com\/fr\/panaderia\/\" \/>\n<meta property=\"og:site_name\" content=\"BakeMark\" \/>\n<meta property=\"article:modified_time\" content=\"2025-02-04T20:54:40+00:00\" \/>\n<meta name=\"twitter:card\" content=\"summary_large_image\" \/>\n<meta name=\"twitter:label1\" content=\"Est. reading time\" \/>\n\t<meta name=\"twitter:data1\" content=\"3 minutes\" \/>\n<script type=\"application\/ld+json\" class=\"yoast-schema-graph\">{\"@context\":\"https:\\\/\\\/schema.org\",\"@graph\":[{\"@type\":\"WebPage\",\"@id\":\"https:\\\/\\\/bakemark.com\\\/fr\\\/panaderia\\\/\",\"url\":\"https:\\\/\\\/bakemark.com\\\/fr\\\/panaderia\\\/\",\"name\":\"Solutions pour Panader\u00edas | BakeMark\",\"isPartOf\":{\"@id\":\"https:\\\/\\\/bakemark.com\\\/fr\\\/#website\"},\"datePublished\":\"2024-09-04T01:27:48+00:00\",\"dateModified\":\"2025-02-04T20:54:40+00:00\",\"description\":\"D\u00e9couvrez des formules, des ar\u00f4mes et des solutions authentiques qui aident les panader\u00edas \u00e0 fournir les produits de boulangerie hispaniques que les consommateurs recherchent.\",\"breadcrumb\":{\"@id\":\"https:\\\/\\\/bakemark.com\\\/fr\\\/panaderia\\\/#breadcrumb\"},\"inLanguage\":\"fr-FR\",\"potentialAction\":[{\"@type\":\"ReadAction\",\"target\":[\"https:\\\/\\\/bakemark.com\\\/fr\\\/panaderia\\\/\"]}]},{\"@type\":\"BreadcrumbList\",\"@id\":\"https:\\\/\\\/bakemark.com\\\/fr\\\/panaderia\\\/#breadcrumb\",\"itemListElement\":[{\"@type\":\"ListItem\",\"position\":1,\"name\":\"Home\",\"item\":\"https:\\\/\\\/bakemark.com\\\/fr\\\/\"},{\"@type\":\"ListItem\",\"position\":2,\"name\":\"Panader\u00eda\"}]},{\"@type\":\"WebSite\",\"@id\":\"https:\\\/\\\/bakemark.com\\\/fr\\\/#website\",\"url\":\"https:\\\/\\\/bakemark.com\\\/fr\\\/\",\"name\":\"BakeMark\",\"description\":\"\",\"publisher\":{\"@id\":\"https:\\\/\\\/bakemark.com\\\/fr\\\/#organization\"},\"potentialAction\":[{\"@type\":\"SearchAction\",\"target\":{\"@type\":\"EntryPoint\",\"urlTemplate\":\"https:\\\/\\\/bakemark.com\\\/fr\\\/?s={search_term_string}\"},\"query-input\":{\"@type\":\"PropertyValueSpecification\",\"valueRequired\":true,\"valueName\":\"search_term_string\"}}],\"inLanguage\":\"fr-FR\"},{\"@type\":\"Organization\",\"@id\":\"https:\\\/\\\/bakemark.com\\\/fr\\\/#organization\",\"name\":\"BakeMark\",\"url\":\"https:\\\/\\\/bakemark.com\\\/fr\\\/\",\"logo\":{\"@type\":\"ImageObject\",\"inLanguage\":\"fr-FR\",\"@id\":\"https:\\\/\\\/bakemark.com\\\/fr\\\/#\\\/schema\\\/logo\\\/image\\\/\",\"url\":\"https:\\\/\\\/bakemark.com\\\/wp-content\\\/uploads\\\/2024\\\/07\\\/bakemark-logo-wht.svg\",\"contentUrl\":\"https:\\\/\\\/bakemark.com\\\/wp-content\\\/uploads\\\/2024\\\/07\\\/bakemark-logo-wht.svg\",\"width\":233,\"height\":58,\"caption\":\"BakeMark\"},\"image\":{\"@id\":\"https:\\\/\\\/bakemark.com\\\/fr\\\/#\\\/schema\\\/logo\\\/image\\\/\"}}]}<\/script>\n<!-- \/ Yoast SEO plugin. -->","yoast_head_json":{"title":"Solutions pour Panader\u00edas | BakeMark","description":"D\u00e9couvrez des formules, des ar\u00f4mes et des solutions authentiques qui aident les panader\u00edas \u00e0 fournir les produits de boulangerie hispaniques que les consommateurs recherchent.","robots":{"index":"index","follow":"follow","max-snippet":"max-snippet:-1","max-image-preview":"max-image-preview:large","max-video-preview":"max-video-preview:-1"},"canonical":"https:\/\/bakemark.com\/fr\/panaderia\/","og_locale":"fr_FR","og_type":"article","og_title":"Solutions pour Panader\u00edas | BakeMark","og_description":"D\u00e9couvrez des formules, des ar\u00f4mes et des solutions authentiques qui aident les panader\u00edas \u00e0 fournir les produits de boulangerie hispaniques que les consommateurs recherchent.","og_url":"https:\/\/bakemark.com\/fr\/panaderia\/","og_site_name":"BakeMark","article_modified_time":"2025-02-04T20:54:40+00:00","twitter_card":"summary_large_image","twitter_misc":{"Est. reading time":"3 minutes"},"schema":{"@context":"https:\/\/schema.org","@graph":[{"@type":"WebPage","@id":"https:\/\/bakemark.com\/fr\/panaderia\/","url":"https:\/\/bakemark.com\/fr\/panaderia\/","name":"Solutions pour Panader\u00edas | BakeMark","isPartOf":{"@id":"https:\/\/bakemark.com\/fr\/#website"},"datePublished":"2024-09-04T01:27:48+00:00","dateModified":"2025-02-04T20:54:40+00:00","description":"D\u00e9couvrez des formules, des ar\u00f4mes et des solutions authentiques qui aident les panader\u00edas \u00e0 fournir les produits de boulangerie hispaniques que les consommateurs recherchent.","breadcrumb":{"@id":"https:\/\/bakemark.com\/fr\/panaderia\/#breadcrumb"},"inLanguage":"fr-FR","potentialAction":[{"@type":"ReadAction","target":["https:\/\/bakemark.com\/fr\/panaderia\/"]}]},{"@type":"BreadcrumbList","@id":"https:\/\/bakemark.com\/fr\/panaderia\/#breadcrumb","itemListElement":[{"@type":"ListItem","position":1,"name":"Home","item":"https:\/\/bakemark.com\/fr\/"},{"@type":"ListItem","position":2,"name":"Panader\u00eda"}]},{"@type":"WebSite","@id":"https:\/\/bakemark.com\/fr\/#website","url":"https:\/\/bakemark.com\/fr\/","name":"BakeMark","description":"","publisher":{"@id":"https:\/\/bakemark.com\/fr\/#organization"},"potentialAction":[{"@type":"SearchAction","target":{"@type":"EntryPoint","urlTemplate":"https:\/\/bakemark.com\/fr\/?s={search_term_string}"},"query-input":{"@type":"PropertyValueSpecification","valueRequired":true,"valueName":"search_term_string"}}],"inLanguage":"fr-FR"},{"@type":"Organization","@id":"https:\/\/bakemark.com\/fr\/#organization","name":"BakeMark","url":"https:\/\/bakemark.com\/fr\/","logo":{"@type":"ImageObject","inLanguage":"fr-FR","@id":"https:\/\/bakemark.com\/fr\/#\/schema\/logo\/image\/","url":"https:\/\/bakemark.com\/wp-content\/uploads\/2024\/07\/bakemark-logo-wht.svg","contentUrl":"https:\/\/bakemark.com\/wp-content\/uploads\/2024\/07\/bakemark-logo-wht.svg","width":233,"height":58,"caption":"BakeMark"},"image":{"@id":"https:\/\/bakemark.com\/fr\/#\/schema\/logo\/image\/"}}]}},"_links":{"self":[{"href":"https:\/\/bakemark.com\/fr\/wp-json\/wp\/v2\/pages\/5315","targetHints":{"allow":["GET"]}}],"collection":[{"href":"https:\/\/bakemark.com\/fr\/wp-json\/wp\/v2\/pages"}],"about":[{"href":"https:\/\/bakemark.com\/fr\/wp-json\/wp\/v2\/types\/page"}],"author":[{"embeddable":true,"href":"https:\/\/bakemark.com\/fr\/wp-json\/wp\/v2\/users\/5"}],"replies":[{"embeddable":true,"href":"https:\/\/bakemark.com\/fr\/wp-json\/wp\/v2\/comments?post=5315"}],"version-history":[{"count":0,"href":"https:\/\/bakemark.com\/fr\/wp-json\/wp\/v2\/pages\/5315\/revisions"}],"wp:attachment":[{"href":"https:\/\/bakemark.com\/fr\/wp-json\/wp\/v2\/media?parent=5315"}],"curies":[{"name":"wp","href":"https:\/\/api.w.org\/{rel}","templated":true}]}}