{"id":5284,"date":"2024-07-12T13:05:34","date_gmt":"2024-07-12T18:05:34","guid":{"rendered":"https:\/\/bakemark.com\/a-propos-de-nous\/"},"modified":"2025-03-24T16:13:53","modified_gmt":"2025-03-24T21:13:53","slug":"a-propos-de-nous","status":"publish","type":"page","link":"https:\/\/bakemark.com\/fr\/a-propos-de-nous\/","title":{"rendered":"A propos de nous"},"content":{"rendered":"<div class=\"wpb-content-wrapper\">[vc_section css=\u00a0\u00bb.vc_custom_1721332357416{margin-bottom: 80px !important;}\u00a0\u00bb][vc_row full_width=\u00a0\u00bbstretch_row\u00a0\u00bb content_placement=\u00a0\u00bbbottom\u00a0\u00bb remove_bottom_col_margin=\u00a0\u00bbtrue\u00a0\u00bb typography_style=\u00a0\u00bbwhite\u00a0\u00bb css=\u00a0\u00bb.vc_custom_1721321913296{padding-top: 35px !important;padding-bottom: 20px !important;background-color: #982126 !important;}\u00a0\u00bb el_class=\u00a0\u00bbbanner-headline\u00a0\u00bb][vc_column width=\u00a0\u00bb1\/2&Prime; offset=\u00a0\u00bbvc_col-lg-5&Prime;][vc_column_text css=\u00a0\u00bb\u00a0\u00bb]\n<h2>Ingr\u00e9dients et fabrication&#8230;Delivered\u2122<\/h2>\n[\/vc_column_text][\/vc_column][\/vc_row][vc_row remove_bottom_col_margin=\u00a0\u00bbtrue\u00a0\u00bb css=\u00a0\u00bb.vc_custom_1721319595505{margin-top: 20px !important;}\u00a0\u00bb][vc_column width=\u00a0\u00bb1\/2&Prime;][vc_column_text css=\u00a0\u00bb\u00a0\u00bb el_class=\u00a0\u00bbbanner-subtext\u00a0\u00bb]BakeMark est votre partenaire pour le succ\u00e8s &#8211; aujourd&rsquo;hui, demain et \u00e0 l&rsquo;avenir. En tant que fabricant et distributeur de produits de boulangerie avec plus de 38 succursales aux \u00c9tats-Unis et au Canada (et de plus en plus !), nous croyons que le partenariat offre l&rsquo;occasion d&rsquo;aider votre entreprise \u00e0 r\u00e9ussir et \u00e0 se d\u00e9velopper.[\/vc_column_text][\/vc_column][\/vc_row][vc_row full_width=\u00a0\u00bbstretch_row_content_no_spaces\u00a0\u00bb remove_bottom_col_margin=\u00a0\u00bbtrue\u00a0\u00bb el_class=\u00a0\u00bbbanner-image\u00a0\u00bb][vc_column width=\u00a0\u00bb1\/2&Prime; offset=\u00a0\u00bbvc_col-sm-offset-6&Prime;]<div class=\"vcex-spacing wpex-w-100 wpex-clear visible-phone\" style=\"height:30px;\"><\/div><figure class=\"vcex-image vcex-module\"><div class=\"vcex-image-inner wpex-relative wpex-inline-block\"><img width=\"2000\" height=\"1008\" src=\"https:\/\/bakemark.com\/wp-content\/uploads\/2024\/08\/224_035_InFood_BakersMark3407_AboutFPO3.jpg\" class=\"vcex-image-img wpex-align-middle\" alt=\"\" loading=\"lazy\" decoding=\"async\" srcset=\"https:\/\/bakemark.com\/wp-content\/uploads\/2024\/08\/224_035_InFood_BakersMark3407_AboutFPO3.jpg 2000w, https:\/\/bakemark.com\/wp-content\/uploads\/2024\/08\/224_035_InFood_BakersMark3407_AboutFPO3-300x151.jpg 300w, https:\/\/bakemark.com\/wp-content\/uploads\/2024\/08\/224_035_InFood_BakersMark3407_AboutFPO3-1024x516.jpg 1024w, https:\/\/bakemark.com\/wp-content\/uploads\/2024\/08\/224_035_InFood_BakersMark3407_AboutFPO3-768x387.jpg 768w, https:\/\/bakemark.com\/wp-content\/uploads\/2024\/08\/224_035_InFood_BakersMark3407_AboutFPO3-1536x774.jpg 1536w\" sizes=\"auto, (max-width: 2000px) 100vw, 2000px\" \/><\/div><\/figure>[\/vc_column][\/vc_row][\/vc_section][vc_row][vc_column offset=\u00a0\u00bbvc_col-md-offset-1 vc_col-md-10&Prime;][vc_column_text css=\u00a0\u00bb.vc_custom_1742850824604{margin-bottom: 20px !important;}\u00a0\u00bb text_align=\u00a0\u00bbcenter\u00a0\u00bb]\n<h2>Au service des boulangers depuis plus de 200 ans<\/h2>\n[\/vc_column_text][vc_column_text css=\u00a0\u00bb\u00a0\u00bb width=\u00a0\u00bb775px\u00a0\u00bb text_align=\u00a0\u00bbcenter\u00a0\u00bb]Nous avons parcouru un long chemin depuis 1892. M\u00eame si nous nous d\u00e9veloppons en Am\u00e9rique du Nord et \u00e0 l&rsquo;\u00e9tranger, les relations avec les clients seront toujours au c\u0153ur de chacune de nos d\u00e9cisions.[\/vc_column_text]<div class=\"vcex-spacing wpex-w-100 wpex-clear hidden-phone\" style=\"height:10px;\"><\/div>[\/vc_column][\/vc_row][vc_row css=\u00a0\u00bb.vc_custom_1721333007761{margin-bottom: 30px !important;}\u00a0\u00bb][vc_column width=\u00a0\u00bb1\/4&Prime;][vc_column_text css=\u00a0\u00bb.vc_custom_1721332792564{margin-bottom: 15px !important;}\u00a0\u00bb text_align=\u00a0\u00bbcenter\u00a0\u00bb color=\u00a0\u00bbpalette-86&Prime;]\n<h3>Notre mission<\/h3>\n[\/vc_column_text][vc_column_text css=\u00a0\u00bb\u00a0\u00bb text_align=\u00a0\u00bbcenter\u00a0\u00bb width=\u00a0\u00bb250px\u00a0\u00bb]Offrir \u00e0 chaque partie prenante la possibilit\u00e9 de r\u00e9ussir, tout en \u00e9tant \u00e0 la pointe de l&rsquo;industrie dans tout ce que nous faisons.[\/vc_column_text][\/vc_column][vc_column width=\u00a0\u00bb1\/4&Prime;][vc_column_text css=\u00a0\u00bb.vc_custom_1721332862304{margin-bottom: 15px !important;}\u00a0\u00bb text_align=\u00a0\u00bbcenter\u00a0\u00bb color=\u00a0\u00bbpalette-86&Prime;]\n<h3>Notre vision<\/h3>\n[\/vc_column_text][vc_column_text css=\u00a0\u00bb\u00a0\u00bb text_align=\u00a0\u00bbcenter\u00a0\u00bb width=\u00a0\u00bb260px\u00a0\u00bb]<strong>BakeMark\u2122 <\/strong>Le cr\u00e9ateur de valeur implacable pour l&rsquo;industrie de la boulangerie et de l&rsquo;alimentation.[\/vc_column_text][\/vc_column][vc_column width=\u00a0\u00bb1\/4&Prime;][vc_column_text css=\u00a0\u00bb.vc_custom_1726770826327{margin-bottom: 15px !important;}\u00a0\u00bb text_align=\u00a0\u00bbcenter\u00a0\u00bb color=\u00a0\u00bbpalette-86&Prime;]\n<h3>Valeurs fondamentales<\/h3>\n[\/vc_column_text][vc_column_text css=\u00a0\u00bb.vc_custom_1726770727174{margin-top: 15px !important;}\u00a0\u00bb text_align=\u00a0\u00bbcenter\u00a0\u00bb width=\u00a0\u00bb242px\u00a0\u00bb]Performance<br \/>\nPassion<br \/>\nPartenariat<br \/>\nInitiative[\/vc_column_text][\/vc_column][vc_column width=\u00a0\u00bb1\/4&Prime;][vc_column_text css=\u00a0\u00bb.vc_custom_1726769891470{margin-bottom: 15px !important;}\u00a0\u00bb text_align=\u00a0\u00bbcenter\u00a0\u00bb color=\u00a0\u00bbpalette-86&Prime;]\n<h3>M\u00e9thodes de travail<\/h3>\n[\/vc_column_text][vc_column_text css=\u00a0\u00bb\u00a0\u00bb text_align=\u00a0\u00bbcenter\u00a0\u00bb width=\u00a0\u00bb260px\u00a0\u00bb]Nous sommes toujours \u00e0 pied d&rsquo;\u0153uvre pour d\u00e9bloquer de nouvelles opportunit\u00e9s, favoriser la croissance des clients, forger des liens durables et d\u00e9passer les attentes.[\/vc_column_text][\/vc_column][\/vc_row][vc_row remove_bottom_col_margin=\u00a0\u00bbtrue\u00a0\u00bb][vc_column]<div class=\"wpex-template-shortcode\"><style type=\"text\/css\" data-type=\"vc_shortcodes-custom-css\">.vc_custom_1721241976923{padding-top: 50px !important;padding-bottom: 50px !important;background-image: url(https:\/\/bakemark.com\/wp-content\/uploads\/2024\/07\/bg-redworkers-scaled.jpg?id=148) !important;background-position: center !important;background-repeat: no-repeat !important;background-size: cover !important;}<\/style><div class=\"vc_row wpb_row vc_row-fluid vc_custom_1721241976923 vc_row-o-content-middle vc_row-flex wpex-vc-full-width-row wpex-vc-full-width-row--centered wpex-relative wpex-vc_row-has-fill wpex-vc_row-col-mb-0 wpex-vc_row-mx-0 typography-white\" style=\"min-height:400px;\"><div class=\"wpb_column vc_column_container vc_col-sm-10 vc_col-sm-offset-1\"><div class=\"vc_column-inner\"><div class=\"wpb_wrapper\">\n\t<div style=\"text-align:center;\" class=\"wpb_text_column wpb_content_element\" >\n\t\t<div class=\"wpb_wrapper\">\n\t\t\t<h2>Des ressources et des capacit\u00e9s pour vous aider \u00e0 d\u00e9velopper votre entreprise<\/h2>\n\n\t\t<\/div>\n\t<\/div>\n<div class=\"vcex-spacing wpex-w-100 wpex-clear\" style=\"height:15px;\"><\/div>\n\t<div style=\"text-align:center;width:687px;\" class=\"wpb_text_column wpex-max-w-100 wpex-mx-auto wpb_content_element\" >\n\t\t<div class=\"wpb_wrapper\">\n\t\t\t<p>Au-del\u00e0 des produits et de l&rsquo;assistance les plus performants, nous innovons en permanence pour cr\u00e9er de la valeur pour vous et votre boulangerie gr\u00e2ce \u00e0 des capacit\u00e9s de <strong>fabrication de<\/strong> pointe, une <strong>distribution de<\/strong> confiance et une <strong>assistance technique et de recherche et d\u00e9veloppement<\/strong> innovante.<\/p>\n\n\t\t<\/div>\n\t<\/div>\n<div class=\"vcex-spacing wpex-w-100 wpex-clear\"><\/div><div class=\"theme-button-wrap textcenter wpex-clr\"><a href=\"https:\/\/bakemark.com\/fr\/capacites\/\" class=\"vcex-button theme-button align-center inline whitebtn\"><span class=\"vcex-button-inner theme-button-inner wpex-flex wpex-flex-wrap wpex-items-center wpex-justify-center\">En savoir plus<\/span><\/a><\/div> <\/div><\/div><\/div><\/div>\n<\/div>[\/vc_column][\/vc_row]\n<\/div>","protected":false},"excerpt":{"rendered":"Ingr\u00e9dients et fabrication...Delivered\u2122 BakeMark est votre partenaire pour le succ\u00e8s - aujourd'hui, demain et \u00e0 l'avenir. En tant que fabricant et distributeur de produits de boulangerie avec plus de 38 succursales aux \u00c9tats-Unis et au Canada (et de plus en plus !), nous croyons que le partenariat offre l'occasion d'aider votre entreprise \u00e0 r\u00e9ussir et&hellip;","protected":false},"author":5,"featured_media":0,"parent":0,"menu_order":0,"comment_status":"closed","ping_status":"closed","template":"","meta":{"_acf_changed":false,"content-type":"","footnotes":""},"class_list":["post-5284","page","type-page","status-publish","hentry","entry","no-media"],"acf":[],"yoast_head":"<!-- This site is optimized with the Yoast SEO plugin v27.3 - https:\/\/yoast.com\/product\/yoast-seo-wordpress\/ -->\n<title>A propos de nous | BakeMark<\/title>\n<meta name=\"description\" content=\"En tant que fabricant et distributeur de produits de boulangerie avec plus de 33 succursales aux \u00c9tats-Unis et au Canada, nous pensons que le partenariat est source d&#039;opportunit\u00e9s.\" \/>\n<meta name=\"robots\" content=\"index, follow, max-snippet:-1, max-image-preview:large, max-video-preview:-1\" \/>\n<link rel=\"canonical\" href=\"https:\/\/bakemark.com\/fr\/a-propos-de-nous\/\" \/>\n<meta property=\"og:locale\" content=\"fr_FR\" \/>\n<meta property=\"og:type\" content=\"article\" \/>\n<meta property=\"og:title\" content=\"A propos de nous | BakeMark\" \/>\n<meta property=\"og:description\" content=\"En tant que fabricant et distributeur de produits de boulangerie avec plus de 33 succursales aux \u00c9tats-Unis et au Canada, nous pensons que le partenariat est source d&#039;opportunit\u00e9s.\" \/>\n<meta property=\"og:url\" content=\"https:\/\/bakemark.com\/fr\/a-propos-de-nous\/\" \/>\n<meta property=\"og:site_name\" content=\"BakeMark\" \/>\n<meta property=\"article:modified_time\" content=\"2025-03-24T21:13:53+00:00\" \/>\n<meta name=\"twitter:card\" content=\"summary_large_image\" \/>\n<meta name=\"twitter:label1\" content=\"Est. reading time\" \/>\n\t<meta name=\"twitter:data1\" content=\"3 minutes\" \/>\n<script type=\"application\/ld+json\" class=\"yoast-schema-graph\">{\"@context\":\"https:\\\/\\\/schema.org\",\"@graph\":[{\"@type\":\"WebPage\",\"@id\":\"https:\\\/\\\/bakemark.com\\\/fr\\\/a-propos-de-nous\\\/\",\"url\":\"https:\\\/\\\/bakemark.com\\\/fr\\\/a-propos-de-nous\\\/\",\"name\":\"A propos de nous | BakeMark\",\"isPartOf\":{\"@id\":\"https:\\\/\\\/bakemark.com\\\/fr\\\/#website\"},\"datePublished\":\"2024-07-12T18:05:34+00:00\",\"dateModified\":\"2025-03-24T21:13:53+00:00\",\"description\":\"En tant que fabricant et distributeur de produits de boulangerie avec plus de 33 succursales aux \u00c9tats-Unis et au Canada, nous pensons que le partenariat est source d'opportunit\u00e9s.\",\"breadcrumb\":{\"@id\":\"https:\\\/\\\/bakemark.com\\\/fr\\\/a-propos-de-nous\\\/#breadcrumb\"},\"inLanguage\":\"fr-FR\",\"potentialAction\":[{\"@type\":\"ReadAction\",\"target\":[\"https:\\\/\\\/bakemark.com\\\/fr\\\/a-propos-de-nous\\\/\"]}]},{\"@type\":\"BreadcrumbList\",\"@id\":\"https:\\\/\\\/bakemark.com\\\/fr\\\/a-propos-de-nous\\\/#breadcrumb\",\"itemListElement\":[{\"@type\":\"ListItem\",\"position\":1,\"name\":\"Home\",\"item\":\"https:\\\/\\\/bakemark.com\\\/fr\\\/\"},{\"@type\":\"ListItem\",\"position\":2,\"name\":\"A propos de nous\"}]},{\"@type\":\"WebSite\",\"@id\":\"https:\\\/\\\/bakemark.com\\\/fr\\\/#website\",\"url\":\"https:\\\/\\\/bakemark.com\\\/fr\\\/\",\"name\":\"BakeMark\",\"description\":\"\",\"publisher\":{\"@id\":\"https:\\\/\\\/bakemark.com\\\/fr\\\/#organization\"},\"potentialAction\":[{\"@type\":\"SearchAction\",\"target\":{\"@type\":\"EntryPoint\",\"urlTemplate\":\"https:\\\/\\\/bakemark.com\\\/fr\\\/?s={search_term_string}\"},\"query-input\":{\"@type\":\"PropertyValueSpecification\",\"valueRequired\":true,\"valueName\":\"search_term_string\"}}],\"inLanguage\":\"fr-FR\"},{\"@type\":\"Organization\",\"@id\":\"https:\\\/\\\/bakemark.com\\\/fr\\\/#organization\",\"name\":\"BakeMark\",\"url\":\"https:\\\/\\\/bakemark.com\\\/fr\\\/\",\"logo\":{\"@type\":\"ImageObject\",\"inLanguage\":\"fr-FR\",\"@id\":\"https:\\\/\\\/bakemark.com\\\/fr\\\/#\\\/schema\\\/logo\\\/image\\\/\",\"url\":\"https:\\\/\\\/bakemark.com\\\/wp-content\\\/uploads\\\/2024\\\/07\\\/bakemark-logo-wht.svg\",\"contentUrl\":\"https:\\\/\\\/bakemark.com\\\/wp-content\\\/uploads\\\/2024\\\/07\\\/bakemark-logo-wht.svg\",\"width\":233,\"height\":58,\"caption\":\"BakeMark\"},\"image\":{\"@id\":\"https:\\\/\\\/bakemark.com\\\/fr\\\/#\\\/schema\\\/logo\\\/image\\\/\"}}]}<\/script>\n<!-- \/ Yoast SEO plugin. -->","yoast_head_json":{"title":"A propos de nous | BakeMark","description":"En tant que fabricant et distributeur de produits de boulangerie avec plus de 33 succursales aux \u00c9tats-Unis et au Canada, nous pensons que le partenariat est source d'opportunit\u00e9s.","robots":{"index":"index","follow":"follow","max-snippet":"max-snippet:-1","max-image-preview":"max-image-preview:large","max-video-preview":"max-video-preview:-1"},"canonical":"https:\/\/bakemark.com\/fr\/a-propos-de-nous\/","og_locale":"fr_FR","og_type":"article","og_title":"A propos de nous | BakeMark","og_description":"En tant que fabricant et distributeur de produits de boulangerie avec plus de 33 succursales aux \u00c9tats-Unis et au Canada, nous pensons que le partenariat est source d'opportunit\u00e9s.","og_url":"https:\/\/bakemark.com\/fr\/a-propos-de-nous\/","og_site_name":"BakeMark","article_modified_time":"2025-03-24T21:13:53+00:00","twitter_card":"summary_large_image","twitter_misc":{"Est. reading time":"3 minutes"},"schema":{"@context":"https:\/\/schema.org","@graph":[{"@type":"WebPage","@id":"https:\/\/bakemark.com\/fr\/a-propos-de-nous\/","url":"https:\/\/bakemark.com\/fr\/a-propos-de-nous\/","name":"A propos de nous | BakeMark","isPartOf":{"@id":"https:\/\/bakemark.com\/fr\/#website"},"datePublished":"2024-07-12T18:05:34+00:00","dateModified":"2025-03-24T21:13:53+00:00","description":"En tant que fabricant et distributeur de produits de boulangerie avec plus de 33 succursales aux \u00c9tats-Unis et au Canada, nous pensons que le partenariat est source d'opportunit\u00e9s.","breadcrumb":{"@id":"https:\/\/bakemark.com\/fr\/a-propos-de-nous\/#breadcrumb"},"inLanguage":"fr-FR","potentialAction":[{"@type":"ReadAction","target":["https:\/\/bakemark.com\/fr\/a-propos-de-nous\/"]}]},{"@type":"BreadcrumbList","@id":"https:\/\/bakemark.com\/fr\/a-propos-de-nous\/#breadcrumb","itemListElement":[{"@type":"ListItem","position":1,"name":"Home","item":"https:\/\/bakemark.com\/fr\/"},{"@type":"ListItem","position":2,"name":"A propos de nous"}]},{"@type":"WebSite","@id":"https:\/\/bakemark.com\/fr\/#website","url":"https:\/\/bakemark.com\/fr\/","name":"BakeMark","description":"","publisher":{"@id":"https:\/\/bakemark.com\/fr\/#organization"},"potentialAction":[{"@type":"SearchAction","target":{"@type":"EntryPoint","urlTemplate":"https:\/\/bakemark.com\/fr\/?s={search_term_string}"},"query-input":{"@type":"PropertyValueSpecification","valueRequired":true,"valueName":"search_term_string"}}],"inLanguage":"fr-FR"},{"@type":"Organization","@id":"https:\/\/bakemark.com\/fr\/#organization","name":"BakeMark","url":"https:\/\/bakemark.com\/fr\/","logo":{"@type":"ImageObject","inLanguage":"fr-FR","@id":"https:\/\/bakemark.com\/fr\/#\/schema\/logo\/image\/","url":"https:\/\/bakemark.com\/wp-content\/uploads\/2024\/07\/bakemark-logo-wht.svg","contentUrl":"https:\/\/bakemark.com\/wp-content\/uploads\/2024\/07\/bakemark-logo-wht.svg","width":233,"height":58,"caption":"BakeMark"},"image":{"@id":"https:\/\/bakemark.com\/fr\/#\/schema\/logo\/image\/"}}]}},"_links":{"self":[{"href":"https:\/\/bakemark.com\/fr\/wp-json\/wp\/v2\/pages\/5284","targetHints":{"allow":["GET"]}}],"collection":[{"href":"https:\/\/bakemark.com\/fr\/wp-json\/wp\/v2\/pages"}],"about":[{"href":"https:\/\/bakemark.com\/fr\/wp-json\/wp\/v2\/types\/page"}],"author":[{"embeddable":true,"href":"https:\/\/bakemark.com\/fr\/wp-json\/wp\/v2\/users\/5"}],"replies":[{"embeddable":true,"href":"https:\/\/bakemark.com\/fr\/wp-json\/wp\/v2\/comments?post=5284"}],"version-history":[{"count":0,"href":"https:\/\/bakemark.com\/fr\/wp-json\/wp\/v2\/pages\/5284\/revisions"}],"wp:attachment":[{"href":"https:\/\/bakemark.com\/fr\/wp-json\/wp\/v2\/media?parent=5284"}],"curies":[{"name":"wp","href":"https:\/\/api.w.org\/{rel}","templated":true}]}}