{"id":5282,"date":"2024-07-12T13:04:58","date_gmt":"2024-07-12T18:04:58","guid":{"rendered":"https:\/\/bakemark.com\/sup-r-shop\/"},"modified":"2025-01-30T15:22:56","modified_gmt":"2025-01-30T21:22:56","slug":"sup-r-shop","status":"publish","type":"page","link":"https:\/\/bakemark.com\/fr\/sup-r-shop\/","title":{"rendered":"Sup-R-Shop"},"content":{"rendered":"<div class=\"wpb-content-wrapper\">[vc_section css=\u00a0\u00bb.vc_custom_1722379354796{margin-bottom: 70px !important;}\u00a0\u00bb][vc_row full_width=\u00a0\u00bbstretch_row\u00a0\u00bb content_placement=\u00a0\u00bbbottom\u00a0\u00bb remove_bottom_col_margin=\u00a0\u00bbtrue\u00a0\u00bb typography_style=\u00a0\u00bbwhite\u00a0\u00bb css=\u00a0\u00bb.vc_custom_1721321913296{padding-top: 35px !important;padding-bottom: 20px !important;background-color: #982126 !important;}\u00a0\u00bb el_class=\u00a0\u00bbbanner-headline\u00a0\u00bb][vc_column width=\u00a0\u00bb1\/2&Prime; offset=\u00a0\u00bbvc_col-lg-5&Prime;][vc_column_text css=\u00a0\u00bb\u00a0\u00bb]\n<h1>Sup-R-Shop<\/h1>\n[\/vc_column_text][\/vc_column][\/vc_row][vc_row remove_bottom_col_margin=\u00a0\u00bbtrue\u00a0\u00bb css=\u00a0\u00bb.vc_custom_1721319595505{margin-top: 20px !important;}\u00a0\u00bb][vc_column width=\u00a0\u00bb1\/2&Prime;][vc_column_text css=\u00a0\u00bb.vc_custom_1722373319512{margin-bottom: 20px !important;}\u00a0\u00bb]\n<h2>Commande en ligne pratique<\/h2>\n[\/vc_column_text][vc_column_text css=\u00a0\u00bb\u00a0\u00bb el_class=\u00a0\u00bbbanner-subtext\u00a0\u00bb]Sup-R-Shop permet aux clients qualifi\u00e9s de BakeMark de consulter la plus vaste gamme de produits du secteur et d&rsquo;effectuer des achats en ligne de mani\u00e8re simple et rationalis\u00e9e, ce qui leur permet de consacrer du temps \u00e0 leur croissance. Les clients peuvent acc\u00e9der aux marques et produits les plus importants du moment, notamment <sup>Westco\u00ae<\/sup>, <sup>BakeSense\u00ae<\/sup>, <sup>Multifoods\u00ae<\/sup> et Trigal <sup>Dorado\u00ae<\/sup>.[\/vc_column_text]<div class=\"vcex-spacing wpex-w-100 wpex-clear\"><\/div>[vc_column_text css=\u00a0\u00bb\u00a0\u00bb]\n<h5 style=\"text-align: center;\"><strong>Ingr\u00e9dients et fabrication&#8230; livr\u00e9s.<\/strong><\/h5>\n[\/vc_column_text][\/vc_column][\/vc_row][vc_row full_width=\u00a0\u00bbstretch_row_content_no_spaces\u00a0\u00bb remove_bottom_col_margin=\u00a0\u00bbtrue\u00a0\u00bb el_class=\u00a0\u00bbbanner-image\u00a0\u00bb][vc_column width=\u00a0\u00bb1\/2&Prime; offset=\u00a0\u00bbvc_col-sm-offset-6&Prime;]<div class=\"vcex-spacing wpex-w-100 wpex-clear visible-phone\" style=\"height:30px;\"><\/div><figure class=\"vcex-image vcex-module\"><div class=\"vcex-image-inner wpex-relative wpex-inline-block\"><img width=\"2000\" height=\"1123\" src=\"https:\/\/bakemark.com\/wp-content\/uploads\/2024\/08\/224_035_InFood_BakersMark3584_SprinklesFPO.jpg\" class=\"vcex-image-img wpex-align-middle\" alt=\"\" loading=\"lazy\" decoding=\"async\" srcset=\"https:\/\/bakemark.com\/wp-content\/uploads\/2024\/08\/224_035_InFood_BakersMark3584_SprinklesFPO.jpg 2000w, https:\/\/bakemark.com\/wp-content\/uploads\/2024\/08\/224_035_InFood_BakersMark3584_SprinklesFPO-300x168.jpg 300w, https:\/\/bakemark.com\/wp-content\/uploads\/2024\/08\/224_035_InFood_BakersMark3584_SprinklesFPO-1024x575.jpg 1024w, https:\/\/bakemark.com\/wp-content\/uploads\/2024\/08\/224_035_InFood_BakersMark3584_SprinklesFPO-768x431.jpg 768w, https:\/\/bakemark.com\/wp-content\/uploads\/2024\/08\/224_035_InFood_BakersMark3584_SprinklesFPO-1536x862.jpg 1536w\" sizes=\"auto, (max-width: 2000px) 100vw, 2000px\" \/><\/div><\/figure>[\/vc_column][\/vc_row][\/vc_section][vc_row css=\u00a0\u00bb.vc_custom_1722379346526{padding-bottom: 35px !important;}\u00a0\u00bb][vc_column][vc_column_text css=\u00a0\u00bb.vc_custom_1722372746674{margin-bottom: 25px !important;}\u00a0\u00bb text_align=\u00a0\u00bbcenter\u00a0\u00bb]\n<h3>Si vous \u00eates d\u00e9j\u00e0 inscrit dans le syst\u00e8me, vous pouvez commencer \u00e0 faire vos achats d\u00e8s maintenant.<\/h3>\n[\/vc_column_text]<div class=\"theme-button-wrap textcenter wpex-clr\"><a href=\"https:\/\/app.sup-r-shop.com\/login.html\" class=\"vcex-button theme-button align-center inline\" target=\"_blank\" rel=\"noopener noreferrer\"><span class=\"vcex-button-inner theme-button-inner wpex-flex wpex-flex-wrap wpex-items-center wpex-justify-center\">Connexion \u00e0 Sup-R-Shop<\/span><\/a><\/div> [\/vc_column][\/vc_row][vc_section el_class=\u00a0\u00bboverlapping-columns\u00a0\u00bb][vc_row remove_bottom_col_margin=\u00a0\u00bbtrue\u00a0\u00bb el_class=\u00a0\u00bbimage-row\u00a0\u00bb][vc_column width=\u00a0\u00bb1\/2&Prime;]<figure class=\"vcex-image vcex-module\"><div class=\"vcex-image-inner wpex-relative wpex-w-100\"><img width=\"962\" height=\"638\" src=\"https:\/\/bakemark.com\/wp-content\/uploads\/2024\/07\/sup.jpg\" class=\"vcex-image-img wpex-align-middle wpex-w-100\" alt=\"\" loading=\"lazy\" decoding=\"async\" srcset=\"https:\/\/bakemark.com\/wp-content\/uploads\/2024\/07\/sup.jpg 962w, https:\/\/bakemark.com\/wp-content\/uploads\/2024\/07\/sup-300x199.jpg 300w, https:\/\/bakemark.com\/wp-content\/uploads\/2024\/07\/sup-768x509.jpg 768w\" sizes=\"auto, (max-width: 962px) 100vw, 962px\" \/><\/div><\/figure>[\/vc_column][\/vc_row][vc_row full_width=\u00a0\u00bbstretch_row\u00a0\u00bb remove_bottom_col_margin=\u00a0\u00bbtrue\u00a0\u00bb typography_style=\u00a0\u00bbwhite\u00a0\u00bb el_class=\u00a0\u00bbcontent-row\u00a0\u00bb][vc_column width=\u00a0\u00bb2\/3&Prime; offset=\u00a0\u00bbvc_col-sm-offset-4&Prime; css=\u00a0\u00bb.vc_custom_1722374710341{padding-top: 80px !important;padding-bottom: 80px !important;background-color: #982126 !important;background-position: 0 0 !important;background-repeat: repeat-x !important;}\u00a0\u00bb wpex_bg_position=\u00a0\u00bbleft bottom\u00a0\u00bb wpex_bg_size=\u00a0\u00bbauto 50px\u00a0\u00bb]<div class=\"vcex-spacing wpex-w-100 wpex-clear hidden-phone\" style=\"height:20px;\"><\/div>[vc_column_text css=\u00a0\u00bb.vc_custom_1722373672147{margin-bottom: 30px !important;}\u00a0\u00bb]\n<h2>Int\u00e9ress\u00e9 par Sup-R-Shop ?<\/h2>\n<p>Si vous n&rsquo;\u00eates pas encore inscrit dans le syst\u00e8me, vous pouvez nous contacter d\u00e8s aujourd&rsquo;hui pour commencer. Veuillez nous communiquer l&rsquo;adresse de votre boulangerie, votre adresse \u00e9lectronique et votre num\u00e9ro de client BakeMark.[\/vc_column_text]<a href=\"mailto:info&#114;m&#097;tion&#064;&#098;ak&#101;&#109;&#097;&#114;k.&#099;om?subjec&#116;&#061;&#083;&#117;&#112;&#045;&#082;-&#083;&#104;op%20&#100;e&#109;and&#101;&#032;d&#101;&#032;c&#111;mp&#116;&#101;\" class=\"vcex-button theme-button inline btnoncolor\"><span class=\"vcex-button-inner theme-button-inner wpex-flex wpex-flex-wrap wpex-items-center wpex-justify-center\">Demande de compte Sup-R-Shop <\/span><\/a> <div class=\"vcex-spacing wpex-w-100 wpex-clear hidden-phone\" style=\"height:20px;\"><\/div>[\/vc_column][\/vc_row][\/vc_section]\n<\/div>","protected":false},"excerpt":{"rendered":"<p>[vc_section css=\u00a0\u00bb.vc_custom_1722379354796{margin-bottom: 70px !important;}\u00a0\u00bb][vc_row full_width=\u00a0\u00bbstretch_row\u00a0\u00bb content_placement=\u00a0\u00bbbottom\u00a0\u00bb remove_bottom_col_margin=\u00a0\u00bbtrue\u00a0\u00bb typography_style=\u00a0\u00bbwhite\u00a0\u00bb css=\u00a0\u00bb.vc_custom_1721321913296{padding-top: 35px !important;padding-bottom: 20px !important;background-color: #982126 !important;}\u00a0\u00bb el_class=\u00a0\u00bbbanner-headline\u00a0\u00bb][vc_column width=\u00a0\u00bb1\/2&Prime; offset=\u00a0\u00bbvc_col-lg-5&Prime;][vc_column_text css=\u00a0\u00bb\u00a0\u00bb] Sup-R-Shop [\/vc_column_text][\/vc_column][\/vc_row][vc_row remove_bottom_col_margin=\u00a0\u00bbtrue\u00a0\u00bb css=\u00a0\u00bb.vc_custom_1721319595505{margin-top: 20px !important;}\u00a0\u00bb][vc_column width=\u00a0\u00bb1\/2&Prime;][vc_column_text css=\u00a0\u00bb.vc_custom_1722373319512{margin-bottom: 20px !important;}\u00a0\u00bb] Commande en ligne pratique [\/vc_column_text][vc_column_text css=\u00a0\u00bb\u00a0\u00bb el_class=\u00a0\u00bbbanner-subtext\u00a0\u00bb]Sup-R-Shop permet aux clients qualifi\u00e9s de BakeMark de consulter la plus vaste gamme de produits du secteur et d&rsquo;effectuer des&hellip;<\/p>\n","protected":false},"author":5,"featured_media":0,"parent":0,"menu_order":0,"comment_status":"closed","ping_status":"closed","template":"","meta":{"_acf_changed":false,"content-type":"","footnotes":""},"class_list":["post-5282","page","type-page","status-publish","hentry","entry","no-media"],"acf":[],"yoast_head":"<!-- This site is optimized with the Yoast SEO plugin v27.3 - https:\/\/yoast.com\/product\/yoast-seo-wordpress\/ -->\n<title>Sup-R-Shop | BakeMark<\/title>\n<meta name=\"robots\" content=\"index, follow, max-snippet:-1, max-image-preview:large, max-video-preview:-1\" \/>\n<link rel=\"canonical\" href=\"https:\/\/bakemark.com\/fr\/sup-r-shop\/\" \/>\n<meta property=\"og:locale\" content=\"fr_FR\" \/>\n<meta property=\"og:type\" content=\"article\" \/>\n<meta property=\"og:title\" content=\"Sup-R-Shop | BakeMark\" \/>\n<meta property=\"og:description\" content=\"[vc_section css=\u00a0\u00bb.vc_custom_1722379354796{margin-bottom: 70px !important;}\u00a0\u00bb][vc_row full_width=\u00a0\u00bbstretch_row\u00a0\u00bb content_placement=\u00a0\u00bbbottom\u00a0\u00bb remove_bottom_col_margin=\u00a0\u00bbtrue\u00a0\u00bb typography_style=\u00a0\u00bbwhite\u00a0\u00bb css=\u00a0\u00bb.vc_custom_1721321913296{padding-top: 35px !important;padding-bottom: 20px !important;background-color: #982126 !important;}\u00a0\u00bb el_class=\u00a0\u00bbbanner-headline\u00a0\u00bb][vc_column width=\u00a0\u00bb1\/2&Prime; offset=\u00a0\u00bbvc_col-lg-5&Prime;][vc_column_text css=\u00a0\u00bb\u00a0\u00bb] Sup-R-Shop [\/vc_column_text][\/vc_column][\/vc_row][vc_row remove_bottom_col_margin=\u00a0\u00bbtrue\u00a0\u00bb css=\u00a0\u00bb.vc_custom_1721319595505{margin-top: 20px !important;}\u00a0\u00bb][vc_column width=\u00a0\u00bb1\/2&Prime;][vc_column_text css=\u00a0\u00bb.vc_custom_1722373319512{margin-bottom: 20px !important;}\u00a0\u00bb] Commande en ligne pratique [\/vc_column_text][vc_column_text css=\u00a0\u00bb\u00a0\u00bb el_class=\u00a0\u00bbbanner-subtext\u00a0\u00bb]Sup-R-Shop permet aux clients qualifi\u00e9s de BakeMark de consulter la plus vaste gamme de produits du secteur et d&rsquo;effectuer des&hellip;\" \/>\n<meta property=\"og:url\" content=\"https:\/\/bakemark.com\/fr\/sup-r-shop\/\" \/>\n<meta property=\"og:site_name\" content=\"BakeMark\" \/>\n<meta property=\"article:modified_time\" content=\"2025-01-30T21:22:56+00:00\" \/>\n<meta name=\"twitter:card\" content=\"summary_large_image\" \/>\n<meta name=\"twitter:label1\" content=\"Est. reading time\" \/>\n\t<meta name=\"twitter:data1\" content=\"2 minutes\" \/>\n<script type=\"application\/ld+json\" class=\"yoast-schema-graph\">{\"@context\":\"https:\\\/\\\/schema.org\",\"@graph\":[{\"@type\":\"WebPage\",\"@id\":\"https:\\\/\\\/bakemark.com\\\/fr\\\/sup-r-shop\\\/\",\"url\":\"https:\\\/\\\/bakemark.com\\\/fr\\\/sup-r-shop\\\/\",\"name\":\"Sup-R-Shop | BakeMark\",\"isPartOf\":{\"@id\":\"https:\\\/\\\/bakemark.com\\\/fr\\\/#website\"},\"datePublished\":\"2024-07-12T18:04:58+00:00\",\"dateModified\":\"2025-01-30T21:22:56+00:00\",\"breadcrumb\":{\"@id\":\"https:\\\/\\\/bakemark.com\\\/fr\\\/sup-r-shop\\\/#breadcrumb\"},\"inLanguage\":\"fr-FR\",\"potentialAction\":[{\"@type\":\"ReadAction\",\"target\":[\"https:\\\/\\\/bakemark.com\\\/fr\\\/sup-r-shop\\\/\"]}]},{\"@type\":\"BreadcrumbList\",\"@id\":\"https:\\\/\\\/bakemark.com\\\/fr\\\/sup-r-shop\\\/#breadcrumb\",\"itemListElement\":[{\"@type\":\"ListItem\",\"position\":1,\"name\":\"Home\",\"item\":\"https:\\\/\\\/bakemark.com\\\/fr\\\/\"},{\"@type\":\"ListItem\",\"position\":2,\"name\":\"Sup-R-Shop\"}]},{\"@type\":\"WebSite\",\"@id\":\"https:\\\/\\\/bakemark.com\\\/fr\\\/#website\",\"url\":\"https:\\\/\\\/bakemark.com\\\/fr\\\/\",\"name\":\"BakeMark\",\"description\":\"\",\"publisher\":{\"@id\":\"https:\\\/\\\/bakemark.com\\\/fr\\\/#organization\"},\"potentialAction\":[{\"@type\":\"SearchAction\",\"target\":{\"@type\":\"EntryPoint\",\"urlTemplate\":\"https:\\\/\\\/bakemark.com\\\/fr\\\/?s={search_term_string}\"},\"query-input\":{\"@type\":\"PropertyValueSpecification\",\"valueRequired\":true,\"valueName\":\"search_term_string\"}}],\"inLanguage\":\"fr-FR\"},{\"@type\":\"Organization\",\"@id\":\"https:\\\/\\\/bakemark.com\\\/fr\\\/#organization\",\"name\":\"BakeMark\",\"url\":\"https:\\\/\\\/bakemark.com\\\/fr\\\/\",\"logo\":{\"@type\":\"ImageObject\",\"inLanguage\":\"fr-FR\",\"@id\":\"https:\\\/\\\/bakemark.com\\\/fr\\\/#\\\/schema\\\/logo\\\/image\\\/\",\"url\":\"https:\\\/\\\/bakemark.com\\\/wp-content\\\/uploads\\\/2024\\\/07\\\/bakemark-logo-wht.svg\",\"contentUrl\":\"https:\\\/\\\/bakemark.com\\\/wp-content\\\/uploads\\\/2024\\\/07\\\/bakemark-logo-wht.svg\",\"width\":233,\"height\":58,\"caption\":\"BakeMark\"},\"image\":{\"@id\":\"https:\\\/\\\/bakemark.com\\\/fr\\\/#\\\/schema\\\/logo\\\/image\\\/\"}}]}<\/script>\n<!-- \/ Yoast SEO plugin. -->","yoast_head_json":{"title":"Sup-R-Shop | BakeMark","robots":{"index":"index","follow":"follow","max-snippet":"max-snippet:-1","max-image-preview":"max-image-preview:large","max-video-preview":"max-video-preview:-1"},"canonical":"https:\/\/bakemark.com\/fr\/sup-r-shop\/","og_locale":"fr_FR","og_type":"article","og_title":"Sup-R-Shop | BakeMark","og_description":"[vc_section css=\u00a0\u00bb.vc_custom_1722379354796{margin-bottom: 70px !important;}\u00a0\u00bb][vc_row full_width=\u00a0\u00bbstretch_row\u00a0\u00bb content_placement=\u00a0\u00bbbottom\u00a0\u00bb remove_bottom_col_margin=\u00a0\u00bbtrue\u00a0\u00bb typography_style=\u00a0\u00bbwhite\u00a0\u00bb css=\u00a0\u00bb.vc_custom_1721321913296{padding-top: 35px !important;padding-bottom: 20px !important;background-color: #982126 !important;}\u00a0\u00bb el_class=\u00a0\u00bbbanner-headline\u00a0\u00bb][vc_column width=\u00a0\u00bb1\/2&Prime; offset=\u00a0\u00bbvc_col-lg-5&Prime;][vc_column_text css=\u00a0\u00bb\u00a0\u00bb] Sup-R-Shop [\/vc_column_text][\/vc_column][\/vc_row][vc_row remove_bottom_col_margin=\u00a0\u00bbtrue\u00a0\u00bb css=\u00a0\u00bb.vc_custom_1721319595505{margin-top: 20px !important;}\u00a0\u00bb][vc_column width=\u00a0\u00bb1\/2&Prime;][vc_column_text css=\u00a0\u00bb.vc_custom_1722373319512{margin-bottom: 20px !important;}\u00a0\u00bb] Commande en ligne pratique [\/vc_column_text][vc_column_text css=\u00a0\u00bb\u00a0\u00bb el_class=\u00a0\u00bbbanner-subtext\u00a0\u00bb]Sup-R-Shop permet aux clients qualifi\u00e9s de BakeMark de consulter la plus vaste gamme de produits du secteur et d&rsquo;effectuer des&hellip;","og_url":"https:\/\/bakemark.com\/fr\/sup-r-shop\/","og_site_name":"BakeMark","article_modified_time":"2025-01-30T21:22:56+00:00","twitter_card":"summary_large_image","twitter_misc":{"Est. reading time":"2 minutes"},"schema":{"@context":"https:\/\/schema.org","@graph":[{"@type":"WebPage","@id":"https:\/\/bakemark.com\/fr\/sup-r-shop\/","url":"https:\/\/bakemark.com\/fr\/sup-r-shop\/","name":"Sup-R-Shop | BakeMark","isPartOf":{"@id":"https:\/\/bakemark.com\/fr\/#website"},"datePublished":"2024-07-12T18:04:58+00:00","dateModified":"2025-01-30T21:22:56+00:00","breadcrumb":{"@id":"https:\/\/bakemark.com\/fr\/sup-r-shop\/#breadcrumb"},"inLanguage":"fr-FR","potentialAction":[{"@type":"ReadAction","target":["https:\/\/bakemark.com\/fr\/sup-r-shop\/"]}]},{"@type":"BreadcrumbList","@id":"https:\/\/bakemark.com\/fr\/sup-r-shop\/#breadcrumb","itemListElement":[{"@type":"ListItem","position":1,"name":"Home","item":"https:\/\/bakemark.com\/fr\/"},{"@type":"ListItem","position":2,"name":"Sup-R-Shop"}]},{"@type":"WebSite","@id":"https:\/\/bakemark.com\/fr\/#website","url":"https:\/\/bakemark.com\/fr\/","name":"BakeMark","description":"","publisher":{"@id":"https:\/\/bakemark.com\/fr\/#organization"},"potentialAction":[{"@type":"SearchAction","target":{"@type":"EntryPoint","urlTemplate":"https:\/\/bakemark.com\/fr\/?s={search_term_string}"},"query-input":{"@type":"PropertyValueSpecification","valueRequired":true,"valueName":"search_term_string"}}],"inLanguage":"fr-FR"},{"@type":"Organization","@id":"https:\/\/bakemark.com\/fr\/#organization","name":"BakeMark","url":"https:\/\/bakemark.com\/fr\/","logo":{"@type":"ImageObject","inLanguage":"fr-FR","@id":"https:\/\/bakemark.com\/fr\/#\/schema\/logo\/image\/","url":"https:\/\/bakemark.com\/wp-content\/uploads\/2024\/07\/bakemark-logo-wht.svg","contentUrl":"https:\/\/bakemark.com\/wp-content\/uploads\/2024\/07\/bakemark-logo-wht.svg","width":233,"height":58,"caption":"BakeMark"},"image":{"@id":"https:\/\/bakemark.com\/fr\/#\/schema\/logo\/image\/"}}]}},"_links":{"self":[{"href":"https:\/\/bakemark.com\/fr\/wp-json\/wp\/v2\/pages\/5282","targetHints":{"allow":["GET"]}}],"collection":[{"href":"https:\/\/bakemark.com\/fr\/wp-json\/wp\/v2\/pages"}],"about":[{"href":"https:\/\/bakemark.com\/fr\/wp-json\/wp\/v2\/types\/page"}],"author":[{"embeddable":true,"href":"https:\/\/bakemark.com\/fr\/wp-json\/wp\/v2\/users\/5"}],"replies":[{"embeddable":true,"href":"https:\/\/bakemark.com\/fr\/wp-json\/wp\/v2\/comments?post=5282"}],"version-history":[{"count":0,"href":"https:\/\/bakemark.com\/fr\/wp-json\/wp\/v2\/pages\/5282\/revisions"}],"wp:attachment":[{"href":"https:\/\/bakemark.com\/fr\/wp-json\/wp\/v2\/media?parent=5282"}],"curies":[{"name":"wp","href":"https:\/\/api.w.org\/{rel}","templated":true}]}}