{"id":7595,"date":"2026-04-01T15:53:31","date_gmt":"2026-04-01T20:53:31","guid":{"rendered":"https:\/\/bakemark.com\/?page_id=7595"},"modified":"2026-04-01T16:23:03","modified_gmt":"2026-04-01T21:23:03","slug":"recetas-frescas-e-inspiracion-para-cada-estacion-2-2-2-2","status":"publish","type":"page","link":"https:\/\/bakemark.com\/es\/recetas-frescas-e-inspiracion-para-cada-estacion-2-2-2-2\/","title":{"rendered":"D\u00edas deliciosos para la primavera de 2026"},"content":{"rendered":"<div class=\"wpb-content-wrapper\">[vc_section css=\u00bb.vc_custom_1722446760808{margin-bottom: 60px !important;}\u00bb][vc_row full_width=\u00bbstretch_row\u00bb content_placement=\u00bbbottom\u00bb remove_bottom_col_margin=\u00bbtrue\u00bb typography_style=\u00bbwhite\u00bb css=\u00bb.vc_custom_1721321913296{padding-top: 35px !important;padding-bottom: 20px !important;background-color: #982126 !important;}\u00bb el_class=\u00bbbanner-headline\u00bb][vc_column width=\u00bb1\/2&#8243; offset=\u00bbvc_col-lg-5&#8243;][vc_column_text css=\u00bb\u00bb]\n<h1>Convierte los momentos primaverales en dulces \u00e9xitos<\/h1>\n[\/vc_column_text][vc_column_text css=\u00bb\u00bb]\n<h3>Primavera 2026<\/h3>\n[\/vc_column_text][\/vc_column][\/vc_row][vc_row remove_bottom_col_margin=\u00bbtrue\u00bb css=\u00bb.vc_custom_1721319595505{margin-top: 20px !important;}\u00bb][vc_column width=\u00bb1\/2&#8243;][vc_column_text css=\u00bb\u00bb el_class=\u00bbbanner-subtext\u00bb]A medida que abril, mayo y junio se despliegan, tambi\u00e9n lo hacen las nuevas oportunidades para deleitar a los consumidores. Desde los platos favoritos inspirados en la primavera y las celebraciones del D\u00eda de la Madre hasta las delicias atemporales como el D\u00eda Nacional del Donut, BakeMark tiene los productos, la inspiraci\u00f3n y las soluciones para ayudarte a convertir cada horneado en un momento memorable.[\/vc_column_text]<div class=\"vcex-spacing wpex-w-100 wpex-clear hidden-phone\" style=\"height:15px;\"><\/div><a href=\"https:\/\/bakemark.com\/wp-content\/uploads\/2026\/04\/Q2Brochure.pdf\" class=\"vcex-button theme-button inline\" target=\"_blank\" rel=\"noopener noreferrer\"><span class=\"vcex-button-inner theme-button-inner wpex-flex wpex-flex-wrap wpex-items-center wpex-justify-center\">Descargar la Gu\u00eda de Vacaciones en EE.UU.<\/span><\/a> <div class=\"vcex-spacing wpex-w-100 wpex-clear hidden-phone\" style=\"height:5px;\"><\/div><a href=\"https:\/\/bakemark.com\/wp-content\/uploads\/2026\/04\/Q2Brochure2026_BIL_V8_HiRes_No-Bleed.pdf\" class=\"vcex-button theme-button inline\" target=\"_blank\" rel=\"noopener noreferrer\"><span class=\"vcex-button-inner theme-button-inner wpex-flex wpex-flex-wrap wpex-items-center wpex-justify-center\">Descargar La Gu\u00eda de Vacaciones en Canad\u00e1<\/span><\/a> [\/vc_column][\/vc_row][vc_row full_width=\u00bbstretch_row_content_no_spaces\u00bb remove_bottom_col_margin=\u00bbtrue\u00bb el_class=\u00bbbanner-image\u00bb][vc_column width=\u00bb1\/2&#8243; offset=\u00bbvc_col-sm-offset-6&#8243;]<div class=\"vcex-spacing wpex-w-100 wpex-clear visible-phone\" style=\"height:30px;\"><\/div><figure class=\"vcex-image vcex-module\"><div class=\"vcex-image-inner wpex-relative wpex-inline-block\"><img width=\"5311\" height=\"7962\" src=\"https:\/\/bakemark.com\/wp-content\/uploads\/2026\/03\/LifestyleSpringCupcakes_BrochureCover21-e1773851466625.jpg\" class=\"vcex-image-img wpex-align-middle\" alt=\"\" loading=\"lazy\" decoding=\"async\" \/><\/div><\/figure>[\/vc_column][\/vc_row][\/vc_section][vc_section el_class=\u00bboverlapping-columns\u00bb css=\u00bb.vc_custom_1722450880955{margin-bottom: 40px !important;}\u00bb][vc_row remove_bottom_col_margin=\u00bbtrue\u00bb el_class=\u00bbimage-row\u00bb][vc_column width=\u00bb1\/2&#8243;]<figure class=\"vcex-image vcex-module\"><div class=\"vcex-image-inner wpex-relative wpex-w-100\"><img width=\"7951\" height=\"5304\" src=\"https:\/\/bakemark.com\/wp-content\/uploads\/2026\/04\/LifestyleSpringCupcake_Topping34-1.jpg\" class=\"vcex-image-img wpex-align-middle wpex-w-100\" alt=\"\" loading=\"lazy\" decoding=\"async\" srcset=\"https:\/\/bakemark.com\/wp-content\/uploads\/2026\/04\/LifestyleSpringCupcake_Topping34-1.jpg 7951w, https:\/\/bakemark.com\/wp-content\/uploads\/2026\/04\/LifestyleSpringCupcake_Topping34-1-300x200.jpg 300w, https:\/\/bakemark.com\/wp-content\/uploads\/2026\/04\/LifestyleSpringCupcake_Topping34-1-1024x683.jpg 1024w, https:\/\/bakemark.com\/wp-content\/uploads\/2026\/04\/LifestyleSpringCupcake_Topping34-1-768x512.jpg 768w, https:\/\/bakemark.com\/wp-content\/uploads\/2026\/04\/LifestyleSpringCupcake_Topping34-1-1536x1025.jpg 1536w, https:\/\/bakemark.com\/wp-content\/uploads\/2026\/04\/LifestyleSpringCupcake_Topping34-1-2048x1366.jpg 2048w\" sizes=\"auto, (max-width: 7951px) 100vw, 7951px\" \/><\/div><\/figure>[\/vc_column][\/vc_row][vc_row full_width=\u00bbstretch_row\u00bb remove_bottom_col_margin=\u00bbtrue\u00bb el_class=\u00bbcontent-row\u00bb][vc_column width=\u00bb2\/3&#8243; offset=\u00bbvc_col-sm-offset-4&#8243; css=\u00bb.vc_custom_1767139734478{padding-top: 25px !important;padding-bottom: 25px !important;background-color: #f5f0e4 !important;background-position: 0 0 !important;background-repeat: repeat-x !important;}\u00bb wpex_bg_position=\u00bbleft bottom\u00bb wpex_bg_size=\u00bbauto 50px\u00bb]<div class=\"vcex-spacing wpex-w-100 wpex-clear hidden-phone\" style=\"height:20px;\"><\/div>[vc_column_text css=\u00bb.vc_custom_1775066051768{margin-bottom: 20px !important;}\u00bb color=\u00bbpalette-86&#8243; bottom_margin=\u00bb10px\u00bb]\n<h2>Abril &#8211; Primavera en Dulce Celebraci\u00f3n<\/h2>\n[\/vc_column_text][vc_column_text css=\u00bb.vc_custom_1775066332719{margin-bottom: 15px !important;}\u00bb bottom_margin=\u00bb5px\u00bb]<strong>1 de abril <\/strong> D\u00eda Nacional del Pan de Masa Madre[\/vc_column_text][vc_column_text css=\u00bb.vc_custom_1775066413487{margin-bottom: 15px !important;}\u00bb bottom_margin=\u00bb5px\u00bb color=\u00bb#da207a\u00bb]<strong>5 de abril<\/strong> Pascua[\/vc_column_text][vc_column_text css=\u00bb.vc_custom_1775066455071{margin-bottom: 15px !important;}\u00bb bottom_margin=\u00bb5px\u00bb]<strong>7 de abril<\/strong> D\u00eda Nacional de la Tarta de Caf\u00e9[\/vc_column_text][vc_column_text css=\u00bb.vc_custom_1775066476521{margin-bottom: 15px !important;}\u00bb bottom_margin=\u00bb5px\u00bb]<strong>28 de abril<\/strong> D\u00eda Nacional del Pastel de Ar\u00e1ndanos[\/vc_column_text][vc_column_text css=\u00bb.vc_custom_1775066494367{margin-bottom: 15px !important;}\u00bb bottom_margin=\u00bb5px\u00bb]<strong>30 de abril<\/strong> D\u00eda Nacional de la Galleta de Avena[\/vc_column_text][\/vc_column][\/vc_row][\/vc_section][vc_section el_class=\u00bboverlapping-columns\u00bb css=\u00bb.vc_custom_1760047234337{margin-bottom: 40px !important;}\u00bb][vc_row remove_bottom_col_margin=\u00bbtrue\u00bb el_class=\u00bbimage-row\u00bb][vc_column width=\u00bb1\/2&#8243; offset=\u00bbvc_col-sm-offset-6&#8243;]<figure class=\"vcex-image vcex-module\"><div class=\"vcex-image-inner wpex-relative wpex-w-100\"><img width=\"7951\" height=\"5304\" src=\"https:\/\/bakemark.com\/wp-content\/uploads\/2026\/04\/CoconutCremeDonut_Open1.jpg\" class=\"vcex-image-img wpex-align-middle wpex-w-100\" alt=\"\" loading=\"lazy\" decoding=\"async\" srcset=\"https:\/\/bakemark.com\/wp-content\/uploads\/2026\/04\/CoconutCremeDonut_Open1.jpg 7951w, https:\/\/bakemark.com\/wp-content\/uploads\/2026\/04\/CoconutCremeDonut_Open1-300x200.jpg 300w, https:\/\/bakemark.com\/wp-content\/uploads\/2026\/04\/CoconutCremeDonut_Open1-1024x683.jpg 1024w, https:\/\/bakemark.com\/wp-content\/uploads\/2026\/04\/CoconutCremeDonut_Open1-768x512.jpg 768w, https:\/\/bakemark.com\/wp-content\/uploads\/2026\/04\/CoconutCremeDonut_Open1-1536x1025.jpg 1536w, https:\/\/bakemark.com\/wp-content\/uploads\/2026\/04\/CoconutCremeDonut_Open1-2048x1366.jpg 2048w\" sizes=\"auto, (max-width: 7951px) 100vw, 7951px\" \/><\/div><\/figure>[\/vc_column][\/vc_row][vc_row full_width=\u00bbstretch_row\u00bb remove_bottom_col_margin=\u00bbtrue\u00bb el_class=\u00bbcontent-row\u00bb][vc_column width=\u00bb2\/3&#8243; css=\u00bb.vc_custom_1767139785622{padding-top: 25px !important;padding-bottom: 25px !important;background-color: #f5f0e4 !important;background-position: 0 0 !important;background-repeat: repeat-x !important;}\u00bb wpex_bg_position=\u00bbleft bottom\u00bb wpex_bg_size=\u00bbauto 50px\u00bb]<div class=\"vcex-spacing wpex-w-100 wpex-clear hidden-phone\" style=\"height:20px;\"><\/div>[vc_column_text css=\u00bb.vc_custom_1775066575395{margin-bottom: 20px !important;}\u00bb color=\u00bbpalette-86&#8243; bottom_margin=\u00bb10px\u00bb]\n<h2>Mayo &#8211; Celebra a mam\u00e1 en cada bocado<\/h2>\n[\/vc_column_text][vc_column_text css=\u00bb.vc_custom_1775066597359{margin-bottom: 15px !important;}\u00bb bottom_margin=\u00bb5px\u00bb]<b>5 de mayo <\/b>Cinco de Mayo[\/vc_column_text][vc_column_text css=\u00bb.vc_custom_1775066652179{margin-bottom: 15px !important;}\u00bb bottom_margin=\u00bb5px\u00bb color=\u00bb#da207a\u00bb]<strong>8 de mayo<\/strong> D\u00eda Nacional de la Tarta de Crema de Coco[\/vc_column_text][vc_column_text css=\u00bb.vc_custom_1775066681883{margin-bottom: 15px !important;}\u00bb bottom_margin=\u00bb5px\u00bb color=\u00bb#da207a\u00bb]<strong>10 de mayo<\/strong> D\u00eda de la Madre[\/vc_column_text][vc_column_text css=\u00bb.vc_custom_1775066706738{margin-bottom: 15px !important;}\u00bb bottom_margin=\u00bb5px\u00bb]<strong>13 de mayo<\/strong> D\u00eda Nacional de la Tarta de Manzana[\/vc_column_text][vc_column_text css=\u00bb.vc_custom_1775066725159{margin-bottom: 15px !important;}\u00bb bottom_margin=\u00bb5px\u00bb]<strong>19 de mayo<\/strong> D\u00eda Nacional de la Tarta del Diablo[\/vc_column_text]<div class=\"vcex-spacing wpex-w-100 wpex-clear hidden-phone\" style=\"height:20px;\"><\/div>[\/vc_column][\/vc_row][\/vc_section][vc_section el_class=\u00bboverlapping-columns\u00bb css=\u00bb.vc_custom_1760047019229{margin-bottom: 40px !important;}\u00bb][vc_row remove_bottom_col_margin=\u00bbtrue\u00bb el_class=\u00bbimage-row\u00bb][vc_column width=\u00bb1\/2&#8243;]<figure class=\"vcex-image vcex-module\"><div class=\"vcex-image-inner wpex-relative wpex-w-100\"><img width=\"1536\" height=\"1024\" src=\"https:\/\/bakemark.com\/wp-content\/uploads\/2026\/04\/ChatGPT-Image-Apr-1-2026-02_21_32-PM.png\" class=\"vcex-image-img wpex-align-middle wpex-w-100\" alt=\"\" loading=\"lazy\" decoding=\"async\" srcset=\"https:\/\/bakemark.com\/wp-content\/uploads\/2026\/04\/ChatGPT-Image-Apr-1-2026-02_21_32-PM.png 1536w, https:\/\/bakemark.com\/wp-content\/uploads\/2026\/04\/ChatGPT-Image-Apr-1-2026-02_21_32-PM-300x200.png 300w, https:\/\/bakemark.com\/wp-content\/uploads\/2026\/04\/ChatGPT-Image-Apr-1-2026-02_21_32-PM-1024x683.png 1024w, https:\/\/bakemark.com\/wp-content\/uploads\/2026\/04\/ChatGPT-Image-Apr-1-2026-02_21_32-PM-768x512.png 768w\" sizes=\"auto, (max-width: 1536px) 100vw, 1536px\" \/><\/div><\/figure>[\/vc_column][\/vc_row][vc_row full_width=\u00bbstretch_row\u00bb remove_bottom_col_margin=\u00bbtrue\u00bb el_class=\u00bbcontent-row\u00bb][vc_column width=\u00bb2\/3&#8243; offset=\u00bbvc_col-sm-offset-4&#8243; css=\u00bb.vc_custom_1767139972169{padding-top: 25px !important;padding-bottom: 25px !important;background-color: #f5f0e4 !important;background-position: 0 0 !important;background-repeat: repeat-x !important;}\u00bb wpex_bg_position=\u00bbleft bottom\u00bb wpex_bg_size=\u00bbauto 50px\u00bb]<div class=\"vcex-spacing wpex-w-100 wpex-clear hidden-phone\" style=\"height:20px;\"><\/div>[vc_column_text css=\u00bb.vc_custom_1775067498475{margin-bottom: 20px !important;}\u00bb color=\u00bbpalette-86&#8243; bottom_margin=\u00bb10px\u00bb]\n<h2>Junio &#8211; Un lote de golosinas atemporales<\/h2>\n[\/vc_column_text][vc_column_text css=\u00bb.vc_custom_1775076731435{margin-bottom: 15px !important;}\u00bb bottom_margin=\u00bb5px\u00bb color=\u00bb#da207a\u00bb]<strong>5 de junio<\/strong> D\u00eda Nacional del Donut[\/vc_column_text][vc_column_text css=\u00bb.vc_custom_1775076755839{margin-bottom: 15px !important;}\u00bb bottom_margin=\u00bb5px\u00bb]<strong>12 de junio<\/strong> D\u00eda Nacional de la Galleta de Mantequilla de Cacahuete[\/vc_column_text][vc_column_text css=\u00bb.vc_custom_1775076781542{margin-bottom: 15px !important;}\u00bb bottom_margin=\u00bb5px\u00bb]<strong>13 de junio <\/strong> D\u00eda Nacional de los Amantes de las Magdalenas[\/vc_column_text][vc_column_text css=\u00bb.vc_custom_1775076795146{margin-bottom: 15px !important;}\u00bb bottom_margin=\u00bb5px\u00bb color=\u00bb#e23b3f\u00bb]<strong>21 de junio<\/strong> D\u00eda del Padre[\/vc_column_text][\/vc_column][\/vc_row][\/vc_section][vc_row][vc_column]<style>.vcex-heading.vcex_69e8d8a87174c{color:#982126;}<\/style><div class=\"vcex-heading vcex-heading-plain vcex-module wpex-h3 wpex-text-center vcex_69e8d8a87174c\"><span class=\"vcex-heading-inner wpex-inline-block\">Explora la Innovaci\u00f3n de A\u00f1o Nuevo<\/span><\/div>[vc_column_text css=\u00bb\u00bb]\n<p style=\"text-align: center;\">Echa un vistazo a recetas con sabores frescos, colores vibrantes y gustos sorprendentes que alegran la estaci\u00f3n con cada bocado.<\/p>\n[\/vc_column_text][\/vc_column][\/vc_row][vc_row][vc_column][vc_column_text css=\u00bb\u00bb]\n<p style=\"text-align: center;\">\u00a1Explora todas las recetas que pueden ayudar a tu panader\u00eda a crecer y prosperar!<\/p>\n[\/vc_column_text][\/vc_column][\/vc_row][vc_row][vc_column]<div class=\"theme-button-wrap textcenter wpex-clr\"><a href=\"https:\/\/bakemark.com\/recipes\/\" class=\"vcex-button theme-button align-center inline\"><span class=\"vcex-button-inner theme-button-inner wpex-flex wpex-flex-wrap wpex-items-center wpex-justify-center\">DESCUBRE M\u00c1S<\/span><\/a><\/div> [\/vc_column][\/vc_row][vc_row][vc_column][\/vc_column][\/vc_row][vc_row][vc_column]<div class=\"wpex-template-shortcode\"><style type=\"text\/css\" data-type=\"vc_shortcodes-custom-css\">.vc_custom_1721317701030{background: #982126 url(https:\/\/bakemark.com\/wp-content\/uploads\/2024\/07\/bakemark-border.svg?id=340) !important;background-position: 0 0 !important;background-repeat: repeat-x !important;}.vc_custom_1720105893517{margin-bottom: 0px !important;}<\/style><div class=\"vc_section bigbrow vc_custom_1721317701030 wpex-vc-full-width-section wpex-vc-full-width-section--centered wpex-relative wpex-vc_section-has-fill wpex-vc_section-mx-0\" style=\"background-position:bottom left!important;background-size:auto 50px!important;\"><div class=\"vc_row wpb_row vc_row-fluid vc_row-o-content-middle vc_row-flex wpex-relative wpex-vc_row-col-mb-0 typography-white\"><div class=\"wpb_column vc_column_container vc_col-sm-2\"><div class=\"vc_column-inner vc_custom_1720105893517\"><div class=\"wpb_wrapper\"><\/div><\/div><\/div><div class=\"wpb_column vc_column_container vc_col-sm-8\"><div class=\"vc_column-inner\"><div class=\"wpb_wrapper\"><div class=\"vcex-spacing wpex-w-100 wpex-clear\"><\/div>\n\t<div class=\"wpb_text_column wpb_content_element\" >\n\t\t<div class=\"wpb_wrapper\">\n\t\t\t<h2 style=\"text-align: center\">\u00bfTienes preguntas? Estamos a tu disposici\u00f3n <\/h2>\n<p style=\"text-align: center\">\u00bfNecesitas m\u00e1s informaci\u00f3n sobre productos o soluciones? \u00bfEst\u00e1s listo para iniciar una conversaci\u00f3n? Un representante de BakeMark responder\u00e1 r\u00e1pidamente a tu mensaje.  <\/p>\n\n\t\t<\/div>\n\t<\/div>\n<div class=\"vcex-spacing wpex-w-100 wpex-clear\"><\/div><div class=\"theme-button-wrap textcenter wpex-clr\"><a href=\"https:\/\/bakemark.com\/es\/contacta-con-nosotros\/\" class=\"vcex-button theme-button align-center inline btnoncolor\"><span class=\"vcex-button-inner theme-button-inner wpex-flex wpex-flex-wrap wpex-items-center wpex-justify-center\">Contacta con nosotros<\/span><\/a><\/div> \t<style>.vcex_69e8d8a877fd3{height:70px;}@media (max-width:767px){.vcex_69e8d8a877fd3{height:80px;}}<\/style>\n<div class=\"vcex-spacing wpex-w-100 wpex-clear vcex_69e8d8a877fd3\"><\/div><\/div><\/div><\/div><div class=\"wpb_column vc_column_container vc_col-sm-2\"><div class=\"vc_column-inner\"><div class=\"wpb_wrapper\"><\/div><\/div><\/div><\/div><\/div>\n<\/div>[\/vc_column][\/vc_row]\n<\/div>","protected":false},"excerpt":{"rendered":"Convierte los momentos primaverales en dulces \u00e9xitos Primavera 2026 A medida que abril, mayo y junio se despliegan, tambi\u00e9n lo hacen las nuevas oportunidades para deleitar a los consumidores. Desde los platos favoritos inspirados en la primavera y las celebraciones del D\u00eda de la Madre hasta las delicias atemporales como el D\u00eda Nacional del Donut,&hellip;","protected":false},"author":11,"featured_media":0,"parent":0,"menu_order":0,"comment_status":"closed","ping_status":"closed","template":"","meta":{"_acf_changed":false,"content-type":"","footnotes":""},"class_list":["post-7595","page","type-page","status-publish","hentry","entry","no-media"],"acf":[],"yoast_head":"<!-- This site is optimized with the Yoast SEO plugin v27.4 - https:\/\/yoast.com\/product\/yoast-seo-wordpress\/ -->\n<title>D\u00edas deliciosos para la primavera de 2026 - BakeMark<\/title>\n<meta name=\"description\" content=\"Impulsa el \u00e9xito de tu Q1 con apetitosos productos de panader\u00eda. Descubre c\u00f3mo BakeMark apoya tu negocio con productos innovadores e inspiraci\u00f3n.\" \/>\n<meta name=\"robots\" content=\"index, follow, max-snippet:-1, max-image-preview:large, max-video-preview:-1\" \/>\n<link rel=\"canonical\" href=\"https:\/\/bakemark.com\/es\/recetas-frescas-e-inspiracion-para-cada-estacion-2-2-2-2\/\" \/>\n<meta property=\"og:locale\" content=\"es_ES\" \/>\n<meta property=\"og:type\" content=\"article\" \/>\n<meta property=\"og:title\" content=\"D\u00edas deliciosos para la primavera de 2026 - BakeMark\" \/>\n<meta property=\"og:description\" content=\"Impulsa el \u00e9xito de tu Q1 con apetitosos productos de panader\u00eda. Descubre c\u00f3mo BakeMark apoya tu negocio con productos innovadores e inspiraci\u00f3n.\" \/>\n<meta property=\"og:url\" content=\"https:\/\/bakemark.com\/es\/recetas-frescas-e-inspiracion-para-cada-estacion-2-2-2-2\/\" \/>\n<meta property=\"og:site_name\" content=\"BakeMark\" \/>\n<meta property=\"article:modified_time\" content=\"2026-04-01T21:23:03+00:00\" \/>\n<meta name=\"twitter:card\" content=\"summary_large_image\" \/>\n<meta name=\"twitter:label1\" content=\"Est. reading time\" \/>\n\t<meta name=\"twitter:data1\" content=\"6 minutos\" \/>\n<script type=\"application\/ld+json\" class=\"yoast-schema-graph\">{\"@context\":\"https:\\\/\\\/schema.org\",\"@graph\":[{\"@type\":\"WebPage\",\"@id\":\"https:\\\/\\\/bakemark.com\\\/es\\\/recetas-frescas-e-inspiracion-para-cada-estacion-2-2-2-2\\\/\",\"url\":\"https:\\\/\\\/bakemark.com\\\/es\\\/recetas-frescas-e-inspiracion-para-cada-estacion-2-2-2-2\\\/\",\"name\":\"D\u00edas deliciosos para la primavera de 2026 - BakeMark\",\"isPartOf\":{\"@id\":\"https:\\\/\\\/bakemark.com\\\/es\\\/#website\"},\"datePublished\":\"2026-04-01T20:53:31+00:00\",\"dateModified\":\"2026-04-01T21:23:03+00:00\",\"description\":\"Impulsa el \u00e9xito de tu Q1 con apetitosos productos de panader\u00eda. Descubre c\u00f3mo BakeMark apoya tu negocio con productos innovadores e inspiraci\u00f3n.\",\"breadcrumb\":{\"@id\":\"https:\\\/\\\/bakemark.com\\\/es\\\/recetas-frescas-e-inspiracion-para-cada-estacion-2-2-2-2\\\/#breadcrumb\"},\"inLanguage\":\"es\",\"potentialAction\":[{\"@type\":\"ReadAction\",\"target\":[\"https:\\\/\\\/bakemark.com\\\/es\\\/recetas-frescas-e-inspiracion-para-cada-estacion-2-2-2-2\\\/\"]}]},{\"@type\":\"BreadcrumbList\",\"@id\":\"https:\\\/\\\/bakemark.com\\\/es\\\/recetas-frescas-e-inspiracion-para-cada-estacion-2-2-2-2\\\/#breadcrumb\",\"itemListElement\":[{\"@type\":\"ListItem\",\"position\":1,\"name\":\"Home\",\"item\":\"https:\\\/\\\/bakemark.com\\\/es\\\/\"},{\"@type\":\"ListItem\",\"position\":2,\"name\":\"D\u00edas deliciosos para la primavera de 2026\"}]},{\"@type\":\"WebSite\",\"@id\":\"https:\\\/\\\/bakemark.com\\\/es\\\/#website\",\"url\":\"https:\\\/\\\/bakemark.com\\\/es\\\/\",\"name\":\"BakeMark\",\"description\":\"\",\"publisher\":{\"@id\":\"https:\\\/\\\/bakemark.com\\\/es\\\/#organization\"},\"potentialAction\":[{\"@type\":\"SearchAction\",\"target\":{\"@type\":\"EntryPoint\",\"urlTemplate\":\"https:\\\/\\\/bakemark.com\\\/es\\\/?s={search_term_string}\"},\"query-input\":{\"@type\":\"PropertyValueSpecification\",\"valueRequired\":true,\"valueName\":\"search_term_string\"}}],\"inLanguage\":\"es\"},{\"@type\":\"Organization\",\"@id\":\"https:\\\/\\\/bakemark.com\\\/es\\\/#organization\",\"name\":\"BakeMark\",\"url\":\"https:\\\/\\\/bakemark.com\\\/es\\\/\",\"logo\":{\"@type\":\"ImageObject\",\"inLanguage\":\"es\",\"@id\":\"https:\\\/\\\/bakemark.com\\\/es\\\/#\\\/schema\\\/logo\\\/image\\\/\",\"url\":\"https:\\\/\\\/bakemark.com\\\/wp-content\\\/uploads\\\/2024\\\/07\\\/bakemark-logo-wht.svg\",\"contentUrl\":\"https:\\\/\\\/bakemark.com\\\/wp-content\\\/uploads\\\/2024\\\/07\\\/bakemark-logo-wht.svg\",\"width\":233,\"height\":58,\"caption\":\"BakeMark\"},\"image\":{\"@id\":\"https:\\\/\\\/bakemark.com\\\/es\\\/#\\\/schema\\\/logo\\\/image\\\/\"}}]}<\/script>\n<!-- \/ Yoast SEO plugin. -->","yoast_head_json":{"title":"D\u00edas deliciosos para la primavera de 2026 - BakeMark","description":"Impulsa el \u00e9xito de tu Q1 con apetitosos productos de panader\u00eda. Descubre c\u00f3mo BakeMark apoya tu negocio con productos innovadores e inspiraci\u00f3n.","robots":{"index":"index","follow":"follow","max-snippet":"max-snippet:-1","max-image-preview":"max-image-preview:large","max-video-preview":"max-video-preview:-1"},"canonical":"https:\/\/bakemark.com\/es\/recetas-frescas-e-inspiracion-para-cada-estacion-2-2-2-2\/","og_locale":"es_ES","og_type":"article","og_title":"D\u00edas deliciosos para la primavera de 2026 - BakeMark","og_description":"Impulsa el \u00e9xito de tu Q1 con apetitosos productos de panader\u00eda. Descubre c\u00f3mo BakeMark apoya tu negocio con productos innovadores e inspiraci\u00f3n.","og_url":"https:\/\/bakemark.com\/es\/recetas-frescas-e-inspiracion-para-cada-estacion-2-2-2-2\/","og_site_name":"BakeMark","article_modified_time":"2026-04-01T21:23:03+00:00","twitter_card":"summary_large_image","twitter_misc":{"Est. reading time":"6 minutos"},"schema":{"@context":"https:\/\/schema.org","@graph":[{"@type":"WebPage","@id":"https:\/\/bakemark.com\/es\/recetas-frescas-e-inspiracion-para-cada-estacion-2-2-2-2\/","url":"https:\/\/bakemark.com\/es\/recetas-frescas-e-inspiracion-para-cada-estacion-2-2-2-2\/","name":"D\u00edas deliciosos para la primavera de 2026 - BakeMark","isPartOf":{"@id":"https:\/\/bakemark.com\/es\/#website"},"datePublished":"2026-04-01T20:53:31+00:00","dateModified":"2026-04-01T21:23:03+00:00","description":"Impulsa el \u00e9xito de tu Q1 con apetitosos productos de panader\u00eda. Descubre c\u00f3mo BakeMark apoya tu negocio con productos innovadores e inspiraci\u00f3n.","breadcrumb":{"@id":"https:\/\/bakemark.com\/es\/recetas-frescas-e-inspiracion-para-cada-estacion-2-2-2-2\/#breadcrumb"},"inLanguage":"es","potentialAction":[{"@type":"ReadAction","target":["https:\/\/bakemark.com\/es\/recetas-frescas-e-inspiracion-para-cada-estacion-2-2-2-2\/"]}]},{"@type":"BreadcrumbList","@id":"https:\/\/bakemark.com\/es\/recetas-frescas-e-inspiracion-para-cada-estacion-2-2-2-2\/#breadcrumb","itemListElement":[{"@type":"ListItem","position":1,"name":"Home","item":"https:\/\/bakemark.com\/es\/"},{"@type":"ListItem","position":2,"name":"D\u00edas deliciosos para la primavera de 2026"}]},{"@type":"WebSite","@id":"https:\/\/bakemark.com\/es\/#website","url":"https:\/\/bakemark.com\/es\/","name":"BakeMark","description":"","publisher":{"@id":"https:\/\/bakemark.com\/es\/#organization"},"potentialAction":[{"@type":"SearchAction","target":{"@type":"EntryPoint","urlTemplate":"https:\/\/bakemark.com\/es\/?s={search_term_string}"},"query-input":{"@type":"PropertyValueSpecification","valueRequired":true,"valueName":"search_term_string"}}],"inLanguage":"es"},{"@type":"Organization","@id":"https:\/\/bakemark.com\/es\/#organization","name":"BakeMark","url":"https:\/\/bakemark.com\/es\/","logo":{"@type":"ImageObject","inLanguage":"es","@id":"https:\/\/bakemark.com\/es\/#\/schema\/logo\/image\/","url":"https:\/\/bakemark.com\/wp-content\/uploads\/2024\/07\/bakemark-logo-wht.svg","contentUrl":"https:\/\/bakemark.com\/wp-content\/uploads\/2024\/07\/bakemark-logo-wht.svg","width":233,"height":58,"caption":"BakeMark"},"image":{"@id":"https:\/\/bakemark.com\/es\/#\/schema\/logo\/image\/"}}]}},"_links":{"self":[{"href":"https:\/\/bakemark.com\/es\/wp-json\/wp\/v2\/pages\/7595","targetHints":{"allow":["GET"]}}],"collection":[{"href":"https:\/\/bakemark.com\/es\/wp-json\/wp\/v2\/pages"}],"about":[{"href":"https:\/\/bakemark.com\/es\/wp-json\/wp\/v2\/types\/page"}],"author":[{"embeddable":true,"href":"https:\/\/bakemark.com\/es\/wp-json\/wp\/v2\/users\/11"}],"replies":[{"embeddable":true,"href":"https:\/\/bakemark.com\/es\/wp-json\/wp\/v2\/comments?post=7595"}],"version-history":[{"count":0,"href":"https:\/\/bakemark.com\/es\/wp-json\/wp\/v2\/pages\/7595\/revisions"}],"wp:attachment":[{"href":"https:\/\/bakemark.com\/es\/wp-json\/wp\/v2\/media?parent=7595"}],"curies":[{"name":"wp","href":"https:\/\/api.w.org\/{rel}","templated":true}]}}