{"id":7500,"date":"2026-03-31T14:29:58","date_gmt":"2026-03-31T19:29:58","guid":{"rendered":"https:\/\/bakemark.com\/?page_id=7500"},"modified":"2026-04-22T14:12:47","modified_gmt":"2026-04-22T19:12:47","slug":"dia-nacional-del-donut-2025-2","status":"publish","type":"page","link":"https:\/\/bakemark.com\/es\/dia-nacional-del-donut-2025-2\/","title":{"rendered":"D\u00eda Nacional del Donut 2026"},"content":{"rendered":"<div class=\"wpb-content-wrapper\">[vc_row full_width=\u00bbstretch_row\u00bb content_placement=\u00bbmiddle\u00bb css=\u00bb.vc_custom_1775589661821{background-image: url(https:\/\/bakemark.com\/wp-content\/uploads\/2026\/04\/MarbleSurface_LightenedMORE-scaled.jpg?id=7680) !important;}\u00bb][vc_column]<figure class=\"vcex-image vcex-module\"><div class=\"vcex-image-inner wpex-relative wpex-inline-block\"><img width=\"2560\" height=\"902\" src=\"https:\/\/bakemark.com\/wp-content\/uploads\/2026\/04\/Header-Lockup-scaled.png\" class=\"vcex-image-img wpex-align-middle\" alt=\"\" loading=\"lazy\" decoding=\"async\" srcset=\"https:\/\/bakemark.com\/wp-content\/uploads\/2026\/04\/Header-Lockup-scaled.png 2560w, https:\/\/bakemark.com\/wp-content\/uploads\/2026\/04\/Header-Lockup-300x106.png 300w, https:\/\/bakemark.com\/wp-content\/uploads\/2026\/04\/Header-Lockup-1024x361.png 1024w, https:\/\/bakemark.com\/wp-content\/uploads\/2026\/04\/Header-Lockup-768x271.png 768w, https:\/\/bakemark.com\/wp-content\/uploads\/2026\/04\/Header-Lockup-1536x541.png 1536w, https:\/\/bakemark.com\/wp-content\/uploads\/2026\/04\/Header-Lockup-2048x722.png 2048w\" sizes=\"auto, (max-width: 2560px) 100vw, 2560px\" \/><\/div><\/figure>[\/vc_column][\/vc_row][vc_row css=\u00bb.vc_custom_1770762270324{padding-top: 45px !important;}\u00bb][vc_column width=\u00bb1\/2&#8243;]<figure class=\"vcex-image vcex-module\"><div class=\"vcex-image-inner wpex-relative wpex-inline-block\"><img width=\"976\" height=\"256\" src=\"https:\/\/bakemark.com\/wp-content\/uploads\/2026\/02\/SpreadJoyWithWordsOfKindness.png\" class=\"vcex-image-img wpex-align-middle\" alt=\"Spread Joy With Words of Kindness\" loading=\"lazy\" decoding=\"async\" srcset=\"https:\/\/bakemark.com\/wp-content\/uploads\/2026\/02\/SpreadJoyWithWordsOfKindness.png 976w, https:\/\/bakemark.com\/wp-content\/uploads\/2026\/02\/SpreadJoyWithWordsOfKindness-300x79.png 300w, https:\/\/bakemark.com\/wp-content\/uploads\/2026\/02\/SpreadJoyWithWordsOfKindness-768x201.png 768w\" sizes=\"auto, (max-width: 976px) 100vw, 976px\" \/><\/div><\/figure>[vc_column_text css=\u00bb\u00bb]El D\u00eda Nacional del Donut honra a los miembros del Ej\u00e9rcito de Salvaci\u00f3n que sirvieron donuts a los soldados durante la Primera Guerra Mundial. Esa herencia de compasi\u00f3n contin\u00faa hoy, cuando celebramos la generosidad e invitamos a todos a compartir mensajes significativos.[\/vc_column_text]<div class=\"vcex-spacing wpex-w-100 wpex-clear\" style=\"height:30px;\"><\/div><a href=\"https:\/\/www.salvationarmyusa.org\/usn\/national-donut-day\/\" class=\"vcex-button theme-button inline\" target=\"_blank\" rel=\"noopener noreferrer\"><span class=\"vcex-button-inner theme-button-inner wpex-flex wpex-flex-wrap wpex-items-center wpex-justify-center\">ver m\u00e1s detalles e historia<\/span><\/a> [\/vc_column][vc_column width=\u00bb1\/2&#8243;]<figure class=\"vcex-image vcex-module\"><div class=\"vcex-image-inner wpex-relative wpex-inline-block\"><img width=\"1156\" height=\"990\" src=\"https:\/\/bakemark.com\/wp-content\/uploads\/2026\/04\/SayItWithDonuts_SalvationArmyLogo-1.png\" class=\"vcex-image-img wpex-align-middle\" alt=\"Say it with donuts\" loading=\"lazy\" decoding=\"async\" srcset=\"https:\/\/bakemark.com\/wp-content\/uploads\/2026\/04\/SayItWithDonuts_SalvationArmyLogo-1.png 1156w, https:\/\/bakemark.com\/wp-content\/uploads\/2026\/04\/SayItWithDonuts_SalvationArmyLogo-1-300x257.png 300w, https:\/\/bakemark.com\/wp-content\/uploads\/2026\/04\/SayItWithDonuts_SalvationArmyLogo-1-1024x877.png 1024w, https:\/\/bakemark.com\/wp-content\/uploads\/2026\/04\/SayItWithDonuts_SalvationArmyLogo-1-768x658.png 768w\" sizes=\"auto, (max-width: 1156px) 100vw, 1156px\" \/><\/div><\/figure>[\/vc_column][\/vc_row][vc_row full_width=\u00bbstretch_row\u00bb css=\u00bb.vc_custom_1774984819106{margin-bottom: 25px !important;background-color: #E5F4FB !important;}\u00bb wpex_bg_color=\u00bb#e5f4fb\u00bb][vc_column width=\u00bb1\/2&#8243;]<figure class=\"vcex-image vcex-module\"><div class=\"vcex-image-inner wpex-relative wpex-inline-block\"><img width=\"1104\" height=\"1024\" src=\"https:\/\/bakemark.com\/wp-content\/uploads\/2026\/02\/FreePostersStickers.png\" class=\"vcex-image-img wpex-align-middle\" alt=\"National Donut Day 2026 poster and stickers\" loading=\"lazy\" decoding=\"async\" srcset=\"https:\/\/bakemark.com\/wp-content\/uploads\/2026\/02\/FreePostersStickers.png 1104w, https:\/\/bakemark.com\/wp-content\/uploads\/2026\/02\/FreePostersStickers-300x278.png 300w, https:\/\/bakemark.com\/wp-content\/uploads\/2026\/02\/FreePostersStickers-1024x950.png 1024w, https:\/\/bakemark.com\/wp-content\/uploads\/2026\/02\/FreePostersStickers-768x712.png 768w\" sizes=\"auto, (max-width: 1104px) 100vw, 1104px\" \/><\/div><\/figure>[\/vc_column][vc_column width=\u00bb1\/2&#8243;]<div class=\"vcex-spacing wpex-w-100 wpex-clear\" style=\"height:100px;\"><\/div><style>.vcex-heading.vcex_69f25250376f6{color:#982126;}<\/style><div class=\"vcex-heading vcex-heading-plain vcex-module wpex-h2 vcex_69f25250376f6\"><span class=\"vcex-heading-inner wpex-inline-block\">P\u00f3sters y pegatinas GRATIS<\/span><\/div>[vc_column_text css=\u00bb\u00bb]Solicita una se\u00f1alizaci\u00f3n llamativa. Tu comercial estar\u00e1 encantado de ayudarte.[\/vc_column_text]<div class=\"vcex-spacing wpex-w-100 wpex-clear\" style=\"height:30px;\"><\/div><a href=\"https:\/\/bakemark.com\/contact-us\/\" class=\"vcex-button theme-button inline\" target=\"_blank\" rel=\"noopener noreferrer\"><span class=\"vcex-button-inner theme-button-inner wpex-flex wpex-flex-wrap wpex-items-center wpex-justify-center\">Contactar con un comercial<\/span><\/a> [\/vc_column][\/vc_row][vc_row][vc_column width=\u00bb1\/2&#8243;]<div class=\"vcex-spacing wpex-w-100 wpex-clear\" style=\"height:100px;\"><\/div><style>.vcex-heading.vcex_69f2525037e89{color:#982126;}<\/style><div class=\"vcex-heading vcex-heading-plain vcex-module wpex-h2 vcex_69f2525037e89\"><span class=\"vcex-heading-inner wpex-inline-block\">Publicaciones personalizables en redes sociales<\/span><\/div>[vc_column_text css=\u00bb\u00bb]Estas publicaciones listas para usar informan a tus seguidores sobre tu evento especial.[\/vc_column_text]<div class=\"vcex-spacing wpex-w-100 wpex-clear\" style=\"height:30px;\"><\/div><a href=\"\/wp-content\/uploads\/2026\/03\/NDD2026_SocialAssetPacket.zip\" class=\"vcex-button theme-button inline\"><span class=\"vcex-button-inner theme-button-inner wpex-flex wpex-flex-wrap wpex-items-center wpex-justify-center\">Descargar ahora<\/span><\/a> [\/vc_column][vc_column width=\u00bb1\/2&#8243;]<figure class=\"vcex-image vcex-module\"><div class=\"vcex-image-inner wpex-relative wpex-inline-block\"><img width=\"2560\" height=\"1961\" src=\"https:\/\/bakemark.com\/wp-content\/uploads\/2026\/04\/CustomizableSocialMedia_Option1_Full-1-scaled.png\" class=\"vcex-image-img wpex-align-middle\" alt=\"\" loading=\"lazy\" decoding=\"async\" srcset=\"https:\/\/bakemark.com\/wp-content\/uploads\/2026\/04\/CustomizableSocialMedia_Option1_Full-1-scaled.png 2560w, https:\/\/bakemark.com\/wp-content\/uploads\/2026\/04\/CustomizableSocialMedia_Option1_Full-1-300x230.png 300w, https:\/\/bakemark.com\/wp-content\/uploads\/2026\/04\/CustomizableSocialMedia_Option1_Full-1-1024x785.png 1024w, https:\/\/bakemark.com\/wp-content\/uploads\/2026\/04\/CustomizableSocialMedia_Option1_Full-1-768x588.png 768w, https:\/\/bakemark.com\/wp-content\/uploads\/2026\/04\/CustomizableSocialMedia_Option1_Full-1-1536x1177.png 1536w, https:\/\/bakemark.com\/wp-content\/uploads\/2026\/04\/CustomizableSocialMedia_Option1_Full-1-2048x1569.png 2048w\" sizes=\"auto, (max-width: 2560px) 100vw, 2560px\" \/><\/div><\/figure>[\/vc_column][\/vc_row][vc_row full_width=\u00bbstretch_row\u00bb css=\u00bb.vc_custom_1774984794083{margin-bottom: 25px !important;background-color: #E5F4FB !important;}\u00bb wpex_bg_color=\u00bb#e5f4fb\u00bb][vc_column width=\u00bb1\/2&#8243;]<div class=\"vcex-spacing wpex-w-100 wpex-clear\" style=\"height:100px;\"><\/div><figure class=\"vcex-image vcex-module\"><div class=\"vcex-image-inner wpex-relative wpex-inline-block vc_custom_1770753045701\"><img width=\"2559\" height=\"2024\" src=\"https:\/\/bakemark.com\/wp-content\/uploads\/2026\/02\/InPersonCelebrations.png\" class=\"vcex-image-img wpex-align-middle wpex-aspect-4-3 wpex-object-cover\" alt=\"Collage of images from last year&#039;s NDD events\" loading=\"lazy\" decoding=\"async\" srcset=\"https:\/\/bakemark.com\/wp-content\/uploads\/2026\/02\/InPersonCelebrations.png 2559w, https:\/\/bakemark.com\/wp-content\/uploads\/2026\/02\/InPersonCelebrations-300x237.png 300w, https:\/\/bakemark.com\/wp-content\/uploads\/2026\/02\/InPersonCelebrations-1024x810.png 1024w, https:\/\/bakemark.com\/wp-content\/uploads\/2026\/02\/InPersonCelebrations-768x607.png 768w, https:\/\/bakemark.com\/wp-content\/uploads\/2026\/02\/InPersonCelebrations-1536x1215.png 1536w, https:\/\/bakemark.com\/wp-content\/uploads\/2026\/02\/InPersonCelebrations-2048x1620.png 2048w\" sizes=\"auto, (max-width: 2559px) 100vw, 2559px\" \/><\/div><\/figure>[\/vc_column][vc_column width=\u00bb1\/2&#8243;]<div class=\"vcex-spacing wpex-w-100 wpex-clear\" style=\"height:100px;\"><\/div><style>.vcex-heading.vcex_69f25250393e4{color:#982126;}<\/style><div class=\"vcex-heading vcex-heading-plain vcex-module wpex-h2 vcex_69f25250393e4\"><span class=\"vcex-heading-inner wpex-inline-block\">Celebraciones presenciales<\/span><\/div>[vc_column_text css=\u00bb\u00bb]Ent\u00e9rate de lo que ocurre en nuestros pr\u00f3ximos actos del D\u00eda Nacional del Donut en San Diego, Los \u00c1ngeles y Washington DC.[\/vc_column_text]<div class=\"vcex-spacing wpex-w-100 wpex-clear\" style=\"height:30px;\"><\/div><a href=\"https:\/\/bakemark.com\/national-donut-day-2026-events\/\" class=\"vcex-button theme-button inline\" target=\"_blank\" rel=\"noopener noreferrer\"><span class=\"vcex-button-inner theme-button-inner wpex-flex wpex-flex-wrap wpex-items-center wpex-justify-center\">M\u00e1s informaci\u00f3n<\/span><\/a> [\/vc_column][\/vc_row][vc_row css=\u00bb.vc_custom_1774984682336{padding-bottom: 15px !important;}\u00bb][vc_column width=\u00bb1\/2&#8243;]<div class=\"vcex-spacing wpex-w-100 wpex-clear\" style=\"height:100px;\"><\/div><style>.vcex-heading.vcex_69f2525039abf{color:#982126;}<\/style><div class=\"vcex-heading vcex-heading-plain vcex-module wpex-h2 vcex_69f2525039abf\"><span class=\"vcex-heading-inner wpex-inline-block\">Descubre la deliciosa inspiraci\u00f3n<\/span><\/div>[vc_column_text css=\u00bb\u00bb]Deja que tus donuts hablen por ti sirviendo algo nuevo y emocionante en el gran d\u00eda.[\/vc_column_text]<div class=\"vcex-spacing wpex-w-100 wpex-clear\" style=\"height:30px;\"><\/div><a href=\"https:\/\/bakemark.com\/recipes\/?_sft_recipe_category=donuts\" class=\"vcex-button theme-button inline\"><span class=\"vcex-button-inner theme-button-inner wpex-flex wpex-flex-wrap wpex-items-center wpex-justify-center\">Explorar recetas<\/span><\/a> [\/vc_column][vc_column width=\u00bb1\/2&#8243;]<figure class=\"vcex-image vcex-module\"><div class=\"vcex-image-inner wpex-relative wpex-inline-block\"><img width=\"840\" height=\"630\" src=\"https:\/\/bakemark.com\/wp-content\/uploads\/2026\/02\/DiscoverDeliciousInspo.png\" class=\"vcex-image-img wpex-align-middle\" alt=\"Donuts drizzled with frosting on a cooling rack\" loading=\"lazy\" decoding=\"async\" srcset=\"https:\/\/bakemark.com\/wp-content\/uploads\/2026\/02\/DiscoverDeliciousInspo.png 840w, https:\/\/bakemark.com\/wp-content\/uploads\/2026\/02\/DiscoverDeliciousInspo-300x225.png 300w, https:\/\/bakemark.com\/wp-content\/uploads\/2026\/02\/DiscoverDeliciousInspo-768x576.png 768w\" sizes=\"auto, (max-width: 840px) 100vw, 840px\" \/><\/div><\/figure>[\/vc_column][\/vc_row][vc_row][vc_column][\/vc_column][\/vc_row][vc_row full_width=\u00bbstretch_row\u00bb css=\u00bb.vc_custom_1775591512690{background-color: #E5F4FB !important;}\u00bb wpex_bg_color=\u00bb#e5f4fb\u00bb][vc_column offset=\u00bbvc_col-md-offset-2 vc_col-md-8&#8243;]<style>.vcex-heading.vcex_69f252503c0f0{color:#982126;}<\/style><div class=\"vcex-heading vcex-heading-plain vcex-module wpex-h3 wpex-text-center vcex_69f252503c0f0\"><span class=\"vcex-heading-inner wpex-inline-block\">Trucos y consejos r\u00e1pidos<\/span><\/div>[vc_column_text css=\u00bb\u00bb text_align=\u00bbcenter\u00bb]\n<p style=\"text-align: center;\">No faltan formas de hacer que estas fiestas sean especiales.<br \/>\nConsidera algunas de estas ideas para una ocasi\u00f3n a\u00fan m\u00e1s memorable.<\/p>\n[\/vc_column_text]<style>.vcex-heading.vcex_69f252503c413{color:#e03a3e;}<\/style><div class=\"vcex-heading vcex-heading-plain vcex-module wpex-h4 vcex_69f252503c413\"><span class=\"vcex-heading-inner wpex-inline-block\">Estaci\u00f3n de decoraci\u00f3n Donut Expressions<\/span><\/div>[vc_column_text css=\u00bb\u00bb]Reserva una zona en la que los invitados puedan utilizar el glaseado y las coberturas para escribir mensajes y crear sus propios dulces \u00fanicos.[\/vc_column_text]<style>.vcex-heading.vcex_69f252503c70a{color:#e03a3e;}<\/style><div class=\"vcex-heading vcex-heading-plain vcex-module wpex-h4 vcex_69f252503c70a\"><span class=\"vcex-heading-inner wpex-inline-block\">Escribe algo dulce<\/span><\/div>[vc_column_text css=\u00bb\u00bb]Disp\u00f3n rotuladores y pegatinas para que los invitados puedan decorar sus cajas de donuts con mensajes personalizados.[\/vc_column_text]<style>.vcex-heading.vcex_69f252503c99e{color:#e03a3e;}<\/style><div class=\"vcex-heading vcex-heading-plain vcex-module wpex-h4 vcex_69f252503c99e\"><span class=\"vcex-heading-inner wpex-inline-block\">Una muestra de bondad<\/span><\/div>[vc_column_text css=\u00bb\u00bb]Crea una pancarta y proporciona rotuladores de colores para que los consumidores puedan a\u00f1adir notas de buena voluntad mientras celebran el D\u00eda Nacional del Donut.[\/vc_column_text][\/vc_column][\/vc_row][vc_row][vc_column]<div class=\"wpex-template-shortcode\"><style type=\"text\/css\" data-type=\"vc_shortcodes-custom-css\">.vc_custom_1721317701030{background: #982126 url(https:\/\/bakemark.com\/wp-content\/uploads\/2024\/07\/bakemark-border.svg?id=340) !important;background-position: 0 0 !important;background-repeat: repeat-x !important;}.vc_custom_1720105893517{margin-bottom: 0px !important;}<\/style><div class=\"vc_section bigbrow vc_custom_1721317701030 wpex-vc-full-width-section wpex-vc-full-width-section--centered wpex-relative wpex-vc_section-has-fill wpex-vc_section-mx-0\" style=\"background-position:bottom left!important;background-size:auto 50px!important;\"><div class=\"vc_row wpb_row vc_row-fluid vc_row-o-content-middle vc_row-flex wpex-relative wpex-vc_row-col-mb-0 typography-white\"><div class=\"wpb_column vc_column_container vc_col-sm-2\"><div class=\"vc_column-inner vc_custom_1720105893517\"><div class=\"wpb_wrapper\"><\/div><\/div><\/div><div class=\"wpb_column vc_column_container vc_col-sm-8\"><div class=\"vc_column-inner\"><div class=\"wpb_wrapper\"><div class=\"vcex-spacing wpex-w-100 wpex-clear\"><\/div>\n\t<div class=\"wpb_text_column wpb_content_element\" >\n\t\t<div class=\"wpb_wrapper\">\n\t\t\t<h2 style=\"text-align: center\">\u00bfTienes preguntas? Estamos a tu disposici\u00f3n <\/h2>\n<p style=\"text-align: center\">\u00bfNecesitas m\u00e1s informaci\u00f3n sobre productos o soluciones? \u00bfEst\u00e1s listo para iniciar una conversaci\u00f3n? Un representante de BakeMark responder\u00e1 r\u00e1pidamente a tu mensaje.  <\/p>\n\n\t\t<\/div>\n\t<\/div>\n<div class=\"vcex-spacing wpex-w-100 wpex-clear\"><\/div><div class=\"theme-button-wrap textcenter wpex-clr\"><a href=\"https:\/\/bakemark.com\/es\/contacta-con-nosotros\/\" class=\"vcex-button theme-button align-center inline btnoncolor\"><span class=\"vcex-button-inner theme-button-inner wpex-flex wpex-flex-wrap wpex-items-center wpex-justify-center\">Contacta con nosotros<\/span><\/a><\/div> \t<style>.vcex_69f252503f040{height:70px;}@media (max-width:767px){.vcex_69f252503f040{height:80px;}}<\/style>\n<div class=\"vcex-spacing wpex-w-100 wpex-clear vcex_69f252503f040\"><\/div><\/div><\/div><\/div><div class=\"wpb_column vc_column_container vc_col-sm-2\"><div class=\"vc_column-inner\"><div class=\"wpb_wrapper\"><\/div><\/div><\/div><\/div><\/div>\n<\/div>[\/vc_column][\/vc_row]\n<\/div>","protected":false},"excerpt":{"rendered":"El D\u00eda Nacional del Donut honra a los miembros del Ej\u00e9rcito de Salvaci\u00f3n que sirvieron donuts a los soldados durante la Primera Guerra Mundial. Esa herencia de compasi\u00f3n contin\u00faa hoy, cuando celebramos la generosidad e invitamos a todos a compartir mensajes significativos. ver m\u00e1s detalles e historia P\u00f3sters y pegatinas GRATIS Solicita una se\u00f1alizaci\u00f3n llamativa.&hellip;","protected":false},"author":9,"featured_media":0,"parent":0,"menu_order":0,"comment_status":"closed","ping_status":"closed","template":"","meta":{"_acf_changed":false,"content-type":"","footnotes":""},"class_list":["post-7500","page","type-page","status-publish","hentry","entry","no-media"],"acf":[],"yoast_head":"<!-- This site is optimized with the Yoast SEO plugin v27.4 - https:\/\/yoast.com\/product\/yoast-seo-wordpress\/ -->\n<title>D\u00eda Nacional del Donut 2026 - BakeMark<\/title>\n<meta name=\"robots\" content=\"index, follow, max-snippet:-1, max-image-preview:large, max-video-preview:-1\" \/>\n<link rel=\"canonical\" href=\"https:\/\/bakemark.com\/es\/dia-nacional-del-donut-2025-2\/\" \/>\n<meta property=\"og:locale\" content=\"es_ES\" \/>\n<meta property=\"og:type\" content=\"article\" \/>\n<meta property=\"og:title\" content=\"D\u00eda Nacional del Donut 2026 - BakeMark\" \/>\n<meta property=\"og:url\" content=\"https:\/\/bakemark.com\/es\/dia-nacional-del-donut-2025-2\/\" \/>\n<meta property=\"og:site_name\" content=\"BakeMark\" \/>\n<meta property=\"article:modified_time\" content=\"2026-04-22T19:12:47+00:00\" \/>\n<meta name=\"twitter:card\" content=\"summary_large_image\" \/>\n<meta name=\"twitter:label1\" content=\"Est. reading time\" \/>\n\t<meta name=\"twitter:data1\" content=\"4 minutos\" \/>\n<script type=\"application\/ld+json\" class=\"yoast-schema-graph\">{\"@context\":\"https:\\\/\\\/schema.org\",\"@graph\":[{\"@type\":\"WebPage\",\"@id\":\"https:\\\/\\\/bakemark.com\\\/es\\\/dia-nacional-del-donut-2025-2\\\/\",\"url\":\"https:\\\/\\\/bakemark.com\\\/es\\\/dia-nacional-del-donut-2025-2\\\/\",\"name\":\"D\u00eda Nacional del Donut 2026 - BakeMark\",\"isPartOf\":{\"@id\":\"https:\\\/\\\/bakemark.com\\\/es\\\/#website\"},\"datePublished\":\"2026-03-31T19:29:58+00:00\",\"dateModified\":\"2026-04-22T19:12:47+00:00\",\"breadcrumb\":{\"@id\":\"https:\\\/\\\/bakemark.com\\\/es\\\/dia-nacional-del-donut-2025-2\\\/#breadcrumb\"},\"inLanguage\":\"es\",\"potentialAction\":[{\"@type\":\"ReadAction\",\"target\":[\"https:\\\/\\\/bakemark.com\\\/es\\\/dia-nacional-del-donut-2025-2\\\/\"]}]},{\"@type\":\"BreadcrumbList\",\"@id\":\"https:\\\/\\\/bakemark.com\\\/es\\\/dia-nacional-del-donut-2025-2\\\/#breadcrumb\",\"itemListElement\":[{\"@type\":\"ListItem\",\"position\":1,\"name\":\"Home\",\"item\":\"https:\\\/\\\/bakemark.com\\\/es\\\/\"},{\"@type\":\"ListItem\",\"position\":2,\"name\":\"D\u00eda Nacional del Donut 2026\"}]},{\"@type\":\"WebSite\",\"@id\":\"https:\\\/\\\/bakemark.com\\\/es\\\/#website\",\"url\":\"https:\\\/\\\/bakemark.com\\\/es\\\/\",\"name\":\"BakeMark\",\"description\":\"\",\"publisher\":{\"@id\":\"https:\\\/\\\/bakemark.com\\\/es\\\/#organization\"},\"potentialAction\":[{\"@type\":\"SearchAction\",\"target\":{\"@type\":\"EntryPoint\",\"urlTemplate\":\"https:\\\/\\\/bakemark.com\\\/es\\\/?s={search_term_string}\"},\"query-input\":{\"@type\":\"PropertyValueSpecification\",\"valueRequired\":true,\"valueName\":\"search_term_string\"}}],\"inLanguage\":\"es\"},{\"@type\":\"Organization\",\"@id\":\"https:\\\/\\\/bakemark.com\\\/es\\\/#organization\",\"name\":\"BakeMark\",\"url\":\"https:\\\/\\\/bakemark.com\\\/es\\\/\",\"logo\":{\"@type\":\"ImageObject\",\"inLanguage\":\"es\",\"@id\":\"https:\\\/\\\/bakemark.com\\\/es\\\/#\\\/schema\\\/logo\\\/image\\\/\",\"url\":\"https:\\\/\\\/bakemark.com\\\/wp-content\\\/uploads\\\/2024\\\/07\\\/bakemark-logo-wht.svg\",\"contentUrl\":\"https:\\\/\\\/bakemark.com\\\/wp-content\\\/uploads\\\/2024\\\/07\\\/bakemark-logo-wht.svg\",\"width\":233,\"height\":58,\"caption\":\"BakeMark\"},\"image\":{\"@id\":\"https:\\\/\\\/bakemark.com\\\/es\\\/#\\\/schema\\\/logo\\\/image\\\/\"}}]}<\/script>\n<!-- \/ Yoast SEO plugin. -->","yoast_head_json":{"title":"D\u00eda Nacional del Donut 2026 - BakeMark","robots":{"index":"index","follow":"follow","max-snippet":"max-snippet:-1","max-image-preview":"max-image-preview:large","max-video-preview":"max-video-preview:-1"},"canonical":"https:\/\/bakemark.com\/es\/dia-nacional-del-donut-2025-2\/","og_locale":"es_ES","og_type":"article","og_title":"D\u00eda Nacional del Donut 2026 - BakeMark","og_url":"https:\/\/bakemark.com\/es\/dia-nacional-del-donut-2025-2\/","og_site_name":"BakeMark","article_modified_time":"2026-04-22T19:12:47+00:00","twitter_card":"summary_large_image","twitter_misc":{"Est. reading time":"4 minutos"},"schema":{"@context":"https:\/\/schema.org","@graph":[{"@type":"WebPage","@id":"https:\/\/bakemark.com\/es\/dia-nacional-del-donut-2025-2\/","url":"https:\/\/bakemark.com\/es\/dia-nacional-del-donut-2025-2\/","name":"D\u00eda Nacional del Donut 2026 - BakeMark","isPartOf":{"@id":"https:\/\/bakemark.com\/es\/#website"},"datePublished":"2026-03-31T19:29:58+00:00","dateModified":"2026-04-22T19:12:47+00:00","breadcrumb":{"@id":"https:\/\/bakemark.com\/es\/dia-nacional-del-donut-2025-2\/#breadcrumb"},"inLanguage":"es","potentialAction":[{"@type":"ReadAction","target":["https:\/\/bakemark.com\/es\/dia-nacional-del-donut-2025-2\/"]}]},{"@type":"BreadcrumbList","@id":"https:\/\/bakemark.com\/es\/dia-nacional-del-donut-2025-2\/#breadcrumb","itemListElement":[{"@type":"ListItem","position":1,"name":"Home","item":"https:\/\/bakemark.com\/es\/"},{"@type":"ListItem","position":2,"name":"D\u00eda Nacional del Donut 2026"}]},{"@type":"WebSite","@id":"https:\/\/bakemark.com\/es\/#website","url":"https:\/\/bakemark.com\/es\/","name":"BakeMark","description":"","publisher":{"@id":"https:\/\/bakemark.com\/es\/#organization"},"potentialAction":[{"@type":"SearchAction","target":{"@type":"EntryPoint","urlTemplate":"https:\/\/bakemark.com\/es\/?s={search_term_string}"},"query-input":{"@type":"PropertyValueSpecification","valueRequired":true,"valueName":"search_term_string"}}],"inLanguage":"es"},{"@type":"Organization","@id":"https:\/\/bakemark.com\/es\/#organization","name":"BakeMark","url":"https:\/\/bakemark.com\/es\/","logo":{"@type":"ImageObject","inLanguage":"es","@id":"https:\/\/bakemark.com\/es\/#\/schema\/logo\/image\/","url":"https:\/\/bakemark.com\/wp-content\/uploads\/2024\/07\/bakemark-logo-wht.svg","contentUrl":"https:\/\/bakemark.com\/wp-content\/uploads\/2024\/07\/bakemark-logo-wht.svg","width":233,"height":58,"caption":"BakeMark"},"image":{"@id":"https:\/\/bakemark.com\/es\/#\/schema\/logo\/image\/"}}]}},"_links":{"self":[{"href":"https:\/\/bakemark.com\/es\/wp-json\/wp\/v2\/pages\/7500","targetHints":{"allow":["GET"]}}],"collection":[{"href":"https:\/\/bakemark.com\/es\/wp-json\/wp\/v2\/pages"}],"about":[{"href":"https:\/\/bakemark.com\/es\/wp-json\/wp\/v2\/types\/page"}],"author":[{"embeddable":true,"href":"https:\/\/bakemark.com\/es\/wp-json\/wp\/v2\/users\/9"}],"replies":[{"embeddable":true,"href":"https:\/\/bakemark.com\/es\/wp-json\/wp\/v2\/comments?post=7500"}],"version-history":[{"count":0,"href":"https:\/\/bakemark.com\/es\/wp-json\/wp\/v2\/pages\/7500\/revisions"}],"wp:attachment":[{"href":"https:\/\/bakemark.com\/es\/wp-json\/wp\/v2\/media?parent=7500"}],"curies":[{"name":"wp","href":"https:\/\/api.w.org\/{rel}","templated":true}]}}