{"id":7291,"date":"2025-10-09T16:50:16","date_gmt":"2025-10-09T21:50:16","guid":{"rendered":"https:\/\/bakemark.com\/?page_id=7291"},"modified":"2025-11-21T10:47:05","modified_gmt":"2025-11-21T16:47:05","slug":"recetas-frescas-e-inspiracion-para-cada-estacion-2-2","status":"publish","type":"page","link":"https:\/\/bakemark.com\/es\/recetas-frescas-e-inspiracion-para-cada-estacion-2-2\/","title":{"rendered":"Recetas frescas e inspiraci\u00f3n para cada estaci\u00f3n Q4 2025"},"content":{"rendered":"<div class=\"wpb-content-wrapper\">[vc_section css=\u00bb.vc_custom_1722446760808{margin-bottom: 60px !important;}\u00bb][vc_row full_width=\u00bbstretch_row\u00bb content_placement=\u00bbbottom\u00bb remove_bottom_col_margin=\u00bbtrue\u00bb typography_style=\u00bbwhite\u00bb css=\u00bb.vc_custom_1721321913296{padding-top: 35px !important;padding-bottom: 20px !important;background-color: #982126 !important;}\u00bb el_class=\u00bbbanner-headline\u00bb][vc_column width=\u00bb1\/2&#8243; offset=\u00bbvc_col-lg-5&#8243;][vc_column_text css=\u00bb\u00bb]\n<h1>Recetas frescas e inspiraci\u00f3n para cada estaci\u00f3n<\/h1>\n[\/vc_column_text][vc_column_text css=\u00bb\u00bb]\n<h3>4\u00ba Trimestre de 2025<\/h3>\n[\/vc_column_text][\/vc_column][\/vc_row][vc_row remove_bottom_col_margin=\u00bbtrue\u00bb css=\u00bb.vc_custom_1721319595505{margin-top: 20px !important;}\u00bb][vc_column width=\u00bb1\/2&#8243;][vc_column_text css=\u00bb\u00bb el_class=\u00bbbanner-subtext\u00bb]A medida que los d\u00edas se hacen m\u00e1s cortos y fr\u00edos, las oportunidades de disfrutar de productos de pasteler\u00eda indulgentes y apetecibles nos calientan el coraz\u00f3n. Explora todas las formas en que BakeMark puede apoyar tu negocio con productos, inspiraci\u00f3n y soluciones para crear momentos memorables para tus clientes.[\/vc_column_text]<div class=\"vcex-spacing wpex-w-100 wpex-clear hidden-phone\" style=\"height:15px;\"><\/div><a href=\"https:\/\/bakemark.com\/wp-content\/uploads\/2025\/11\/Q4SeasonalBrochure2025-1.pdf\" class=\"vcex-button theme-button inline\" target=\"_blank\" rel=\"noopener noreferrer\"><span class=\"vcex-button-inner theme-button-inner wpex-flex wpex-flex-wrap wpex-items-center wpex-justify-center\">Descargar la Gu\u00eda de Vacaciones en EE.UU.<\/span><\/a> <div class=\"vcex-spacing wpex-w-100 wpex-clear hidden-phone\" style=\"height:5px;\"><\/div><a href=\"https:\/\/bakemark.com\/wp-content\/uploads\/2025\/10\/Q4SeasonalBrochure2026_Canada_DIGITAL_v6_FINAL.pdf\" class=\"vcex-button theme-button inline\" target=\"_blank\" rel=\"noopener noreferrer\"><span class=\"vcex-button-inner theme-button-inner wpex-flex wpex-flex-wrap wpex-items-center wpex-justify-center\">Descargar La Gu\u00eda de Vacaciones en Canad\u00e1<\/span><\/a> [\/vc_column][\/vc_row][vc_row full_width=\u00bbstretch_row_content_no_spaces\u00bb remove_bottom_col_margin=\u00bbtrue\u00bb el_class=\u00bbbanner-image\u00bb][vc_column width=\u00bb1\/2&#8243; offset=\u00bbvc_col-sm-offset-6&#8243;]<div class=\"vcex-spacing wpex-w-100 wpex-clear visible-phone\" style=\"height:30px;\"><\/div><figure class=\"vcex-image vcex-module\"><div class=\"vcex-image-inner wpex-relative wpex-inline-block\"><img width=\"5304\" height=\"7951\" src=\"https:\/\/bakemark.com\/wp-content\/uploads\/2025\/10\/INFood-Marketing_4.16.25_4100.jpg\" class=\"vcex-image-img wpex-align-middle\" alt=\"\" loading=\"lazy\" decoding=\"async\" srcset=\"https:\/\/bakemark.com\/wp-content\/uploads\/2025\/10\/INFood-Marketing_4.16.25_4100.jpg 5304w, https:\/\/bakemark.com\/wp-content\/uploads\/2025\/10\/INFood-Marketing_4.16.25_4100-200x300.jpg 200w, https:\/\/bakemark.com\/wp-content\/uploads\/2025\/10\/INFood-Marketing_4.16.25_4100-683x1024.jpg 683w, https:\/\/bakemark.com\/wp-content\/uploads\/2025\/10\/INFood-Marketing_4.16.25_4100-768x1151.jpg 768w\" sizes=\"auto, (max-width: 5304px) 100vw, 5304px\" \/><\/div><\/figure>[\/vc_column][\/vc_row][\/vc_section][vc_section el_class=\u00bboverlapping-columns\u00bb css=\u00bb.vc_custom_1722450880955{margin-bottom: 40px !important;}\u00bb][vc_row remove_bottom_col_margin=\u00bbtrue\u00bb el_class=\u00bbimage-row\u00bb][vc_column width=\u00bb1\/2&#8243;]<figure class=\"vcex-image vcex-module\"><div class=\"vcex-image-inner wpex-relative wpex-w-100\"><img width=\"7950\" height=\"5302\" src=\"https:\/\/bakemark.com\/wp-content\/uploads\/2025\/10\/INFood-Marketing_4.16.25_3562-1.jpg\" class=\"vcex-image-img wpex-align-middle wpex-w-100\" alt=\"\" loading=\"lazy\" decoding=\"async\" srcset=\"https:\/\/bakemark.com\/wp-content\/uploads\/2025\/10\/INFood-Marketing_4.16.25_3562-1.jpg 7950w, https:\/\/bakemark.com\/wp-content\/uploads\/2025\/10\/INFood-Marketing_4.16.25_3562-1-300x200.jpg 300w, https:\/\/bakemark.com\/wp-content\/uploads\/2025\/10\/INFood-Marketing_4.16.25_3562-1-1024x683.jpg 1024w, https:\/\/bakemark.com\/wp-content\/uploads\/2025\/10\/INFood-Marketing_4.16.25_3562-1-768x512.jpg 768w\" sizes=\"auto, (max-width: 7950px) 100vw, 7950px\" \/><\/div><\/figure>[\/vc_column][\/vc_row][vc_row full_width=\u00bbstretch_row\u00bb remove_bottom_col_margin=\u00bbtrue\u00bb el_class=\u00bbcontent-row\u00bb][vc_column width=\u00bb2\/3&#8243; offset=\u00bbvc_col-sm-offset-4&#8243; css=\u00bb.vc_custom_1722450091943{padding-top: 80px !important;padding-bottom: 80px !important;background-color: #f5f0e4 !important;background-position: 0 0 !important;background-repeat: repeat-x !important;}\u00bb wpex_bg_position=\u00bbleft bottom\u00bb wpex_bg_size=\u00bbauto 50px\u00bb]<div class=\"vcex-spacing wpex-w-100 wpex-clear hidden-phone\" style=\"height:20px;\"><\/div>[vc_column_text css=\u00bb.vc_custom_1760046111802{margin-bottom: 20px !important;}\u00bb color=\u00bbpalette-86&#8243; bottom_margin=\u00bb10px\u00bb]\n<h2>Octubre &#8211; Dulces que dan miedo<\/h2>\n[\/vc_column_text][vc_column_text css=\u00bb.vc_custom_1760046132518{margin-bottom: 30px !important;}\u00bb bottom_margin=\u00bb5px\u00bb]<strong>1 de octubre <\/strong> D\u00eda Nacional de la Calabaza con Especias[\/vc_column_text][vc_column_text css=\u00bb.vc_custom_1760046148219{margin-bottom: 30px !important;}\u00bb bottom_margin=\u00bb5px\u00bb]<strong>14 de octubre<\/strong> D\u00eda Nacional del Postre[\/vc_column_text][vc_column_text css=\u00bb.vc_custom_1760116091028{margin-bottom: 30px !important;}\u00bb bottom_margin=\u00bb5px\u00bb]<strong>18 de octubre<\/strong> D\u00eda Nacional de la Tarta de Chocolate[\/vc_column_text][vc_column_text css=\u00bb.vc_custom_1760046185128{margin-bottom: 30px !important;}\u00bb bottom_margin=\u00bb5px\u00bb]<strong>31 de octubre<\/strong> Halloween[\/vc_column_text][\/vc_column][\/vc_row][\/vc_section][vc_section el_class=\u00bboverlapping-columns\u00bb css=\u00bb.vc_custom_1760047234337{margin-bottom: 40px !important;}\u00bb][vc_row remove_bottom_col_margin=\u00bbtrue\u00bb el_class=\u00bbimage-row\u00bb][vc_column width=\u00bb1\/2&#8243; offset=\u00bbvc_col-sm-offset-6&#8243;]<figure class=\"vcex-image vcex-module\"><div class=\"vcex-image-inner wpex-relative wpex-w-100\"><img width=\"7962\" height=\"5311\" src=\"https:\/\/bakemark.com\/wp-content\/uploads\/2025\/10\/INFood-Marketing_4.16.25_3735.jpg\" class=\"vcex-image-img wpex-align-middle wpex-w-100\" alt=\"\" loading=\"lazy\" decoding=\"async\" srcset=\"https:\/\/bakemark.com\/wp-content\/uploads\/2025\/10\/INFood-Marketing_4.16.25_3735.jpg 7962w, https:\/\/bakemark.com\/wp-content\/uploads\/2025\/10\/INFood-Marketing_4.16.25_3735-300x200.jpg 300w, https:\/\/bakemark.com\/wp-content\/uploads\/2025\/10\/INFood-Marketing_4.16.25_3735-1024x683.jpg 1024w, https:\/\/bakemark.com\/wp-content\/uploads\/2025\/10\/INFood-Marketing_4.16.25_3735-768x512.jpg 768w\" sizes=\"auto, (max-width: 7962px) 100vw, 7962px\" \/><\/div><\/figure>[\/vc_column][\/vc_row][vc_row full_width=\u00bbstretch_row\u00bb remove_bottom_col_margin=\u00bbtrue\u00bb el_class=\u00bbcontent-row\u00bb][vc_column width=\u00bb2\/3&#8243; css=\u00bb.vc_custom_1760047457633{padding-top: 50px !important;padding-bottom: 50px !important;background-color: #f5f0e4 !important;background-position: 0 0 !important;background-repeat: repeat-x !important;}\u00bb wpex_bg_position=\u00bbleft bottom\u00bb wpex_bg_size=\u00bbauto 50px\u00bb]<div class=\"vcex-spacing wpex-w-100 wpex-clear hidden-phone\" style=\"height:20px;\"><\/div>[vc_column_text css=\u00bb.vc_custom_1760046231436{margin-bottom: 20px !important;}\u00bb color=\u00bbpalette-86&#8243; bottom_margin=\u00bb10px\u00bb]\n<h2>Noviembre &#8211; Creaciones reconfortantes<\/h2>\n[\/vc_column_text][vc_column_text css=\u00bb.vc_custom_1760046252046{margin-bottom: 30px !important;}\u00bb bottom_margin=\u00bb5px\u00bb]<strong>1 de noviembre<\/strong> D\u00eda de los Muertos[\/vc_column_text][vc_column_text css=\u00bb.vc_custom_1760046273813{margin-bottom: 30px !important;}\u00bb bottom_margin=\u00bb5px\u00bb]<strong>11 de noviembre<\/strong> D\u00eda del Veterano[\/vc_column_text][vc_column_text css=\u00bb.vc_custom_1760046289679{margin-bottom: 30px !important;}\u00bb bottom_margin=\u00bb5px\u00bb]<strong>26 de noviembre<\/strong> D\u00eda Nacional de la Tarta[\/vc_column_text][vc_column_text css=\u00bb.vc_custom_1760046305619{margin-bottom: 30px !important;}\u00bb bottom_margin=\u00bb5px\u00bb]<strong>27 de noviembre<\/strong> Acci\u00f3n de Gracias[\/vc_column_text]<div class=\"vcex-spacing wpex-w-100 wpex-clear hidden-phone\" style=\"height:20px;\"><\/div>[\/vc_column][\/vc_row][\/vc_section][vc_section el_class=\u00bboverlapping-columns\u00bb css=\u00bb.vc_custom_1760047019229{margin-bottom: 40px !important;}\u00bb][vc_row remove_bottom_col_margin=\u00bbtrue\u00bb el_class=\u00bbimage-row\u00bb][vc_column width=\u00bb1\/2&#8243;]<figure class=\"vcex-image vcex-module\"><div class=\"vcex-image-inner wpex-relative wpex-w-100\"><img width=\"7957\" height=\"5307\" src=\"https:\/\/bakemark.com\/wp-content\/uploads\/2025\/10\/INFood-Marketing_4.16.25_4049.jpg\" class=\"vcex-image-img wpex-align-middle wpex-w-100\" alt=\"\" loading=\"lazy\" decoding=\"async\" srcset=\"https:\/\/bakemark.com\/wp-content\/uploads\/2025\/10\/INFood-Marketing_4.16.25_4049.jpg 7957w, https:\/\/bakemark.com\/wp-content\/uploads\/2025\/10\/INFood-Marketing_4.16.25_4049-300x200.jpg 300w, https:\/\/bakemark.com\/wp-content\/uploads\/2025\/10\/INFood-Marketing_4.16.25_4049-1024x683.jpg 1024w, https:\/\/bakemark.com\/wp-content\/uploads\/2025\/10\/INFood-Marketing_4.16.25_4049-768x512.jpg 768w\" sizes=\"auto, (max-width: 7957px) 100vw, 7957px\" \/><\/div><\/figure>[\/vc_column][\/vc_row][vc_row full_width=\u00bbstretch_row\u00bb remove_bottom_col_margin=\u00bbtrue\u00bb el_class=\u00bbcontent-row\u00bb][vc_column width=\u00bb2\/3&#8243; offset=\u00bbvc_col-sm-offset-4&#8243; css=\u00bb.vc_custom_1760047577605{padding-top: 30px !important;padding-bottom: 30px !important;background-color: #f5f0e4 !important;background-position: 0 0 !important;background-repeat: repeat-x !important;}\u00bb wpex_bg_position=\u00bbleft bottom\u00bb wpex_bg_size=\u00bbauto 50px\u00bb]<div class=\"vcex-spacing wpex-w-100 wpex-clear hidden-phone\" style=\"height:20px;\"><\/div>[vc_column_text css=\u00bb.vc_custom_1760046345528{margin-bottom: 20px !important;}\u00bb color=\u00bbpalette-86&#8243; bottom_margin=\u00bb10px\u00bb]\n<h2>Diciembre &#8211; Deliciosas Mareas de Alegr\u00eda<\/h2>\n[\/vc_column_text][vc_column_text css=\u00bb.vc_custom_1760046366544{margin-bottom: 30px !important;}\u00bb bottom_margin=\u00bb5px\u00bb]<strong>8 de diciembre<\/strong> D\u00eda Nacional del Brownie[\/vc_column_text][vc_column_text css=\u00bb.vc_custom_1760046396407{margin-bottom: 30px !important;}\u00bb bottom_margin=\u00bb5px\u00bb]<strong>14 de diciembre<\/strong> Comienza Hanukkah[\/vc_column_text][vc_column_text css=\u00bb.vc_custom_1760046418652{margin-bottom: 30px !important;}\u00bb bottom_margin=\u00bb5px\u00bb]<strong>15 de diciembre <\/strong> D\u00eda Nacional de las Magdalenas[\/vc_column_text][vc_column_text css=\u00bb.vc_custom_1760046476682{margin-bottom: 30px !important;}\u00bb bottom_margin=\u00bb5px\u00bb]<strong>25 de diciembre<\/strong> D\u00eda de Navidad[\/vc_column_text][vc_column_text css=\u00bb.vc_custom_1760046493347{margin-bottom: 30px !important;}\u00bb]<strong>31 de diciembre<\/strong> Nochevieja[\/vc_column_text][\/vc_column][\/vc_row][\/vc_section][vc_row][vc_column]<style>.vcex-heading.vcex_69e035b5e6aca{color:#982126;}<\/style><div class=\"vcex-heading vcex-heading-plain vcex-module wpex-h3 wpex-text-center vcex_69e035b5e6aca\"><span class=\"vcex-heading-inner wpex-inline-block\">Explora las creaciones listas para el verano<\/span><\/div>[vc_column_text css=\u00bb\u00bb]\n<p style=\"text-align: center;\">Echa un vistazo a recetas con sabores frescos, colores vibrantes y gustos sorprendentes que alegran la estaci\u00f3n con cada bocado.<\/p>\n[\/vc_column_text][\/vc_column][\/vc_row][vc_row][vc_column][vc_column_text css=\u00bb\u00bb]\n<p style=\"text-align: center;\">\u00a1Explora todas las recetas que pueden ayudar a tu panader\u00eda a crecer y prosperar!<\/p>\n[\/vc_column_text][\/vc_column][\/vc_row][vc_row][vc_column]<div class=\"theme-button-wrap textcenter wpex-clr\"><a href=\"https:\/\/bakemark.com\/recipes\/\" class=\"vcex-button theme-button align-center inline\"><span class=\"vcex-button-inner theme-button-inner wpex-flex wpex-flex-wrap wpex-items-center wpex-justify-center\">DESCUBRE M\u00c1S<\/span><\/a><\/div> [\/vc_column][\/vc_row][vc_row][vc_column][\/vc_column][\/vc_row][vc_row][vc_column]<div class=\"wpex-template-shortcode\"><style type=\"text\/css\" data-type=\"vc_shortcodes-custom-css\">.vc_custom_1721317701030{background: #982126 url(https:\/\/bakemark.com\/wp-content\/uploads\/2024\/07\/bakemark-border.svg?id=340) !important;background-position: 0 0 !important;background-repeat: repeat-x !important;}.vc_custom_1720105893517{margin-bottom: 0px !important;}<\/style><div class=\"vc_section bigbrow vc_custom_1721317701030 wpex-vc-full-width-section wpex-vc-full-width-section--centered wpex-relative wpex-vc_section-has-fill wpex-vc_section-mx-0\" style=\"background-position:bottom left!important;background-size:auto 50px!important;\"><div class=\"vc_row wpb_row vc_row-fluid vc_row-o-content-middle vc_row-flex wpex-relative wpex-vc_row-col-mb-0 typography-white\"><div class=\"wpb_column vc_column_container vc_col-sm-2\"><div class=\"vc_column-inner vc_custom_1720105893517\"><div class=\"wpb_wrapper\"><\/div><\/div><\/div><div class=\"wpb_column vc_column_container vc_col-sm-8\"><div class=\"vc_column-inner\"><div class=\"wpb_wrapper\"><div class=\"vcex-spacing wpex-w-100 wpex-clear\"><\/div>\n\t<div class=\"wpb_text_column wpb_content_element\" >\n\t\t<div class=\"wpb_wrapper\">\n\t\t\t<h2 style=\"text-align: center\">\u00bfTienes preguntas? Estamos a tu disposici\u00f3n <\/h2>\n<p style=\"text-align: center\">\u00bfNecesitas m\u00e1s informaci\u00f3n sobre productos o soluciones? \u00bfEst\u00e1s listo para iniciar una conversaci\u00f3n? Un representante de BakeMark responder\u00e1 r\u00e1pidamente a tu mensaje.  <\/p>\n\n\t\t<\/div>\n\t<\/div>\n<div class=\"vcex-spacing wpex-w-100 wpex-clear\"><\/div><div class=\"theme-button-wrap textcenter wpex-clr\"><a href=\"https:\/\/bakemark.com\/es\/contacta-con-nosotros\/\" class=\"vcex-button theme-button align-center inline btnoncolor\"><span class=\"vcex-button-inner theme-button-inner wpex-flex wpex-flex-wrap wpex-items-center wpex-justify-center\">Contacta con nosotros<\/span><\/a><\/div> \t<style>.vcex_69e035b5ec19b{height:70px;}@media (max-width:767px){.vcex_69e035b5ec19b{height:80px;}}<\/style>\n<div class=\"vcex-spacing wpex-w-100 wpex-clear vcex_69e035b5ec19b\"><\/div><\/div><\/div><\/div><div class=\"wpb_column vc_column_container vc_col-sm-2\"><div class=\"vc_column-inner\"><div class=\"wpb_wrapper\"><\/div><\/div><\/div><\/div><\/div>\n<\/div>[\/vc_column][\/vc_row][vc_row][vc_column width=\u00bb1\/4&#8243;][\/vc_column][vc_column width=\u00bb1\/2&#8243;]<figure class=\"vcex-image vcex-module wpex-text-center\"><div class=\"vcex-image-inner wpex-relative wpex-inline-block\"><img width=\"300\" height=\"300\" src=\"https:\/\/bakemark.com\/wp-content\/uploads\/2025\/11\/Untitled-design-81.png\" class=\"vcex-image-img wpex-align-middle wpex-aspect-1-1 wpex-object-fill\" alt=\"\" loading=\"lazy\" decoding=\"async\" srcset=\"https:\/\/bakemark.com\/wp-content\/uploads\/2025\/11\/Untitled-design-81.png 300w, https:\/\/bakemark.com\/wp-content\/uploads\/2025\/11\/Untitled-design-81-150x150.png 150w\" sizes=\"auto, (max-width: 300px) 100vw, 300px\" \/><\/div><\/figure>[\/vc_column][\/vc_row]\n<\/div>","protected":false},"excerpt":{"rendered":"Recetas frescas e inspiraci\u00f3n para cada estaci\u00f3n 4\u00ba Trimestre de 2025 A medida que los d\u00edas se hacen m\u00e1s cortos y fr\u00edos, las oportunidades de disfrutar de productos de pasteler\u00eda indulgentes y apetecibles nos calientan el coraz\u00f3n. Explora todas las formas en que BakeMark puede apoyar tu negocio con productos, inspiraci\u00f3n y soluciones para crear&hellip;","protected":false},"author":11,"featured_media":0,"parent":0,"menu_order":0,"comment_status":"closed","ping_status":"closed","template":"","meta":{"_acf_changed":false,"content-type":"","footnotes":""},"class_list":["post-7291","page","type-page","status-publish","hentry","entry","no-media"],"acf":[],"yoast_head":"<!-- This site is optimized with the Yoast SEO plugin v27.3 - https:\/\/yoast.com\/product\/yoast-seo-wordpress\/ -->\n<title>Recetas frescas e inspiraci\u00f3n para cada estaci\u00f3n Q4 2025 - BakeMark<\/title>\n<meta name=\"robots\" content=\"index, follow, max-snippet:-1, max-image-preview:large, max-video-preview:-1\" \/>\n<link rel=\"canonical\" href=\"https:\/\/bakemark.com\/es\/recetas-frescas-e-inspiracion-para-cada-estacion-2-2\/\" \/>\n<meta property=\"og:locale\" content=\"es_ES\" \/>\n<meta property=\"og:type\" content=\"article\" \/>\n<meta property=\"og:title\" content=\"Recetas frescas e inspiraci\u00f3n para cada estaci\u00f3n Q4 2025 - BakeMark\" \/>\n<meta property=\"og:url\" content=\"https:\/\/bakemark.com\/es\/recetas-frescas-e-inspiracion-para-cada-estacion-2-2\/\" \/>\n<meta property=\"og:site_name\" content=\"BakeMark\" \/>\n<meta property=\"article:modified_time\" content=\"2025-11-21T16:47:05+00:00\" \/>\n<meta name=\"twitter:card\" content=\"summary_large_image\" \/>\n<meta name=\"twitter:label1\" content=\"Est. reading time\" \/>\n\t<meta name=\"twitter:data1\" content=\"5 minutos\" \/>\n<script type=\"application\/ld+json\" class=\"yoast-schema-graph\">{\"@context\":\"https:\\\/\\\/schema.org\",\"@graph\":[{\"@type\":\"WebPage\",\"@id\":\"https:\\\/\\\/bakemark.com\\\/es\\\/recetas-frescas-e-inspiracion-para-cada-estacion-2-2\\\/\",\"url\":\"https:\\\/\\\/bakemark.com\\\/es\\\/recetas-frescas-e-inspiracion-para-cada-estacion-2-2\\\/\",\"name\":\"Recetas frescas e inspiraci\u00f3n para cada estaci\u00f3n Q4 2025 - BakeMark\",\"isPartOf\":{\"@id\":\"https:\\\/\\\/bakemark.com\\\/es\\\/#website\"},\"datePublished\":\"2025-10-09T21:50:16+00:00\",\"dateModified\":\"2025-11-21T16:47:05+00:00\",\"breadcrumb\":{\"@id\":\"https:\\\/\\\/bakemark.com\\\/es\\\/recetas-frescas-e-inspiracion-para-cada-estacion-2-2\\\/#breadcrumb\"},\"inLanguage\":\"es\",\"potentialAction\":[{\"@type\":\"ReadAction\",\"target\":[\"https:\\\/\\\/bakemark.com\\\/es\\\/recetas-frescas-e-inspiracion-para-cada-estacion-2-2\\\/\"]}]},{\"@type\":\"BreadcrumbList\",\"@id\":\"https:\\\/\\\/bakemark.com\\\/es\\\/recetas-frescas-e-inspiracion-para-cada-estacion-2-2\\\/#breadcrumb\",\"itemListElement\":[{\"@type\":\"ListItem\",\"position\":1,\"name\":\"Home\",\"item\":\"https:\\\/\\\/bakemark.com\\\/es\\\/\"},{\"@type\":\"ListItem\",\"position\":2,\"name\":\"Recetas frescas e inspiraci\u00f3n para cada estaci\u00f3n Q4 2025\"}]},{\"@type\":\"WebSite\",\"@id\":\"https:\\\/\\\/bakemark.com\\\/es\\\/#website\",\"url\":\"https:\\\/\\\/bakemark.com\\\/es\\\/\",\"name\":\"BakeMark\",\"description\":\"\",\"publisher\":{\"@id\":\"https:\\\/\\\/bakemark.com\\\/es\\\/#organization\"},\"potentialAction\":[{\"@type\":\"SearchAction\",\"target\":{\"@type\":\"EntryPoint\",\"urlTemplate\":\"https:\\\/\\\/bakemark.com\\\/es\\\/?s={search_term_string}\"},\"query-input\":{\"@type\":\"PropertyValueSpecification\",\"valueRequired\":true,\"valueName\":\"search_term_string\"}}],\"inLanguage\":\"es\"},{\"@type\":\"Organization\",\"@id\":\"https:\\\/\\\/bakemark.com\\\/es\\\/#organization\",\"name\":\"BakeMark\",\"url\":\"https:\\\/\\\/bakemark.com\\\/es\\\/\",\"logo\":{\"@type\":\"ImageObject\",\"inLanguage\":\"es\",\"@id\":\"https:\\\/\\\/bakemark.com\\\/es\\\/#\\\/schema\\\/logo\\\/image\\\/\",\"url\":\"https:\\\/\\\/bakemark.com\\\/wp-content\\\/uploads\\\/2024\\\/07\\\/bakemark-logo-wht.svg\",\"contentUrl\":\"https:\\\/\\\/bakemark.com\\\/wp-content\\\/uploads\\\/2024\\\/07\\\/bakemark-logo-wht.svg\",\"width\":233,\"height\":58,\"caption\":\"BakeMark\"},\"image\":{\"@id\":\"https:\\\/\\\/bakemark.com\\\/es\\\/#\\\/schema\\\/logo\\\/image\\\/\"}}]}<\/script>\n<!-- \/ Yoast SEO plugin. -->","yoast_head_json":{"title":"Recetas frescas e inspiraci\u00f3n para cada estaci\u00f3n Q4 2025 - BakeMark","robots":{"index":"index","follow":"follow","max-snippet":"max-snippet:-1","max-image-preview":"max-image-preview:large","max-video-preview":"max-video-preview:-1"},"canonical":"https:\/\/bakemark.com\/es\/recetas-frescas-e-inspiracion-para-cada-estacion-2-2\/","og_locale":"es_ES","og_type":"article","og_title":"Recetas frescas e inspiraci\u00f3n para cada estaci\u00f3n Q4 2025 - BakeMark","og_url":"https:\/\/bakemark.com\/es\/recetas-frescas-e-inspiracion-para-cada-estacion-2-2\/","og_site_name":"BakeMark","article_modified_time":"2025-11-21T16:47:05+00:00","twitter_card":"summary_large_image","twitter_misc":{"Est. reading time":"5 minutos"},"schema":{"@context":"https:\/\/schema.org","@graph":[{"@type":"WebPage","@id":"https:\/\/bakemark.com\/es\/recetas-frescas-e-inspiracion-para-cada-estacion-2-2\/","url":"https:\/\/bakemark.com\/es\/recetas-frescas-e-inspiracion-para-cada-estacion-2-2\/","name":"Recetas frescas e inspiraci\u00f3n para cada estaci\u00f3n Q4 2025 - BakeMark","isPartOf":{"@id":"https:\/\/bakemark.com\/es\/#website"},"datePublished":"2025-10-09T21:50:16+00:00","dateModified":"2025-11-21T16:47:05+00:00","breadcrumb":{"@id":"https:\/\/bakemark.com\/es\/recetas-frescas-e-inspiracion-para-cada-estacion-2-2\/#breadcrumb"},"inLanguage":"es","potentialAction":[{"@type":"ReadAction","target":["https:\/\/bakemark.com\/es\/recetas-frescas-e-inspiracion-para-cada-estacion-2-2\/"]}]},{"@type":"BreadcrumbList","@id":"https:\/\/bakemark.com\/es\/recetas-frescas-e-inspiracion-para-cada-estacion-2-2\/#breadcrumb","itemListElement":[{"@type":"ListItem","position":1,"name":"Home","item":"https:\/\/bakemark.com\/es\/"},{"@type":"ListItem","position":2,"name":"Recetas frescas e inspiraci\u00f3n para cada estaci\u00f3n Q4 2025"}]},{"@type":"WebSite","@id":"https:\/\/bakemark.com\/es\/#website","url":"https:\/\/bakemark.com\/es\/","name":"BakeMark","description":"","publisher":{"@id":"https:\/\/bakemark.com\/es\/#organization"},"potentialAction":[{"@type":"SearchAction","target":{"@type":"EntryPoint","urlTemplate":"https:\/\/bakemark.com\/es\/?s={search_term_string}"},"query-input":{"@type":"PropertyValueSpecification","valueRequired":true,"valueName":"search_term_string"}}],"inLanguage":"es"},{"@type":"Organization","@id":"https:\/\/bakemark.com\/es\/#organization","name":"BakeMark","url":"https:\/\/bakemark.com\/es\/","logo":{"@type":"ImageObject","inLanguage":"es","@id":"https:\/\/bakemark.com\/es\/#\/schema\/logo\/image\/","url":"https:\/\/bakemark.com\/wp-content\/uploads\/2024\/07\/bakemark-logo-wht.svg","contentUrl":"https:\/\/bakemark.com\/wp-content\/uploads\/2024\/07\/bakemark-logo-wht.svg","width":233,"height":58,"caption":"BakeMark"},"image":{"@id":"https:\/\/bakemark.com\/es\/#\/schema\/logo\/image\/"}}]}},"_links":{"self":[{"href":"https:\/\/bakemark.com\/es\/wp-json\/wp\/v2\/pages\/7291","targetHints":{"allow":["GET"]}}],"collection":[{"href":"https:\/\/bakemark.com\/es\/wp-json\/wp\/v2\/pages"}],"about":[{"href":"https:\/\/bakemark.com\/es\/wp-json\/wp\/v2\/types\/page"}],"author":[{"embeddable":true,"href":"https:\/\/bakemark.com\/es\/wp-json\/wp\/v2\/users\/11"}],"replies":[{"embeddable":true,"href":"https:\/\/bakemark.com\/es\/wp-json\/wp\/v2\/comments?post=7291"}],"version-history":[{"count":0,"href":"https:\/\/bakemark.com\/es\/wp-json\/wp\/v2\/pages\/7291\/revisions"}],"wp:attachment":[{"href":"https:\/\/bakemark.com\/es\/wp-json\/wp\/v2\/media?parent=7291"}],"curies":[{"name":"wp","href":"https:\/\/api.w.org\/{rel}","templated":true}]}}