{"id":7238,"date":"2025-07-22T10:22:48","date_gmt":"2025-07-22T15:22:48","guid":{"rendered":"https:\/\/bakemark.com\/bakemark-ibie-2025\/"},"modified":"2025-07-24T11:02:47","modified_gmt":"2025-07-24T16:02:47","slug":"bakemark-ibie-2025","status":"publish","type":"page","link":"https:\/\/bakemark.com\/es\/bakemark-ibie-2025\/","title":{"rendered":"BakeMark IBIE 2025"},"content":{"rendered":"<div class=\"wpb-content-wrapper\">[vc_section css=\u00bb.vc_custom_1721405355210{margin-bottom: 70px !important;}\u00bb][vc_row full_width=\u00bbstretch_row\u00bb content_placement=\u00bbbottom\u00bb remove_bottom_col_margin=\u00bbtrue\u00bb typography_style=\u00bbwhite\u00bb css=\u00bb.vc_custom_1721321913296{padding-top: 35px !important;padding-bottom: 20px !important;background-color: #982126 !important;}\u00bb el_class=\u00bbbanner-headline\u00bb][vc_column width=\u00bb1\/2&#8243; offset=\u00bbvc_col-lg-5&#8243;][vc_column_text css=\u00bb\u00bb]\n<h1>Explora Soluciones Innovadoras y Conecta con el Equipo<\/h1>\n[\/vc_column_text][\/vc_column][\/vc_row][vc_row remove_bottom_col_margin=\u00bbtrue\u00bb css=\u00bb.vc_custom_1721319595505{margin-top: 20px !important;}\u00bb][vc_column width=\u00bb1\/2&#8243;][vc_column_text css=\u00bb\u00bb el_class=\u00bbbanner-subtext\u00bb]\u00danete a nosotros en <strong>el stand n\u00ba 833 de<\/strong> la IBIE 2025, del 14 al 17 de septiembre en el Centro de Convenciones de Las Vegas, donde expondremos soluciones de panader\u00eda dise\u00f1adas para ayudar a que tu negocio prospere. Los miembros del equipo estar\u00e1n a tu disposici\u00f3n para hablar de enfoques para tus necesidades espec\u00edficas.[\/vc_column_text][\/vc_column][\/vc_row][vc_row full_width=\u00bbstretch_row_content_no_spaces\u00bb remove_bottom_col_margin=\u00bbtrue\u00bb el_class=\u00bbbanner-image\u00bb][vc_column width=\u00bb1\/2&#8243; offset=\u00bbvc_col-sm-offset-6&#8243;]<div class=\"vcex-spacing wpex-w-100 wpex-clear visible-phone\" style=\"height:30px;\"><\/div><figure class=\"vcex-image vcex-module\"><div class=\"vcex-image-inner wpex-relative wpex-inline-block\"><img width=\"2560\" height=\"1920\" src=\"https:\/\/bakemark.com\/wp-content\/uploads\/2025\/07\/Image_20250724_085833-scaled.jpeg\" class=\"vcex-image-img wpex-align-middle\" alt=\"\" loading=\"lazy\" decoding=\"async\" srcset=\"https:\/\/bakemark.com\/wp-content\/uploads\/2025\/07\/Image_20250724_085833-scaled.jpeg 2560w, https:\/\/bakemark.com\/wp-content\/uploads\/2025\/07\/Image_20250724_085833-300x225.jpeg 300w, https:\/\/bakemark.com\/wp-content\/uploads\/2025\/07\/Image_20250724_085833-1024x768.jpeg 1024w, https:\/\/bakemark.com\/wp-content\/uploads\/2025\/07\/Image_20250724_085833-768x576.jpeg 768w, https:\/\/bakemark.com\/wp-content\/uploads\/2025\/07\/Image_20250724_085833-1536x1152.jpeg 1536w, https:\/\/bakemark.com\/wp-content\/uploads\/2025\/07\/Image_20250724_085833-2048x1536.jpeg 2048w\" sizes=\"auto, (max-width: 2560px) 100vw, 2560px\" \/><\/div><\/figure>[\/vc_column][\/vc_row][\/vc_section][vc_section el_class=\u00bboverlapping-columns red-on-print\u00bb css=\u00bb.vc_custom_1723563407956{margin-bottom: 55px !important;}\u00bb][vc_row][vc_column][vc_column_text css=\u00bb\u00bb]\n<h1 class=\"vcex-heading vcex-heading-plain vcex-module wpex-heading wpex-text-2xl wpex-mb-20 wpex-text-center wpex-max-w-100 wpex-mx-auto vcex_68815939a24bd\" style=\"text-align: center;\"><span class=\"vcex-heading-inner wpex-inline-block\">\u00bfListo para hacer crecer tu negocio?<\/span><\/h1>\n<p style=\"text-align: center;\">Descubre estrategias reales, ideas nuevas y el apoyo pr\u00e1ctico del equipo de BakeMark en IBIE 2025. \u00a1Estamos aqu\u00ed para ayudarte! <\/p>\n<p style=\"text-align: center;\">\u00a1Rellena el formulario para avisarnos de que vienes y recibir\u00e1s un c\u00f3digo de inscripci\u00f3n al IBIE con un 20% de descuento!<\/p>\n[\/vc_column_text][\/vc_column][\/vc_row][vc_row][vc_column]<div class=\"vcex-form-shortcode vcex-module wpex-form wpex-m-auto wpex-max-w-100\"><script src=\"https:\/\/js.hsforms.net\/forms\/embed\/5292477.js\" defer><\/script><\/p>\n<div class=\"hs-form-frame\" data-region=\"na1\" data-form-id=\"883fe5c7-f9e5-4be8-af9d-4dac263193e6\" data-portal-id=\"5292477\"><\/div>\n<\/div>[vc_column_text css=\u00bb.vc_custom_1753198068966{margin-bottom: 0px !important;}\u00bb]<span class=\"wpex-text-sm\"><em>*Campos requeridos<\/em><\/span>[\/vc_column_text][\/vc_column][\/vc_row][\/vc_section][vc_section el_class=\u00bboverlapping-columns red-on-print\u00bb css=\u00bb.vc_custom_1723563407956{margin-bottom: 55px !important;}\u00bb][vc_row remove_bottom_col_margin=\u00bbtrue\u00bb el_class=\u00bbimage-row align-bottom\u00bb][vc_column width=\u00bb7\/12&#8243; el_class=\u00bbhide-on-print\u00bb css=\u00bb.vc_custom_1753210812550{padding-bottom: 0px !important;}\u00bb]<style>.vcex-image.vcex_69df21a03673d .vcex-image-inner{max-width:90%;}<\/style><figure class=\"vcex-image vcex-module vcex_69df21a03673d\"><div class=\"vcex-image-inner wpex-relative wpex-inline-block\"><img width=\"962\" height=\"709\" src=\"https:\/\/bakemark.com\/wp-content\/uploads\/2025\/07\/Westco2880YeastRaisedDonutMix.png\" class=\"vcex-image-img wpex-align-middle\" alt=\"Westo 2880 Yeast Raised Donut cut in half\" loading=\"lazy\" decoding=\"async\" srcset=\"https:\/\/bakemark.com\/wp-content\/uploads\/2025\/07\/Westco2880YeastRaisedDonutMix.png 962w, https:\/\/bakemark.com\/wp-content\/uploads\/2025\/07\/Westco2880YeastRaisedDonutMix-300x221.png 300w, https:\/\/bakemark.com\/wp-content\/uploads\/2025\/07\/Westco2880YeastRaisedDonutMix-768x566.png 768w\" sizes=\"auto, (max-width: 962px) 100vw, 962px\" \/><\/div><\/figure>\t<style>.vcex_69df21a036f21{height:30px;}<\/style>\n<div class=\"vcex-spacing wpex-w-100 wpex-clear hidden-phone vcex_69df21a036f21\"><\/div>[\/vc_column][\/vc_row][vc_row full_width=\u00bbstretch_row\u00bb remove_bottom_col_margin=\u00bbtrue\u00bb typography_style=\u00bbwhite\u00bb el_class=\u00bbcontent-row\u00bb][vc_column width=\u00bb7\/12&#8243; offset=\u00bbvc_col-sm-offset-5&#8243; css=\u00bb.vc_custom_1753210029078{padding-top: 100px !important;padding-bottom: 100px !important;background-color: #F5F0E4 !important;background-position: 0 0 !important;background-repeat: repeat-x !important;}\u00bb wpex_bg_position=\u00bbleft bottom\u00bb wpex_bg_size=\u00bbauto 50px\u00bb el_class=\u00bbfull-width-print\u00bb]\t<style>.vcex_69df21a036fa3{height:30px;}<\/style>\n<div class=\"vcex-spacing wpex-w-100 wpex-clear hidden-phone vcex_69df21a036fa3\"><\/div>[vc_column_text css=\u00bb.vc_custom_1753195618612{margin-bottom: 15px !important;}\u00bb color=\u00bb#872b2b\u00bb]\n<h4>Descubre un gran avance en Frescura<\/h4>\n[\/vc_column_text][vc_column_text css=\u00bb\u00bb color=\u00bb#2a2727&#8243;]La Mezcla y Base para Donuts <sup>Westco\u00ae<\/sup> <sup>2880\u00ae<\/sup> Levadura Elevada puede ayudarte a prolongar la vida \u00fatil, minimizar la mano de obra y reducir los residuos.[\/vc_column_text]<div class=\"vcex-spacing wpex-w-100 wpex-clear\" style=\"height:15px;\"><\/div><a href=\"https:\/\/bakemark.com\/es\/bmk-subcategories\/westco-2880-mezcla-y-base-para-rosquillas-fermentadas-con-levadura-de-larga-duracion\/\" class=\"vcex-button theme-button inline btnoncolor hide-on-print\"><span class=\"vcex-button-inner theme-button-inner wpex-flex wpex-flex-wrap wpex-items-center wpex-justify-center\">Ver m\u00e1s<\/span><\/a> \t<style>.vcex_69df21a03a1a3{height:30px;}<\/style>\n<div class=\"vcex-spacing wpex-w-100 wpex-clear hidden-phone vcex_69df21a03a1a3\"><\/div>[\/vc_column][\/vc_row][\/vc_section][vc_section el_class=\u00bboverlapping-columns\u00bb css=\u00bb.vc_custom_1753209098760{padding-top: 40px !important;padding-bottom: 40px !important;}\u00bb][vc_row remove_bottom_col_margin=\u00bbtrue\u00bb el_class=\u00bbimage-row\u00bb][vc_column width=\u00bb7\/12&#8243; offset=\u00bbvc_col-sm-offset-6&#8243;]<figure class=\"vcex-image vcex-module\"><div class=\"vcex-image-inner wpex-relative wpex-w-100\"><img width=\"962\" height=\"709\" src=\"https:\/\/bakemark.com\/wp-content\/uploads\/2025\/07\/WestcoCremeFillings.png\" class=\"vcex-image-img wpex-align-middle wpex-w-100\" alt=\"Westco Creme filling mocha filled bismarck with a bite taken out to show filling\" loading=\"lazy\" decoding=\"async\" srcset=\"https:\/\/bakemark.com\/wp-content\/uploads\/2025\/07\/WestcoCremeFillings.png 962w, https:\/\/bakemark.com\/wp-content\/uploads\/2025\/07\/WestcoCremeFillings-300x221.png 300w, https:\/\/bakemark.com\/wp-content\/uploads\/2025\/07\/WestcoCremeFillings-768x566.png 768w\" sizes=\"auto, (max-width: 962px) 100vw, 962px\" \/><\/div><\/figure>\t<style>.vcex_69df21a03abb3{height:30px;}<\/style>\n<div class=\"vcex-spacing wpex-w-100 wpex-clear hidden-phone vcex_69df21a03abb3\"><\/div>[\/vc_column][\/vc_row][vc_row full_width=\u00bbstretch_row\u00bb remove_bottom_col_margin=\u00bbtrue\u00bb el_class=\u00bbcontent-row\u00bb][vc_column width=\u00bb2\/3&#8243; css=\u00bb.vc_custom_1753210040490{padding-top: 100px !important;padding-bottom: 100px !important;background-color: #f5f0e4 !important;background-position: 0 0 !important;background-repeat: repeat-x !important;}\u00bb wpex_bg_position=\u00bbleft bottom\u00bb wpex_bg_size=\u00bbauto 50px\u00bb]\t<style>.vcex_69df21a03ac48{height:30px;}<\/style>\n<div class=\"vcex-spacing wpex-w-100 wpex-clear hidden-phone vcex_69df21a03ac48\"><\/div>[vc_column_text css=\u00bb.vc_custom_1753198518468{margin-bottom: 15px !important;}\u00bb color=\u00bb#872b2b\u00bb]\n<h4>Ofrece excelencia con facilidad<\/h4>\n[\/vc_column_text][vc_column_text css=\u00bb\u00bb color=\u00bb#2a2727&#8243;]Disponibles en tres sabores populares, los rellenos de crema <sup>Westco\u00ae<\/sup> listos para usar proporcionan un sabor decadente y una textura cremosa sin ingredientes ni pasos adicionales.[\/vc_column_text]<div class=\"vcex-spacing wpex-w-100 wpex-clear\" style=\"height:15px;\"><\/div><a href=\"https:\/\/bakemark.com\/es\/bmk-subcategories\/westco-relleno-de-crema-aromatizado\/\" class=\"vcex-button theme-button inline btnoncolor hide-on-print\"><span class=\"vcex-button-inner theme-button-inner wpex-flex wpex-flex-wrap wpex-items-center wpex-justify-center\">Ver m\u00e1s<\/span><\/a> \t<style>.vcex_69df21a03cb17{height:30px;}<\/style>\n<div class=\"vcex-spacing wpex-w-100 wpex-clear hidden-phone vcex_69df21a03cb17\"><\/div>[\/vc_column][\/vc_row][\/vc_section][vc_section el_class=\u00bboverlapping-columns red-on-print\u00bb css=\u00bb.vc_custom_1723563407956{margin-bottom: 55px !important;}\u00bb][vc_row remove_bottom_col_margin=\u00bbtrue\u00bb el_class=\u00bbimage-row align-bottom\u00bb][vc_column width=\u00bb7\/12&#8243; el_class=\u00bbhide-on-print\u00bb]<style>.vcex-image.vcex_69df21a03ce1b .vcex-image-img{border-radius:15px;}.vcex-image.vcex_69df21a03ce1b .vcex-image-inner{max-width:90%;}<\/style><figure class=\"vcex-image vcex-module vcex_69df21a03ce1b\"><div class=\"vcex-image-inner wpex-relative wpex-inline-block\"><img width=\"962\" height=\"759\" src=\"https:\/\/bakemark.com\/wp-content\/uploads\/2025\/07\/WestcoPumpkin-WescoSpiceCakMix.png\" class=\"vcex-image-img wpex-align-middle\" alt=\"Westo Pumpkin Spice Creme Cake Mix used to make a caramel apple cupcake\" loading=\"lazy\" decoding=\"async\" srcset=\"https:\/\/bakemark.com\/wp-content\/uploads\/2025\/07\/WestcoPumpkin-WescoSpiceCakMix.png 962w, https:\/\/bakemark.com\/wp-content\/uploads\/2025\/07\/WestcoPumpkin-WescoSpiceCakMix-300x237.png 300w, https:\/\/bakemark.com\/wp-content\/uploads\/2025\/07\/WestcoPumpkin-WescoSpiceCakMix-768x606.png 768w\" sizes=\"auto, (max-width: 962px) 100vw, 962px\" \/><\/div><\/figure>\t<style>.vcex_69df21a03d483{height:30px;}<\/style>\n<div class=\"vcex-spacing wpex-w-100 wpex-clear hidden-phone vcex_69df21a03d483\"><\/div>[\/vc_column][\/vc_row][vc_row full_width=\u00bbstretch_row\u00bb remove_bottom_col_margin=\u00bbtrue\u00bb typography_style=\u00bbwhite\u00bb el_class=\u00bbcontent-row\u00bb][vc_column width=\u00bb7\/12&#8243; offset=\u00bbvc_col-sm-offset-5&#8243; css=\u00bb.vc_custom_1753210123900{padding-top: 100px !important;padding-bottom: 100px !important;background-color: #F5F0E4 !important;background-position: 0 0 !important;background-repeat: repeat-x !important;}\u00bb wpex_bg_position=\u00bbleft bottom\u00bb wpex_bg_size=\u00bbauto 50px\u00bb el_class=\u00bbfull-width-print\u00bb]\t<style>.vcex_69df21a03d504{height:30px;}<\/style>\n<div class=\"vcex-spacing wpex-w-100 wpex-clear hidden-phone vcex_69df21a03d504\"><\/div>[vc_column_text css=\u00bb.vc_custom_1753197790098{margin-bottom: 15px !important;}\u00bb color=\u00bb#872b2b\u00bb]\n<h4>Muestra <sup>westco\u00ae<\/sup> pumpkin spice cake donut y Cr\u00e8me cake mix<\/h4>\n[\/vc_column_text][vc_column_text css=\u00bb\u00bb color=\u00bb#2a2727&#8243;]Perfecta para elaborar delicias c\u00e1lidas y acogedoras que resuenen con el acogedor encanto del oto\u00f1o , esta mezcla ofrece una soluci\u00f3n c\u00f3moda y de calidad para cautivar a tus consumidores.[\/vc_column_text]<div class=\"vcex-spacing wpex-w-100 wpex-clear\" style=\"height:15px;\"><\/div><a href=\"https:\/\/bakemark.com\/es\/bmk-subcategories\/westco-pumpkin-spice-donut-creme-cake-mezclas\/\" class=\"vcex-button theme-button inline btnoncolor hide-on-print\"><span class=\"vcex-button-inner theme-button-inner wpex-flex wpex-flex-wrap wpex-items-center wpex-justify-center\">Ver m\u00e1s<\/span><\/a> \t<style>.vcex_69df21a03fae5{height:30px;}<\/style>\n<div class=\"vcex-spacing wpex-w-100 wpex-clear hidden-phone vcex_69df21a03fae5\"><\/div>[\/vc_column][\/vc_row][\/vc_section][vc_row remove_bottom_col_margin=\u00bbtrue\u00bb css=\u00bb.vc_custom_1753209033364{margin-top: 35px !important;margin-bottom: 35px !important;}\u00bb][vc_column]<div class=\"vcex-spacing wpex-w-100 wpex-clear\" style=\"height:30px;\"><\/div>[\/vc_column][vc_column]<div class=\"wpex-template-shortcode\"><style type=\"text\/css\" data-type=\"vc_shortcodes-custom-css\">.vc_custom_1721317701030{background: #982126 url(https:\/\/bakemark.com\/wp-content\/uploads\/2024\/07\/bakemark-border.svg?id=340) !important;background-position: 0 0 !important;background-repeat: repeat-x !important;}.vc_custom_1720105893517{margin-bottom: 0px !important;}<\/style><div class=\"vc_section bigbrow vc_custom_1721317701030 wpex-vc-full-width-section wpex-vc-full-width-section--centered wpex-relative wpex-vc_section-has-fill wpex-vc_section-mx-0\" style=\"background-position:bottom left!important;background-size:auto 50px!important;\"><div class=\"vc_row wpb_row vc_row-fluid vc_row-o-content-middle vc_row-flex wpex-relative wpex-vc_row-col-mb-0 typography-white\"><div class=\"wpb_column vc_column_container vc_col-sm-2\"><div class=\"vc_column-inner vc_custom_1720105893517\"><div class=\"wpb_wrapper\"><\/div><\/div><\/div><div class=\"wpb_column vc_column_container vc_col-sm-8\"><div class=\"vc_column-inner\"><div class=\"wpb_wrapper\"><div class=\"vcex-spacing wpex-w-100 wpex-clear\"><\/div>\n\t<div class=\"wpb_text_column wpb_content_element\" >\n\t\t<div class=\"wpb_wrapper\">\n\t\t\t<h2 style=\"text-align: center\">\u00bfTienes preguntas? Estamos a tu disposici\u00f3n <\/h2>\n<p style=\"text-align: center\">\u00bfNecesitas m\u00e1s informaci\u00f3n sobre productos o soluciones? \u00bfEst\u00e1s listo para iniciar una conversaci\u00f3n? Un representante de BakeMark responder\u00e1 r\u00e1pidamente a tu mensaje.  <\/p>\n\n\t\t<\/div>\n\t<\/div>\n<div class=\"vcex-spacing wpex-w-100 wpex-clear\"><\/div><div class=\"theme-button-wrap textcenter wpex-clr\"><a href=\"https:\/\/bakemark.com\/es\/contacta-con-nosotros\/\" class=\"vcex-button theme-button align-center inline btnoncolor\"><span class=\"vcex-button-inner theme-button-inner wpex-flex wpex-flex-wrap wpex-items-center wpex-justify-center\">Contacta con nosotros<\/span><\/a><\/div> \t<style>.vcex_69df21a043947{height:70px;}@media (max-width:767px){.vcex_69df21a043947{height:80px;}}<\/style>\n<div class=\"vcex-spacing wpex-w-100 wpex-clear vcex_69df21a043947\"><\/div><\/div><\/div><\/div><div class=\"wpb_column vc_column_container vc_col-sm-2\"><div class=\"vc_column-inner\"><div class=\"wpb_wrapper\"><\/div><\/div><\/div><\/div><\/div>\n<\/div>[\/vc_column][\/vc_row]\n<\/div>","protected":false},"excerpt":{"rendered":"Explora Soluciones Innovadoras y Conecta con el Equipo \u00danete a nosotros en el stand n\u00ba 833 de la IBIE 2025, del 14 al 17 de septiembre en el Centro de Convenciones de Las Vegas, donde expondremos soluciones de panader\u00eda dise\u00f1adas para ayudar a que tu negocio prospere. Los miembros del equipo estar\u00e1n a tu disposici\u00f3n&hellip;","protected":false},"author":9,"featured_media":0,"parent":0,"menu_order":0,"comment_status":"closed","ping_status":"closed","template":"","meta":{"_acf_changed":false,"content-type":"","footnotes":""},"class_list":["post-7238","page","type-page","status-publish","hentry","entry","no-media"],"acf":[],"yoast_head":"<!-- This site is optimized with the Yoast SEO plugin v27.3 - https:\/\/yoast.com\/product\/yoast-seo-wordpress\/ -->\n<title>BakeMark IBIE 2025 - BakeMark<\/title>\n<meta name=\"robots\" content=\"index, follow, max-snippet:-1, max-image-preview:large, max-video-preview:-1\" \/>\n<link rel=\"canonical\" href=\"https:\/\/bakemark.com\/es\/bakemark-ibie-2025\/\" \/>\n<meta property=\"og:locale\" content=\"es_ES\" \/>\n<meta property=\"og:type\" content=\"article\" \/>\n<meta property=\"og:title\" content=\"BakeMark IBIE 2025 - BakeMark\" \/>\n<meta property=\"og:url\" content=\"https:\/\/bakemark.com\/es\/bakemark-ibie-2025\/\" \/>\n<meta property=\"og:site_name\" content=\"BakeMark\" \/>\n<meta property=\"article:modified_time\" content=\"2025-07-24T16:02:47+00:00\" \/>\n<meta name=\"twitter:card\" content=\"summary_large_image\" \/>\n<meta name=\"twitter:label1\" content=\"Est. reading time\" \/>\n\t<meta name=\"twitter:data1\" content=\"5 minutos\" \/>\n<script type=\"application\/ld+json\" class=\"yoast-schema-graph\">{\"@context\":\"https:\\\/\\\/schema.org\",\"@graph\":[{\"@type\":\"WebPage\",\"@id\":\"https:\\\/\\\/bakemark.com\\\/es\\\/bakemark-ibie-2025\\\/\",\"url\":\"https:\\\/\\\/bakemark.com\\\/es\\\/bakemark-ibie-2025\\\/\",\"name\":\"BakeMark IBIE 2025 - BakeMark\",\"isPartOf\":{\"@id\":\"https:\\\/\\\/bakemark.com\\\/es\\\/#website\"},\"datePublished\":\"2025-07-22T15:22:48+00:00\",\"dateModified\":\"2025-07-24T16:02:47+00:00\",\"breadcrumb\":{\"@id\":\"https:\\\/\\\/bakemark.com\\\/es\\\/bakemark-ibie-2025\\\/#breadcrumb\"},\"inLanguage\":\"es\",\"potentialAction\":[{\"@type\":\"ReadAction\",\"target\":[\"https:\\\/\\\/bakemark.com\\\/es\\\/bakemark-ibie-2025\\\/\"]}]},{\"@type\":\"BreadcrumbList\",\"@id\":\"https:\\\/\\\/bakemark.com\\\/es\\\/bakemark-ibie-2025\\\/#breadcrumb\",\"itemListElement\":[{\"@type\":\"ListItem\",\"position\":1,\"name\":\"Home\",\"item\":\"https:\\\/\\\/bakemark.com\\\/es\\\/\"},{\"@type\":\"ListItem\",\"position\":2,\"name\":\"BakeMark IBIE 2025\"}]},{\"@type\":\"WebSite\",\"@id\":\"https:\\\/\\\/bakemark.com\\\/es\\\/#website\",\"url\":\"https:\\\/\\\/bakemark.com\\\/es\\\/\",\"name\":\"BakeMark\",\"description\":\"\",\"publisher\":{\"@id\":\"https:\\\/\\\/bakemark.com\\\/es\\\/#organization\"},\"potentialAction\":[{\"@type\":\"SearchAction\",\"target\":{\"@type\":\"EntryPoint\",\"urlTemplate\":\"https:\\\/\\\/bakemark.com\\\/es\\\/?s={search_term_string}\"},\"query-input\":{\"@type\":\"PropertyValueSpecification\",\"valueRequired\":true,\"valueName\":\"search_term_string\"}}],\"inLanguage\":\"es\"},{\"@type\":\"Organization\",\"@id\":\"https:\\\/\\\/bakemark.com\\\/es\\\/#organization\",\"name\":\"BakeMark\",\"url\":\"https:\\\/\\\/bakemark.com\\\/es\\\/\",\"logo\":{\"@type\":\"ImageObject\",\"inLanguage\":\"es\",\"@id\":\"https:\\\/\\\/bakemark.com\\\/es\\\/#\\\/schema\\\/logo\\\/image\\\/\",\"url\":\"https:\\\/\\\/bakemark.com\\\/wp-content\\\/uploads\\\/2024\\\/07\\\/bakemark-logo-wht.svg\",\"contentUrl\":\"https:\\\/\\\/bakemark.com\\\/wp-content\\\/uploads\\\/2024\\\/07\\\/bakemark-logo-wht.svg\",\"width\":233,\"height\":58,\"caption\":\"BakeMark\"},\"image\":{\"@id\":\"https:\\\/\\\/bakemark.com\\\/es\\\/#\\\/schema\\\/logo\\\/image\\\/\"}}]}<\/script>\n<!-- \/ Yoast SEO plugin. -->","yoast_head_json":{"title":"BakeMark IBIE 2025 - BakeMark","robots":{"index":"index","follow":"follow","max-snippet":"max-snippet:-1","max-image-preview":"max-image-preview:large","max-video-preview":"max-video-preview:-1"},"canonical":"https:\/\/bakemark.com\/es\/bakemark-ibie-2025\/","og_locale":"es_ES","og_type":"article","og_title":"BakeMark IBIE 2025 - BakeMark","og_url":"https:\/\/bakemark.com\/es\/bakemark-ibie-2025\/","og_site_name":"BakeMark","article_modified_time":"2025-07-24T16:02:47+00:00","twitter_card":"summary_large_image","twitter_misc":{"Est. reading time":"5 minutos"},"schema":{"@context":"https:\/\/schema.org","@graph":[{"@type":"WebPage","@id":"https:\/\/bakemark.com\/es\/bakemark-ibie-2025\/","url":"https:\/\/bakemark.com\/es\/bakemark-ibie-2025\/","name":"BakeMark IBIE 2025 - BakeMark","isPartOf":{"@id":"https:\/\/bakemark.com\/es\/#website"},"datePublished":"2025-07-22T15:22:48+00:00","dateModified":"2025-07-24T16:02:47+00:00","breadcrumb":{"@id":"https:\/\/bakemark.com\/es\/bakemark-ibie-2025\/#breadcrumb"},"inLanguage":"es","potentialAction":[{"@type":"ReadAction","target":["https:\/\/bakemark.com\/es\/bakemark-ibie-2025\/"]}]},{"@type":"BreadcrumbList","@id":"https:\/\/bakemark.com\/es\/bakemark-ibie-2025\/#breadcrumb","itemListElement":[{"@type":"ListItem","position":1,"name":"Home","item":"https:\/\/bakemark.com\/es\/"},{"@type":"ListItem","position":2,"name":"BakeMark IBIE 2025"}]},{"@type":"WebSite","@id":"https:\/\/bakemark.com\/es\/#website","url":"https:\/\/bakemark.com\/es\/","name":"BakeMark","description":"","publisher":{"@id":"https:\/\/bakemark.com\/es\/#organization"},"potentialAction":[{"@type":"SearchAction","target":{"@type":"EntryPoint","urlTemplate":"https:\/\/bakemark.com\/es\/?s={search_term_string}"},"query-input":{"@type":"PropertyValueSpecification","valueRequired":true,"valueName":"search_term_string"}}],"inLanguage":"es"},{"@type":"Organization","@id":"https:\/\/bakemark.com\/es\/#organization","name":"BakeMark","url":"https:\/\/bakemark.com\/es\/","logo":{"@type":"ImageObject","inLanguage":"es","@id":"https:\/\/bakemark.com\/es\/#\/schema\/logo\/image\/","url":"https:\/\/bakemark.com\/wp-content\/uploads\/2024\/07\/bakemark-logo-wht.svg","contentUrl":"https:\/\/bakemark.com\/wp-content\/uploads\/2024\/07\/bakemark-logo-wht.svg","width":233,"height":58,"caption":"BakeMark"},"image":{"@id":"https:\/\/bakemark.com\/es\/#\/schema\/logo\/image\/"}}]}},"_links":{"self":[{"href":"https:\/\/bakemark.com\/es\/wp-json\/wp\/v2\/pages\/7238","targetHints":{"allow":["GET"]}}],"collection":[{"href":"https:\/\/bakemark.com\/es\/wp-json\/wp\/v2\/pages"}],"about":[{"href":"https:\/\/bakemark.com\/es\/wp-json\/wp\/v2\/types\/page"}],"author":[{"embeddable":true,"href":"https:\/\/bakemark.com\/es\/wp-json\/wp\/v2\/users\/9"}],"replies":[{"embeddable":true,"href":"https:\/\/bakemark.com\/es\/wp-json\/wp\/v2\/comments?post=7238"}],"version-history":[{"count":0,"href":"https:\/\/bakemark.com\/es\/wp-json\/wp\/v2\/pages\/7238\/revisions"}],"wp:attachment":[{"href":"https:\/\/bakemark.com\/es\/wp-json\/wp\/v2\/media?parent=7238"}],"curies":[{"name":"wp","href":"https:\/\/api.w.org\/{rel}","templated":true}]}}