{"id":7050,"date":"2025-03-11T16:37:18","date_gmt":"2025-03-11T21:37:18","guid":{"rendered":"https:\/\/bakemark.com\/dia-nacional-del-donut-2025\/"},"modified":"2026-01-14T11:22:09","modified_gmt":"2026-01-14T17:22:09","slug":"dia-nacional-del-donut-2025","status":"publish","type":"page","link":"https:\/\/bakemark.com\/es\/dia-nacional-del-donut-2025\/","title":{"rendered":"D\u00eda Nacional del Donut 2025"},"content":{"rendered":"<div class=\"wpb-content-wrapper\">[vc_row full_width=\u00bbstretch_row\u00bb content_placement=\u00bbmiddle\u00bb css=\u00bb.vc_custom_1741728953911{background-image: url(https:\/\/bakemark.com\/wp-content\/uploads\/2025\/03\/VanIcingSwirl4.png?id=7031) !important;}\u00bb][vc_column]<figure class=\"vcex-image vcex-module\"><div class=\"vcex-image-inner wpex-relative wpex-inline-block\"><img width=\"850\" height=\"196\" src=\"https:\/\/bakemark.com\/wp-content\/uploads\/2025\/03\/June-6th.png\" class=\"vcex-image-img wpex-align-middle\" alt=\"\" loading=\"lazy\" decoding=\"async\" srcset=\"https:\/\/bakemark.com\/wp-content\/uploads\/2025\/03\/June-6th.png 850w, https:\/\/bakemark.com\/wp-content\/uploads\/2025\/03\/June-6th-300x69.png 300w, https:\/\/bakemark.com\/wp-content\/uploads\/2025\/03\/June-6th-768x177.png 768w\" sizes=\"auto, (max-width: 850px) 100vw, 850px\" \/><\/div><\/figure><figure class=\"vcex-image vcex-module\"><div class=\"vcex-image-inner wpex-relative wpex-inline-block\"><img width=\"1780\" height=\"570\" src=\"https:\/\/bakemark.com\/wp-content\/uploads\/2025\/03\/Group-252.png\" class=\"vcex-image-img wpex-align-middle\" alt=\"\" loading=\"lazy\" decoding=\"async\" srcset=\"https:\/\/bakemark.com\/wp-content\/uploads\/2025\/03\/Group-252.png 1780w, https:\/\/bakemark.com\/wp-content\/uploads\/2025\/03\/Group-252-300x96.png 300w, https:\/\/bakemark.com\/wp-content\/uploads\/2025\/03\/Group-252-1024x328.png 1024w, https:\/\/bakemark.com\/wp-content\/uploads\/2025\/03\/Group-252-768x246.png 768w, https:\/\/bakemark.com\/wp-content\/uploads\/2025\/03\/Group-252-1536x492.png 1536w\" sizes=\"auto, (max-width: 1780px) 100vw, 1780px\" \/><\/div><\/figure>[\/vc_column][\/vc_row][vc_row][vc_column width=\u00bb1\/2&#8243;]<figure class=\"vcex-image vcex-module\"><div class=\"vcex-image-inner wpex-relative wpex-inline-block\"><img width=\"1018\" height=\"366\" src=\"https:\/\/bakemark.com\/wp-content\/uploads\/2025\/03\/Carry-onthe-tradition.png\" class=\"vcex-image-img wpex-align-middle\" alt=\"\" loading=\"lazy\" decoding=\"async\" srcset=\"https:\/\/bakemark.com\/wp-content\/uploads\/2025\/03\/Carry-onthe-tradition.png 1018w, https:\/\/bakemark.com\/wp-content\/uploads\/2025\/03\/Carry-onthe-tradition-300x108.png 300w, https:\/\/bakemark.com\/wp-content\/uploads\/2025\/03\/Carry-onthe-tradition-768x276.png 768w\" sizes=\"auto, (max-width: 1018px) 100vw, 1018px\" \/><\/div><\/figure>[vc_column_text css=\u00bb\u00bb]Esta fiesta conmemora a los voluntarios del Ej\u00e9rcito de Salvaci\u00f3n que sirvieron rosquillas a los soldados durante la Primera Guerra Mundial, ofreciendo consuelo en tiempos de conflicto. Puedes continuar el legado de solidaridad con apoyo y recursos para que tu propia celebraci\u00f3n sea un \u00e9xito.  La campa\u00f1a <strong>\u00abDeja tu huella\u00bb <\/strong>de BakeMark refleja nuestro compromiso de retribuir no s\u00f3lo a nuestra industria, sino tambi\u00e9n a nuestras comunidades.[\/vc_column_text]<div class=\"vcex-spacing wpex-w-100 wpex-clear\" style=\"height:30px;\"><\/div><a href=\"https:\/\/www.salvationarmyusa.org\/usn\/national-donut-day\/\" class=\"vcex-button theme-button inline\"><span class=\"vcex-button-inner theme-button-inner wpex-flex wpex-flex-wrap wpex-items-center wpex-justify-center\">ver m\u00e1s detalles e historia<\/span><\/a> [\/vc_column][vc_column width=\u00bb1\/2&#8243;]<figure class=\"vcex-image vcex-module\"><div class=\"vcex-image-inner wpex-relative wpex-inline-block\"><img width=\"1080\" height=\"1080\" src=\"https:\/\/bakemark.com\/wp-content\/uploads\/2025\/03\/Untitled-design-57.png\" class=\"vcex-image-img wpex-align-middle\" alt=\"\" loading=\"lazy\" decoding=\"async\" srcset=\"https:\/\/bakemark.com\/wp-content\/uploads\/2025\/03\/Untitled-design-57.png 1080w, https:\/\/bakemark.com\/wp-content\/uploads\/2025\/03\/Untitled-design-57-300x300.png 300w, https:\/\/bakemark.com\/wp-content\/uploads\/2025\/03\/Untitled-design-57-1024x1024.png 1024w, https:\/\/bakemark.com\/wp-content\/uploads\/2025\/03\/Untitled-design-57-150x150.png 150w, https:\/\/bakemark.com\/wp-content\/uploads\/2025\/03\/Untitled-design-57-768x768.png 768w\" sizes=\"auto, (max-width: 1080px) 100vw, 1080px\" \/><\/div><\/figure>[\/vc_column][\/vc_row][vc_row full_width=\u00bbstretch_row\u00bb css=\u00bb.vc_custom_1741797836891{background-color: #E5F4FB !important;}\u00bb wpex_bg_color=\u00bb#e5f4fb\u00bb][vc_column width=\u00bb1\/2&#8243;]<figure class=\"vcex-image vcex-module\"><div class=\"vcex-image-inner wpex-relative wpex-inline-block\"><img width=\"1742\" height=\"1689\" src=\"https:\/\/bakemark.com\/wp-content\/uploads\/2025\/03\/POSBundle_REV.png\" class=\"vcex-image-img wpex-align-middle\" alt=\"\" loading=\"lazy\" decoding=\"async\" srcset=\"https:\/\/bakemark.com\/wp-content\/uploads\/2025\/03\/POSBundle_REV.png 1742w, https:\/\/bakemark.com\/wp-content\/uploads\/2025\/03\/POSBundle_REV-300x291.png 300w, https:\/\/bakemark.com\/wp-content\/uploads\/2025\/03\/POSBundle_REV-1024x993.png 1024w, https:\/\/bakemark.com\/wp-content\/uploads\/2025\/03\/POSBundle_REV-768x745.png 768w, https:\/\/bakemark.com\/wp-content\/uploads\/2025\/03\/POSBundle_REV-1536x1489.png 1536w\" sizes=\"auto, (max-width: 1742px) 100vw, 1742px\" \/><\/div><\/figure>[\/vc_column][vc_column width=\u00bb1\/2&#8243;]<div class=\"vcex-spacing wpex-w-100 wpex-clear\" style=\"height:100px;\"><\/div><style>.vcex-heading.vcex_69f4614fb18e0{color:#982126;}<\/style><div class=\"vcex-heading vcex-heading-plain vcex-module wpex-h2 vcex_69f4614fb18e0\"><span class=\"vcex-heading-inner wpex-inline-block\">P\u00f3sters y pegatinas gratis<\/span><\/div>[vc_column_text css=\u00bb\u00bb]\u00bfNecesitas m\u00e1s carteles para correr la voz? Tu representante de ventas estar\u00e1 encantado de ayudarte.[\/vc_column_text]<div class=\"vcex-spacing wpex-w-100 wpex-clear\" style=\"height:30px;\"><\/div><a href=\"https:\/\/bakemark.com\/contact-us\/\" class=\"vcex-button theme-button inline\"><span class=\"vcex-button-inner theme-button-inner wpex-flex wpex-flex-wrap wpex-items-center wpex-justify-center\">Contacta con nosotros<\/span><\/a> [\/vc_column][\/vc_row][vc_row][vc_column width=\u00bb1\/2&#8243;]<div class=\"vcex-spacing wpex-w-100 wpex-clear\" style=\"height:100px;\"><\/div><style>.vcex-heading.vcex_69f4614fb201d{color:#982126;}<\/style><div class=\"vcex-heading vcex-heading-plain vcex-module wpex-h2 vcex_69f4614fb201d\"><span class=\"vcex-heading-inner wpex-inline-block\">Corre la voz en las redes sociales<\/span><\/div>[vc_column_text css=\u00bb\u00bb]Estas publicaciones listas para usar informan a tus seguidores sobre esta dulce festividad.[\/vc_column_text]<div class=\"vcex-spacing wpex-w-100 wpex-clear\" style=\"height:30px;\"><\/div><a href=\"https:\/\/bakemark.com\/ndd-digital-assets\/\" class=\"vcex-button theme-button inline\"><span class=\"vcex-button-inner theme-button-inner wpex-flex wpex-flex-wrap wpex-items-center wpex-justify-center\">Descargar mensajes sociales<\/span><\/a> [\/vc_column][vc_column width=\u00bb1\/2&#8243;]<figure class=\"vcex-image vcex-module\"><div class=\"vcex-image-inner wpex-relative wpex-inline-block\"><img width=\"1000\" height=\"854\" src=\"https:\/\/bakemark.com\/wp-content\/uploads\/2025\/03\/LandingPageImages_SocialImages.png\" class=\"vcex-image-img wpex-align-middle\" alt=\"\" loading=\"lazy\" decoding=\"async\" srcset=\"https:\/\/bakemark.com\/wp-content\/uploads\/2025\/03\/LandingPageImages_SocialImages.png 1000w, https:\/\/bakemark.com\/wp-content\/uploads\/2025\/03\/LandingPageImages_SocialImages-300x256.png 300w, https:\/\/bakemark.com\/wp-content\/uploads\/2025\/03\/LandingPageImages_SocialImages-768x656.png 768w\" sizes=\"auto, (max-width: 1000px) 100vw, 1000px\" \/><\/div><\/figure>[\/vc_column][\/vc_row][vc_row full_width=\u00bbstretch_row\u00bb css=\u00bb.vc_custom_1741799853242{background-color: #E5F4FB !important;}\u00bb wpex_bg_color=\u00bb#e5f4fb\u00bb][vc_column width=\u00bb1\/2&#8243;]<div class=\"vcex-spacing wpex-w-100 wpex-clear\" style=\"height:100px;\"><\/div><figure class=\"vcex-image vcex-module\"><div class=\"vcex-image-inner wpex-relative wpex-inline-block vc_custom_1741798615248\"><img width=\"840\" height=\"630\" src=\"https:\/\/bakemark.com\/wp-content\/uploads\/2025\/03\/BirthdayCakeDonuts-1.png\" class=\"vcex-image-img wpex-align-middle wpex-aspect-4-3 wpex-object-cover\" alt=\"\" loading=\"lazy\" decoding=\"async\" srcset=\"https:\/\/bakemark.com\/wp-content\/uploads\/2025\/03\/BirthdayCakeDonuts-1.png 840w, https:\/\/bakemark.com\/wp-content\/uploads\/2025\/03\/BirthdayCakeDonuts-1-300x225.png 300w, https:\/\/bakemark.com\/wp-content\/uploads\/2025\/03\/BirthdayCakeDonuts-1-768x576.png 768w\" sizes=\"auto, (max-width: 840px) 100vw, 840px\" \/><\/div><\/figure>[\/vc_column][vc_column width=\u00bb1\/2&#8243;]<div class=\"vcex-spacing wpex-w-100 wpex-clear\" style=\"height:100px;\"><\/div><style>.vcex-heading.vcex_69f4614fb363f{color:#982126;}<\/style><div class=\"vcex-heading vcex-heading-plain vcex-module wpex-h2 vcex_69f4614fb363f\"><span class=\"vcex-heading-inner wpex-inline-block\">Descubre la deliciosa inspiraci\u00f3n<\/span><\/div>[vc_column_text css=\u00bb\u00bb]Sirve algo nuevo y emocionante en el gran d\u00eda con sabrosas ideas.[\/vc_column_text]<div class=\"vcex-spacing wpex-w-100 wpex-clear\" style=\"height:30px;\"><\/div><a href=\"https:\/\/bakemark.com\/recipes\/?_sft_recipe_category=donuts\" class=\"vcex-button theme-button inline\"><span class=\"vcex-button-inner theme-button-inner wpex-flex wpex-flex-wrap wpex-items-center wpex-justify-center\">Explorar recetas<\/span><\/a> [\/vc_column][\/vc_row][vc_row][vc_column][\/vc_column][vc_column]<style>.vcex-heading.vcex_69f4614fb4ebe{color:#982126;}<\/style><div class=\"vcex-heading vcex-heading-plain vcex-module wpex-h3 wpex-text-center vcex_69f4614fb4ebe\"><span class=\"vcex-heading-inner wpex-inline-block\">Trucos y consejos r\u00e1pidos<\/span><\/div>[vc_column_text css=\u00bb\u00bb text_align=\u00bbcenter\u00bb]Desde luego, no faltan formas de hacer que estas fiestas sean especiales.<br \/>\nConsidera algunas de estas ideas para una ocasi\u00f3n a\u00fan m\u00e1s memorable.[\/vc_column_text]<style>.vcex-heading.vcex_69f4614fb51a4{color:#e03a3e;}<\/style><div class=\"vcex-heading vcex-heading-plain vcex-module wpex-h4 vcex_69f4614fb51a4\"><span class=\"vcex-heading-inner wpex-inline-block\">Descuentos para grupos que hacen el bien<\/span><\/div>[vc_column_text css=\u00bb\u00bb]Considera la posibilidad de ofrecer promociones a las personas que entreguen donuts a organizaciones sin \u00e1nimo de lucro y a organizaciones que ayuden a mejorar las comunidades locales. O dona un porcentaje de las ventas del d\u00eda a un grupo ben\u00e9fico concreto.[\/vc_column_text]<style>.vcex-heading.vcex_69f4614fb5445{color:#e03a3e;}<\/style><div class=\"vcex-heading vcex-heading-plain vcex-module wpex-h4 vcex_69f4614fb5445\"><span class=\"vcex-heading-inner wpex-inline-block\">Gira para ganar y otras actividades<\/span><\/div>[vc_column_text css=\u00bb\u00bb]Los juegos f\u00e1ciles de montar y con recompensas divertidas pueden ayudar a que el d\u00eda sea a\u00fan m\u00e1s especial. Una simple rueda de premios o un \u00ablanzamiento de donuts\u00bb (juego modificado de hoyo de ma\u00edz) pueden recompensar a los consumidores con un donut gratis, una oferta BOGO en su pr\u00f3xima visita u otros regalos divertidos.[\/vc_column_text]<style>.vcex-heading.vcex_69f4614fb567d{color:#e03a3e;}<\/style><div class=\"vcex-heading vcex-heading-plain vcex-module wpex-h4 vcex_69f4614fb567d\"><span class=\"vcex-heading-inner wpex-inline-block\">Estaci\u00f3n de Decoraci\u00f3n para Donuts y Cajas<\/span><\/div>[vc_column_text css=\u00bb\u00bb]Considera la posibilidad de habilitar un espacio donde los clientes puedan personalizar sus propios donuts con distintas coberturas, glaseados y virutas. Tambi\u00e9n puedes poner l\u00e1pices de colores y rotuladores para que los m\u00e1s peque\u00f1os decoren sus cajas.[\/vc_column_text]<style>.vcex-heading.vcex_69f4614fb5881{color:#e03a3e;}<\/style><div class=\"vcex-heading vcex-heading-plain vcex-module wpex-h4 vcex_69f4614fb5881\"><span class=\"vcex-heading-inner wpex-inline-block\">Muestrario de paquetes de donuts<\/span><\/div>[vc_column_text css=\u00bb\u00bb]Crea cajas tem\u00e1ticas especiales para el D\u00eda Nacional del Donut con una variedad de tus donuts m\u00e1s vendidos y ofr\u00e9celas a un precio rebajado o como regalo con la compra para animar a hacer pedidos m\u00e1s grandes. Ofrecer a los clientes una opci\u00f3n r\u00e1pida y f\u00e1cil de llevar hace que todo vaya sobre ruedas en un d\u00eda muy ajetreado.[\/vc_column_text][\/vc_column][\/vc_row][vc_row][vc_column]<div class=\"wpex-template-shortcode\"><style type=\"text\/css\" data-type=\"vc_shortcodes-custom-css\">.vc_custom_1721317701030{background: #982126 url(https:\/\/bakemark.com\/wp-content\/uploads\/2024\/07\/bakemark-border.svg?id=340) !important;background-position: 0 0 !important;background-repeat: repeat-x !important;}.vc_custom_1720105893517{margin-bottom: 0px !important;}<\/style><div class=\"vc_section bigbrow vc_custom_1721317701030 wpex-vc-full-width-section wpex-vc-full-width-section--centered wpex-relative wpex-vc_section-has-fill wpex-vc_section-mx-0\" style=\"background-position:bottom left!important;background-size:auto 50px!important;\"><div class=\"vc_row wpb_row vc_row-fluid vc_row-o-content-middle vc_row-flex wpex-relative wpex-vc_row-col-mb-0 typography-white\"><div class=\"wpb_column vc_column_container vc_col-sm-2\"><div class=\"vc_column-inner vc_custom_1720105893517\"><div class=\"wpb_wrapper\"><\/div><\/div><\/div><div class=\"wpb_column vc_column_container vc_col-sm-8\"><div class=\"vc_column-inner\"><div class=\"wpb_wrapper\"><div class=\"vcex-spacing wpex-w-100 wpex-clear\"><\/div>\n\t<div class=\"wpb_text_column wpb_content_element\" >\n\t\t<div class=\"wpb_wrapper\">\n\t\t\t<h2 style=\"text-align: center\">\u00bfTienes preguntas? Estamos a tu disposici\u00f3n <\/h2>\n<p style=\"text-align: center\">\u00bfNecesitas m\u00e1s informaci\u00f3n sobre productos o soluciones? \u00bfEst\u00e1s listo para iniciar una conversaci\u00f3n? Un representante de BakeMark responder\u00e1 r\u00e1pidamente a tu mensaje.  <\/p>\n\n\t\t<\/div>\n\t<\/div>\n<div class=\"vcex-spacing wpex-w-100 wpex-clear\"><\/div><div class=\"theme-button-wrap textcenter wpex-clr\"><a href=\"https:\/\/bakemark.com\/es\/contacta-con-nosotros\/\" class=\"vcex-button theme-button align-center inline btnoncolor\"><span class=\"vcex-button-inner theme-button-inner wpex-flex wpex-flex-wrap wpex-items-center wpex-justify-center\">Contacta con nosotros<\/span><\/a><\/div> \t<style>.vcex_69f4614fb867e{height:70px;}@media (max-width:767px){.vcex_69f4614fb867e{height:80px;}}<\/style>\n<div class=\"vcex-spacing wpex-w-100 wpex-clear vcex_69f4614fb867e\"><\/div><\/div><\/div><\/div><div class=\"wpb_column vc_column_container vc_col-sm-2\"><div class=\"vc_column-inner\"><div class=\"wpb_wrapper\"><\/div><\/div><\/div><\/div><\/div>\n<\/div>[\/vc_column][\/vc_row]\n<\/div>","protected":false},"excerpt":{"rendered":"Esta fiesta conmemora a los voluntarios del Ej\u00e9rcito de Salvaci\u00f3n que sirvieron rosquillas a los soldados durante la Primera Guerra Mundial, ofreciendo consuelo en tiempos de conflicto. Puedes continuar el legado de solidaridad con apoyo y recursos para que tu propia celebraci\u00f3n sea un \u00e9xito. La campa\u00f1a \"Deja tu huella\" de BakeMark refleja nuestro compromiso&hellip;","protected":false},"author":3,"featured_media":0,"parent":0,"menu_order":0,"comment_status":"closed","ping_status":"closed","template":"","meta":{"_acf_changed":false,"content-type":"","footnotes":""},"class_list":["post-7050","page","type-page","status-publish","hentry","entry","no-media"],"acf":[],"yoast_head":"<!-- This site is optimized with the Yoast SEO plugin v27.4 - https:\/\/yoast.com\/product\/yoast-seo-wordpress\/ -->\n<title>D\u00eda Nacional del Donut 2025 - BakeMark<\/title>\n<meta name=\"robots\" content=\"index, follow, max-snippet:-1, max-image-preview:large, max-video-preview:-1\" \/>\n<link rel=\"canonical\" href=\"https:\/\/bakemark.com\/es\/dia-nacional-del-donut-2025\/\" \/>\n<meta property=\"og:locale\" content=\"es_ES\" \/>\n<meta property=\"og:type\" content=\"article\" \/>\n<meta property=\"og:title\" content=\"D\u00eda Nacional del Donut 2025 - BakeMark\" \/>\n<meta property=\"og:url\" content=\"https:\/\/bakemark.com\/es\/dia-nacional-del-donut-2025\/\" \/>\n<meta property=\"og:site_name\" content=\"BakeMark\" \/>\n<meta property=\"article:modified_time\" content=\"2026-01-14T17:22:09+00:00\" \/>\n<meta name=\"twitter:card\" content=\"summary_large_image\" \/>\n<meta name=\"twitter:label1\" content=\"Est. reading time\" \/>\n\t<meta name=\"twitter:data1\" content=\"4 minutos\" \/>\n<script type=\"application\/ld+json\" class=\"yoast-schema-graph\">{\"@context\":\"https:\\\/\\\/schema.org\",\"@graph\":[{\"@type\":\"WebPage\",\"@id\":\"https:\\\/\\\/bakemark.com\\\/es\\\/dia-nacional-del-donut-2025\\\/\",\"url\":\"https:\\\/\\\/bakemark.com\\\/es\\\/dia-nacional-del-donut-2025\\\/\",\"name\":\"D\u00eda Nacional del Donut 2025 - BakeMark\",\"isPartOf\":{\"@id\":\"https:\\\/\\\/bakemark.com\\\/es\\\/#website\"},\"datePublished\":\"2025-03-11T21:37:18+00:00\",\"dateModified\":\"2026-01-14T17:22:09+00:00\",\"breadcrumb\":{\"@id\":\"https:\\\/\\\/bakemark.com\\\/es\\\/dia-nacional-del-donut-2025\\\/#breadcrumb\"},\"inLanguage\":\"es\",\"potentialAction\":[{\"@type\":\"ReadAction\",\"target\":[\"https:\\\/\\\/bakemark.com\\\/es\\\/dia-nacional-del-donut-2025\\\/\"]}]},{\"@type\":\"BreadcrumbList\",\"@id\":\"https:\\\/\\\/bakemark.com\\\/es\\\/dia-nacional-del-donut-2025\\\/#breadcrumb\",\"itemListElement\":[{\"@type\":\"ListItem\",\"position\":1,\"name\":\"Home\",\"item\":\"https:\\\/\\\/bakemark.com\\\/es\\\/\"},{\"@type\":\"ListItem\",\"position\":2,\"name\":\"D\u00eda Nacional del Donut 2025\"}]},{\"@type\":\"WebSite\",\"@id\":\"https:\\\/\\\/bakemark.com\\\/es\\\/#website\",\"url\":\"https:\\\/\\\/bakemark.com\\\/es\\\/\",\"name\":\"BakeMark\",\"description\":\"\",\"publisher\":{\"@id\":\"https:\\\/\\\/bakemark.com\\\/es\\\/#organization\"},\"potentialAction\":[{\"@type\":\"SearchAction\",\"target\":{\"@type\":\"EntryPoint\",\"urlTemplate\":\"https:\\\/\\\/bakemark.com\\\/es\\\/?s={search_term_string}\"},\"query-input\":{\"@type\":\"PropertyValueSpecification\",\"valueRequired\":true,\"valueName\":\"search_term_string\"}}],\"inLanguage\":\"es\"},{\"@type\":\"Organization\",\"@id\":\"https:\\\/\\\/bakemark.com\\\/es\\\/#organization\",\"name\":\"BakeMark\",\"url\":\"https:\\\/\\\/bakemark.com\\\/es\\\/\",\"logo\":{\"@type\":\"ImageObject\",\"inLanguage\":\"es\",\"@id\":\"https:\\\/\\\/bakemark.com\\\/es\\\/#\\\/schema\\\/logo\\\/image\\\/\",\"url\":\"https:\\\/\\\/bakemark.com\\\/wp-content\\\/uploads\\\/2024\\\/07\\\/bakemark-logo-wht.svg\",\"contentUrl\":\"https:\\\/\\\/bakemark.com\\\/wp-content\\\/uploads\\\/2024\\\/07\\\/bakemark-logo-wht.svg\",\"width\":233,\"height\":58,\"caption\":\"BakeMark\"},\"image\":{\"@id\":\"https:\\\/\\\/bakemark.com\\\/es\\\/#\\\/schema\\\/logo\\\/image\\\/\"}}]}<\/script>\n<!-- \/ Yoast SEO plugin. -->","yoast_head_json":{"title":"D\u00eda Nacional del Donut 2025 - BakeMark","robots":{"index":"index","follow":"follow","max-snippet":"max-snippet:-1","max-image-preview":"max-image-preview:large","max-video-preview":"max-video-preview:-1"},"canonical":"https:\/\/bakemark.com\/es\/dia-nacional-del-donut-2025\/","og_locale":"es_ES","og_type":"article","og_title":"D\u00eda Nacional del Donut 2025 - BakeMark","og_url":"https:\/\/bakemark.com\/es\/dia-nacional-del-donut-2025\/","og_site_name":"BakeMark","article_modified_time":"2026-01-14T17:22:09+00:00","twitter_card":"summary_large_image","twitter_misc":{"Est. reading time":"4 minutos"},"schema":{"@context":"https:\/\/schema.org","@graph":[{"@type":"WebPage","@id":"https:\/\/bakemark.com\/es\/dia-nacional-del-donut-2025\/","url":"https:\/\/bakemark.com\/es\/dia-nacional-del-donut-2025\/","name":"D\u00eda Nacional del Donut 2025 - BakeMark","isPartOf":{"@id":"https:\/\/bakemark.com\/es\/#website"},"datePublished":"2025-03-11T21:37:18+00:00","dateModified":"2026-01-14T17:22:09+00:00","breadcrumb":{"@id":"https:\/\/bakemark.com\/es\/dia-nacional-del-donut-2025\/#breadcrumb"},"inLanguage":"es","potentialAction":[{"@type":"ReadAction","target":["https:\/\/bakemark.com\/es\/dia-nacional-del-donut-2025\/"]}]},{"@type":"BreadcrumbList","@id":"https:\/\/bakemark.com\/es\/dia-nacional-del-donut-2025\/#breadcrumb","itemListElement":[{"@type":"ListItem","position":1,"name":"Home","item":"https:\/\/bakemark.com\/es\/"},{"@type":"ListItem","position":2,"name":"D\u00eda Nacional del Donut 2025"}]},{"@type":"WebSite","@id":"https:\/\/bakemark.com\/es\/#website","url":"https:\/\/bakemark.com\/es\/","name":"BakeMark","description":"","publisher":{"@id":"https:\/\/bakemark.com\/es\/#organization"},"potentialAction":[{"@type":"SearchAction","target":{"@type":"EntryPoint","urlTemplate":"https:\/\/bakemark.com\/es\/?s={search_term_string}"},"query-input":{"@type":"PropertyValueSpecification","valueRequired":true,"valueName":"search_term_string"}}],"inLanguage":"es"},{"@type":"Organization","@id":"https:\/\/bakemark.com\/es\/#organization","name":"BakeMark","url":"https:\/\/bakemark.com\/es\/","logo":{"@type":"ImageObject","inLanguage":"es","@id":"https:\/\/bakemark.com\/es\/#\/schema\/logo\/image\/","url":"https:\/\/bakemark.com\/wp-content\/uploads\/2024\/07\/bakemark-logo-wht.svg","contentUrl":"https:\/\/bakemark.com\/wp-content\/uploads\/2024\/07\/bakemark-logo-wht.svg","width":233,"height":58,"caption":"BakeMark"},"image":{"@id":"https:\/\/bakemark.com\/es\/#\/schema\/logo\/image\/"}}]}},"_links":{"self":[{"href":"https:\/\/bakemark.com\/es\/wp-json\/wp\/v2\/pages\/7050","targetHints":{"allow":["GET"]}}],"collection":[{"href":"https:\/\/bakemark.com\/es\/wp-json\/wp\/v2\/pages"}],"about":[{"href":"https:\/\/bakemark.com\/es\/wp-json\/wp\/v2\/types\/page"}],"author":[{"embeddable":true,"href":"https:\/\/bakemark.com\/es\/wp-json\/wp\/v2\/users\/3"}],"replies":[{"embeddable":true,"href":"https:\/\/bakemark.com\/es\/wp-json\/wp\/v2\/comments?post=7050"}],"version-history":[{"count":0,"href":"https:\/\/bakemark.com\/es\/wp-json\/wp\/v2\/pages\/7050\/revisions"}],"wp:attachment":[{"href":"https:\/\/bakemark.com\/es\/wp-json\/wp\/v2\/media?parent=7050"}],"curies":[{"name":"wp","href":"https:\/\/api.w.org\/{rel}","templated":true}]}}