{"id":5347,"date":"2024-08-06T13:28:28","date_gmt":"2024-08-06T18:28:28","guid":{"rendered":"https:\/\/bakemark.com\/alianza-internacional-de-marketing-de-panaderia\/"},"modified":"2025-02-04T14:55:15","modified_gmt":"2025-02-04T20:55:15","slug":"alianza-internacional-de-marketing-de-panaderia","status":"publish","type":"page","link":"https:\/\/bakemark.com\/es\/alianza-internacional-de-marketing-de-panaderia\/","title":{"rendered":"Alianza Internacional de Marketing de Panader\u00eda"},"content":{"rendered":"<div class=\"wpb-content-wrapper\">[vc_row remove_bottom_col_margin=\u00bbtrue\u00bb css=\u00bb.vc_custom_1722450345418{margin-top: 70px !important;margin-bottom: 20px !important;}\u00bb][vc_column offset=\u00bbvc_col-lg-offset-1 vc_col-lg-10&#8243;]<div class=\"vcex-spacing wpex-w-100 wpex-clear hidden-phone\" style=\"height:10px;\"><\/div>[vc_column_text css=\u00bb\u00bb text_align=\u00bbcenter\u00bb]\n<h1>\u00c9xito panadero en todo el mundo<\/h1>\n[\/vc_column_text][\/vc_column][\/vc_row][vc_row css=\u00bb.vc_custom_1722968978104{margin-bottom: 25px !important;}\u00bb][vc_column offset=\u00bbvc_col-lg-offset-2 vc_col-lg-8 vc_col-md-offset-1 vc_col-md-10&#8243;][vc_column_text css=\u00bb\u00bb text_align=\u00bbcenter\u00bb width=\u00bb712px\u00bb]En un momento en que los operadores de panader\u00edas buscan socios fuertes que les ayuden a crecer, BakeMark se est\u00e1 expandiendo globalmente para ofrecer m\u00e1s oportunidades de \u00e9xito en todo el mundo. A trav\u00e9s de la Alianza Internacional de Marketing de Panader\u00eda (IBMA), cada mercado tiene ahora la oportunidad de aprovechar la escala mundial.[\/vc_column_text][\/vc_column][\/vc_row][vc_section el_class=\u00bboverlapping-columns\u00bb css=\u00bb.vc_custom_1722969738273{margin-bottom: 65px !important;}\u00bb][vc_row remove_bottom_col_margin=\u00bbtrue\u00bb el_class=\u00bbimage-row align-top\u00bb][vc_column width=\u00bb7\/12&#8243;]<div class=\"vcex-spacing wpex-w-100 wpex-clear hidden-phone\" style=\"height:60px;\"><\/div><figure class=\"vcex-image vcex-module\"><div class=\"vcex-image-inner wpex-relative wpex-inline-block\"><img width=\"962\" height=\"640\" src=\"https:\/\/bakemark.com\/wp-content\/uploads\/2024\/08\/ibma.jpg\" class=\"vcex-image-img wpex-align-middle\" alt=\"\" loading=\"lazy\" decoding=\"async\" srcset=\"https:\/\/bakemark.com\/wp-content\/uploads\/2024\/08\/ibma.jpg 962w, https:\/\/bakemark.com\/wp-content\/uploads\/2024\/08\/ibma-300x200.jpg 300w, https:\/\/bakemark.com\/wp-content\/uploads\/2024\/08\/ibma-768x511.jpg 768w\" sizes=\"auto, (max-width: 962px) 100vw, 962px\" \/><\/div><\/figure>[\/vc_column][\/vc_row][vc_row full_width=\u00bbstretch_row\u00bb remove_bottom_col_margin=\u00bbtrue\u00bb typography_style=\u00bbwhite\u00bb el_class=\u00bbcontent-row\u00bb][vc_column width=\u00bb7\/12&#8243; offset=\u00bbvc_col-sm-offset-5&#8243; css=\u00bb.vc_custom_1722969459873{padding-top: 70px !important;padding-bottom: 70px !important;background-color: #982126 !important;background-position: 0 0 !important;background-repeat: repeat-x !important;}\u00bb wpex_bg_position=\u00bbleft bottom\u00bb wpex_bg_size=\u00bbauto 50px\u00bb][vc_column_text css=\u00bb\u00bb el_class=\u00bbspaced-list\u00bb]\n<h2>C\u00f3mo aporta valor IBMA a tu empresa<\/h2>\n<p>La IBMA es la mayor red de l\u00edderes panaderos, que comparte conocimientos y utiliza los puntos fuertes de cada miembro para lograr el \u00e9xito panadero en todo el mundo.<\/p>\n<ul>\n<li>Conectando miles de operaciones de panader\u00eda a trav\u00e9s de un sistema global<\/li>\n<li>La mayor red de distribuidores l\u00edderes<\/li>\n<li>Abastecerse de los principales fabricantes de cada mercado<\/li>\n<li>Aprovechar la escala internacional para ofrecer soluciones de calidad con un suministro constante<\/li>\n<li>Representamos a las principales marcas y carteras de todo el mundo<\/li>\n<li>Experiencia mundial para el \u00e9xito de la panader\u00eda localizada<\/li>\n<\/ul>\n[\/vc_column_text][\/vc_column][\/vc_row][\/vc_section][vc_row remove_bottom_col_margin=\u00bbtrue\u00bb][vc_column width=\u00bb1\/2&#8243;]<div class=\"vcex-spacing wpex-w-100 wpex-clear hidden-phone\" style=\"height:10px;\"><\/div>[vc_column_text css=\u00bb\u00bb text_align=\u00bbcenter\u00bb]\n<h3>\u00bfListo para crecer?<\/h3>\n[\/vc_column_text][vc_column_text css=\u00bb.vc_custom_1722970142333{margin-bottom: 25px !important;}\u00bb text_align=\u00bbcenter\u00bb width=\u00bb419px\u00bb]Ponte en contacto hoy mismo en para ver qu\u00e9 oportunidades de crecimiento tienes a tu disposici\u00f3n.[\/vc_column_text]<div class=\"theme-button-wrap textcenter wpex-clr\"><a href=\"mailto:&#103;&#114;&#111;&#119;th&#064;g&#098;&#109;a.c&#111;m\" class=\"vcex-button theme-button align-center inline\"><span class=\"vcex-button-inner theme-button-inner wpex-flex wpex-flex-wrap wpex-items-center wpex-justify-center\">Contacta con IBMA<\/span><\/a><\/div> <div class=\"vcex-column-side-border vcex-column-side-border--right wpex-hidden wpex-md-block wpex-absolute wpex-top-50 wpex-right-0 wpex-max-h-100 wpex-h-100 wpex-w-1px wpex-surface-4 wpex-translate-x-y-50 vcex-right hidden-phone\" style=\"height:100%;width:1px;background:#cbb677;\"><\/div><div class=\"vcex-module vcex-divider vcex-divider-solid vcex-divider-center wpex-mx-auto wpex-max-w-100 visible-phone wpex-block wpex-h-0 wpex-border-b wpex-border-solid wpex-border-main\" style=\"width:100%;margin-block-start:60px;margin-block-end:20px;border-bottom-width:1px;border-color:#cbb677;\"><\/div>\t<style>.vcex_69e721675d454{height:40px;}@media (max-width:767px){.vcex_69e721675d454{height:20px;}}<\/style>\n<div class=\"vcex-spacing wpex-w-100 wpex-clear vcex_69e721675d454\"><\/div>[\/vc_column][vc_column width=\u00bb1\/2&#8243;]<div class=\"vcex-spacing wpex-w-100 wpex-clear hidden-phone\" style=\"height:10px;\"><\/div>[vc_column_text css=\u00bb\u00bb text_align=\u00bbcenter\u00bb]\n<h3>\u00bfListo para convertirte en<br \/>\nen miembro de la IBMA?<\/h3>\n[\/vc_column_text][vc_column_text css=\u00bb.vc_custom_1722970006941{margin-bottom: 15px !important;}\u00bb text_align=\u00bbcenter\u00bb]Puedes empezar el proceso hoy mismo.[\/vc_column_text]<div class=\"theme-button-wrap textcenter wpex-clr\"><a href=\"mailto:&#103;&#109;e&#109;be&#114;&#115;&#064;gbm&#097;.&#099;om\" class=\"vcex-button theme-button align-center inline\"><span class=\"vcex-button-inner theme-button-inner wpex-flex wpex-flex-wrap wpex-items-center wpex-justify-center\">Empieza<\/span><\/a><\/div> \t<style>.vcex_69e721675d8f8{height:40px;}@media (max-width:767px){.vcex_69e721675d8f8{height:20px;}}<\/style>\n<div class=\"vcex-spacing wpex-w-100 wpex-clear vcex_69e721675d8f8\"><\/div>[\/vc_column][\/vc_row][vc_row remove_bottom_col_margin=\u00bbtrue\u00bb][vc_column]<div class=\"vcex-spacing wpex-w-100 wpex-clear hidden-phone\" style=\"height:20px;\"><\/div>[\/vc_column][\/vc_row]\n<\/div>","protected":false},"excerpt":{"rendered":"<p>[vc_row remove_bottom_col_margin=\u00bbtrue\u00bb css=\u00bb.vc_custom_1722450345418{margin-top: 70px !important;margin-bottom: 20px !important;}\u00bb][vc_column offset=\u00bbvc_col-lg-offset-1 vc_col-lg-10&#8243;][vc_column_text css=\u00bb\u00bb text_align=\u00bbcenter\u00bb] \u00c9xito panadero en todo el mundo [\/vc_column_text][\/vc_column][\/vc_row][vc_row css=\u00bb.vc_custom_1722968978104{margin-bottom: 25px !important;}\u00bb][vc_column offset=\u00bbvc_col-lg-offset-2 vc_col-lg-8 vc_col-md-offset-1 vc_col-md-10&#8243;][vc_column_text css=\u00bb\u00bb text_align=\u00bbcenter\u00bb width=\u00bb712px\u00bb]En un momento en que los operadores de panader\u00edas buscan socios fuertes que les ayuden a crecer, BakeMark se est\u00e1 expandiendo globalmente para ofrecer m\u00e1s oportunidades de \u00e9xito&hellip;<\/p>\n","protected":false},"author":5,"featured_media":0,"parent":0,"menu_order":0,"comment_status":"closed","ping_status":"closed","template":"","meta":{"_acf_changed":false,"content-type":"","footnotes":""},"class_list":["post-5347","page","type-page","status-publish","hentry","entry","no-media"],"acf":[],"yoast_head":"<!-- This site is optimized with the Yoast SEO plugin v27.4 - https:\/\/yoast.com\/product\/yoast-seo-wordpress\/ -->\n<title>Alianza Internacional de Marketing de Panader\u00eda | BakeMark<\/title>\n<meta name=\"robots\" content=\"index, follow, max-snippet:-1, max-image-preview:large, max-video-preview:-1\" \/>\n<link rel=\"canonical\" href=\"https:\/\/bakemark.com\/es\/alianza-internacional-de-marketing-de-panaderia\/\" \/>\n<meta property=\"og:locale\" content=\"es_ES\" \/>\n<meta property=\"og:type\" content=\"article\" \/>\n<meta property=\"og:title\" content=\"Alianza Internacional de Marketing de Panader\u00eda | BakeMark\" \/>\n<meta property=\"og:description\" content=\"[vc_row remove_bottom_col_margin=\u00bbtrue\u00bb css=\u00bb.vc_custom_1722450345418{margin-top: 70px !important;margin-bottom: 20px !important;}\u00bb][vc_column offset=\u00bbvc_col-lg-offset-1 vc_col-lg-10&#8243;][vc_column_text css=\u00bb\u00bb text_align=\u00bbcenter\u00bb] \u00c9xito panadero en todo el mundo [\/vc_column_text][\/vc_column][\/vc_row][vc_row css=\u00bb.vc_custom_1722968978104{margin-bottom: 25px !important;}\u00bb][vc_column offset=\u00bbvc_col-lg-offset-2 vc_col-lg-8 vc_col-md-offset-1 vc_col-md-10&#8243;][vc_column_text css=\u00bb\u00bb text_align=\u00bbcenter\u00bb width=\u00bb712px\u00bb]En un momento en que los operadores de panader\u00edas buscan socios fuertes que les ayuden a crecer, BakeMark se est\u00e1 expandiendo globalmente para ofrecer m\u00e1s oportunidades de \u00e9xito&hellip;\" \/>\n<meta property=\"og:url\" content=\"https:\/\/bakemark.com\/es\/alianza-internacional-de-marketing-de-panaderia\/\" \/>\n<meta property=\"og:site_name\" content=\"BakeMark\" \/>\n<meta property=\"article:modified_time\" content=\"2025-02-04T20:55:15+00:00\" \/>\n<meta name=\"twitter:card\" content=\"summary_large_image\" \/>\n<meta name=\"twitter:label1\" content=\"Est. reading time\" \/>\n\t<meta name=\"twitter:data1\" content=\"3 minutos\" \/>\n<script type=\"application\/ld+json\" class=\"yoast-schema-graph\">{\"@context\":\"https:\\\/\\\/schema.org\",\"@graph\":[{\"@type\":\"WebPage\",\"@id\":\"https:\\\/\\\/bakemark.com\\\/es\\\/alianza-internacional-de-marketing-de-panaderia\\\/\",\"url\":\"https:\\\/\\\/bakemark.com\\\/es\\\/alianza-internacional-de-marketing-de-panaderia\\\/\",\"name\":\"Alianza Internacional de Marketing de Panader\u00eda | BakeMark\",\"isPartOf\":{\"@id\":\"https:\\\/\\\/bakemark.com\\\/es\\\/#website\"},\"datePublished\":\"2024-08-06T18:28:28+00:00\",\"dateModified\":\"2025-02-04T20:55:15+00:00\",\"breadcrumb\":{\"@id\":\"https:\\\/\\\/bakemark.com\\\/es\\\/alianza-internacional-de-marketing-de-panaderia\\\/#breadcrumb\"},\"inLanguage\":\"es\",\"potentialAction\":[{\"@type\":\"ReadAction\",\"target\":[\"https:\\\/\\\/bakemark.com\\\/es\\\/alianza-internacional-de-marketing-de-panaderia\\\/\"]}]},{\"@type\":\"BreadcrumbList\",\"@id\":\"https:\\\/\\\/bakemark.com\\\/es\\\/alianza-internacional-de-marketing-de-panaderia\\\/#breadcrumb\",\"itemListElement\":[{\"@type\":\"ListItem\",\"position\":1,\"name\":\"Home\",\"item\":\"https:\\\/\\\/bakemark.com\\\/es\\\/\"},{\"@type\":\"ListItem\",\"position\":2,\"name\":\"Alianza Internacional de Marketing de Panader\u00eda\"}]},{\"@type\":\"WebSite\",\"@id\":\"https:\\\/\\\/bakemark.com\\\/es\\\/#website\",\"url\":\"https:\\\/\\\/bakemark.com\\\/es\\\/\",\"name\":\"BakeMark\",\"description\":\"\",\"publisher\":{\"@id\":\"https:\\\/\\\/bakemark.com\\\/es\\\/#organization\"},\"potentialAction\":[{\"@type\":\"SearchAction\",\"target\":{\"@type\":\"EntryPoint\",\"urlTemplate\":\"https:\\\/\\\/bakemark.com\\\/es\\\/?s={search_term_string}\"},\"query-input\":{\"@type\":\"PropertyValueSpecification\",\"valueRequired\":true,\"valueName\":\"search_term_string\"}}],\"inLanguage\":\"es\"},{\"@type\":\"Organization\",\"@id\":\"https:\\\/\\\/bakemark.com\\\/es\\\/#organization\",\"name\":\"BakeMark\",\"url\":\"https:\\\/\\\/bakemark.com\\\/es\\\/\",\"logo\":{\"@type\":\"ImageObject\",\"inLanguage\":\"es\",\"@id\":\"https:\\\/\\\/bakemark.com\\\/es\\\/#\\\/schema\\\/logo\\\/image\\\/\",\"url\":\"https:\\\/\\\/bakemark.com\\\/wp-content\\\/uploads\\\/2024\\\/07\\\/bakemark-logo-wht.svg\",\"contentUrl\":\"https:\\\/\\\/bakemark.com\\\/wp-content\\\/uploads\\\/2024\\\/07\\\/bakemark-logo-wht.svg\",\"width\":233,\"height\":58,\"caption\":\"BakeMark\"},\"image\":{\"@id\":\"https:\\\/\\\/bakemark.com\\\/es\\\/#\\\/schema\\\/logo\\\/image\\\/\"}}]}<\/script>\n<!-- \/ Yoast SEO plugin. -->","yoast_head_json":{"title":"Alianza Internacional de Marketing de Panader\u00eda | BakeMark","robots":{"index":"index","follow":"follow","max-snippet":"max-snippet:-1","max-image-preview":"max-image-preview:large","max-video-preview":"max-video-preview:-1"},"canonical":"https:\/\/bakemark.com\/es\/alianza-internacional-de-marketing-de-panaderia\/","og_locale":"es_ES","og_type":"article","og_title":"Alianza Internacional de Marketing de Panader\u00eda | BakeMark","og_description":"[vc_row remove_bottom_col_margin=\u00bbtrue\u00bb css=\u00bb.vc_custom_1722450345418{margin-top: 70px !important;margin-bottom: 20px !important;}\u00bb][vc_column offset=\u00bbvc_col-lg-offset-1 vc_col-lg-10&#8243;][vc_column_text css=\u00bb\u00bb text_align=\u00bbcenter\u00bb] \u00c9xito panadero en todo el mundo [\/vc_column_text][\/vc_column][\/vc_row][vc_row css=\u00bb.vc_custom_1722968978104{margin-bottom: 25px !important;}\u00bb][vc_column offset=\u00bbvc_col-lg-offset-2 vc_col-lg-8 vc_col-md-offset-1 vc_col-md-10&#8243;][vc_column_text css=\u00bb\u00bb text_align=\u00bbcenter\u00bb width=\u00bb712px\u00bb]En un momento en que los operadores de panader\u00edas buscan socios fuertes que les ayuden a crecer, BakeMark se est\u00e1 expandiendo globalmente para ofrecer m\u00e1s oportunidades de \u00e9xito&hellip;","og_url":"https:\/\/bakemark.com\/es\/alianza-internacional-de-marketing-de-panaderia\/","og_site_name":"BakeMark","article_modified_time":"2025-02-04T20:55:15+00:00","twitter_card":"summary_large_image","twitter_misc":{"Est. reading time":"3 minutos"},"schema":{"@context":"https:\/\/schema.org","@graph":[{"@type":"WebPage","@id":"https:\/\/bakemark.com\/es\/alianza-internacional-de-marketing-de-panaderia\/","url":"https:\/\/bakemark.com\/es\/alianza-internacional-de-marketing-de-panaderia\/","name":"Alianza Internacional de Marketing de Panader\u00eda | BakeMark","isPartOf":{"@id":"https:\/\/bakemark.com\/es\/#website"},"datePublished":"2024-08-06T18:28:28+00:00","dateModified":"2025-02-04T20:55:15+00:00","breadcrumb":{"@id":"https:\/\/bakemark.com\/es\/alianza-internacional-de-marketing-de-panaderia\/#breadcrumb"},"inLanguage":"es","potentialAction":[{"@type":"ReadAction","target":["https:\/\/bakemark.com\/es\/alianza-internacional-de-marketing-de-panaderia\/"]}]},{"@type":"BreadcrumbList","@id":"https:\/\/bakemark.com\/es\/alianza-internacional-de-marketing-de-panaderia\/#breadcrumb","itemListElement":[{"@type":"ListItem","position":1,"name":"Home","item":"https:\/\/bakemark.com\/es\/"},{"@type":"ListItem","position":2,"name":"Alianza Internacional de Marketing de Panader\u00eda"}]},{"@type":"WebSite","@id":"https:\/\/bakemark.com\/es\/#website","url":"https:\/\/bakemark.com\/es\/","name":"BakeMark","description":"","publisher":{"@id":"https:\/\/bakemark.com\/es\/#organization"},"potentialAction":[{"@type":"SearchAction","target":{"@type":"EntryPoint","urlTemplate":"https:\/\/bakemark.com\/es\/?s={search_term_string}"},"query-input":{"@type":"PropertyValueSpecification","valueRequired":true,"valueName":"search_term_string"}}],"inLanguage":"es"},{"@type":"Organization","@id":"https:\/\/bakemark.com\/es\/#organization","name":"BakeMark","url":"https:\/\/bakemark.com\/es\/","logo":{"@type":"ImageObject","inLanguage":"es","@id":"https:\/\/bakemark.com\/es\/#\/schema\/logo\/image\/","url":"https:\/\/bakemark.com\/wp-content\/uploads\/2024\/07\/bakemark-logo-wht.svg","contentUrl":"https:\/\/bakemark.com\/wp-content\/uploads\/2024\/07\/bakemark-logo-wht.svg","width":233,"height":58,"caption":"BakeMark"},"image":{"@id":"https:\/\/bakemark.com\/es\/#\/schema\/logo\/image\/"}}]}},"_links":{"self":[{"href":"https:\/\/bakemark.com\/es\/wp-json\/wp\/v2\/pages\/5347","targetHints":{"allow":["GET"]}}],"collection":[{"href":"https:\/\/bakemark.com\/es\/wp-json\/wp\/v2\/pages"}],"about":[{"href":"https:\/\/bakemark.com\/es\/wp-json\/wp\/v2\/types\/page"}],"author":[{"embeddable":true,"href":"https:\/\/bakemark.com\/es\/wp-json\/wp\/v2\/users\/5"}],"replies":[{"embeddable":true,"href":"https:\/\/bakemark.com\/es\/wp-json\/wp\/v2\/comments?post=5347"}],"version-history":[{"count":0,"href":"https:\/\/bakemark.com\/es\/wp-json\/wp\/v2\/pages\/5347\/revisions"}],"wp:attachment":[{"href":"https:\/\/bakemark.com\/es\/wp-json\/wp\/v2\/media?parent=5347"}],"curies":[{"name":"wp","href":"https:\/\/api.w.org\/{rel}","templated":true}]}}