{"id":5345,"date":"2024-07-17T13:42:36","date_gmt":"2024-07-17T18:42:36","guid":{"rendered":"https:\/\/bakemark.com\/capacidades\/"},"modified":"2025-07-22T10:39:28","modified_gmt":"2025-07-22T15:39:28","slug":"capacidades","status":"publish","type":"page","link":"https:\/\/bakemark.com\/es\/capacidades\/","title":{"rendered":"Capacidades"},"content":{"rendered":"<div class=\"wpb-content-wrapper\">[vc_row remove_bottom_col_margin=\u00bbtrue\u00bb css=\u00bb.vc_custom_1722450345418{margin-top: 70px !important;margin-bottom: 20px !important;}\u00bb][vc_column offset=\u00bbvc_col-lg-offset-2 vc_col-lg-8 vc_col-md-offset-1 vc_col-md-10&#8243;]<div class=\"vcex-spacing wpex-w-100 wpex-clear hidden-phone\" style=\"height:10px;\"><\/div>[vc_column_text css=\u00bb\u00bb text_align=\u00bbcenter\u00bb]\n<h1>Nuestras capacidades: Proveedor de ingredientes de panader\u00eda y m\u00e1s<\/h1>\n[\/vc_column_text][\/vc_column][\/vc_row][vc_row css=\u00bb.vc_custom_1722450353871{margin-bottom: 20px !important;}\u00bb][vc_column offset=\u00bbvc_col-lg-offset-1 vc_col-lg-10&#8243;][vc_column_text css=\u00bb\u00bb text_align=\u00bbcenter\u00bb width=\u00bb712px\u00bb]En BakeMark, existimos para crear valor para ti y para tu panader\u00eda. Ofrecemos recursos y capacidades que van desde nuestra completa cartera de ingredientes de calidad, pasando por el apoyo t\u00e9cnico que comparte nuestra experiencia en panader\u00eda, hasta la colaboraci\u00f3n en la creaci\u00f3n de soluciones personalizadas.[\/vc_column_text][\/vc_column][\/vc_row][vc_section el_class=\u00bboverlapping-columns\u00bb css=\u00bb.vc_custom_1722450880955{margin-bottom: 40px !important;}\u00bb][vc_row remove_bottom_col_margin=\u00bbtrue\u00bb el_class=\u00bbimage-row\u00bb][vc_column width=\u00bb1\/2&#8243;]<figure class=\"vcex-image vcex-module\"><div class=\"vcex-image-inner wpex-relative wpex-w-100\"><img width=\"962\" height=\"962\" src=\"https:\/\/bakemark.com\/wp-content\/uploads\/2024\/07\/Manufacturing.jpg\" class=\"vcex-image-img wpex-align-middle wpex-w-100\" alt=\"\" loading=\"lazy\" decoding=\"async\" srcset=\"https:\/\/bakemark.com\/wp-content\/uploads\/2024\/07\/Manufacturing.jpg 962w, https:\/\/bakemark.com\/wp-content\/uploads\/2024\/07\/Manufacturing-300x300.jpg 300w, https:\/\/bakemark.com\/wp-content\/uploads\/2024\/07\/Manufacturing-150x150.jpg 150w, https:\/\/bakemark.com\/wp-content\/uploads\/2024\/07\/Manufacturing-768x768.jpg 768w\" sizes=\"auto, (max-width: 962px) 100vw, 962px\" \/><\/div><\/figure>[\/vc_column][\/vc_row][vc_row full_width=\u00bbstretch_row\u00bb remove_bottom_col_margin=\u00bbtrue\u00bb el_class=\u00bbcontent-row\u00bb][vc_column width=\u00bb2\/3&#8243; offset=\u00bbvc_col-sm-offset-4&#8243; css=\u00bb.vc_custom_1722450091943{padding-top: 80px !important;padding-bottom: 80px !important;background-color: #f5f0e4 !important;background-position: 0 0 !important;background-repeat: repeat-x !important;}\u00bb wpex_bg_position=\u00bbleft bottom\u00bb wpex_bg_size=\u00bbauto 50px\u00bb]<div class=\"vcex-spacing wpex-w-100 wpex-clear hidden-phone\" style=\"height:20px;\"><\/div>[vc_column_text css=\u00bb.vc_custom_1722450799929{margin-bottom: 20px !important;}\u00bb color=\u00bbpalette-86&#8243;]\n<h2>El \u00e9xito de la panader\u00eda empieza con una fabricaci\u00f3n de primera clase<\/h2>\n[\/vc_column_text][vc_column_text css=\u00bb.vc_custom_1739386577790{margin-bottom: 30px !important;}\u00bb]Ingredientes de panader\u00eda de calidad: Eso es lo que hacemos. A trav\u00e9s de nuestras 7 plantas de fabricaci\u00f3n situadas en toda Norteam\u00e9rica, producimos una oferta completa de mezclas para panader\u00eda, rellenos, glaseados y glaseados. Nuestras plantas cuentan con las certificaciones BRCGS y AIB, por lo que tanto si diriges una panader\u00eda local como si gestionas una operaci\u00f3n multinacional, somos tu fuente de confianza para obtener ingredientes de panader\u00eda de calidad que satisfagan tus necesidades.[\/vc_column_text]<style>.vcex-button.vcex_69f0d0b8e729f{width:331px;padding-inline:24px;}<\/style><a href=\"https:\/\/bakemark.com\/es\/nuestras-marcas\/\" class=\"vcex-button theme-button inline wpex-flex-shrink-0 vcex_69f0d0b8e729f\"><span class=\"vcex-button-inner theme-button-inner wpex-flex wpex-flex-wrap wpex-items-center wpex-justify-center\">Explora todas las marcas de alta calidad que fabricamos<\/span><\/a> <div class=\"vcex-spacing wpex-w-100 wpex-clear hidden-phone\" style=\"height:20px;\"><\/div>[\/vc_column][\/vc_row][\/vc_section][vc_section el_class=\u00bboverlapping-columns\u00bb css=\u00bb.vc_custom_1722964140072{margin-bottom: 40px !important;}\u00bb][vc_row remove_bottom_col_margin=\u00bbtrue\u00bb el_class=\u00bbimage-row\u00bb][vc_column width=\u00bb1\/2&#8243; offset=\u00bbvc_col-sm-offset-6&#8243;]<figure class=\"vcex-image vcex-module\"><div class=\"vcex-image-inner wpex-relative wpex-w-100\"><img width=\"991\" height=\"991\" src=\"https:\/\/bakemark.com\/wp-content\/uploads\/2024\/08\/BakeMarkTruck_FromFootage.jpg\" class=\"vcex-image-img wpex-align-middle wpex-w-100\" alt=\"\" loading=\"lazy\" decoding=\"async\" srcset=\"https:\/\/bakemark.com\/wp-content\/uploads\/2024\/08\/BakeMarkTruck_FromFootage.jpg 991w, https:\/\/bakemark.com\/wp-content\/uploads\/2024\/08\/BakeMarkTruck_FromFootage-300x300.jpg 300w, https:\/\/bakemark.com\/wp-content\/uploads\/2024\/08\/BakeMarkTruck_FromFootage-150x150.jpg 150w, https:\/\/bakemark.com\/wp-content\/uploads\/2024\/08\/BakeMarkTruck_FromFootage-768x768.jpg 768w\" sizes=\"auto, (max-width: 991px) 100vw, 991px\" \/><\/div><\/figure>[\/vc_column][\/vc_row][vc_row full_width=\u00bbstretch_row\u00bb remove_bottom_col_margin=\u00bbtrue\u00bb el_class=\u00bbcontent-row\u00bb][vc_column width=\u00bb2\/3&#8243; css=\u00bb.vc_custom_1722450905948{padding-top: 80px !important;padding-bottom: 80px !important;background-color: #f5f0e4 !important;background-position: 0 0 !important;background-repeat: repeat-x !important;}\u00bb wpex_bg_position=\u00bbleft bottom\u00bb wpex_bg_size=\u00bbauto 50px\u00bb]<div class=\"vcex-spacing wpex-w-100 wpex-clear hidden-phone\" style=\"height:20px;\"><\/div>[vc_column_text css=\u00bb.vc_custom_1722450926673{margin-bottom: 20px !important;}\u00bb color=\u00bbpalette-86&#8243;]\n<h2>Distribuir tus soluciones de forma fiable<\/h2>\n[\/vc_column_text][vc_column_text css=\u00bb.vc_custom_1724364811085{margin-bottom: 30px !important;}\u00bb]Como mayor distribuidor de panader\u00eda de Norteam\u00e9rica, somos tu socio y proveedor de confianza para todas tus necesidades de panader\u00eda. Nuestro amplio servicio de distribuci\u00f3n est\u00e1 aqu\u00ed para apoyar tu operaci\u00f3n en expansi\u00f3n. A trav\u00e9s de 38 centros de distribuci\u00f3n, damos servicio con orgullo a miles de panader\u00edas de EE.UU. y Canad\u00e1. La red de proveedores de BakeMark incluye a los mejores fabricantes y marcas l\u00edderes para garantizar que lo que ofrecemos ser\u00e1 lo mejor para tu panader\u00eda.[\/vc_column_text]<a href=\"https:\/\/bakemark.com\/es\/oficinas-regionales\/\" class=\"vcex-button theme-button inline\"><span class=\"vcex-button-inner theme-button-inner wpex-flex wpex-flex-wrap wpex-items-center wpex-justify-center\">Encuentra tu oficina regional m\u00e1s cercana<\/span><\/a> <div class=\"vcex-spacing wpex-w-100 wpex-clear hidden-phone\" style=\"height:20px;\"><\/div>[\/vc_column][\/vc_row][\/vc_section][vc_section el_class=\u00bboverlapping-columns\u00bb css=\u00bb.vc_custom_1722964147718{margin-bottom: 80px !important;}\u00bb][vc_row remove_bottom_col_margin=\u00bbtrue\u00bb el_class=\u00bbimage-row\u00bb][vc_column width=\u00bb1\/2&#8243;]<style>.vcex-image.vcex_69f0d0b8eb5cb .vcex-image-img{border-radius:15px;}<\/style><figure class=\"vcex-image vcex-module vcex_69f0d0b8eb5cb\"><div class=\"vcex-image-inner wpex-relative wpex-w-100\"><img width=\"1700\" height=\"1133\" src=\"https:\/\/bakemark.com\/wp-content\/uploads\/2024\/08\/LemonMeringueTart_Petals_Web.jpg\" class=\"vcex-image-img wpex-align-middle wpex-w-100\" alt=\"\" loading=\"lazy\" decoding=\"async\" srcset=\"https:\/\/bakemark.com\/wp-content\/uploads\/2024\/08\/LemonMeringueTart_Petals_Web.jpg 1700w, https:\/\/bakemark.com\/wp-content\/uploads\/2024\/08\/LemonMeringueTart_Petals_Web-300x200.jpg 300w, https:\/\/bakemark.com\/wp-content\/uploads\/2024\/08\/LemonMeringueTart_Petals_Web-1024x682.jpg 1024w, https:\/\/bakemark.com\/wp-content\/uploads\/2024\/08\/LemonMeringueTart_Petals_Web-768x512.jpg 768w, https:\/\/bakemark.com\/wp-content\/uploads\/2024\/08\/LemonMeringueTart_Petals_Web-1536x1024.jpg 1536w\" sizes=\"auto, (max-width: 1700px) 100vw, 1700px\" \/><\/div><\/figure>[\/vc_column][\/vc_row][vc_row full_width=\u00bbstretch_row\u00bb remove_bottom_col_margin=\u00bbtrue\u00bb el_class=\u00bbcontent-row\u00bb][vc_column width=\u00bb2\/3&#8243; offset=\u00bbvc_col-sm-offset-4&#8243; css=\u00bb.vc_custom_1722450091943{padding-top: 80px !important;padding-bottom: 80px !important;background-color: #f5f0e4 !important;background-position: 0 0 !important;background-repeat: repeat-x !important;}\u00bb wpex_bg_position=\u00bbleft bottom\u00bb wpex_bg_size=\u00bbauto 50px\u00bb]<div class=\"vcex-spacing wpex-w-100 wpex-clear hidden-phone\" style=\"height:20px;\"><\/div>[vc_column_text css=\u00bb.vc_custom_1728665452191{margin-bottom: 20px !important;}\u00bb color=\u00bbpalette-86&#8243;]\n<h2>La reposter\u00eda es un arte y una ciencia<\/h2>\n[\/vc_column_text][vc_column_text css=\u00bb\u00bb]Nuestros expertos t\u00e9cnicos en panader\u00eda y nuestro equipo de I+D tienen m\u00e1s de 130 a\u00f1os de experiencia combinada en ciencia y tecnolog\u00eda de los alimentos, as\u00ed como en ideaci\u00f3n de recetas, t\u00e9cnicas de decoraci\u00f3n, resoluci\u00f3n de problemas y formaci\u00f3n del personal. Innovamos continuamente para ofrecerte soluciones est\u00e1ndar y personalizadas que te ayuden a obtener el producto exacto que buscas. Tanto si buscas innovaci\u00f3n en etiquetado limpio, sin az\u00facar a\u00f1adido, prolongaci\u00f3n de la vida \u00fatil, opciones veganas o f\u00f3rmulas personalizadas para apoyar tus operaciones de panader\u00eda, estamos listos para asociarnos contigo.[\/vc_column_text]<div class=\"vcex-spacing wpex-w-100 wpex-clear hidden-phone\" style=\"height:20px;\"><\/div>[\/vc_column][\/vc_row][\/vc_section][vc_row remove_bottom_col_margin=\u00bbtrue\u00bb][vc_column]<div class=\"wpex-template-shortcode\"><style type=\"text\/css\" data-type=\"vc_shortcodes-custom-css\">.vc_custom_1721317701030{background: #982126 url(https:\/\/bakemark.com\/wp-content\/uploads\/2024\/07\/bakemark-border.svg?id=340) !important;background-position: 0 0 !important;background-repeat: repeat-x !important;}.vc_custom_1720105893517{margin-bottom: 0px !important;}<\/style><div class=\"vc_section bigbrow vc_custom_1721317701030 wpex-vc-full-width-section wpex-vc-full-width-section--centered wpex-relative wpex-vc_section-has-fill wpex-vc_section-mx-0\" style=\"background-position:bottom left!important;background-size:auto 50px!important;\"><div class=\"vc_row wpb_row vc_row-fluid vc_row-o-content-middle vc_row-flex wpex-relative wpex-vc_row-col-mb-0 typography-white\"><div class=\"wpb_column vc_column_container vc_col-sm-2\"><div class=\"vc_column-inner vc_custom_1720105893517\"><div class=\"wpb_wrapper\"><\/div><\/div><\/div><div class=\"wpb_column vc_column_container vc_col-sm-8\"><div class=\"vc_column-inner\"><div class=\"wpb_wrapper\"><div class=\"vcex-spacing wpex-w-100 wpex-clear\"><\/div>\n\t<div class=\"wpb_text_column wpb_content_element\" >\n\t\t<div class=\"wpb_wrapper\">\n\t\t\t<h2 style=\"text-align: center\">\u00bfTienes preguntas? Estamos a tu disposici\u00f3n <\/h2>\n<p style=\"text-align: center\">\u00bfNecesitas m\u00e1s informaci\u00f3n sobre productos o soluciones? \u00bfEst\u00e1s listo para iniciar una conversaci\u00f3n? Un representante de BakeMark responder\u00e1 r\u00e1pidamente a tu mensaje.  <\/p>\n\n\t\t<\/div>\n\t<\/div>\n<div class=\"vcex-spacing wpex-w-100 wpex-clear\"><\/div><div class=\"theme-button-wrap textcenter wpex-clr\"><a href=\"https:\/\/bakemark.com\/es\/contacta-con-nosotros\/\" class=\"vcex-button theme-button align-center inline btnoncolor\"><span class=\"vcex-button-inner theme-button-inner wpex-flex wpex-flex-wrap wpex-items-center wpex-justify-center\">Contacta con nosotros<\/span><\/a><\/div> \t<style>.vcex_69f0d0b8ee84a{height:70px;}@media (max-width:767px){.vcex_69f0d0b8ee84a{height:80px;}}<\/style>\n<div class=\"vcex-spacing wpex-w-100 wpex-clear vcex_69f0d0b8ee84a\"><\/div><\/div><\/div><\/div><div class=\"wpb_column vc_column_container vc_col-sm-2\"><div class=\"vc_column-inner\"><div class=\"wpb_wrapper\"><\/div><\/div><\/div><\/div><\/div>\n<\/div>[\/vc_column][\/vc_row]\n<\/div>","protected":false},"excerpt":{"rendered":"Nuestras capacidades: Proveedor de ingredientes de panader\u00eda y m\u00e1s En BakeMark, existimos para crear valor para ti y para tu panader\u00eda. Ofrecemos recursos y capacidades que van desde nuestra completa cartera de ingredientes de calidad, pasando por el apoyo t\u00e9cnico que comparte nuestra experiencia en panader\u00eda, hasta la colaboraci\u00f3n en la creaci\u00f3n de soluciones personalizadas.&hellip;","protected":false},"author":5,"featured_media":0,"parent":0,"menu_order":0,"comment_status":"closed","ping_status":"closed","template":"","meta":{"_acf_changed":false,"content-type":"","footnotes":""},"class_list":["post-5345","page","type-page","status-publish","hentry","entry","no-media"],"acf":[],"yoast_head":"<!-- This site is optimized with the Yoast SEO plugin v27.4 - https:\/\/yoast.com\/product\/yoast-seo-wordpress\/ -->\n<title>Capacidades de los proveedores mayoristas de panader\u00eda | BakeMark<\/title>\n<meta name=\"description\" content=\"Como proveedores mayoristas de ingredientes de panader\u00eda, descubre c\u00f3mo nos esforzamos constantemente por encontrar nuevas formas de crear valor para ti y para tu empresa.\" \/>\n<meta name=\"robots\" content=\"index, follow, max-snippet:-1, max-image-preview:large, max-video-preview:-1\" \/>\n<link rel=\"canonical\" href=\"https:\/\/bakemark.com\/es\/capacidades\/\" \/>\n<meta property=\"og:locale\" content=\"es_ES\" \/>\n<meta property=\"og:type\" content=\"article\" \/>\n<meta property=\"og:title\" content=\"Capacidades de los proveedores mayoristas de panader\u00eda | BakeMark\" \/>\n<meta property=\"og:description\" content=\"Como proveedores mayoristas de ingredientes de panader\u00eda, descubre c\u00f3mo nos esforzamos constantemente por encontrar nuevas formas de crear valor para ti y para tu empresa.\" \/>\n<meta property=\"og:url\" content=\"https:\/\/bakemark.com\/es\/capacidades\/\" \/>\n<meta property=\"og:site_name\" content=\"BakeMark\" \/>\n<meta property=\"article:modified_time\" content=\"2025-07-22T15:39:28+00:00\" \/>\n<meta name=\"twitter:card\" content=\"summary_large_image\" \/>\n<meta name=\"twitter:label1\" content=\"Est. reading time\" \/>\n\t<meta name=\"twitter:data1\" content=\"5 minutos\" \/>\n<script type=\"application\/ld+json\" class=\"yoast-schema-graph\">{\"@context\":\"https:\\\/\\\/schema.org\",\"@graph\":[{\"@type\":\"WebPage\",\"@id\":\"https:\\\/\\\/bakemark.com\\\/es\\\/capacidades\\\/\",\"url\":\"https:\\\/\\\/bakemark.com\\\/es\\\/capacidades\\\/\",\"name\":\"Capacidades de los proveedores mayoristas de panader\u00eda | BakeMark\",\"isPartOf\":{\"@id\":\"https:\\\/\\\/bakemark.com\\\/es\\\/#website\"},\"datePublished\":\"2024-07-17T18:42:36+00:00\",\"dateModified\":\"2025-07-22T15:39:28+00:00\",\"description\":\"Como proveedores mayoristas de ingredientes de panader\u00eda, descubre c\u00f3mo nos esforzamos constantemente por encontrar nuevas formas de crear valor para ti y para tu empresa.\",\"breadcrumb\":{\"@id\":\"https:\\\/\\\/bakemark.com\\\/es\\\/capacidades\\\/#breadcrumb\"},\"inLanguage\":\"es\",\"potentialAction\":[{\"@type\":\"ReadAction\",\"target\":[\"https:\\\/\\\/bakemark.com\\\/es\\\/capacidades\\\/\"]}]},{\"@type\":\"BreadcrumbList\",\"@id\":\"https:\\\/\\\/bakemark.com\\\/es\\\/capacidades\\\/#breadcrumb\",\"itemListElement\":[{\"@type\":\"ListItem\",\"position\":1,\"name\":\"Home\",\"item\":\"https:\\\/\\\/bakemark.com\\\/es\\\/\"},{\"@type\":\"ListItem\",\"position\":2,\"name\":\"Capacidades\"}]},{\"@type\":\"WebSite\",\"@id\":\"https:\\\/\\\/bakemark.com\\\/es\\\/#website\",\"url\":\"https:\\\/\\\/bakemark.com\\\/es\\\/\",\"name\":\"BakeMark\",\"description\":\"\",\"publisher\":{\"@id\":\"https:\\\/\\\/bakemark.com\\\/es\\\/#organization\"},\"potentialAction\":[{\"@type\":\"SearchAction\",\"target\":{\"@type\":\"EntryPoint\",\"urlTemplate\":\"https:\\\/\\\/bakemark.com\\\/es\\\/?s={search_term_string}\"},\"query-input\":{\"@type\":\"PropertyValueSpecification\",\"valueRequired\":true,\"valueName\":\"search_term_string\"}}],\"inLanguage\":\"es\"},{\"@type\":\"Organization\",\"@id\":\"https:\\\/\\\/bakemark.com\\\/es\\\/#organization\",\"name\":\"BakeMark\",\"url\":\"https:\\\/\\\/bakemark.com\\\/es\\\/\",\"logo\":{\"@type\":\"ImageObject\",\"inLanguage\":\"es\",\"@id\":\"https:\\\/\\\/bakemark.com\\\/es\\\/#\\\/schema\\\/logo\\\/image\\\/\",\"url\":\"https:\\\/\\\/bakemark.com\\\/wp-content\\\/uploads\\\/2024\\\/07\\\/bakemark-logo-wht.svg\",\"contentUrl\":\"https:\\\/\\\/bakemark.com\\\/wp-content\\\/uploads\\\/2024\\\/07\\\/bakemark-logo-wht.svg\",\"width\":233,\"height\":58,\"caption\":\"BakeMark\"},\"image\":{\"@id\":\"https:\\\/\\\/bakemark.com\\\/es\\\/#\\\/schema\\\/logo\\\/image\\\/\"}}]}<\/script>\n<!-- \/ Yoast SEO plugin. -->","yoast_head_json":{"title":"Capacidades de los proveedores mayoristas de panader\u00eda | BakeMark","description":"Como proveedores mayoristas de ingredientes de panader\u00eda, descubre c\u00f3mo nos esforzamos constantemente por encontrar nuevas formas de crear valor para ti y para tu empresa.","robots":{"index":"index","follow":"follow","max-snippet":"max-snippet:-1","max-image-preview":"max-image-preview:large","max-video-preview":"max-video-preview:-1"},"canonical":"https:\/\/bakemark.com\/es\/capacidades\/","og_locale":"es_ES","og_type":"article","og_title":"Capacidades de los proveedores mayoristas de panader\u00eda | BakeMark","og_description":"Como proveedores mayoristas de ingredientes de panader\u00eda, descubre c\u00f3mo nos esforzamos constantemente por encontrar nuevas formas de crear valor para ti y para tu empresa.","og_url":"https:\/\/bakemark.com\/es\/capacidades\/","og_site_name":"BakeMark","article_modified_time":"2025-07-22T15:39:28+00:00","twitter_card":"summary_large_image","twitter_misc":{"Est. reading time":"5 minutos"},"schema":{"@context":"https:\/\/schema.org","@graph":[{"@type":"WebPage","@id":"https:\/\/bakemark.com\/es\/capacidades\/","url":"https:\/\/bakemark.com\/es\/capacidades\/","name":"Capacidades de los proveedores mayoristas de panader\u00eda | BakeMark","isPartOf":{"@id":"https:\/\/bakemark.com\/es\/#website"},"datePublished":"2024-07-17T18:42:36+00:00","dateModified":"2025-07-22T15:39:28+00:00","description":"Como proveedores mayoristas de ingredientes de panader\u00eda, descubre c\u00f3mo nos esforzamos constantemente por encontrar nuevas formas de crear valor para ti y para tu empresa.","breadcrumb":{"@id":"https:\/\/bakemark.com\/es\/capacidades\/#breadcrumb"},"inLanguage":"es","potentialAction":[{"@type":"ReadAction","target":["https:\/\/bakemark.com\/es\/capacidades\/"]}]},{"@type":"BreadcrumbList","@id":"https:\/\/bakemark.com\/es\/capacidades\/#breadcrumb","itemListElement":[{"@type":"ListItem","position":1,"name":"Home","item":"https:\/\/bakemark.com\/es\/"},{"@type":"ListItem","position":2,"name":"Capacidades"}]},{"@type":"WebSite","@id":"https:\/\/bakemark.com\/es\/#website","url":"https:\/\/bakemark.com\/es\/","name":"BakeMark","description":"","publisher":{"@id":"https:\/\/bakemark.com\/es\/#organization"},"potentialAction":[{"@type":"SearchAction","target":{"@type":"EntryPoint","urlTemplate":"https:\/\/bakemark.com\/es\/?s={search_term_string}"},"query-input":{"@type":"PropertyValueSpecification","valueRequired":true,"valueName":"search_term_string"}}],"inLanguage":"es"},{"@type":"Organization","@id":"https:\/\/bakemark.com\/es\/#organization","name":"BakeMark","url":"https:\/\/bakemark.com\/es\/","logo":{"@type":"ImageObject","inLanguage":"es","@id":"https:\/\/bakemark.com\/es\/#\/schema\/logo\/image\/","url":"https:\/\/bakemark.com\/wp-content\/uploads\/2024\/07\/bakemark-logo-wht.svg","contentUrl":"https:\/\/bakemark.com\/wp-content\/uploads\/2024\/07\/bakemark-logo-wht.svg","width":233,"height":58,"caption":"BakeMark"},"image":{"@id":"https:\/\/bakemark.com\/es\/#\/schema\/logo\/image\/"}}]}},"_links":{"self":[{"href":"https:\/\/bakemark.com\/es\/wp-json\/wp\/v2\/pages\/5345","targetHints":{"allow":["GET"]}}],"collection":[{"href":"https:\/\/bakemark.com\/es\/wp-json\/wp\/v2\/pages"}],"about":[{"href":"https:\/\/bakemark.com\/es\/wp-json\/wp\/v2\/types\/page"}],"author":[{"embeddable":true,"href":"https:\/\/bakemark.com\/es\/wp-json\/wp\/v2\/users\/5"}],"replies":[{"embeddable":true,"href":"https:\/\/bakemark.com\/es\/wp-json\/wp\/v2\/comments?post=5345"}],"version-history":[{"count":0,"href":"https:\/\/bakemark.com\/es\/wp-json\/wp\/v2\/pages\/5345\/revisions"}],"wp:attachment":[{"href":"https:\/\/bakemark.com\/es\/wp-json\/wp\/v2\/media?parent=5345"}],"curies":[{"name":"wp","href":"https:\/\/api.w.org\/{rel}","templated":true}]}}