{"id":5343,"date":"2024-08-06T14:10:38","date_gmt":"2024-08-06T19:10:38","guid":{"rendered":"https:\/\/bakemark.com\/documentos-normativos\/"},"modified":"2025-12-26T13:26:35","modified_gmt":"2025-12-26T19:26:35","slug":"documentos-normativos","status":"publish","type":"page","link":"https:\/\/bakemark.com\/es\/documentos-normativos\/","title":{"rendered":"Documentos normativos"},"content":{"rendered":"<div class=\"wpb-content-wrapper\">[vc_row remove_bottom_col_margin=\u00bbtrue\u00bb css=\u00bb.vc_custom_1722450345418{margin-top: 70px !important;margin-bottom: 20px !important;}\u00bb][vc_column offset=\u00bbvc_col-lg-offset-1 vc_col-lg-10&#8243;]<div class=\"vcex-spacing wpex-w-100 wpex-clear hidden-phone\" style=\"height:10px;\"><\/div>[vc_column_text css=\u00bb\u00bb text_align=\u00bbcenter\u00bb]\n<h1>Documentos normativos:<br \/>\nMantener la seguridad de los clientes es nuestra prioridad n\u00famero 1<\/h1>\n[\/vc_column_text][\/vc_column][\/vc_row][vc_row css=\u00bb.vc_custom_1722971096602{margin-bottom: 10px !important;}\u00bb][vc_column offset=\u00bbvc_col-lg-offset-1 vc_col-lg-10&#8243;][vc_column_text css=\u00bb\u00bb text_align=\u00bbcenter\u00bb]Encuentra los documentos m\u00e1s solicitados por nuestros socios panaderos.[\/vc_column_text][\/vc_column][\/vc_row][vc_row remove_bottom_col_margin=\u00bbtrue\u00bb][vc_column][vc_tta_accordion title_tag=\u00bbp\u00bb section_title_tag=\u00bbp\u00bb c_position=\u00bbright\u00bb active_section=\u00bb\u00bb collapsible_all=\u00bbtrue\u00bb][vc_tta_section title=\u00bbPol\u00edtica de control de al\u00e9rgenos\u00bb tab_id=\u00bb1722971177842-b3fcaafe-8cec\u00bb][vc_row_inner remove_bottom_col_margin=\u00bbtrue\u00bb][vc_column_inner width=\u00bb5\/6&#8243; offset=\u00bbvc_col-sm-offset-1&#8243;][vc_column_text css=\u00bb.vc_custom_1722971254050{margin-bottom: 20px !important;}\u00bb]La Ley de Etiquetado de Al\u00e9rgenos Alimentarios y Protecci\u00f3n del Consumidor (FALCPA) mejorar\u00e1 la informaci\u00f3n del etiquetado de los alimentos para los millones de consumidores que padecen alergias alimentarias. La Ley ser\u00e1 especialmente \u00fatil para los ni\u00f1os que deben aprender a reconocer los al\u00e9rgenos que deben evitar.[\/vc_column_text]<a href=\"https:\/\/bakemark.com\/wp-content\/uploads\/2025\/12\/BakeMark-Allergen-Control-Policy-2025.pdf\" class=\"vcex-button theme-button inline\" target=\"_blank\" rel=\"noopener noreferrer\"><span class=\"vcex-button-inner theme-button-inner wpex-flex wpex-flex-wrap wpex-items-center wpex-justify-center\">Descarga<\/span><\/a> [\/vc_column_inner][\/vc_row_inner][\/vc_tta_section][vc_tta_section title=\u00bbDeclaraci\u00f3n sobre bioterrorismo\u00bb tab_id=\u00bb1722971177864-ae540673-48ca\u00bb][vc_row_inner remove_bottom_col_margin=\u00bbtrue\u00bb][vc_column_inner width=\u00bb5\/6&#8243; offset=\u00bbvc_col-sm-offset-1&#8243;]<a href=\"https:\/\/bakemark.com\/wp-content\/uploads\/2025\/12\/Bioterrorism-Statement-2025.pdf\" class=\"vcex-button theme-button inline\" target=\"_blank\" rel=\"noopener noreferrer\"><span class=\"vcex-button-inner theme-button-inner wpex-flex wpex-flex-wrap wpex-items-center wpex-justify-center\">Descarga<\/span><\/a> [\/vc_column_inner][\/vc_row_inner][\/vc_tta_section][vc_tta_section title=\u00bbInformaci\u00f3n sobre seguridad y calidad de los alimentos BakeMark\u00bb tab_id=\u00bb1722979748033-34372908-cec4&#8243;][vc_row_inner remove_bottom_col_margin=\u00bbtrue\u00bb][vc_column_inner width=\u00bb5\/6&#8243; offset=\u00bbvc_col-sm-offset-1&#8243;]<a href=\"https:\/\/bakemark.com\/wp-content\/uploads\/2025\/12\/BakeMark-FSVP-Compliance-Statement-2025.pdf\" class=\"vcex-button theme-button inline\" target=\"_blank\" rel=\"noopener noreferrer\"><span class=\"vcex-button-inner theme-button-inner wpex-flex wpex-flex-wrap wpex-items-center wpex-justify-center\">Descarga<\/span><\/a> [\/vc_column_inner][\/vc_row_inner][\/vc_tta_section][vc_tta_section title=\u00bbCertificados BRCGS\u00bb tab_id=\u00bb1722979759168-d03869e1-4553&#8243;][vc_row_inner remove_bottom_col_margin=\u00bbtrue\u00bb][vc_column_inner width=\u00bb5\/6&#8243; offset=\u00bbvc_col-sm-offset-1&#8243;][vc_column_text css=\u00bb.vc_custom_1739306412617{margin-bottom: 20px !important;}\u00bb]La Norma Mundial <strong>BRCGS<\/strong> de Seguridad Alimentaria es una norma de <strong>certificaci\u00f3n de<\/strong> productos y procesos conocida por el cumplimiento de las mejores pr\u00e1cticas del sector. <strong>La certificaci\u00f3n BRCGS<\/strong> es una marca de seguridad y calidad alimentaria reconocida internacionalmente.[\/vc_column_text]<style>.vcex-multi-buttons.vcex_69d0ff6e47140{gap:20px;}<\/style><div class=\"vcex-multi-buttons wpex-flex wpex-flex-wrap wpex-items-center wpex-gap-10 wpex-justify-center vcex_69d0ff6e47140\"><a href=\"https:\/\/bakemark.com\/wp-content\/uploads\/2025\/12\/Bakemark-Elyria-OH-BRCGS-Certificate-4.9.25.pdf\" title=\"Elyria, OH\" class=\"theme-button flat outline-transparent wpex-text-center vcex-count-1\" target=\"_blank\" rel=\"noopener noreferrer\">Elyria, OH<\/a><a href=\"https:\/\/bakemark.com\/wp-content\/uploads\/2025\/12\/BakeMark-Spartanburg-BRC-Certificate-2025-RC263227-2018-ABRC-USA-ACCREDIA-BRC.pdf\" title=\"Spartanburg, SC\" class=\"theme-button flat outline-transparent wpex-text-center vcex-count-2\" target=\"_blank\" rel=\"noopener noreferrer\">Spartanburg, SC<\/a><a href=\"https:\/\/bakemark.com\/wp-content\/uploads\/2025\/12\/BRC-Certificate-2025.pdf\" title=\"Pico Rivera, CA\" class=\"theme-button flat outline-transparent wpex-text-center vcex-count-3\" target=\"_blank\" rel=\"noopener noreferrer\">Pico Rivera, CA<\/a><\/div>[\/vc_column_inner][\/vc_row_inner][\/vc_tta_section][vc_tta_section title=\u00bbLey de Transparencia de California\u00bb tab_id=\u00bb1722979773125-e67e8c12-eafd\u00bb][vc_row_inner remove_bottom_col_margin=\u00bbtrue\u00bb][vc_column_inner width=\u00bb5\/6&#8243; offset=\u00bbvc_col-sm-offset-1&#8243;][vc_column_text css=\u00bb.vc_custom_1723047119320{margin-bottom: 20px !important;}\u00bb]La <strong>Ley de<\/strong> <strong>Transparencia<\/strong> en las Cadenas de Suministro <strong>de California<\/strong>, que entr\u00f3 en vigor el 1 de enero de 2012, capacita a los consumidores <strong>californianos<\/strong> para unirse a la lucha contra la trata de seres humanos, d\u00e1ndoles acceso a informaci\u00f3n sobre los esfuerzos de minoristas y fabricantes para erradicar esas pr\u00e1cticas laborales de sus cadenas de suministro.[\/vc_column_text]<a href=\"https:\/\/bakemark.com\/wp-content\/uploads\/2024\/08\/SB-657-CA-Transparency-in-Supply-Chains-Act-2020.pdf\" class=\"vcex-button theme-button inline\" target=\"_blank\" rel=\"noopener noreferrer\"><span class=\"vcex-button-inner theme-button-inner wpex-flex wpex-flex-wrap wpex-items-center wpex-justify-center\">Descarga<\/span><\/a> [\/vc_column_inner][\/vc_row_inner][\/vc_tta_section][vc_tta_section title=\u00bbGarant\u00eda Continua\u00bb tab_id=\u00bb1722979785837-e45d77fc-352b\u00bb][vc_row_inner remove_bottom_col_margin=\u00bbtrue\u00bb][vc_column_inner width=\u00bb5\/6&#8243; offset=\u00bbvc_col-sm-offset-1&#8243;]<a href=\"https:\/\/bakemark.com\/wp-content\/uploads\/2025\/12\/BakeMark-Continuing-Letter-of-Guarantee_2025.pdf\" class=\"vcex-button theme-button inline\" target=\"_blank\" rel=\"noopener noreferrer\"><span class=\"vcex-button-inner theme-button-inner wpex-flex wpex-flex-wrap wpex-items-center wpex-justify-center\">Descarga<\/span><\/a> [\/vc_column_inner][\/vc_row_inner][\/vc_tta_section][vc_tta_section title=\u00bbDeclaraci\u00f3n de calidad de la seguridad alimentaria\u00bb tab_id=\u00bb1722979793563-7e3b8ce0-da54&#8243;][vc_row_inner remove_bottom_col_margin=\u00bbtrue\u00bb][vc_column_inner width=\u00bb5\/6&#8243; offset=\u00bbvc_col-sm-offset-1&#8243;]<a href=\"https:\/\/bakemark.com\/wp-content\/uploads\/2025\/12\/Food-Safety-and-Quality-Statement-2025.pdf\" class=\"vcex-button theme-button inline\" target=\"_blank\" rel=\"noopener noreferrer\"><span class=\"vcex-button-inner theme-button-inner wpex-flex wpex-flex-wrap wpex-items-center wpex-justify-center\">Descarga<\/span><\/a> [\/vc_column_inner][\/vc_row_inner][\/vc_tta_section][vc_tta_section title=\u00bbDeclaraci\u00f3n del Programa de Verificaci\u00f3n de Proveedores Extranjeros (FSVP)\u00bb tab_id=\u00bb1722979814229-fb02cfd9-946c\u00bb][vc_row_inner remove_bottom_col_margin=\u00bbtrue\u00bb][vc_column_inner width=\u00bb5\/6&#8243; offset=\u00bbvc_col-sm-offset-1&#8243;]<a href=\"https:\/\/bakemark.com\/wp-content\/uploads\/2025\/12\/BakeMark-FSVP-Compliance-Statement-2025.pdf\" class=\"vcex-button theme-button inline\" target=\"_blank\" rel=\"noopener noreferrer\"><span class=\"vcex-button-inner theme-button-inner wpex-flex wpex-flex-wrap wpex-items-center wpex-justify-center\">Descarga<\/span><\/a> [\/vc_column_inner][\/vc_row_inner][\/vc_tta_section][vc_tta_section title=\u00bbDeclaraci\u00f3n de cumplimiento de la FSMA\u00bb tab_id=\u00bb1722979815166-0c2638d5-383b\u00bb][vc_row_inner remove_bottom_col_margin=\u00bbtrue\u00bb][vc_column_inner width=\u00bb5\/6&#8243; offset=\u00bbvc_col-sm-offset-1&#8243;]<a href=\"https:\/\/bakemark.com\/wp-content\/uploads\/2025\/12\/BakeMark-FSMA-statement-2025.pdf\" class=\"vcex-button theme-button inline\" target=\"_blank\" rel=\"noopener noreferrer\"><span class=\"vcex-button-inner theme-button-inner wpex-flex wpex-flex-wrap wpex-items-center wpex-justify-center\">Descarga<\/span><\/a> [\/vc_column_inner][\/vc_row_inner][\/vc_tta_section][vc_tta_section title=\u00bbDeclaraci\u00f3n OMG\u00bb tab_id=\u00bb1722979816052-fd7eda9e-d675&#8243;][vc_row_inner remove_bottom_col_margin=\u00bbtrue\u00bb][vc_column_inner width=\u00bb5\/6&#8243; offset=\u00bbvc_col-sm-offset-1&#8243;][vc_column_text css=\u00bb.vc_custom_1723047408043{margin-bottom: 20px !important;}\u00bb]En BakeMark, nuestros productos e ingredientes pueden contener ingredientes derivados de fuentes que no se consideran No OGM. Estos productos incluyen y pueden no limitarse al ma\u00edz, la patata, la soja y los ingredientes\/subproductos l\u00e1cteos.[\/vc_column_text]<a href=\"https:\/\/bakemark.com\/wp-content\/uploads\/2025\/12\/BakeMark-GMO-Statement_01.16.25.pdf\" class=\"vcex-button theme-button inline\" target=\"_blank\" rel=\"noopener noreferrer\"><span class=\"vcex-button-inner theme-button-inner wpex-flex wpex-flex-wrap wpex-items-center wpex-justify-center\">Descarga<\/span><\/a> [\/vc_column_inner][\/vc_row_inner][\/vc_tta_section][vc_tta_section title=\u00bbCertificaci\u00f3n Halal\u00bb tab_id=\u00bb1722979817142-0dba43a6-7c94&#8243;][vc_row_inner remove_bottom_col_margin=\u00bbtrue\u00bb][vc_column_inner width=\u00bb5\/6&#8243; offset=\u00bbvc_col-sm-offset-1&#8243;][vc_column_text css=\u00bb.vc_custom_1723047652843{margin-bottom: 20px !important;}\u00bb]Por la presente se certifica que el\/los siguiente(s) producto(s) ha(n) sido elaborado(s) bajo la supervisi\u00f3n del Consejo Isl\u00e1mico de Alimentaci\u00f3n y Nutrici\u00f3n de Am\u00e9rica (IFANCA). La instalaci\u00f3n de producci\u00f3n, as\u00ed como los ingredientes que la componen, han sido revisados y aprobados. El\/los producto(s) cumple(n) los requisitos halal seg\u00fan las leyes isl\u00e1micas.[\/vc_column_text]<style>.vcex-multi-buttons.vcex_69d0ff6e496f4{gap:20px;}<\/style><div class=\"vcex-multi-buttons wpex-flex wpex-flex-wrap wpex-items-center wpex-gap-10 wpex-justify-center vcex_69d0ff6e496f4\"><a href=\"https:\/\/bakemark.com\/wp-content\/uploads\/2025\/12\/Bakemark-Elyria-OH-BRCGS-Certificate-4.9.25.pdf\" title=\"Elyria, OH\" class=\"theme-button flat outline-transparent wpex-text-center vcex-count-1\" target=\"_blank\" rel=\"noopener noreferrer\">Elyria, OH<\/a><a href=\"https:\/\/bakemark.com\/wp-content\/uploads\/2025\/12\/BakeMark-Spartanburg-BRC-Certificate-2025-RC263227-2018-ABRC-USA-ACCREDIA-BRC.pdf\" title=\"Spartanburg, SC\" class=\"theme-button flat outline-transparent wpex-text-center vcex-count-2\" target=\"_blank\" rel=\"noopener noreferrer\">Spartanburg, SC<\/a><a href=\"https:\/\/bakemark.com\/wp-content\/uploads\/2025\/12\/BakeMark-Westco_Halal-Certificate-Exp_04.30.26.pdf\" title=\"Pico Rivera, CA\" class=\"theme-button flat outline-transparent wpex-text-center vcex-count-3\" target=\"_blank\" rel=\"noopener noreferrer\">Pico Rivera, CA - Westco<\/a><a href=\"https:\/\/bakemark.com\/wp-content\/uploads\/2025\/12\/BakeMark-Halal-Certificate_Halal-Certificate_Exp_04.30.26.pdf\" title=\"Pico Rivera, CA\" class=\"theme-button flat outline-transparent wpex-text-center vcex-count-4\" target=\"_blank\" rel=\"noopener noreferrer\">Pico Rivera, CA - Manufactured <\/a><\/div>[\/vc_column_inner][\/vc_row_inner][\/vc_tta_section][vc_tta_section title=\u00bbCarta de Certificaci\u00f3n Kosher\u00bb tab_id=\u00bb1722979818054-257596a1-7841&#8243;][vc_row_inner remove_bottom_col_margin=\u00bbtrue\u00bb][vc_column_inner width=\u00bb5\/6&#8243; offset=\u00bbvc_col-sm-offset-1&#8243;]<style>.vcex-multi-buttons.vcex_69d0ff6e49adb{gap:20px;}<\/style><div class=\"vcex-multi-buttons wpex-flex wpex-flex-wrap wpex-items-center wpex-gap-10 wpex-justify-center vcex_69d0ff6e49adb\"><a href=\"https:\/\/bakemark.com\/wp-content\/uploads\/2025\/12\/Elyria_Kosher-Exp-12.31.25-1.pdf\" title=\"Elyria, OH\" class=\"theme-button flat outline-transparent wpex-text-center vcex-count-1\" target=\"_blank\" rel=\"noopener noreferrer\">Elyria, OH<\/a><a href=\"https:\/\/bakemark.com\/wp-content\/uploads\/2025\/12\/Spartanburg-Kosher-EXP-12.31.25-1.pdf\" title=\"Spartanburg, SC\" class=\"theme-button flat outline-transparent wpex-text-center vcex-count-2\" target=\"_blank\" rel=\"noopener noreferrer\">Spartanburg, SC<\/a><a href=\"https:\/\/bakemark.com\/wp-content\/uploads\/2025\/12\/BakeMark-Pico-Kosher-Exp_12.31.25.pdf\" title=\"Pico Rivera, CA\" class=\"theme-button flat outline-transparent wpex-text-center vcex-count-3\" target=\"_blank\" rel=\"noopener noreferrer\">Pico Rivera, CA<\/a><\/div>[\/vc_column_inner][\/vc_row_inner][\/vc_tta_section][vc_tta_section title=\u00bbDeclaraci\u00f3n sobre el Programa de Defensa y Retirada de Alimentos\u00bb tab_id=\u00bb1722979819225-4a008da8-b11c\u00bb][vc_row_inner remove_bottom_col_margin=\u00bbtrue\u00bb][vc_column_inner width=\u00bb5\/6&#8243; offset=\u00bbvc_col-sm-offset-1&#8243;]<a href=\"https:\/\/bakemark.com\/wp-content\/uploads\/2025\/12\/BakeMark-Food-Defense-Recalls-Food-Fraud-Statement-2025.pdf\" class=\"vcex-button theme-button inline\" target=\"_blank\" rel=\"noopener noreferrer\"><span class=\"vcex-button-inner theme-button-inner wpex-flex wpex-flex-wrap wpex-items-center wpex-justify-center\">Descarga<\/span><\/a> [\/vc_column_inner][\/vc_row_inner][\/vc_tta_section][\/vc_tta_accordion][\/vc_column][\/vc_row]\n<\/div>","protected":false},"excerpt":{"rendered":"<p>[vc_row remove_bottom_col_margin=\u00bbtrue\u00bb css=\u00bb.vc_custom_1722450345418{margin-top: 70px !important;margin-bottom: 20px !important;}\u00bb][vc_column offset=\u00bbvc_col-lg-offset-1 vc_col-lg-10&#8243;][vc_column_text css=\u00bb\u00bb text_align=\u00bbcenter\u00bb] Documentos normativos: Mantener la seguridad de los clientes es nuestra prioridad n\u00famero 1 [\/vc_column_text][\/vc_column][\/vc_row][vc_row css=\u00bb.vc_custom_1722971096602{margin-bottom: 10px !important;}\u00bb][vc_column offset=\u00bbvc_col-lg-offset-1 vc_col-lg-10&#8243;][vc_column_text css=\u00bb\u00bb text_align=\u00bbcenter\u00bb]Encuentra los documentos m\u00e1s solicitados por nuestros socios panaderos.[\/vc_column_text][\/vc_column][\/vc_row][vc_row remove_bottom_col_margin=\u00bbtrue\u00bb][vc_column][vc_tta_accordion title_tag=\u00bbp\u00bb section_title_tag=\u00bbp\u00bb c_position=\u00bbright\u00bb active_section=\u00bb\u00bb collapsible_all=\u00bbtrue\u00bb][vc_tta_section title=\u00bbPol\u00edtica de control de al\u00e9rgenos\u00bb tab_id=\u00bb1722971177842-b3fcaafe-8cec\u00bb][vc_row_inner remove_bottom_col_margin=\u00bbtrue\u00bb][vc_column_inner width=\u00bb5\/6&#8243; offset=\u00bbvc_col-sm-offset-1&#8243;][vc_column_text&hellip;<\/p>\n","protected":false},"author":5,"featured_media":0,"parent":0,"menu_order":0,"comment_status":"closed","ping_status":"closed","template":"","meta":{"_acf_changed":false,"content-type":"","footnotes":""},"class_list":["post-5343","page","type-page","status-publish","hentry","entry","no-media"],"acf":[],"yoast_head":"<!-- This site is optimized with the Yoast SEO plugin v27.3 - https:\/\/yoast.com\/product\/yoast-seo-wordpress\/ -->\n<title>Documentos normativos | BakeMark<\/title>\n<meta name=\"robots\" content=\"index, follow, max-snippet:-1, max-image-preview:large, max-video-preview:-1\" \/>\n<link rel=\"canonical\" href=\"https:\/\/bakemark.com\/es\/documentos-normativos\/\" \/>\n<meta property=\"og:locale\" content=\"es_ES\" \/>\n<meta property=\"og:type\" content=\"article\" \/>\n<meta property=\"og:title\" content=\"Documentos normativos | BakeMark\" \/>\n<meta property=\"og:description\" content=\"[vc_row remove_bottom_col_margin=\u00bbtrue\u00bb css=\u00bb.vc_custom_1722450345418{margin-top: 70px !important;margin-bottom: 20px !important;}\u00bb][vc_column offset=\u00bbvc_col-lg-offset-1 vc_col-lg-10&#8243;][vc_column_text css=\u00bb\u00bb text_align=\u00bbcenter\u00bb] Documentos normativos: Mantener la seguridad de los clientes es nuestra prioridad n\u00famero 1 [\/vc_column_text][\/vc_column][\/vc_row][vc_row css=\u00bb.vc_custom_1722971096602{margin-bottom: 10px !important;}\u00bb][vc_column offset=\u00bbvc_col-lg-offset-1 vc_col-lg-10&#8243;][vc_column_text css=\u00bb\u00bb text_align=\u00bbcenter\u00bb]Encuentra los documentos m\u00e1s solicitados por nuestros socios panaderos.[\/vc_column_text][\/vc_column][\/vc_row][vc_row remove_bottom_col_margin=\u00bbtrue\u00bb][vc_column][vc_tta_accordion title_tag=\u00bbp\u00bb section_title_tag=\u00bbp\u00bb c_position=\u00bbright\u00bb active_section=\u00bb\u00bb collapsible_all=\u00bbtrue\u00bb][vc_tta_section title=\u00bbPol\u00edtica de control de al\u00e9rgenos\u00bb tab_id=\u00bb1722971177842-b3fcaafe-8cec\u00bb][vc_row_inner remove_bottom_col_margin=\u00bbtrue\u00bb][vc_column_inner width=\u00bb5\/6&#8243; offset=\u00bbvc_col-sm-offset-1&#8243;][vc_column_text&hellip;\" \/>\n<meta property=\"og:url\" content=\"https:\/\/bakemark.com\/es\/documentos-normativos\/\" \/>\n<meta property=\"og:site_name\" content=\"BakeMark\" \/>\n<meta property=\"article:modified_time\" content=\"2025-12-26T19:26:35+00:00\" \/>\n<meta name=\"twitter:card\" content=\"summary_large_image\" \/>\n<meta name=\"twitter:label1\" content=\"Est. reading time\" \/>\n\t<meta name=\"twitter:data1\" content=\"8 minutos\" \/>\n<script type=\"application\/ld+json\" class=\"yoast-schema-graph\">{\"@context\":\"https:\\\/\\\/schema.org\",\"@graph\":[{\"@type\":\"WebPage\",\"@id\":\"https:\\\/\\\/bakemark.com\\\/es\\\/documentos-normativos\\\/\",\"url\":\"https:\\\/\\\/bakemark.com\\\/es\\\/documentos-normativos\\\/\",\"name\":\"Documentos normativos | BakeMark\",\"isPartOf\":{\"@id\":\"https:\\\/\\\/bakemark.com\\\/es\\\/#website\"},\"datePublished\":\"2024-08-06T19:10:38+00:00\",\"dateModified\":\"2025-12-26T19:26:35+00:00\",\"breadcrumb\":{\"@id\":\"https:\\\/\\\/bakemark.com\\\/es\\\/documentos-normativos\\\/#breadcrumb\"},\"inLanguage\":\"es\",\"potentialAction\":[{\"@type\":\"ReadAction\",\"target\":[\"https:\\\/\\\/bakemark.com\\\/es\\\/documentos-normativos\\\/\"]}]},{\"@type\":\"BreadcrumbList\",\"@id\":\"https:\\\/\\\/bakemark.com\\\/es\\\/documentos-normativos\\\/#breadcrumb\",\"itemListElement\":[{\"@type\":\"ListItem\",\"position\":1,\"name\":\"Home\",\"item\":\"https:\\\/\\\/bakemark.com\\\/es\\\/\"},{\"@type\":\"ListItem\",\"position\":2,\"name\":\"Documentos normativos\"}]},{\"@type\":\"WebSite\",\"@id\":\"https:\\\/\\\/bakemark.com\\\/es\\\/#website\",\"url\":\"https:\\\/\\\/bakemark.com\\\/es\\\/\",\"name\":\"BakeMark\",\"description\":\"\",\"publisher\":{\"@id\":\"https:\\\/\\\/bakemark.com\\\/es\\\/#organization\"},\"potentialAction\":[{\"@type\":\"SearchAction\",\"target\":{\"@type\":\"EntryPoint\",\"urlTemplate\":\"https:\\\/\\\/bakemark.com\\\/es\\\/?s={search_term_string}\"},\"query-input\":{\"@type\":\"PropertyValueSpecification\",\"valueRequired\":true,\"valueName\":\"search_term_string\"}}],\"inLanguage\":\"es\"},{\"@type\":\"Organization\",\"@id\":\"https:\\\/\\\/bakemark.com\\\/es\\\/#organization\",\"name\":\"BakeMark\",\"url\":\"https:\\\/\\\/bakemark.com\\\/es\\\/\",\"logo\":{\"@type\":\"ImageObject\",\"inLanguage\":\"es\",\"@id\":\"https:\\\/\\\/bakemark.com\\\/es\\\/#\\\/schema\\\/logo\\\/image\\\/\",\"url\":\"https:\\\/\\\/bakemark.com\\\/wp-content\\\/uploads\\\/2024\\\/07\\\/bakemark-logo-wht.svg\",\"contentUrl\":\"https:\\\/\\\/bakemark.com\\\/wp-content\\\/uploads\\\/2024\\\/07\\\/bakemark-logo-wht.svg\",\"width\":233,\"height\":58,\"caption\":\"BakeMark\"},\"image\":{\"@id\":\"https:\\\/\\\/bakemark.com\\\/es\\\/#\\\/schema\\\/logo\\\/image\\\/\"}}]}<\/script>\n<!-- \/ Yoast SEO plugin. -->","yoast_head_json":{"title":"Documentos normativos | BakeMark","robots":{"index":"index","follow":"follow","max-snippet":"max-snippet:-1","max-image-preview":"max-image-preview:large","max-video-preview":"max-video-preview:-1"},"canonical":"https:\/\/bakemark.com\/es\/documentos-normativos\/","og_locale":"es_ES","og_type":"article","og_title":"Documentos normativos | BakeMark","og_description":"[vc_row remove_bottom_col_margin=\u00bbtrue\u00bb css=\u00bb.vc_custom_1722450345418{margin-top: 70px !important;margin-bottom: 20px !important;}\u00bb][vc_column offset=\u00bbvc_col-lg-offset-1 vc_col-lg-10&#8243;][vc_column_text css=\u00bb\u00bb text_align=\u00bbcenter\u00bb] Documentos normativos: Mantener la seguridad de los clientes es nuestra prioridad n\u00famero 1 [\/vc_column_text][\/vc_column][\/vc_row][vc_row css=\u00bb.vc_custom_1722971096602{margin-bottom: 10px !important;}\u00bb][vc_column offset=\u00bbvc_col-lg-offset-1 vc_col-lg-10&#8243;][vc_column_text css=\u00bb\u00bb text_align=\u00bbcenter\u00bb]Encuentra los documentos m\u00e1s solicitados por nuestros socios panaderos.[\/vc_column_text][\/vc_column][\/vc_row][vc_row remove_bottom_col_margin=\u00bbtrue\u00bb][vc_column][vc_tta_accordion title_tag=\u00bbp\u00bb section_title_tag=\u00bbp\u00bb c_position=\u00bbright\u00bb active_section=\u00bb\u00bb collapsible_all=\u00bbtrue\u00bb][vc_tta_section title=\u00bbPol\u00edtica de control de al\u00e9rgenos\u00bb tab_id=\u00bb1722971177842-b3fcaafe-8cec\u00bb][vc_row_inner remove_bottom_col_margin=\u00bbtrue\u00bb][vc_column_inner width=\u00bb5\/6&#8243; offset=\u00bbvc_col-sm-offset-1&#8243;][vc_column_text&hellip;","og_url":"https:\/\/bakemark.com\/es\/documentos-normativos\/","og_site_name":"BakeMark","article_modified_time":"2025-12-26T19:26:35+00:00","twitter_card":"summary_large_image","twitter_misc":{"Est. reading time":"8 minutos"},"schema":{"@context":"https:\/\/schema.org","@graph":[{"@type":"WebPage","@id":"https:\/\/bakemark.com\/es\/documentos-normativos\/","url":"https:\/\/bakemark.com\/es\/documentos-normativos\/","name":"Documentos normativos | BakeMark","isPartOf":{"@id":"https:\/\/bakemark.com\/es\/#website"},"datePublished":"2024-08-06T19:10:38+00:00","dateModified":"2025-12-26T19:26:35+00:00","breadcrumb":{"@id":"https:\/\/bakemark.com\/es\/documentos-normativos\/#breadcrumb"},"inLanguage":"es","potentialAction":[{"@type":"ReadAction","target":["https:\/\/bakemark.com\/es\/documentos-normativos\/"]}]},{"@type":"BreadcrumbList","@id":"https:\/\/bakemark.com\/es\/documentos-normativos\/#breadcrumb","itemListElement":[{"@type":"ListItem","position":1,"name":"Home","item":"https:\/\/bakemark.com\/es\/"},{"@type":"ListItem","position":2,"name":"Documentos normativos"}]},{"@type":"WebSite","@id":"https:\/\/bakemark.com\/es\/#website","url":"https:\/\/bakemark.com\/es\/","name":"BakeMark","description":"","publisher":{"@id":"https:\/\/bakemark.com\/es\/#organization"},"potentialAction":[{"@type":"SearchAction","target":{"@type":"EntryPoint","urlTemplate":"https:\/\/bakemark.com\/es\/?s={search_term_string}"},"query-input":{"@type":"PropertyValueSpecification","valueRequired":true,"valueName":"search_term_string"}}],"inLanguage":"es"},{"@type":"Organization","@id":"https:\/\/bakemark.com\/es\/#organization","name":"BakeMark","url":"https:\/\/bakemark.com\/es\/","logo":{"@type":"ImageObject","inLanguage":"es","@id":"https:\/\/bakemark.com\/es\/#\/schema\/logo\/image\/","url":"https:\/\/bakemark.com\/wp-content\/uploads\/2024\/07\/bakemark-logo-wht.svg","contentUrl":"https:\/\/bakemark.com\/wp-content\/uploads\/2024\/07\/bakemark-logo-wht.svg","width":233,"height":58,"caption":"BakeMark"},"image":{"@id":"https:\/\/bakemark.com\/es\/#\/schema\/logo\/image\/"}}]}},"_links":{"self":[{"href":"https:\/\/bakemark.com\/es\/wp-json\/wp\/v2\/pages\/5343","targetHints":{"allow":["GET"]}}],"collection":[{"href":"https:\/\/bakemark.com\/es\/wp-json\/wp\/v2\/pages"}],"about":[{"href":"https:\/\/bakemark.com\/es\/wp-json\/wp\/v2\/types\/page"}],"author":[{"embeddable":true,"href":"https:\/\/bakemark.com\/es\/wp-json\/wp\/v2\/users\/5"}],"replies":[{"embeddable":true,"href":"https:\/\/bakemark.com\/es\/wp-json\/wp\/v2\/comments?post=5343"}],"version-history":[{"count":0,"href":"https:\/\/bakemark.com\/es\/wp-json\/wp\/v2\/pages\/5343\/revisions"}],"wp:attachment":[{"href":"https:\/\/bakemark.com\/es\/wp-json\/wp\/v2\/media?parent=5343"}],"curies":[{"name":"wp","href":"https:\/\/api.w.org\/{rel}","templated":true}]}}