{"id":5341,"date":"2024-08-06T13:49:57","date_gmt":"2024-08-06T18:49:57","guid":{"rendered":"https:\/\/bakemark.com\/condiciones-de-uso\/"},"modified":"2025-02-04T14:55:00","modified_gmt":"2025-02-04T20:55:00","slug":"condiciones-de-uso","status":"publish","type":"page","link":"https:\/\/bakemark.com\/es\/condiciones-de-uso\/","title":{"rendered":"Condiciones de uso"},"content":{"rendered":"<div class=\"wpb-content-wrapper\">[vc_row css=\u00bb.vc_custom_1724778485927{margin-bottom: 40px !important;}\u00bb][vc_column]\t<style>.vcex_69e4c998dc26d{height:60px;}@media (max-width:767px){.vcex_69e4c998dc26d{height:40px;}}<\/style>\n<div class=\"vcex-spacing wpex-w-100 wpex-clear vcex_69e4c998dc26d\"><\/div>[vc_column_text css=\u00bb\u00bb]\n<h1 class=\"has-text-align-center wp-block-heading\" style=\"text-align: center;\">Condiciones de uso<\/h1>\n<p>Condiciones de uso de  <a href=\"https:\/\/bakemark.com\/es\/\">https:\/\/bakemark.com\/<\/a><\/p>\n<p>\u00daltima actualizaci\u00f3n y fecha de entrada en vigor: 20.01.2009 Al utilizar este sitio web, aceptas todos los t\u00e9rminos, condiciones y avisos aqu\u00ed contenidos o a los que se hace referencia (las \u00abCondiciones de uso\u00bb). Si no est\u00e1s de acuerdo con estas Condiciones de Uso, por favor, no utilices este sitio web. BakeMark USA LLC. (BakeMark) se reserva el derecho, a su discreci\u00f3n, de actualizar o revisar estas Condiciones de Uso de vez en cuando. BakeMark USA LLC le notificar\u00e1 mediante la publicaci\u00f3n de dichos cambios en esta p\u00e1gina y la actualizaci\u00f3n de la fecha de \u00ab\u00daltima actualizaci\u00f3n\u00bb especificada anteriormente.<\/p>\n<h6><strong>Derechos de propiedad<\/strong><\/h6>\n<p>Reconoces y aceptas que todos los contenidos y materiales disponibles en este sitio web est\u00e1n protegidos por derechos de autor, marcas registradas, marcas de servicio, patentes, secretos comerciales u otros derechos y leyes de propiedad. Salvo autorizaci\u00f3n expresa de BakeMark USA LLC, aceptas no vender, licenciar, alquilar, modificar, distribuir, copiar, reproducir, transmitir, mostrar p\u00fablicamente, ejecutar p\u00fablicamente, publicar, adaptar, editar o crear trabajos derivados de dichos materiales o contenidos. No obstante lo anterior, puedes imprimir o descargar una copia de los materiales o contenidos de este sitio web en un \u00fanico ordenador para tu uso personal y no comercial, siempre que mantengas intactos todos los avisos de derechos de autor y otros avisos de propiedad. Queda prohibida la recuperaci\u00f3n sistem\u00e1tica de datos u otros contenidos de este sitio web para crear o compilar, directa o indirectamente, una colecci\u00f3n, compilaci\u00f3n, base de datos o directorio sin el permiso por escrito de BakeMark USA LLC. Adem\u00e1s, queda prohibido el uso del contenido o de los materiales para cualquier fin que no est\u00e9 expresamente permitido en estas Condiciones de Uso. Como se se\u00f1al\u00f3 anteriormente, la reproducci\u00f3n, copia o redistribuci\u00f3n con fines comerciales de cualquier material o elementos de dise\u00f1o en este sitio web est\u00e1 estrictamente prohibida sin el permiso expreso por escrito de BakeMark USA LLC. El permiso s\u00f3lo se concede cuando se cumplen ciertos criterios limitados. Para obtener informaci\u00f3n sobre c\u00f3mo solicitar dicho permiso, env\u00eda tu correspondencia a la direcci\u00f3n de correo electr\u00f3nico o postal que aparece al final de estas Condiciones de Uso.    <\/p>\n<h6><strong>Contribuciones de los usuarios al Sitio Web<\/strong><\/h6>\n<p>Puede haber oportunidades para que contribuyas a este sitio web y te comuniques con otros usuarios del mismo. Los contenidos de este sitio web incluyen, entre otros, subir comentarios, art\u00edculos, enlaces, software u otros materiales. BakeMark USA LLC no es responsable de ning\u00fan contenido proporcionado por los usuarios u otros terceros a o en relaci\u00f3n con este sitio web o a otros usuarios de este sitio web por correo electr\u00f3nico (\u00abContenido de Usuario\u00bb). Las contribuciones de terceros no representan necesariamente el punto de vista o las opiniones de BakeMark USA LLC. BakeMark USA LLC no puede previsualizar el Contenido de Usuario antes de que aparezca o sea enviado a otro usuario. Los usuarios pueden ser considerados responsables de cualquier Contenido de Usuario ilegal o prohibido que proporcionen a este sitio web o a otros usuarios, incluidos, entre otros, materiales infractores, difamatorios u ofensivos. Sin embargo, si descubres este tipo de material en el sitio web, por favor notifica a BakeMark USA LLC en . BakeMark USA LLC investigar\u00e1 tu reclamaci\u00f3n y tomar\u00e1 las medidas que BakeMark USA LLC considere oportunas.       <\/p>\n<h6><strong>Contenido prohibido<\/strong><\/h6>\n<p>La siguiente es una lista parcial del tipo de Contenido o conducta que es ilegal o est\u00e1 prohibida en este sitio web. Te comprometes a no suministrar ni transmitir en o a trav\u00e9s de este sitio web ning\u00fan Contenido que: Sea claramente ofensivo para la comunidad en l\u00ednea, como Contenido que promueva el racismo, la intolerancia, el odio o el da\u00f1o f\u00edsico de cualquier tipo contra cualquier grupo o individuo; Sea o pueda ser perjudicial para los menores; Acose o abogue por el acoso a otra persona; Implique la transmisi\u00f3n de \u00abcorreo basura\u00bb, \u00abcartas en cadena\u00bb o correo masivo no solicitado o \u00abspamming\u00bb; Promueva informaci\u00f3n que sepas que es falsa, enga\u00f1osa o que promueva actividades o conductas ilegales; Interfiera o interrumpa el servicio o los servidores o redes conectados al servicio, o desobedezca cualquier requisito, procedimiento, pol\u00edtica o normativa de las redes conectadas al servicio; Sea abusivo, amenazador, obsceno, difamatorio o calumnioso; Sea o promueva una copia ilegal o no autorizada del trabajo de otra persona, como proporcionar programas inform\u00e1ticos pirateados o enlaces a ellos, o proporcione informaci\u00f3n para eludir los dispositivos de protecci\u00f3n contra copias instalados por el fabricante; Contiene p\u00e1ginas de acceso restringido o s\u00f3lo con contrase\u00f1a, o p\u00e1ginas o im\u00e1genes ocultas (las que no est\u00e1n enlazadas a o desde otra p\u00e1gina accesible); Muestra material pornogr\u00e1fico de cualquier tipo; Proporciona material que explota a menores de 18 a\u00f1os de forma sexual o violenta, o solicita informaci\u00f3n personal de menores de 18 a\u00f1os; Proporciona informaci\u00f3n instructiva sobre actividades ilegales, como fabricar o comprar armas ilegales;<br \/>\nViola la privacidad de alguien;<br \/>\nProporciona o crea virus inform\u00e1ticos;<br \/>\nSolicita contrase\u00f1as u otra informaci\u00f3n de identificaci\u00f3n personal con fines comerciales o ilegales a otros usuarios;<br \/>\nParticipa en actividades comerciales y\/o ventas sin nuestro consentimiento previo por escrito, como concursos, sorteos, trueques, publicidad, esquemas piramidales, etc.; e Implica el env\u00edo de correo electr\u00f3nico no solicitado y\/o no autorizado a terceros. <\/p>\n<h6><strong>Concesi\u00f3n de licencia limitada al usuario<\/strong><\/h6>\n<p>Al publicar o enviar contenido a este sitio web, concedes a BakeMark USA LLC y sus afiliados, funcionarios, empleados, agentes, representantes, propietarios, directores y licenciatarios el derecho a utilizar, reproducir, mostrar, ejecutar, adaptar, modificar, distribuir, hacer distribuir y promover el contenido en cualquier forma, en cualquier lugar y para cualquier prop\u00f3sito. Adem\u00e1s, garantizas y declaras que posees o controlas todos los derechos sobre el contenido y que la publicaci\u00f3n p\u00fablica y el uso de tu contenido por parte de BakeMark USA LLC Company no infringir\u00e1 ni violar\u00e1 los derechos de terceros. Sin perjuicio de lo anterior, BakeMark USA LLC se compromete a utilizar, reproducir, mostrar, ejecutar, adaptar, modificar, distribuir, hacer distribuir y promover cualquier informaci\u00f3n de identificaci\u00f3n personal enviada por ti de acuerdo con nuestra Pol\u00edtica de Privacidad o seg\u00fan lo autorizado por ti.  <\/p>\n<h6><strong>Renuncia de garant\u00edas<\/strong><\/h6>\n<p>TODOS LOS MATERIALES, INFORMACI\u00d3N, PRODUCTOS Y SERVICIOS INCLUIDOS O DISPONIBLES A TRAV\u00c9S DE ESTE SITIO WEB (EL \u00abCONTENIDO\u00bb) SE PROPORCIONAN \u00abTAL CUAL\u00bb Y \u00abSEG\u00daN DISPONIBILIDAD\u00bb. EL CONTENIDO SE PROPORCIONA SIN GARANT\u00cdAS DE NING\u00daN TIPO, NI EXPRESAS NI IMPL\u00cdCITAS, INCLUIDAS, ENTRE OTRAS, LAS GARANT\u00cdAS IMPL\u00cdCITAS DE COMERCIABILIDAD, IDONEIDAD PARA UN FIN DETERMINADO, TITULARIDAD O NO INFRACCI\u00d3N. BakeMark USA LLC NO GARANTIZA QUE EL CONTENIDO SEA PRECISO, FIABLE O CORRECTO; QUE ESTE SITIO WEB ESTAR\u00c1 DISPONIBLE EN CUALQUIER MOMENTO O LUGAR EN PARTICULAR; QUE CUALQUIER DEFECTO O ERROR SER\u00c1 CORREGIDO; O QUE EL CONTENIDO EST\u00c1 LIBRE DE VIRUS U OTROS COMPONENTES DA\u00d1INOS. NING\u00daN CONSEJO O INFORMACI\u00d3N OBTENIDA POR USTED DEL PERSONAL DE BakeMark USA LLC O A TRAV\u00c9S DE ESTE SITIO WEB O DE LOS SERVICIOS O PRODUCTOS DE BakeMark USA LLC CREAR\u00c1 NINGUNA GARANT\u00cdA NO EXPRESAMENTE DISPUESTA EN ESTOS T\u00c9RMINOS DE USO. TU USO DE ESTE SITIO WEB ES EXCLUSIVAMENTE POR TU CUENTA Y RIESGO. ALGUNAS JURISDICCIONES NO PERMITEN LA EXCLUSI\u00d3N DE DETERMINADAS GARANT\u00cdAS, POR LO QUE ESTAS EXCLUSIONES PUEDEN NO SER APLICABLES EN TU CASO.<\/p>\n<h6><strong>Limitaci\u00f3n de responsabilidad<\/strong><\/h6>\n<p>USTED EXPRESAMENTE ENTIENDE Y CONVIENE QUE BakeMark USA LLC NO SER\u00c1 RESPONSABLE DE NING\u00daN DA\u00d1O INDIRECTO, INCIDENTAL, ESPECIAL, CONSECUENTE O EJEMPLAR, INCLUYENDO PERO NO LIMITADO A, DA\u00d1OS POR P\u00c9RDIDA DE BENEFICIOS, BUENA VOLUNTAD, USO, DATOS U OTRAS P\u00c9RDIDAS INTANGIBLES (INCLUSO SI BakeMark USA LLC HA SIDO ADVERTIDO DE LA POSIBILIDAD DE TALES DA\u00d1OS), SIN IMPORTAR C\u00d3MO SE CAUSARON O PRODUCIERON DICHOS DA\u00d1OS. EN NING\u00daN CASO LA RESPONSABILIDAD TOTAL DE BakeMark USA LLC ANTE TI POR TODOS LOS DA\u00d1OS, P\u00c9RDIDAS Y CAUSAS DE ACCI\u00d3N, YA SEA POR CONTRATO, AGRAVIO (INCLUYENDO, SIN LIMITACI\u00d3N, NEGLIGENCIA) O DE OTRO MODO, EXCEDER\u00c1 LA CANTIDAD PAGADA POR TI, SI LA HAY, POR ACCEDER A ESTE SITIO WEB. CUALQUIER MATERIAL DESCARGADO U OBTENIDO DE OTRO MODO A TRAV\u00c9S DE TU USO DE ESTE SITIO WEB SE DESCARGAR\u00c1 U OBTENDR\u00c1 POR TU CUENTA Y RIESGO, Y SER\u00c1S EL \u00daNICO RESPONSABLE DE CUALQUIER DA\u00d1O A TU SISTEMA INFORM\u00c1TICO O P\u00c9RDIDA DE DATOS QUE RESULTE DE LA DESCARGA DE DICHO MATERIAL. ALGUNAS JURISDICCIONES NO PERMITEN LA EXCLUSI\u00d3N DE DETERMINADAS GARANT\u00cdAS NI LA LIMITACI\u00d3N O EXCLUSI\u00d3N DE RESPONSABILIDAD POR DA\u00d1OS INCIDENTALES O CONSECUENTES. EN CONSECUENCIA, ALGUNAS DE LAS LIMITACIONES ANTERIORES PUEDEN NO SER APLICABLES EN TU CASO.<\/p>\n<h6><strong>Indemnizaci\u00f3n<\/strong><\/h6>\n<p>A petici\u00f3n de BakeMark USA LLC, aceptas defender, indemnizar y mantener indemne a BakeMark USA LLC y sus empresas afiliadas, y sus accionistas, empleados, contratistas, funcionarios, agentes, representantes, licenciatarios y directores de todas las responsabilidades, reclamaciones y gastos, incluyendo honorarios de abogados, que surjan de tu uso o mal uso de este sitio web. BakeMark USA LLC se reserva el derecho de asumir la defensa exclusiva y el control de cualquier asunto sujeto a indemnizaci\u00f3n por tu parte, en cuyo caso cooperar\u00e1s con BakeMark USA LLC para hacer valer cualquier defensa disponible.<\/p>\n<h6><strong>Uso internacional<\/strong><\/h6>\n<p>BakeMark USA LLC no garantiza que los materiales de este sitio web sean apropiados o est\u00e9n disponibles para su uso en lugares fuera de Estados Unidos, y est\u00e1 prohibido acceder a ellos desde territorios donde su contenido sea ilegal. Quienes decidan acceder a este sitio web desde otros lugares lo hacen por iniciativa propia y son responsables del cumplimiento de las leyes locales.<\/p>\n<h6><strong>Elecci\u00f3n de la ley y del foro<\/strong><\/h6>\n<p>Estas Condiciones de uso se regir\u00e1n e interpretar\u00e1n de acuerdo con las leyes del Estado de Missouri, sin tener en cuenta sus principios de conflicto de leyes. Aceptas expresamente que la jurisdicci\u00f3n exclusiva para cualquier reclamaci\u00f3n o acci\u00f3n que surja o est\u00e9 relacionada con estas Condiciones de uso o con tu uso de este sitio web se presentar\u00e1 \u00fanicamente en los tribunales estatales o federales ubicados en Los \u00c1ngeles, California, y adem\u00e1s aceptas y te sometes al ejercicio de la jurisdicci\u00f3n personal de dichos tribunales con el fin de litigar cualquier reclamaci\u00f3n o acci\u00f3n de este tipo.<\/p>\n<h6><strong>Divisibilidad e integraci\u00f3n<\/strong><\/h6>\n<p>A menos que se especifique lo contrario, este acuerdo, junto con nuestra Pol\u00edtica de Privacidad constituye el acuerdo completo entre usted y BakeMark USA LLC con respecto a este sitio web y reemplaza todas las comunicaciones y propuestas anteriores o contempor\u00e1neas (ya sean orales, escritas o electr\u00f3nicas) entre usted y BakeMark USA LLC con respecto a este sitio web. Si alguna parte de estas Condiciones de uso se considera inv\u00e1lida o inaplicable, esa parte se interpretar\u00e1 de forma coherente con la legislaci\u00f3n aplicable para reflejar, en la medida de lo posible, las intenciones originales de las partes, y las partes restantes permanecer\u00e1n en pleno vigor y efecto.<\/p>\n<h6><strong>Terminaci\u00f3n<\/strong><\/h6>\n<p>BakeMark USA LLC se reserva el derecho, a su entera discreci\u00f3n, de cancelar tu acceso a todo o parte de este sitio web en cualquier momento, con o sin previo aviso.<\/p>\n<h6><strong>Cambios en las condiciones de uso<\/strong><\/h6>\n<p>De vez en cuando, BakeMark USA LLC puede cambiar estas Condiciones de Uso. El uso continuado de este sitio web tras la publicaci\u00f3n de cualquier cambio en las Condiciones de uso implica la aceptaci\u00f3n de dichos cambios. BakeMark USA LLC te lo notificar\u00e1 publicando cualquier cambio en esta p\u00e1gina y actualizando la fecha de \u00ab\u00daltima actualizaci\u00f3n\u00bb especificada anteriormente. Puedes consultar la versi\u00f3n m\u00e1s actualizada en <a href=\"https:\/\/bakemark.com\/es\/condiciones-de-uso\/\">https:\/\/bakemark.com\/terms-of-use\/.<\/a><\/p>\n<h6><strong>Contactar con el Sitio Web<\/strong><\/h6>\n<p>Si tienes alguna pregunta sobre este acuerdo de Condiciones de Uso, las pr\u00e1cticas de este sitio web o tus relaciones con este sitio web, puedes ponerte en contacto con:<\/p>\n<p>BakeMark USA LLC<br \/>\nAttn: Web Master\/Marketing<br \/>\n7351 Crider Avenue<br \/>\nPico Rivera, CA 90660<br \/>\ninformation@bakemark.com<br \/>\n\u00a9 2005-2017 BakeMark USA LLC. Todos los derechos reservados.[\/vc_column_text][\/vc_column][\/vc_row]\n<\/div>","protected":false},"excerpt":{"rendered":"<p>[vc_row css=\u00bb.vc_custom_1724778485927{margin-bottom: 40px !important;}\u00bb][vc_column][vc_column_text css=\u00bb\u00bb] Condiciones de uso Condiciones de uso de https:\/\/bakemark.com\/ \u00daltima actualizaci\u00f3n y fecha de entrada en vigor: 20.01.2009 Al utilizar este sitio web, aceptas todos los t\u00e9rminos, condiciones y avisos aqu\u00ed contenidos o a los que se hace referencia (las \u00abCondiciones de uso\u00bb). Si no est\u00e1s de acuerdo con estas Condiciones&hellip;<\/p>\n","protected":false},"author":7,"featured_media":0,"parent":0,"menu_order":0,"comment_status":"closed","ping_status":"closed","template":"","meta":{"_acf_changed":false,"content-type":"","footnotes":""},"class_list":["post-5341","page","type-page","status-publish","hentry","entry","no-media"],"acf":[],"yoast_head":"<!-- This site is optimized with the Yoast SEO plugin v27.4 - https:\/\/yoast.com\/product\/yoast-seo-wordpress\/ -->\n<title>Condiciones de uso - BakeMark<\/title>\n<meta name=\"robots\" content=\"index, follow, max-snippet:-1, max-image-preview:large, max-video-preview:-1\" \/>\n<link rel=\"canonical\" href=\"https:\/\/bakemark.com\/es\/condiciones-de-uso\/\" \/>\n<meta property=\"og:locale\" content=\"es_ES\" \/>\n<meta property=\"og:type\" content=\"article\" \/>\n<meta property=\"og:title\" content=\"Condiciones de uso - BakeMark\" \/>\n<meta property=\"og:description\" content=\"[vc_row css=\u00bb.vc_custom_1724778485927{margin-bottom: 40px !important;}\u00bb][vc_column][vc_column_text css=\u00bb\u00bb] Condiciones de uso Condiciones de uso de https:\/\/bakemark.com\/ \u00daltima actualizaci\u00f3n y fecha de entrada en vigor: 20.01.2009 Al utilizar este sitio web, aceptas todos los t\u00e9rminos, condiciones y avisos aqu\u00ed contenidos o a los que se hace referencia (las \u00abCondiciones de uso\u00bb). Si no est\u00e1s de acuerdo con estas Condiciones&hellip;\" \/>\n<meta property=\"og:url\" content=\"https:\/\/bakemark.com\/es\/condiciones-de-uso\/\" \/>\n<meta property=\"og:site_name\" content=\"BakeMark\" \/>\n<meta property=\"article:modified_time\" content=\"2025-02-04T20:55:00+00:00\" \/>\n<meta name=\"twitter:card\" content=\"summary_large_image\" \/>\n<meta name=\"twitter:label1\" content=\"Est. reading time\" \/>\n\t<meta name=\"twitter:data1\" content=\"10 minutos\" \/>\n<script type=\"application\/ld+json\" class=\"yoast-schema-graph\">{\"@context\":\"https:\\\/\\\/schema.org\",\"@graph\":[{\"@type\":\"WebPage\",\"@id\":\"https:\\\/\\\/bakemark.com\\\/es\\\/condiciones-de-uso\\\/\",\"url\":\"https:\\\/\\\/bakemark.com\\\/es\\\/condiciones-de-uso\\\/\",\"name\":\"Condiciones de uso - BakeMark\",\"isPartOf\":{\"@id\":\"https:\\\/\\\/bakemark.com\\\/es\\\/#website\"},\"datePublished\":\"2024-08-06T18:49:57+00:00\",\"dateModified\":\"2025-02-04T20:55:00+00:00\",\"breadcrumb\":{\"@id\":\"https:\\\/\\\/bakemark.com\\\/es\\\/condiciones-de-uso\\\/#breadcrumb\"},\"inLanguage\":\"es\",\"potentialAction\":[{\"@type\":\"ReadAction\",\"target\":[\"https:\\\/\\\/bakemark.com\\\/es\\\/condiciones-de-uso\\\/\"]}]},{\"@type\":\"BreadcrumbList\",\"@id\":\"https:\\\/\\\/bakemark.com\\\/es\\\/condiciones-de-uso\\\/#breadcrumb\",\"itemListElement\":[{\"@type\":\"ListItem\",\"position\":1,\"name\":\"Home\",\"item\":\"https:\\\/\\\/bakemark.com\\\/es\\\/\"},{\"@type\":\"ListItem\",\"position\":2,\"name\":\"Condiciones de uso\"}]},{\"@type\":\"WebSite\",\"@id\":\"https:\\\/\\\/bakemark.com\\\/es\\\/#website\",\"url\":\"https:\\\/\\\/bakemark.com\\\/es\\\/\",\"name\":\"BakeMark\",\"description\":\"\",\"publisher\":{\"@id\":\"https:\\\/\\\/bakemark.com\\\/es\\\/#organization\"},\"potentialAction\":[{\"@type\":\"SearchAction\",\"target\":{\"@type\":\"EntryPoint\",\"urlTemplate\":\"https:\\\/\\\/bakemark.com\\\/es\\\/?s={search_term_string}\"},\"query-input\":{\"@type\":\"PropertyValueSpecification\",\"valueRequired\":true,\"valueName\":\"search_term_string\"}}],\"inLanguage\":\"es\"},{\"@type\":\"Organization\",\"@id\":\"https:\\\/\\\/bakemark.com\\\/es\\\/#organization\",\"name\":\"BakeMark\",\"url\":\"https:\\\/\\\/bakemark.com\\\/es\\\/\",\"logo\":{\"@type\":\"ImageObject\",\"inLanguage\":\"es\",\"@id\":\"https:\\\/\\\/bakemark.com\\\/es\\\/#\\\/schema\\\/logo\\\/image\\\/\",\"url\":\"https:\\\/\\\/bakemark.com\\\/wp-content\\\/uploads\\\/2024\\\/07\\\/bakemark-logo-wht.svg\",\"contentUrl\":\"https:\\\/\\\/bakemark.com\\\/wp-content\\\/uploads\\\/2024\\\/07\\\/bakemark-logo-wht.svg\",\"width\":233,\"height\":58,\"caption\":\"BakeMark\"},\"image\":{\"@id\":\"https:\\\/\\\/bakemark.com\\\/es\\\/#\\\/schema\\\/logo\\\/image\\\/\"}}]}<\/script>\n<!-- \/ Yoast SEO plugin. -->","yoast_head_json":{"title":"Condiciones de uso - BakeMark","robots":{"index":"index","follow":"follow","max-snippet":"max-snippet:-1","max-image-preview":"max-image-preview:large","max-video-preview":"max-video-preview:-1"},"canonical":"https:\/\/bakemark.com\/es\/condiciones-de-uso\/","og_locale":"es_ES","og_type":"article","og_title":"Condiciones de uso - BakeMark","og_description":"[vc_row css=\u00bb.vc_custom_1724778485927{margin-bottom: 40px !important;}\u00bb][vc_column][vc_column_text css=\u00bb\u00bb] Condiciones de uso Condiciones de uso de https:\/\/bakemark.com\/ \u00daltima actualizaci\u00f3n y fecha de entrada en vigor: 20.01.2009 Al utilizar este sitio web, aceptas todos los t\u00e9rminos, condiciones y avisos aqu\u00ed contenidos o a los que se hace referencia (las \u00abCondiciones de uso\u00bb). Si no est\u00e1s de acuerdo con estas Condiciones&hellip;","og_url":"https:\/\/bakemark.com\/es\/condiciones-de-uso\/","og_site_name":"BakeMark","article_modified_time":"2025-02-04T20:55:00+00:00","twitter_card":"summary_large_image","twitter_misc":{"Est. reading time":"10 minutos"},"schema":{"@context":"https:\/\/schema.org","@graph":[{"@type":"WebPage","@id":"https:\/\/bakemark.com\/es\/condiciones-de-uso\/","url":"https:\/\/bakemark.com\/es\/condiciones-de-uso\/","name":"Condiciones de uso - BakeMark","isPartOf":{"@id":"https:\/\/bakemark.com\/es\/#website"},"datePublished":"2024-08-06T18:49:57+00:00","dateModified":"2025-02-04T20:55:00+00:00","breadcrumb":{"@id":"https:\/\/bakemark.com\/es\/condiciones-de-uso\/#breadcrumb"},"inLanguage":"es","potentialAction":[{"@type":"ReadAction","target":["https:\/\/bakemark.com\/es\/condiciones-de-uso\/"]}]},{"@type":"BreadcrumbList","@id":"https:\/\/bakemark.com\/es\/condiciones-de-uso\/#breadcrumb","itemListElement":[{"@type":"ListItem","position":1,"name":"Home","item":"https:\/\/bakemark.com\/es\/"},{"@type":"ListItem","position":2,"name":"Condiciones de uso"}]},{"@type":"WebSite","@id":"https:\/\/bakemark.com\/es\/#website","url":"https:\/\/bakemark.com\/es\/","name":"BakeMark","description":"","publisher":{"@id":"https:\/\/bakemark.com\/es\/#organization"},"potentialAction":[{"@type":"SearchAction","target":{"@type":"EntryPoint","urlTemplate":"https:\/\/bakemark.com\/es\/?s={search_term_string}"},"query-input":{"@type":"PropertyValueSpecification","valueRequired":true,"valueName":"search_term_string"}}],"inLanguage":"es"},{"@type":"Organization","@id":"https:\/\/bakemark.com\/es\/#organization","name":"BakeMark","url":"https:\/\/bakemark.com\/es\/","logo":{"@type":"ImageObject","inLanguage":"es","@id":"https:\/\/bakemark.com\/es\/#\/schema\/logo\/image\/","url":"https:\/\/bakemark.com\/wp-content\/uploads\/2024\/07\/bakemark-logo-wht.svg","contentUrl":"https:\/\/bakemark.com\/wp-content\/uploads\/2024\/07\/bakemark-logo-wht.svg","width":233,"height":58,"caption":"BakeMark"},"image":{"@id":"https:\/\/bakemark.com\/es\/#\/schema\/logo\/image\/"}}]}},"_links":{"self":[{"href":"https:\/\/bakemark.com\/es\/wp-json\/wp\/v2\/pages\/5341","targetHints":{"allow":["GET"]}}],"collection":[{"href":"https:\/\/bakemark.com\/es\/wp-json\/wp\/v2\/pages"}],"about":[{"href":"https:\/\/bakemark.com\/es\/wp-json\/wp\/v2\/types\/page"}],"author":[{"embeddable":true,"href":"https:\/\/bakemark.com\/es\/wp-json\/wp\/v2\/users\/7"}],"replies":[{"embeddable":true,"href":"https:\/\/bakemark.com\/es\/wp-json\/wp\/v2\/comments?post=5341"}],"version-history":[{"count":0,"href":"https:\/\/bakemark.com\/es\/wp-json\/wp\/v2\/pages\/5341\/revisions"}],"wp:attachment":[{"href":"https:\/\/bakemark.com\/es\/wp-json\/wp\/v2\/media?parent=5341"}],"curies":[{"name":"wp","href":"https:\/\/api.w.org\/{rel}","templated":true}]}}