{"id":5338,"date":"2024-08-06T13:54:53","date_gmt":"2024-08-06T18:54:53","guid":{"rendered":"https:\/\/bakemark.com\/ley-de-la-cadena-de-suministro\/"},"modified":"2025-02-04T14:55:00","modified_gmt":"2025-02-04T20:55:00","slug":"ley-de-la-cadena-de-suministro","status":"publish","type":"page","link":"https:\/\/bakemark.com\/es\/ley-de-la-cadena-de-suministro\/","title":{"rendered":"Ley de la cadena de suministro"},"content":{"rendered":"<div class=\"wpb-content-wrapper\">[vc_row][vc_column]\t<style>.vcex_69f21e0eb0de9{height:60px;}@media (max-width:767px){.vcex_69f21e0eb0de9{height:40px;}}<\/style>\n<div class=\"vcex-spacing wpex-w-100 wpex-clear vcex_69f21e0eb0de9\"><\/div>[vc_column_text css=\u00bb\u00bb]\n<h1 class=\"wp-block-heading\" style=\"text-align: center;\">S.B. 657 Ley de Cadenas de Suministro<\/h1>\n<p>BakeMark cumple la Ley de Transparencia en las Cadenas de Suministro de California (S.B. 657). Lo siguiente representa la declaraci\u00f3n de divulgaci\u00f3n requerida de BakeMark<\/p>\n<p>Como filosof\u00eda de empresa, BakeMark se opone firmemente a todo trato ilegal y poco \u00e9tico de las personas, incluido cualquier acto de esclavitud o trata de seres humanos.<\/p>\n<p>Informamos a todos los proveedores aplicables de BakeMark de la Ley de Transparencia en las Cadenas de Suministro de California (S.B. 657).<br \/>\nNo participamos en la verificaci\u00f3n de las cadenas de suministro de productos para evaluar y abordar los riesgos de trata de seres humanos y esclavitud, ni realizamos auditor\u00edas de los proveedores para evaluar el cumplimiento por parte de \u00e9stos de las normas de la empresa contra la trata de seres humanos y la esclavitud en las cadenas de suministro. No exigimos a los proveedores directos que certifiquen que los materiales incorporados al producto cumplen las leyes relativas a la esclavitud y la trata de seres humanos del pa\u00eds o pa\u00edses en los que hacen negocios.<br \/>\nNo mantenemos normas y procedimientos internos de rendici\u00f3n de cuentas para los empleados o contratistas que no cumplen las normas de la empresa en materia de esclavitud y trata, ni proporcionamos a los empleados y directivos de la empresa, que tienen responsabilidad directa en la gesti\u00f3n de la cadena de suministro, formaci\u00f3n sobre la trata de seres humanos y la esclavitud, en particular con respecto a la mitigaci\u00f3n de riesgos dentro de las cadenas de suministro de productos.<br \/>\nComunicamos a nuestros empleados nuestra pol\u00edtica respecto a la SB 657.[\/vc_column_text][\/vc_column][\/vc_row]\n<\/div>","protected":false},"excerpt":{"rendered":"<p>[vc_row][vc_column][vc_column_text css=\u00bb\u00bb] S.B. 657 Ley de Cadenas de Suministro BakeMark cumple la Ley de Transparencia en las Cadenas de Suministro de California (S.B. 657). Lo siguiente representa la declaraci\u00f3n de divulgaci\u00f3n requerida de BakeMark Como filosof\u00eda de empresa, BakeMark se opone firmemente a todo trato ilegal y poco \u00e9tico de las personas, incluido cualquier acto&hellip;<\/p>\n","protected":false},"author":7,"featured_media":0,"parent":0,"menu_order":0,"comment_status":"closed","ping_status":"closed","template":"","meta":{"_acf_changed":false,"content-type":"","footnotes":""},"class_list":["post-5338","page","type-page","status-publish","hentry","entry","no-media"],"acf":[],"yoast_head":"<!-- This site is optimized with the Yoast SEO plugin v27.4 - https:\/\/yoast.com\/product\/yoast-seo-wordpress\/ -->\n<title>Ley de la cadena de suministro - BakeMark<\/title>\n<meta name=\"robots\" content=\"index, follow, max-snippet:-1, max-image-preview:large, max-video-preview:-1\" \/>\n<link rel=\"canonical\" href=\"https:\/\/bakemark.com\/es\/ley-de-la-cadena-de-suministro\/\" \/>\n<meta property=\"og:locale\" content=\"es_ES\" \/>\n<meta property=\"og:type\" content=\"article\" \/>\n<meta property=\"og:title\" content=\"Ley de la cadena de suministro - BakeMark\" \/>\n<meta property=\"og:description\" content=\"[vc_row][vc_column][vc_column_text css=\u00bb\u00bb] S.B. 657 Ley de Cadenas de Suministro BakeMark cumple la Ley de Transparencia en las Cadenas de Suministro de California (S.B. 657). Lo siguiente representa la declaraci\u00f3n de divulgaci\u00f3n requerida de BakeMark Como filosof\u00eda de empresa, BakeMark se opone firmemente a todo trato ilegal y poco \u00e9tico de las personas, incluido cualquier acto&hellip;\" \/>\n<meta property=\"og:url\" content=\"https:\/\/bakemark.com\/es\/ley-de-la-cadena-de-suministro\/\" \/>\n<meta property=\"og:site_name\" content=\"BakeMark\" \/>\n<meta property=\"article:modified_time\" content=\"2025-02-04T20:55:00+00:00\" \/>\n<meta name=\"twitter:card\" content=\"summary_large_image\" \/>\n<meta name=\"twitter:label1\" content=\"Est. reading time\" \/>\n\t<meta name=\"twitter:data1\" content=\"2 minutos\" \/>\n<script type=\"application\/ld+json\" class=\"yoast-schema-graph\">{\"@context\":\"https:\\\/\\\/schema.org\",\"@graph\":[{\"@type\":\"WebPage\",\"@id\":\"https:\\\/\\\/bakemark.com\\\/es\\\/ley-de-la-cadena-de-suministro\\\/\",\"url\":\"https:\\\/\\\/bakemark.com\\\/es\\\/ley-de-la-cadena-de-suministro\\\/\",\"name\":\"Ley de la cadena de suministro - BakeMark\",\"isPartOf\":{\"@id\":\"https:\\\/\\\/bakemark.com\\\/es\\\/#website\"},\"datePublished\":\"2024-08-06T18:54:53+00:00\",\"dateModified\":\"2025-02-04T20:55:00+00:00\",\"breadcrumb\":{\"@id\":\"https:\\\/\\\/bakemark.com\\\/es\\\/ley-de-la-cadena-de-suministro\\\/#breadcrumb\"},\"inLanguage\":\"es\",\"potentialAction\":[{\"@type\":\"ReadAction\",\"target\":[\"https:\\\/\\\/bakemark.com\\\/es\\\/ley-de-la-cadena-de-suministro\\\/\"]}]},{\"@type\":\"BreadcrumbList\",\"@id\":\"https:\\\/\\\/bakemark.com\\\/es\\\/ley-de-la-cadena-de-suministro\\\/#breadcrumb\",\"itemListElement\":[{\"@type\":\"ListItem\",\"position\":1,\"name\":\"Home\",\"item\":\"https:\\\/\\\/bakemark.com\\\/es\\\/\"},{\"@type\":\"ListItem\",\"position\":2,\"name\":\"Ley de la cadena de suministro\"}]},{\"@type\":\"WebSite\",\"@id\":\"https:\\\/\\\/bakemark.com\\\/es\\\/#website\",\"url\":\"https:\\\/\\\/bakemark.com\\\/es\\\/\",\"name\":\"BakeMark\",\"description\":\"\",\"publisher\":{\"@id\":\"https:\\\/\\\/bakemark.com\\\/es\\\/#organization\"},\"potentialAction\":[{\"@type\":\"SearchAction\",\"target\":{\"@type\":\"EntryPoint\",\"urlTemplate\":\"https:\\\/\\\/bakemark.com\\\/es\\\/?s={search_term_string}\"},\"query-input\":{\"@type\":\"PropertyValueSpecification\",\"valueRequired\":true,\"valueName\":\"search_term_string\"}}],\"inLanguage\":\"es\"},{\"@type\":\"Organization\",\"@id\":\"https:\\\/\\\/bakemark.com\\\/es\\\/#organization\",\"name\":\"BakeMark\",\"url\":\"https:\\\/\\\/bakemark.com\\\/es\\\/\",\"logo\":{\"@type\":\"ImageObject\",\"inLanguage\":\"es\",\"@id\":\"https:\\\/\\\/bakemark.com\\\/es\\\/#\\\/schema\\\/logo\\\/image\\\/\",\"url\":\"https:\\\/\\\/bakemark.com\\\/wp-content\\\/uploads\\\/2024\\\/07\\\/bakemark-logo-wht.svg\",\"contentUrl\":\"https:\\\/\\\/bakemark.com\\\/wp-content\\\/uploads\\\/2024\\\/07\\\/bakemark-logo-wht.svg\",\"width\":233,\"height\":58,\"caption\":\"BakeMark\"},\"image\":{\"@id\":\"https:\\\/\\\/bakemark.com\\\/es\\\/#\\\/schema\\\/logo\\\/image\\\/\"}}]}<\/script>\n<!-- \/ Yoast SEO plugin. -->","yoast_head_json":{"title":"Ley de la cadena de suministro - BakeMark","robots":{"index":"index","follow":"follow","max-snippet":"max-snippet:-1","max-image-preview":"max-image-preview:large","max-video-preview":"max-video-preview:-1"},"canonical":"https:\/\/bakemark.com\/es\/ley-de-la-cadena-de-suministro\/","og_locale":"es_ES","og_type":"article","og_title":"Ley de la cadena de suministro - BakeMark","og_description":"[vc_row][vc_column][vc_column_text css=\u00bb\u00bb] S.B. 657 Ley de Cadenas de Suministro BakeMark cumple la Ley de Transparencia en las Cadenas de Suministro de California (S.B. 657). Lo siguiente representa la declaraci\u00f3n de divulgaci\u00f3n requerida de BakeMark Como filosof\u00eda de empresa, BakeMark se opone firmemente a todo trato ilegal y poco \u00e9tico de las personas, incluido cualquier acto&hellip;","og_url":"https:\/\/bakemark.com\/es\/ley-de-la-cadena-de-suministro\/","og_site_name":"BakeMark","article_modified_time":"2025-02-04T20:55:00+00:00","twitter_card":"summary_large_image","twitter_misc":{"Est. reading time":"2 minutos"},"schema":{"@context":"https:\/\/schema.org","@graph":[{"@type":"WebPage","@id":"https:\/\/bakemark.com\/es\/ley-de-la-cadena-de-suministro\/","url":"https:\/\/bakemark.com\/es\/ley-de-la-cadena-de-suministro\/","name":"Ley de la cadena de suministro - BakeMark","isPartOf":{"@id":"https:\/\/bakemark.com\/es\/#website"},"datePublished":"2024-08-06T18:54:53+00:00","dateModified":"2025-02-04T20:55:00+00:00","breadcrumb":{"@id":"https:\/\/bakemark.com\/es\/ley-de-la-cadena-de-suministro\/#breadcrumb"},"inLanguage":"es","potentialAction":[{"@type":"ReadAction","target":["https:\/\/bakemark.com\/es\/ley-de-la-cadena-de-suministro\/"]}]},{"@type":"BreadcrumbList","@id":"https:\/\/bakemark.com\/es\/ley-de-la-cadena-de-suministro\/#breadcrumb","itemListElement":[{"@type":"ListItem","position":1,"name":"Home","item":"https:\/\/bakemark.com\/es\/"},{"@type":"ListItem","position":2,"name":"Ley de la cadena de suministro"}]},{"@type":"WebSite","@id":"https:\/\/bakemark.com\/es\/#website","url":"https:\/\/bakemark.com\/es\/","name":"BakeMark","description":"","publisher":{"@id":"https:\/\/bakemark.com\/es\/#organization"},"potentialAction":[{"@type":"SearchAction","target":{"@type":"EntryPoint","urlTemplate":"https:\/\/bakemark.com\/es\/?s={search_term_string}"},"query-input":{"@type":"PropertyValueSpecification","valueRequired":true,"valueName":"search_term_string"}}],"inLanguage":"es"},{"@type":"Organization","@id":"https:\/\/bakemark.com\/es\/#organization","name":"BakeMark","url":"https:\/\/bakemark.com\/es\/","logo":{"@type":"ImageObject","inLanguage":"es","@id":"https:\/\/bakemark.com\/es\/#\/schema\/logo\/image\/","url":"https:\/\/bakemark.com\/wp-content\/uploads\/2024\/07\/bakemark-logo-wht.svg","contentUrl":"https:\/\/bakemark.com\/wp-content\/uploads\/2024\/07\/bakemark-logo-wht.svg","width":233,"height":58,"caption":"BakeMark"},"image":{"@id":"https:\/\/bakemark.com\/es\/#\/schema\/logo\/image\/"}}]}},"_links":{"self":[{"href":"https:\/\/bakemark.com\/es\/wp-json\/wp\/v2\/pages\/5338","targetHints":{"allow":["GET"]}}],"collection":[{"href":"https:\/\/bakemark.com\/es\/wp-json\/wp\/v2\/pages"}],"about":[{"href":"https:\/\/bakemark.com\/es\/wp-json\/wp\/v2\/types\/page"}],"author":[{"embeddable":true,"href":"https:\/\/bakemark.com\/es\/wp-json\/wp\/v2\/users\/7"}],"replies":[{"embeddable":true,"href":"https:\/\/bakemark.com\/es\/wp-json\/wp\/v2\/comments?post=5338"}],"version-history":[{"count":0,"href":"https:\/\/bakemark.com\/es\/wp-json\/wp\/v2\/pages\/5338\/revisions"}],"wp:attachment":[{"href":"https:\/\/bakemark.com\/es\/wp-json\/wp\/v2\/media?parent=5338"}],"curies":[{"name":"wp","href":"https:\/\/api.w.org\/{rel}","templated":true}]}}