{"id":5334,"date":"2024-09-03T16:21:09","date_gmt":"2024-09-03T21:21:09","guid":{"rendered":"https:\/\/bakemark.com\/donuts\/"},"modified":"2025-02-11T10:32:42","modified_gmt":"2025-02-11T16:32:42","slug":"donuts","status":"publish","type":"page","link":"https:\/\/bakemark.com\/es\/donuts\/","title":{"rendered":"Donuts"},"content":{"rendered":"<div class=\"wpb-content-wrapper\">[vc_row remove_bottom_col_margin=\u00bbtrue\u00bb css=\u00bb.vc_custom_1725397387670{margin-top: 70px !important;margin-bottom: 20px !important;}\u00bb][vc_column offset=\u00bbvc_col-lg-offset-2 vc_col-lg-8 vc_col-md-offset-1 vc_col-md-10&#8243;]<div class=\"vcex-spacing wpex-w-100 wpex-clear hidden-phone\" style=\"height:10px;\"><\/div>[vc_column_text css=\u00bb\u00bb text_align=\u00bbcenter\u00bb]\n<h1>Mezclas para donuts y m\u00e1s<\/h1>\n[\/vc_column_text][\/vc_column][\/vc_row][vc_row css=\u00bb.vc_custom_1722450353871{margin-bottom: 20px !important;}\u00bb][vc_column offset=\u00bbvc_col-lg-offset-2 vc_col-lg-8 vc_col-md-offset-1 vc_col-md-10&#8243;][vc_column_text css=\u00bb\u00bb text_align=\u00bbcenter\u00bb width=\u00bb712px\u00bb]Crear el donut perfecto es mucho m\u00e1s que elegir una mezcla, un glaseado y unos ingredientes. Requiere precisi\u00f3n y experiencia. Desde el tiempo de fermentaci\u00f3n de la masa hasta la delicada llovizna o espolvoreado de sabores, cada paso cuenta. BakeMark est\u00e1 aqu\u00ed con las soluciones, la experiencia y el apoyo que necesitas para cada apetitosa creaci\u00f3n que sue\u00f1es.[\/vc_column_text][\/vc_column][\/vc_row][vc_row el_class=\u00bbzoomimages widebuttons\u00bb][vc_column width=\u00bb1\/2&#8243;]<figure class=\"vcex-image vcex-module\"><div class=\"vcex-image-inner wpex-relative wpex-inline-block\"><a href=\"https:\/\/bakemark.com\/bmk-subcategories\/yeast-raised-donut-mixes-bases\/\"><img width=\"1018\" height=\"588\" src=\"https:\/\/bakemark.com\/wp-content\/uploads\/2024\/09\/yeastraiseddonut.jpg\" class=\"vcex-image-img wpex-align-middle\" alt=\"\" loading=\"lazy\" decoding=\"async\" srcset=\"https:\/\/bakemark.com\/wp-content\/uploads\/2024\/09\/yeastraiseddonut.jpg 1018w, https:\/\/bakemark.com\/wp-content\/uploads\/2024\/09\/yeastraiseddonut-300x173.jpg 300w, https:\/\/bakemark.com\/wp-content\/uploads\/2024\/09\/yeastraiseddonut-768x444.jpg 768w\" sizes=\"auto, (max-width: 1018px) 100vw, 1018px\" \/><\/a><\/div><\/figure><a href=\"https:\/\/bakemark.com\/bmk-subcategories\/yeast-raised-donut-mixes-bases\/\" class=\"vcex-button theme-button inline purple\"><span class=\"vcex-button-inner theme-button-inner wpex-flex wpex-flex-wrap wpex-items-center wpex-justify-center\">Ver todas las mezclas y bases para rosquillas con levadura<\/span><\/a> <div class=\"vcex-spacing wpex-w-100 wpex-clear\" style=\"height:10px;\"><\/div>[\/vc_column][vc_column width=\u00bb1\/2&#8243;]<figure class=\"vcex-image vcex-module\"><div class=\"vcex-image-inner wpex-relative wpex-inline-block\"><a href=\"https:\/\/bakemark.com\/bmk-subcategories\/cake-donut-mixes-bases\/\"><img width=\"1016\" height=\"588\" src=\"https:\/\/bakemark.com\/wp-content\/uploads\/2024\/09\/Group-240-1.jpg\" class=\"vcex-image-img wpex-align-middle\" alt=\"\" loading=\"lazy\" decoding=\"async\" srcset=\"https:\/\/bakemark.com\/wp-content\/uploads\/2024\/09\/Group-240-1.jpg 1016w, https:\/\/bakemark.com\/wp-content\/uploads\/2024\/09\/Group-240-1-300x174.jpg 300w, https:\/\/bakemark.com\/wp-content\/uploads\/2024\/09\/Group-240-1-768x444.jpg 768w\" sizes=\"auto, (max-width: 1016px) 100vw, 1016px\" \/><\/a><\/div><\/figure><a href=\"https:\/\/bakemark.com\/bmk-subcategories\/cake-donut-mixes-bases\/\" class=\"vcex-button theme-button inline aqua\"><span class=\"vcex-button-inner theme-button-inner wpex-flex wpex-flex-wrap wpex-items-center wpex-justify-center\">Ver todas las mezclas y bases para rosquillas<\/span><\/a> <div class=\"vcex-spacing wpex-w-100 wpex-clear\" style=\"height:10px;\"><\/div>[\/vc_column][\/vc_row][vc_row el_class=\u00bbzoomimages widebuttons\u00bb][vc_column width=\u00bb1\/2&#8243;]<figure class=\"vcex-image vcex-module\"><div class=\"vcex-image-inner wpex-relative wpex-inline-block\"><a href=\"https:\/\/bakemark.com\/products\/?_sft_end_product=donut&#038;_sft_product_category=icings-glazes\"><img width=\"1018\" height=\"588\" src=\"https:\/\/bakemark.com\/wp-content\/uploads\/2024\/09\/Group-237-1.jpg\" class=\"vcex-image-img wpex-align-middle\" alt=\"\" loading=\"lazy\" decoding=\"async\" srcset=\"https:\/\/bakemark.com\/wp-content\/uploads\/2024\/09\/Group-237-1.jpg 1018w, https:\/\/bakemark.com\/wp-content\/uploads\/2024\/09\/Group-237-1-300x173.jpg 300w, https:\/\/bakemark.com\/wp-content\/uploads\/2024\/09\/Group-237-1-768x444.jpg 768w\" sizes=\"auto, (max-width: 1018px) 100vw, 1018px\" \/><\/a><\/div><\/figure><a href=\"https:\/\/bakemark.com\/products\/?_sft_end_product=donut&#038;_sft_product_category=icings-glazes\" class=\"vcex-button theme-button inline blue\"><span class=\"vcex-button-inner theme-button-inner wpex-flex wpex-flex-wrap wpex-items-center wpex-justify-center\">Ver todos los glaseados<\/span><\/a> <div class=\"vcex-spacing wpex-w-100 wpex-clear\" style=\"height:10px;\"><\/div>[\/vc_column][vc_column width=\u00bb1\/2&#8243;]<figure class=\"vcex-image vcex-module\"><div class=\"vcex-image-inner wpex-relative wpex-inline-block\"><a href=\"https:\/\/bakemark.com\/bmk-subcategories\/sprinkles\/\"><img width=\"1016\" height=\"588\" src=\"https:\/\/bakemark.com\/wp-content\/uploads\/2024\/09\/Group-242-1.jpg\" class=\"vcex-image-img wpex-align-middle\" alt=\"\" loading=\"lazy\" decoding=\"async\" srcset=\"https:\/\/bakemark.com\/wp-content\/uploads\/2024\/09\/Group-242-1.jpg 1016w, https:\/\/bakemark.com\/wp-content\/uploads\/2024\/09\/Group-242-1-300x174.jpg 300w, https:\/\/bakemark.com\/wp-content\/uploads\/2024\/09\/Group-242-1-768x444.jpg 768w\" sizes=\"auto, (max-width: 1016px) 100vw, 1016px\" \/><\/a><\/div><\/figure><a href=\"https:\/\/bakemark.com\/bmk-subcategories\/sprinkles\/\" class=\"vcex-button theme-button inline orange\"><span class=\"vcex-button-inner theme-button-inner wpex-flex wpex-flex-wrap wpex-items-center wpex-justify-center\">Ver todo Sprinkles<\/span><\/a> <div class=\"vcex-spacing wpex-w-100 wpex-clear\" style=\"height:10px;\"><\/div>[\/vc_column][\/vc_row][vc_row el_class=\u00bbzoomimages widebuttons\u00bb][vc_column width=\u00bb1\/2&#8243; offset=\u00bbvc_col-sm-offset-3&#8243;]<figure class=\"vcex-image vcex-module\"><div class=\"vcex-image-inner wpex-relative wpex-inline-block\"><a href=\"https:\/\/bakemark.com\/products\/?_sft_end_product=donut\"><img width=\"1018\" height=\"588\" src=\"https:\/\/bakemark.com\/wp-content\/uploads\/2024\/09\/allproducts.jpg\" class=\"vcex-image-img wpex-align-middle\" alt=\"\" loading=\"lazy\" decoding=\"async\" srcset=\"https:\/\/bakemark.com\/wp-content\/uploads\/2024\/09\/allproducts.jpg 1018w, https:\/\/bakemark.com\/wp-content\/uploads\/2024\/09\/allproducts-300x173.jpg 300w, https:\/\/bakemark.com\/wp-content\/uploads\/2024\/09\/allproducts-768x444.jpg 768w\" sizes=\"auto, (max-width: 1018px) 100vw, 1018px\" \/><\/a><\/div><\/figure><a href=\"https:\/\/bakemark.com\/products\/?_sft_end_product=donut\" class=\"vcex-button theme-button inline\"><span class=\"vcex-button-inner theme-button-inner wpex-flex wpex-flex-wrap wpex-items-center wpex-justify-center\">Ver todos los productos Donut<\/span><\/a> <div class=\"vcex-spacing wpex-w-100 wpex-clear\" style=\"height:40px;\"><\/div>[\/vc_column][\/vc_row][vc_section el_class=\u00bboverlapping-columns\u00bb css=\u00bb.vc_custom_1722450880955{margin-bottom: 40px !important;}\u00bb][vc_row remove_bottom_col_margin=\u00bbtrue\u00bb el_class=\u00bbimage-row\u00bb][vc_column width=\u00bb1\/2&#8243;]<figure class=\"vcex-image vcex-module\"><div class=\"vcex-image-inner wpex-relative wpex-w-100\"><img width=\"963\" height=\"708\" src=\"https:\/\/bakemark.com\/wp-content\/uploads\/2024\/09\/Group-233.jpg\" class=\"vcex-image-img wpex-align-middle wpex-w-100\" alt=\"\" loading=\"lazy\" decoding=\"async\" srcset=\"https:\/\/bakemark.com\/wp-content\/uploads\/2024\/09\/Group-233.jpg 963w, https:\/\/bakemark.com\/wp-content\/uploads\/2024\/09\/Group-233-300x221.jpg 300w, https:\/\/bakemark.com\/wp-content\/uploads\/2024\/09\/Group-233-768x565.jpg 768w\" sizes=\"auto, (max-width: 963px) 100vw, 963px\" \/><\/div><\/figure>[\/vc_column][\/vc_row][vc_row full_width=\u00bbstretch_row\u00bb remove_bottom_col_margin=\u00bbtrue\u00bb el_class=\u00bbcontent-row\u00bb][vc_column width=\u00bb2\/3&#8243; offset=\u00bbvc_col-sm-offset-4&#8243; css=\u00bb.vc_custom_1722450091943{padding-top: 80px !important;padding-bottom: 80px !important;background-color: #f5f0e4 !important;background-position: 0 0 !important;background-repeat: repeat-x !important;}\u00bb wpex_bg_position=\u00bbleft bottom\u00bb wpex_bg_size=\u00bbauto 50px\u00bb]<div class=\"vcex-spacing wpex-w-100 wpex-clear hidden-phone\" style=\"height:20px;\"><\/div>[vc_column_text css=\u00bb.vc_custom_1739291540888{margin-bottom: 20px !important;}\u00bb color=\u00bbpalette-86&#8243;]\n<h2>NUEVA Westco<sup>\u00ae<\/sup> 2880\u2122 Mezcla y base para rosquillas con levadura<\/h2>\n[\/vc_column_text][vc_column_text css=\u00bb.vc_custom_1739291549203{margin-bottom: 30px !important;}\u00bb]Descubre c\u00f3mo nuestra \u00faltima innovaci\u00f3n en panader\u00eda te ayuda a prolongar la vida \u00fatil, minimizar la mano de obra y reducir los residuos, todo ello combinado con el sabor y el rendimiento excepcionales en los que puedes confiar de Westco<sup>\u00ae<\/sup>.[\/vc_column_text]<style>.vcex-button.vcex_69d0d610aa3d8{width:331px;padding-inline:24px;}<\/style><a href=\"https:\/\/bakemark.com\/es\/bmk-subcategories\/westco-2880-mezcla-y-base-para-rosquillas-fermentadas-con-levadura-de-larga-duracion\/\" class=\"vcex-button theme-button inline wpex-flex-shrink-0 vcex_69d0d610aa3d8\"><span class=\"vcex-button-inner theme-button-inner wpex-flex wpex-flex-wrap wpex-items-center wpex-justify-center\">Detalles y m\u00e1s<\/span><\/a> <div class=\"vcex-spacing wpex-w-100 wpex-clear hidden-phone\" style=\"height:20px;\"><\/div>[\/vc_column][\/vc_row][\/vc_section][vc_row remove_bottom_col_margin=\u00bbtrue\u00bb][vc_column]\t<style>.vcex_69d0d610ac026{height:40px;}@media (max-width:767px){.vcex_69d0d610ac026{height:20px;}}<\/style>\n<div class=\"vcex-spacing wpex-w-100 wpex-clear vcex_69d0d610ac026\"><\/div>[\/vc_column][\/vc_row][vc_section el_class=\u00bboverlapping-columns\u00bb css=\u00bb.vc_custom_1722964140072{margin-bottom: 40px !important;}\u00bb][vc_row remove_bottom_col_margin=\u00bbtrue\u00bb el_class=\u00bbimage-row\u00bb][vc_column width=\u00bb1\/2&#8243; offset=\u00bbvc_col-sm-offset-6&#8243;]<figure class=\"vcex-image vcex-module\"><div class=\"vcex-image-inner wpex-relative wpex-w-100\"><img width=\"963\" height=\"711\" src=\"https:\/\/bakemark.com\/wp-content\/uploads\/2024\/09\/Group-234.jpg\" class=\"vcex-image-img wpex-align-middle wpex-w-100\" alt=\"\" loading=\"lazy\" decoding=\"async\" srcset=\"https:\/\/bakemark.com\/wp-content\/uploads\/2024\/09\/Group-234.jpg 963w, https:\/\/bakemark.com\/wp-content\/uploads\/2024\/09\/Group-234-300x221.jpg 300w, https:\/\/bakemark.com\/wp-content\/uploads\/2024\/09\/Group-234-768x567.jpg 768w\" sizes=\"auto, (max-width: 963px) 100vw, 963px\" \/><\/div><\/figure>[\/vc_column][\/vc_row][vc_row full_width=\u00bbstretch_row\u00bb remove_bottom_col_margin=\u00bbtrue\u00bb el_class=\u00bbcontent-row\u00bb][vc_column width=\u00bb2\/3&#8243; css=\u00bb.vc_custom_1722450905948{padding-top: 80px !important;padding-bottom: 80px !important;background-color: #f5f0e4 !important;background-position: 0 0 !important;background-repeat: repeat-x !important;}\u00bb wpex_bg_position=\u00bbleft bottom\u00bb wpex_bg_size=\u00bbauto 50px\u00bb]<div class=\"vcex-spacing wpex-w-100 wpex-clear hidden-phone\" style=\"height:20px;\"><\/div>[vc_column_text css=\u00bb.vc_custom_1739291558374{margin-bottom: 20px !important;}\u00bb color=\u00bbpalette-86&#8243;]\n<h2>Westco<sup>\u00ae<\/sup> Master Mix Mezcla para rosquillas con levadura<\/h2>\n[\/vc_column_text][vc_column_text css=\u00bb.vc_custom_1725979648639{margin-bottom: 30px !important;}\u00bb]Si quieres crear donuts excepcionalmente ricos, de gran volumen, ternura superior y vida \u00fatil prolongada, descubre por qu\u00e9 \u00e9sta es tu mezcla.[\/vc_column_text]<style>.vcex-button.vcex_69d0d610ad281{width:330px;padding-inline:24px;}<\/style><a href=\"https:\/\/bakemark.com\/es\/bmk-subcategories\/mezclas-y-bases-para-rosquillas-con-levadura\/\" class=\"vcex-button theme-button inline wpex-flex-shrink-0 vcex_69d0d610ad281\"><span class=\"vcex-button-inner theme-button-inner wpex-flex wpex-flex-wrap wpex-items-center wpex-justify-center\">Detalles y m\u00e1s<\/span><\/a> <div class=\"vcex-spacing wpex-w-100 wpex-clear hidden-phone\" style=\"height:20px;\"><\/div>[\/vc_column][\/vc_row][\/vc_section][vc_row][vc_column]<div class=\"vcex-spacing wpex-w-100 wpex-clear\" style=\"height:50px;\"><\/div><style>.vcex-button.vcex_69d0d610b0763{width:331px;}<\/style><div class=\"theme-button-wrap textcenter wpex-clr\"><a href=\"https:\/\/bakemark.com\/recipes\/?_sft_recipe_category=donuts\" class=\"vcex-button theme-button align-center inline wpex-flex-shrink-0 vcex_69d0d610b0763\"><span class=\"vcex-button-inner theme-button-inner wpex-flex wpex-flex-wrap wpex-items-center wpex-justify-center\">Ver todas las recetas de Donuts<\/span><\/a><\/div> \t<style>.vcex_69d0d610b092d{height:50px;}@media (max-width:767px){.vcex_69d0d610b092d{height:20px;}}<\/style>\n<div class=\"vcex-spacing wpex-w-100 wpex-clear vcex_69d0d610b092d\"><\/div>[\/vc_column][\/vc_row][vc_row remove_bottom_col_margin=\u00bbtrue\u00bb][vc_column]<div class=\"wpex-template-shortcode\"><style type=\"text\/css\" data-type=\"vc_shortcodes-custom-css\">.vc_custom_1721317701030{background: #982126 url(https:\/\/bakemark.com\/wp-content\/uploads\/2024\/07\/bakemark-border.svg?id=340) !important;background-position: 0 0 !important;background-repeat: repeat-x !important;}.vc_custom_1720105893517{margin-bottom: 0px !important;}<\/style><div class=\"vc_section bigbrow vc_custom_1721317701030 wpex-vc-full-width-section wpex-vc-full-width-section--centered wpex-relative wpex-vc_section-has-fill wpex-vc_section-mx-0\" style=\"background-position:bottom left!important;background-size:auto 50px!important;\"><div class=\"vc_row wpb_row vc_row-fluid vc_row-o-content-middle vc_row-flex wpex-relative wpex-vc_row-col-mb-0 typography-white\"><div class=\"wpb_column vc_column_container vc_col-sm-2\"><div class=\"vc_column-inner vc_custom_1720105893517\"><div class=\"wpb_wrapper\"><\/div><\/div><\/div><div class=\"wpb_column vc_column_container vc_col-sm-8\"><div class=\"vc_column-inner\"><div class=\"wpb_wrapper\"><div class=\"vcex-spacing wpex-w-100 wpex-clear\"><\/div>\n\t<div class=\"wpb_text_column wpb_content_element\" >\n\t\t<div class=\"wpb_wrapper\">\n\t\t\t<h2 style=\"text-align: center\">\u00bfTienes preguntas? Estamos a tu disposici\u00f3n <\/h2>\n<p style=\"text-align: center\">\u00bfNecesitas m\u00e1s informaci\u00f3n sobre productos o soluciones? \u00bfEst\u00e1s listo para iniciar una conversaci\u00f3n? Un representante de BakeMark responder\u00e1 r\u00e1pidamente a tu mensaje.  <\/p>\n\n\t\t<\/div>\n\t<\/div>\n<div class=\"vcex-spacing wpex-w-100 wpex-clear\"><\/div><div class=\"theme-button-wrap textcenter wpex-clr\"><a href=\"https:\/\/bakemark.com\/es\/contacta-con-nosotros\/\" class=\"vcex-button theme-button align-center inline btnoncolor\"><span class=\"vcex-button-inner theme-button-inner wpex-flex wpex-flex-wrap wpex-items-center wpex-justify-center\">Contacta con nosotros<\/span><\/a><\/div> \t<style>.vcex_69d0d610b4ea9{height:70px;}@media (max-width:767px){.vcex_69d0d610b4ea9{height:80px;}}<\/style>\n<div class=\"vcex-spacing wpex-w-100 wpex-clear vcex_69d0d610b4ea9\"><\/div><\/div><\/div><\/div><div class=\"wpb_column vc_column_container vc_col-sm-2\"><div class=\"vc_column-inner\"><div class=\"wpb_wrapper\"><\/div><\/div><\/div><\/div><\/div>\n<\/div>[\/vc_column][\/vc_row]\n<\/div>","protected":false},"excerpt":{"rendered":"Mezclas para donuts y m\u00e1s Crear el donut perfecto es mucho m\u00e1s que elegir una mezcla, un glaseado y unos ingredientes. Requiere precisi\u00f3n y experiencia. Desde el tiempo de fermentaci\u00f3n de la masa hasta la delicada llovizna o espolvoreado de sabores, cada paso cuenta. BakeMark est\u00e1 aqu\u00ed con las soluciones, la experiencia y el apoyo&hellip;","protected":false},"author":5,"featured_media":7083,"parent":0,"menu_order":0,"comment_status":"closed","ping_status":"closed","template":"","meta":{"_acf_changed":false,"content-type":"","footnotes":""},"class_list":["post-5334","page","type-page","status-publish","has-post-thumbnail","hentry","entry","has-media"],"acf":[],"yoast_head":"<!-- This site is optimized with the Yoast SEO plugin v27.2 - https:\/\/yoast.com\/product\/yoast-seo-wordpress\/ -->\n<title>Donuts y mezclas para donuts | BakeMark<\/title>\n<meta name=\"description\" content=\"Encuentra tu mezcla ideal de donuts y soluciones que te ayuden a crear opciones apetecibles que hagan que los consumidores vuelvan.\" \/>\n<meta name=\"robots\" content=\"index, follow, max-snippet:-1, max-image-preview:large, max-video-preview:-1\" \/>\n<link rel=\"canonical\" href=\"https:\/\/bakemark.com\/es\/donuts\/\" \/>\n<meta property=\"og:locale\" content=\"es_ES\" \/>\n<meta property=\"og:type\" content=\"article\" \/>\n<meta property=\"og:title\" content=\"Donuts y mezclas para donuts | BakeMark\" \/>\n<meta property=\"og:description\" content=\"Encuentra tu mezcla ideal de donuts y soluciones que te ayuden a crear opciones apetecibles que hagan que los consumidores vuelvan.\" \/>\n<meta property=\"og:url\" content=\"https:\/\/bakemark.com\/es\/donuts\/\" \/>\n<meta property=\"og:site_name\" content=\"BakeMark\" \/>\n<meta property=\"article:modified_time\" content=\"2025-02-11T16:32:42+00:00\" \/>\n<meta name=\"twitter:card\" content=\"summary_large_image\" \/>\n<meta name=\"twitter:label1\" content=\"Est. reading time\" \/>\n\t<meta name=\"twitter:data1\" content=\"4 minutos\" \/>\n<script type=\"application\/ld+json\" class=\"yoast-schema-graph\">{\"@context\":\"https:\/\/schema.org\",\"@graph\":[{\"@type\":\"WebPage\",\"@id\":\"https:\/\/bakemark.com\/es\/donuts\/\",\"url\":\"https:\/\/bakemark.com\/es\/donuts\/\",\"name\":\"Donuts y mezclas para donuts | BakeMark\",\"isPartOf\":{\"@id\":\"https:\/\/bakemark.com\/es\/#website\"},\"primaryImageOfPage\":{\"@id\":\"https:\/\/bakemark.com\/es\/donuts\/#primaryimage\"},\"image\":{\"@id\":\"https:\/\/bakemark.com\/es\/donuts\/#primaryimage\"},\"thumbnailUrl\":\"https:\/\/bakemark.com\/wp-content\/uploads\/2025\/03\/June_Donut.png\",\"datePublished\":\"2024-09-03T21:21:09+00:00\",\"dateModified\":\"2025-02-11T16:32:42+00:00\",\"description\":\"Encuentra tu mezcla ideal de donuts y soluciones que te ayuden a crear opciones apetecibles que hagan que los consumidores vuelvan.\",\"breadcrumb\":{\"@id\":\"https:\/\/bakemark.com\/es\/donuts\/#breadcrumb\"},\"inLanguage\":\"es\",\"potentialAction\":[{\"@type\":\"ReadAction\",\"target\":[\"https:\/\/bakemark.com\/es\/donuts\/\"]}]},{\"@type\":\"ImageObject\",\"inLanguage\":\"es\",\"@id\":\"https:\/\/bakemark.com\/es\/donuts\/#primaryimage\",\"url\":\"https:\/\/bakemark.com\/wp-content\/uploads\/2025\/03\/June_Donut.png\",\"contentUrl\":\"https:\/\/bakemark.com\/wp-content\/uploads\/2025\/03\/June_Donut.png\",\"width\":722,\"height\":503},{\"@type\":\"BreadcrumbList\",\"@id\":\"https:\/\/bakemark.com\/es\/donuts\/#breadcrumb\",\"itemListElement\":[{\"@type\":\"ListItem\",\"position\":1,\"name\":\"Home\",\"item\":\"https:\/\/bakemark.com\/es\/\"},{\"@type\":\"ListItem\",\"position\":2,\"name\":\"Donuts\"}]},{\"@type\":\"WebSite\",\"@id\":\"https:\/\/bakemark.com\/es\/#website\",\"url\":\"https:\/\/bakemark.com\/es\/\",\"name\":\"BakeMark\",\"description\":\"\",\"publisher\":{\"@id\":\"https:\/\/bakemark.com\/es\/#organization\"},\"potentialAction\":[{\"@type\":\"SearchAction\",\"target\":{\"@type\":\"EntryPoint\",\"urlTemplate\":\"https:\/\/bakemark.com\/es\/?s={search_term_string}\"},\"query-input\":{\"@type\":\"PropertyValueSpecification\",\"valueRequired\":true,\"valueName\":\"search_term_string\"}}],\"inLanguage\":\"es\"},{\"@type\":\"Organization\",\"@id\":\"https:\/\/bakemark.com\/es\/#organization\",\"name\":\"BakeMark\",\"url\":\"https:\/\/bakemark.com\/es\/\",\"logo\":{\"@type\":\"ImageObject\",\"inLanguage\":\"es\",\"@id\":\"https:\/\/bakemark.com\/es\/#\/schema\/logo\/image\/\",\"url\":\"https:\/\/bakemark.com\/wp-content\/uploads\/2024\/07\/bakemark-logo-wht.svg\",\"contentUrl\":\"https:\/\/bakemark.com\/wp-content\/uploads\/2024\/07\/bakemark-logo-wht.svg\",\"width\":233,\"height\":58,\"caption\":\"BakeMark\"},\"image\":{\"@id\":\"https:\/\/bakemark.com\/es\/#\/schema\/logo\/image\/\"}}]}<\/script>\n<!-- \/ Yoast SEO plugin. -->","yoast_head_json":{"title":"Donuts y mezclas para donuts | BakeMark","description":"Encuentra tu mezcla ideal de donuts y soluciones que te ayuden a crear opciones apetecibles que hagan que los consumidores vuelvan.","robots":{"index":"index","follow":"follow","max-snippet":"max-snippet:-1","max-image-preview":"max-image-preview:large","max-video-preview":"max-video-preview:-1"},"canonical":"https:\/\/bakemark.com\/es\/donuts\/","og_locale":"es_ES","og_type":"article","og_title":"Donuts y mezclas para donuts | BakeMark","og_description":"Encuentra tu mezcla ideal de donuts y soluciones que te ayuden a crear opciones apetecibles que hagan que los consumidores vuelvan.","og_url":"https:\/\/bakemark.com\/es\/donuts\/","og_site_name":"BakeMark","article_modified_time":"2025-02-11T16:32:42+00:00","twitter_card":"summary_large_image","twitter_misc":{"Est. reading time":"4 minutos"},"schema":{"@context":"https:\/\/schema.org","@graph":[{"@type":"WebPage","@id":"https:\/\/bakemark.com\/es\/donuts\/","url":"https:\/\/bakemark.com\/es\/donuts\/","name":"Donuts y mezclas para donuts | BakeMark","isPartOf":{"@id":"https:\/\/bakemark.com\/es\/#website"},"primaryImageOfPage":{"@id":"https:\/\/bakemark.com\/es\/donuts\/#primaryimage"},"image":{"@id":"https:\/\/bakemark.com\/es\/donuts\/#primaryimage"},"thumbnailUrl":"https:\/\/bakemark.com\/wp-content\/uploads\/2025\/03\/June_Donut.png","datePublished":"2024-09-03T21:21:09+00:00","dateModified":"2025-02-11T16:32:42+00:00","description":"Encuentra tu mezcla ideal de donuts y soluciones que te ayuden a crear opciones apetecibles que hagan que los consumidores vuelvan.","breadcrumb":{"@id":"https:\/\/bakemark.com\/es\/donuts\/#breadcrumb"},"inLanguage":"es","potentialAction":[{"@type":"ReadAction","target":["https:\/\/bakemark.com\/es\/donuts\/"]}]},{"@type":"ImageObject","inLanguage":"es","@id":"https:\/\/bakemark.com\/es\/donuts\/#primaryimage","url":"https:\/\/bakemark.com\/wp-content\/uploads\/2025\/03\/June_Donut.png","contentUrl":"https:\/\/bakemark.com\/wp-content\/uploads\/2025\/03\/June_Donut.png","width":722,"height":503},{"@type":"BreadcrumbList","@id":"https:\/\/bakemark.com\/es\/donuts\/#breadcrumb","itemListElement":[{"@type":"ListItem","position":1,"name":"Home","item":"https:\/\/bakemark.com\/es\/"},{"@type":"ListItem","position":2,"name":"Donuts"}]},{"@type":"WebSite","@id":"https:\/\/bakemark.com\/es\/#website","url":"https:\/\/bakemark.com\/es\/","name":"BakeMark","description":"","publisher":{"@id":"https:\/\/bakemark.com\/es\/#organization"},"potentialAction":[{"@type":"SearchAction","target":{"@type":"EntryPoint","urlTemplate":"https:\/\/bakemark.com\/es\/?s={search_term_string}"},"query-input":{"@type":"PropertyValueSpecification","valueRequired":true,"valueName":"search_term_string"}}],"inLanguage":"es"},{"@type":"Organization","@id":"https:\/\/bakemark.com\/es\/#organization","name":"BakeMark","url":"https:\/\/bakemark.com\/es\/","logo":{"@type":"ImageObject","inLanguage":"es","@id":"https:\/\/bakemark.com\/es\/#\/schema\/logo\/image\/","url":"https:\/\/bakemark.com\/wp-content\/uploads\/2024\/07\/bakemark-logo-wht.svg","contentUrl":"https:\/\/bakemark.com\/wp-content\/uploads\/2024\/07\/bakemark-logo-wht.svg","width":233,"height":58,"caption":"BakeMark"},"image":{"@id":"https:\/\/bakemark.com\/es\/#\/schema\/logo\/image\/"}}]}},"_links":{"self":[{"href":"https:\/\/bakemark.com\/es\/wp-json\/wp\/v2\/pages\/5334","targetHints":{"allow":["GET"]}}],"collection":[{"href":"https:\/\/bakemark.com\/es\/wp-json\/wp\/v2\/pages"}],"about":[{"href":"https:\/\/bakemark.com\/es\/wp-json\/wp\/v2\/types\/page"}],"author":[{"embeddable":true,"href":"https:\/\/bakemark.com\/es\/wp-json\/wp\/v2\/users\/5"}],"replies":[{"embeddable":true,"href":"https:\/\/bakemark.com\/es\/wp-json\/wp\/v2\/comments?post=5334"}],"version-history":[{"count":0,"href":"https:\/\/bakemark.com\/es\/wp-json\/wp\/v2\/pages\/5334\/revisions"}],"wp:featuredmedia":[{"embeddable":true,"href":"https:\/\/bakemark.com\/es\/wp-json\/wp\/v2\/media\/7083"}],"wp:attachment":[{"href":"https:\/\/bakemark.com\/es\/wp-json\/wp\/v2\/media?parent=5334"}],"curies":[{"name":"wp","href":"https:\/\/api.w.org\/{rel}","templated":true}]}}