{"id":5329,"date":"2024-09-03T20:08:47","date_gmt":"2024-09-04T01:08:47","guid":{"rendered":"https:\/\/bakemark.com\/pasteles\/"},"modified":"2025-02-04T14:54:54","modified_gmt":"2025-02-04T20:54:54","slug":"pasteles","status":"publish","type":"page","link":"https:\/\/bakemark.com\/es\/pasteles\/","title":{"rendered":"Pasteles"},"content":{"rendered":"<div class=\"wpb-content-wrapper\">[vc_row remove_bottom_col_margin=\u00bbtrue\u00bb css=\u00bb.vc_custom_1725397387670{margin-top: 70px !important;margin-bottom: 20px !important;}\u00bb][vc_column offset=\u00bbvc_col-lg-offset-2 vc_col-lg-8 vc_col-md-offset-1 vc_col-md-10&#8243;]<div class=\"vcex-spacing wpex-w-100 wpex-clear hidden-phone\" style=\"height:10px;\"><\/div>[vc_column_text css=\u00bb\u00bb text_align=\u00bbcenter\u00bb]\n<h1>Las mejores mezclas para tartas y mucho m\u00e1s<\/h1>\n[\/vc_column_text][\/vc_column][\/vc_row][vc_row css=\u00bb.vc_custom_1722450353871{margin-bottom: 20px !important;}\u00bb][vc_column offset=\u00bbvc_col-lg-offset-2 vc_col-lg-8 vc_col-md-offset-1 vc_col-md-10&#8243;][vc_column_text css=\u00bb\u00bb text_align=\u00bbcenter\u00bb width=\u00bb712px\u00bb]Tus tartas son tus obras de arte, y desde la base hasta los toques finales, merecen ser elaboradas s\u00f3lo con elementos de la mayor calidad posible. Explora todas las soluciones para tartas respaldadas por la experiencia, el apoyo y el legado de BakeMark.[\/vc_column_text][\/vc_column][\/vc_row][vc_row el_class=\u00bbzoomimages widebuttons\u00bb][vc_column width=\u00bb1\/2&#8243;]<figure class=\"vcex-image vcex-module\"><div class=\"vcex-image-inner wpex-relative wpex-inline-block\"><a href=\"https:\/\/bakemark.com\/es\/bmk-subcategories\/mezclas-para-tartas-hi-ratio\/\"><img width=\"1018\" height=\"588\" src=\"https:\/\/bakemark.com\/wp-content\/uploads\/2024\/09\/Group-240.jpg\" class=\"vcex-image-img wpex-align-middle\" alt=\"\" loading=\"lazy\" decoding=\"async\" srcset=\"https:\/\/bakemark.com\/wp-content\/uploads\/2024\/09\/Group-240.jpg 1018w, https:\/\/bakemark.com\/wp-content\/uploads\/2024\/09\/Group-240-300x173.jpg 300w, https:\/\/bakemark.com\/wp-content\/uploads\/2024\/09\/Group-240-768x444.jpg 768w\" sizes=\"auto, (max-width: 1018px) 100vw, 1018px\" \/><\/a><\/div><\/figure><a href=\"https:\/\/bakemark.com\/es\/bmk-subcategories\/mezclas-para-tartas-hi-ratio\/\" class=\"vcex-button theme-button inline purple\"><span class=\"vcex-button-inner theme-button-inner wpex-flex wpex-flex-wrap wpex-items-center wpex-justify-center\">Ver todas las mezclas para tartas Hi-ratio <\/span><\/a> <div class=\"vcex-spacing wpex-w-100 wpex-clear\" style=\"height:10px;\"><\/div>[\/vc_column][vc_column width=\u00bb1\/2&#8243;]<figure class=\"vcex-image vcex-module\"><div class=\"vcex-image-inner wpex-relative wpex-inline-block\"><a href=\"https:\/\/bakemark.com\/es\/bmk-subcategories\/mezclas-para-tartas-de-crema\/\"><img width=\"1016\" height=\"588\" src=\"https:\/\/bakemark.com\/wp-content\/uploads\/2024\/09\/Group-232-3.jpg\" class=\"vcex-image-img wpex-align-middle\" alt=\"\" loading=\"lazy\" decoding=\"async\" srcset=\"https:\/\/bakemark.com\/wp-content\/uploads\/2024\/09\/Group-232-3.jpg 1016w, https:\/\/bakemark.com\/wp-content\/uploads\/2024\/09\/Group-232-3-300x174.jpg 300w, https:\/\/bakemark.com\/wp-content\/uploads\/2024\/09\/Group-232-3-768x444.jpg 768w\" sizes=\"auto, (max-width: 1016px) 100vw, 1016px\" \/><\/a><\/div><\/figure><a href=\"https:\/\/bakemark.com\/es\/bmk-subcategories\/mezclas-para-tartas-de-crema\/\" class=\"vcex-button theme-button inline aqua\"><span class=\"vcex-button-inner theme-button-inner wpex-flex wpex-flex-wrap wpex-items-center wpex-justify-center\">Ver todas las mezclas para tartas Cr\u00e8me<\/span><\/a> <div class=\"vcex-spacing wpex-w-100 wpex-clear\" style=\"height:10px;\"><\/div>[\/vc_column][\/vc_row][vc_row el_class=\u00bbzoomimages widebuttons\u00bb][vc_column width=\u00bb1\/2&#8243;]<figure class=\"vcex-image vcex-module\"><div class=\"vcex-image-inner wpex-relative wpex-inline-block\"><a href=\"https:\/\/bakemark.com\/es\/bmk-subcategories\/icings-listos-para-usar\/\"><img width=\"1018\" height=\"588\" src=\"https:\/\/bakemark.com\/wp-content\/uploads\/2024\/09\/Group-233-1.jpg\" class=\"vcex-image-img wpex-align-middle\" alt=\"\" loading=\"lazy\" decoding=\"async\" srcset=\"https:\/\/bakemark.com\/wp-content\/uploads\/2024\/09\/Group-233-1.jpg 1018w, https:\/\/bakemark.com\/wp-content\/uploads\/2024\/09\/Group-233-1-300x173.jpg 300w, https:\/\/bakemark.com\/wp-content\/uploads\/2024\/09\/Group-233-1-768x444.jpg 768w\" sizes=\"auto, (max-width: 1018px) 100vw, 1018px\" \/><\/a><\/div><\/figure><a href=\"https:\/\/bakemark.com\/es\/bmk-subcategories\/icings-listos-para-usar\/\" class=\"vcex-button theme-button inline orange\"><span class=\"vcex-button-inner theme-button-inner wpex-flex wpex-flex-wrap wpex-items-center wpex-justify-center\">Ver todos los Icings listos para usar<\/span><\/a> <div class=\"vcex-spacing wpex-w-100 wpex-clear\" style=\"height:10px;\"><\/div>[\/vc_column][vc_column width=\u00bb1\/2&#8243;]<figure class=\"vcex-image vcex-module\"><div class=\"vcex-image-inner wpex-relative wpex-inline-block\"><a href=\"https:\/\/bakemark.com\/es\/bmk-subcategories\/sprinkles\/\"><img width=\"1016\" height=\"588\" src=\"https:\/\/bakemark.com\/wp-content\/uploads\/2024\/09\/Group-235-1.jpg\" class=\"vcex-image-img wpex-align-middle\" alt=\"\" loading=\"lazy\" decoding=\"async\" srcset=\"https:\/\/bakemark.com\/wp-content\/uploads\/2024\/09\/Group-235-1.jpg 1016w, https:\/\/bakemark.com\/wp-content\/uploads\/2024\/09\/Group-235-1-300x174.jpg 300w, https:\/\/bakemark.com\/wp-content\/uploads\/2024\/09\/Group-235-1-768x444.jpg 768w\" sizes=\"auto, (max-width: 1016px) 100vw, 1016px\" \/><\/a><\/div><\/figure><a href=\"https:\/\/bakemark.com\/es\/bmk-subcategories\/sprinkles\/\" class=\"vcex-button theme-button inline blue\"><span class=\"vcex-button-inner theme-button-inner wpex-flex wpex-flex-wrap wpex-items-center wpex-justify-center\">Ver todo Sprinkles<\/span><\/a> <div class=\"vcex-spacing wpex-w-100 wpex-clear\" style=\"height:10px;\"><\/div>[\/vc_column][\/vc_row][vc_row el_class=\u00bbzoomimages widebuttons\u00bb][vc_column width=\u00bb1\/2&#8243;]<figure class=\"vcex-image vcex-module\"><div class=\"vcex-image-inner wpex-relative wpex-inline-block\"><a href=\"https:\/\/bakemark.com\/es\/bmk-subcategories\/almohadillas-para-tartas\/\"><img width=\"1018\" height=\"588\" src=\"https:\/\/bakemark.com\/wp-content\/uploads\/2024\/09\/Group-240-2.jpg\" class=\"vcex-image-img wpex-align-middle\" alt=\"\" loading=\"lazy\" decoding=\"async\" srcset=\"https:\/\/bakemark.com\/wp-content\/uploads\/2024\/09\/Group-240-2.jpg 1018w, https:\/\/bakemark.com\/wp-content\/uploads\/2024\/09\/Group-240-2-300x173.jpg 300w, https:\/\/bakemark.com\/wp-content\/uploads\/2024\/09\/Group-240-2-768x444.jpg 768w\" sizes=\"auto, (max-width: 1018px) 100vw, 1018px\" \/><\/a><\/div><\/figure><a href=\"https:\/\/bakemark.com\/es\/bmk-subcategories\/almohadillas-para-tartas\/\" class=\"vcex-button theme-button inline aqua\"><span class=\"vcex-button-inner theme-button-inner wpex-flex wpex-flex-wrap wpex-items-center wpex-justify-center\">Ver todas las almohadillas para tartas<\/span><\/a> <div class=\"vcex-spacing wpex-w-100 wpex-clear\" style=\"height:10px;\"><\/div>[\/vc_column][vc_column width=\u00bb1\/2&#8243;]<figure class=\"vcex-image vcex-module\"><div class=\"vcex-image-inner wpex-relative wpex-inline-block\"><a href=\"https:\/\/bakemark.com\/es\/bmk-subcategories\/bolsas-de-reposteria\/\"><img width=\"1016\" height=\"588\" src=\"https:\/\/bakemark.com\/wp-content\/uploads\/2024\/09\/Group-244.jpg\" class=\"vcex-image-img wpex-align-middle\" alt=\"\" loading=\"lazy\" decoding=\"async\" srcset=\"https:\/\/bakemark.com\/wp-content\/uploads\/2024\/09\/Group-244.jpg 1016w, https:\/\/bakemark.com\/wp-content\/uploads\/2024\/09\/Group-244-300x174.jpg 300w, https:\/\/bakemark.com\/wp-content\/uploads\/2024\/09\/Group-244-768x444.jpg 768w\" sizes=\"auto, (max-width: 1016px) 100vw, 1016px\" \/><\/a><\/div><\/figure><a href=\"https:\/\/bakemark.com\/es\/bmk-subcategories\/bolsas-de-reposteria\/\" class=\"vcex-button theme-button inline purple\"><span class=\"vcex-button-inner theme-button-inner wpex-flex wpex-flex-wrap wpex-items-center wpex-justify-center\">Ver todas las mangas pasteleras<\/span><\/a> <div class=\"vcex-spacing wpex-w-100 wpex-clear\" style=\"height:10px;\"><\/div>[\/vc_column][\/vc_row][vc_row el_class=\u00bbzoomimages widebuttons\u00bb][vc_column width=\u00bb1\/2&#8243;]<figure class=\"vcex-image vcex-module\"><div class=\"vcex-image-inner wpex-relative wpex-inline-block\"><a href=\"https:\/\/bakemark.com\/es\/bmk-subcategories\/fondant-enrollado\/\"><img width=\"1018\" height=\"588\" src=\"https:\/\/bakemark.com\/wp-content\/uploads\/2024\/09\/Group-246.jpg\" class=\"vcex-image-img wpex-align-middle\" alt=\"\" loading=\"lazy\" decoding=\"async\" srcset=\"https:\/\/bakemark.com\/wp-content\/uploads\/2024\/09\/Group-246.jpg 1018w, https:\/\/bakemark.com\/wp-content\/uploads\/2024\/09\/Group-246-300x173.jpg 300w, https:\/\/bakemark.com\/wp-content\/uploads\/2024\/09\/Group-246-768x444.jpg 768w\" sizes=\"auto, (max-width: 1018px) 100vw, 1018px\" \/><\/a><\/div><\/figure><a href=\"https:\/\/bakemark.com\/es\/bmk-subcategories\/fondant-enrollado\/\" class=\"vcex-button theme-button inline blue\"><span class=\"vcex-button-inner theme-button-inner wpex-flex wpex-flex-wrap wpex-items-center wpex-justify-center\">Ver todo el Fondant enrollado<\/span><\/a> <div class=\"vcex-spacing wpex-w-100 wpex-clear\" style=\"height:10px;\"><\/div>[\/vc_column][vc_column width=\u00bb1\/2&#8243;]<figure class=\"vcex-image vcex-module\"><div class=\"vcex-image-inner wpex-relative wpex-inline-block\"><a href=\"https:\/\/bakemark.com\/products\/?_sft_end_product=cake\"><img width=\"1018\" height=\"588\" src=\"https:\/\/bakemark.com\/wp-content\/uploads\/2024\/09\/Group-245.jpg\" class=\"vcex-image-img wpex-align-middle\" alt=\"\" loading=\"lazy\" decoding=\"async\" srcset=\"https:\/\/bakemark.com\/wp-content\/uploads\/2024\/09\/Group-245.jpg 1018w, https:\/\/bakemark.com\/wp-content\/uploads\/2024\/09\/Group-245-300x173.jpg 300w, https:\/\/bakemark.com\/wp-content\/uploads\/2024\/09\/Group-245-768x444.jpg 768w\" sizes=\"auto, (max-width: 1018px) 100vw, 1018px\" \/><\/a><\/div><\/figure><a href=\"https:\/\/bakemark.com\/products\/?_sft_end_product=cake\" class=\"vcex-button theme-button inline\"><span class=\"vcex-button-inner theme-button-inner wpex-flex wpex-flex-wrap wpex-items-center wpex-justify-center\">Ver todos los productos Cake<\/span><\/a> <div class=\"vcex-spacing wpex-w-100 wpex-clear\" style=\"height:10px;\"><\/div>[\/vc_column][\/vc_row][vc_row][vc_column]\t<style>.vcex_69d0e996ecf15{height:75px;}@media (max-width:767px){.vcex_69d0e996ecf15{height:50px;}}<\/style>\n<div class=\"vcex-spacing wpex-w-100 wpex-clear vcex_69d0e996ecf15\"><\/div><style>.vcex-button.vcex_69d0e996ef890{width:331px;}<\/style><div class=\"theme-button-wrap textcenter wpex-clr\"><a href=\"https:\/\/bakemark.com\/recipes\/?_sft_recipe_category=cakes\" class=\"vcex-button theme-button align-center inline wpex-flex-shrink-0 vcex_69d0e996ef890\"><span class=\"vcex-button-inner theme-button-inner wpex-flex wpex-flex-wrap wpex-items-center wpex-justify-center\">Ver todas las recetas de tartas<\/span><\/a><\/div> \t<style>.vcex_69d0e996efac9{height:50px;}@media (max-width:767px){.vcex_69d0e996efac9{height:20px;}}<\/style>\n<div class=\"vcex-spacing wpex-w-100 wpex-clear vcex_69d0e996efac9\"><\/div>[\/vc_column][\/vc_row][vc_row remove_bottom_col_margin=\u00bbtrue\u00bb][vc_column]<div class=\"wpex-template-shortcode\"><style type=\"text\/css\" data-type=\"vc_shortcodes-custom-css\">.vc_custom_1721317701030{background: #982126 url(https:\/\/bakemark.com\/wp-content\/uploads\/2024\/07\/bakemark-border.svg?id=340) !important;background-position: 0 0 !important;background-repeat: repeat-x !important;}.vc_custom_1720105893517{margin-bottom: 0px !important;}<\/style><div class=\"vc_section bigbrow vc_custom_1721317701030 wpex-vc-full-width-section wpex-vc-full-width-section--centered wpex-relative wpex-vc_section-has-fill wpex-vc_section-mx-0\" style=\"background-position:bottom left!important;background-size:auto 50px!important;\"><div class=\"vc_row wpb_row vc_row-fluid vc_row-o-content-middle vc_row-flex wpex-relative wpex-vc_row-col-mb-0 typography-white\"><div class=\"wpb_column vc_column_container vc_col-sm-2\"><div class=\"vc_column-inner vc_custom_1720105893517\"><div class=\"wpb_wrapper\"><\/div><\/div><\/div><div class=\"wpb_column vc_column_container vc_col-sm-8\"><div class=\"vc_column-inner\"><div class=\"wpb_wrapper\"><div class=\"vcex-spacing wpex-w-100 wpex-clear\"><\/div>\n\t<div class=\"wpb_text_column wpb_content_element\" >\n\t\t<div class=\"wpb_wrapper\">\n\t\t\t<h2 style=\"text-align: center\">\u00bfTienes preguntas? Estamos a tu disposici\u00f3n <\/h2>\n<p style=\"text-align: center\">\u00bfNecesitas m\u00e1s informaci\u00f3n sobre productos o soluciones? \u00bfEst\u00e1s listo para iniciar una conversaci\u00f3n? Un representante de BakeMark responder\u00e1 r\u00e1pidamente a tu mensaje.  <\/p>\n\n\t\t<\/div>\n\t<\/div>\n<div class=\"vcex-spacing wpex-w-100 wpex-clear\"><\/div><div class=\"theme-button-wrap textcenter wpex-clr\"><a href=\"https:\/\/bakemark.com\/es\/contacta-con-nosotros\/\" class=\"vcex-button theme-button align-center inline btnoncolor\"><span class=\"vcex-button-inner theme-button-inner wpex-flex wpex-flex-wrap wpex-items-center wpex-justify-center\">Contacta con nosotros<\/span><\/a><\/div> \t<style>.vcex_69d0e996f3495{height:70px;}@media (max-width:767px){.vcex_69d0e996f3495{height:80px;}}<\/style>\n<div class=\"vcex-spacing wpex-w-100 wpex-clear vcex_69d0e996f3495\"><\/div><\/div><\/div><\/div><div class=\"wpb_column vc_column_container vc_col-sm-2\"><div class=\"vc_column-inner\"><div class=\"wpb_wrapper\"><\/div><\/div><\/div><\/div><\/div>\n<\/div>[\/vc_column][\/vc_row]\n<\/div>","protected":false},"excerpt":{"rendered":"Las mejores mezclas para tartas y mucho m\u00e1s Tus tartas son tus obras de arte, y desde la base hasta los toques finales, merecen ser elaboradas s\u00f3lo con elementos de la mayor calidad posible. Explora todas las soluciones para tartas respaldadas por la experiencia, el apoyo y el legado de BakeMark. Ver todas las mezclas&hellip;","protected":false},"author":5,"featured_media":0,"parent":0,"menu_order":0,"comment_status":"closed","ping_status":"closed","template":"","meta":{"_acf_changed":false,"content-type":"","footnotes":""},"class_list":["post-5329","page","type-page","status-publish","hentry","entry","no-media"],"acf":[],"yoast_head":"<!-- This site is optimized with the Yoast SEO plugin v27.3 - https:\/\/yoast.com\/product\/yoast-seo-wordpress\/ -->\n<title>Mezclas para tartas y m\u00e1s | BakeMark<\/title>\n<meta name=\"description\" content=\"Explora todo lo que necesitas para hacer, hornear y distribuir incre\u00edbles creaciones de pasteles.\" \/>\n<meta name=\"robots\" content=\"index, follow, max-snippet:-1, max-image-preview:large, max-video-preview:-1\" \/>\n<link rel=\"canonical\" href=\"https:\/\/bakemark.com\/es\/pasteles\/\" \/>\n<meta property=\"og:locale\" content=\"es_ES\" \/>\n<meta property=\"og:type\" content=\"article\" \/>\n<meta property=\"og:title\" content=\"Mezclas para tartas y m\u00e1s | BakeMark\" \/>\n<meta property=\"og:description\" content=\"Explora todo lo que necesitas para hacer, hornear y distribuir incre\u00edbles creaciones de pasteles.\" \/>\n<meta property=\"og:url\" content=\"https:\/\/bakemark.com\/es\/pasteles\/\" \/>\n<meta property=\"og:site_name\" content=\"BakeMark\" \/>\n<meta property=\"article:modified_time\" content=\"2025-02-04T20:54:54+00:00\" \/>\n<meta name=\"twitter:card\" content=\"summary_large_image\" \/>\n<meta name=\"twitter:label1\" content=\"Est. reading time\" \/>\n\t<meta name=\"twitter:data1\" content=\"4 minutos\" \/>\n<script type=\"application\/ld+json\" class=\"yoast-schema-graph\">{\"@context\":\"https:\\\/\\\/schema.org\",\"@graph\":[{\"@type\":\"WebPage\",\"@id\":\"https:\\\/\\\/bakemark.com\\\/es\\\/pasteles\\\/\",\"url\":\"https:\\\/\\\/bakemark.com\\\/es\\\/pasteles\\\/\",\"name\":\"Mezclas para tartas y m\u00e1s | BakeMark\",\"isPartOf\":{\"@id\":\"https:\\\/\\\/bakemark.com\\\/es\\\/#website\"},\"datePublished\":\"2024-09-04T01:08:47+00:00\",\"dateModified\":\"2025-02-04T20:54:54+00:00\",\"description\":\"Explora todo lo que necesitas para hacer, hornear y distribuir incre\u00edbles creaciones de pasteles.\",\"breadcrumb\":{\"@id\":\"https:\\\/\\\/bakemark.com\\\/es\\\/pasteles\\\/#breadcrumb\"},\"inLanguage\":\"es\",\"potentialAction\":[{\"@type\":\"ReadAction\",\"target\":[\"https:\\\/\\\/bakemark.com\\\/es\\\/pasteles\\\/\"]}]},{\"@type\":\"BreadcrumbList\",\"@id\":\"https:\\\/\\\/bakemark.com\\\/es\\\/pasteles\\\/#breadcrumb\",\"itemListElement\":[{\"@type\":\"ListItem\",\"position\":1,\"name\":\"Home\",\"item\":\"https:\\\/\\\/bakemark.com\\\/es\\\/\"},{\"@type\":\"ListItem\",\"position\":2,\"name\":\"Pasteles\"}]},{\"@type\":\"WebSite\",\"@id\":\"https:\\\/\\\/bakemark.com\\\/es\\\/#website\",\"url\":\"https:\\\/\\\/bakemark.com\\\/es\\\/\",\"name\":\"BakeMark\",\"description\":\"\",\"publisher\":{\"@id\":\"https:\\\/\\\/bakemark.com\\\/es\\\/#organization\"},\"potentialAction\":[{\"@type\":\"SearchAction\",\"target\":{\"@type\":\"EntryPoint\",\"urlTemplate\":\"https:\\\/\\\/bakemark.com\\\/es\\\/?s={search_term_string}\"},\"query-input\":{\"@type\":\"PropertyValueSpecification\",\"valueRequired\":true,\"valueName\":\"search_term_string\"}}],\"inLanguage\":\"es\"},{\"@type\":\"Organization\",\"@id\":\"https:\\\/\\\/bakemark.com\\\/es\\\/#organization\",\"name\":\"BakeMark\",\"url\":\"https:\\\/\\\/bakemark.com\\\/es\\\/\",\"logo\":{\"@type\":\"ImageObject\",\"inLanguage\":\"es\",\"@id\":\"https:\\\/\\\/bakemark.com\\\/es\\\/#\\\/schema\\\/logo\\\/image\\\/\",\"url\":\"https:\\\/\\\/bakemark.com\\\/wp-content\\\/uploads\\\/2024\\\/07\\\/bakemark-logo-wht.svg\",\"contentUrl\":\"https:\\\/\\\/bakemark.com\\\/wp-content\\\/uploads\\\/2024\\\/07\\\/bakemark-logo-wht.svg\",\"width\":233,\"height\":58,\"caption\":\"BakeMark\"},\"image\":{\"@id\":\"https:\\\/\\\/bakemark.com\\\/es\\\/#\\\/schema\\\/logo\\\/image\\\/\"}}]}<\/script>\n<!-- \/ Yoast SEO plugin. -->","yoast_head_json":{"title":"Mezclas para tartas y m\u00e1s | BakeMark","description":"Explora todo lo que necesitas para hacer, hornear y distribuir incre\u00edbles creaciones de pasteles.","robots":{"index":"index","follow":"follow","max-snippet":"max-snippet:-1","max-image-preview":"max-image-preview:large","max-video-preview":"max-video-preview:-1"},"canonical":"https:\/\/bakemark.com\/es\/pasteles\/","og_locale":"es_ES","og_type":"article","og_title":"Mezclas para tartas y m\u00e1s | BakeMark","og_description":"Explora todo lo que necesitas para hacer, hornear y distribuir incre\u00edbles creaciones de pasteles.","og_url":"https:\/\/bakemark.com\/es\/pasteles\/","og_site_name":"BakeMark","article_modified_time":"2025-02-04T20:54:54+00:00","twitter_card":"summary_large_image","twitter_misc":{"Est. reading time":"4 minutos"},"schema":{"@context":"https:\/\/schema.org","@graph":[{"@type":"WebPage","@id":"https:\/\/bakemark.com\/es\/pasteles\/","url":"https:\/\/bakemark.com\/es\/pasteles\/","name":"Mezclas para tartas y m\u00e1s | BakeMark","isPartOf":{"@id":"https:\/\/bakemark.com\/es\/#website"},"datePublished":"2024-09-04T01:08:47+00:00","dateModified":"2025-02-04T20:54:54+00:00","description":"Explora todo lo que necesitas para hacer, hornear y distribuir incre\u00edbles creaciones de pasteles.","breadcrumb":{"@id":"https:\/\/bakemark.com\/es\/pasteles\/#breadcrumb"},"inLanguage":"es","potentialAction":[{"@type":"ReadAction","target":["https:\/\/bakemark.com\/es\/pasteles\/"]}]},{"@type":"BreadcrumbList","@id":"https:\/\/bakemark.com\/es\/pasteles\/#breadcrumb","itemListElement":[{"@type":"ListItem","position":1,"name":"Home","item":"https:\/\/bakemark.com\/es\/"},{"@type":"ListItem","position":2,"name":"Pasteles"}]},{"@type":"WebSite","@id":"https:\/\/bakemark.com\/es\/#website","url":"https:\/\/bakemark.com\/es\/","name":"BakeMark","description":"","publisher":{"@id":"https:\/\/bakemark.com\/es\/#organization"},"potentialAction":[{"@type":"SearchAction","target":{"@type":"EntryPoint","urlTemplate":"https:\/\/bakemark.com\/es\/?s={search_term_string}"},"query-input":{"@type":"PropertyValueSpecification","valueRequired":true,"valueName":"search_term_string"}}],"inLanguage":"es"},{"@type":"Organization","@id":"https:\/\/bakemark.com\/es\/#organization","name":"BakeMark","url":"https:\/\/bakemark.com\/es\/","logo":{"@type":"ImageObject","inLanguage":"es","@id":"https:\/\/bakemark.com\/es\/#\/schema\/logo\/image\/","url":"https:\/\/bakemark.com\/wp-content\/uploads\/2024\/07\/bakemark-logo-wht.svg","contentUrl":"https:\/\/bakemark.com\/wp-content\/uploads\/2024\/07\/bakemark-logo-wht.svg","width":233,"height":58,"caption":"BakeMark"},"image":{"@id":"https:\/\/bakemark.com\/es\/#\/schema\/logo\/image\/"}}]}},"_links":{"self":[{"href":"https:\/\/bakemark.com\/es\/wp-json\/wp\/v2\/pages\/5329","targetHints":{"allow":["GET"]}}],"collection":[{"href":"https:\/\/bakemark.com\/es\/wp-json\/wp\/v2\/pages"}],"about":[{"href":"https:\/\/bakemark.com\/es\/wp-json\/wp\/v2\/types\/page"}],"author":[{"embeddable":true,"href":"https:\/\/bakemark.com\/es\/wp-json\/wp\/v2\/users\/5"}],"replies":[{"embeddable":true,"href":"https:\/\/bakemark.com\/es\/wp-json\/wp\/v2\/comments?post=5329"}],"version-history":[{"count":0,"href":"https:\/\/bakemark.com\/es\/wp-json\/wp\/v2\/pages\/5329\/revisions"}],"wp:attachment":[{"href":"https:\/\/bakemark.com\/es\/wp-json\/wp\/v2\/media?parent=5329"}],"curies":[{"name":"wp","href":"https:\/\/api.w.org\/{rel}","templated":true}]}}