{"id":5313,"date":"2024-12-20T14:55:22","date_gmt":"2024-12-20T20:55:22","guid":{"rendered":"https:\/\/bakemark.com\/tu-socio-tortillero-2\/"},"modified":"2025-02-04T14:54:40","modified_gmt":"2025-02-04T20:54:40","slug":"tu-socio-tortillero-2","status":"publish","type":"page","link":"https:\/\/bakemark.com\/es\/tu-socio-tortillero-2\/","title":{"rendered":"Tu socio tortillero"},"content":{"rendered":"<div class=\"wpb-content-wrapper\">[vc_section css=\u00bb.vc_custom_1722435303918{margin-bottom: 70px !important;}\u00bb][vc_row full_width=\u00bbstretch_row\u00bb content_placement=\u00bbbottom\u00bb remove_bottom_col_margin=\u00bbtrue\u00bb typography_style=\u00bbwhite\u00bb css=\u00bb.vc_custom_1721321913296{padding-top: 35px !important;padding-bottom: 20px !important;background-color: #982126 !important;}\u00bb el_class=\u00bbbanner-headline\u00bb][vc_column width=\u00bb1\/2&#8243; offset=\u00bbvc_col-lg-5&#8243;][vc_column_text css=\u00bb\u00bb]\n<h1>Tu socio tortillero<\/h1>\n[\/vc_column_text][\/vc_column][\/vc_row][vc_row remove_bottom_col_margin=\u00bbtrue\u00bb css=\u00bb.vc_custom_1721319595505{margin-top: 20px !important;}\u00bb][vc_column width=\u00bb1\/2&#8243;][vc_column_text css=\u00bb\u00bb el_class=\u00bbbanner-subtext\u00bb]\u00a1BakeMark es tu socio en tortiller\u00eda! Podemos ser tu fuente \u00fanica para toda tu tortiller\u00eda. Desde los ingredientes principales, como la harina y la manteca, hasta el bicarbonato y los emulsionantes.[\/vc_column_text]<div class=\"vcex-spacing wpex-w-100 wpex-clear hidden-phone\" style=\"height:60px;\"><\/div>[\/vc_column][\/vc_row][vc_row full_width=\u00bbstretch_row_content_no_spaces\u00bb remove_bottom_col_margin=\u00bbtrue\u00bb el_class=\u00bbbanner-image\u00bb][vc_column width=\u00bb1\/2&#8243; offset=\u00bbvc_col-sm-offset-6&#8243;]<div class=\"vcex-spacing wpex-w-100 wpex-clear visible-phone\" style=\"height:30px;\"><\/div><figure class=\"vcex-image vcex-module\"><div class=\"vcex-image-inner wpex-relative wpex-inline-block\"><img width=\"940\" height=\"788\" src=\"https:\/\/bakemark.com\/wp-content\/uploads\/2024\/12\/Untitled-design-47.png\" class=\"vcex-image-img wpex-align-middle\" alt=\"\" loading=\"lazy\" decoding=\"async\" srcset=\"https:\/\/bakemark.com\/wp-content\/uploads\/2024\/12\/Untitled-design-47.png 940w, https:\/\/bakemark.com\/wp-content\/uploads\/2024\/12\/Untitled-design-47-300x251.png 300w, https:\/\/bakemark.com\/wp-content\/uploads\/2024\/12\/Untitled-design-47-768x644.png 768w\" sizes=\"auto, (max-width: 940px) 100vw, 940px\" \/><\/div><\/figure>[\/vc_column][\/vc_row][\/vc_section][vc_row remove_bottom_col_margin=\u00bbtrue\u00bb][vc_column]<div class=\"vcex-spacing wpex-w-100 wpex-clear hidden-phone\" style=\"height:20px;\"><\/div>[\/vc_column][\/vc_row][vc_row css=\u00bb.vc_custom_1722445815159{margin-bottom: 30px !important;}\u00bb][vc_column width=\u00bb5\/6&#8243; offset=\u00bbvc_col-lg-offset-3 vc_col-lg-6 vc_col-md-offset-2 vc_col-md-8 vc_col-sm-offset-1&#8243;]<div class=\"vcex-shortcode wpex-clr\">\n\t\t\t\t\t\t<script>\n\t\t\t\t\t\t\twindow.hsFormsOnReady = window.hsFormsOnReady || [];\n\t\t\t\t\t\t\twindow.hsFormsOnReady.push(()=>{\n\t\t\t\t\t\t\t\thbspt.forms.create({\n\t\t\t\t\t\t\t\t\tportalId: 5292477,\n\t\t\t\t\t\t\t\t\tformId: \"b0a00065-16a2-446f-acc7-a753efeed562\",\n\t\t\t\t\t\t\t\t\ttarget: \"#hbspt-form-1775249396000-0900793028\",\n\t\t\t\t\t\t\t\t\tregion: \"na1\",\n\t\t\t\t\t\t\t\t\t\n\t\t\t\t\t\t\t})});\n\t\t\t\t\t\t<\/script>\n\t\t\t\t\t\t<div class=\"hbspt-form\" id=\"hbspt-form-1775249396000-0900793028\"><\/div><\/div>[\/vc_column][\/vc_row][vc_row disable_element=\u00bbyes\u00bb css=\u00bb.vc_custom_1724934111189{margin-bottom: 30px !important;}\u00bb][vc_column width=\u00bb5\/6&#8243; offset=\u00bbvc_col-lg-offset-3 vc_col-lg-6 vc_col-md-offset-2 vc_col-md-8 vc_col-sm-offset-1&#8243;]<div class=\"vcex-form-shortcode vcex-module wpex-form wpex-m-auto wpex-max-w-100\"><div class=\"frm_forms  with_frm_style frm_style_formidable-style\" id=\"frm_form_1_container\" >\n<form enctype=\"multipart\/form-data\" method=\"post\" class=\"frm-show-form  frm_pro_form \" id=\"form_contact-form\" >\n<div class=\"frm_form_fields \">\n<fieldset>\n<legend class=\"frm_screen_reader\">Contact Us<\/legend>\n\n<div class=\"frm_fields_container\">\n<input type=\"hidden\" name=\"frm_action\" value=\"create\" \/>\n<input type=\"hidden\" name=\"form_id\" value=\"1\" \/>\n<input type=\"hidden\" name=\"frm_hide_fields_1\" id=\"frm_hide_fields_1\" value=\"\" \/>\n<input type=\"hidden\" name=\"form_key\" value=\"contact-form\" \/>\n<input type=\"hidden\" name=\"item_meta[0]\" value=\"\" \/>\n<input type=\"hidden\" id=\"frm_submit_entry_1\" name=\"frm_submit_entry_1\" value=\"4a3987ea71\" \/><input type=\"hidden\" name=\"_wp_http_referer\" value=\"\/es\/wp-json\/wp\/v2\/pages\/5313\" \/><div id=\"frm_field_7_container\" class=\"frm_form_field form-field  frm_required_field frm_top_container\">\n\t<label for=\"field_lxhv7\" id=\"field_lxhv7_label\" class=\"frm_primary_label\">First Name\n\t\t<span class=\"frm_required\" aria-hidden=\"true\">*<\/span>\n\t<\/label>\n\t<input  type=\"text\" id=\"field_lxhv7\" name=\"item_meta[7]\" value=\"\"  data-reqmsg=\"First Name cannot be blank.\" aria-required=\"true\" data-invmsg=\"First Name is invalid\" aria-invalid=\"false\"   \/>\n\t\n\t\n<\/div>\n<div id=\"frm_field_8_container\" class=\"frm_form_field form-field  frm_required_field frm_top_container\">\n\t<label for=\"field_13uz8\" id=\"field_13uz8_label\" class=\"frm_primary_label\">Last Name\n\t\t<span class=\"frm_required\" aria-hidden=\"true\">*<\/span>\n\t<\/label>\n\t<input  type=\"text\" id=\"field_13uz8\" name=\"item_meta[8]\" value=\"\"  data-reqmsg=\"Last Name cannot be blank.\" aria-required=\"true\" data-invmsg=\"Last Name is invalid\" aria-invalid=\"false\"   \/>\n\t\n\t\n<\/div>\n<div id=\"frm_field_9_container\" class=\"frm_form_field form-field  frm_required_field frm_top_container\">\n\t<label for=\"field_f6tb9\" id=\"field_f6tb9_label\" class=\"frm_primary_label\">Company Name\n\t\t<span class=\"frm_required\" aria-hidden=\"true\">*<\/span>\n\t<\/label>\n\t<input  type=\"text\" id=\"field_f6tb9\" name=\"item_meta[9]\" value=\"\"  data-reqmsg=\"Company Name cannot be blank.\" aria-required=\"true\" data-invmsg=\"Company Name is invalid\" aria-invalid=\"false\"   \/>\n\t\n\t\n<\/div>\n<div id=\"frm_field_10_container\" class=\"frm_form_field form-field  frm_top_container\">\n\t<label for=\"field_q81o\" id=\"field_q81o_label\" class=\"frm_primary_label\">Type of Business\n\t\t<span class=\"frm_required\" aria-hidden=\"true\"><\/span>\n\t<\/label>\n\t\t\t<select name=\"item_meta[10]\" id=\"field_q81o\"  data-placeholder=\"PLEASE SELECT\"  placeholder=\"PLEASE SELECT\" data-invmsg=\"Type of Business is invalid\" aria-invalid=\"false\"  >\n\t\t<option  class=\"frm-select-placeholder\" value=\"\" data-placeholder=\"true\">PLEASE SELECT<\/option><option  value=\"Brewery\">Brewery<\/option><option  value=\"Distillery\">Distillery<\/option><option  value=\"Distributor\">Distributor<\/option><option  value=\"Donut Shop\">Donut Shop<\/option><option  value=\"Food Service\/Institution\">Food Service\/Institution<\/option><option  value=\"Hispanic In-Store Bakery\">Hispanic In-Store Bakery<\/option><option  value=\"Home Baker\">Home Baker<\/option><option  value=\"In-Store Bakery\">In-Store Bakery<\/option><option  value=\"Manufacturer\">Manufacturer<\/option><option  value=\"Panader\u00eda\">Panader\u00eda<\/option><option  value=\"Retail Bakery\">Retail Bakery<\/option><option  value=\"School\/Institution\">School\/Institution<\/option><option  value=\"Wholesale Bakery\">Wholesale Bakery<\/option><option  value=\"Other\">Other<\/option>\t<\/select>\n\t\n\t\n\t\n<\/div>\n<div id=\"frm_field_12_container\" class=\"frm_form_field form-field  frm_required_field frm_top_container\">\n\t<label for=\"field_qwcx8\" id=\"field_qwcx8_label\" class=\"frm_primary_label\">Street Address\n\t\t<span class=\"frm_required\" aria-hidden=\"true\">*<\/span>\n\t<\/label>\n\t<input  type=\"text\" id=\"field_qwcx8\" name=\"item_meta[12]\" value=\"\"  data-reqmsg=\"Street Address cannot be blank.\" aria-required=\"true\" data-invmsg=\"Street Address is invalid\" aria-invalid=\"false\"   \/>\n\t\n\t\n<\/div>\n<div id=\"frm_field_16_container\" class=\"frm_form_field form-field  frm_required_field frm_top_container\">\n\t<label for=\"field_o8c8q\" id=\"field_o8c8q_label\" class=\"frm_primary_label\">City\n\t\t<span class=\"frm_required\" aria-hidden=\"true\">*<\/span>\n\t<\/label>\n\t<input  type=\"text\" id=\"field_o8c8q\" name=\"item_meta[16]\" value=\"\"  data-reqmsg=\"City cannot be blank.\" aria-required=\"true\" data-invmsg=\"City is invalid\" aria-invalid=\"false\"   \/>\n\t\n\t\n<\/div>\n<div id=\"frm_field_15_container\" class=\"frm_form_field form-field  frm_required_field frm_top_container\">\n\t<label for=\"field_zeue2\" id=\"field_zeue2_label\" class=\"frm_primary_label\">Country\/Region\n\t\t<span class=\"frm_required\" aria-hidden=\"true\">*<\/span>\n\t<\/label>\n\t<input  type=\"text\" id=\"field_zeue2\" name=\"item_meta[15]\" value=\"\"  data-reqmsg=\"Country\/Region cannot be blank.\" aria-required=\"true\" data-invmsg=\"Country\/Region is invalid\" aria-invalid=\"false\"   \/>\n\t\n\t\n<\/div>\n<div id=\"frm_field_13_container\" class=\"frm_form_field form-field  frm_required_field frm_top_container\">\n\t<label for=\"field_8xcii\" id=\"field_8xcii_label\" class=\"frm_primary_label\">State\/Region\n\t\t<span class=\"frm_required\" aria-hidden=\"true\">*<\/span>\n\t<\/label>\n\t<input  type=\"text\" id=\"field_8xcii\" name=\"item_meta[13]\" value=\"\"  data-reqmsg=\"State\/Region cannot be blank.\" aria-required=\"true\" data-invmsg=\"State\/Region is invalid\" aria-invalid=\"false\"   \/>\n\t\n\t\n<\/div>\n<div id=\"frm_field_14_container\" class=\"frm_form_field form-field  frm_required_field frm_top_container\">\n\t<label for=\"field_1l5ze\" id=\"field_1l5ze_label\" class=\"frm_primary_label\">Postal Code\n\t\t<span class=\"frm_required\" aria-hidden=\"true\">*<\/span>\n\t<\/label>\n\t<input  type=\"text\" id=\"field_1l5ze\" name=\"item_meta[14]\" value=\"\"  data-reqmsg=\"Postal Code cannot be blank.\" aria-required=\"true\" data-invmsg=\"Postal Code is invalid\" aria-invalid=\"false\"   \/>\n\t\n\t\n<\/div>\n<div id=\"frm_field_3_container\" class=\"frm_form_field form-field  frm_required_field frm_top_container frm_full\">\n    <label for=\"field_29yf4d\" id=\"field_29yf4d_label\" class=\"frm_primary_label\">Email\n        <span class=\"frm_required\">*<\/span>\n    <\/label>\n    <input type=\"email\" id=\"field_29yf4d\" name=\"item_meta[3]\" value=\"\"  data-reqmsg=\"Email cannot be blank.\" aria-required=\"true\" data-invmsg=\"Please enter a valid email address\" aria-invalid=\"false\"  \/>\n    \n    \n<\/div>\n<div id=\"frm_field_17_container\" class=\"frm_form_field form-field  frm_required_field frm_top_container\">\n\t<label for=\"field_41wv\" id=\"field_41wv_label\" class=\"frm_primary_label\">Phone Number\n\t\t<span class=\"frm_required\" aria-hidden=\"true\">*<\/span>\n\t<\/label>\n\t<input type=\"tel\" id=\"field_41wv\" name=\"item_meta[17]\" value=\"\"  data-reqmsg=\"Phone Number cannot be blank.\" aria-required=\"true\" data-invmsg=\"Phone Number is invalid\" aria-invalid=\"false\" pattern=\"((\\+\\d{1,3}(-|.| )?\\(?\\d\\)?(-| |.)?\\d{1,5})|(\\(?\\d{2,6}\\)?))(-|.| )?(\\d{3,4})(-|.| )?(\\d{4})(( x| ext)\\d{1,5}){0,1}$\"  \/>\n\t\n\t\n<\/div>\n<div id=\"frm_field_20_container\" class=\"frm_form_field form-field  frm_top_container frm_two_col\">\n\t<div  id=\"field_nudfw_label\" class=\"frm_primary_label\">Product Categories Interested In\n\t\t<span class=\"frm_required\" aria-hidden=\"true\"><\/span>\n\t<\/div>\n\t<div class=\"frm_opt_container\" aria-labelledby=\"field_nudfw_label\" role=\"group\">\t\t<div class=\"frm_checkbox\" id=\"frm_checkbox_20-0\">\t\t\t<label  for=\"field_nudfw-0\">\n\t\t\t<input type=\"checkbox\" name=\"item_meta[20][]\" id=\"field_nudfw-0\" value=\"Bakery Mixes\"  data-invmsg=\"Product Categories Interested In is invalid\"   \/> Bakery Mixes<\/label><\/div>\n\t\t<div class=\"frm_checkbox\" id=\"frm_checkbox_20-5\">\t\t\t<label  for=\"field_nudfw-5\">\n\t\t\t<input type=\"checkbox\" name=\"item_meta[20][]\" id=\"field_nudfw-5\" value=\"Commodoties\"  data-invmsg=\"Product Categories Interested In is invalid\"   \/> Commodoties<\/label><\/div>\n\t\t<div class=\"frm_checkbox\" id=\"frm_checkbox_20-1\">\t\t\t<label  for=\"field_nudfw-1\">\n\t\t\t<input type=\"checkbox\" name=\"item_meta[20][]\" id=\"field_nudfw-1\" value=\"Fillings\"  data-invmsg=\"Product Categories Interested In is invalid\"   \/> Fillings<\/label><\/div>\n\t\t<div class=\"frm_checkbox\" id=\"frm_checkbox_20-6\">\t\t\t<label  for=\"field_nudfw-6\">\n\t\t\t<input type=\"checkbox\" name=\"item_meta[20][]\" id=\"field_nudfw-6\" value=\"Baking Additives\"  data-invmsg=\"Product Categories Interested In is invalid\"   \/> Baking Additives<\/label><\/div>\n\t\t<div class=\"frm_checkbox\" id=\"frm_checkbox_20-2\">\t\t\t<label  for=\"field_nudfw-2\">\n\t\t\t<input type=\"checkbox\" name=\"item_meta[20][]\" id=\"field_nudfw-2\" value=\"Icings &amp; Glazes\"  data-invmsg=\"Product Categories Interested In is invalid\"   \/> Icings &amp; Glazes<\/label><\/div>\n\t\t<div class=\"frm_checkbox\" id=\"frm_checkbox_20-7\">\t\t\t<label  for=\"field_nudfw-7\">\n\t\t\t<input type=\"checkbox\" name=\"item_meta[20][]\" id=\"field_nudfw-7\" value=\"Chocolate\"  data-invmsg=\"Product Categories Interested In is invalid\"   \/> Chocolate<\/label><\/div>\n\t\t<div class=\"frm_checkbox\" id=\"frm_checkbox_20-3\">\t\t\t<label  for=\"field_nudfw-3\">\n\t\t\t<input type=\"checkbox\" name=\"item_meta[20][]\" id=\"field_nudfw-3\" value=\"Toppings &amp; Inclusion\"  data-invmsg=\"Product Categories Interested In is invalid\"   \/> Toppings &amp; Inclusion<\/label><\/div>\n\t\t<div class=\"frm_checkbox\" id=\"frm_checkbox_20-8\">\t\t\t<label  for=\"field_nudfw-8\">\n\t\t\t<input type=\"checkbox\" name=\"item_meta[20][]\" id=\"field_nudfw-8\" value=\"Frozen Products\"  data-invmsg=\"Product Categories Interested In is invalid\"   \/> Frozen Products<\/label><\/div>\n\t\t<div class=\"frm_checkbox\" id=\"frm_checkbox_20-4\">\t\t\t<label  for=\"field_nudfw-4\">\n\t\t\t<input type=\"checkbox\" name=\"item_meta[20][]\" id=\"field_nudfw-4\" value=\"Bakery Flavors\"  data-invmsg=\"Product Categories Interested In is invalid\"   \/> Bakery Flavors<\/label><\/div>\n\t\t<div class=\"frm_checkbox\" id=\"frm_checkbox_20-9\">\t\t\t<label  for=\"field_nudfw-9\">\n\t\t\t<input type=\"checkbox\" name=\"item_meta[20][]\" id=\"field_nudfw-9\" value=\"Supplies\"  data-invmsg=\"Product Categories Interested In is invalid\"   \/> Supplies<\/label><\/div>\n<\/div>\n\t\n\t\n<\/div>\n<div id=\"frm_field_5_container\" class=\"frm_form_field form-field  frm_required_field frm_top_container frm_full\">\n    <label for=\"field_9jv0r1\" id=\"field_9jv0r1_label\" class=\"frm_primary_label\">Message\n        <span class=\"frm_required\">*<\/span>\n    <\/label>\n    <textarea name=\"item_meta[5]\" id=\"field_9jv0r1\" rows=\"4\"  data-reqmsg=\"Message cannot be blank.\" aria-required=\"true\" data-invmsg=\"Message is invalid\" aria-invalid=\"false\"  ><\/textarea>\n    \n    \n<\/div>\n<div id=\"frm_field_6_container\" class=\"frm_form_field form-field \">\n\t<div class=\"frm_submit\">\n\n<button class=\"frm_button_submit frm_final_submit\" type=\"submit\"   formnovalidate=\"formnovalidate\">Submit<\/button>\n\n<\/div>\n<\/div>\n\t<input type=\"hidden\" name=\"item_key\" value=\"\" \/>\n\t\t\t<div id=\"frm_field_45_container\">\n\t\t\t<label for=\"field_yu06e\" >\n\t\t\t\tIf you are human, leave this field blank.\t\t\t<\/label>\n\t\t\t<input  id=\"field_yu06e\" type=\"text\" class=\"frm_form_field form-field frm_verify\" name=\"item_meta[45]\" value=\"\"  \/>\n\t\t<\/div>\n\t\t<input name=\"frm_state\" type=\"hidden\" value=\"TaVmeM6tk4fgNUZgTQHW7KucPlPfdhhS93CGh5TuJTSldlN0lRu7C+kiMudz4ilh\" \/><\/div>\n<\/fieldset>\n<\/div>\n\n<\/form>\n<\/div>\n<\/div>[vc_column_text italic=\u00bbtrue\u00bb css=\u00bb\u00bb font_size=\u00bb15px\u00bb]* Campos obligatorios[\/vc_column_text]<div class=\"vcex-spacing wpex-w-100 wpex-clear hidden-phone\" style=\"height:10px;\"><\/div>[\/vc_column][\/vc_row][vc_row remove_bottom_col_margin=\u00bbtrue\u00bb][vc_column]<div class=\"wpex-template-shortcode\"><style type=\"text\/css\" data-type=\"vc_shortcodes-custom-css\">.vc_custom_1721317701030{background: #982126 url(https:\/\/bakemark.com\/wp-content\/uploads\/2024\/07\/bakemark-border.svg?id=340) !important;background-position: 0 0 !important;background-repeat: repeat-x !important;}.vc_custom_1720105893517{margin-bottom: 0px !important;}<\/style><div class=\"vc_section bigbrow vc_custom_1721317701030 wpex-vc-full-width-section wpex-vc-full-width-section--centered wpex-relative wpex-vc_section-has-fill wpex-vc_section-mx-0\" style=\"background-position:bottom left!important;background-size:auto 50px!important;\"><div class=\"vc_row wpb_row vc_row-fluid vc_row-o-content-middle vc_row-flex wpex-relative wpex-vc_row-col-mb-0 typography-white\"><div class=\"wpb_column vc_column_container vc_col-sm-2\"><div class=\"vc_column-inner vc_custom_1720105893517\"><div class=\"wpb_wrapper\"><\/div><\/div><\/div><div class=\"wpb_column vc_column_container vc_col-sm-8\"><div class=\"vc_column-inner\"><div class=\"wpb_wrapper\"><div class=\"vcex-spacing wpex-w-100 wpex-clear\"><\/div>\n\t<div class=\"wpb_text_column wpb_content_element\" >\n\t\t<div class=\"wpb_wrapper\">\n\t\t\t<h2>Encuentra tu oficina regional m\u00e1s cercana<\/h2>\n<p>Con 38 sucursales convenientemente situadas en EE.UU. y Canad\u00e1, estamos aqu\u00ed para proporcionarte recursos de primera clase combinados con el servicio de un proveedor local.<\/p>\n\n\t\t<\/div>\n\t<\/div>\n<div class=\"vcex-spacing wpex-w-100 wpex-clear\" style=\"height:20px;\"><\/div><div class=\"theme-button-wrap textcenter wpex-clr\"><a href=\"https:\/\/bakemark.com\/es\/oficinas-regionales\/\" class=\"vcex-button theme-button align-center inline btnoncolor\"><span class=\"vcex-button-inner theme-button-inner wpex-flex wpex-flex-wrap wpex-items-center wpex-justify-center\">See All Locations<\/span><\/a><\/div> \t<style>.vcex_69d027f49330f{height:70px;}@media (max-width:767px){.vcex_69d027f49330f{height:80px;}}<\/style>\n<div class=\"vcex-spacing wpex-w-100 wpex-clear vcex_69d027f49330f\"><\/div><\/div><\/div><\/div><div class=\"wpb_column vc_column_container vc_col-sm-2\"><div class=\"vc_column-inner\"><div class=\"wpb_wrapper\"><\/div><\/div><\/div><\/div><\/div>\n<\/div>[\/vc_column][\/vc_row]\n<\/div>","protected":false},"excerpt":{"rendered":"Tu socio tortillero \u00a1BakeMark es tu socio en tortiller\u00eda! Podemos ser tu fuente \u00fanica para toda tu tortiller\u00eda. Desde los ingredientes principales, como la harina y la manteca, hasta el bicarbonato y los emulsionantes. Encuentra tu oficina regional m\u00e1s cercana Con 38 sucursales convenientemente situadas en EE.UU. y Canad\u00e1, estamos aqu\u00ed para proporcionarte recursos de&hellip;","protected":false},"author":11,"featured_media":0,"parent":0,"menu_order":0,"comment_status":"closed","ping_status":"closed","template":"","meta":{"_acf_changed":false,"content-type":"","footnotes":""},"class_list":["post-5313","page","type-page","status-publish","hentry","entry","no-media"],"acf":[],"yoast_head":"<!-- This site is optimized with the Yoast SEO plugin v27.2 - https:\/\/yoast.com\/product\/yoast-seo-wordpress\/ -->\n<title>Tu socio tortillero | BakeMark<\/title>\n<meta name=\"description\" content=\"Nuestros dedicados representantes del servicio de atenci\u00f3n al cliente est\u00e1n a tu disposici\u00f3n para responderte r\u00e1pidamente.\" \/>\n<meta name=\"robots\" content=\"index, follow, max-snippet:-1, max-image-preview:large, max-video-preview:-1\" \/>\n<link rel=\"canonical\" href=\"https:\/\/bakemark.com\/es\/tu-socio-tortillero-2\/\" \/>\n<meta property=\"og:locale\" content=\"es_ES\" \/>\n<meta property=\"og:type\" content=\"article\" \/>\n<meta property=\"og:title\" content=\"Tu socio tortillero | BakeMark\" \/>\n<meta property=\"og:description\" content=\"Nuestros dedicados representantes del servicio de atenci\u00f3n al cliente est\u00e1n a tu disposici\u00f3n para responderte r\u00e1pidamente.\" \/>\n<meta property=\"og:url\" content=\"https:\/\/bakemark.com\/es\/tu-socio-tortillero-2\/\" \/>\n<meta property=\"og:site_name\" content=\"BakeMark\" \/>\n<meta property=\"article:modified_time\" content=\"2025-02-04T20:54:40+00:00\" \/>\n<meta name=\"twitter:card\" content=\"summary_large_image\" \/>\n<meta name=\"twitter:label1\" content=\"Est. reading time\" \/>\n\t<meta name=\"twitter:data1\" content=\"2 minutos\" \/>\n<script type=\"application\/ld+json\" class=\"yoast-schema-graph\">{\"@context\":\"https:\/\/schema.org\",\"@graph\":[{\"@type\":\"WebPage\",\"@id\":\"https:\/\/bakemark.com\/es\/tu-socio-tortillero-2\/\",\"url\":\"https:\/\/bakemark.com\/es\/tu-socio-tortillero-2\/\",\"name\":\"Tu socio tortillero | BakeMark\",\"isPartOf\":{\"@id\":\"https:\/\/bakemark.com\/es\/#website\"},\"datePublished\":\"2024-12-20T20:55:22+00:00\",\"dateModified\":\"2025-02-04T20:54:40+00:00\",\"description\":\"Nuestros dedicados representantes del servicio de atenci\u00f3n al cliente est\u00e1n a tu disposici\u00f3n para responderte r\u00e1pidamente.\",\"breadcrumb\":{\"@id\":\"https:\/\/bakemark.com\/es\/tu-socio-tortillero-2\/#breadcrumb\"},\"inLanguage\":\"es\",\"potentialAction\":[{\"@type\":\"ReadAction\",\"target\":[\"https:\/\/bakemark.com\/es\/tu-socio-tortillero-2\/\"]}]},{\"@type\":\"BreadcrumbList\",\"@id\":\"https:\/\/bakemark.com\/es\/tu-socio-tortillero-2\/#breadcrumb\",\"itemListElement\":[{\"@type\":\"ListItem\",\"position\":1,\"name\":\"Home\",\"item\":\"https:\/\/bakemark.com\/es\/\"},{\"@type\":\"ListItem\",\"position\":2,\"name\":\"Tu socio tortillero\"}]},{\"@type\":\"WebSite\",\"@id\":\"https:\/\/bakemark.com\/es\/#website\",\"url\":\"https:\/\/bakemark.com\/es\/\",\"name\":\"BakeMark\",\"description\":\"\",\"publisher\":{\"@id\":\"https:\/\/bakemark.com\/es\/#organization\"},\"potentialAction\":[{\"@type\":\"SearchAction\",\"target\":{\"@type\":\"EntryPoint\",\"urlTemplate\":\"https:\/\/bakemark.com\/es\/?s={search_term_string}\"},\"query-input\":{\"@type\":\"PropertyValueSpecification\",\"valueRequired\":true,\"valueName\":\"search_term_string\"}}],\"inLanguage\":\"es\"},{\"@type\":\"Organization\",\"@id\":\"https:\/\/bakemark.com\/es\/#organization\",\"name\":\"BakeMark\",\"url\":\"https:\/\/bakemark.com\/es\/\",\"logo\":{\"@type\":\"ImageObject\",\"inLanguage\":\"es\",\"@id\":\"https:\/\/bakemark.com\/es\/#\/schema\/logo\/image\/\",\"url\":\"https:\/\/bakemark.com\/wp-content\/uploads\/2024\/07\/bakemark-logo-wht.svg\",\"contentUrl\":\"https:\/\/bakemark.com\/wp-content\/uploads\/2024\/07\/bakemark-logo-wht.svg\",\"width\":233,\"height\":58,\"caption\":\"BakeMark\"},\"image\":{\"@id\":\"https:\/\/bakemark.com\/es\/#\/schema\/logo\/image\/\"}}]}<\/script>\n<!-- \/ Yoast SEO plugin. -->","yoast_head_json":{"title":"Tu socio tortillero | BakeMark","description":"Nuestros dedicados representantes del servicio de atenci\u00f3n al cliente est\u00e1n a tu disposici\u00f3n para responderte r\u00e1pidamente.","robots":{"index":"index","follow":"follow","max-snippet":"max-snippet:-1","max-image-preview":"max-image-preview:large","max-video-preview":"max-video-preview:-1"},"canonical":"https:\/\/bakemark.com\/es\/tu-socio-tortillero-2\/","og_locale":"es_ES","og_type":"article","og_title":"Tu socio tortillero | BakeMark","og_description":"Nuestros dedicados representantes del servicio de atenci\u00f3n al cliente est\u00e1n a tu disposici\u00f3n para responderte r\u00e1pidamente.","og_url":"https:\/\/bakemark.com\/es\/tu-socio-tortillero-2\/","og_site_name":"BakeMark","article_modified_time":"2025-02-04T20:54:40+00:00","twitter_card":"summary_large_image","twitter_misc":{"Est. reading time":"2 minutos"},"schema":{"@context":"https:\/\/schema.org","@graph":[{"@type":"WebPage","@id":"https:\/\/bakemark.com\/es\/tu-socio-tortillero-2\/","url":"https:\/\/bakemark.com\/es\/tu-socio-tortillero-2\/","name":"Tu socio tortillero | BakeMark","isPartOf":{"@id":"https:\/\/bakemark.com\/es\/#website"},"datePublished":"2024-12-20T20:55:22+00:00","dateModified":"2025-02-04T20:54:40+00:00","description":"Nuestros dedicados representantes del servicio de atenci\u00f3n al cliente est\u00e1n a tu disposici\u00f3n para responderte r\u00e1pidamente.","breadcrumb":{"@id":"https:\/\/bakemark.com\/es\/tu-socio-tortillero-2\/#breadcrumb"},"inLanguage":"es","potentialAction":[{"@type":"ReadAction","target":["https:\/\/bakemark.com\/es\/tu-socio-tortillero-2\/"]}]},{"@type":"BreadcrumbList","@id":"https:\/\/bakemark.com\/es\/tu-socio-tortillero-2\/#breadcrumb","itemListElement":[{"@type":"ListItem","position":1,"name":"Home","item":"https:\/\/bakemark.com\/es\/"},{"@type":"ListItem","position":2,"name":"Tu socio tortillero"}]},{"@type":"WebSite","@id":"https:\/\/bakemark.com\/es\/#website","url":"https:\/\/bakemark.com\/es\/","name":"BakeMark","description":"","publisher":{"@id":"https:\/\/bakemark.com\/es\/#organization"},"potentialAction":[{"@type":"SearchAction","target":{"@type":"EntryPoint","urlTemplate":"https:\/\/bakemark.com\/es\/?s={search_term_string}"},"query-input":{"@type":"PropertyValueSpecification","valueRequired":true,"valueName":"search_term_string"}}],"inLanguage":"es"},{"@type":"Organization","@id":"https:\/\/bakemark.com\/es\/#organization","name":"BakeMark","url":"https:\/\/bakemark.com\/es\/","logo":{"@type":"ImageObject","inLanguage":"es","@id":"https:\/\/bakemark.com\/es\/#\/schema\/logo\/image\/","url":"https:\/\/bakemark.com\/wp-content\/uploads\/2024\/07\/bakemark-logo-wht.svg","contentUrl":"https:\/\/bakemark.com\/wp-content\/uploads\/2024\/07\/bakemark-logo-wht.svg","width":233,"height":58,"caption":"BakeMark"},"image":{"@id":"https:\/\/bakemark.com\/es\/#\/schema\/logo\/image\/"}}]}},"_links":{"self":[{"href":"https:\/\/bakemark.com\/es\/wp-json\/wp\/v2\/pages\/5313","targetHints":{"allow":["GET"]}}],"collection":[{"href":"https:\/\/bakemark.com\/es\/wp-json\/wp\/v2\/pages"}],"about":[{"href":"https:\/\/bakemark.com\/es\/wp-json\/wp\/v2\/types\/page"}],"author":[{"embeddable":true,"href":"https:\/\/bakemark.com\/es\/wp-json\/wp\/v2\/users\/11"}],"replies":[{"embeddable":true,"href":"https:\/\/bakemark.com\/es\/wp-json\/wp\/v2\/comments?post=5313"}],"version-history":[{"count":0,"href":"https:\/\/bakemark.com\/es\/wp-json\/wp\/v2\/pages\/5313\/revisions"}],"wp:attachment":[{"href":"https:\/\/bakemark.com\/es\/wp-json\/wp\/v2\/media?parent=5313"}],"curies":[{"name":"wp","href":"https:\/\/api.w.org\/{rel}","templated":true}]}}