{"id":5296,"date":"2024-07-12T13:05:48","date_gmt":"2024-07-12T18:05:48","guid":{"rendered":"https:\/\/bakemark.com\/empleo\/"},"modified":"2025-02-04T14:54:17","modified_gmt":"2025-02-04T20:54:17","slug":"empleo","status":"publish","type":"page","link":"https:\/\/bakemark.com\/es\/empleo\/","title":{"rendered":"Empleo"},"content":{"rendered":"<div class=\"wpb-content-wrapper\">[vc_section css=\u00bb.vc_custom_1722446760808{margin-bottom: 60px !important;}\u00bb][vc_row full_width=\u00bbstretch_row\u00bb content_placement=\u00bbbottom\u00bb remove_bottom_col_margin=\u00bbtrue\u00bb typography_style=\u00bbwhite\u00bb css=\u00bb.vc_custom_1721321913296{padding-top: 35px !important;padding-bottom: 20px !important;background-color: #982126 !important;}\u00bb el_class=\u00bbbanner-headline\u00bb][vc_column width=\u00bb1\/2&#8243; offset=\u00bbvc_col-lg-5&#8243;][vc_column_text css=\u00bb\u00bb]\n<h1>Carreras en BakeMark<\/h1>\n[\/vc_column_text][\/vc_column][\/vc_row][vc_row remove_bottom_col_margin=\u00bbtrue\u00bb css=\u00bb.vc_custom_1721319595505{margin-top: 20px !important;}\u00bb][vc_column width=\u00bb1\/2&#8243;][vc_column_text css=\u00bb.vc_custom_1722446711876{margin-bottom: 20px !important;}\u00bb]\n<h2>\u00danete a nuestra empresa de ritmo r\u00e1pido, din\u00e1mica y en crecimiento<\/h2>\n[\/vc_column_text][vc_column_text css=\u00bb\u00bb el_class=\u00bbbanner-subtext\u00bb]Durante m\u00e1s de 130 a\u00f1os, BakeMark ha sido sin\u00f3nimo de excelencia en calidad y servicio para nuestros clientes, nuestras partes interesadas y nuestros colegas. Nos apasiona la industria panadera. Destacamos en la creaci\u00f3n de asociaciones s\u00f3lidas dentro de la empresa y con nuestros fieles clientes. Nos encanta innovar y nos esforzamos por fabricar y suministrar productos de panader\u00eda de alto rendimiento con un servicio al cliente de primera clase.[\/vc_column_text]<div class=\"vcex-spacing wpex-w-100 wpex-clear hidden-phone\" style=\"height:15px;\"><\/div>[\/vc_column][\/vc_row][vc_row full_width=\u00bbstretch_row_content_no_spaces\u00bb remove_bottom_col_margin=\u00bbtrue\u00bb el_class=\u00bbbanner-image\u00bb][vc_column width=\u00bb1\/2&#8243; offset=\u00bbvc_col-sm-offset-6&#8243;]<div class=\"vcex-spacing wpex-w-100 wpex-clear visible-phone\" style=\"height:30px;\"><\/div><figure class=\"vcex-image vcex-module\"><div class=\"vcex-image-inner wpex-relative wpex-inline-block\"><img width=\"2000\" height=\"1255\" src=\"https:\/\/bakemark.com\/wp-content\/uploads\/2024\/08\/CareersHero_DroneFootage.jpg\" class=\"vcex-image-img wpex-align-middle\" alt=\"\" loading=\"lazy\" decoding=\"async\" srcset=\"https:\/\/bakemark.com\/wp-content\/uploads\/2024\/08\/CareersHero_DroneFootage.jpg 2000w, https:\/\/bakemark.com\/wp-content\/uploads\/2024\/08\/CareersHero_DroneFootage-300x188.jpg 300w, https:\/\/bakemark.com\/wp-content\/uploads\/2024\/08\/CareersHero_DroneFootage-1024x643.jpg 1024w, https:\/\/bakemark.com\/wp-content\/uploads\/2024\/08\/CareersHero_DroneFootage-768x482.jpg 768w, https:\/\/bakemark.com\/wp-content\/uploads\/2024\/08\/CareersHero_DroneFootage-1536x964.jpg 1536w\" sizes=\"auto, (max-width: 2000px) 100vw, 2000px\" \/><\/div><\/figure>[\/vc_column][\/vc_row][\/vc_section][vc_row remove_bottom_col_margin=\u00bbtrue\u00bb css=\u00bb.vc_custom_1722446828221{margin-bottom: 30px !important;}\u00bb][vc_column][vc_column_text css=\u00bb\u00bb width=\u00bb915px\u00bb]\n<h2>En BakeMark, apreciamos tanto a nuestros empleados como a sus familias y ofrecemos un salario competitivo con un conjunto completo de prestaciones:<\/h2>\n[\/vc_column_text][\/vc_column][\/vc_row][vc_row remove_bottom_col_margin=\u00bbtrue\u00bb css=\u00bb.vc_custom_1722447182277{margin-bottom: 60px !important;}\u00bb][vc_column width=\u00bb1\/2&#8243; offset=\u00bbvc_col-lg-offset-2 vc_col-lg-4 vc_col-md-offset-1 vc_col-md-5&#8243;][vc_column_text css=\u00bb\u00bb]\n<ul>\n<li>Salud (m\u00e9dica, dental y oftalmol\u00f3gica)<\/li>\n<li>Plan 401(k)<\/li>\n<li>Tiempo libre personal (PTO)<\/li>\n<li>Cuentas de ahorro sanitario<\/li>\n<\/ul>\n[\/vc_column_text][\/vc_column][vc_column width=\u00bb1\/2&#8243; offset=\u00bbvc_col-lg-4 vc_col-md-5&#8243;][vc_column_text css=\u00bb\u00bb]\n<ul>\n<li>Cuentas de gastos flexibles<\/li>\n<li>Programa de Asistencia al Empleado<\/li>\n<li>Otras prestaciones voluntarias<\/li>\n<\/ul>\n[\/vc_column_text][\/vc_column][\/vc_row][vc_row remove_bottom_col_margin=\u00bbtrue\u00bb css=\u00bb.vc_custom_1722447305089{margin-bottom: 10px !important;}\u00bb][vc_column][\/vc_column][\/vc_row]\n<\/div>","protected":false},"excerpt":{"rendered":"<p>[vc_section css=\u00bb.vc_custom_1722446760808{margin-bottom: 60px !important;}\u00bb][vc_row full_width=\u00bbstretch_row\u00bb content_placement=\u00bbbottom\u00bb remove_bottom_col_margin=\u00bbtrue\u00bb typography_style=\u00bbwhite\u00bb css=\u00bb.vc_custom_1721321913296{padding-top: 35px !important;padding-bottom: 20px !important;background-color: #982126 !important;}\u00bb el_class=\u00bbbanner-headline\u00bb][vc_column width=\u00bb1\/2&#8243; offset=\u00bbvc_col-lg-5&#8243;][vc_column_text css=\u00bb\u00bb] Carreras en BakeMark [\/vc_column_text][\/vc_column][\/vc_row][vc_row remove_bottom_col_margin=\u00bbtrue\u00bb css=\u00bb.vc_custom_1721319595505{margin-top: 20px !important;}\u00bb][vc_column width=\u00bb1\/2&#8243;][vc_column_text css=\u00bb.vc_custom_1722446711876{margin-bottom: 20px !important;}\u00bb] \u00danete a nuestra empresa de ritmo r\u00e1pido, din\u00e1mica y en crecimiento [\/vc_column_text][vc_column_text css=\u00bb\u00bb el_class=\u00bbbanner-subtext\u00bb]Durante m\u00e1s de 130 a\u00f1os, BakeMark ha sido sin\u00f3nimo de excelencia&hellip;<\/p>\n","protected":false},"author":5,"featured_media":0,"parent":0,"menu_order":0,"comment_status":"closed","ping_status":"closed","template":"","meta":{"_acf_changed":false,"content-type":"","footnotes":""},"class_list":["post-5296","page","type-page","status-publish","hentry","entry","no-media"],"acf":[],"yoast_head":"<!-- This site is optimized with the Yoast SEO plugin v27.3 - https:\/\/yoast.com\/product\/yoast-seo-wordpress\/ -->\n<title>Empleo | BakeMark<\/title>\n<meta name=\"robots\" content=\"index, follow, max-snippet:-1, max-image-preview:large, max-video-preview:-1\" \/>\n<link rel=\"canonical\" href=\"https:\/\/bakemark.com\/es\/empleo\/\" \/>\n<meta property=\"og:locale\" content=\"es_ES\" \/>\n<meta property=\"og:type\" content=\"article\" \/>\n<meta property=\"og:title\" content=\"Empleo | BakeMark\" \/>\n<meta property=\"og:description\" content=\"[vc_section css=\u00bb.vc_custom_1722446760808{margin-bottom: 60px !important;}\u00bb][vc_row full_width=\u00bbstretch_row\u00bb content_placement=\u00bbbottom\u00bb remove_bottom_col_margin=\u00bbtrue\u00bb typography_style=\u00bbwhite\u00bb css=\u00bb.vc_custom_1721321913296{padding-top: 35px !important;padding-bottom: 20px !important;background-color: #982126 !important;}\u00bb el_class=\u00bbbanner-headline\u00bb][vc_column width=\u00bb1\/2&#8243; offset=\u00bbvc_col-lg-5&#8243;][vc_column_text css=\u00bb\u00bb] Carreras en BakeMark [\/vc_column_text][\/vc_column][\/vc_row][vc_row remove_bottom_col_margin=\u00bbtrue\u00bb css=\u00bb.vc_custom_1721319595505{margin-top: 20px !important;}\u00bb][vc_column width=\u00bb1\/2&#8243;][vc_column_text css=\u00bb.vc_custom_1722446711876{margin-bottom: 20px !important;}\u00bb] \u00danete a nuestra empresa de ritmo r\u00e1pido, din\u00e1mica y en crecimiento [\/vc_column_text][vc_column_text css=\u00bb\u00bb el_class=\u00bbbanner-subtext\u00bb]Durante m\u00e1s de 130 a\u00f1os, BakeMark ha sido sin\u00f3nimo de excelencia&hellip;\" \/>\n<meta property=\"og:url\" content=\"https:\/\/bakemark.com\/es\/empleo\/\" \/>\n<meta property=\"og:site_name\" content=\"BakeMark\" \/>\n<meta property=\"article:modified_time\" content=\"2025-02-04T20:54:17+00:00\" \/>\n<meta name=\"twitter:card\" content=\"summary_large_image\" \/>\n<meta name=\"twitter:label1\" content=\"Est. reading time\" \/>\n\t<meta name=\"twitter:data1\" content=\"2 minutos\" \/>\n<script type=\"application\/ld+json\" class=\"yoast-schema-graph\">{\"@context\":\"https:\\\/\\\/schema.org\",\"@graph\":[{\"@type\":\"WebPage\",\"@id\":\"https:\\\/\\\/bakemark.com\\\/es\\\/empleo\\\/\",\"url\":\"https:\\\/\\\/bakemark.com\\\/es\\\/empleo\\\/\",\"name\":\"Empleo | BakeMark\",\"isPartOf\":{\"@id\":\"https:\\\/\\\/bakemark.com\\\/es\\\/#website\"},\"datePublished\":\"2024-07-12T18:05:48+00:00\",\"dateModified\":\"2025-02-04T20:54:17+00:00\",\"breadcrumb\":{\"@id\":\"https:\\\/\\\/bakemark.com\\\/es\\\/empleo\\\/#breadcrumb\"},\"inLanguage\":\"es\",\"potentialAction\":[{\"@type\":\"ReadAction\",\"target\":[\"https:\\\/\\\/bakemark.com\\\/es\\\/empleo\\\/\"]}]},{\"@type\":\"BreadcrumbList\",\"@id\":\"https:\\\/\\\/bakemark.com\\\/es\\\/empleo\\\/#breadcrumb\",\"itemListElement\":[{\"@type\":\"ListItem\",\"position\":1,\"name\":\"Home\",\"item\":\"https:\\\/\\\/bakemark.com\\\/es\\\/\"},{\"@type\":\"ListItem\",\"position\":2,\"name\":\"Empleo\"}]},{\"@type\":\"WebSite\",\"@id\":\"https:\\\/\\\/bakemark.com\\\/es\\\/#website\",\"url\":\"https:\\\/\\\/bakemark.com\\\/es\\\/\",\"name\":\"BakeMark\",\"description\":\"\",\"publisher\":{\"@id\":\"https:\\\/\\\/bakemark.com\\\/es\\\/#organization\"},\"potentialAction\":[{\"@type\":\"SearchAction\",\"target\":{\"@type\":\"EntryPoint\",\"urlTemplate\":\"https:\\\/\\\/bakemark.com\\\/es\\\/?s={search_term_string}\"},\"query-input\":{\"@type\":\"PropertyValueSpecification\",\"valueRequired\":true,\"valueName\":\"search_term_string\"}}],\"inLanguage\":\"es\"},{\"@type\":\"Organization\",\"@id\":\"https:\\\/\\\/bakemark.com\\\/es\\\/#organization\",\"name\":\"BakeMark\",\"url\":\"https:\\\/\\\/bakemark.com\\\/es\\\/\",\"logo\":{\"@type\":\"ImageObject\",\"inLanguage\":\"es\",\"@id\":\"https:\\\/\\\/bakemark.com\\\/es\\\/#\\\/schema\\\/logo\\\/image\\\/\",\"url\":\"https:\\\/\\\/bakemark.com\\\/wp-content\\\/uploads\\\/2024\\\/07\\\/bakemark-logo-wht.svg\",\"contentUrl\":\"https:\\\/\\\/bakemark.com\\\/wp-content\\\/uploads\\\/2024\\\/07\\\/bakemark-logo-wht.svg\",\"width\":233,\"height\":58,\"caption\":\"BakeMark\"},\"image\":{\"@id\":\"https:\\\/\\\/bakemark.com\\\/es\\\/#\\\/schema\\\/logo\\\/image\\\/\"}}]}<\/script>\n<!-- \/ Yoast SEO plugin. -->","yoast_head_json":{"title":"Empleo | BakeMark","robots":{"index":"index","follow":"follow","max-snippet":"max-snippet:-1","max-image-preview":"max-image-preview:large","max-video-preview":"max-video-preview:-1"},"canonical":"https:\/\/bakemark.com\/es\/empleo\/","og_locale":"es_ES","og_type":"article","og_title":"Empleo | BakeMark","og_description":"[vc_section css=\u00bb.vc_custom_1722446760808{margin-bottom: 60px !important;}\u00bb][vc_row full_width=\u00bbstretch_row\u00bb content_placement=\u00bbbottom\u00bb remove_bottom_col_margin=\u00bbtrue\u00bb typography_style=\u00bbwhite\u00bb css=\u00bb.vc_custom_1721321913296{padding-top: 35px !important;padding-bottom: 20px !important;background-color: #982126 !important;}\u00bb el_class=\u00bbbanner-headline\u00bb][vc_column width=\u00bb1\/2&#8243; offset=\u00bbvc_col-lg-5&#8243;][vc_column_text css=\u00bb\u00bb] Carreras en BakeMark [\/vc_column_text][\/vc_column][\/vc_row][vc_row remove_bottom_col_margin=\u00bbtrue\u00bb css=\u00bb.vc_custom_1721319595505{margin-top: 20px !important;}\u00bb][vc_column width=\u00bb1\/2&#8243;][vc_column_text css=\u00bb.vc_custom_1722446711876{margin-bottom: 20px !important;}\u00bb] \u00danete a nuestra empresa de ritmo r\u00e1pido, din\u00e1mica y en crecimiento [\/vc_column_text][vc_column_text css=\u00bb\u00bb el_class=\u00bbbanner-subtext\u00bb]Durante m\u00e1s de 130 a\u00f1os, BakeMark ha sido sin\u00f3nimo de excelencia&hellip;","og_url":"https:\/\/bakemark.com\/es\/empleo\/","og_site_name":"BakeMark","article_modified_time":"2025-02-04T20:54:17+00:00","twitter_card":"summary_large_image","twitter_misc":{"Est. reading time":"2 minutos"},"schema":{"@context":"https:\/\/schema.org","@graph":[{"@type":"WebPage","@id":"https:\/\/bakemark.com\/es\/empleo\/","url":"https:\/\/bakemark.com\/es\/empleo\/","name":"Empleo | BakeMark","isPartOf":{"@id":"https:\/\/bakemark.com\/es\/#website"},"datePublished":"2024-07-12T18:05:48+00:00","dateModified":"2025-02-04T20:54:17+00:00","breadcrumb":{"@id":"https:\/\/bakemark.com\/es\/empleo\/#breadcrumb"},"inLanguage":"es","potentialAction":[{"@type":"ReadAction","target":["https:\/\/bakemark.com\/es\/empleo\/"]}]},{"@type":"BreadcrumbList","@id":"https:\/\/bakemark.com\/es\/empleo\/#breadcrumb","itemListElement":[{"@type":"ListItem","position":1,"name":"Home","item":"https:\/\/bakemark.com\/es\/"},{"@type":"ListItem","position":2,"name":"Empleo"}]},{"@type":"WebSite","@id":"https:\/\/bakemark.com\/es\/#website","url":"https:\/\/bakemark.com\/es\/","name":"BakeMark","description":"","publisher":{"@id":"https:\/\/bakemark.com\/es\/#organization"},"potentialAction":[{"@type":"SearchAction","target":{"@type":"EntryPoint","urlTemplate":"https:\/\/bakemark.com\/es\/?s={search_term_string}"},"query-input":{"@type":"PropertyValueSpecification","valueRequired":true,"valueName":"search_term_string"}}],"inLanguage":"es"},{"@type":"Organization","@id":"https:\/\/bakemark.com\/es\/#organization","name":"BakeMark","url":"https:\/\/bakemark.com\/es\/","logo":{"@type":"ImageObject","inLanguage":"es","@id":"https:\/\/bakemark.com\/es\/#\/schema\/logo\/image\/","url":"https:\/\/bakemark.com\/wp-content\/uploads\/2024\/07\/bakemark-logo-wht.svg","contentUrl":"https:\/\/bakemark.com\/wp-content\/uploads\/2024\/07\/bakemark-logo-wht.svg","width":233,"height":58,"caption":"BakeMark"},"image":{"@id":"https:\/\/bakemark.com\/es\/#\/schema\/logo\/image\/"}}]}},"_links":{"self":[{"href":"https:\/\/bakemark.com\/es\/wp-json\/wp\/v2\/pages\/5296","targetHints":{"allow":["GET"]}}],"collection":[{"href":"https:\/\/bakemark.com\/es\/wp-json\/wp\/v2\/pages"}],"about":[{"href":"https:\/\/bakemark.com\/es\/wp-json\/wp\/v2\/types\/page"}],"author":[{"embeddable":true,"href":"https:\/\/bakemark.com\/es\/wp-json\/wp\/v2\/users\/5"}],"replies":[{"embeddable":true,"href":"https:\/\/bakemark.com\/es\/wp-json\/wp\/v2\/comments?post=5296"}],"version-history":[{"count":0,"href":"https:\/\/bakemark.com\/es\/wp-json\/wp\/v2\/pages\/5296\/revisions"}],"wp:attachment":[{"href":"https:\/\/bakemark.com\/es\/wp-json\/wp\/v2\/media?parent=5296"}],"curies":[{"name":"wp","href":"https:\/\/api.w.org\/{rel}","templated":true}]}}