{"id":5290,"date":"2024-07-12T13:05:34","date_gmt":"2024-07-12T18:05:34","guid":{"rendered":"https:\/\/bakemark.com\/quienes-somos\/"},"modified":"2025-03-24T16:13:52","modified_gmt":"2025-03-24T21:13:52","slug":"quienes-somos","status":"publish","type":"page","link":"https:\/\/bakemark.com\/es\/quienes-somos\/","title":{"rendered":"Qui\u00e9nes somos"},"content":{"rendered":"<div class=\"wpb-content-wrapper\">[vc_section css=\u00bb.vc_custom_1721332357416{margin-bottom: 80px !important;}\u00bb][vc_row full_width=\u00bbstretch_row\u00bb content_placement=\u00bbbottom\u00bb remove_bottom_col_margin=\u00bbtrue\u00bb typography_style=\u00bbwhite\u00bb css=\u00bb.vc_custom_1721321913296{padding-top: 35px !important;padding-bottom: 20px !important;background-color: #982126 !important;}\u00bb el_class=\u00bbbanner-headline\u00bb][vc_column width=\u00bb1\/2&#8243; offset=\u00bbvc_col-lg-5&#8243;][vc_column_text css=\u00bb\u00bb]\n<h2>Ingredientes y fabricaci\u00f3n&#8230;Delivered\u2122.<\/h2>\n[\/vc_column_text][\/vc_column][\/vc_row][vc_row remove_bottom_col_margin=\u00bbtrue\u00bb css=\u00bb.vc_custom_1721319595505{margin-top: 20px !important;}\u00bb][vc_column width=\u00bb1\/2&#8243;][vc_column_text css=\u00bb\u00bb el_class=\u00bbbanner-subtext\u00bb]BakeMark es tu socio en el \u00e9xito: hoy, ma\u00f1ana y en el futuro. Como fabricante y distribuidor de productos de panader\u00eda con m\u00e1s de 38 sucursales repartidas por EE.UU. y Canad\u00e1 (\u00a1y creciendo!), creemos que la asociaci\u00f3n ofrece la oportunidad de ayudar a que tu negocio tenga \u00e9xito y crezca.[\/vc_column_text][\/vc_column][\/vc_row][vc_row full_width=\u00bbstretch_row_content_no_spaces\u00bb remove_bottom_col_margin=\u00bbtrue\u00bb el_class=\u00bbbanner-image\u00bb][vc_column width=\u00bb1\/2&#8243; offset=\u00bbvc_col-sm-offset-6&#8243;]<div class=\"vcex-spacing wpex-w-100 wpex-clear visible-phone\" style=\"height:30px;\"><\/div><figure class=\"vcex-image vcex-module\"><div class=\"vcex-image-inner wpex-relative wpex-inline-block\"><img width=\"2000\" height=\"1008\" src=\"https:\/\/bakemark.com\/wp-content\/uploads\/2024\/08\/224_035_InFood_BakersMark3407_AboutFPO3.jpg\" class=\"vcex-image-img wpex-align-middle\" alt=\"\" loading=\"lazy\" decoding=\"async\" srcset=\"https:\/\/bakemark.com\/wp-content\/uploads\/2024\/08\/224_035_InFood_BakersMark3407_AboutFPO3.jpg 2000w, https:\/\/bakemark.com\/wp-content\/uploads\/2024\/08\/224_035_InFood_BakersMark3407_AboutFPO3-300x151.jpg 300w, https:\/\/bakemark.com\/wp-content\/uploads\/2024\/08\/224_035_InFood_BakersMark3407_AboutFPO3-1024x516.jpg 1024w, https:\/\/bakemark.com\/wp-content\/uploads\/2024\/08\/224_035_InFood_BakersMark3407_AboutFPO3-768x387.jpg 768w, https:\/\/bakemark.com\/wp-content\/uploads\/2024\/08\/224_035_InFood_BakersMark3407_AboutFPO3-1536x774.jpg 1536w\" sizes=\"auto, (max-width: 2000px) 100vw, 2000px\" \/><\/div><\/figure>[\/vc_column][\/vc_row][\/vc_section][vc_row][vc_column offset=\u00bbvc_col-md-offset-1 vc_col-md-10&#8243;][vc_column_text css=\u00bb.vc_custom_1742850824604{margin-bottom: 20px !important;}\u00bb text_align=\u00bbcenter\u00bb]\n<h2>M\u00e1s de 200 a\u00f1os al servicio de los clientes de panader\u00eda<\/h2>\n[\/vc_column_text][vc_column_text css=\u00bb\u00bb width=\u00bb775px\u00bb text_align=\u00bbcenter\u00bb]Hemos avanzado mucho desde 1892. Incluso a medida que nos expandimos tanto aqu\u00ed en Norteam\u00e9rica como internacionalmente, las relaciones con los clientes estar\u00e1n siempre en el centro de cada decisi\u00f3n que tomemos.[\/vc_column_text]<div class=\"vcex-spacing wpex-w-100 wpex-clear hidden-phone\" style=\"height:10px;\"><\/div>[\/vc_column][\/vc_row][vc_row css=\u00bb.vc_custom_1721333007761{margin-bottom: 30px !important;}\u00bb][vc_column width=\u00bb1\/4&#8243;][vc_column_text css=\u00bb.vc_custom_1721332792564{margin-bottom: 15px !important;}\u00bb text_align=\u00bbcenter\u00bb color=\u00bbpalette-86&#8243;]\n<h3>Nuestra misi\u00f3n<\/h3>\n[\/vc_column_text][vc_column_text css=\u00bb\u00bb text_align=\u00bbcenter\u00bb width=\u00bb250px\u00bb]Ofrecer a todas las partes interesadas la oportunidad de triunfar, liderando al mismo tiempo el sector en todo lo que hacemos.[\/vc_column_text][\/vc_column][vc_column width=\u00bb1\/4&#8243;][vc_column_text css=\u00bb.vc_custom_1721332862304{margin-bottom: 15px !important;}\u00bb text_align=\u00bbcenter\u00bb color=\u00bbpalette-86&#8243;]\n<h3>Nuestra visi\u00f3n<\/h3>\n[\/vc_column_text][vc_column_text css=\u00bb\u00bb text_align=\u00bbcenter\u00bb width=\u00bb260px\u00bb]<strong>BakeMark\u2122 <\/strong>El implacable creador de valor para la industria panadera y alimentaria.[\/vc_column_text][\/vc_column][vc_column width=\u00bb1\/4&#8243;][vc_column_text css=\u00bb.vc_custom_1726770826327{margin-bottom: 15px !important;}\u00bb text_align=\u00bbcenter\u00bb color=\u00bbpalette-86&#8243;]\n<h3>Valores fundamentales<\/h3>\n[\/vc_column_text][vc_column_text css=\u00bb.vc_custom_1726770727174{margin-top: 15px !important;}\u00bb text_align=\u00bbcenter\u00bb width=\u00bb242px\u00bb]Rendimiento<br \/>\nPasi\u00f3n<br \/>\nAsociaci\u00f3n<br \/>\nIniciativa[\/vc_column_text][\/vc_column][vc_column width=\u00bb1\/4&#8243;][vc_column_text css=\u00bb.vc_custom_1726769891470{margin-bottom: 15px !important;}\u00bb text_align=\u00bbcenter\u00bb color=\u00bbpalette-86&#8243;]\n<h3>Formas de trabajar<\/h3>\n[\/vc_column_text][vc_column_text css=\u00bb\u00bb text_align=\u00bbcenter\u00bb width=\u00bb260px\u00bb]Siempre estamos trabajando duro para desbloquear nuevas oportunidades, fomentar el crecimiento de los clientes, forjar v\u00ednculos duraderos y superar las expectativas.[\/vc_column_text][\/vc_column][\/vc_row][vc_row remove_bottom_col_margin=\u00bbtrue\u00bb][vc_column]<div class=\"wpex-template-shortcode\"><style type=\"text\/css\" data-type=\"vc_shortcodes-custom-css\">.vc_custom_1721241976923{padding-top: 50px !important;padding-bottom: 50px !important;background-image: url(https:\/\/bakemark.com\/wp-content\/uploads\/2024\/07\/bg-redworkers-scaled.jpg?id=148) !important;background-position: center !important;background-repeat: no-repeat !important;background-size: cover !important;}<\/style><div class=\"vc_row wpb_row vc_row-fluid vc_custom_1721241976923 vc_row-o-content-middle vc_row-flex wpex-vc-full-width-row wpex-vc-full-width-row--centered wpex-relative wpex-vc_row-has-fill wpex-vc_row-col-mb-0 wpex-vc_row-mx-0 typography-white\" style=\"min-height:400px;\"><div class=\"wpb_column vc_column_container vc_col-sm-10 vc_col-sm-offset-1\"><div class=\"vc_column-inner\"><div class=\"wpb_wrapper\">\n\t<div style=\"text-align:center;\" class=\"wpb_text_column wpb_content_element\" >\n\t\t<div class=\"wpb_wrapper\">\n\t\t\t<h2>Recursos y capacidades para ayudarte a hacer crecer tu negocio<\/h2>\n\n\t\t<\/div>\n\t<\/div>\n<div class=\"vcex-spacing wpex-w-100 wpex-clear\" style=\"height:15px;\"><\/div>\n\t<div style=\"text-align:center;width:687px;\" class=\"wpb_text_column wpex-max-w-100 wpex-mx-auto wpb_content_element\" >\n\t\t<div class=\"wpb_wrapper\">\n\t\t\t<p>M\u00e1s all\u00e1 de los mejores productos y asistencia de su clase, innovamos continuamente nuevas formas de crear valor para ti y para tu panader\u00eda mediante las \u00faltimas capacidades de <strong>fabricaci\u00f3n<\/strong>, una <strong>distribuci\u00f3n<\/strong> de confianza y una <strong>I+D y asistencia t\u00e9cnica<\/strong> innovadoras.<\/p>\n\n\t\t<\/div>\n\t<\/div>\n<div class=\"vcex-spacing wpex-w-100 wpex-clear\"><\/div><div class=\"theme-button-wrap textcenter wpex-clr\"><a href=\"https:\/\/bakemark.com\/es\/capacidades\/\" class=\"vcex-button theme-button align-center inline whitebtn\"><span class=\"vcex-button-inner theme-button-inner wpex-flex wpex-flex-wrap wpex-items-center wpex-justify-center\">Descubre m\u00e1s<\/span><\/a><\/div> <\/div><\/div><\/div><\/div>\n<\/div>[\/vc_column][\/vc_row]\n<\/div>","protected":false},"excerpt":{"rendered":"Ingredientes y fabricaci\u00f3n...Delivered\u2122. BakeMark es tu socio en el \u00e9xito: hoy, ma\u00f1ana y en el futuro. Como fabricante y distribuidor de productos de panader\u00eda con m\u00e1s de 38 sucursales repartidas por EE.UU. y Canad\u00e1 (\u00a1y creciendo!), creemos que la asociaci\u00f3n ofrece la oportunidad de ayudar a que tu negocio tenga \u00e9xito y crezca. M\u00e1s de&hellip;","protected":false},"author":5,"featured_media":0,"parent":0,"menu_order":0,"comment_status":"closed","ping_status":"closed","template":"","meta":{"_acf_changed":false,"content-type":"","footnotes":""},"class_list":["post-5290","page","type-page","status-publish","hentry","entry","no-media"],"acf":[],"yoast_head":"<!-- This site is optimized with the Yoast SEO plugin v27.4 - https:\/\/yoast.com\/product\/yoast-seo-wordpress\/ -->\n<title>Qui\u00e9nes somos | BakeMark<\/title>\n<meta name=\"description\" content=\"Como fabricante y distribuidor de productos de panader\u00eda con m\u00e1s de 33 sucursales repartidas por EE.UU. y Canad\u00e1, creemos que la asociaci\u00f3n ofrece oportunidades.\" \/>\n<meta name=\"robots\" content=\"index, follow, max-snippet:-1, max-image-preview:large, max-video-preview:-1\" \/>\n<link rel=\"canonical\" href=\"https:\/\/bakemark.com\/es\/quienes-somos\/\" \/>\n<meta property=\"og:locale\" content=\"es_ES\" \/>\n<meta property=\"og:type\" content=\"article\" \/>\n<meta property=\"og:title\" content=\"Qui\u00e9nes somos | BakeMark\" \/>\n<meta property=\"og:description\" content=\"Como fabricante y distribuidor de productos de panader\u00eda con m\u00e1s de 33 sucursales repartidas por EE.UU. y Canad\u00e1, creemos que la asociaci\u00f3n ofrece oportunidades.\" \/>\n<meta property=\"og:url\" content=\"https:\/\/bakemark.com\/es\/quienes-somos\/\" \/>\n<meta property=\"og:site_name\" content=\"BakeMark\" \/>\n<meta property=\"article:modified_time\" content=\"2025-03-24T21:13:52+00:00\" \/>\n<meta name=\"twitter:card\" content=\"summary_large_image\" \/>\n<meta name=\"twitter:label1\" content=\"Est. reading time\" \/>\n\t<meta name=\"twitter:data1\" content=\"3 minutos\" \/>\n<script type=\"application\/ld+json\" class=\"yoast-schema-graph\">{\"@context\":\"https:\\\/\\\/schema.org\",\"@graph\":[{\"@type\":\"WebPage\",\"@id\":\"https:\\\/\\\/bakemark.com\\\/es\\\/quienes-somos\\\/\",\"url\":\"https:\\\/\\\/bakemark.com\\\/es\\\/quienes-somos\\\/\",\"name\":\"Qui\u00e9nes somos | BakeMark\",\"isPartOf\":{\"@id\":\"https:\\\/\\\/bakemark.com\\\/es\\\/#website\"},\"datePublished\":\"2024-07-12T18:05:34+00:00\",\"dateModified\":\"2025-03-24T21:13:52+00:00\",\"description\":\"Como fabricante y distribuidor de productos de panader\u00eda con m\u00e1s de 33 sucursales repartidas por EE.UU. y Canad\u00e1, creemos que la asociaci\u00f3n ofrece oportunidades.\",\"breadcrumb\":{\"@id\":\"https:\\\/\\\/bakemark.com\\\/es\\\/quienes-somos\\\/#breadcrumb\"},\"inLanguage\":\"es\",\"potentialAction\":[{\"@type\":\"ReadAction\",\"target\":[\"https:\\\/\\\/bakemark.com\\\/es\\\/quienes-somos\\\/\"]}]},{\"@type\":\"BreadcrumbList\",\"@id\":\"https:\\\/\\\/bakemark.com\\\/es\\\/quienes-somos\\\/#breadcrumb\",\"itemListElement\":[{\"@type\":\"ListItem\",\"position\":1,\"name\":\"Home\",\"item\":\"https:\\\/\\\/bakemark.com\\\/es\\\/\"},{\"@type\":\"ListItem\",\"position\":2,\"name\":\"Qui\u00e9nes somos\"}]},{\"@type\":\"WebSite\",\"@id\":\"https:\\\/\\\/bakemark.com\\\/es\\\/#website\",\"url\":\"https:\\\/\\\/bakemark.com\\\/es\\\/\",\"name\":\"BakeMark\",\"description\":\"\",\"publisher\":{\"@id\":\"https:\\\/\\\/bakemark.com\\\/es\\\/#organization\"},\"potentialAction\":[{\"@type\":\"SearchAction\",\"target\":{\"@type\":\"EntryPoint\",\"urlTemplate\":\"https:\\\/\\\/bakemark.com\\\/es\\\/?s={search_term_string}\"},\"query-input\":{\"@type\":\"PropertyValueSpecification\",\"valueRequired\":true,\"valueName\":\"search_term_string\"}}],\"inLanguage\":\"es\"},{\"@type\":\"Organization\",\"@id\":\"https:\\\/\\\/bakemark.com\\\/es\\\/#organization\",\"name\":\"BakeMark\",\"url\":\"https:\\\/\\\/bakemark.com\\\/es\\\/\",\"logo\":{\"@type\":\"ImageObject\",\"inLanguage\":\"es\",\"@id\":\"https:\\\/\\\/bakemark.com\\\/es\\\/#\\\/schema\\\/logo\\\/image\\\/\",\"url\":\"https:\\\/\\\/bakemark.com\\\/wp-content\\\/uploads\\\/2024\\\/07\\\/bakemark-logo-wht.svg\",\"contentUrl\":\"https:\\\/\\\/bakemark.com\\\/wp-content\\\/uploads\\\/2024\\\/07\\\/bakemark-logo-wht.svg\",\"width\":233,\"height\":58,\"caption\":\"BakeMark\"},\"image\":{\"@id\":\"https:\\\/\\\/bakemark.com\\\/es\\\/#\\\/schema\\\/logo\\\/image\\\/\"}}]}<\/script>\n<!-- \/ Yoast SEO plugin. -->","yoast_head_json":{"title":"Qui\u00e9nes somos | BakeMark","description":"Como fabricante y distribuidor de productos de panader\u00eda con m\u00e1s de 33 sucursales repartidas por EE.UU. y Canad\u00e1, creemos que la asociaci\u00f3n ofrece oportunidades.","robots":{"index":"index","follow":"follow","max-snippet":"max-snippet:-1","max-image-preview":"max-image-preview:large","max-video-preview":"max-video-preview:-1"},"canonical":"https:\/\/bakemark.com\/es\/quienes-somos\/","og_locale":"es_ES","og_type":"article","og_title":"Qui\u00e9nes somos | BakeMark","og_description":"Como fabricante y distribuidor de productos de panader\u00eda con m\u00e1s de 33 sucursales repartidas por EE.UU. y Canad\u00e1, creemos que la asociaci\u00f3n ofrece oportunidades.","og_url":"https:\/\/bakemark.com\/es\/quienes-somos\/","og_site_name":"BakeMark","article_modified_time":"2025-03-24T21:13:52+00:00","twitter_card":"summary_large_image","twitter_misc":{"Est. reading time":"3 minutos"},"schema":{"@context":"https:\/\/schema.org","@graph":[{"@type":"WebPage","@id":"https:\/\/bakemark.com\/es\/quienes-somos\/","url":"https:\/\/bakemark.com\/es\/quienes-somos\/","name":"Qui\u00e9nes somos | BakeMark","isPartOf":{"@id":"https:\/\/bakemark.com\/es\/#website"},"datePublished":"2024-07-12T18:05:34+00:00","dateModified":"2025-03-24T21:13:52+00:00","description":"Como fabricante y distribuidor de productos de panader\u00eda con m\u00e1s de 33 sucursales repartidas por EE.UU. y Canad\u00e1, creemos que la asociaci\u00f3n ofrece oportunidades.","breadcrumb":{"@id":"https:\/\/bakemark.com\/es\/quienes-somos\/#breadcrumb"},"inLanguage":"es","potentialAction":[{"@type":"ReadAction","target":["https:\/\/bakemark.com\/es\/quienes-somos\/"]}]},{"@type":"BreadcrumbList","@id":"https:\/\/bakemark.com\/es\/quienes-somos\/#breadcrumb","itemListElement":[{"@type":"ListItem","position":1,"name":"Home","item":"https:\/\/bakemark.com\/es\/"},{"@type":"ListItem","position":2,"name":"Qui\u00e9nes somos"}]},{"@type":"WebSite","@id":"https:\/\/bakemark.com\/es\/#website","url":"https:\/\/bakemark.com\/es\/","name":"BakeMark","description":"","publisher":{"@id":"https:\/\/bakemark.com\/es\/#organization"},"potentialAction":[{"@type":"SearchAction","target":{"@type":"EntryPoint","urlTemplate":"https:\/\/bakemark.com\/es\/?s={search_term_string}"},"query-input":{"@type":"PropertyValueSpecification","valueRequired":true,"valueName":"search_term_string"}}],"inLanguage":"es"},{"@type":"Organization","@id":"https:\/\/bakemark.com\/es\/#organization","name":"BakeMark","url":"https:\/\/bakemark.com\/es\/","logo":{"@type":"ImageObject","inLanguage":"es","@id":"https:\/\/bakemark.com\/es\/#\/schema\/logo\/image\/","url":"https:\/\/bakemark.com\/wp-content\/uploads\/2024\/07\/bakemark-logo-wht.svg","contentUrl":"https:\/\/bakemark.com\/wp-content\/uploads\/2024\/07\/bakemark-logo-wht.svg","width":233,"height":58,"caption":"BakeMark"},"image":{"@id":"https:\/\/bakemark.com\/es\/#\/schema\/logo\/image\/"}}]}},"_links":{"self":[{"href":"https:\/\/bakemark.com\/es\/wp-json\/wp\/v2\/pages\/5290","targetHints":{"allow":["GET"]}}],"collection":[{"href":"https:\/\/bakemark.com\/es\/wp-json\/wp\/v2\/pages"}],"about":[{"href":"https:\/\/bakemark.com\/es\/wp-json\/wp\/v2\/types\/page"}],"author":[{"embeddable":true,"href":"https:\/\/bakemark.com\/es\/wp-json\/wp\/v2\/users\/5"}],"replies":[{"embeddable":true,"href":"https:\/\/bakemark.com\/es\/wp-json\/wp\/v2\/comments?post=5290"}],"version-history":[{"count":0,"href":"https:\/\/bakemark.com\/es\/wp-json\/wp\/v2\/pages\/5290\/revisions"}],"wp:attachment":[{"href":"https:\/\/bakemark.com\/es\/wp-json\/wp\/v2\/media?parent=5290"}],"curies":[{"name":"wp","href":"https:\/\/api.w.org\/{rel}","templated":true}]}}