{"id":5288,"date":"2024-08-06T15:16:31","date_gmt":"2024-08-06T20:16:31","guid":{"rendered":"https:\/\/bakemark.com\/solicitud-de-suscripcion-a-revistas\/"},"modified":"2025-01-30T15:23:13","modified_gmt":"2025-01-30T21:23:13","slug":"solicitud-de-suscripcion-a-revistas","status":"publish","type":"page","link":"https:\/\/bakemark.com\/es\/solicitud-de-suscripcion-a-revistas\/","title":{"rendered":"Solicitud de suscripci\u00f3n a revistas"},"content":{"rendered":"<div class=\"wpb-content-wrapper\">[vc_row][vc_column][vc_raw_html css=\u00bb\u00bb]PCEtLSBzdGFydCBkcmFnb24gZW1iZWQgLS0+PHNjcmlwdD5zZXRUaW1lb3V0KGZ1bmN0aW9uKCl7dmFyIHQ9ZG9jdW1lbnQuY3JlYXRlRWxlbWVudCgic2NyaXB0Iik7dC5zZXRBdHRyaWJ1dGUoInNyYyIsImh0dHBzOi8vbGlua3Byb3RlY3QuY3VkYXN2Yy5jb20vdXJsP2E9aHR0cHMlM2ElMmYlMmZzYW1wbGUuZHJhZ29uZm9ybXMuY29tJTJmZ2V0RW1iZWRkZWRDbGllbnRTY3JpcHQuZG8lM2ZlbWJlZGRlZHNpdGUlM2RQYW5hZGVyaWEmYz1FLDEsUkFCNFJrMFJSaUY0WHYwbVVQUGtjVFE1TXBQY1pvUjd5STZvMmYwQjA3RllpczhYRG9iVGNueHpmVUY4SmxMU1lrZVRjX1hrQzdrem13TTVBYzFfNjB4UWhoMVd6bHpxbzdNckJIRkg4VnJWRldOTCZ0eXBvPTEiKSx0LnNldEF0dHJpYnV0ZSgidHlwZSIsInRleHQvamF2YXNjcmlwdCIpLGRvY3VtZW50LmJvZHkuYXBwZW5kQ2hpbGQodCl9LDUpOzwvc2NyaXB0PjxkaXYgaWQ9ImNvbnRhaW5lci1QYW5hZGVyaWEiPjxpZnJhbWUgaWQ9IlBhbmFkZXJpYSIgc3JjPSJodHRwczovL2xpbmtwcm90ZWN0LmN1ZGFzdmMuY29tL3VybD9hPWh0dHBzJTNhJTJmJTJmc2FtcGxlLmRyYWdvbmZvcm1zLmNvbSUyZlBhbmFkZXJpYSUzZmRyYWdvbmlmcmFtZSUzZHRydWUmYW1wO2M9RSwxLHFPVGN1TllQMHIwMlVPdnpMTl9FY1dEeW5LU21jZkNlUVhZdm8tYnQ2UFFTajM5NTZuSzJtQjZpckR4X0t3YlZlY2h0cHpVWU5yUFdIMm1Ba0wwUzVFcFYxcHFIWVVkYmJyZmZVeE5VMFVub0pMQVMmYW1wO3R5cG89MSI+PC9pZnJhbWU+PC9kaXY+PCEtLSBlbmQgZHJhZ29uIGVtYmVkIC0tPg==[\/vc_raw_html][\/vc_column][\/vc_row][vc_row disable_element=\u00bbyes\u00bb remove_bottom_col_margin=\u00bbtrue\u00bb css=\u00bb.vc_custom_1724936151054{margin-top: 70px !important;margin-bottom: 20px !important;}\u00bb][vc_column offset=\u00bbvc_col-lg-offset-1 vc_col-lg-10&#8243;]<div class=\"vcex-spacing wpex-w-100 wpex-clear hidden-phone\" style=\"height:10px;\"><\/div>[vc_column_text css=\u00bb\u00bb text_align=\u00bbcenter\u00bb]\n<h1>Solicitud de suscripci\u00f3n a revistas<\/h1>\n[\/vc_column_text][\/vc_column][\/vc_row][vc_row disable_element=\u00bbyes\u00bb css=\u00bb.vc_custom_1724936157403{margin-bottom: 20px !important;}\u00bb][vc_column offset=\u00bbvc_col-lg-offset-1 vc_col-lg-10&#8243;][vc_column_text css=\u00bb\u00bb text_align=\u00bbcenter\u00bb]Para suscribirte a la revista <em>Panader\u00eda de BakeMark<\/em>, rellena el formulario que aparece a continuaci\u00f3n. Actualmente no est\u00e1n disponibles las suscripciones a la revista<br \/>\nque requieran entrega fuera de EE.UU.[\/vc_column_text][\/vc_column][\/vc_row][vc_row disable_element=\u00bbyes\u00bb remove_bottom_col_margin=\u00bbtrue\u00bb][vc_column width=\u00bb5\/6&#8243; offset=\u00bbvc_col-lg-offset-3 vc_col-lg-6 vc_col-md-offset-2 vc_col-md-8 vc_col-sm-offset-1&#8243;]<div class=\"vcex-form-shortcode vcex-module wpex-form wpex-m-auto wpex-max-w-100\"><div class=\"frm_forms  with_frm_style frm_style_formidable-style\" id=\"frm_form_2_container\" data-token=\"ff5a93b955051d9496f0594b4c57b0ad\">\n<form enctype=\"multipart\/form-data\" method=\"post\" class=\"frm-show-form  frm_pro_form \" id=\"form_magazine-subscription-request\" data-token=\"ff5a93b955051d9496f0594b4c57b0ad\">\n<div class=\"frm_form_fields \">\n<fieldset>\n<legend class=\"frm_screen_reader\">Magazine Subscription Request<\/legend>\n\n<div class=\"frm_fields_container\">\n<input type=\"hidden\" name=\"frm_action\" value=\"create\" \/>\n<input type=\"hidden\" name=\"form_id\" value=\"2\" \/>\n<input type=\"hidden\" name=\"frm_hide_fields_2\" id=\"frm_hide_fields_2\" value=\"\" \/>\n<input type=\"hidden\" name=\"form_key\" value=\"magazine-subscription-request\" \/>\n<input type=\"hidden\" name=\"item_meta[0]\" value=\"\" \/>\n<input type=\"hidden\" id=\"frm_submit_entry_2\" name=\"frm_submit_entry_2\" value=\"0a22d3cdeb\" \/><input type=\"hidden\" name=\"_wp_http_referer\" value=\"\/es\/wp-json\/wp\/v2\/pages\/5288\" \/><div id=\"frm_field_22_container\" class=\"frm_form_field form-field  frm_required_field frm_top_container\">\n\t<label for=\"field_lgbmv\" id=\"field_lgbmv_label\" class=\"frm_primary_label\">First Name\n\t\t<span class=\"frm_required\" aria-hidden=\"true\">*<\/span>\n\t<\/label>\n\t<input  type=\"text\" id=\"field_lgbmv\" name=\"item_meta[22]\" value=\"\"  data-reqmsg=\"First Name cannot be blank.\" aria-required=\"true\" data-invmsg=\"First Name is invalid\" aria-invalid=\"false\"   \/>\n\t\n\t\n<\/div>\n<div id=\"frm_field_23_container\" class=\"frm_form_field form-field  frm_required_field frm_top_container\">\n\t<label for=\"field_bmlbk\" id=\"field_bmlbk_label\" class=\"frm_primary_label\">Last Name\n\t\t<span class=\"frm_required\" aria-hidden=\"true\">*<\/span>\n\t<\/label>\n\t<input  type=\"text\" id=\"field_bmlbk\" name=\"item_meta[23]\" value=\"\"  data-reqmsg=\"Last Name cannot be blank.\" aria-required=\"true\" data-invmsg=\"Last Name is invalid\" aria-invalid=\"false\"   \/>\n\t\n\t\n<\/div>\n<div id=\"frm_field_24_container\" class=\"frm_form_field form-field  frm_required_field frm_top_container\">\n\t<label for=\"field_wedsf\" id=\"field_wedsf_label\" class=\"frm_primary_label\">Bakery Name\n\t\t<span class=\"frm_required\" aria-hidden=\"true\">*<\/span>\n\t<\/label>\n\t<input  type=\"text\" id=\"field_wedsf\" name=\"item_meta[24]\" value=\"\"  data-reqmsg=\"Bakery Name cannot be blank.\" aria-required=\"true\" data-invmsg=\"Bakery Name is invalid\" aria-invalid=\"false\"   \/>\n\t\n\t\n<\/div>\n<div id=\"frm_field_25_container\" class=\"frm_form_field form-field  frm_required_field frm_top_container\">\n\t<div  id=\"field_2sy5s_label\" class=\"frm_primary_label\">Address\n\t\t<span class=\"frm_required\" aria-hidden=\"true\">*<\/span>\n\t<\/div>\n\t<fieldset aria-labelledby=\"field_2sy5s_label\">\n<legend class=\"frm_screen_reader frm_hidden\">\n\tAddress<\/legend>\n<div class=\"frm_combo_inputs_container\">\n<div id=\"frm_field_25-line1_container\" class=\"frm_form_field form-field \">\n\t<label for=\"field_2sy5s_line1\" class=\"frm_screen_reader frm_hidden\">\n\t\tAddress\t<\/label>\n\t\t<input type=\"text\" id=\"field_2sy5s_line1\" value=\"\" name=\"item_meta[25][line1]\"  data-reqmsg=\"Address cannot be blank.\" aria-required=\"true\" data-invmsg=\"Address is invalid\" aria-invalid=\"false\"   autocomplete=\"address-line1\" \/>\n\t<\/div>\n<div id=\"frm_field_25-line2_container\" class=\"frm_form_field form-field \">\n\t<label for=\"field_2sy5s_line2\" class=\"frm_screen_reader frm_hidden\">\n\t\tAddress\t<\/label>\n\t\t<input type=\"text\" id=\"field_2sy5s_line2\" value=\"\" name=\"item_meta[25][line2]\"  data-reqmsg=\"Address cannot be blank.\" aria-required=\"true\" data-invmsg=\"Address is invalid\" class=\"frm_optional\" aria-invalid=\"false\"   autocomplete=\"address-line2\" \/>\n\t<\/div>\n<div id=\"frm_field_25-city_container\" class=\"frm_form_field form-field frm_third frm_first\">\n\t<label for=\"field_2sy5s_city\" class=\"frm_screen_reader frm_hidden\">\n\t\tCity\t<\/label>\n\t\t<input type=\"text\" id=\"field_2sy5s_city\" value=\"\" name=\"item_meta[25][city]\"  data-reqmsg=\"Address cannot be blank.\" aria-required=\"true\" data-invmsg=\"Address is invalid\" aria-invalid=\"false\"   autocomplete=\"address-level2\" \/>\n\t<div class=\"frm_description\">City<\/div><\/div>\n<div id=\"frm_field_25-state_container\" class=\"frm_form_field form-field frm_third\">\n\t<label for=\"field_2sy5s_state\" class=\"frm_screen_reader frm_hidden\">\n\t\tState\/Province\t<\/label>\n\t\t\t<select name=\"item_meta[25][state]\" id=\"field_2sy5s_state\"  data-reqmsg=\"Address cannot be blank.\" aria-required=\"true\" data-invmsg=\"Address is invalid\" aria-invalid=\"false\"   autocomplete=\"address-level1\">\n\t\t\t<option value=\"\" class=\"\">\n\t\t\t\t \t\t\t<\/option>\n\t\t\t<option  value=\"Alabama\">Alabama<\/option><option  value=\"Alaska\">Alaska<\/option><option  value=\"Arkansas\">Arkansas<\/option><option  value=\"Arizona\">Arizona<\/option><option  value=\"California\">California<\/option><option  value=\"Colorado\">Colorado<\/option><option  value=\"Connecticut\">Connecticut<\/option><option  value=\"Delaware\">Delaware<\/option><option  value=\"District of Columbia\">District of Columbia<\/option><option  value=\"Florida\">Florida<\/option><option  value=\"Georgia\">Georgia<\/option><option  value=\"Hawaii\">Hawaii<\/option><option  value=\"Idaho\">Idaho<\/option><option  value=\"Illinois\">Illinois<\/option><option  value=\"Indiana\">Indiana<\/option><option  value=\"Iowa\">Iowa<\/option><option  value=\"Kansas\">Kansas<\/option><option  value=\"Kentucky\">Kentucky<\/option><option  value=\"Louisiana\">Louisiana<\/option><option  value=\"Maine\">Maine<\/option><option  value=\"Maryland\">Maryland<\/option><option  value=\"Massachusetts\">Massachusetts<\/option><option  value=\"Michigan\">Michigan<\/option><option  value=\"Minnesota\">Minnesota<\/option><option  value=\"Mississippi\">Mississippi<\/option><option  value=\"Missouri\">Missouri<\/option><option  value=\"Montana\">Montana<\/option><option  value=\"Nebraska\">Nebraska<\/option><option  value=\"Nevada\">Nevada<\/option><option  value=\"New Hampshire\">New Hampshire<\/option><option  value=\"New Jersey\">New Jersey<\/option><option  value=\"New Mexico\">New Mexico<\/option><option  value=\"New York\">New York<\/option><option  value=\"North Carolina\">North Carolina<\/option><option  value=\"North Dakota\">North Dakota<\/option><option  value=\"Ohio\">Ohio<\/option><option  value=\"Oklahoma\">Oklahoma<\/option><option  value=\"Oregon\">Oregon<\/option><option  value=\"Pennsylvania\">Pennsylvania<\/option><option  value=\"Rhode Island\">Rhode Island<\/option><option  value=\"South Carolina\">South Carolina<\/option><option  value=\"South Dakota\">South Dakota<\/option><option  value=\"Tennessee\">Tennessee<\/option><option  value=\"Texas\">Texas<\/option><option  value=\"Utah\">Utah<\/option><option  value=\"Vermont\">Vermont<\/option><option  value=\"Virginia\">Virginia<\/option><option  value=\"Washington\">Washington<\/option><option  value=\"West Virginia\">West Virginia<\/option><option  value=\"Wisconsin\">Wisconsin<\/option><option  value=\"Wyoming\">Wyoming<\/option>\t\t<\/select>\n\t<div class=\"frm_description\">State\/Province<\/div><\/div>\n<div id=\"frm_field_25-zip_container\" class=\"frm_form_field form-field frm_third\">\n\t<label for=\"field_2sy5s_zip\" class=\"frm_screen_reader frm_hidden\">\n\t\tZip\/Postal\t<\/label>\n\t\t<input type=\"text\" id=\"field_2sy5s_zip\" value=\"\" name=\"item_meta[25][zip]\"  data-reqmsg=\"Address cannot be blank.\" aria-required=\"true\" data-invmsg=\"Address is invalid\" aria-invalid=\"false\"   autocomplete=\"postal-code\" \/>\n\t<div class=\"frm_description\">Zip\/Postal<\/div><\/div>\n<div id=\"frm_field_25-state_abbreviation_container\" class=\"frm_form_field form-field \">\n\t<label for=\"field_2sy5s_state_abbreviation\" class=\"frm_screen_reader frm_hidden\">\n\t\tAddress\t<\/label>\n\t\t<input type=\"hidden\" id=\"field_2sy5s_state_abbreviation\" value=\"\" name=\"item_meta[25][state_abbreviation]\"  data-reqmsg=\"Address cannot be blank.\" aria-required=\"true\" data-invmsg=\"Address is invalid\" class=\"frm_optional\" aria-invalid=\"false\"   \/>\n\t<\/div>\n<\/div>\n<\/fieldset>\n\n\t\n\t\n<\/div>\n<div id=\"frm_field_26_container\" class=\"frm_form_field form-field  frm_required_field frm_top_container\">\n\t<label for=\"field_mwp2c\" id=\"field_mwp2c_label\" class=\"frm_primary_label\">Email\n\t\t<span class=\"frm_required\" aria-hidden=\"true\">*<\/span>\n\t<\/label>\n\t<input type=\"email\" id=\"field_mwp2c\" name=\"item_meta[26]\" value=\"\"  autocomplete=\"email\"  data-reqmsg=\"Email cannot be blank.\" aria-required=\"true\" data-invmsg=\"Email is invalid\" aria-invalid=\"false\"  \/>\n\t\n\t\n<\/div>\n<div id=\"frm_field_21_container\" class=\"frm_form_field form-field \">\n\t<div class=\"frm_submit frm_flex\">\n<button class=\"frm_button_submit frm_final_submit\" type=\"submit\"   formnovalidate=\"formnovalidate\">Submit<\/button>\n\n\n\n<\/div>\n<\/div>\n\t<input type=\"hidden\" name=\"item_key\" value=\"\" \/>\n\t\t\t<div id=\"frm_field_45_container\">\n\t\t\t<label for=\"field_zw1vh\" >\n\t\t\t\tIf you are human, leave this field blank.\t\t\t<\/label>\n\t\t\t<input  id=\"field_zw1vh\" type=\"text\" class=\"frm_form_field form-field frm_verify\" name=\"item_meta[45]\" value=\"\"  \/>\n\t\t<\/div>\n\t\t<input name=\"frm_state\" type=\"hidden\" value=\"TaVmeM6tk4fgNUZgTQHW7BnDQd\/dvK89iB\/HZtusqRildlN0lRu7C+kiMudz4ilh\" \/><\/div>\n<\/fieldset>\n<\/div>\n\n<\/form>\n<\/div>\n<\/div>[vc_column_text italic=\u00bbtrue\u00bb css=\u00bb\u00bb font_size=\u00bb15px\u00bb]* Campos obligatorios[\/vc_column_text]<div class=\"vcex-spacing wpex-w-100 wpex-clear hidden-phone\" style=\"height:10px;\"><\/div>[\/vc_column][\/vc_row]\n<\/div>","protected":false},"excerpt":{"rendered":"<p>[vc_row][vc_column][vc_raw_html css=\u00bb\u00bb]PCEtLSBzdGFydCBkcmFnb24gZW1iZWQgLS0+PHNjcmlwdD5zZXRUaW1lb3V0KGZ1bmN0aW9uKCl7dmFyIHQ9ZG9jdW1lbnQuY3JlYXRlRWxlbWVudCgic2NyaXB0Iik7dC5zZXRBdHRyaWJ1dGUoInNyYyIsImh0dHBzOi8vbGlua3Byb3RlY3QuY3VkYXN2Yy5jb20vdXJsP2E9aHR0cHMlM2ElMmYlMmZzYW1wbGUuZHJhZ29uZm9ybXMuY29tJTJmZ2V0RW1iZWRkZWRDbGllbnRTY3JpcHQuZG8lM2ZlbWJlZGRlZHNpdGUlM2RQYW5hZGVyaWEmYz1FLDEsUkFCNFJrMFJSaUY0WHYwbVVQUGtjVFE1TXBQY1pvUjd5STZvMmYwQjA3RllpczhYRG9iVGNueHpmVUY4SmxMU1lrZVRjX1hrQzdrem13TTVBYzFfNjB4UWhoMVd6bHpxbzdNckJIRkg4VnJWRldOTCZ0eXBvPTEiKSx0LnNldEF0dHJpYnV0ZSgidHlwZSIsInRleHQvamF2YXNjcmlwdCIpLGRvY3VtZW50LmJvZHkuYXBwZW5kQ2hpbGQodCl9LDUpOzwvc2NyaXB0PjxkaXYgaWQ9ImNvbnRhaW5lci1QYW5hZGVyaWEiPjxpZnJhbWUgaWQ9IlBhbmFkZXJpYSIgc3JjPSJodHRwczovL2xpbmtwcm90ZWN0LmN1ZGFzdmMuY29tL3VybD9hPWh0dHBzJTNhJTJmJTJmc2FtcGxlLmRyYWdvbmZvcm1zLmNvbSUyZlBhbmFkZXJpYSUzZmRyYWdvbmlmcmFtZSUzZHRydWUmYW1wO2M9RSwxLHFPVGN1TllQMHIwMlVPdnpMTl9FY1dEeW5LU21jZkNlUVhZdm8tYnQ2UFFTajM5NTZuSzJtQjZpckR4X0t3YlZlY2h0cHpVWU5yUFdIMm1Ba0wwUzVFcFYxcHFIWVVkYmJyZmZVeE5VMFVub0pMQVMmYW1wO3R5cG89MSI+PC9pZnJhbWU+PC9kaXY+PCEtLSBlbmQgZHJhZ29uIGVtYmVkIC0tPg==[\/vc_raw_html][\/vc_column][\/vc_row][vc_row disable_element=\u00bbyes\u00bb remove_bottom_col_margin=\u00bbtrue\u00bb css=\u00bb.vc_custom_1724936151054{margin-top: 70px !important;margin-bottom: 20px !important;}\u00bb][vc_column offset=\u00bbvc_col-lg-offset-1 vc_col-lg-10&#8243;][vc_column_text css=\u00bb\u00bb text_align=\u00bbcenter\u00bb] Solicitud de suscripci\u00f3n a revistas [\/vc_column_text][\/vc_column][\/vc_row][vc_row disable_element=\u00bbyes\u00bb css=\u00bb.vc_custom_1724936157403{margin-bottom: 20px !important;}\u00bb][vc_column offset=\u00bbvc_col-lg-offset-1 vc_col-lg-10&#8243;][vc_column_text css=\u00bb\u00bb text_align=\u00bbcenter\u00bb]Para suscribirte a la revista Panader\u00eda de BakeMark, rellena el formulario que aparece a continuaci\u00f3n. Actualmente no est\u00e1n disponibles las suscripciones a la revista que requieran entrega fuera de&hellip;<\/p>\n","protected":false},"author":5,"featured_media":0,"parent":0,"menu_order":0,"comment_status":"closed","ping_status":"closed","template":"","meta":{"_acf_changed":false,"content-type":"","footnotes":""},"class_list":["post-5288","page","type-page","status-publish","hentry","entry","no-media"],"acf":[],"yoast_head":"<!-- This site is optimized with the Yoast SEO plugin v27.3 - https:\/\/yoast.com\/product\/yoast-seo-wordpress\/ -->\n<title>Solicitud de suscripci\u00f3n a revistas - BakeMark<\/title>\n<meta name=\"robots\" content=\"index, follow, max-snippet:-1, max-image-preview:large, max-video-preview:-1\" \/>\n<link rel=\"canonical\" href=\"https:\/\/bakemark.com\/es\/solicitud-de-suscripcion-a-revistas\/\" \/>\n<meta property=\"og:locale\" content=\"es_ES\" \/>\n<meta property=\"og:type\" content=\"article\" \/>\n<meta property=\"og:title\" content=\"Solicitud de suscripci\u00f3n a revistas - BakeMark\" \/>\n<meta property=\"og:description\" content=\"[vc_row][vc_column][vc_raw_html css=\u00bb\u00bb]PCEtLSBzdGFydCBkcmFnb24gZW1iZWQgLS0+PHNjcmlwdD5zZXRUaW1lb3V0KGZ1bmN0aW9uKCl7dmFyIHQ9ZG9jdW1lbnQuY3JlYXRlRWxlbWVudCgic2NyaXB0Iik7dC5zZXRBdHRyaWJ1dGUoInNyYyIsImh0dHBzOi8vbGlua3Byb3RlY3QuY3VkYXN2Yy5jb20vdXJsP2E9aHR0cHMlM2ElMmYlMmZzYW1wbGUuZHJhZ29uZm9ybXMuY29tJTJmZ2V0RW1iZWRkZWRDbGllbnRTY3JpcHQuZG8lM2ZlbWJlZGRlZHNpdGUlM2RQYW5hZGVyaWEmYz1FLDEsUkFCNFJrMFJSaUY0WHYwbVVQUGtjVFE1TXBQY1pvUjd5STZvMmYwQjA3RllpczhYRG9iVGNueHpmVUY4SmxMU1lrZVRjX1hrQzdrem13TTVBYzFfNjB4UWhoMVd6bHpxbzdNckJIRkg4VnJWRldOTCZ0eXBvPTEiKSx0LnNldEF0dHJpYnV0ZSgidHlwZSIsInRleHQvamF2YXNjcmlwdCIpLGRvY3VtZW50LmJvZHkuYXBwZW5kQ2hpbGQodCl9LDUpOzwvc2NyaXB0PjxkaXYgaWQ9ImNvbnRhaW5lci1QYW5hZGVyaWEiPjxpZnJhbWUgaWQ9IlBhbmFkZXJpYSIgc3JjPSJodHRwczovL2xpbmtwcm90ZWN0LmN1ZGFzdmMuY29tL3VybD9hPWh0dHBzJTNhJTJmJTJmc2FtcGxlLmRyYWdvbmZvcm1zLmNvbSUyZlBhbmFkZXJpYSUzZmRyYWdvbmlmcmFtZSUzZHRydWUmYW1wO2M9RSwxLHFPVGN1TllQMHIwMlVPdnpMTl9FY1dEeW5LU21jZkNlUVhZdm8tYnQ2UFFTajM5NTZuSzJtQjZpckR4X0t3YlZlY2h0cHpVWU5yUFdIMm1Ba0wwUzVFcFYxcHFIWVVkYmJyZmZVeE5VMFVub0pMQVMmYW1wO3R5cG89MSI+PC9pZnJhbWU+PC9kaXY+PCEtLSBlbmQgZHJhZ29uIGVtYmVkIC0tPg==[\/vc_raw_html][\/vc_column][\/vc_row][vc_row disable_element=\u00bbyes\u00bb remove_bottom_col_margin=\u00bbtrue\u00bb css=\u00bb.vc_custom_1724936151054{margin-top: 70px !important;margin-bottom: 20px !important;}\u00bb][vc_column offset=\u00bbvc_col-lg-offset-1 vc_col-lg-10&#8243;][vc_column_text css=\u00bb\u00bb text_align=\u00bbcenter\u00bb] Solicitud de suscripci\u00f3n a revistas [\/vc_column_text][\/vc_column][\/vc_row][vc_row disable_element=\u00bbyes\u00bb css=\u00bb.vc_custom_1724936157403{margin-bottom: 20px !important;}\u00bb][vc_column offset=\u00bbvc_col-lg-offset-1 vc_col-lg-10&#8243;][vc_column_text css=\u00bb\u00bb text_align=\u00bbcenter\u00bb]Para suscribirte a la revista Panader\u00eda de BakeMark, rellena el formulario que aparece a continuaci\u00f3n. Actualmente no est\u00e1n disponibles las suscripciones a la revista que requieran entrega fuera de&hellip;\" \/>\n<meta property=\"og:url\" content=\"https:\/\/bakemark.com\/es\/solicitud-de-suscripcion-a-revistas\/\" \/>\n<meta property=\"og:site_name\" content=\"BakeMark\" \/>\n<meta property=\"article:modified_time\" content=\"2025-01-30T21:23:13+00:00\" \/>\n<meta name=\"twitter:card\" content=\"summary_large_image\" \/>\n<meta name=\"twitter:label1\" content=\"Est. reading time\" \/>\n\t<meta name=\"twitter:data1\" content=\"2 minutos\" \/>\n<script type=\"application\/ld+json\" class=\"yoast-schema-graph\">{\"@context\":\"https:\\\/\\\/schema.org\",\"@graph\":[{\"@type\":\"WebPage\",\"@id\":\"https:\\\/\\\/bakemark.com\\\/es\\\/solicitud-de-suscripcion-a-revistas\\\/\",\"url\":\"https:\\\/\\\/bakemark.com\\\/es\\\/solicitud-de-suscripcion-a-revistas\\\/\",\"name\":\"Solicitud de suscripci\u00f3n a revistas - BakeMark\",\"isPartOf\":{\"@id\":\"https:\\\/\\\/bakemark.com\\\/es\\\/#website\"},\"datePublished\":\"2024-08-06T20:16:31+00:00\",\"dateModified\":\"2025-01-30T21:23:13+00:00\",\"breadcrumb\":{\"@id\":\"https:\\\/\\\/bakemark.com\\\/es\\\/solicitud-de-suscripcion-a-revistas\\\/#breadcrumb\"},\"inLanguage\":\"es\",\"potentialAction\":[{\"@type\":\"ReadAction\",\"target\":[\"https:\\\/\\\/bakemark.com\\\/es\\\/solicitud-de-suscripcion-a-revistas\\\/\"]}]},{\"@type\":\"BreadcrumbList\",\"@id\":\"https:\\\/\\\/bakemark.com\\\/es\\\/solicitud-de-suscripcion-a-revistas\\\/#breadcrumb\",\"itemListElement\":[{\"@type\":\"ListItem\",\"position\":1,\"name\":\"Home\",\"item\":\"https:\\\/\\\/bakemark.com\\\/es\\\/\"},{\"@type\":\"ListItem\",\"position\":2,\"name\":\"Solicitud de suscripci\u00f3n a revistas\"}]},{\"@type\":\"WebSite\",\"@id\":\"https:\\\/\\\/bakemark.com\\\/es\\\/#website\",\"url\":\"https:\\\/\\\/bakemark.com\\\/es\\\/\",\"name\":\"BakeMark\",\"description\":\"\",\"publisher\":{\"@id\":\"https:\\\/\\\/bakemark.com\\\/es\\\/#organization\"},\"potentialAction\":[{\"@type\":\"SearchAction\",\"target\":{\"@type\":\"EntryPoint\",\"urlTemplate\":\"https:\\\/\\\/bakemark.com\\\/es\\\/?s={search_term_string}\"},\"query-input\":{\"@type\":\"PropertyValueSpecification\",\"valueRequired\":true,\"valueName\":\"search_term_string\"}}],\"inLanguage\":\"es\"},{\"@type\":\"Organization\",\"@id\":\"https:\\\/\\\/bakemark.com\\\/es\\\/#organization\",\"name\":\"BakeMark\",\"url\":\"https:\\\/\\\/bakemark.com\\\/es\\\/\",\"logo\":{\"@type\":\"ImageObject\",\"inLanguage\":\"es\",\"@id\":\"https:\\\/\\\/bakemark.com\\\/es\\\/#\\\/schema\\\/logo\\\/image\\\/\",\"url\":\"https:\\\/\\\/bakemark.com\\\/wp-content\\\/uploads\\\/2024\\\/07\\\/bakemark-logo-wht.svg\",\"contentUrl\":\"https:\\\/\\\/bakemark.com\\\/wp-content\\\/uploads\\\/2024\\\/07\\\/bakemark-logo-wht.svg\",\"width\":233,\"height\":58,\"caption\":\"BakeMark\"},\"image\":{\"@id\":\"https:\\\/\\\/bakemark.com\\\/es\\\/#\\\/schema\\\/logo\\\/image\\\/\"}}]}<\/script>\n<!-- \/ Yoast SEO plugin. -->","yoast_head_json":{"title":"Solicitud de suscripci\u00f3n a revistas - BakeMark","robots":{"index":"index","follow":"follow","max-snippet":"max-snippet:-1","max-image-preview":"max-image-preview:large","max-video-preview":"max-video-preview:-1"},"canonical":"https:\/\/bakemark.com\/es\/solicitud-de-suscripcion-a-revistas\/","og_locale":"es_ES","og_type":"article","og_title":"Solicitud de suscripci\u00f3n a revistas - BakeMark","og_description":"[vc_row][vc_column][vc_raw_html css=\u00bb\u00bb]PCEtLSBzdGFydCBkcmFnb24gZW1iZWQgLS0+PHNjcmlwdD5zZXRUaW1lb3V0KGZ1bmN0aW9uKCl7dmFyIHQ9ZG9jdW1lbnQuY3JlYXRlRWxlbWVudCgic2NyaXB0Iik7dC5zZXRBdHRyaWJ1dGUoInNyYyIsImh0dHBzOi8vbGlua3Byb3RlY3QuY3VkYXN2Yy5jb20vdXJsP2E9aHR0cHMlM2ElMmYlMmZzYW1wbGUuZHJhZ29uZm9ybXMuY29tJTJmZ2V0RW1iZWRkZWRDbGllbnRTY3JpcHQuZG8lM2ZlbWJlZGRlZHNpdGUlM2RQYW5hZGVyaWEmYz1FLDEsUkFCNFJrMFJSaUY0WHYwbVVQUGtjVFE1TXBQY1pvUjd5STZvMmYwQjA3RllpczhYRG9iVGNueHpmVUY4SmxMU1lrZVRjX1hrQzdrem13TTVBYzFfNjB4UWhoMVd6bHpxbzdNckJIRkg4VnJWRldOTCZ0eXBvPTEiKSx0LnNldEF0dHJpYnV0ZSgidHlwZSIsInRleHQvamF2YXNjcmlwdCIpLGRvY3VtZW50LmJvZHkuYXBwZW5kQ2hpbGQodCl9LDUpOzwvc2NyaXB0PjxkaXYgaWQ9ImNvbnRhaW5lci1QYW5hZGVyaWEiPjxpZnJhbWUgaWQ9IlBhbmFkZXJpYSIgc3JjPSJodHRwczovL2xpbmtwcm90ZWN0LmN1ZGFzdmMuY29tL3VybD9hPWh0dHBzJTNhJTJmJTJmc2FtcGxlLmRyYWdvbmZvcm1zLmNvbSUyZlBhbmFkZXJpYSUzZmRyYWdvbmlmcmFtZSUzZHRydWUmYW1wO2M9RSwxLHFPVGN1TllQMHIwMlVPdnpMTl9FY1dEeW5LU21jZkNlUVhZdm8tYnQ2UFFTajM5NTZuSzJtQjZpckR4X0t3YlZlY2h0cHpVWU5yUFdIMm1Ba0wwUzVFcFYxcHFIWVVkYmJyZmZVeE5VMFVub0pMQVMmYW1wO3R5cG89MSI+PC9pZnJhbWU+PC9kaXY+PCEtLSBlbmQgZHJhZ29uIGVtYmVkIC0tPg==[\/vc_raw_html][\/vc_column][\/vc_row][vc_row disable_element=\u00bbyes\u00bb remove_bottom_col_margin=\u00bbtrue\u00bb css=\u00bb.vc_custom_1724936151054{margin-top: 70px !important;margin-bottom: 20px !important;}\u00bb][vc_column offset=\u00bbvc_col-lg-offset-1 vc_col-lg-10&#8243;][vc_column_text css=\u00bb\u00bb text_align=\u00bbcenter\u00bb] Solicitud de suscripci\u00f3n a revistas [\/vc_column_text][\/vc_column][\/vc_row][vc_row disable_element=\u00bbyes\u00bb css=\u00bb.vc_custom_1724936157403{margin-bottom: 20px !important;}\u00bb][vc_column offset=\u00bbvc_col-lg-offset-1 vc_col-lg-10&#8243;][vc_column_text css=\u00bb\u00bb text_align=\u00bbcenter\u00bb]Para suscribirte a la revista Panader\u00eda de BakeMark, rellena el formulario que aparece a continuaci\u00f3n. Actualmente no est\u00e1n disponibles las suscripciones a la revista que requieran entrega fuera de&hellip;","og_url":"https:\/\/bakemark.com\/es\/solicitud-de-suscripcion-a-revistas\/","og_site_name":"BakeMark","article_modified_time":"2025-01-30T21:23:13+00:00","twitter_card":"summary_large_image","twitter_misc":{"Est. reading time":"2 minutos"},"schema":{"@context":"https:\/\/schema.org","@graph":[{"@type":"WebPage","@id":"https:\/\/bakemark.com\/es\/solicitud-de-suscripcion-a-revistas\/","url":"https:\/\/bakemark.com\/es\/solicitud-de-suscripcion-a-revistas\/","name":"Solicitud de suscripci\u00f3n a revistas - BakeMark","isPartOf":{"@id":"https:\/\/bakemark.com\/es\/#website"},"datePublished":"2024-08-06T20:16:31+00:00","dateModified":"2025-01-30T21:23:13+00:00","breadcrumb":{"@id":"https:\/\/bakemark.com\/es\/solicitud-de-suscripcion-a-revistas\/#breadcrumb"},"inLanguage":"es","potentialAction":[{"@type":"ReadAction","target":["https:\/\/bakemark.com\/es\/solicitud-de-suscripcion-a-revistas\/"]}]},{"@type":"BreadcrumbList","@id":"https:\/\/bakemark.com\/es\/solicitud-de-suscripcion-a-revistas\/#breadcrumb","itemListElement":[{"@type":"ListItem","position":1,"name":"Home","item":"https:\/\/bakemark.com\/es\/"},{"@type":"ListItem","position":2,"name":"Solicitud de suscripci\u00f3n a revistas"}]},{"@type":"WebSite","@id":"https:\/\/bakemark.com\/es\/#website","url":"https:\/\/bakemark.com\/es\/","name":"BakeMark","description":"","publisher":{"@id":"https:\/\/bakemark.com\/es\/#organization"},"potentialAction":[{"@type":"SearchAction","target":{"@type":"EntryPoint","urlTemplate":"https:\/\/bakemark.com\/es\/?s={search_term_string}"},"query-input":{"@type":"PropertyValueSpecification","valueRequired":true,"valueName":"search_term_string"}}],"inLanguage":"es"},{"@type":"Organization","@id":"https:\/\/bakemark.com\/es\/#organization","name":"BakeMark","url":"https:\/\/bakemark.com\/es\/","logo":{"@type":"ImageObject","inLanguage":"es","@id":"https:\/\/bakemark.com\/es\/#\/schema\/logo\/image\/","url":"https:\/\/bakemark.com\/wp-content\/uploads\/2024\/07\/bakemark-logo-wht.svg","contentUrl":"https:\/\/bakemark.com\/wp-content\/uploads\/2024\/07\/bakemark-logo-wht.svg","width":233,"height":58,"caption":"BakeMark"},"image":{"@id":"https:\/\/bakemark.com\/es\/#\/schema\/logo\/image\/"}}]}},"_links":{"self":[{"href":"https:\/\/bakemark.com\/es\/wp-json\/wp\/v2\/pages\/5288","targetHints":{"allow":["GET"]}}],"collection":[{"href":"https:\/\/bakemark.com\/es\/wp-json\/wp\/v2\/pages"}],"about":[{"href":"https:\/\/bakemark.com\/es\/wp-json\/wp\/v2\/types\/page"}],"author":[{"embeddable":true,"href":"https:\/\/bakemark.com\/es\/wp-json\/wp\/v2\/users\/5"}],"replies":[{"embeddable":true,"href":"https:\/\/bakemark.com\/es\/wp-json\/wp\/v2\/comments?post=5288"}],"version-history":[{"count":0,"href":"https:\/\/bakemark.com\/es\/wp-json\/wp\/v2\/pages\/5288\/revisions"}],"wp:attachment":[{"href":"https:\/\/bakemark.com\/es\/wp-json\/wp\/v2\/media?parent=5288"}],"curies":[{"name":"wp","href":"https:\/\/api.w.org\/{rel}","templated":true}]}}