{"id":5281,"date":"2024-07-12T13:04:58","date_gmt":"2024-07-12T18:04:58","guid":{"rendered":"https:\/\/bakemark.com\/tienda-sup-r\/"},"modified":"2025-01-30T15:22:56","modified_gmt":"2025-01-30T21:22:56","slug":"tienda-sup-r","status":"publish","type":"page","link":"https:\/\/bakemark.com\/es\/tienda-sup-r\/","title":{"rendered":"Tienda Sup-R"},"content":{"rendered":"<div class=\"wpb-content-wrapper\">[vc_section css=\u00bb.vc_custom_1722379354796{margin-bottom: 70px !important;}\u00bb][vc_row full_width=\u00bbstretch_row\u00bb content_placement=\u00bbbottom\u00bb remove_bottom_col_margin=\u00bbtrue\u00bb typography_style=\u00bbwhite\u00bb css=\u00bb.vc_custom_1721321913296{padding-top: 35px !important;padding-bottom: 20px !important;background-color: #982126 !important;}\u00bb el_class=\u00bbbanner-headline\u00bb][vc_column width=\u00bb1\/2&#8243; offset=\u00bbvc_col-lg-5&#8243;][vc_column_text css=\u00bb\u00bb]\n<h1>Tienda Sup-R<\/h1>\n[\/vc_column_text][\/vc_column][\/vc_row][vc_row remove_bottom_col_margin=\u00bbtrue\u00bb css=\u00bb.vc_custom_1721319595505{margin-top: 20px !important;}\u00bb][vc_column width=\u00bb1\/2&#8243;][vc_column_text css=\u00bb.vc_custom_1722373319512{margin-bottom: 20px !important;}\u00bb]\n<h2>C\u00f3modo pedido online<\/h2>\n[\/vc_column_text][vc_column_text css=\u00bb\u00bb el_class=\u00bbbanner-subtext\u00bb]Sup-R-Shop permite a los clientes cualificados de BakeMark ver la mayor cartera de productos del sector y realizar compras en l\u00ednea de forma sencilla y \u00e1gil, liberando tiempo que pueden dedicar a crecer. Los clientes pueden acceder a las principales marcas y productos actuales, como <sup>Westco\u00ae<\/sup>, <sup>BakeSense\u00ae<\/sup>, <sup>Multifoods\u00ae<\/sup> y Trigal <sup>Dorado\u00ae<\/sup>.[\/vc_column_text]<div class=\"vcex-spacing wpex-w-100 wpex-clear\"><\/div>[vc_column_text css=\u00bb\u00bb]\n<h5 style=\"text-align: center;\"><strong>Ingredientes y fabricaci\u00f3n&#8230; Entregados.<\/strong><\/h5>\n[\/vc_column_text][\/vc_column][\/vc_row][vc_row full_width=\u00bbstretch_row_content_no_spaces\u00bb remove_bottom_col_margin=\u00bbtrue\u00bb el_class=\u00bbbanner-image\u00bb][vc_column width=\u00bb1\/2&#8243; offset=\u00bbvc_col-sm-offset-6&#8243;]<div class=\"vcex-spacing wpex-w-100 wpex-clear visible-phone\" style=\"height:30px;\"><\/div><figure class=\"vcex-image vcex-module\"><div class=\"vcex-image-inner wpex-relative wpex-inline-block\"><img width=\"2000\" height=\"1123\" src=\"https:\/\/bakemark.com\/wp-content\/uploads\/2024\/08\/224_035_InFood_BakersMark3584_SprinklesFPO.jpg\" class=\"vcex-image-img wpex-align-middle\" alt=\"\" loading=\"lazy\" decoding=\"async\" srcset=\"https:\/\/bakemark.com\/wp-content\/uploads\/2024\/08\/224_035_InFood_BakersMark3584_SprinklesFPO.jpg 2000w, https:\/\/bakemark.com\/wp-content\/uploads\/2024\/08\/224_035_InFood_BakersMark3584_SprinklesFPO-300x168.jpg 300w, https:\/\/bakemark.com\/wp-content\/uploads\/2024\/08\/224_035_InFood_BakersMark3584_SprinklesFPO-1024x575.jpg 1024w, https:\/\/bakemark.com\/wp-content\/uploads\/2024\/08\/224_035_InFood_BakersMark3584_SprinklesFPO-768x431.jpg 768w, https:\/\/bakemark.com\/wp-content\/uploads\/2024\/08\/224_035_InFood_BakersMark3584_SprinklesFPO-1536x862.jpg 1536w\" sizes=\"auto, (max-width: 2000px) 100vw, 2000px\" \/><\/div><\/figure>[\/vc_column][\/vc_row][\/vc_section][vc_row css=\u00bb.vc_custom_1722379346526{padding-bottom: 35px !important;}\u00bb][vc_column][vc_column_text css=\u00bb.vc_custom_1722372746674{margin-bottom: 25px !important;}\u00bb text_align=\u00bbcenter\u00bb]\n<h3>Si ya est\u00e1s dado de alta en el sistema, puedes empezar a comprar ahora.<\/h3>\n[\/vc_column_text]<div class=\"theme-button-wrap textcenter wpex-clr\"><a href=\"https:\/\/app.sup-r-shop.com\/login.html\" class=\"vcex-button theme-button align-center inline\" target=\"_blank\" rel=\"noopener noreferrer\"><span class=\"vcex-button-inner theme-button-inner wpex-flex wpex-flex-wrap wpex-items-center wpex-justify-center\">Inicio de sesi\u00f3n en Sup-R-Shop<\/span><\/a><\/div> [\/vc_column][\/vc_row][vc_section el_class=\u00bboverlapping-columns\u00bb][vc_row remove_bottom_col_margin=\u00bbtrue\u00bb el_class=\u00bbimage-row\u00bb][vc_column width=\u00bb1\/2&#8243;]<figure class=\"vcex-image vcex-module\"><div class=\"vcex-image-inner wpex-relative wpex-w-100\"><img width=\"962\" height=\"638\" src=\"https:\/\/bakemark.com\/wp-content\/uploads\/2024\/07\/sup.jpg\" class=\"vcex-image-img wpex-align-middle wpex-w-100\" alt=\"\" loading=\"lazy\" decoding=\"async\" srcset=\"https:\/\/bakemark.com\/wp-content\/uploads\/2024\/07\/sup.jpg 962w, https:\/\/bakemark.com\/wp-content\/uploads\/2024\/07\/sup-300x199.jpg 300w, https:\/\/bakemark.com\/wp-content\/uploads\/2024\/07\/sup-768x509.jpg 768w\" sizes=\"auto, (max-width: 962px) 100vw, 962px\" \/><\/div><\/figure>[\/vc_column][\/vc_row][vc_row full_width=\u00bbstretch_row\u00bb remove_bottom_col_margin=\u00bbtrue\u00bb typography_style=\u00bbwhite\u00bb el_class=\u00bbcontent-row\u00bb][vc_column width=\u00bb2\/3&#8243; offset=\u00bbvc_col-sm-offset-4&#8243; css=\u00bb.vc_custom_1722374710341{padding-top: 80px !important;padding-bottom: 80px !important;background-color: #982126 !important;background-position: 0 0 !important;background-repeat: repeat-x !important;}\u00bb wpex_bg_position=\u00bbleft bottom\u00bb wpex_bg_size=\u00bbauto 50px\u00bb]<div class=\"vcex-spacing wpex-w-100 wpex-clear hidden-phone\" style=\"height:20px;\"><\/div>[vc_column_text css=\u00bb.vc_custom_1722373672147{margin-bottom: 30px !important;}\u00bb]\n<h2>\u00bfTe interesa Sup-R-Shop?<\/h2>\n<p>Si actualmente no est\u00e1s dado de alta en el sistema, puedes ponerte en contacto con nosotros hoy mismo para empezar. Ind\u00edcanos la direcci\u00f3n de tu panader\u00eda, la direcci\u00f3n de correo electr\u00f3nico y el n\u00famero de cliente de BakeMark.[\/vc_column_text]<a href=\"mailto:in&#102;o&#114;&#109;&#097;&#116;i&#111;n&#064;ba&#107;ema&#114;&#107;&#046;com&#063;subj&#101;c&#116;=&#083;u&#112;&#045;&#082;&#045;S&#104;o&#112;%20&#115;&#111;&#108;&#105;ci&#116;u&#100;%20de&#032;cuen&#116;&#097;\" class=\"vcex-button theme-button inline btnoncolor\"><span class=\"vcex-button-inner theme-button-inner wpex-flex wpex-flex-wrap wpex-items-center wpex-justify-center\">Solicitar cuenta Sup-R-Shop <\/span><\/a> <div class=\"vcex-spacing wpex-w-100 wpex-clear hidden-phone\" style=\"height:20px;\"><\/div>[\/vc_column][\/vc_row][\/vc_section]\n<\/div>","protected":false},"excerpt":{"rendered":"<p>[vc_section css=\u00bb.vc_custom_1722379354796{margin-bottom: 70px !important;}\u00bb][vc_row full_width=\u00bbstretch_row\u00bb content_placement=\u00bbbottom\u00bb remove_bottom_col_margin=\u00bbtrue\u00bb typography_style=\u00bbwhite\u00bb css=\u00bb.vc_custom_1721321913296{padding-top: 35px !important;padding-bottom: 20px !important;background-color: #982126 !important;}\u00bb el_class=\u00bbbanner-headline\u00bb][vc_column width=\u00bb1\/2&#8243; offset=\u00bbvc_col-lg-5&#8243;][vc_column_text css=\u00bb\u00bb] Tienda Sup-R [\/vc_column_text][\/vc_column][\/vc_row][vc_row remove_bottom_col_margin=\u00bbtrue\u00bb css=\u00bb.vc_custom_1721319595505{margin-top: 20px !important;}\u00bb][vc_column width=\u00bb1\/2&#8243;][vc_column_text css=\u00bb.vc_custom_1722373319512{margin-bottom: 20px !important;}\u00bb] C\u00f3modo pedido online [\/vc_column_text][vc_column_text css=\u00bb\u00bb el_class=\u00bbbanner-subtext\u00bb]Sup-R-Shop permite a los clientes cualificados de BakeMark ver la mayor cartera de productos del sector y realizar compras en&hellip;<\/p>\n","protected":false},"author":5,"featured_media":0,"parent":0,"menu_order":0,"comment_status":"closed","ping_status":"closed","template":"","meta":{"_acf_changed":false,"content-type":"","footnotes":""},"class_list":["post-5281","page","type-page","status-publish","hentry","entry","no-media"],"acf":[],"yoast_head":"<!-- This site is optimized with the Yoast SEO plugin v27.3 - https:\/\/yoast.com\/product\/yoast-seo-wordpress\/ -->\n<title>Tienda Sup-R | BakeMark<\/title>\n<meta name=\"robots\" content=\"index, follow, max-snippet:-1, max-image-preview:large, max-video-preview:-1\" \/>\n<link rel=\"canonical\" href=\"https:\/\/bakemark.com\/es\/tienda-sup-r\/\" \/>\n<meta property=\"og:locale\" content=\"es_ES\" \/>\n<meta property=\"og:type\" content=\"article\" \/>\n<meta property=\"og:title\" content=\"Tienda Sup-R | BakeMark\" \/>\n<meta property=\"og:description\" content=\"[vc_section css=\u00bb.vc_custom_1722379354796{margin-bottom: 70px !important;}\u00bb][vc_row full_width=\u00bbstretch_row\u00bb content_placement=\u00bbbottom\u00bb remove_bottom_col_margin=\u00bbtrue\u00bb typography_style=\u00bbwhite\u00bb css=\u00bb.vc_custom_1721321913296{padding-top: 35px !important;padding-bottom: 20px !important;background-color: #982126 !important;}\u00bb el_class=\u00bbbanner-headline\u00bb][vc_column width=\u00bb1\/2&#8243; offset=\u00bbvc_col-lg-5&#8243;][vc_column_text css=\u00bb\u00bb] Tienda Sup-R [\/vc_column_text][\/vc_column][\/vc_row][vc_row remove_bottom_col_margin=\u00bbtrue\u00bb css=\u00bb.vc_custom_1721319595505{margin-top: 20px !important;}\u00bb][vc_column width=\u00bb1\/2&#8243;][vc_column_text css=\u00bb.vc_custom_1722373319512{margin-bottom: 20px !important;}\u00bb] C\u00f3modo pedido online [\/vc_column_text][vc_column_text css=\u00bb\u00bb el_class=\u00bbbanner-subtext\u00bb]Sup-R-Shop permite a los clientes cualificados de BakeMark ver la mayor cartera de productos del sector y realizar compras en&hellip;\" \/>\n<meta property=\"og:url\" content=\"https:\/\/bakemark.com\/es\/tienda-sup-r\/\" \/>\n<meta property=\"og:site_name\" content=\"BakeMark\" \/>\n<meta property=\"article:modified_time\" content=\"2025-01-30T21:22:56+00:00\" \/>\n<meta name=\"twitter:card\" content=\"summary_large_image\" \/>\n<meta name=\"twitter:label1\" content=\"Est. reading time\" \/>\n\t<meta name=\"twitter:data1\" content=\"2 minutos\" \/>\n<script type=\"application\/ld+json\" class=\"yoast-schema-graph\">{\"@context\":\"https:\\\/\\\/schema.org\",\"@graph\":[{\"@type\":\"WebPage\",\"@id\":\"https:\\\/\\\/bakemark.com\\\/es\\\/tienda-sup-r\\\/\",\"url\":\"https:\\\/\\\/bakemark.com\\\/es\\\/tienda-sup-r\\\/\",\"name\":\"Tienda Sup-R | BakeMark\",\"isPartOf\":{\"@id\":\"https:\\\/\\\/bakemark.com\\\/es\\\/#website\"},\"datePublished\":\"2024-07-12T18:04:58+00:00\",\"dateModified\":\"2025-01-30T21:22:56+00:00\",\"breadcrumb\":{\"@id\":\"https:\\\/\\\/bakemark.com\\\/es\\\/tienda-sup-r\\\/#breadcrumb\"},\"inLanguage\":\"es\",\"potentialAction\":[{\"@type\":\"ReadAction\",\"target\":[\"https:\\\/\\\/bakemark.com\\\/es\\\/tienda-sup-r\\\/\"]}]},{\"@type\":\"BreadcrumbList\",\"@id\":\"https:\\\/\\\/bakemark.com\\\/es\\\/tienda-sup-r\\\/#breadcrumb\",\"itemListElement\":[{\"@type\":\"ListItem\",\"position\":1,\"name\":\"Home\",\"item\":\"https:\\\/\\\/bakemark.com\\\/es\\\/\"},{\"@type\":\"ListItem\",\"position\":2,\"name\":\"Tienda Sup-R\"}]},{\"@type\":\"WebSite\",\"@id\":\"https:\\\/\\\/bakemark.com\\\/es\\\/#website\",\"url\":\"https:\\\/\\\/bakemark.com\\\/es\\\/\",\"name\":\"BakeMark\",\"description\":\"\",\"publisher\":{\"@id\":\"https:\\\/\\\/bakemark.com\\\/es\\\/#organization\"},\"potentialAction\":[{\"@type\":\"SearchAction\",\"target\":{\"@type\":\"EntryPoint\",\"urlTemplate\":\"https:\\\/\\\/bakemark.com\\\/es\\\/?s={search_term_string}\"},\"query-input\":{\"@type\":\"PropertyValueSpecification\",\"valueRequired\":true,\"valueName\":\"search_term_string\"}}],\"inLanguage\":\"es\"},{\"@type\":\"Organization\",\"@id\":\"https:\\\/\\\/bakemark.com\\\/es\\\/#organization\",\"name\":\"BakeMark\",\"url\":\"https:\\\/\\\/bakemark.com\\\/es\\\/\",\"logo\":{\"@type\":\"ImageObject\",\"inLanguage\":\"es\",\"@id\":\"https:\\\/\\\/bakemark.com\\\/es\\\/#\\\/schema\\\/logo\\\/image\\\/\",\"url\":\"https:\\\/\\\/bakemark.com\\\/wp-content\\\/uploads\\\/2024\\\/07\\\/bakemark-logo-wht.svg\",\"contentUrl\":\"https:\\\/\\\/bakemark.com\\\/wp-content\\\/uploads\\\/2024\\\/07\\\/bakemark-logo-wht.svg\",\"width\":233,\"height\":58,\"caption\":\"BakeMark\"},\"image\":{\"@id\":\"https:\\\/\\\/bakemark.com\\\/es\\\/#\\\/schema\\\/logo\\\/image\\\/\"}}]}<\/script>\n<!-- \/ Yoast SEO plugin. -->","yoast_head_json":{"title":"Tienda Sup-R | BakeMark","robots":{"index":"index","follow":"follow","max-snippet":"max-snippet:-1","max-image-preview":"max-image-preview:large","max-video-preview":"max-video-preview:-1"},"canonical":"https:\/\/bakemark.com\/es\/tienda-sup-r\/","og_locale":"es_ES","og_type":"article","og_title":"Tienda Sup-R | BakeMark","og_description":"[vc_section css=\u00bb.vc_custom_1722379354796{margin-bottom: 70px !important;}\u00bb][vc_row full_width=\u00bbstretch_row\u00bb content_placement=\u00bbbottom\u00bb remove_bottom_col_margin=\u00bbtrue\u00bb typography_style=\u00bbwhite\u00bb css=\u00bb.vc_custom_1721321913296{padding-top: 35px !important;padding-bottom: 20px !important;background-color: #982126 !important;}\u00bb el_class=\u00bbbanner-headline\u00bb][vc_column width=\u00bb1\/2&#8243; offset=\u00bbvc_col-lg-5&#8243;][vc_column_text css=\u00bb\u00bb] Tienda Sup-R [\/vc_column_text][\/vc_column][\/vc_row][vc_row remove_bottom_col_margin=\u00bbtrue\u00bb css=\u00bb.vc_custom_1721319595505{margin-top: 20px !important;}\u00bb][vc_column width=\u00bb1\/2&#8243;][vc_column_text css=\u00bb.vc_custom_1722373319512{margin-bottom: 20px !important;}\u00bb] C\u00f3modo pedido online [\/vc_column_text][vc_column_text css=\u00bb\u00bb el_class=\u00bbbanner-subtext\u00bb]Sup-R-Shop permite a los clientes cualificados de BakeMark ver la mayor cartera de productos del sector y realizar compras en&hellip;","og_url":"https:\/\/bakemark.com\/es\/tienda-sup-r\/","og_site_name":"BakeMark","article_modified_time":"2025-01-30T21:22:56+00:00","twitter_card":"summary_large_image","twitter_misc":{"Est. reading time":"2 minutos"},"schema":{"@context":"https:\/\/schema.org","@graph":[{"@type":"WebPage","@id":"https:\/\/bakemark.com\/es\/tienda-sup-r\/","url":"https:\/\/bakemark.com\/es\/tienda-sup-r\/","name":"Tienda Sup-R | BakeMark","isPartOf":{"@id":"https:\/\/bakemark.com\/es\/#website"},"datePublished":"2024-07-12T18:04:58+00:00","dateModified":"2025-01-30T21:22:56+00:00","breadcrumb":{"@id":"https:\/\/bakemark.com\/es\/tienda-sup-r\/#breadcrumb"},"inLanguage":"es","potentialAction":[{"@type":"ReadAction","target":["https:\/\/bakemark.com\/es\/tienda-sup-r\/"]}]},{"@type":"BreadcrumbList","@id":"https:\/\/bakemark.com\/es\/tienda-sup-r\/#breadcrumb","itemListElement":[{"@type":"ListItem","position":1,"name":"Home","item":"https:\/\/bakemark.com\/es\/"},{"@type":"ListItem","position":2,"name":"Tienda Sup-R"}]},{"@type":"WebSite","@id":"https:\/\/bakemark.com\/es\/#website","url":"https:\/\/bakemark.com\/es\/","name":"BakeMark","description":"","publisher":{"@id":"https:\/\/bakemark.com\/es\/#organization"},"potentialAction":[{"@type":"SearchAction","target":{"@type":"EntryPoint","urlTemplate":"https:\/\/bakemark.com\/es\/?s={search_term_string}"},"query-input":{"@type":"PropertyValueSpecification","valueRequired":true,"valueName":"search_term_string"}}],"inLanguage":"es"},{"@type":"Organization","@id":"https:\/\/bakemark.com\/es\/#organization","name":"BakeMark","url":"https:\/\/bakemark.com\/es\/","logo":{"@type":"ImageObject","inLanguage":"es","@id":"https:\/\/bakemark.com\/es\/#\/schema\/logo\/image\/","url":"https:\/\/bakemark.com\/wp-content\/uploads\/2024\/07\/bakemark-logo-wht.svg","contentUrl":"https:\/\/bakemark.com\/wp-content\/uploads\/2024\/07\/bakemark-logo-wht.svg","width":233,"height":58,"caption":"BakeMark"},"image":{"@id":"https:\/\/bakemark.com\/es\/#\/schema\/logo\/image\/"}}]}},"_links":{"self":[{"href":"https:\/\/bakemark.com\/es\/wp-json\/wp\/v2\/pages\/5281","targetHints":{"allow":["GET"]}}],"collection":[{"href":"https:\/\/bakemark.com\/es\/wp-json\/wp\/v2\/pages"}],"about":[{"href":"https:\/\/bakemark.com\/es\/wp-json\/wp\/v2\/types\/page"}],"author":[{"embeddable":true,"href":"https:\/\/bakemark.com\/es\/wp-json\/wp\/v2\/users\/5"}],"replies":[{"embeddable":true,"href":"https:\/\/bakemark.com\/es\/wp-json\/wp\/v2\/comments?post=5281"}],"version-history":[{"count":0,"href":"https:\/\/bakemark.com\/es\/wp-json\/wp\/v2\/pages\/5281\/revisions"}],"wp:attachment":[{"href":"https:\/\/bakemark.com\/es\/wp-json\/wp\/v2\/media?parent=5281"}],"curies":[{"name":"wp","href":"https:\/\/api.w.org\/{rel}","templated":true}]}}